{"id":434,"date":"2025-06-26T17:07:19","date_gmt":"2025-06-26T14:07:19","guid":{"rendered":"https:\/\/mapsly.com?page_id=434"},"modified":"2025-12-16T14:43:25","modified_gmt":"2025-12-16T11:43:25","slug":"field-routing-for-service-agents-with-check-in","status":"publish","type":"page","link":"https:\/\/mapsly.com\/vi\/field-routing-for-service-agents-with-check-in\/","title":{"rendered":"T\u00ecnh hu\u1ed1ng s\u1eed d\u1ee5ng: \u0110\u1ecbnh tuy\u1ebfn tr\u00ean hi\u1ec7n tr\u01b0\u1eddng cho c\u00e1c nh\u00e2n vi\u00ean d\u1ecbch v\u1ee5"},"content":{"rendered":"<div data-elementor-type=\"wp-page\" data-elementor-id=\"434\" class=\"elementor elementor-434\" data-elementor-post-type=\"page\">\n\t\t\t\t<div class=\"elementor-element elementor-element-4e31283 e-flex e-con-boxed e-con e-parent\" data-id=\"4e31283\" data-element_type=\"container\" data-e-type=\"container\">\n\t\t\t\t\t<div class=\"e-con-inner\">\n\t\t\t\t<div class=\"elementor-element elementor-element-67f249e elementor-widget elementor-widget-heading\" data-id=\"67f249e\" data-element_type=\"widget\" data-e-type=\"widget\" data-widget_type=\"heading.default\">\n\t\t\t\t<div class=\"elementor-widget-container\">\n\t\t\t\t\t<h1 class=\"elementor-heading-title elementor-size-default\">T\u00ecnh hu\u1ed1ng s\u1eed d\u1ee5ng: \u0110\u1ecbnh tuy\u1ebfn tr\u00ean hi\u1ec7n tr\u01b0\u1eddng cho c\u00e1c nh\u00e2n vi\u00ean d\u1ecbch v\u1ee5\n<\/h1>\t\t\t\t<\/div>\n\t\t\t\t<\/div>\n\t\t\t\t<div class=\"elementor-element elementor-element-44c7740 elementor-widget elementor-widget-heading\" data-id=\"44c7740\" data-element_type=\"widget\" data-e-type=\"widget\" data-widget_type=\"heading.default\">\n\t\t\t\t<div class=\"elementor-widget-container\">\n\t\t\t\t\t<p class=\"elementor-heading-title elementor-size-default\">Nghi\u00ean c\u1ee9u tr\u01b0\u1eddng h\u1ee3p n\u00e0y tr\u00ecnh b\u00e0y m\u1ed9t k\u1ecbch b\u1ea3n m\u00e0 trong \u0111\u00f3 m\u1ed9t nh\u00e2n vi\u00ean d\u1ecbch v\u1ee5 \u0111i\u1ec1u h\u01b0\u1edbng \u0111\u1ebfn c\u00e1c c\u00f4ng vi\u1ec7c h\u00f4m nay c\u1ee7a h\u1ecd.\n<\/p>\t\t\t\t<\/div>\n\t\t\t\t<\/div>\n\t\t\t\t\t<\/div>\n\t\t\t\t<\/div>\n\t\t<div class=\"elementor-element elementor-element-4942fd63 e-flex e-con-boxed e-con e-parent\" data-id=\"4942fd63\" data-element_type=\"container\" data-e-type=\"container\">\n\t\t\t\t\t<div class=\"e-con-inner\">\n\t\t\t\t<div class=\"elementor-element elementor-element-58dfee1 elementor-widget elementor-widget-video\" data-id=\"58dfee1\" data-element_type=\"widget\" data-e-type=\"widget\" data-settings=\"{&quot;youtube_url&quot;:&quot;https:\\\/\\\/youtu.be\\\/DSWejED2d6s&quot;,&quot;video_type&quot;:&quot;youtube&quot;,&quot;controls&quot;:&quot;yes&quot;}\" data-widget_type=\"video.default\">\n\t\t\t\t<div class=\"elementor-widget-container\">\n\t\t\t\t\t\t\t<div class=\"elementor-wrapper elementor-open-inline\">\n\t\t\t<div class=\"elementor-video\"><\/div>\t\t<\/div>\n\t\t\t\t\t\t<\/div>\n\t\t\t\t<\/div>\n\t\t\t\t<div class=\"elementor-element elementor-element-5a5590b elementor-widget elementor-widget-text-editor\" data-id=\"5a5590b\" data-element_type=\"widget\" data-e-type=\"widget\" data-widget_type=\"text-editor.default\">\n\t\t\t\t<div class=\"elementor-widget-container\">\n\t\t\t\t\t\t\t\t\t<p>\u00a0<\/p>\n\n<h2 class=\"wp-block-heading\">T\u00ednh n\u0103ng \u0111\u01b0\u1ee3c tr\u00ecnh b\u00e0y<\/h2>\n\n<p>Video demo n\u00e0y gi\u1edbi thi\u1ec7u c\u00e1c t\u00ednh n\u0103ng c\u1ee7a Mapsly d\u00e0nh cho nh\u00e2n vi\u00ean \u0111i th\u1ef1c \u0111\u1ecba (nh\u01b0 \u0111\u1ea1i di\u1ec7n b\u00e1n h\u00e0ng ho\u1eb7c \u0111\u1ed9i ng\u0169 d\u1ecbch v\u1ee5):<\/p>\n\n<ol class=\"wp-block-list\">\n<li>\u1ee8ng d\u1ee5ng di \u0111\u1ed9ng.<\/li>\n<li>L\u1edbp b\u1ea3n \u0111\u1ed3 t\u00f9y ch\u1ec9nh.<\/li>\n<li>\u0110\u1ecbnh tuy\u1ebfn t\u1ed1i \u01b0u.<\/li>\n<li>Ch\u1ebf \u0111\u1ed9 \u0111i du l\u1ecbch.<\/li>\n<li>\u0110\u0103ng k\u00fd v\u00e0o v\u00e0 ra kh\u1ecfi c\u00f4ng vi\u1ec7c.<\/li>\n<li>\u0110i\u1ec1u h\u01b0\u1edbng ch\u1ec9 v\u1edbi m\u1ed9t l\u1ea7n nh\u1ea5p chu\u1ed9t.<\/li>\n<li>T\u00edch h\u1ee3p gi\u1eefa Mapsly v\u00e0 \u1ee9ng d\u1ee5ng di \u0111\u1ed9ng CRM (trong v\u00ed d\u1ee5 n\u00e0y, \u1ee9ng d\u1ee5ng di \u0111\u1ed9ng Zoho CRM).<\/li>\n<\/ol>\n\n<h2 class=\"wp-block-heading\">H\u00e0nh \u0111\u1ed9ng c\u1ee7a ng\u01b0\u1eddi d\u00f9ng trong video (t\u1eebng b\u01b0\u1edbc)<\/h2>\n\n<p>Trong k\u1ecbch b\u1ea3n n\u00e0y, m\u1ed9t \u0111\u1ea1i l\u00fd (c\u00f3 th\u1ec3 l\u00e0 ng\u01b0\u1eddi d\u00f9ng CRM ho\u1eb7c kh\u00f4ng) \u0111\u01b0\u1ee3c ph\u00e2n c\u00f4ng. <em>c\u00f4ng vi\u1ec7c d\u1ecbch v\u1ee5<\/em>Trong Mapsly, gi\u00e1m s\u00e1t vi\u00ean c\u1ee7a \u0111\u1ea1i l\u00fd \u0111\u00e3 c\u1ea5u h\u00ecnh s\u1eb5n m\u1ed9t s\u1ed1 l\u1edbp b\u1ea3n \u0111\u1ed3 ch\u1ec9 bao g\u1ed3m c\u00e1c c\u00f4ng vi\u1ec7c \u0111\u01b0\u1ee3c giao cho \u0111\u1ea1i l\u00fd:<\/p>\n\n<ol class=\"wp-block-list\">\n<li><strong>C\u00f4ng vi\u1ec7c h\u00f4m nay <\/strong>\u0111i\u1ec3m \u0111\u00e1nh d\u1ea5u m\u00e0u \u0111\u1ecf<\/li>\n<li><strong>C\u00f4ng vi\u1ec7c c\u1ee7a ng\u00e0y mai <\/strong>(\u0111\u00e1nh d\u1ea5u m\u00e0u cam)<\/li>\n<li>v\u00e0 <strong>C\u00f4ng vi\u1ec7c kh\u00e1c <\/strong>input=(\u0111i\u1ec3m \u0111\u00e1nh d\u1ea5u m\u00e0u xanh).<\/li>\n<\/ol>\n\n<p>\u0110\u1ea1i l\u00fd \u1ea9n t\u1ea5t c\u1ea3 c\u00e1c l\u1edbp ngo\u1ea1i tr\u1eeb 'Today\u2019s jobs' v\u00e0 s\u1eed d\u1ee5ng c\u00f4ng c\u1ee5 v\u00f2ng lasso \u0111\u1ecbnh tuy\u1ebfn \u0111\u1ec3 th\u00eam t\u1ea5t c\u1ea3 c\u00e1c c\u00f4ng vi\u1ec7c h\u00f4m nay v\u00e0o b\u1ea3ng Route. Sau \u0111\u00f3, h\u1ecd x\u00e2y d\u1ef1ng m\u1ed9t tuy\u1ebfn \u0111\u01b0\u1eddng t\u1ed1i \u01b0u t\u1eeb v\u1ecb tr\u00ed m\u1eb7c \u0111\u1ecbnh c\u1ee7a h\u1ecd ('Home') \u0111\u1ebfn v\u1ecb tr\u00ed \u0111\u00e3 l\u01b0u tr\u01b0\u1edbc \u0111\u00f3 ('Office'), v\u1edbi l\u01b0u l\u01b0\u1ee3ng giao th\u00f4ng hi\u1ec7n t\u1ea1i \u0111\u01b0\u1ee3c t\u00ednh \u0111\u1ebfn, v\u00e0 chuy\u1ec3n sang 'Trip mode' \u0111\u1ec3 theo d\u00f5i tuy\u1ebfn \u0111\u01b0\u1eddng.<\/p>\n\n<p>B\u1ea3ng hi\u1ec3n th\u1ecb \u0111i\u1ec3m d\u1eebng trong ch\u1ebf \u0111\u1ed9 Trip cho th\u1ea5y l\u1ed9 tr\u00ecnh \u0111\u1ebfn \u0111i\u1ec3m d\u1eebng \u0111\u1ea7u ti\u00ean, v\u00e0 \u0111\u1ea1i l\u00fd nh\u1ea5p v\u00e0o \u201cNavigate\u201d \u0111\u1ec3 \u0111i\u1ec1u h\u01b0\u1edbng t\u1edbi v\u1ecb tr\u00ed using <strong>Waze<\/strong>. <em>Ngo\u00e0i Waze, h\u1ecd c\u0169ng c\u00f3 th\u1ec3 \u0111i\u1ec1u h\u01b0\u1edbng b\u1eb1ng Google Maps ho\u1eb7c Apple Maps.<\/em><\/p>\n\n<p>Khi \u0111\u1ea1i l\u00fd \u0111\u1ebfn v\u1ecb tr\u00ed c\u00f4ng vi\u1ec7c \u0111\u1ea7u ti\u00ean, h\u1ecd th\u1ef1c hi\u1ec7n check-in c\u00f4ng vi\u1ec7c b\u1eb1ng c\u00e1ch nh\u1ea5p v\u00e0o <strong>B\u1eaft \u0111\u1ea7u c\u00f4ng vi\u1ec7c<\/strong> n\u00fat b\u1ea5m v\u00e0 \u0111i\u1ec1n c\u00e1c ghi ch\u00fa \u0111\u01b0\u1ee3c l\u01b0u ngay l\u1eadp t\u1ee9c v\u00e0o h\u1ed3 s\u01a1 c\u00f4ng vi\u1ec7c trong CRM c\u00f9ng v\u1edbi <em>v\u1ecb tr\u00ed c\u1ee7a t\u00e1c nh\u00e2n<\/em>, <em>kho\u1ea3ng c\u00e1ch <\/em>t\u1eeb v\u1ecb tr\u00ed c\u00f4ng vi\u1ec7c v\u00e0 c\u1edd \u201cVerified: Yes\u201d x\u00e1c nh\u1eadn r\u1eb1ng \u0111\u1ea1i l\u00fd n\u1eb1m trong kho\u1ea3ng 1\/4 d\u1eb7m (ho\u1eb7c km, t\u00f9y theo \u0111\u01a1n v\u1ecb kho\u1ea3ng c\u00e1ch c\u1ee7a t\u00e0i kho\u1ea3n Mapsly c\u1ee7a b\u1ea1n) t\u1eeb v\u1ecb tr\u00ed c\u00f4ng vi\u1ec7c.<\/p>\n\n<p>Khi \u0111\u1ea1i l\u00fd ho\u00e0n th\u00e0nh c\u00f4ng vi\u1ec7c, h\u1ecd s\u1ebd k\u1ebft th\u00fac c\u00f4ng vi\u1ec7c b\u1eb1ng c\u00e1ch nh\u1ea5p v\u00e0o <strong>Ho\u00e0n th\u00e0nh c\u00f4ng vi\u1ec7c<\/strong> n\u00fat v\u00e0 \u0111i\u1ec1n v\u00e0o c\u00e1c ghi ch\u00fa, gi\u1ed1ng nh\u01b0 trong tr\u01b0\u1eddng h\u1ee3p c\u1ee7a <strong>B\u1eaft \u0111\u1ea7u c\u00f4ng vi\u1ec7c<\/strong> input=process, \u0111\u1ed3ng th\u1eddi \u0111\u01b0\u1ee3c l\u01b0u ngay v\u00e0o h\u1ed3 s\u01a1 c\u00f4ng vi\u1ec7c trong CRM c\u00f9ng v\u1edbi v\u1ecb tr\u00ed hi\u1ec7n t\u1ea1i c\u1ee7a \u0111\u1ea1i l\u00fd, kho\u1ea3ng c\u00e1ch t\u1eeb \u0111\u1ecba \u0111i\u1ec3m c\u00f4ng vi\u1ec7c, c\u1edd \u201cVerified: Yes\u201d x\u00e1c nh\u1eadn \u0111\u1ea1i l\u00fd c\u00f3 m\u1eb7t t\u1ea1i ch\u1ed7 v\u00e0 th\u1eddi l\u01b0\u1ee3ng th\u1ef1c t\u1ebf c\u1ee7a c\u00f4ng vi\u1ec7c.<\/p>\n\n<p>Sau \u0111\u00f3, \u0111\u1ea1i l\u00fd nh\u1ea5p v\u00e0o <strong>\u0110\u00e1nh d\u1ea5u \u0111\u00e3 gh\u00e9 th\u0103m<\/strong> t\u1ea1i \u0111i\u1ec3m d\u1eebng tr\u00ean l\u1ed9 tr\u00ecnh hi\u1ec7n t\u1ea1i \u0111\u1ec3 lo\u1ea1i b\u1ecf n\u00f3 kh\u1ecfi l\u1ed9 tr\u00ecnh hi\u1ec7n t\u1ea1i v\u00e0 x\u00e2y d\u1ef1ng l\u1ea1i \u0111\u01b0\u1eddng \u0111i t\u1eeb v\u1ecb tr\u00ed hi\u1ec7n t\u1ea1i \u0111\u1ebfn c\u00f4ng vi\u1ec7c ti\u1ebfp theo, \u0111i\u1ec1u n\u00e0y c\u0169ng c\u1eadp nh\u1eadt th\u1eddi gian \u0111\u1ebfn \u01b0\u1edbc t\u00ednh (ETA) cho t\u1ea5t c\u1ea3 c\u00e1c c\u00f4ng vi\u1ec7c c\u00f2n l\u1ea1i.<\/p>\n\n<p>Sau \u0111\u00f3, \u0111\u1ea1i l\u00fd nh\u1ea5p v\u00e0o <strong>M\u1edf trong Zoho CRM<\/strong> n\u00fat m\u1edf h\u1ed3 s\u01a1 c\u00f4ng vi\u1ec7c trong \u1ee9ng d\u1ee5ng di \u0111\u1ed9ng Zoho CRM. <em>Xin l\u01b0u \u00fd r\u1eb1ng t\u00ednh n\u0103ng n\u00e0y ch\u1ec9 kh\u1ea3 d\u1ee5ng khi ng\u01b0\u1eddi d\u00f9ng l\u00e0 m\u1ed9t ng\u01b0\u1eddi d\u00f9ng Zoho CRM \u0111\u00e3 \u0111\u0103ng nh\u1eadp v\u00e0o \u1ee9ng d\u1ee5ng di \u0111\u1ed9ng Zoho CRM c\u1ee7a h\u1ecd. Mapsly ho\u1ea1t \u0111\u1ed9ng theo c\u00e1ch t\u01b0\u01a1ng t\u1ef1 v\u1edbi c\u00e1c \u1ee9ng d\u1ee5ng di \u0111\u1ed9ng c\u1ee7a c\u00e1c CRM kh\u00e1c.<\/em><\/p>\n\n<p><strong>B\u1eaft \u0111\u1ea7u c\u00f4ng vi\u1ec7c<\/strong> v\u00e0 <strong>Ho\u00e0n th\u00e0nh c\u00f4ng vi\u1ec7c<\/strong> trong k\u1ecbch b\u1ea3n demo n\u00e0y, c\u00e1c quy tr\u00ecnh t\u00f9y ch\u1ec9nh \u0111\u01b0\u1ee3c x\u00e2y d\u1ef1ng v\u1edbi <a href=\"\/vi\/automation\/\">Mapsly b\u1ed9 t\u1ef1 \u0111\u1ed9ng h\u00f3a<\/a>m\u1ed7i c\u00e1i bao g\u1ed3m m\u1ed9t n\u00fat t\u00f9y ch\u1ec9nh \u0111\u01b0\u1ee3c nh\u00fang v\u00e0o menu c\u1ee7a \u0111\u1ed1i t\u01b0\u1ee3ng t\u00f9y ch\u1ec9nh waypoint c\u1ee7a Service job, m\u1ed9t m\u1eabu v\u1edbi tr\u01b0\u1eddng Ghi ch\u00fa v\u00e0 m\u1ed9t <em>C\u1eadp nh\u1eadt b\u1ea3n ghi<\/em> H\u00e0nh \u0111\u1ed9ng l\u01b0u d\u1eef li\u1ec7u v\u00e0o h\u1ed3 s\u01a1 CRM c\u1ee7a c\u00f4ng vi\u1ec7c theo th\u1eddi gian th\u1ef1c. Quy tr\u00ecnh n\u00e0y c\u00f3 th\u1ec3 \u0111\u01b0\u1ee3c \u0111i\u1ec1u ch\u1ec9nh \u0111\u1ec3 t\u1ea1o m\u1edbi c\u00e1c b\u1ea3n ghi Check-in\/Check-out, s\u1ef1 ki\u1ec7n tr\u00ean d\u00f2ng th\u1eddi gian, c\u00e1c cu\u1ed9c h\u1ecdp; g\u1eedi email ho\u1eb7c tin nh\u1eafn v\u0103n b\u1ea3n ho\u1eb7c bao g\u1ed3m b\u1ea5t k\u1ef3 chu\u1ed7i h\u00e0nh \u0111\u1ed9ng n\u00e0o kh\u00e1c c\u00f3 s\u1eb5n trong b\u1ed9 t\u1ef1 \u0111\u1ed9ng h\u00f3a.<\/p>\n\n<p>T\u00f9y ch\u1ecdn, c\u00e1c \u0111\u1ea1i l\u00fd c\u00f3 th\u1ec3 b\u1ecb ng\u0103n kh\u00f4ng cho \u0111i\u1ec3m danh v\u00e0o ho\u1eb7c ra kh\u1ecfi c\u00f4ng vi\u1ec7c n\u1ebfu h\u1ecd c\u00e1ch xa \u0111\u1ecba \u0111i\u1ec3m l\u00e0m vi\u1ec7c qu\u00e1 nhi\u1ec1u.<\/p>\n\n<p>Ngo\u00e0i ra, b\u1ea1n c\u00f3 th\u1ec3 y\u00eau c\u1ea7u k\u00edch ho\u1ea1t c\u00e1c \u0111\u1ea1i l\u00fd. <a href=\"\/vi\/check-in-check-out-with-geofencing\/\">Theo d\u00f5i v\u1ecb tr\u00ed<\/a> V\u00ec v\u1eady, ng\u01b0\u1eddi gi\u00e1m s\u00e1t c\u1ee7a \u0111\u1ed9i c\u00f3 th\u1ec3 xem v\u1ecb tr\u00ed theo th\u1eddi gian th\u1ef1c c\u1ee7a h\u1ecd tr\u00ean b\u1ea3n \u0111\u1ed3 c\u0169ng nh\u01b0 l\u1ecbch s\u1eed di chuy\u1ec3n.<\/p>\n\n<figure class=\"wp-block-pullquote\">\n<blockquote>\n<p>Nh\u00f3m tri\u1ec3n khai c\u1ee7a Mapsly s\u1ebd c\u1ea5u h\u00ecnh quy tr\u00ecnh check-in v\u00e0 check-out c\u0169ng nh\u01b0 \u0111\u00e0o t\u1ea1o \u0111\u1ed9i ng\u0169 b\u00e1n h\u00e0ng c\u1ee7a b\u1ea1n \u0111\u1ec3 b\u1ea1n c\u00f3 th\u1ec3 t\u1eadn d\u1ee5ng t\u1ed1i \u0111a Mapsly, gi\u00fap b\u1ea1n t\u1eadp trung v\u00e0o kinh doanh c\u1ee7a m\u00ecnh. <br \/><a href=\"https:\/\/calendly.com\/mapsly-meeting\/quick-demo\" target=\"_blank\" rel=\"noopener\">\u0110\u1eb7t l\u1ecbch cu\u1ed9c g\u1ecdi web h\u00f4m nay<\/a>.<\/p>\n<cite>Ho\u1eb7c h\u1ecfi ch\u00fang t\u00f4i b\u1ea5t c\u1ee9 \u0111i\u1ec1u g\u00ec trong chat, ch\u00fang t\u00f4i lu\u00f4n tr\u1ef1c tuy\u1ebfn<\/cite><\/blockquote>\n<\/figure>\n\n<h2 class=\"wp-block-heading\">T\u00ecm hi\u1ec3u th\u00eam<\/h2>\n\n<ul class=\"wp-block-list\">\n<li><a href=\"\/vi\/automation\/\">Mapsly b\u1ed9 t\u1ef1 \u0111\u1ed9ng h\u00f3a<\/a><\/li>\n<li><a href=\"\/vi\/check-in-check-out-with-geofencing\/\">Check-in v\u00e0 check-out c\u00f3 th\u1ec3 c\u1ea5u h\u00ecnh k\u00e8m x\u00e1c th\u1ef1c v\u1ecb tr\u00ed<\/a><\/li>\n<li><a href=\"\/vi\/user-location-tracking\/\">Theo d\u00f5i v\u1ecb tr\u00ed ng\u01b0\u1eddi d\u00f9ng v\u00e0 l\u1ecbch s\u1eed di chuy\u1ec3n<\/a><\/li>\n<\/ul>\n\n<div class=\"wp-block-spacer\" style=\"height: 100px;\" aria-hidden=\"true\">\u00a0<\/div>\n\t\t\t\t\t\t\t\t<\/div>\n\t\t\t\t<\/div>\n\t\t\t\t\t<\/div>\n\t\t\t\t<\/div>\n\t\t\t\t<\/div>","protected":false},"excerpt":{"rendered":"<p>Use Scenario: Field Routing for Service Agents Nghi\u00ean c\u1ee9u tr\u01b0\u1eddng h\u1ee3p n\u00e0y tr\u00ecnh b\u00e0y k\u1ecbch b\u1ea3n m\u1ed9t nh\u00e2n vi\u00ean d\u1ecbch v\u1ee5 \u0111i\u1ec1u h\u01b0\u1edbng \u0111\u1ebfn c\u00e1c c\u00f4ng vi\u1ec7c trong ng\u00e0y c\u1ee7a h\u1ecd https:\/\/youtu.be\/DSWejED2d6s\n\nC\u00e1c T\u00ednh N\u0103ng \u0110\u01b0\u1ee3c Tr\u00ecnh Di\u1ec5n\nVideo demo n\u00e0y gi\u1edbi thi\u1ec7u c\u00e1c t\u00ednh n\u0103ng c\u1ee7a Mapsly d\u00e0nh cho nh\u00e2n vi\u00ean hi\u1ec7n tr\u01b0\u1eddng (v\u00ed d\u1ee5 nh\u01b0 \u0111\u1ea1i di\u1ec7n b\u00e1n h\u00e0ng ho\u1eb7c \u0111\u1ed9i ng\u0169 d\u1ecbch v\u1ee5): \u1ee8ng d\u1ee5ng di \u0111\u1ed9ng. L\u1edbp b\u1ea3n \u0111\u1ed3 t\u00f9y ch\u1ec9nh. \u0110\u1ecbnh tuy\u1ebfn t\u1ed1i \u01b0u. Ch\u1ebf \u0111\u1ed9 chuy\u1ebfn \u0111i. Check-in v\u00e0 [&hellip;]<\/p>","protected":false},"author":1,"featured_media":0,"parent":0,"menu_order":0,"comment_status":"closed","ping_status":"closed","template":"elementor_header_footer","meta":{"_acf_changed":false,"footnotes":""},"class_list":["post-434","page","type-page","status-publish","hentry"],"acf":[],"yoast_head":"<!-- This site is optimized with the Yoast SEO plugin v26.6 - https:\/\/yoast.com\/wordpress\/plugins\/seo\/ -->\n<title>Use Scenario: Field Routing for Service Agents - Mapsly<\/title>\n<meta name=\"robots\" content=\"index, follow, max-snippet:-1, max-image-preview:large, max-video-preview:-1\" \/>\n<link rel=\"canonical\" href=\"https:\/\/mapsly.com\/vi\/field-routing-for-service-agents-with-check-in\/\" \/>\n<meta property=\"og:locale\" content=\"vi_VN\" \/>\n<meta property=\"og:type\" content=\"article\" \/>\n<meta property=\"og:title\" content=\"Use Scenario: Field Routing for Service Agents - Mapsly\" \/>\n<meta property=\"og:description\" content=\"Use Scenario: Field Routing for Service Agents This case study demonstrates a scenario in which a service agent navigates to their today\u2019s jobs https:\/\/youtu.be\/DSWejED2d6s \u00a0 Demonstrated features This demo video showcases Mapsly features for field agents (like sales reps or service teams): Mobile app. Custom map layers. Optimized routing. Trip mode. Checking in to and [&hellip;]\" \/>\n<meta property=\"og:url\" content=\"https:\/\/mapsly.com\/vi\/field-routing-for-service-agents-with-check-in\/\" \/>\n<meta property=\"og:site_name\" content=\"Mapsly\" \/>\n<meta property=\"article:modified_time\" content=\"2025-12-16T11:43:25+00:00\" \/>\n<meta name=\"twitter:card\" content=\"summary_large_image\" \/>\n<meta name=\"twitter:label1\" content=\"\u01af\u1edbc t\u00ednh th\u1eddi gian \u0111\u1ecdc\" \/>\n\t<meta name=\"twitter:data1\" content=\"3 ph\u00fat\" \/>\n<script type=\"application\/ld+json\" class=\"yoast-schema-graph\">{\"@context\":\"https:\/\/schema.org\",\"@graph\":[{\"@type\":\"WebPage\",\"@id\":\"https:\/\/mapsly.com\/field-routing-for-service-agents-with-check-in\/\",\"url\":\"https:\/\/mapsly.com\/field-routing-for-service-agents-with-check-in\/\",\"name\":\"Use Scenario: Field Routing for Service Agents - Mapsly\",\"isPartOf\":{\"@id\":\"https:\/\/mapsly.com\/#website\"},\"datePublished\":\"2025-06-26T14:07:19+00:00\",\"dateModified\":\"2025-12-16T11:43:25+00:00\",\"breadcrumb\":{\"@id\":\"https:\/\/mapsly.com\/field-routing-for-service-agents-with-check-in\/#breadcrumb\"},\"inLanguage\":\"vi\",\"potentialAction\":[{\"@type\":\"ReadAction\",\"target\":[\"https:\/\/mapsly.com\/field-routing-for-service-agents-with-check-in\/\"]}]},{\"@type\":\"BreadcrumbList\",\"@id\":\"https:\/\/mapsly.com\/field-routing-for-service-agents-with-check-in\/#breadcrumb\",\"itemListElement\":[{\"@type\":\"ListItem\",\"position\":1,\"name\":\"Home\",\"item\":\"https:\/\/mapsly.com\/\"},{\"@type\":\"ListItem\",\"position\":2,\"name\":\"Use Scenario: Field Routing for Service Agents\"}]},{\"@type\":\"WebSite\",\"@id\":\"https:\/\/mapsly.com\/#website\",\"url\":\"https:\/\/mapsly.com\/\",\"name\":\"Mapsly\",\"description\":\"The Ultimate CRM Map\",\"publisher\":{\"@id\":\"https:\/\/mapsly.com\/#organization\"},\"potentialAction\":[{\"@type\":\"SearchAction\",\"target\":{\"@type\":\"EntryPoint\",\"urlTemplate\":\"https:\/\/mapsly.com\/?s={search_term_string}\"},\"query-input\":{\"@type\":\"PropertyValueSpecification\",\"valueRequired\":true,\"valueName\":\"search_term_string\"}}],\"inLanguage\":\"vi\"},{\"@type\":\"Organization\",\"@id\":\"https:\/\/mapsly.com\/#organization\",\"name\":\"Mapsly\",\"url\":\"https:\/\/mapsly.com\/\",\"logo\":{\"@type\":\"ImageObject\",\"inLanguage\":\"vi\",\"@id\":\"https:\/\/mapsly.com\/#\/schema\/logo\/image\/\",\"url\":\"https:\/\/mapsly.com\/wp-content\/uploads\/2025\/06\/Mapsly-Logo-2x-BIG.png\",\"contentUrl\":\"https:\/\/mapsly.com\/wp-content\/uploads\/2025\/06\/Mapsly-Logo-2x-BIG.png\",\"width\":280,\"height\":85,\"caption\":\"Mapsly\"},\"image\":{\"@id\":\"https:\/\/mapsly.com\/#\/schema\/logo\/image\/\"}}]}<\/script>\n<!-- \/ Yoast SEO plugin. -->","yoast_head_json":{"title":"K\u1ecbch b\u1ea3n s\u1eed d\u1ee5ng: \u0110\u1ecbnh tuy\u1ebfn hi\u1ec7n tr\u01b0\u1eddng cho Nh\u00e2n vi\u00ean D\u1ecbch v\u1ee5 - Mapsly","robots":{"index":"index","follow":"follow","max-snippet":"max-snippet:-1","max-image-preview":"max-image-preview:large","max-video-preview":"max-video-preview:-1"},"canonical":"https:\/\/mapsly.com\/vi\/field-routing-for-service-agents-with-check-in\/","og_locale":"vi_VN","og_type":"article","og_title":"Use Scenario: Field Routing for Service Agents - Mapsly","og_description":"Use Scenario: Field Routing for Service Agents This case study demonstrates a scenario in which a service agent navigates to their today\u2019s jobs https:\/\/youtu.be\/DSWejED2d6s \u00a0 Demonstrated features This demo video showcases Mapsly features for field agents (like sales reps or service teams): Mobile app. Custom map layers. Optimized routing. Trip mode. Checking in to and [&hellip;]","og_url":"https:\/\/mapsly.com\/vi\/field-routing-for-service-agents-with-check-in\/","og_site_name":"Mapsly","article_modified_time":"2025-12-16T11:43:25+00:00","twitter_card":"summary_large_image","twitter_misc":{"\u01af\u1edbc t\u00ednh th\u1eddi gian \u0111\u1ecdc":"3 ph\u00fat"},"schema":{"@context":"https:\/\/schema.org","@graph":[{"@type":"WebPage","@id":"https:\/\/mapsly.com\/field-routing-for-service-agents-with-check-in\/","url":"https:\/\/mapsly.com\/field-routing-for-service-agents-with-check-in\/","name":"K\u1ecbch b\u1ea3n s\u1eed d\u1ee5ng: \u0110\u1ecbnh tuy\u1ebfn hi\u1ec7n tr\u01b0\u1eddng cho Nh\u00e2n vi\u00ean D\u1ecbch v\u1ee5 - Mapsly","isPartOf":{"@id":"https:\/\/mapsly.com\/#website"},"datePublished":"2025-06-26T14:07:19+00:00","dateModified":"2025-12-16T11:43:25+00:00","breadcrumb":{"@id":"https:\/\/mapsly.com\/field-routing-for-service-agents-with-check-in\/#breadcrumb"},"inLanguage":"vi","potentialAction":[{"@type":"ReadAction","target":["https:\/\/mapsly.com\/field-routing-for-service-agents-with-check-in\/"]}]},{"@type":"BreadcrumbList","@id":"https:\/\/mapsly.com\/field-routing-for-service-agents-with-check-in\/#breadcrumb","itemListElement":[{"@type":"ListItem","position":1,"name":"Home","item":"https:\/\/mapsly.com\/"},{"@type":"ListItem","position":2,"name":"Use Scenario: Field Routing for Service Agents"}]},{"@type":"WebSite","@id":"https:\/\/mapsly.com\/#website","url":"https:\/\/mapsly.com\/","name":"Mapsly","description":"B\u1ea3n \u0111\u1ed3 CRM t\u1ed1i th\u01b0\u1ee3ng","publisher":{"@id":"https:\/\/mapsly.com\/#organization"},"potentialAction":[{"@type":"SearchAction","target":{"@type":"EntryPoint","urlTemplate":"https:\/\/mapsly.com\/?s={search_term_string}"},"query-input":{"@type":"PropertyValueSpecification","valueRequired":true,"valueName":"search_term_string"}}],"inLanguage":"vi"},{"@type":"Organization","@id":"https:\/\/mapsly.com\/#organization","name":"Mapsly","url":"https:\/\/mapsly.com\/","logo":{"@type":"ImageObject","inLanguage":"vi","@id":"https:\/\/mapsly.com\/#\/schema\/logo\/image\/","url":"https:\/\/mapsly.com\/wp-content\/uploads\/2025\/06\/Mapsly-Logo-2x-BIG.png","contentUrl":"https:\/\/mapsly.com\/wp-content\/uploads\/2025\/06\/Mapsly-Logo-2x-BIG.png","width":280,"height":85,"caption":"Mapsly"},"image":{"@id":"https:\/\/mapsly.com\/#\/schema\/logo\/image\/"}}]}},"_links":{"self":[{"href":"https:\/\/mapsly.com\/vi\/wp-json\/wp\/v2\/pages\/434","targetHints":{"allow":["GET"]}}],"collection":[{"href":"https:\/\/mapsly.com\/vi\/wp-json\/wp\/v2\/pages"}],"about":[{"href":"https:\/\/mapsly.com\/vi\/wp-json\/wp\/v2\/types\/page"}],"author":[{"embeddable":true,"href":"https:\/\/mapsly.com\/vi\/wp-json\/wp\/v2\/users\/1"}],"replies":[{"embeddable":true,"href":"https:\/\/mapsly.com\/vi\/wp-json\/wp\/v2\/comments?post=434"}],"version-history":[{"count":34,"href":"https:\/\/mapsly.com\/vi\/wp-json\/wp\/v2\/pages\/434\/revisions"}],"predecessor-version":[{"id":25135,"href":"https:\/\/mapsly.com\/vi\/wp-json\/wp\/v2\/pages\/434\/revisions\/25135"}],"wp:attachment":[{"href":"https:\/\/mapsly.com\/vi\/wp-json\/wp\/v2\/media?parent=434"}],"curies":[{"name":"wp","href":"https:\/\/api.w.org\/{rel}","templated":true}]}}