{"id":432,"date":"2025-06-26T17:07:05","date_gmt":"2025-06-26T14:07:05","guid":{"rendered":"https:\/\/mapsly.com?page_id=432"},"modified":"2025-10-19T23:57:18","modified_gmt":"2025-10-19T20:57:18","slug":"usage-limits-and-add-ons","status":"publish","type":"page","link":"https:\/\/mapsly.com\/vi\/usage-limits-and-add-ons\/","title":{"rendered":"Gi\u1edbi H\u1ea1n S\u1eed D\u1ee5ng v\u00e0 Ti\u1ec7n \u00cdch B\u1ed5 Sung"},"content":{"rendered":"<div data-elementor-type=\"wp-page\" data-elementor-id=\"432\" class=\"elementor elementor-432\" data-elementor-post-type=\"page\">\n\t\t\t\t<div class=\"elementor-element elementor-element-7428fc4f e-flex e-con-boxed e-con e-parent\" data-id=\"7428fc4f\" data-element_type=\"container\" data-e-type=\"container\">\n\t\t\t\t\t<div class=\"e-con-inner\">\n\t\t\t\t<div class=\"elementor-element elementor-element-7e7bacb elementor-widget elementor-widget-text-editor\" data-id=\"7e7bacb\" data-element_type=\"widget\" data-e-type=\"widget\" data-widget_type=\"text-editor.default\">\n\t\t\t\t<div class=\"elementor-widget-container\">\n\t\t\t\t\t\t\t\t\t<p>T\u00ecm hi\u1ec3u c\u00e1ch \u0111\u0103ng k\u00fd Mapsly c\u1ee7a b\u1ea1n \u0111i\u1ec1u ch\u1ec9nh \u0111\u1ec3 ph\u00f9 h\u1ee3p v\u1edbi vi\u1ec7c s\u1eed d\u1ee5ng c\u00e1c t\u00ednh n\u0103ng kh\u00e1c nhau c\u1ee7a Mapsly.<\/p>\t\t\t\t\t\t\t\t<\/div>\n\t\t\t\t<\/div>\n\t\t\t\t<div class=\"elementor-element elementor-element-5faf514d text-ed-subpr elementor-widget elementor-widget-text-editor\" data-id=\"5faf514d\" data-element_type=\"widget\" data-e-type=\"widget\" data-widget_type=\"text-editor.default\">\n\t\t\t\t<div class=\"elementor-widget-container\">\n\t\t\t\t\t\t\t\t\t\n<p>C\u00e1c g\u00f3i gi\u00e1 c\u1ee7a Mapsly \u00e1p \u0111\u1eb7t c\u00e1c gi\u1edbi h\u1ea1n ti\u00eau chu\u1ea9n \u0111\u1ed1i v\u1edbi vi\u1ec7c s\u1eed d\u1ee5ng \u0111\u1ecbnh tuy\u1ebfn, t\u1ef1 \u0111\u1ed9ng h\u00f3a, API v\u00e0 v\u00f9ng l\u00e3nh th\u1ed5, c\u00f3 th\u1ec3 \u0111\u01b0\u1ee3c n\u00e2ng cao b\u1eb1ng c\u00e1ch n\u00e2ng c\u1ea5p l\u00ean g\u00f3i cao h\u01a1n ho\u1eb7c \u00e1p d\u1ee5ng c\u00e1c ti\u1ec7n \u00edch m\u1edf r\u1ed9ng t\u00f9y thu\u1ed9c v\u00e0o gi\u1edbi h\u1ea1n, nh\u01b0 m\u00f4 t\u1ea3 d\u01b0\u1edbi \u0111\u00e2y.<\/p>\n\n<h2 class=\"wp-block-heading\">Gi\u1edbi h\u1ea1n \u0111\u1ecbnh tuy\u1ebfn (h\u00e0ng ng\u00e0y)<\/h2>\n\n<p>T\u1ed5ng s\u1ed1 l\u01b0\u1ee3ng tuy\u1ebfn \u0111\u01b0\u1eddng t\u1ed1i \u0111a m\u00e0 t\u1ea5t c\u1ea3 ng\u01b0\u1eddi d\u00f9ng c\u1ee7a b\u1ea1n c\u00f3 th\u1ec3 t\u1ea1o trong m\u1ed9t ng\u00e0y l\u1ecbch b\u1eaft \u0111\u1ea7u l\u00fac 00:00 UTC ph\u1ee5 thu\u1ed9c v\u00e0o g\u00f3i \u0111\u0103ng k\u00fd:<\/p>\n\n<ul class=\"wp-block-list\">\n<li>b\u1eadt <strong>Essential<\/strong>100 tuy\u1ebfn \u0111\u01b0\u1eddng * s\u1ed1 ng\u01b0\u1eddi d\u00f9ng<\/li>\n\n<li>b\u1eadt <strong>Pro<\/strong>500 tuy\u1ebfn \u0111\u01b0\u1eddng * s\u1ed1 l\u01b0\u1ee3ng ng\u01b0\u1eddi d\u00f9ng<\/li>\n\n<li>b\u1eadt <strong>Enterprise<\/strong>: kh\u00f4ng gi\u1edbi h\u1ea1n.<\/li>\n<\/ul>\n\n<p>\u0110\u1ec3 t\u0103ng gi\u1edbi h\u1ea1n n\u00e0y, h\u00e3y n\u00e2ng c\u1ea5p l\u00ean g\u00f3i cao h\u01a1n.<\/p>\n\n<h2 class=\"wp-block-heading\">Gi\u1edbi h\u1ea1n Khu v\u1ef1c (T\u0129nh)<\/h2>\n\n<p>Nh\u1eefng gi\u1edbi h\u1ea1n n\u00e0y \u0111\u1eb7t gi\u00e1 tr\u1ecb t\u1ed1i \u0111a m\u00e0 c\u00e1c ch\u1ec9 s\u1ed1 \u0111\u01b0\u1ee3c ch\u1ec9 \u0111\u1ecbnh c\u00f3 th\u1ec3 c\u00f3 t\u1ea1i b\u1ea5t k\u1ef3 th\u1eddi \u0111i\u1ec3m n\u00e0o v\u00e0 \u00e1p d\u1ee5ng cho <strong>Pro <\/strong>v\u00e0 <strong>Enterprise <\/strong>k\u1ebf ho\u1ea1ch. <strong>Essential <\/strong>kh\u00f4ng bao g\u1ed3m c\u00e1c v\u00f9ng l\u00e3nh th\u1ed5).<\/p>\n\n<figure class=\"wp-block-table\">\n<table>\n<tbody>\n<tr>\n<td><strong>Ch\u1ec9 s\u1ed1<\/strong><\/td>\n<td><strong>Bao g\u1ed3m<\/strong><\/td>\n<td><strong><strong>K\u00edch th\u01b0\u1edbc t\u0103ng<\/strong><\/strong><\/td>\n<td><strong>Gi\u00e1 m\u1ed7i <strong>t\u0103ng<\/strong><\/strong><\/td>\n<\/tr>\n<tr>\n<td>L\u00e3nh th\u1ed5 ph\u00e2n c\u00f4ng*<\/td>\n<td>50<\/td>\n<td>50<\/td>\n<td>$25<\/td>\n<\/tr>\n<tr>\n<td>Ch\u1ec9 s\u1ed1 l\u00e3nh th\u1ed5 \u0111\u01b0\u1ee3c t\u00ednh to\u00e1n**<\/td>\n<td>100<\/td>\n<td>50<\/td>\n<td>$25<\/td>\n<\/tr>\n<\/tbody>\n<\/table>\n<\/figure>\n\n<p>(*) M\u1ed9t <em>khu v\u1ef1c ph\u00e2n c\u00f4ng <\/em>l\u00e0 m\u1ed9t khu v\u1ef1c \u0111\u01b0\u1ee3c t\u1ef1 \u0111\u1ed9ng ch\u1ec9 \u0111\u1ecbnh cho c\u00e1c b\u1ea3n ghi. T\u1ea5t c\u1ea3 c\u00e1c khu v\u1ef1c trong m\u1ed9t nh\u00f3m khu v\u1ef1c \u0111\u01b0\u1ee3c \u0111\u00e1nh d\u1ea5u l\u00e0 <em>G\u00e1n b\u1ea3n ghi<\/em> <em>\u0111\u1ebfn c\u00e1c khu v\u1ef1c trong nh\u00f3m n\u00e0y<\/em> l\u00e0 c\u00e1c khu v\u1ef1c ph\u00e2n c\u00f4ng v\u00e0 t\u00ednh v\u00e0o gi\u1edbi h\u1ea1n n\u00e0y. M\u1ed9t v\u00ed d\u1ee5 v\u1ec1 c\u00e1c khu v\u1ef1c kh\u00f4ng ph\u00e2n c\u00f4ng kh\u00f4ng t\u00ednh v\u00e0o gi\u1edbi h\u1ea1n n\u00e0y l\u00e0 m\u1ed9t nh\u00f3m khu v\u1ef1c \u0111\u01b0\u1ee3c x\u00e2y d\u1ef1ng t\u1eeb th\u01b0 vi\u1ec7n \u0111\u1ecba l\u00fd \u0111\u1ec3 xem c\u00e1c ch\u1ec9 s\u1ed1 nh\u00e2n kh\u1ea9u h\u1ecdc (kh\u00f4ng \u0111\u01b0\u1ee3c \u0111\u00e1nh d\u1ea5u l\u00e0 <em>G\u00e1n b\u1ea3n ghi cho c\u00e1c khu v\u1ef1c trong nh\u00f3m n\u00e0y<\/em>).<\/p>\n\n<p>(**) A <em>th\u01b0\u1edbc \u0111o l\u00e3nh th\u1ed5 \u0111\u00e3 t\u00ednh to\u00e1n<\/em> l\u00e0 m\u1ed9t ch\u1ec9 s\u1ed1 t\u00f9y ch\u1ec9nh \u0111\u01b0\u1ee3c t\u00ednh d\u1ef1a tr\u00ean d\u1eef li\u1ec7u t\u1eeb c\u00e1c b\u1ea3n ghi n\u1eb1m trong m\u1ed9t khu v\u1ef1c. V\u00ed d\u1ee5, b\u1ea1n c\u00f3 th\u1ec3 c\u00f3 m\u1ed9t ch\u1ec9 s\u1ed1 nh\u01b0 v\u1eady trong m\u1ed9t nh\u00f3m g\u1ed3m 100 khu v\u1ef1c, ho\u1eb7c 5 ch\u1ec9 s\u1ed1 trong m\u1ed9t nh\u00f3m g\u1ed3m 20, ho\u1eb7c 10 ch\u1ec9 s\u1ed1 trong m\u1ed9t nh\u00f3m g\u1ed3m 10. (C\u00e1c ch\u1ec9 s\u1ed1 nh\u00e2n kh\u1ea9u h\u1ecdc kh\u00f4ng \u0111\u01b0\u1ee3c t\u00ednh, v\u00ec v\u1eady ch\u00fang \u0111\u01b0\u1ee3c t\u00ednh v\u00e0o gi\u1edbi h\u1ea1n n\u00e0y.)<\/p>\n\n<p>Khi b\u1ea1n th\u00eam v\u00f9ng ho\u1eb7c ch\u1ec9 s\u1ed1 v\u01b0\u1ee3t qu\u00e1 gi\u1edbi h\u1ea1n, Mapsly s\u1ebd y\u00eau c\u1ea7u b\u1ea1n x\u00e1c nh\u1eadn vi\u1ec7c \u00e1p d\u1ee5ng c\u00e1c ti\u1ec7n \u00edch b\u1ed5 sung ph\u00f9 h\u1ee3p \u0111\u1ec3 \u0111\u00e1p \u1ee9ng nhu c\u1ea7u s\u1eed d\u1ee5ng th\u1ef1c t\u1ebf c\u1ee7a b\u1ea1n.<\/p>\n\n<h2 class=\"wp-block-heading\">Gi\u1edbi h\u1ea1n API v\u00e0 T\u1ef1 \u0111\u1ed9ng h\u00f3a (H\u00e0ng ng\u00e0y)<\/h2>\n\n<p>C\u00e1c gi\u1edbi h\u1ea1n n\u00e0y \u0111\u1eb7t ra s\u1ed1 l\u1ea7n g\u1ecdi (th\u1ef1c thi) t\u1ed1i \u0111a trong m\u1ed9t ng\u00e0y d\u01b0\u01a1ng l\u1ecbch b\u1eaft \u0111\u1ea7u l\u00fac 00:00 UTC v\u00e0 \u00e1p d\u1ee5ng cho <strong>Pro <\/strong>v\u00e0 <strong>Enterprise <\/strong>k\u1ebf ho\u1ea1ch. <strong>Essential <\/strong>kh\u00f4ng bao g\u1ed3m quy\u1ec1n truy c\u1eadp v\u00e0o t\u1ef1 \u0111\u1ed9ng h\u00f3a ho\u1eb7c API).<\/p>\n\n<figure class=\"wp-block-table\">\n<table>\n<tbody>\n<tr>\n<td><strong>Ch\u1ec9 s\u1ed1<\/strong><\/td>\n<td><strong>Bao g\u1ed3m<\/strong><\/td>\n<td><strong>K\u00edch th\u01b0\u1edbc t\u0103ng<\/strong><\/td>\n<td><strong>Gi\u00e1 theo t\u1eebng m\u1ee9c t\u0103ng<\/strong><\/td>\n<\/tr>\n<tr>\n<td>Quy t\u1eafc quy tr\u00ecnh l\u00e0m vi\u1ec7c<\/td>\n<td>5,000<\/td>\n<td>5,000<\/td>\n<td>$25<\/td>\n<\/tr>\n<tr>\n<td>API \u0110\u1ebfn<\/td>\n<td>5,000<\/td>\n<td>5,000<\/td>\n<td>$25<\/td>\n<\/tr>\n<tr>\n<td>Webhook \u0111i<\/td>\n<td>5,000<\/td>\n<td>5,000<\/td>\n<td>$25<\/td>\n<\/tr>\n<tr>\n<td>H\u00e0m t\u00f9y ch\u1ec9nh<\/td>\n<td>1,000<\/td>\n<td>1,000<\/td>\n<td>$25<\/td>\n<\/tr>\n<tr>\n<td>h\u00e0nh \u0111\u1ed9ng \"G\u1eedi email\"<\/td>\n<td>500<\/td>\n<td>500<\/td>\n<td>$25<\/td>\n<\/tr>\n<tr>\n<td>C\u00e1c l\u1ea7n th\u1ef1c thi h\u00e0nh \u0111\u1ed9ng \u201cMatch records\u201d s\u1eed d\u1ee5ng kho\u1ea3ng c\u00e1ch ho\u1eb7c th\u1eddi gian di chuy\u1ec3n, v\u00e0 g\u1ecdi \u0111\u1ebfn TravelingDistance\/TravelingTime (k\u1ebft h\u1ee3p)<\/td>\n<td>1,000<\/td>\n<td>1,000<\/td>\n<td>$25<\/td>\n<\/tr>\n<\/tbody>\n<\/table>\n<\/figure>\n\n<p>T\u00f9y thu\u1ed9c v\u00e0o s\u1edf th\u00edch c\u1ee7a b\u1ea1n, khi \u0111\u1ea1t \u0111\u1ebfn gi\u1edbi h\u1ea1n, Mapsly s\u1ebd th\u1ef1c hi\u1ec7n m\u1ed9t trong c\u00e1c h\u00e0nh \u0111\u1ed9ng sau:<\/p>\n\n<ul class=\"wp-block-list\">\n<li>C\u00e1c quy t\u1eafc lu\u1ed3ng c\u00f4ng vi\u1ec7c, h\u00e0nh \u0111\u1ed9ng v\u00e0 c\u00e1c cu\u1ed9c g\u1ecdi API b\u1ecb \u1ea3nh h\u01b0\u1edfng b\u1edfi gi\u1edbi h\u1ea1n \u0111\u00e3 \u0111\u1ea1t s\u1ebd th\u1ea5t b\u1ea1i cho \u0111\u1ebfn h\u1ebft ng\u00e0y hi\u1ec7n t\u1ea1i v\u00e0 s\u1ebd ti\u1ebfp t\u1ee5c khi gi\u1edbi h\u1ea1n \u0111\u01b0\u1ee3c \u0111\u1eb7t l\u1ea1i.<\/li>\n\n<li>Mapsly c\u00f3 th\u1ec3 t\u1ef1 \u0111\u1ed9ng \u00e1p d\u1ee5ng c\u00e1c ti\u1ec7n \u00edch b\u1ed5 sung ph\u00f9 h\u1ee3p s\u1ebd ngay l\u1eadp t\u1ee9c n\u00e2ng gi\u1edbi h\u1ea1n n\u00e0y \u0111\u1ec3 ng\u0103n ng\u1eeba s\u1ef1 c\u1ed1. M\u1eb7c d\u00f9 gi\u1edbi h\u1ea1n s\u1ebd \u0111\u01b0\u1ee3c n\u00e2ng ngay l\u1eadp t\u1ee9c, gi\u00e1 \u0111\u0103ng k\u00fd \u0111\u01b0\u1ee3c c\u1eadp nh\u1eadt s\u1ebd ch\u1ec9 \u0111\u01b0\u1ee3c t\u00ednh v\u00e0o ng\u00e0y thanh to\u00e1n ti\u1ebfp theo, cung c\u1ea5p cho b\u1ea1n m\u1ed9t kho\u1ea3ng th\u1eddi gian \u00e2n h\u1ea1n \u0111\u1ec3 quy\u1ebft \u0111\u1ecbnh xem b\u1ea1n c\u00f3 mu\u1ed1n gi\u1eef m\u1ee9c \u0111\u1ed9 t\u1ef1 \u0111\u1ed9ng h\u00f3a m\u1edbi hay gi\u1ea3m l\u1ea1i m\u1ee9c tr\u01b0\u1edbc \u0111\u00f3 v\u00e0 y\u00eau c\u1ea7u g\u1ee1 b\u1ecf c\u00e1c ti\u1ec7n \u00edch b\u1ed5 sung n\u00e0y.<\/li>\n<\/ul>\n\n<p>Vui l\u00f2ng l\u01b0u \u00fd r\u1eb1ng sau khi \u0111\u01b0\u1ee3c \u00e1p d\u1ee5ng, c\u00e1c ti\u1ec7n \u00edch b\u1ed5 sung s\u1ebd kh\u00f4ng t\u1ef1 \u0111\u1ed9ng b\u1ecb g\u1ee1 b\u1ecf n\u1ebfu m\u1ee9c s\u1eed d\u1ee5ng c\u1ee7a b\u1ea1n gi\u1ea3m v\u00e0 kh\u00f4ng c\u00f2n c\u1ea7n gi\u1edbi h\u1ea1n \u0111\u01b0\u1ee3c n\u00e2ng cao n\u1eefa. N\u1ebfu b\u1ea1n mu\u1ed1n g\u1ee1 b\u1ecf ti\u1ec7n \u00edch b\u1ed5 sung, vui l\u00f2ng li\u00ean h\u1ec7 v\u1edbi ch\u00fang t\u00f4i qua chat \u0111\u1ec3 y\u00eau c\u1ea7u g\u1ee1 b\u1ecf.<\/p>\n\t\t\t\t\t\t\t\t<\/div>\n\t\t\t\t<\/div>\n\t\t\t\t\t<\/div>\n\t\t\t\t<\/div>\n\t\t\t\t<\/div>","protected":false},"excerpt":{"rendered":"<p>T\u00ecm hi\u1ec3u c\u00e1ch \u0111\u0103ng k\u00fd Mapsly c\u1ee7a b\u1ea1n \u0111i\u1ec1u ch\u1ec9nh \u0111\u1ec3 \u0111\u00e1p \u1ee9ng vi\u1ec7c s\u1eed d\u1ee5ng c\u00e1c t\u00ednh n\u0103ng kh\u00e1c nhau c\u1ee7a Mapsly. C\u00e1c g\u00f3i gi\u00e1 c\u1ee7a Mapsly \u00e1p \u0111\u1eb7t c\u00e1c gi\u1edbi h\u1ea1n ti\u00eau chu\u1ea9n v\u1ec1 vi\u1ec7c s\u1eed d\u1ee5ng \u0111\u1ecbnh tuy\u1ebfn, t\u1ef1 \u0111\u1ed9ng h\u00f3a, API v\u00e0 v\u00f9ng l\u00e3nh th\u1ed5, c\u00f3 th\u1ec3 \u0111\u01b0\u1ee3c n\u00e2ng l\u00ean b\u1eb1ng c\u00e1ch n\u00e2ng c\u1ea5p l\u00ean g\u00f3i cao h\u01a1n ho\u1eb7c \u00e1p d\u1ee5ng c\u00e1c ti\u1ec7n \u00edch b\u1ed5 sung t\u00f9y theo gi\u1edbi h\u1ea1n, nh\u01b0 \u0111\u01b0\u1ee3c m\u00f4 t\u1ea3 d\u01b0\u1edbi \u0111\u00e2y. Gi\u1edbi h\u1ea1n \u0111\u1ecbnh tuy\u1ebfn (h\u00e0ng ng\u00e0y) T\u1ed5ng s\u1ed1 t\u1ed1i \u0111a [&hellip;]<\/p>","protected":false},"author":1,"featured_media":0,"parent":0,"menu_order":0,"comment_status":"closed","ping_status":"closed","template":"","meta":{"_acf_changed":false,"footnotes":""},"class_list":["post-432","page","type-page","status-publish","hentry"],"acf":[],"yoast_head":"<!-- This site is optimized with the Yoast SEO plugin v26.6 - https:\/\/yoast.com\/wordpress\/plugins\/seo\/ -->\n<title>Usage Limits and Add-ons - Mapsly<\/title>\n<meta name=\"robots\" content=\"index, follow, max-snippet:-1, max-image-preview:large, max-video-preview:-1\" \/>\n<link rel=\"canonical\" href=\"https:\/\/mapsly.com\/vi\/usage-limits-and-add-ons\/\" \/>\n<meta property=\"og:locale\" content=\"vi_VN\" \/>\n<meta property=\"og:type\" content=\"article\" \/>\n<meta property=\"og:title\" content=\"Usage Limits and Add-ons - Mapsly\" \/>\n<meta property=\"og:description\" content=\"Learn how your Mapsly subscription adjusts to accommodate your usage of various Mapsly features Mapsly pricing plans impose standard limits on usage of routing, automation, API and territories that can be raised by upgrading to a higher plan or applying add-ons depending on the limit, as described below. Routing Limits (Daily) The maximum total number [&hellip;]\" \/>\n<meta property=\"og:url\" content=\"https:\/\/mapsly.com\/vi\/usage-limits-and-add-ons\/\" \/>\n<meta property=\"og:site_name\" content=\"Mapsly\" \/>\n<meta property=\"article:modified_time\" content=\"2025-10-19T20:57:18+00:00\" \/>\n<meta name=\"twitter:card\" content=\"summary_large_image\" \/>\n<meta name=\"twitter:label1\" content=\"\u01af\u1edbc t\u00ednh th\u1eddi gian \u0111\u1ecdc\" \/>\n\t<meta name=\"twitter:data1\" content=\"3 ph\u00fat\" \/>\n<script type=\"application\/ld+json\" class=\"yoast-schema-graph\">{\"@context\":\"https:\/\/schema.org\",\"@graph\":[{\"@type\":\"WebPage\",\"@id\":\"https:\/\/mapsly.com\/zh\/usage-limits-and-add-ons\/\",\"url\":\"https:\/\/mapsly.com\/zh\/usage-limits-and-add-ons\/\",\"name\":\"Usage Limits and Add-ons - Mapsly\",\"isPartOf\":{\"@id\":\"https:\/\/mapsly.com\/#website\"},\"datePublished\":\"2025-06-26T14:07:05+00:00\",\"dateModified\":\"2025-10-19T20:57:18+00:00\",\"breadcrumb\":{\"@id\":\"https:\/\/mapsly.com\/zh\/usage-limits-and-add-ons\/#breadcrumb\"},\"inLanguage\":\"vi\",\"potentialAction\":[{\"@type\":\"ReadAction\",\"target\":[\"https:\/\/mapsly.com\/zh\/usage-limits-and-add-ons\/\"]}]},{\"@type\":\"BreadcrumbList\",\"@id\":\"https:\/\/mapsly.com\/zh\/usage-limits-and-add-ons\/#breadcrumb\",\"itemListElement\":[{\"@type\":\"ListItem\",\"position\":1,\"name\":\"Home\",\"item\":\"https:\/\/mapsly.com\/\"},{\"@type\":\"ListItem\",\"position\":2,\"name\":\"Usage Limits and Add-ons\"}]},{\"@type\":\"WebSite\",\"@id\":\"https:\/\/mapsly.com\/#website\",\"url\":\"https:\/\/mapsly.com\/\",\"name\":\"Mapsly\",\"description\":\"The Ultimate CRM Map\",\"publisher\":{\"@id\":\"https:\/\/mapsly.com\/#organization\"},\"potentialAction\":[{\"@type\":\"SearchAction\",\"target\":{\"@type\":\"EntryPoint\",\"urlTemplate\":\"https:\/\/mapsly.com\/?s={search_term_string}\"},\"query-input\":{\"@type\":\"PropertyValueSpecification\",\"valueRequired\":true,\"valueName\":\"search_term_string\"}}],\"inLanguage\":\"vi\"},{\"@type\":\"Organization\",\"@id\":\"https:\/\/mapsly.com\/#organization\",\"name\":\"Mapsly\",\"url\":\"https:\/\/mapsly.com\/\",\"logo\":{\"@type\":\"ImageObject\",\"inLanguage\":\"vi\",\"@id\":\"https:\/\/mapsly.com\/#\/schema\/logo\/image\/\",\"url\":\"https:\/\/mapsly.com\/wp-content\/uploads\/2025\/06\/Mapsly-Logo-2x-BIG.png\",\"contentUrl\":\"https:\/\/mapsly.com\/wp-content\/uploads\/2025\/06\/Mapsly-Logo-2x-BIG.png\",\"width\":280,\"height\":85,\"caption\":\"Mapsly\"},\"image\":{\"@id\":\"https:\/\/mapsly.com\/#\/schema\/logo\/image\/\"}}]}<\/script>\n<!-- \/ Yoast SEO plugin. -->","yoast_head_json":{"title":"Gi\u1edbi h\u1ea1n s\u1eed d\u1ee5ng v\u00e0 ph\u1ea7n b\u1ed5 tr\u1ee3 - Mapsly","robots":{"index":"index","follow":"follow","max-snippet":"max-snippet:-1","max-image-preview":"max-image-preview:large","max-video-preview":"max-video-preview:-1"},"canonical":"https:\/\/mapsly.com\/vi\/usage-limits-and-add-ons\/","og_locale":"vi_VN","og_type":"article","og_title":"Usage Limits and Add-ons - Mapsly","og_description":"Learn how your Mapsly subscription adjusts to accommodate your usage of various Mapsly features Mapsly pricing plans impose standard limits on usage of routing, automation, API and territories that can be raised by upgrading to a higher plan or applying add-ons depending on the limit, as described below. Routing Limits (Daily) The maximum total number [&hellip;]","og_url":"https:\/\/mapsly.com\/vi\/usage-limits-and-add-ons\/","og_site_name":"Mapsly","article_modified_time":"2025-10-19T20:57:18+00:00","twitter_card":"summary_large_image","twitter_misc":{"\u01af\u1edbc t\u00ednh th\u1eddi gian \u0111\u1ecdc":"3 ph\u00fat"},"schema":{"@context":"https:\/\/schema.org","@graph":[{"@type":"WebPage","@id":"https:\/\/mapsly.com\/zh\/usage-limits-and-add-ons\/","url":"https:\/\/mapsly.com\/zh\/usage-limits-and-add-ons\/","name":"Gi\u1edbi h\u1ea1n s\u1eed d\u1ee5ng v\u00e0 ph\u1ea7n b\u1ed5 tr\u1ee3 - Mapsly","isPartOf":{"@id":"https:\/\/mapsly.com\/#website"},"datePublished":"2025-06-26T14:07:05+00:00","dateModified":"2025-10-19T20:57:18+00:00","breadcrumb":{"@id":"https:\/\/mapsly.com\/zh\/usage-limits-and-add-ons\/#breadcrumb"},"inLanguage":"vi","potentialAction":[{"@type":"ReadAction","target":["https:\/\/mapsly.com\/zh\/usage-limits-and-add-ons\/"]}]},{"@type":"BreadcrumbList","@id":"https:\/\/mapsly.com\/zh\/usage-limits-and-add-ons\/#breadcrumb","itemListElement":[{"@type":"ListItem","position":1,"name":"Home","item":"https:\/\/mapsly.com\/"},{"@type":"ListItem","position":2,"name":"Usage Limits and Add-ons"}]},{"@type":"WebSite","@id":"https:\/\/mapsly.com\/#website","url":"https:\/\/mapsly.com\/","name":"Mapsly","description":"B\u1ea3n \u0111\u1ed3 CRM t\u1ed1i \u01b0u","publisher":{"@id":"https:\/\/mapsly.com\/#organization"},"potentialAction":[{"@type":"SearchAction","target":{"@type":"EntryPoint","urlTemplate":"https:\/\/mapsly.com\/?s={search_term_string}"},"query-input":{"@type":"PropertyValueSpecification","valueRequired":true,"valueName":"search_term_string"}}],"inLanguage":"vi"},{"@type":"Organization","@id":"https:\/\/mapsly.com\/#organization","name":"Mapsly","url":"https:\/\/mapsly.com\/","logo":{"@type":"ImageObject","inLanguage":"vi","@id":"https:\/\/mapsly.com\/#\/schema\/logo\/image\/","url":"https:\/\/mapsly.com\/wp-content\/uploads\/2025\/06\/Mapsly-Logo-2x-BIG.png","contentUrl":"https:\/\/mapsly.com\/wp-content\/uploads\/2025\/06\/Mapsly-Logo-2x-BIG.png","width":280,"height":85,"caption":"Mapsly"},"image":{"@id":"https:\/\/mapsly.com\/#\/schema\/logo\/image\/"}}]}},"_links":{"self":[{"href":"https:\/\/mapsly.com\/vi\/wp-json\/wp\/v2\/pages\/432","targetHints":{"allow":["GET"]}}],"collection":[{"href":"https:\/\/mapsly.com\/vi\/wp-json\/wp\/v2\/pages"}],"about":[{"href":"https:\/\/mapsly.com\/vi\/wp-json\/wp\/v2\/types\/page"}],"author":[{"embeddable":true,"href":"https:\/\/mapsly.com\/vi\/wp-json\/wp\/v2\/users\/1"}],"replies":[{"embeddable":true,"href":"https:\/\/mapsly.com\/vi\/wp-json\/wp\/v2\/comments?post=432"}],"version-history":[{"count":14,"href":"https:\/\/mapsly.com\/vi\/wp-json\/wp\/v2\/pages\/432\/revisions"}],"predecessor-version":[{"id":22261,"href":"https:\/\/mapsly.com\/vi\/wp-json\/wp\/v2\/pages\/432\/revisions\/22261"}],"wp:attachment":[{"href":"https:\/\/mapsly.com\/vi\/wp-json\/wp\/v2\/media?parent=432"}],"curies":[{"name":"wp","href":"https:\/\/api.w.org\/{rel}","templated":true}]}}