{"id":382,"date":"2025-06-26T16:59:24","date_gmt":"2025-06-26T13:59:24","guid":{"rendered":"https:\/\/mapsly.com?page_id=382"},"modified":"2025-12-16T14:35:50","modified_gmt":"2025-12-16T11:35:50","slug":"map-for-real-estate-agencies","status":"publish","type":"page","link":"https:\/\/mapsly.com\/vi\/map-for-real-estate-agencies\/","title":{"rendered":"B\u1ea3n \u0111\u1ed3 c\u00e1 nh\u00e2n h\u00f3a &amp; T\u1ef1 \u0111\u1ed9ng h\u00f3a d\u00e0nh cho c\u00e1c \u0111\u1ea1i l\u00fd b\u1ea5t \u0111\u1ed9ng s\u1ea3n"},"content":{"rendered":"<div data-elementor-type=\"wp-page\" data-elementor-id=\"382\" class=\"elementor elementor-382\" data-elementor-post-type=\"page\">\n\t\t\t\t\t\t<section class=\"elementor-section elementor-top-section elementor-element elementor-element-6f82c101 elementor-section-boxed elementor-section-height-default elementor-section-height-default\" data-id=\"6f82c101\" data-element_type=\"section\" data-e-type=\"section\">\n\t\t\t\t\t\t<div class=\"elementor-container elementor-column-gap-default\">\n\t\t\t\t\t<div class=\"elementor-column elementor-col-100 elementor-top-column elementor-element elementor-element-71952e8a\" data-id=\"71952e8a\" data-element_type=\"column\" data-e-type=\"column\">\n\t\t\t<div class=\"elementor-widget-wrap elementor-element-populated\">\n\t\t\t\t\t\t<div class=\"elementor-element elementor-element-faa5760 elementor-widget elementor-widget-heading\" data-id=\"faa5760\" data-element_type=\"widget\" data-e-type=\"widget\" data-widget_type=\"heading.default\">\n\t\t\t\t<div class=\"elementor-widget-container\">\n\t\t\t\t\t<h2 class=\"elementor-heading-title elementor-size-default\">B\u1ea3n \u0111\u1ed3 c\u00e1 nh\u00e2n h\u00f3a &amp; T\u1ef1 \u0111\u1ed9ng h\u00f3a cho c\u00e1c \u0110\u1ea1i l\u00fd B\u1ea5t \u0111\u1ed9ng s\u1ea3n\n<\/h2>\t\t\t\t<\/div>\n\t\t\t\t<\/div>\n\t\t\t\t<div class=\"elementor-element elementor-element-b24459b elementor-widget elementor-widget-heading\" data-id=\"b24459b\" data-element_type=\"widget\" data-e-type=\"widget\" data-widget_type=\"heading.default\">\n\t\t\t\t<div class=\"elementor-widget-container\">\n\t\t\t\t\t<p class=\"elementor-heading-title elementor-size-default\">T\u1ef1 \u0111\u1ed9ng kh\u1edbp c\u00e1c b\u1ea5t \u0111\u1ed9ng s\u1ea3n v\u1edbi kh\u00e1ch h\u00e0ng v\u00e0 cung c\u1ea5p cho h\u1ecd m\u1ed9t c\u1ed5ng th\u00f4ng tin v\u1edbi b\u1ea3n \u0111\u1ed3 c\u00e1 nh\u00e2n h\u00f3a c\u00e1c b\u1ea5t \u0111\u1ed9ng s\u1ea3n c\u1ee7a h\u1ecd\n<\/p>\t\t\t\t<\/div>\n\t\t\t\t<\/div>\n\t\t\t\t<div class=\"elementor-element elementor-element-4c79d2d5 elementor-widget elementor-widget-text-editor\" data-id=\"4c79d2d5\" data-element_type=\"widget\" data-e-type=\"widget\" data-widget_type=\"text-editor.default\">\n\t\t\t\t<div class=\"elementor-widget-container\">\n\t\t\t\t\t\t\t\t\t<p><span style=\"color: var( --e-global-color-text ); font-family: var( --e-global-typography-text-font-family ), Sans-serif; font-weight: var( --e-global-typography-text-font-weight ); letter-spacing: 0px;\">C\u00e1c \u0111\u1ea1i l\u00fd b\u1ea5t \u0111\u1ed9ng s\u1ea3n gi\u00fap kh\u00e1ch h\u00e0ng t\u00ecm t\u00e0i s\u1ea3n theo c\u00e1c th\u00f4ng s\u1ed1 c\u00f3 th\u1ec3 s\u1eed d\u1ee5ng Mapsly<\/span><\/p>\n<ul>\n<li>\u0111\u1ec3 t\u1ef1 \u0111\u1ed9ng h\u00f3a vi\u1ec7c t\u00ecm ki\u1ebfm v\u00e0 ph\u00e2n b\u1ed5 t\u00e0i s\u1ea3n cho kh\u00e1ch h\u00e0ng<\/li>\n<li>v\u00e0 cung c\u1ea5p b\u1ea3n \u0111\u1ed3 t\u01b0\u01a1ng t\u00e1c \u0111\u01b0\u1ee3c c\u00e1 nh\u00e2n h\u00f3a trong c\u1ed5ng kh\u00e1ch h\u00e0ng hi\u1ec3n th\u1ecb c\u00e1c b\u1ea5t \u0111\u1ed9ng s\u1ea3n \u0111\u01b0\u1ee3c giao cho kh\u00e1ch h\u00e0ng c\u1ee5 th\u1ec3 v\u00e0 \u0111\u01b0\u1ee3c c\u1eadp nh\u1eadt theo th\u1eddi gian th\u1ef1c khi c\u00f3 b\u1ea5t \u0111\u1ed9ng s\u1ea3n m\u1edbi \u0111\u01b0\u1ee3c giao ho\u1eb7c khi c\u00e1c ph\u00e2n c\u00f4ng hi\u1ec7n t\u1ea1i b\u1ecb lo\u1ea1i b\u1ecf.<\/li>\n<\/ul>\n<h2>T\u1ef1 \u0111\u1ed9ng gh\u00e9p thu\u1ed9c t\u00ednh v\u1edbi kh\u00e1ch h\u00e0ng<\/h2>\n<p>S\u1eed d\u1ee5ng <a href=\"https:\/\/mapsly.com\/vi\/automation\/\">B\u1ed9 c\u00f4ng c\u1ee5 t\u1ef1 \u0111\u1ed9ng h\u00f3a Mapsly<\/a> v\u00e0 c\u1ee7a n\u00f3 <a href=\"https:\/\/mapsly.com\/vi\/match-records\/\"><em>Kh\u1edbp c\u00e1c b\u1ea3n ghi<\/em> h\u00e0nh \u0111\u1ed9ng<\/a>, b\u1ea1n c\u00f3 th\u1ec3 tri\u1ec3n khai c\u00e1c quy tr\u00ecnh ho\u00e0n to\u00e0n t\u1ef1 \u0111\u1ed9ng sau \u0111\u00e2y:<\/p>\n<ul>\n<li>khi m\u1ed9t c\u00e1i m\u1edbi <strong>kh\u00e1ch h\u00e0ng <\/strong>\u0111\u01b0\u1ee3c th\u00eam v\u00e0o CRM, Mapsly c\u00f3 th\u1ec3 t\u1ef1 \u0111\u1ed9ng t\u00ecm t\u1ea5t c\u1ea3 c\u00e1c b\u1ea5t \u0111\u1ed9ng s\u1ea3n ph\u00f9 h\u1ee3p v\u1edbi s\u1edf th\u00edch c\u1ee7a kh\u00e1ch h\u00e0ng bao g\u1ed3m kho\u1ea3ng c\u00e1ch l\u00e1i xe t\u1ed1i \u0111a, g\u00e1n ch\u00fang cho kh\u00e1ch h\u00e0ng v\u00e0 g\u1eedi danh s\u00e1ch c\u00e1c b\u1ea5t \u0111\u1ed9ng s\u1ea3n m\u1edbi \u0111\u01b0\u1ee3c g\u00e1n qua email cho kh\u00e1ch h\u00e0ng v\u00e0 nh\u00e2n vi\u00ean qu\u1ea3n l\u00fd t\u00e0i kho\u1ea3n c\u1ee7a h\u1ecd.<\/li>\n<li>c\u0169ng v\u1eady, khi c\u00f3 m\u1edbi <strong>thu\u1ed9c t\u00ednh <\/strong>\u0111\u01b0\u1ee3c th\u00eam v\u00e0o CRM, Mapsly c\u00f3 th\u1ec3 t\u1ef1 \u0111\u1ed9ng t\u00ecm t\u1ea5t c\u1ea3 kh\u00e1ch h\u00e0ng c\u00f3 s\u1edf th\u00edch ph\u00f9 h\u1ee3p v\u1edbi t\u00e0i s\u1ea3n, g\u00e1n cho h\u1ecd v\u00e0 th\u00f4ng b\u00e1o cho h\u1ecd v\u1ec1 \u0111i\u1ec1u \u0111\u00f3.<\/li>\n<\/ul>\n<p><span style=\"color: #222d39; font-family: inherit; font-size: 2rem; font-weight: bold; letter-spacing: 0px;\">B\u1ea3n \u0111\u1ed3 t\u01b0\u01a1ng t\u00e1c \u0111\u01b0\u1ee3c c\u00e1 nh\u00e2n h\u00f3a<\/span><\/p>\n<p>S\u1eed d\u1ee5ng Mapsly <a href=\"\/vi\/shared-interactive-maps\/\">b\u1ea3n \u0111\u1ed3 \u0111\u01b0\u1ee3c chia s\u1ebb<\/a> V\u1edbi c\u00e1c tham s\u1ed1 URL, b\u1ea1n c\u00f3 th\u1ec3 t\u1ea1o b\u1ea3n \u0111\u1ed3 t\u01b0\u01a1ng t\u00e1c c\u00e1 nh\u00e2n h\u00f3a v\u1edbi n\u1ed9i dung \u0111\u01b0\u1ee3c \u0111i\u1ec1u ch\u1ec9nh ri\u00eang bi\u1ec7t cho t\u1eebng kh\u00e1ch h\u00e0ng c\u1ee7a b\u1ea1n. Sau \u0111\u00f3, b\u1ea1n c\u00f3 th\u1ec3 nh\u00fang b\u1ea3n \u0111\u1ed3 \u0111\u00f3 v\u00e0o c\u1ed5ng th\u00f4ng tin kh\u00e1ch h\u00e0ng, \u1ee9ng d\u1ee5ng web ho\u1eb7c di \u0111\u1ed9ng, ho\u1eb7c g\u1eedi email cho h\u1ecd d\u01b0\u1edbi d\u1ea1ng li\u00ean k\u1ebft.<\/p>\n<p>N\u1ebfu b\u1ea1n ch\u01b0a c\u00f3 c\u1ed5ng kh\u00e1ch h\u00e0ng, b\u1ea1n c\u00f3 th\u1ec3 thi\u1ebft l\u1eadp n\u00f3 trong 10 ph\u00fat b\u1eb1ng c\u00e1ch s\u1eed d\u1ee5ng <a href=\"https:\/\/www.zoho.com\/creator\/online-customer-portal\/\">C\u1ed5ng Zoho Creator<\/a> v\u1edbi ch\u1ec9 v\u00e0i d\u00f2ng m\u00e3 \u0111\u01b0\u1ee3c cung c\u1ea5p trong h\u01b0\u1edbng d\u1eabn c\u1ee7a ch\u00fang t\u00f4i, ho\u1eb7c gi\u1ea3i ph\u00e1p c\u1ed5ng kh\u00e1ch h\u00e0ng t\u01b0\u01a1ng t\u1ef1.<\/p>\n<p>B\u1ea1n c\u0169ng c\u00f3 th\u1ec3 th\u00eam c\u00e1c n\u00fat v\u00e0 bi\u1ec3u m\u1eabu v\u00e0o c\u00e1c \u0111\u1ed1i t\u01b0\u1ee3ng tr\u00ean b\u1ea3n \u0111\u1ed3 c\u1ee7a m\u00ecnh \u0111\u1ec3 kh\u00e1ch h\u00e0ng c\u00f3 th\u1ec3 y\u00eau c\u1ea7u xem m\u1ed9t b\u1ea5t \u0111\u1ed9ng s\u1ea3n v\u00e0 th\u1ef1c hi\u1ec7n b\u1ea5t k\u1ef3 quy tr\u00ecnh n\u00e0o kh\u00e1c c\u00f3 th\u1ec3 \u0111\u01b0\u1ee3c tri\u1ec3n khai v\u1edbi <a href=\"\/vi\/automation\/\">B\u1ed9 c\u00f4ng c\u1ee5 t\u1ef1 \u0111\u1ed9ng h\u00f3a Mapsly<\/a>. T\u1ea5t c\u1ea3 c\u00e1c t\u00ednh n\u0103ng c\u1ee7a Mapsly ngo\u1ea1i tr\u1eeb \u0111\u1ecbnh tuy\u1ebfn v\u00e0 t\u00ecm ki\u1ebfm kh\u00e1ch h\u00e0ng ti\u1ec1m n\u0103ng \u0111\u1ec1u c\u00f3 th\u1ec3 \u0111\u01b0\u1ee3c k\u00edch ho\u1ea1t tr\u00ean c\u00e1c b\u1ea3n \u0111\u1ed3 c\u00e1 nh\u00e2n h\u00f3a nh\u01b0 v\u1eady.<\/p>\n<figure class=\"wp-block-pullquote\">\n<blockquote>\n<p>\u0110\u1ed9i ng\u0169 th\u1ef1c hi\u1ec7n Mapsly s\u1ebd x\u00e2y d\u1ef1ng to\u00e0n b\u1ed9 quy tr\u00ecnh trong Mapsly,<br \/>\u0111\u1ec3 b\u1ea1n c\u00f3 th\u1ec3 t\u1eadp trung v\u00e0o c\u00f4ng vi\u1ec7c kinh doanh c\u1ee7a m\u00ecnh.<br \/><a href=\"https:\/\/calendly.com\/mapsly-meeting\/quick-demo\" target=\"_blank\" rel=\"noopener\">L\u00ean l\u1ecbch cu\u1ed9c g\u1ecdi web h\u00f4m nay<\/a>.<\/p>\n<p><cite>Ho\u1eb7c h\u1ecfi ch\u00fang t\u00f4i b\u1ea5t c\u1ee9 \u0111i\u1ec1u g\u00ec trong chat, ch\u00fang t\u00f4i lu\u00f4n tr\u1ef1c tuy\u1ebfn<\/cite><\/p>\n<\/blockquote>\n<\/figure>\n<h2>B\u1ea3n demo: c\u1ed5ng kh\u00e1ch h\u00e0ng v\u1edbi b\u1ea3n \u0111\u1ed3 c\u00e1 nh\u00e2n h\u00f3a<\/h2>\n<p><span style=\"color: var( --e-global-color-text ); font-family: var( --e-global-typography-text-font-family ), Sans-serif; font-weight: var( --e-global-typography-text-font-weight ); letter-spacing: 0px;\">M\u1ed9t b\u1ea3n \u0111\u1ed3 c\u00e1 nh\u00e2n h\u00f3a c\u00f3 th\u1ec3 \u0111\u01b0\u1ee3c nh\u00fang v\u00e0o b\u1ea5t k\u1ef3 gi\u1ea3i ph\u00e1p c\u1ed5ng th\u00f4ng tin n\u00e0o. Trong v\u00ed d\u1ee5 n\u00e0y, m\u1ed9t b\u1ea3n \u0111\u1ed3 \u0111\u01b0\u1ee3c th\u00eam v\u00e0o c\u1ed5ng th\u00f4ng tin kh\u00e1ch h\u00e0ng <\/span><a style=\"font-family: var( --e-global-typography-text-font-family ), Sans-serif; font-weight: var( --e-global-typography-text-font-weight ); letter-spacing: 0px; background-color: #ffffff;\" href=\"https:\/\/help.mapsly.com\/articles\/5489056?_ga=2.41460582.536852451.1632143928-264234993.1632143928\">x\u00e2y d\u1ef1ng trong 10 ph\u00fat v\u1edbi Zoho Creator Portal<\/a><span style=\"color: var( --e-global-color-text ); font-family: var( --e-global-typography-text-font-family ), Sans-serif; font-weight: var( --e-global-typography-text-font-weight ); letter-spacing: 0px;\">, c\u00f3 s\u1eb5n c\u1ea3 d\u01b0\u1edbi d\u1ea1ng \u1ee9ng d\u1ee5ng web v\u00e0 \u1ee9ng d\u1ee5ng di \u0111\u1ed9ng.<\/span><\/p>\n<p><span style=\"color: var( --e-global-color-text ); font-family: var( --e-global-typography-text-font-family ), Sans-serif; font-weight: var( --e-global-typography-text-font-weight ); letter-spacing: 0px;\">Khi m\u1ed9t <\/span><em style=\"color: var( --e-global-color-text ); font-family: var( --e-global-typography-text-font-family ), Sans-serif; font-weight: var( --e-global-typography-text-font-weight ); letter-spacing: 0px;\">Kh\u00e1ch h\u00e0ng<\/em><span style=\"color: var( --e-global-color-text ); font-family: var( --e-global-typography-text-font-family ), Sans-serif; font-weight: var( --e-global-typography-text-font-weight ); letter-spacing: 0px;\"> Khi m\u1ed9t b\u1ea3n ghi \u0111\u01b0\u1ee3c th\u00eam v\u00e0o CRM, Mapsly t\u1ef1 \u0111\u1ed9ng t\u1ea1o m\u1ed9t li\u00ean k\u1ebft b\u1ea3n \u0111\u1ed3 c\u00e1 nh\u00e2n \u0111\u01b0\u1ee3c k\u00fd \u0111\u1ec3 hi\u1ec3n th\u1ecb c\u00e1c h\u1ed3 s\u01a1 B\u1ea5t \u0111\u1ed9ng s\u1ea3n \u0111\u01b0\u1ee3c ch\u1ec9 \u0111\u1ecbnh cho kh\u00e1ch h\u00e0ng c\u1ee5 th\u1ec3 n\u00e0y v\u00e0 \u0111\u0103ng k\u00fd kh\u00e1ch h\u00e0ng trong C\u1ed5ng th\u00f4ng tin. Khi kh\u00e1ch h\u00e0ng \u0111\u0103ng nh\u1eadp v\u00e0o C\u1ed5ng th\u00f4ng tin b\u1eb1ng email c\u1ee7a h\u1ecd, h\u1ecd s\u1ebd th\u1ea5y b\u1ea3n \u0111\u1ed3 tr\u00ean trang B\u1ea3n \u0111\u1ed3. Ngo\u00e0i vi\u1ec7c c\u00f3 th\u1ec3 nh\u1ea5p v\u00e0o c\u00e1c \u0111i\u1ec3m \u0111\u00e1nh d\u1ea5u b\u1ea3n \u0111\u1ed3 \u0111\u1ec3 xem d\u1eef li\u1ec7u b\u1ea3n ghi, kh\u00e1ch h\u00e0ng c\u00f3 th\u1ec3 nh\u1ea5n \u0110\u1eb7t l\u1ecbch th\u0103m trong c\u1eeda s\u1ed5 b\u1eadt l\u00ean b\u1ea3n \u0111\u1ed3 \u0111\u1ec3 g\u1eedi y\u00eau c\u1ea7u th\u0103m b\u1ea5t \u0111\u1ed9ng s\u1ea3n m\u00e0 Mapsly s\u1ebd t\u1ea1o d\u01b0\u1edbi d\u1ea1ng b\u1ea3n ghi trong CRM.<\/span><\/p>\n<p><span style=\"color: var( --e-global-color-text ); font-family: var( --e-global-typography-text-font-family ), Sans-serif; font-weight: var( --e-global-typography-text-font-weight ); letter-spacing: 0px;\">\u00a0<\/span><\/p>\n<div class=\"wp-block-buttons is-content-justification-center\">\n<p><\/p>\n<div class=\"wp-block-button is-style-fill\"><a class=\"wp-block-button__link\" href=\"https:\/\/sampleco.zohocreatorportal.com\/\" target=\"_blank\" rel=\"noreferrer noopener\">\u0110i t\u1edbi c\u1ed5ng kh\u00e1ch h\u00e0ng demo<\/a><\/div>\n<p><\/p>\n<\/div>\n<p><!-- \/wp:buttons --><\/p>\n<p><span style=\"color: #222d39; font-family: inherit; font-size: 2rem; font-weight: bold; letter-spacing: 0px;\">T\u00ecm hi\u1ec3u th\u00eam<\/span><\/p>\n<p><a href=\"https:\/\/help.mapsly.com\/articles\/5386021\">H\u01b0\u1edbng d\u1eabn t\u1eebng b\u01b0\u1edbc: t\u1ea1o b\u1ea3n \u0111\u1ed3 c\u00e1 nh\u00e2n h\u00f3a c\u00f3 th\u1ec3 truy c\u1eadp b\u1eb1ng li\u00ean k\u1ebft<\/a>.<\/p>\n<p><a href=\"https:\/\/help.mapsly.com\/articles\/5489056\">H\u01b0\u1edbng d\u1eabn t\u1eebng b\u01b0\u1edbc: c\u1ea5u h\u00ecnh c\u1ed5ng Zoho Creator v\u1edbi b\u1ea3n \u0111\u1ed3 c\u00e1 nh\u00e2n h\u00f3a trong 10 ph\u00fat<\/a>.<\/p>\n<p><a href=\"https:\/\/help.mapsly.com\/articles\/5510049\">H\u01b0\u1edbng d\u1eabn t\u1eebng b\u01b0\u1edbc: thi\u1ebft l\u1eadp \u0111\u0103ng k\u00fd t\u1ef1 \u0111\u1ed9ng cho kh\u00e1ch h\u00e0ng c\u1ee7a b\u1ea1n trong c\u1ed5ng kh\u00e1ch h\u00e0ng Zoho Creator<\/a>.<\/p>\n<h2>\u0110\u1eb7t l\u1ecbch demo tr\u1ef1c ti\u1ebfp v\u1edbi k\u1ef9 s\u01b0 gi\u1ea3i ph\u00e1p<\/h2>\n<p><a href=\"https:\/\/calendly.com\/mapsly-meeting\/quick-demo\" target=\"_blank\" rel=\"noopener\">L\u00ean l\u1ecbch cu\u1ed9c g\u1ecdi web v\u1edbi k\u1ef9 s\u01b0 Mapsly<\/a> \u0111\u1ec3 th\u1ea3o lu\u1eadn chi ti\u1ebft v\u1ec1 tr\u01b0\u1eddng h\u1ee3p s\u1eed d\u1ee5ng c\u1ee7a b\u1ea1n v\u00e0 c\u1ea5u h\u00ecnh t\u00e0i kho\u1ea3n Mapsly c\u0169ng nh\u01b0 c\u00e1c b\u1ea3n \u0111\u1ed3 \u0111\u01b0\u1ee3c chia s\u1ebb.<\/p>\t\t\t\t\t\t\t\t<\/div>\n\t\t\t\t<\/div>\n\t\t\t\t\t<\/div>\n\t\t<\/div>\n\t\t\t\t\t<\/div>\n\t\t<\/section>\n\t\t\t\t<\/div>","protected":false},"excerpt":{"rendered":"<p>B\u1ea3n \u0110\u1ed3 C\u00e1 Nh\u00e2n H\u00f3a &amp; T\u1ef1 \u0110\u1ed9ng H\u00f3a cho C\u00e1c \u0110\u1ea1i L\u00fd B\u1ea5t \u0110\u1ed9ng S\u1ea3n T\u1ef1 \u0111\u1ed9ng kh\u1edbp c\u00e1c b\u1ea5t \u0111\u1ed9ng s\u1ea3n v\u1edbi kh\u00e1ch h\u00e0ng v\u00e0 cung c\u1ea5p cho h\u1ecd c\u1ed5ng th\u00f4ng tin v\u1edbi b\u1ea3n \u0111\u1ed3 c\u00e1 nh\u00e2n h\u00f3a c\u00e1c b\u1ea5t \u0111\u1ed9ng s\u1ea3n c\u1ee7a h\u1ecd C\u00e1c \u0111\u1ea1i l\u00fd b\u1ea5t \u0111\u1ed9ng s\u1ea3n gi\u00fap kh\u00e1ch h\u00e0ng t\u00ecm b\u1ea5t \u0111\u1ed9ng s\u1ea3n theo tham s\u1ed1 c\u00f3 th\u1ec3 s\u1eed d\u1ee5ng Mapsly \u0111\u1ec3 t\u1ef1 \u0111\u1ed9ng h\u00f3a vi\u1ec7c t\u00ecm ki\u1ebfm v\u00e0 ph\u00e2n c\u00f4ng b\u1ea5t \u0111\u1ed9ng s\u1ea3n cho kh\u00e1ch h\u00e0ng, c\u0169ng nh\u01b0 cung c\u1ea5p b\u1ea3n \u0111\u1ed3 t\u01b0\u01a1ng t\u00e1c c\u00e1 nh\u00e2n h\u00f3a [&hellip;]<\/p>","protected":false},"author":1,"featured_media":0,"parent":0,"menu_order":0,"comment_status":"closed","ping_status":"closed","template":"elementor_header_footer","meta":{"_acf_changed":false,"footnotes":""},"class_list":["post-382","page","type-page","status-publish","hentry"],"acf":[],"yoast_head":"<!-- This site is optimized with the Yoast SEO plugin v26.6 - https:\/\/yoast.com\/wordpress\/plugins\/seo\/ -->\n<title>Personalized Map &amp; Automation for Real-Estate Agencies - Mapsly<\/title>\n<meta name=\"description\" content=\"Automate matching of real-estate properties to customers and offer them a portal with a personalized map of their properties\" \/>\n<meta name=\"robots\" content=\"index, follow, max-snippet:-1, max-image-preview:large, max-video-preview:-1\" \/>\n<link rel=\"canonical\" href=\"https:\/\/mapsly.com\/vi\/map-for-real-estate-agencies\/\" \/>\n<meta property=\"og:locale\" content=\"vi_VN\" \/>\n<meta property=\"og:type\" content=\"article\" \/>\n<meta property=\"og:title\" content=\"Personalized Map &amp; Automation for Real-Estate Agencies - Mapsly\" \/>\n<meta property=\"og:description\" content=\"Automate matching of real-estate properties to customers and offer them a portal with a personalized map of their properties\" \/>\n<meta property=\"og:url\" content=\"https:\/\/mapsly.com\/vi\/map-for-real-estate-agencies\/\" \/>\n<meta property=\"og:site_name\" content=\"Mapsly\" \/>\n<meta property=\"article:modified_time\" content=\"2025-12-16T11:35:50+00:00\" \/>\n<meta name=\"twitter:card\" content=\"summary_large_image\" \/>\n<meta name=\"twitter:label1\" content=\"\u01af\u1edbc t\u00ednh th\u1eddi gian \u0111\u1ecdc\" \/>\n\t<meta name=\"twitter:data1\" content=\"3 ph\u00fat\" \/>\n<script type=\"application\/ld+json\" class=\"yoast-schema-graph\">{\"@context\":\"https:\/\/schema.org\",\"@graph\":[{\"@type\":\"WebPage\",\"@id\":\"https:\/\/mapsly.com\/de\/map-for-real-estate-agencies\/\",\"url\":\"https:\/\/mapsly.com\/de\/map-for-real-estate-agencies\/\",\"name\":\"Personalized Map & Automation for Real-Estate Agencies - Mapsly\",\"isPartOf\":{\"@id\":\"https:\/\/mapsly.com\/#website\"},\"datePublished\":\"2025-06-26T13:59:24+00:00\",\"dateModified\":\"2025-12-16T11:35:50+00:00\",\"description\":\"Automate matching of real-estate properties to customers and offer them a portal with a personalized map of their properties\",\"breadcrumb\":{\"@id\":\"https:\/\/mapsly.com\/de\/map-for-real-estate-agencies\/#breadcrumb\"},\"inLanguage\":\"vi\",\"potentialAction\":[{\"@type\":\"ReadAction\",\"target\":[\"https:\/\/mapsly.com\/de\/map-for-real-estate-agencies\/\"]}]},{\"@type\":\"BreadcrumbList\",\"@id\":\"https:\/\/mapsly.com\/de\/map-for-real-estate-agencies\/#breadcrumb\",\"itemListElement\":[{\"@type\":\"ListItem\",\"position\":1,\"name\":\"Home\",\"item\":\"https:\/\/mapsly.com\/\"},{\"@type\":\"ListItem\",\"position\":2,\"name\":\"Personalized Map &#038; Automation for Real-Estate Agencies\"}]},{\"@type\":\"WebSite\",\"@id\":\"https:\/\/mapsly.com\/#website\",\"url\":\"https:\/\/mapsly.com\/\",\"name\":\"Mapsly\",\"description\":\"The Ultimate CRM Map\",\"publisher\":{\"@id\":\"https:\/\/mapsly.com\/#organization\"},\"potentialAction\":[{\"@type\":\"SearchAction\",\"target\":{\"@type\":\"EntryPoint\",\"urlTemplate\":\"https:\/\/mapsly.com\/?s={search_term_string}\"},\"query-input\":{\"@type\":\"PropertyValueSpecification\",\"valueRequired\":true,\"valueName\":\"search_term_string\"}}],\"inLanguage\":\"vi\"},{\"@type\":\"Organization\",\"@id\":\"https:\/\/mapsly.com\/#organization\",\"name\":\"Mapsly\",\"url\":\"https:\/\/mapsly.com\/\",\"logo\":{\"@type\":\"ImageObject\",\"inLanguage\":\"vi\",\"@id\":\"https:\/\/mapsly.com\/#\/schema\/logo\/image\/\",\"url\":\"https:\/\/mapsly.com\/wp-content\/uploads\/2025\/06\/Mapsly-Logo-2x-BIG.png\",\"contentUrl\":\"https:\/\/mapsly.com\/wp-content\/uploads\/2025\/06\/Mapsly-Logo-2x-BIG.png\",\"width\":280,\"height\":85,\"caption\":\"Mapsly\"},\"image\":{\"@id\":\"https:\/\/mapsly.com\/#\/schema\/logo\/image\/\"}}]}<\/script>\n<!-- \/ Yoast SEO plugin. -->","yoast_head_json":{"title":"B\u1ea3n \u0111\u1ed3 t\u00f9y ch\u1ec9nh &amp; T\u1ef1 \u0111\u1ed9ng h\u00f3a cho c\u00e1c C\u00f4ng ty B\u1ea5t \u0111\u1ed9ng s\u1ea3n - Mapsly","description":"T\u1ef1 \u0111\u1ed9ng kh\u1edbp c\u00e1c b\u1ea5t \u0111\u1ed9ng s\u1ea3n v\u1edbi kh\u00e1ch h\u00e0ng v\u00e0 cung c\u1ea5p cho h\u1ecd m\u1ed9t c\u1ed5ng th\u00f4ng tin v\u1edbi b\u1ea3n \u0111\u1ed3 c\u00e1 nh\u00e2n h\u00f3a c\u00e1c b\u1ea5t \u0111\u1ed9ng s\u1ea3n c\u1ee7a h\u1ecd","robots":{"index":"index","follow":"follow","max-snippet":"max-snippet:-1","max-image-preview":"max-image-preview:large","max-video-preview":"max-video-preview:-1"},"canonical":"https:\/\/mapsly.com\/vi\/map-for-real-estate-agencies\/","og_locale":"vi_VN","og_type":"article","og_title":"Personalized Map & Automation for Real-Estate Agencies - Mapsly","og_description":"Automate matching of real-estate properties to customers and offer them a portal with a personalized map of their properties","og_url":"https:\/\/mapsly.com\/vi\/map-for-real-estate-agencies\/","og_site_name":"Mapsly","article_modified_time":"2025-12-16T11:35:50+00:00","twitter_card":"summary_large_image","twitter_misc":{"\u01af\u1edbc t\u00ednh th\u1eddi gian \u0111\u1ecdc":"3 ph\u00fat"},"schema":{"@context":"https:\/\/schema.org","@graph":[{"@type":"WebPage","@id":"https:\/\/mapsly.com\/de\/map-for-real-estate-agencies\/","url":"https:\/\/mapsly.com\/de\/map-for-real-estate-agencies\/","name":"B\u1ea3n \u0111\u1ed3 t\u00f9y ch\u1ec9nh &amp; T\u1ef1 \u0111\u1ed9ng h\u00f3a cho c\u00e1c C\u00f4ng ty B\u1ea5t \u0111\u1ed9ng s\u1ea3n - Mapsly","isPartOf":{"@id":"https:\/\/mapsly.com\/#website"},"datePublished":"2025-06-26T13:59:24+00:00","dateModified":"2025-12-16T11:35:50+00:00","description":"T\u1ef1 \u0111\u1ed9ng kh\u1edbp c\u00e1c b\u1ea5t \u0111\u1ed9ng s\u1ea3n v\u1edbi kh\u00e1ch h\u00e0ng v\u00e0 cung c\u1ea5p cho h\u1ecd m\u1ed9t c\u1ed5ng th\u00f4ng tin v\u1edbi b\u1ea3n \u0111\u1ed3 c\u00e1 nh\u00e2n h\u00f3a c\u00e1c b\u1ea5t \u0111\u1ed9ng s\u1ea3n c\u1ee7a h\u1ecd","breadcrumb":{"@id":"https:\/\/mapsly.com\/de\/map-for-real-estate-agencies\/#breadcrumb"},"inLanguage":"vi","potentialAction":[{"@type":"ReadAction","target":["https:\/\/mapsly.com\/de\/map-for-real-estate-agencies\/"]}]},{"@type":"BreadcrumbList","@id":"https:\/\/mapsly.com\/de\/map-for-real-estate-agencies\/#breadcrumb","itemListElement":[{"@type":"ListItem","position":1,"name":"Home","item":"https:\/\/mapsly.com\/"},{"@type":"ListItem","position":2,"name":"Personalized Map &#038; Automation for Real-Estate Agencies"}]},{"@type":"WebSite","@id":"https:\/\/mapsly.com\/#website","url":"https:\/\/mapsly.com\/","name":"Mapsly","description":"B\u1ea3n \u0111\u1ed3 CRM t\u1ed1i \u01b0u","publisher":{"@id":"https:\/\/mapsly.com\/#organization"},"potentialAction":[{"@type":"SearchAction","target":{"@type":"EntryPoint","urlTemplate":"https:\/\/mapsly.com\/?s={search_term_string}"},"query-input":{"@type":"PropertyValueSpecification","valueRequired":true,"valueName":"search_term_string"}}],"inLanguage":"vi"},{"@type":"Organization","@id":"https:\/\/mapsly.com\/#organization","name":"Mapsly","url":"https:\/\/mapsly.com\/","logo":{"@type":"ImageObject","inLanguage":"vi","@id":"https:\/\/mapsly.com\/#\/schema\/logo\/image\/","url":"https:\/\/mapsly.com\/wp-content\/uploads\/2025\/06\/Mapsly-Logo-2x-BIG.png","contentUrl":"https:\/\/mapsly.com\/wp-content\/uploads\/2025\/06\/Mapsly-Logo-2x-BIG.png","width":280,"height":85,"caption":"Mapsly"},"image":{"@id":"https:\/\/mapsly.com\/#\/schema\/logo\/image\/"}}]}},"_links":{"self":[{"href":"https:\/\/mapsly.com\/vi\/wp-json\/wp\/v2\/pages\/382","targetHints":{"allow":["GET"]}}],"collection":[{"href":"https:\/\/mapsly.com\/vi\/wp-json\/wp\/v2\/pages"}],"about":[{"href":"https:\/\/mapsly.com\/vi\/wp-json\/wp\/v2\/types\/page"}],"author":[{"embeddable":true,"href":"https:\/\/mapsly.com\/vi\/wp-json\/wp\/v2\/users\/1"}],"replies":[{"embeddable":true,"href":"https:\/\/mapsly.com\/vi\/wp-json\/wp\/v2\/comments?post=382"}],"version-history":[{"count":48,"href":"https:\/\/mapsly.com\/vi\/wp-json\/wp\/v2\/pages\/382\/revisions"}],"predecessor-version":[{"id":25126,"href":"https:\/\/mapsly.com\/vi\/wp-json\/wp\/v2\/pages\/382\/revisions\/25126"}],"wp:attachment":[{"href":"https:\/\/mapsly.com\/vi\/wp-json\/wp\/v2\/media?parent=382"}],"curies":[{"name":"wp","href":"https:\/\/api.w.org\/{rel}","templated":true}]}}