{"id":346,"date":"2025-06-26T16:38:03","date_gmt":"2025-06-26T13:38:03","guid":{"rendered":"https:\/\/mapsly.com?page_id=346"},"modified":"2025-12-09T13:16:56","modified_gmt":"2025-12-09T10:16:56","slug":"sub-processors","status":"publish","type":"page","link":"https:\/\/mapsly.com\/vi\/sub-processors\/","title":{"rendered":"C\u00e1c Nh\u00e0 X\u1eed L\u00fd Ph\u1ee5 c\u1ee7a Mapsly"},"content":{"rendered":"<div data-elementor-type=\"wp-page\" data-elementor-id=\"346\" class=\"elementor elementor-346\" data-elementor-post-type=\"page\">\n\t\t\t\t<div class=\"elementor-element elementor-element-7003a283 e-flex e-con-boxed e-con e-parent\" data-id=\"7003a283\" data-element_type=\"container\" data-e-type=\"container\">\n\t\t\t\t\t<div class=\"e-con-inner\">\n\t\t\t\t<div class=\"elementor-element elementor-element-44e21518 text-ed-subpr elementor-widget elementor-widget-text-editor\" data-id=\"44e21518\" data-element_type=\"widget\" data-e-type=\"widget\" data-widget_type=\"text-editor.default\">\n\t\t\t\t<div class=\"elementor-widget-container\">\n\t\t\t\t\t\t\t\t\t\n<p><em>C\u1eadp nh\u1eadt l\u1ea7n cu\u1ed1i: 24 th\u00e1ng 10, 2023<\/em><\/p>\n\n\n\n<p>Trang n\u00e0y cung c\u1ea5p th\u00f4ng tin v\u1ec1 c\u00e1c b\u1ed9 x\u1eed l\u00fd ph\u1ee5 m\u00e0 Mapsly \u0111\u00e3 thu\u00ea theo \u0111\u00fang Mapsly <a href=\"\/vi\/dpa\/\">Ph\u1ee5 l\u1ee5c x\u1eed l\u00fd d\u1eef li\u1ec7u<\/a> (\"Mapsly DPA\") \u0111\u1ec3 th\u1ef1c hi\u1ec7n c\u00e1c ho\u1ea1t \u0111\u1ed9ng x\u1eed l\u00fd d\u1eef li\u1ec7u v\u1ec1 D\u1eef li\u1ec7u Kh\u00e1ch h\u00e0ng (nh\u01b0 \u0111\u01b0\u1ee3c \u0111\u1ecbnh ngh\u0129a trong Mapsly DPA) thay m\u1eb7t kh\u00e1ch h\u00e0ng. C\u00e1c \u0111\u01a1n v\u1ecb ph\u1ee5 x\u1eed l\u00fd li\u00ean quan \u0111\u1ebfn t\u1eebng kh\u00e1ch h\u00e0ng s\u1ebd ph\u1ee5 thu\u1ed9c v\u00e0o ch\u1ee9c n\u0103ng Mapsly m\u00e0 kh\u00e1ch h\u00e0ng s\u1eed d\u1ee5ng.<\/p>\n\n\n\n<p>Mapsly s\u1ebd c\u1eadp nh\u1eadt trang n\u00e0y \u00edt nh\u1ea5t 30 ng\u00e0y tr\u01b0\u1edbc khi s\u1eed d\u1ee5ng m\u1ed9t nh\u00e0 x\u1eed l\u00fd ph\u1ee5 m\u1edbi. N\u1ebfu b\u1ea1n mu\u1ed1n \u0111\u01b0\u1ee3c th\u00f4ng b\u00e1o qua email v\u1ec1 c\u00e1c thay \u0111\u1ed5i tr\u00ean trang n\u00e0y, vui l\u00f2ng li\u00ean h\u1ec7 v\u1edbi ch\u00fang t\u00f4i t\u1ea1i <strong>privacy@mapsly.com<\/strong>.<\/p>\n\n\n\n<figure class=\"wp-block-table\"><table><thead><tr><th><strong>Nh\u00e0 cung c\u1ea5p d\u1ecbch v\u1ee5<\/strong><\/th><th><strong>Ch\u1ee9c n\u0103ng Mapsly<\/strong><\/th><th><strong>V\u1ecb tr\u00ed nh\u00e0 cung c\u1ea5p d\u1ecbch v\u1ee5<\/strong><\/th><th><strong>Ho\u1ea1t \u0111\u1ed9ng x\u1eed l\u00fd<\/strong><\/th><\/tr><\/thead><tbody><tr><td>HERE North America, LLC<\/td><td>\u0110\u1ecbnh tuy\u1ebfn, D\u1eabn \u0111\u01b0\u1eddng<\/td><td>Hoa K\u1ef3<\/td><td>T\u1ed1i \u01b0u h\u00f3a l\u1ed9 tr\u00ecnh, \u0111i\u1ec1u h\u01b0\u1edbng, m\u00e3 h\u00f3a \u0111\u1ecba l\u00fd<\/td><\/tr><tr><td>HubSpot, Inc.<\/td><td>\u2014<\/td><td>Hoa K\u1ef3<\/td><td>Qu\u1ea3n l\u00fd quan h\u1ec7 kh\u00e1ch h\u00e0ng<\/td><\/tr><tr><td>Intercom, Inc.<\/td><td>Tr\u00f2 chuy\u1ec7n v\u1edbi Mapsly<\/td><td>Hoa K\u1ef3<\/td><td>Giao ti\u1ebfp chat v\u00e0 email<\/td><\/tr><tr><td>Google, Inc.<\/td><td>\u0110\u1ecbnh v\u1ecb \u0111\u1ecba l\u00fd<\/td><td>Hoa K\u1ef3<\/td><td>\u0110\u1ecba m\u00e3 h\u00f3a, giao ti\u1ebfp email, ng\u00f4n ng\u1eef<\/td><\/tr><tr><td>LogRocket, Inc.<\/td><td>\u2014<\/td><td>Hoa K\u1ef3<\/td><td>Gi\u00e1m s\u00e1t hi\u1ec7u su\u1ea5t \u1ee9ng d\u1ee5ng v\u00e0 ph\u00e2n t\u00edch ng\u01b0\u1eddi d\u00f9ng<\/td><\/tr><tr><td>Mailchimp, Inc.<\/td><td>\u2014<\/td><td>Hoa K\u1ef3<\/td><td>Ghi \u00e2m v\u00e0 phi\u00ean \u00e2m cu\u1ed9c h\u1ecdp<\/td><\/tr><tr><td>Mapbox, Inc.<\/td><td>\u0110\u1ecbnh v\u1ecb \u0111\u1ecba l\u00fd<\/td><td>Hoa K\u1ef3<\/td><td>T\u1ed1i \u01b0u h\u00f3a l\u1ed9 tr\u00ecnh, \u0111\u1ecbnh v\u1ecb \u0111\u1ecba l\u00fd<\/td><\/tr><tr><td>Paddle.com, Inc.<\/td><td>Thanh to\u00e1n<\/td><td>Hoa K\u1ef3<\/td><td>X\u1eed l\u00fd th\u1ebb t\u00edn d\u1ee5ng, Ng\u01b0\u1eddi b\u00e1n ghi nh\u1eadn<\/td><\/tr><tr><td>Rewatch, Inc.<\/td><td>\u2014<\/td><td>Hoa K\u1ef3<\/td><td>Ghi \u00e2m v\u00e0 chuy\u1ec3n v\u0103n b\u1ea3n cu\u1ed9c h\u1ecdp<\/td><\/tr><tr><td>Twilio Inc.<\/td><td>Nh\u1eafn tin<\/td><td>Hoa K\u1ef3<\/td><td>Giao ti\u1ebfp qua SMS v\u00e0 email<\/td><\/tr><tr><td>Slack Inc.<\/td><td>\u2014<\/td><td>Hoa K\u1ef3<\/td><td>Tin nh\u1eafn n\u1ed9i b\u1ed9 Mapsly<\/td><\/tr><tr><td>Stripe, Inc.<\/td><td>Thanh to\u00e1n<\/td><td>Hoa K\u1ef3<\/td><td>X\u1eed l\u00fd th\u1ebb t\u00edn d\u1ee5ng<\/td><\/tr><\/tbody><\/table><\/figure>\n\t\t\t\t\t\t\t\t<\/div>\n\t\t\t\t<\/div>\n\t\t\t\t\t<\/div>\n\t\t\t\t<\/div>\n\t\t\t\t<\/div>","protected":false},"excerpt":{"rendered":"<p>C\u1eadp nh\u1eadt l\u1ea7n cu\u1ed1i: 24 th\u00e1ng 10, 2023 Trang n\u00e0y cung c\u1ea5p th\u00f4ng tin v\u1ec1 c\u00e1c nh\u00e0 x\u1eed l\u00fd ph\u1ee5 m\u00e0 Mapsly \u0111\u00e3 thu\u00ea theo Ph\u1ee5 l\u1ee5c X\u1eed l\u00fd D\u1eef li\u1ec7u c\u1ee7a Mapsly (\"Mapsly DPA\") \u0111\u1ec3 th\u1ef1c hi\u1ec7n c\u00e1c ho\u1ea1t \u0111\u1ed9ng x\u1eed l\u00fd d\u1eef li\u1ec7u Kh\u00e1ch h\u00e0ng (\u0111\u01b0\u1ee3c \u0111\u1ecbnh ngh\u0129a trong Mapsly DPA) thay m\u1eb7t cho kh\u00e1ch h\u00e0ng. C\u00e1c nh\u00e0 x\u1eed l\u00fd ph\u1ee5 li\u00ean quan \u0111\u1ebfn t\u1eebng kh\u00e1ch h\u00e0ng s\u1ebd ph\u1ee5 thu\u1ed9c v\u00e0o Mapsly [...]<\/p>","protected":false},"author":1,"featured_media":0,"parent":0,"menu_order":0,"comment_status":"closed","ping_status":"closed","template":"","meta":{"_acf_changed":false,"footnotes":""},"class_list":["post-346","page","type-page","status-publish","hentry"],"acf":[],"yoast_head":"<!-- This site is optimized with the Yoast SEO plugin v26.6 - https:\/\/yoast.com\/wordpress\/plugins\/seo\/ -->\n<title>Mapsly Sub-Processors - Mapsly<\/title>\n<meta name=\"description\" content=\"This page provides information about the sub-processors that Mapsly has engaged in accordance with the Mapsly Data Processing Addendum (\u201cMapsly DPA\u201d) to provide processing activities on Customer Data (as defined in the Mapsly DPA) on behalf of customers. Sub-processors relevant to an individual customer will depend on the particular Mapsly functionality that the customer uses.\" \/>\n<meta name=\"robots\" content=\"index, follow, max-snippet:-1, max-image-preview:large, max-video-preview:-1\" \/>\n<link rel=\"canonical\" href=\"https:\/\/mapsly.com\/vi\/sub-processors\/\" \/>\n<meta property=\"og:locale\" content=\"vi_VN\" \/>\n<meta property=\"og:type\" content=\"article\" \/>\n<meta property=\"og:title\" content=\"Mapsly Sub-Processors - Mapsly\" \/>\n<meta property=\"og:description\" content=\"This page provides information about the sub-processors that Mapsly has engaged in accordance with the Mapsly Data Processing Addendum (\u201cMapsly DPA\u201d) to provide processing activities on Customer Data (as defined in the Mapsly DPA) on behalf of customers. Sub-processors relevant to an individual customer will depend on the particular Mapsly functionality that the customer uses.\" \/>\n<meta property=\"og:url\" content=\"https:\/\/mapsly.com\/vi\/sub-processors\/\" \/>\n<meta property=\"og:site_name\" content=\"Mapsly\" \/>\n<meta property=\"article:modified_time\" content=\"2025-12-09T10:16:56+00:00\" \/>\n<meta name=\"twitter:card\" content=\"summary_large_image\" \/>\n<meta name=\"twitter:label1\" content=\"\u01af\u1edbc t\u00ednh th\u1eddi gian \u0111\u1ecdc\" \/>\n\t<meta name=\"twitter:data1\" content=\"1 ph\u00fat\" \/>\n<script type=\"application\/ld+json\" class=\"yoast-schema-graph\">{\"@context\":\"https:\/\/schema.org\",\"@graph\":[{\"@type\":\"WebPage\",\"@id\":\"https:\/\/mapsly.com\/fr\/sub-processors\/\",\"url\":\"https:\/\/mapsly.com\/fr\/sub-processors\/\",\"name\":\"Mapsly Sub-Processors - Mapsly\",\"isPartOf\":{\"@id\":\"https:\/\/mapsly.com\/#website\"},\"datePublished\":\"2025-06-26T13:38:03+00:00\",\"dateModified\":\"2025-12-09T10:16:56+00:00\",\"description\":\"This page provides information about the sub-processors that Mapsly has engaged in accordance with the Mapsly Data Processing Addendum (\u201cMapsly DPA\u201d) to provide processing activities on Customer Data (as defined in the Mapsly DPA) on behalf of customers. Sub-processors relevant to an individual customer will depend on the particular Mapsly functionality that the customer uses.\",\"breadcrumb\":{\"@id\":\"https:\/\/mapsly.com\/fr\/sub-processors\/#breadcrumb\"},\"inLanguage\":\"vi\",\"potentialAction\":[{\"@type\":\"ReadAction\",\"target\":[\"https:\/\/mapsly.com\/fr\/sub-processors\/\"]}]},{\"@type\":\"BreadcrumbList\",\"@id\":\"https:\/\/mapsly.com\/fr\/sub-processors\/#breadcrumb\",\"itemListElement\":[{\"@type\":\"ListItem\",\"position\":1,\"name\":\"Home\",\"item\":\"https:\/\/mapsly.com\/\"},{\"@type\":\"ListItem\",\"position\":2,\"name\":\"Mapsly Sub-Processors\"}]},{\"@type\":\"WebSite\",\"@id\":\"https:\/\/mapsly.com\/#website\",\"url\":\"https:\/\/mapsly.com\/\",\"name\":\"Mapsly\",\"description\":\"The Ultimate CRM Map\",\"publisher\":{\"@id\":\"https:\/\/mapsly.com\/#organization\"},\"potentialAction\":[{\"@type\":\"SearchAction\",\"target\":{\"@type\":\"EntryPoint\",\"urlTemplate\":\"https:\/\/mapsly.com\/?s={search_term_string}\"},\"query-input\":{\"@type\":\"PropertyValueSpecification\",\"valueRequired\":true,\"valueName\":\"search_term_string\"}}],\"inLanguage\":\"vi\"},{\"@type\":\"Organization\",\"@id\":\"https:\/\/mapsly.com\/#organization\",\"name\":\"Mapsly\",\"url\":\"https:\/\/mapsly.com\/\",\"logo\":{\"@type\":\"ImageObject\",\"inLanguage\":\"vi\",\"@id\":\"https:\/\/mapsly.com\/#\/schema\/logo\/image\/\",\"url\":\"https:\/\/mapsly.com\/wp-content\/uploads\/2025\/06\/Mapsly-Logo-2x-BIG.png\",\"contentUrl\":\"https:\/\/mapsly.com\/wp-content\/uploads\/2025\/06\/Mapsly-Logo-2x-BIG.png\",\"width\":280,\"height\":85,\"caption\":\"Mapsly\"},\"image\":{\"@id\":\"https:\/\/mapsly.com\/#\/schema\/logo\/image\/\"}}]}<\/script>\n<!-- \/ Yoast SEO plugin. -->","yoast_head_json":{"title":"C\u00e1c nh\u00e0 x\u1eed l\u00fd ph\u1ee5 c\u1ee7a Mapsly - Mapsly","description":"Trang n\u00e0y cung c\u1ea5p th\u00f4ng tin v\u1ec1 c\u00e1c \u0111\u1ea1i l\u00fd ph\u1ee5 m\u00e0 Mapsly \u0111\u00e3 thu\u00ea theo Ph\u1ee5 l\u1ee5c X\u1eed l\u00fd D\u1eef li\u1ec7u c\u1ee7a Mapsly (\u201cMapsly DPA\u201d) \u0111\u1ec3 th\u1ef1c hi\u1ec7n c\u00e1c ho\u1ea1t \u0111\u1ed9ng x\u1eed l\u00fd d\u1eef li\u1ec7u Kh\u00e1ch h\u00e0ng (\u0111\u01b0\u1ee3c \u0111\u1ecbnh ngh\u0129a trong Mapsly DPA) thay m\u1eb7t kh\u00e1ch h\u00e0ng. C\u00e1c \u0111\u1ea1i l\u00fd ph\u1ee5 li\u00ean quan \u0111\u1ebfn t\u1eebng kh\u00e1ch h\u00e0ng s\u1ebd ph\u1ee5 thu\u1ed9c v\u00e0o ch\u1ee9c n\u0103ng Mapsly c\u1ee5 th\u1ec3 m\u00e0 kh\u00e1ch h\u00e0ng s\u1eed d\u1ee5ng.","robots":{"index":"index","follow":"follow","max-snippet":"max-snippet:-1","max-image-preview":"max-image-preview:large","max-video-preview":"max-video-preview:-1"},"canonical":"https:\/\/mapsly.com\/vi\/sub-processors\/","og_locale":"vi_VN","og_type":"article","og_title":"Mapsly Sub-Processors - Mapsly","og_description":"This page provides information about the sub-processors that Mapsly has engaged in accordance with the Mapsly Data Processing Addendum (\u201cMapsly DPA\u201d) to provide processing activities on Customer Data (as defined in the Mapsly DPA) on behalf of customers. Sub-processors relevant to an individual customer will depend on the particular Mapsly functionality that the customer uses.","og_url":"https:\/\/mapsly.com\/vi\/sub-processors\/","og_site_name":"Mapsly","article_modified_time":"2025-12-09T10:16:56+00:00","twitter_card":"summary_large_image","twitter_misc":{"\u01af\u1edbc t\u00ednh th\u1eddi gian \u0111\u1ecdc":"1 ph\u00fat"},"schema":{"@context":"https:\/\/schema.org","@graph":[{"@type":"WebPage","@id":"https:\/\/mapsly.com\/fr\/sub-processors\/","url":"https:\/\/mapsly.com\/fr\/sub-processors\/","name":"C\u00e1c nh\u00e0 x\u1eed l\u00fd ph\u1ee5 c\u1ee7a Mapsly - Mapsly","isPartOf":{"@id":"https:\/\/mapsly.com\/#website"},"datePublished":"2025-06-26T13:38:03+00:00","dateModified":"2025-12-09T10:16:56+00:00","description":"Trang n\u00e0y cung c\u1ea5p th\u00f4ng tin v\u1ec1 c\u00e1c \u0111\u1ea1i l\u00fd ph\u1ee5 m\u00e0 Mapsly \u0111\u00e3 thu\u00ea theo Ph\u1ee5 l\u1ee5c X\u1eed l\u00fd D\u1eef li\u1ec7u c\u1ee7a Mapsly (\u201cMapsly DPA\u201d) \u0111\u1ec3 th\u1ef1c hi\u1ec7n c\u00e1c ho\u1ea1t \u0111\u1ed9ng x\u1eed l\u00fd d\u1eef li\u1ec7u Kh\u00e1ch h\u00e0ng (\u0111\u01b0\u1ee3c \u0111\u1ecbnh ngh\u0129a trong Mapsly DPA) thay m\u1eb7t kh\u00e1ch h\u00e0ng. C\u00e1c \u0111\u1ea1i l\u00fd ph\u1ee5 li\u00ean quan \u0111\u1ebfn t\u1eebng kh\u00e1ch h\u00e0ng s\u1ebd ph\u1ee5 thu\u1ed9c v\u00e0o ch\u1ee9c n\u0103ng Mapsly c\u1ee5 th\u1ec3 m\u00e0 kh\u00e1ch h\u00e0ng s\u1eed d\u1ee5ng.","breadcrumb":{"@id":"https:\/\/mapsly.com\/fr\/sub-processors\/#breadcrumb"},"inLanguage":"vi","potentialAction":[{"@type":"ReadAction","target":["https:\/\/mapsly.com\/fr\/sub-processors\/"]}]},{"@type":"BreadcrumbList","@id":"https:\/\/mapsly.com\/fr\/sub-processors\/#breadcrumb","itemListElement":[{"@type":"ListItem","position":1,"name":"Home","item":"https:\/\/mapsly.com\/"},{"@type":"ListItem","position":2,"name":"Mapsly Sub-Processors"}]},{"@type":"WebSite","@id":"https:\/\/mapsly.com\/#website","url":"https:\/\/mapsly.com\/","name":"Mapsly","description":"B\u1ea3n \u0111\u1ed3 CRM t\u1ed1i \u01b0u","publisher":{"@id":"https:\/\/mapsly.com\/#organization"},"potentialAction":[{"@type":"SearchAction","target":{"@type":"EntryPoint","urlTemplate":"https:\/\/mapsly.com\/?s={search_term_string}"},"query-input":{"@type":"PropertyValueSpecification","valueRequired":true,"valueName":"search_term_string"}}],"inLanguage":"vi"},{"@type":"Organization","@id":"https:\/\/mapsly.com\/#organization","name":"Mapsly","url":"https:\/\/mapsly.com\/","logo":{"@type":"ImageObject","inLanguage":"vi","@id":"https:\/\/mapsly.com\/#\/schema\/logo\/image\/","url":"https:\/\/mapsly.com\/wp-content\/uploads\/2025\/06\/Mapsly-Logo-2x-BIG.png","contentUrl":"https:\/\/mapsly.com\/wp-content\/uploads\/2025\/06\/Mapsly-Logo-2x-BIG.png","width":280,"height":85,"caption":"Mapsly"},"image":{"@id":"https:\/\/mapsly.com\/#\/schema\/logo\/image\/"}}]}},"_links":{"self":[{"href":"https:\/\/mapsly.com\/vi\/wp-json\/wp\/v2\/pages\/346","targetHints":{"allow":["GET"]}}],"collection":[{"href":"https:\/\/mapsly.com\/vi\/wp-json\/wp\/v2\/pages"}],"about":[{"href":"https:\/\/mapsly.com\/vi\/wp-json\/wp\/v2\/types\/page"}],"author":[{"embeddable":true,"href":"https:\/\/mapsly.com\/vi\/wp-json\/wp\/v2\/users\/1"}],"replies":[{"embeddable":true,"href":"https:\/\/mapsly.com\/vi\/wp-json\/wp\/v2\/comments?post=346"}],"version-history":[{"count":8,"href":"https:\/\/mapsly.com\/vi\/wp-json\/wp\/v2\/pages\/346\/revisions"}],"predecessor-version":[{"id":22246,"href":"https:\/\/mapsly.com\/vi\/wp-json\/wp\/v2\/pages\/346\/revisions\/22246"}],"wp:attachment":[{"href":"https:\/\/mapsly.com\/vi\/wp-json\/wp\/v2\/media?parent=346"}],"curies":[{"name":"wp","href":"https:\/\/api.w.org\/{rel}","templated":true}]}}