{"id":324,"date":"2025-06-26T16:33:06","date_gmt":"2025-06-26T13:33:06","guid":{"rendered":"https:\/\/mapsly.com?page_id=324"},"modified":"2025-10-07T16:33:32","modified_gmt":"2025-10-07T13:33:32","slug":"login","status":"publish","type":"page","link":"https:\/\/mapsly.com\/vi\/login\/","title":{"rendered":"\u0110\u0103ng nh\u1eadp"},"content":{"rendered":"<div class=\"partner-form-wrapper\">\n        <div class=\"partner-form-header\">\n            <h2 class=\"partner-form-title\">\u0110\u0103ng nh\u1eadp \u0110\u1ed1i t\u00e1c<\/h2>\n            <p class=\"partner-form-subtitle\">S\u1eed d\u1ee5ng c\u1ed5ng th\u00f4ng tin n\u00e0y \u0111\u1ec3 qu\u1ea3n l\u00fd h\u1ed3 s\u01a1 \u0111\u1ed1i t\u00e1c c\u1ee7a b\u1ea1n tr\u00ean Mapsly.com.<\/p>\n        <\/div>\n        \n                \n        <form class=\"partner-form\" method=\"post\" action=\"https:\/\/mapsly.com\/wp-admin\/admin-post.php\">\n            <input type=\"hidden\" name=\"action\" value=\"partner_login\">\n            <input type=\"hidden\" name=\"redirect_to\" value=\"https:\/\/mapsly.com\/vi\/account\/\">\n            <input type=\"hidden\" id=\"partner_login_nonce\" name=\"partner_login_nonce\" value=\"523c752da5\" \/><input type=\"hidden\" name=\"_wp_http_referer\" value=\"\/vi\/wp-json\/wp\/v2\/pages\/324\" \/>            \n            <div class=\"partner-form-field\">\n                <label for=\"user-login\" class=\"partner-form-label\">Email<\/label>\n                <input type=\"text\" name=\"log\" id=\"user-login\" class=\"partner-form-input\" required>\n            <\/div>\n            \n            <div class=\"partner-form-field\">\n                <label for=\"password-login\" class=\"partner-form-label\">M\u1eadt kh\u1ea9u<\/label>\n                <input type=\"password\" name=\"pwd\" id=\"password-login\" class=\"partner-form-input\" required>\n            <\/div>\n            \n            <div class=\"partner-form-actions\">\n                <button type=\"submit\" class=\"partner-form-button\" name=\"wp-submit\">\u0110\u0103ng nh\u1eadp<\/button>\n            <\/div>\n            \n            <div class=\"partner-form-footer\">\n                <a class=\"partner-form-link\" href=\"https:\/\/mapsly.com\/wp-login.php?action=lostpassword&redirect_to=https%3A%2F%2Fmapsly.com%2Fvi%2Flogin%2F\">\n                    Qu\u00ean m\u1eadt kh\u1ea9u?\n                <\/a>\n                <p class=\"partner-form-signup\">\n                    <a href=\"https:\/\/mapsly.com\/vi\/register\/\">Nh\u1ea5p v\u00e0o \u0111\u00e2y \u0111\u1ec3 \u0111\u0103ng k\u00fd<\/a>\n                <\/p>\n            <\/div>\n        <\/form>\n    <\/div>\n    \n\n\n\n<p><\/p>","protected":false},"excerpt":{"rendered":"","protected":false},"author":1,"featured_media":0,"parent":0,"menu_order":0,"comment_status":"closed","ping_status":"closed","template":"","meta":{"_acf_changed":false,"footnotes":""},"class_list":["post-324","page","type-page","status-publish","hentry"],"acf":[],"yoast_head":"<!-- This site is optimized with the Yoast SEO plugin v26.6 - https:\/\/yoast.com\/wordpress\/plugins\/seo\/ -->\n<title>Login - Mapsly<\/title>\n<meta name=\"robots\" content=\"index, follow, max-snippet:-1, max-image-preview:large, max-video-preview:-1\" \/>\n<link rel=\"canonical\" href=\"https:\/\/mapsly.com\/vi\/login\/\" \/>\n<meta property=\"og:locale\" content=\"vi_VN\" \/>\n<meta property=\"og:type\" content=\"article\" \/>\n<meta property=\"og:title\" content=\"Login - Mapsly\" \/>\n<meta property=\"og:url\" content=\"https:\/\/mapsly.com\/vi\/login\/\" \/>\n<meta property=\"og:site_name\" content=\"Mapsly\" \/>\n<meta property=\"article:modified_time\" content=\"2025-10-07T13:33:32+00:00\" \/>\n<meta name=\"twitter:card\" content=\"summary_large_image\" \/>\n<meta name=\"twitter:label1\" content=\"\u01af\u1edbc t\u00ednh th\u1eddi gian \u0111\u1ecdc\" \/>\n\t<meta name=\"twitter:data1\" content=\"1 ph\u00fat\" \/>\n<script type=\"application\/ld+json\" class=\"yoast-schema-graph\">{\"@context\":\"https:\/\/schema.org\",\"@graph\":[{\"@type\":\"WebPage\",\"@id\":\"https:\/\/mapsly.com\/login\/\",\"url\":\"https:\/\/mapsly.com\/login\/\",\"name\":\"Login - Mapsly\",\"isPartOf\":{\"@id\":\"https:\/\/mapsly.com\/#website\"},\"datePublished\":\"2025-06-26T13:33:06+00:00\",\"dateModified\":\"2025-10-07T13:33:32+00:00\",\"breadcrumb\":{\"@id\":\"https:\/\/mapsly.com\/login\/#breadcrumb\"},\"inLanguage\":\"vi\",\"potentialAction\":[{\"@type\":\"ReadAction\",\"target\":[\"https:\/\/mapsly.com\/login\/\"]}]},{\"@type\":\"BreadcrumbList\",\"@id\":\"https:\/\/mapsly.com\/login\/#breadcrumb\",\"itemListElement\":[{\"@type\":\"ListItem\",\"position\":1,\"name\":\"Home\",\"item\":\"https:\/\/mapsly.com\/\"},{\"@type\":\"ListItem\",\"position\":2,\"name\":\"Login\"}]},{\"@type\":\"WebSite\",\"@id\":\"https:\/\/mapsly.com\/#website\",\"url\":\"https:\/\/mapsly.com\/\",\"name\":\"Mapsly\",\"description\":\"The Ultimate CRM Map\",\"publisher\":{\"@id\":\"https:\/\/mapsly.com\/#organization\"},\"potentialAction\":[{\"@type\":\"SearchAction\",\"target\":{\"@type\":\"EntryPoint\",\"urlTemplate\":\"https:\/\/mapsly.com\/?s={search_term_string}\"},\"query-input\":{\"@type\":\"PropertyValueSpecification\",\"valueRequired\":true,\"valueName\":\"search_term_string\"}}],\"inLanguage\":\"vi\"},{\"@type\":\"Organization\",\"@id\":\"https:\/\/mapsly.com\/#organization\",\"name\":\"Mapsly\",\"url\":\"https:\/\/mapsly.com\/\",\"logo\":{\"@type\":\"ImageObject\",\"inLanguage\":\"vi\",\"@id\":\"https:\/\/mapsly.com\/#\/schema\/logo\/image\/\",\"url\":\"https:\/\/mapsly.com\/wp-content\/uploads\/2025\/06\/Mapsly-Logo-2x-BIG.png\",\"contentUrl\":\"https:\/\/mapsly.com\/wp-content\/uploads\/2025\/06\/Mapsly-Logo-2x-BIG.png\",\"width\":280,\"height\":85,\"caption\":\"Mapsly\"},\"image\":{\"@id\":\"https:\/\/mapsly.com\/#\/schema\/logo\/image\/\"}}]}<\/script>\n<!-- \/ Yoast SEO plugin. -->","yoast_head_json":{"title":"\u0110\u0103ng nh\u1eadp - Mapsly","robots":{"index":"index","follow":"follow","max-snippet":"max-snippet:-1","max-image-preview":"max-image-preview:large","max-video-preview":"max-video-preview:-1"},"canonical":"https:\/\/mapsly.com\/vi\/login\/","og_locale":"vi_VN","og_type":"article","og_title":"Login - Mapsly","og_url":"https:\/\/mapsly.com\/vi\/login\/","og_site_name":"Mapsly","article_modified_time":"2025-10-07T13:33:32+00:00","twitter_card":"summary_large_image","twitter_misc":{"\u01af\u1edbc t\u00ednh th\u1eddi gian \u0111\u1ecdc":"1 ph\u00fat"},"schema":{"@context":"https:\/\/schema.org","@graph":[{"@type":"WebPage","@id":"https:\/\/mapsly.com\/login\/","url":"https:\/\/mapsly.com\/login\/","name":"\u0110\u0103ng nh\u1eadp - Mapsly","isPartOf":{"@id":"https:\/\/mapsly.com\/#website"},"datePublished":"2025-06-26T13:33:06+00:00","dateModified":"2025-10-07T13:33:32+00:00","breadcrumb":{"@id":"https:\/\/mapsly.com\/login\/#breadcrumb"},"inLanguage":"vi","potentialAction":[{"@type":"ReadAction","target":["https:\/\/mapsly.com\/login\/"]}]},{"@type":"BreadcrumbList","@id":"https:\/\/mapsly.com\/login\/#breadcrumb","itemListElement":[{"@type":"ListItem","position":1,"name":"Home","item":"https:\/\/mapsly.com\/"},{"@type":"ListItem","position":2,"name":"Login"}]},{"@type":"WebSite","@id":"https:\/\/mapsly.com\/#website","url":"https:\/\/mapsly.com\/","name":"Mapsly","description":"B\u1ea3n \u0111\u1ed3 CRM t\u1ed1i th\u01b0\u1ee3ng","publisher":{"@id":"https:\/\/mapsly.com\/#organization"},"potentialAction":[{"@type":"SearchAction","target":{"@type":"EntryPoint","urlTemplate":"https:\/\/mapsly.com\/?s={search_term_string}"},"query-input":{"@type":"PropertyValueSpecification","valueRequired":true,"valueName":"search_term_string"}}],"inLanguage":"vi"},{"@type":"Organization","@id":"https:\/\/mapsly.com\/#organization","name":"Mapsly","url":"https:\/\/mapsly.com\/","logo":{"@type":"ImageObject","inLanguage":"vi","@id":"https:\/\/mapsly.com\/#\/schema\/logo\/image\/","url":"https:\/\/mapsly.com\/wp-content\/uploads\/2025\/06\/Mapsly-Logo-2x-BIG.png","contentUrl":"https:\/\/mapsly.com\/wp-content\/uploads\/2025\/06\/Mapsly-Logo-2x-BIG.png","width":280,"height":85,"caption":"Mapsly"},"image":{"@id":"https:\/\/mapsly.com\/#\/schema\/logo\/image\/"}}]}},"_links":{"self":[{"href":"https:\/\/mapsly.com\/vi\/wp-json\/wp\/v2\/pages\/324","targetHints":{"allow":["GET"]}}],"collection":[{"href":"https:\/\/mapsly.com\/vi\/wp-json\/wp\/v2\/pages"}],"about":[{"href":"https:\/\/mapsly.com\/vi\/wp-json\/wp\/v2\/types\/page"}],"author":[{"embeddable":true,"href":"https:\/\/mapsly.com\/vi\/wp-json\/wp\/v2\/users\/1"}],"replies":[{"embeddable":true,"href":"https:\/\/mapsly.com\/vi\/wp-json\/wp\/v2\/comments?post=324"}],"version-history":[{"count":3,"href":"https:\/\/mapsly.com\/vi\/wp-json\/wp\/v2\/pages\/324\/revisions"}],"predecessor-version":[{"id":22081,"href":"https:\/\/mapsly.com\/vi\/wp-json\/wp\/v2\/pages\/324\/revisions\/22081"}],"wp:attachment":[{"href":"https:\/\/mapsly.com\/vi\/wp-json\/wp\/v2\/media?parent=324"}],"curies":[{"name":"wp","href":"https:\/\/api.w.org\/{rel}","templated":true}]}}