{"id":320,"date":"2025-06-26T16:32:39","date_gmt":"2025-06-26T13:32:39","guid":{"rendered":"https:\/\/mapsly.com?page_id=320"},"modified":"2025-10-19T23:26:21","modified_gmt":"2025-10-19T20:26:21","slug":"livechat","status":"publish","type":"page","link":"https:\/\/mapsly.com\/vi\/livechat\/","title":{"rendered":"Tr\u00f2 chuy\u1ec7n tr\u1ef1c tuy\u1ebfn v\u1edbi \u0111\u1ed9i ng\u0169 Mapsly"},"content":{"rendered":"<div data-elementor-type=\"wp-page\" data-elementor-id=\"320\" class=\"elementor elementor-320\" data-elementor-post-type=\"page\">\n\t\t\t\t<div class=\"elementor-element elementor-element-13f32cd e-flex e-con-boxed e-con e-parent\" data-id=\"13f32cd\" data-element_type=\"container\" data-e-type=\"container\">\n\t\t\t\t\t<div class=\"e-con-inner\">\n\t\t\t\t<div class=\"elementor-element elementor-element-62971b7 elementor-widget elementor-widget-heading\" data-id=\"62971b7\" data-element_type=\"widget\" data-e-type=\"widget\" data-widget_type=\"heading.default\">\n\t\t\t\t<div class=\"elementor-widget-container\">\n\t\t\t\t\t<h1 class=\"elementor-heading-title elementor-size-default\">Tr\u00f2 chuy\u1ec7n tr\u1ef1c tuy\u1ebfn v\u1edbi \u0111\u1ed9i ng\u0169 Mapsly\n<\/h1>\t\t\t\t<\/div>\n\t\t\t\t<\/div>\n\t\t\t\t<div class=\"elementor-element elementor-element-931aacb elementor-widget elementor-widget-heading\" data-id=\"931aacb\" data-element_type=\"widget\" data-e-type=\"widget\" data-widget_type=\"heading.default\">\n\t\t\t\t<div class=\"elementor-widget-container\">\n\t\t\t\t\t<p class=\"elementor-heading-title elementor-size-default\">C\u1eeda s\u1ed5 tr\u00f2 chuy\u1ec7n s\u1ebd xu\u1ea5t hi\u1ec7n sau v\u00e0i gi\u00e2y\u2026\n<\/p>\t\t\t\t<\/div>\n\t\t\t\t<\/div>\n\t\t\t\t<div class=\"elementor-element elementor-element-590afad elementor-widget elementor-widget-text-editor\" data-id=\"590afad\" data-element_type=\"widget\" data-e-type=\"widget\" data-widget_type=\"text-editor.default\">\n\t\t\t\t<div class=\"elementor-widget-container\">\n\t\t\t\t\t\t\t\t\t<p>B\u1ea1n c\u0169ng c\u00f3 th\u1ec3 b\u1eaft \u0111\u1ea7u tr\u00f2 chuy\u1ec7n tr\u1ef1c ti\u1ebfp t\u1eeb b\u1ea5t k\u1ef3 trang n\u00e0o tr\u00ean trang web c\u1ee7a ch\u00fang t\u00f4i ho\u1eb7c trong \u1ee9ng d\u1ee5ng Mapsly<br \/>b\u1eb1ng c\u00e1ch nh\u1ea5p v\u00e0o bi\u1ec3u t\u01b0\u1ee3ng tr\u00f2 chuy\u1ec7n \u1edf g\u00f3c d\u01b0\u1edbi b\u00ean ph\u1ea3i:<\/p>\t\t\t\t\t\t\t\t<\/div>\n\t\t\t\t<\/div>\n\t\t\t\t<div class=\"elementor-element elementor-element-cffa3dd elementor-widget elementor-widget-image\" data-id=\"cffa3dd\" data-element_type=\"widget\" data-e-type=\"widget\" data-widget_type=\"image.default\">\n\t\t\t\t<div class=\"elementor-widget-container\">\n\t\t\t\t\t\t\t\t\t\t\t\t\t\t\t<img decoding=\"async\" width=\"60\" height=\"60\" src=\"https:\/\/mapsly.com\/wp-content\/uploads\/2025\/09\/imageedit_2_5651476538-1-r73s64i5mp51rmzczigj3hqavw50kehp4uyir381nc.webp\" class=\"attachment-large size-large wp-image-21606\" alt=\"\" srcset=\"https:\/\/mapsly.com\/wp-content\/uploads\/2025\/09\/imageedit_2_5651476538-1-r73s64i5mp51rmzczigj3hqavw50kehp4uyir381nc.webp 60w, https:\/\/mapsly.com\/wp-content\/uploads\/2025\/09\/imageedit_2_5651476538-1-r73s64i5mp51rmzczigj3hqavw50kehp4uyir381nc-12x12.webp 12w\" sizes=\"(max-width: 60px) 100vw, 60px\" \/>\t\t\t\t\t\t\t\t\t\t\t\t\t\t\t<\/div>\n\t\t\t\t<\/div>\n\t\t\t\t\t<\/div>\n\t\t\t\t<\/div>\n\t\t\t\t<\/div>","protected":false},"excerpt":{"rendered":"<p>Tr\u00f2 chuy\u1ec7n tr\u1ef1c ti\u1ebfp v\u1edbi \u0111\u1ed9i ng\u0169 Mapsly C\u1eeda s\u1ed5 tr\u00f2 chuy\u1ec7n s\u1ebd xu\u1ea5t hi\u1ec7n sau v\u00e0i gi\u00e2y\u2026 B\u1ea1n c\u0169ng c\u00f3 th\u1ec3 b\u1eaft \u0111\u1ea7u tr\u00f2 chuy\u1ec7n tr\u1ef1c ti\u1ebfp t\u1eeb b\u1ea5t k\u1ef3 trang n\u00e0o tr\u00ean trang web c\u1ee7a ch\u00fang t\u00f4i ho\u1eb7c trong \u1ee9ng d\u1ee5ng Mapsly b\u1eb1ng c\u00e1ch nh\u1ea5p v\u00e0o h\u00ecnh tr\u00f2 chuy\u1ec7n \u1edf g\u00f3c d\u01b0\u1edbi b\u00ean ph\u1ea3i:<\/p>","protected":false},"author":1,"featured_media":0,"parent":0,"menu_order":0,"comment_status":"closed","ping_status":"closed","template":"elementor_header_footer","meta":{"_acf_changed":false,"footnotes":""},"class_list":["post-320","page","type-page","status-publish","hentry"],"acf":[],"yoast_head":"<!-- This site is optimized with the Yoast SEO plugin v26.6 - https:\/\/yoast.com\/wordpress\/plugins\/seo\/ -->\n<title>Live chat with Mapsly team - Mapsly<\/title>\n<meta name=\"robots\" content=\"index, follow, max-snippet:-1, max-image-preview:large, max-video-preview:-1\" \/>\n<link rel=\"canonical\" href=\"https:\/\/mapsly.com\/vi\/livechat\/\" \/>\n<meta property=\"og:locale\" content=\"vi_VN\" \/>\n<meta property=\"og:type\" content=\"article\" \/>\n<meta property=\"og:title\" content=\"Live chat with Mapsly team - Mapsly\" \/>\n<meta property=\"og:description\" content=\"Live chat with Mapsly team The chat window will appear in a few seconds\u2026 You can also start a live chat from any page on our website or in the Mapsly appby clicking the chat image in the lower right corner:\" \/>\n<meta property=\"og:url\" content=\"https:\/\/mapsly.com\/vi\/livechat\/\" \/>\n<meta property=\"og:site_name\" content=\"Mapsly\" \/>\n<meta property=\"article:modified_time\" content=\"2025-10-19T20:26:21+00:00\" \/>\n<meta property=\"og:image\" content=\"https:\/\/mapsly.com\/wp-content\/uploads\/2025\/09\/imageedit_2_5651476538-1-r73s64i5mp51rmzczigj3hqavw50kehp4uyir381nc.webp\" \/>\n<meta name=\"twitter:card\" content=\"summary_large_image\" \/>\n<meta name=\"twitter:label1\" content=\"\u01af\u1edbc t\u00ednh th\u1eddi gian \u0111\u1ecdc\" \/>\n\t<meta name=\"twitter:data1\" content=\"1 ph\u00fat\" \/>\n<script type=\"application\/ld+json\" class=\"yoast-schema-graph\">{\"@context\":\"https:\/\/schema.org\",\"@graph\":[{\"@type\":\"WebPage\",\"@id\":\"https:\/\/mapsly.com\/id\/livechat\/\",\"url\":\"https:\/\/mapsly.com\/id\/livechat\/\",\"name\":\"Live chat with Mapsly team - Mapsly\",\"isPartOf\":{\"@id\":\"https:\/\/mapsly.com\/#website\"},\"primaryImageOfPage\":{\"@id\":\"https:\/\/mapsly.com\/id\/livechat\/#primaryimage\"},\"image\":{\"@id\":\"https:\/\/mapsly.com\/id\/livechat\/#primaryimage\"},\"thumbnailUrl\":\"https:\/\/mapsly.com\/wp-content\/uploads\/2025\/09\/imageedit_2_5651476538-1-r73s64i5mp51rmzczigj3hqavw50kehp4uyir381nc.webp\",\"datePublished\":\"2025-06-26T13:32:39+00:00\",\"dateModified\":\"2025-10-19T20:26:21+00:00\",\"breadcrumb\":{\"@id\":\"https:\/\/mapsly.com\/id\/livechat\/#breadcrumb\"},\"inLanguage\":\"vi\",\"potentialAction\":[{\"@type\":\"ReadAction\",\"target\":[\"https:\/\/mapsly.com\/id\/livechat\/\"]}]},{\"@type\":\"ImageObject\",\"inLanguage\":\"vi\",\"@id\":\"https:\/\/mapsly.com\/id\/livechat\/#primaryimage\",\"url\":\"https:\/\/mapsly.com\/wp-content\/uploads\/2025\/09\/imageedit_2_5651476538-1-r73s64i5mp51rmzczigj3hqavw50kehp4uyir381nc.webp\",\"contentUrl\":\"https:\/\/mapsly.com\/wp-content\/uploads\/2025\/09\/imageedit_2_5651476538-1-r73s64i5mp51rmzczigj3hqavw50kehp4uyir381nc.webp\"},{\"@type\":\"BreadcrumbList\",\"@id\":\"https:\/\/mapsly.com\/id\/livechat\/#breadcrumb\",\"itemListElement\":[{\"@type\":\"ListItem\",\"position\":1,\"name\":\"Home\",\"item\":\"https:\/\/mapsly.com\/\"},{\"@type\":\"ListItem\",\"position\":2,\"name\":\"Live chat with Mapsly team\"}]},{\"@type\":\"WebSite\",\"@id\":\"https:\/\/mapsly.com\/#website\",\"url\":\"https:\/\/mapsly.com\/\",\"name\":\"Mapsly\",\"description\":\"The Ultimate CRM Map\",\"publisher\":{\"@id\":\"https:\/\/mapsly.com\/#organization\"},\"potentialAction\":[{\"@type\":\"SearchAction\",\"target\":{\"@type\":\"EntryPoint\",\"urlTemplate\":\"https:\/\/mapsly.com\/?s={search_term_string}\"},\"query-input\":{\"@type\":\"PropertyValueSpecification\",\"valueRequired\":true,\"valueName\":\"search_term_string\"}}],\"inLanguage\":\"vi\"},{\"@type\":\"Organization\",\"@id\":\"https:\/\/mapsly.com\/#organization\",\"name\":\"Mapsly\",\"url\":\"https:\/\/mapsly.com\/\",\"logo\":{\"@type\":\"ImageObject\",\"inLanguage\":\"vi\",\"@id\":\"https:\/\/mapsly.com\/#\/schema\/logo\/image\/\",\"url\":\"https:\/\/mapsly.com\/wp-content\/uploads\/2025\/06\/Mapsly-Logo-2x-BIG.png\",\"contentUrl\":\"https:\/\/mapsly.com\/wp-content\/uploads\/2025\/06\/Mapsly-Logo-2x-BIG.png\",\"width\":280,\"height\":85,\"caption\":\"Mapsly\"},\"image\":{\"@id\":\"https:\/\/mapsly.com\/#\/schema\/logo\/image\/\"}}]}<\/script>\n<!-- \/ Yoast SEO plugin. -->","yoast_head_json":{"title":"Tr\u00f2 chuy\u1ec7n tr\u1ef1c ti\u1ebfp v\u1edbi nh\u00f3m Mapsly - Mapsly","robots":{"index":"index","follow":"follow","max-snippet":"max-snippet:-1","max-image-preview":"max-image-preview:large","max-video-preview":"max-video-preview:-1"},"canonical":"https:\/\/mapsly.com\/vi\/livechat\/","og_locale":"vi_VN","og_type":"article","og_title":"Live chat with Mapsly team - Mapsly","og_description":"Live chat with Mapsly team The chat window will appear in a few seconds\u2026 You can also start a live chat from any page on our website or in the Mapsly appby clicking the chat image in the lower right corner:","og_url":"https:\/\/mapsly.com\/vi\/livechat\/","og_site_name":"Mapsly","article_modified_time":"2025-10-19T20:26:21+00:00","og_image":[{"url":"https:\/\/mapsly.com\/wp-content\/uploads\/2025\/09\/imageedit_2_5651476538-1-r73s64i5mp51rmzczigj3hqavw50kehp4uyir381nc.webp","type":"","width":"","height":""}],"twitter_card":"summary_large_image","twitter_misc":{"\u01af\u1edbc t\u00ednh th\u1eddi gian \u0111\u1ecdc":"1 ph\u00fat"},"schema":{"@context":"https:\/\/schema.org","@graph":[{"@type":"WebPage","@id":"https:\/\/mapsly.com\/id\/livechat\/","url":"https:\/\/mapsly.com\/id\/livechat\/","name":"Tr\u00f2 chuy\u1ec7n tr\u1ef1c ti\u1ebfp v\u1edbi nh\u00f3m Mapsly - Mapsly","isPartOf":{"@id":"https:\/\/mapsly.com\/#website"},"primaryImageOfPage":{"@id":"https:\/\/mapsly.com\/id\/livechat\/#primaryimage"},"image":{"@id":"https:\/\/mapsly.com\/id\/livechat\/#primaryimage"},"thumbnailUrl":"https:\/\/mapsly.com\/wp-content\/uploads\/2025\/09\/imageedit_2_5651476538-1-r73s64i5mp51rmzczigj3hqavw50kehp4uyir381nc.webp","datePublished":"2025-06-26T13:32:39+00:00","dateModified":"2025-10-19T20:26:21+00:00","breadcrumb":{"@id":"https:\/\/mapsly.com\/id\/livechat\/#breadcrumb"},"inLanguage":"vi","potentialAction":[{"@type":"ReadAction","target":["https:\/\/mapsly.com\/id\/livechat\/"]}]},{"@type":"ImageObject","inLanguage":"vi","@id":"https:\/\/mapsly.com\/id\/livechat\/#primaryimage","url":"https:\/\/mapsly.com\/wp-content\/uploads\/2025\/09\/imageedit_2_5651476538-1-r73s64i5mp51rmzczigj3hqavw50kehp4uyir381nc.webp","contentUrl":"https:\/\/mapsly.com\/wp-content\/uploads\/2025\/09\/imageedit_2_5651476538-1-r73s64i5mp51rmzczigj3hqavw50kehp4uyir381nc.webp"},{"@type":"BreadcrumbList","@id":"https:\/\/mapsly.com\/id\/livechat\/#breadcrumb","itemListElement":[{"@type":"ListItem","position":1,"name":"Home","item":"https:\/\/mapsly.com\/"},{"@type":"ListItem","position":2,"name":"Live chat with Mapsly team"}]},{"@type":"WebSite","@id":"https:\/\/mapsly.com\/#website","url":"https:\/\/mapsly.com\/","name":"Mapsly","description":"B\u1ea3n \u0111\u1ed3 CRM t\u1ed1i th\u01b0\u1ee3ng","publisher":{"@id":"https:\/\/mapsly.com\/#organization"},"potentialAction":[{"@type":"SearchAction","target":{"@type":"EntryPoint","urlTemplate":"https:\/\/mapsly.com\/?s={search_term_string}"},"query-input":{"@type":"PropertyValueSpecification","valueRequired":true,"valueName":"search_term_string"}}],"inLanguage":"vi"},{"@type":"Organization","@id":"https:\/\/mapsly.com\/#organization","name":"Mapsly","url":"https:\/\/mapsly.com\/","logo":{"@type":"ImageObject","inLanguage":"vi","@id":"https:\/\/mapsly.com\/#\/schema\/logo\/image\/","url":"https:\/\/mapsly.com\/wp-content\/uploads\/2025\/06\/Mapsly-Logo-2x-BIG.png","contentUrl":"https:\/\/mapsly.com\/wp-content\/uploads\/2025\/06\/Mapsly-Logo-2x-BIG.png","width":280,"height":85,"caption":"Mapsly"},"image":{"@id":"https:\/\/mapsly.com\/#\/schema\/logo\/image\/"}}]}},"_links":{"self":[{"href":"https:\/\/mapsly.com\/vi\/wp-json\/wp\/v2\/pages\/320","targetHints":{"allow":["GET"]}}],"collection":[{"href":"https:\/\/mapsly.com\/vi\/wp-json\/wp\/v2\/pages"}],"about":[{"href":"https:\/\/mapsly.com\/vi\/wp-json\/wp\/v2\/types\/page"}],"author":[{"embeddable":true,"href":"https:\/\/mapsly.com\/vi\/wp-json\/wp\/v2\/users\/1"}],"replies":[{"embeddable":true,"href":"https:\/\/mapsly.com\/vi\/wp-json\/wp\/v2\/comments?post=320"}],"version-history":[{"count":16,"href":"https:\/\/mapsly.com\/vi\/wp-json\/wp\/v2\/pages\/320\/revisions"}],"predecessor-version":[{"id":22188,"href":"https:\/\/mapsly.com\/vi\/wp-json\/wp\/v2\/pages\/320\/revisions\/22188"}],"wp:attachment":[{"href":"https:\/\/mapsly.com\/vi\/wp-json\/wp\/v2\/media?parent=320"}],"curies":[{"name":"wp","href":"https:\/\/api.w.org\/{rel}","templated":true}]}}