{"id":279,"date":"2025-06-26T15:55:56","date_gmt":"2025-06-26T12:55:56","guid":{"rendered":"https:\/\/mapsly.com?page_id=279"},"modified":"2025-12-16T14:29:07","modified_gmt":"2025-12-16T11:29:07","slug":"access-control-and-sharing","status":"publish","type":"page","link":"https:\/\/mapsly.com\/vi\/access-control-and-sharing\/","title":{"rendered":"Ki\u1ec3m so\u00e1t ai th\u1ea5y g\u00ec tr\u00ean Mapsly"},"content":{"rendered":"<div data-elementor-type=\"wp-page\" data-elementor-id=\"279\" class=\"elementor elementor-279\" data-elementor-post-type=\"page\">\n\t\t\t\t<div class=\"elementor-element elementor-element-7d73e3c e-flex e-con-boxed e-con e-parent\" data-id=\"7d73e3c\" data-element_type=\"container\" data-e-type=\"container\">\n\t\t\t\t\t<div class=\"e-con-inner\">\n\t\t\t\t<div class=\"elementor-element elementor-element-73a13d2 elementor-widget elementor-widget-heading\" data-id=\"73a13d2\" data-element_type=\"widget\" data-e-type=\"widget\" data-widget_type=\"heading.default\">\n\t\t\t\t<div class=\"elementor-widget-container\">\n\t\t\t\t\t<h2 class=\"elementor-heading-title elementor-size-default\">Ki\u1ec3m so\u00e1t ai th\u1ea5y g\u00ec tr\u00ean Mapsly\n<\/h2>\t\t\t\t<\/div>\n\t\t\t\t<\/div>\n\t\t\t\t<div class=\"elementor-element elementor-element-3f9320f elementor-widget elementor-widget-text-editor\" data-id=\"3f9320f\" data-element_type=\"widget\" data-e-type=\"widget\" data-widget_type=\"text-editor.default\">\n\t\t\t\t<div class=\"elementor-widget-container\">\n\t\t\t\t\t\t\t\t\t<p>C\u1ea5u h\u00ecnh quy\u1ec1n truy c\u1eadp v\u00e0o c\u00e1c \u0111\u1ed1i t\u01b0\u1ee3ng, c\u00e1c tr\u01b0\u1eddng c\u1ee7a ch\u00fang, c\u00e1c b\u1ea3n ghi ri\u00eang l\u1ebb v\u00e0 c\u00e1c t\u00ednh n\u0103ng c\u1ee7a Mapsly b\u1eb1ng c\u00e1ch s\u1eed d\u1ee5ng h\u1ed3 s\u01a1 ng\u01b0\u1eddi d\u00f9ng<\/p>\t\t\t\t\t\t\t\t<\/div>\n\t\t\t\t<\/div>\n\t\t\t\t\t<\/div>\n\t\t\t\t<\/div>\n\t\t<div class=\"elementor-element elementor-element-34eda8f4 e-flex e-con-boxed e-con e-parent\" data-id=\"34eda8f4\" data-element_type=\"container\" data-e-type=\"container\">\n\t\t\t\t\t<div class=\"e-con-inner\">\n\t\t\t\t<div class=\"elementor-element elementor-element-2332bdf6 elementor-widget elementor-widget-text-editor\" data-id=\"2332bdf6\" data-element_type=\"widget\" data-e-type=\"widget\" data-widget_type=\"text-editor.default\">\n\t\t\t\t<div class=\"elementor-widget-container\">\n\t\t\t\t\t\t\t\t\t\n<p>M\u1ed7i ng\u01b0\u1eddi d\u00f9ng Mapsly \u0111\u1ec1u \u0111\u01b0\u1ee3c g\u00e1n m\u1ed9t h\u1ed3 s\u01a1 ng\u01b0\u1eddi d\u00f9ng, h\u1ed3 s\u01a1 n\u00e0y x\u00e1c \u0111\u1ecbnh c\u00e1c \u0111\u1ed1i t\u01b0\u1ee3ng, b\u1ea3n ghi v\u00e0 t\u00ednh n\u0103ng Mapsly m\u00e0 ng\u01b0\u1eddi d\u00f9ng c\u00f3 th\u1ec3 truy c\u1eadp, c\u0169ng nh\u01b0 li\u1ec7u h\u1ecd ch\u1ec9 c\u00f3 th\u1ec3 xem hay c\u00f2n c\u00f3 th\u1ec3 ch\u1ec9nh s\u1eeda (t\u1ea1o m\u1edbi v\u00e0 c\u1eadp nh\u1eadt c\u00e1c b\u1ea3n ghi hi\u1ec7n c\u00f3) c\u00e1c b\u1ea3n ghi.<\/p>\n\n<p>Xin l\u01b0u \u00fd r\u1eb1ng h\u1ed3 s\u01a1 ng\u01b0\u1eddi d\u00f9ng (vai tr\u00f2) kh\u00f4ng \u0111\u01b0\u1ee3c \u0111\u1ed3ng b\u1ed9 t\u1ef1 \u0111\u1ed9ng v\u1edbi CRM c\u1ee7a b\u1ea1n, v\u00ec v\u1eady \u0111\u1ec3 \u0111i\u1ec1u ch\u1ec9nh quy\u1ec1n truy c\u1eadp v\u01b0\u1ee3t qu\u00e1 c\u1ea5u h\u00ecnh m\u1eb7c \u0111\u1ecbnh c\u1ee7a Mapsly, b\u1ea1n s\u1ebd c\u1ea7n t\u1ea1o v\u00e0 g\u00e1n h\u1ed3 s\u01a1 ng\u01b0\u1eddi d\u00f9ng trong Mapsly m\u1ed9t c\u00e1ch \u0111\u1ed9c l\u1eadp v\u1edbi CRM c\u1ee7a b\u1ea1n.<\/p>\n\n<h3 class=\"has-text-align-center wp-block-heading\"><strong>H\u1ed3 s\u01a1 m\u1eb7c \u0111\u1ecbnh &amp; c\u1ea5p \u0111\u1ed9 truy c\u1eadp c\u1ee7a ch\u00fang<\/strong><\/h3>\n\n<p>M\u1eb7c \u0111\u1ecbnh, t\u00e0i kho\u1ea3n Mapsly c\u1ee7a b\u1ea1n c\u00f3 hai h\u1ed3 s\u01a1 ng\u01b0\u1eddi d\u00f9ng: Administrator v\u00e0 Standard user. B\u1ea1n c\u00f3 th\u1ec3 th\u00eam nhi\u1ec1u h\u1ed3 s\u01a1 h\u01a1n khi c\u1ea7n.<\/p>\n\n<p>Ng\u01b0\u1eddi t\u1ea1o t\u00e0i kho\u1ea3n Mapsly v\u00e0 k\u1ebft n\u1ed1i ngu\u1ed3n d\u1eef li\u1ec7u c\u1ee7a b\u1ea1n s\u1ebd t\u1ef1 \u0111\u1ed9ng tr\u1edf th\u00e0nh qu\u1ea3n tr\u1ecb vi\u00ean Mapsly \u0111\u1ea7u ti\u00ean.<\/p>\n\n<p>N\u1ebfu CRM c\u1ee7a b\u1ea1n h\u1ed7 tr\u1ee3 Single Sign-On, ng\u01b0\u1eddi d\u00f9ng t\u1eeb t\u1ed5 ch\u1ee9c CRM c\u1ee7a b\u1ea1n khi \u0111\u0103ng nh\u1eadp Mapsly s\u1ebd \u0111\u01b0\u1ee3c t\u1ef1 \u0111\u1ed9ng th\u00eam v\u00e0o t\u00e0i kho\u1ea3n ng\u01b0\u1eddi d\u00f9ng c\u1ee7a b\u1ea1n v\u1edbi t\u01b0 c\u00e1ch l\u00e0 ng\u01b0\u1eddi d\u00f9ng Standard. Theo m\u1eb7c \u0111\u1ecbnh, ng\u01b0\u1eddi d\u00f9ng Standard s\u1ebd t\u1ef1 \u0111\u1ed9ng \u0111\u01b0\u1ee3c c\u1ea5p quy\u1ec1n truy c\u1eadp v\u00e0o c\u00e1c \u0111\u1ed1i t\u01b0\u1ee3ng \u0111\u00e3 \u0111\u01b0\u1ee3c th\u00eam v\u00e0o khi \u0111\u0103ng k\u00fd t\u00e0i kho\u1ea3n Mapsly nh\u01b0ng ch\u1ec9 c\u00f3 quy\u1ec1n truy c\u1eadp v\u00e0o c\u00e1c b\u1ea3n ghi m\u00e0 h\u1ecd s\u1edf h\u1eefu (trong CRM c\u1ee7a b\u1ea1n).<\/p>\n\n<h2 class=\"has-text-align-center wp-block-heading\"><strong>Truy c\u1eadp d\u1eef li\u1ec7u<\/strong><\/h2>\n\n<h3 class=\"has-text-align-center wp-block-heading\"><strong>Quy\u1ec1n truy c\u1eadp c\u1ea5p \u0111\u1ed1i t\u01b0\u1ee3ng v\u00e0 c\u1ea5p tr\u01b0\u1eddng. Quy\u1ec1n s\u1edf h\u1eefu b\u1ea3n ghi c\u00f3 th\u1ec3 \u0111i\u1ec1u ch\u1ec9nh.<\/strong><\/h3>\n\n<p>M\u1ed7i \u0111\u1ed1i t\u01b0\u1ee3ng trong h\u1ed3 s\u01a1 ng\u01b0\u1eddi d\u00f9ng c\u00f3 hai quy\u1ec1n: cho ch\u1ee7 s\u1edf h\u1eefu b\u1ea3n ghi v\u00e0 cho ng\u01b0\u1eddi kh\u00f4ng ph\u1ea3i ch\u1ee7 s\u1edf h\u1eefu. Quy\u1ec1n s\u1edf h\u1eefu \u0111\u01b0\u1ee3c x\u00e1c \u0111\u1ecbnh d\u1ef1a tr\u00ean vi\u1ec7c ID ng\u01b0\u1eddi d\u00f9ng CRM c\u1ee7a ng\u01b0\u1eddi d\u00f9ng Mapsly c\u00f3 kh\u1edbp v\u1edbi gi\u00e1 tr\u1ecb trong tr\u01b0\u1eddng Owner c\u1ee7a m\u1ed9t b\u1ea3n ghi c\u1ee5 th\u1ec3 hay kh\u00f4ng. \u0110\u1ed1i v\u1edbi c\u00e1c b\u1ea3n ghi c\u1ee7a \u0111\u1ed1i t\u01b0\u1ee3ng m\u00e0 ng\u01b0\u1eddi d\u00f9ng \u0111\u00f3 s\u1edf h\u1eefu, Mapsly s\u1ebd \u00e1p d\u1ee5ng quy\u1ec1n c\u1ee7a ch\u1ee7 s\u1edf h\u1eefu; \u0111\u1ed1i v\u1edbi c\u00e1c b\u1ea3n ghi kh\u00e1c &#8211; quy\u1ec1n c\u1ee7a ng\u01b0\u1eddi kh\u00f4ng ph\u1ea3i ch\u1ee7 s\u1edf h\u1eefu.<\/p>\n\n<p>C\u1ea3 ID ng\u01b0\u1eddi d\u00f9ng CRM v\u00e0 \u00e1nh x\u1ea1 tr\u01b0\u1eddng Owner cho t\u1ea5t c\u1ea3 c\u00e1c \u0111\u1ed1i t\u01b0\u1ee3ng \u0111\u1ec1u c\u00f3 th\u1ec3 c\u1ea5u h\u00ecnh, v\u00ec v\u1eady b\u1ea1n c\u0169ng c\u00f3 th\u1ec3 s\u1eed d\u1ee5ng kh\u00e1i ni\u1ec7m Ownership cho nh\u1eefng ng\u01b0\u1eddi d\u00f9ng Mapsly \u0111\u01b0\u1ee3c th\u00eam v\u00e0o th\u1ee7 c\u00f4ng v\u00e0 KH\u00d4NG ph\u1ea3i l\u00e0 ng\u01b0\u1eddi d\u00f9ng CRM c\u1ee7a b\u1ea1n.<\/p>\n\n<p>Quy\u1ec1n c\u1ee7a ch\u1ee7 s\u1edf h\u1eefu v\u00e0 ng\u01b0\u1eddi kh\u00f4ng s\u1edf h\u1eefu c\u00f3 th\u1ec3 \u0111\u01b0\u1ee3c \u0111\u1eb7t th\u00e0nh \u1ea8n, Xem v\u00e0 Ch\u1ec9nh s\u1eeda. Ngo\u00e0i ra, b\u1ea1n c\u00f3 th\u1ec3 ch\u1ec9 \u0111\u1ecbnh m\u1ee9c \u0111\u1ed9 truy c\u1eadp cho t\u1eebng tr\u01b0\u1eddng ri\u00eang l\u1ebb.<\/p>\n\n<h3 class=\"has-text-align-center wp-block-heading\"><span id=\"sharing\"><strong>Quy t\u1eafc chia s\u1ebb b\u1ea3n ghi<\/strong><\/span><\/h3>\n\n<p>B\u00ean c\u1ea1nh c\u00e1c quy\u1ec1n cho ch\u1ee7 s\u1edf h\u1eefu v\u00e0 ng\u01b0\u1eddi kh\u00f4ng s\u1edf h\u1eefu h\u1ed3 s\u01a1, b\u1ea1n c\u00f3 th\u1ec3 \u0111\u1ecbnh ngh\u0129a l\u00ean \u0111\u1ebfn hai quy t\u1eafc chia s\u1ebb h\u1ed3 s\u01a1, m\u1ed7i quy t\u1eafc bao g\u1ed3m m\u1ed9t \u0111i\u1ec1u ki\u1ec7n v\u00e0 quy\u1ec1n m\u1ee5c ti\u00eau: khi m\u1ed9t h\u1ed3 s\u01a1 \u0111\u00e1p \u1ee9ng \u0111i\u1ec1u ki\u1ec7n c\u1ee7a m\u1ed9t quy t\u1eafc, m\u1ee9c \u0111\u1ed9 truy c\u1eadp c\u1ee7a ng\u01b0\u1eddi d\u00f9ng s\u1ebd \u0111\u01b0\u1ee3c n\u00e2ng l\u00ean d\u1ef1a tr\u00ean quy\u1ec1n \u0111\u00e3 x\u00e1c \u0111\u1ecbnh, quy\u1ec1n n\u00e0y c\u0169ng c\u00f3 th\u1ec3 l\u00e0 \u1ea8n, Xem, S\u1eeda ho\u1eb7c \u0111\u01b0\u1ee3c \u0111\u1ecbnh ngh\u0129a \u1edf c\u1ea5p \u0111\u1ed9 t\u1eebng tr\u01b0\u1eddng.<\/p>\n\n<p>Xin l\u01b0u \u00fd r\u1eb1ng &#8211; theo thi\u1ebft k\u1ebf &#8211; c\u00e1c quy t\u1eafc chia s\u1ebb ch\u1ec9 c\u00f3 th\u1ec3 \u0111\u01b0\u1ee3c s\u1eed d\u1ee5ng \u0111\u1ec3 n\u00e2ng cao m\u1ee9c truy c\u1eadp (c\u1ea5p th\u00eam quy\u1ec1n) cho c\u00e1c b\u1ea3n ghi, v\u00e0 kh\u00f4ng th\u1ec3 \u0111\u01b0\u1ee3c s\u1eed d\u1ee5ng \u0111\u1ec3 h\u1ea1n ch\u1ebf truy c\u1eadp.<\/p>\n\n<h3 class=\"has-text-align-center wp-block-heading\"><strong>Truy c\u1eadp v\u00e0o c\u00e1c t\u00ednh n\u0103ng c\u1ee7a Mapsly<\/strong><\/h3>\n\n<p>Trong h\u1ed3 s\u01a1 ng\u01b0\u1eddi d\u00f9ng, b\u1ea1n c\u0169ng c\u00f3 th\u1ec3 v\u00f4 hi\u1ec7u h\u00f3a c\u00e1c t\u00ednh n\u0103ng Mapsly m\u00e0 ng\u01b0\u1eddi d\u00f9ng kh\u00f4ng n\u00ean c\u00f3 quy\u1ec1n truy c\u1eadp (v\u00ed d\u1ee5: xu\u1ea5t d\u1eef li\u1ec7u ra t\u1ec7p ho\u1eb7c thay \u0111\u1ed5i \u00e1nh x\u1ea1 tr\u01b0\u1eddng cho vi\u1ec7c xu\u1ea5t th\u00f4ng tin kh\u00e1ch h\u00e0ng ti\u1ec1m n\u0103ng) v\u00e0 c\u1ea5u h\u00ecnh c\u00e1c t\u00ednh n\u0103ng giao di\u1ec7n ng\u01b0\u1eddi d\u00f9ng kh\u00e1c nhau (nh\u01b0 b\u1ea3ng \u0111i\u1ec1u khi\u1ec3n b\u00ean, b\u1ed9 l\u1ecdc thanh t\u00ecm ki\u1ebfm v\u00e0 nhi\u1ec1u h\u01a1n n\u1eefa).<\/p>\n\n<figure class=\"wp-block-pullquote\">\n<blockquote>\n<p>Kh\u00f4ng ch\u1eafc l\u00e0m sao \u0111\u1ec3 \u0111i\u1ec1u ch\u1ec9nh quy\u1ec1n truy c\u1eadp v\u00e0o d\u1eef li\u1ec7u ho\u1eb7c t\u00ednh n\u0103ng trong Mapsly. <br \/>\u2014 h\u00e3y h\u1ecfi k\u1ef9 s\u01b0 gi\u1ea3i ph\u00e1p c\u1ee7a ch\u00fang t\u00f4i!<br \/><a href=\"https:\/\/calendly.com\/mapsly-meeting\/quick-demo\" target=\"_blank\" rel=\"noopener\">\u0110\u1eb7t l\u1ecbch cu\u1ed9c g\u1ecdi<\/a>.<\/p>\n<cite>ho\u1eb7c tr\u00f2 chuy\u1ec7n v\u1edbi ch\u00fang t\u00f4i, ch\u00fang t\u00f4i lu\u00f4n tr\u1ef1c tuy\u1ebfn<\/cite><\/blockquote>\n<\/figure>\n\n<div class=\"wp-block-spacer\" style=\"height: 100px;\" aria-hidden=\"true\">\u00a0<\/div>\n\n<h2 class=\"has-text-align-center wp-block-heading\" style=\"font-weight: bold; color: #222d39; margin-bottom: 30px;\">T\u00ecm hi\u1ec3u th\u00eam tr\u00ean Mapsly Help Center<\/h2>\n\n<ul class=\"wp-block-list\" id=\"block-7ddd40ac-6029-4249-bb66-ea2ceb32afd3\">\n<li><a href=\"https:\/\/help.mapsly.com\/articles\/4337620\">S\u1eed d\u1ee5ng h\u1ed3 s\u01a1 ng\u01b0\u1eddi d\u00f9ng \u0111\u1ec3 \u0111i\u1ec1u ch\u1ec9nh quy\u1ec1n truy c\u1eadp d\u1eef li\u1ec7u v\u00e0 b\u1eadt\/t\u1eaft c\u00e1c t\u00ednh n\u0103ng Mapsly cho c\u00e1c nh\u00f3m ng\u01b0\u1eddi d\u00f9ng<\/a>.<\/li>\n<li><a href=\"https:\/\/help.mapsly.com\/articles\/4353717\">C\u1ea5p quy\u1ec1n truy c\u1eadp v\u00e0o h\u1ed3 s\u01a1, ho\u1eb7c c\u00e1c tr\u01b0\u1eddng c\u1ee5 th\u1ec3 c\u1ee7a ch\u00fang, d\u1ef1a tr\u00ean m\u1ed9t \u0111i\u1ec1u ki\u1ec7n<\/a>.<\/li>\n<\/ul>\n\n<div class=\"wp-block-spacer\" style=\"height: 100px;\" aria-hidden=\"true\">\u00a0<\/div>\n\t\t\t\t\t\t\t\t<\/div>\n\t\t\t\t<\/div>\n\t\t\t\t\t<\/div>\n\t\t\t\t<\/div>\n\t\t\t\t<\/div>","protected":false},"excerpt":{"rendered":"<p>Ki\u1ec3m so\u00e1t ai nh\u00ecn th\u1ea5y c\u00e1i g\u00ec trong Mapsly. C\u1ea5u h\u00ecnh quy\u1ec1n truy c\u1eadp v\u00e0o c\u00e1c \u0111\u1ed1i t\u01b0\u1ee3ng, c\u00e1c tr\u01b0\u1eddng c\u1ee7a ch\u00fang, c\u00e1c b\u1ea3n ghi ri\u00eang l\u1ebb v\u00e0 c\u00e1c t\u00ednh n\u0103ng c\u1ee7a Mapsly b\u1eb1ng c\u00e1ch s\u1eed d\u1ee5ng h\u1ed3 s\u01a1 ng\u01b0\u1eddi d\u00f9ng. M\u1ed7i ng\u01b0\u1eddi d\u00f9ng Mapsly \u0111\u01b0\u1ee3c g\u00e1n m\u1ed9t h\u1ed3 s\u01a1 x\u00e1c \u0111\u1ecbnh \u0111\u1ed1i t\u01b0\u1ee3ng, b\u1ea3n ghi v\u00e0 c\u00e1c t\u00ednh n\u0103ng Mapsly m\u00e0 h\u1ecd \u0111\u01b0\u1ee3c ph\u00e9p truy c\u1eadp, c\u0169ng nh\u01b0 h\u1ecd ch\u1ec9 c\u00f3 th\u1ec3 xem hay c\u00f2n c\u00f3 th\u1ec3 ch\u1ec9nh s\u1eeda (t\u1ea1o m\u1edbi v\u00e0 [\u2026]<\/p>","protected":false},"author":1,"featured_media":0,"parent":0,"menu_order":0,"comment_status":"closed","ping_status":"closed","template":"elementor_header_footer","meta":{"_acf_changed":false,"footnotes":""},"class_list":["post-279","page","type-page","status-publish","hentry"],"acf":[],"yoast_head":"<!-- This site is optimized with the Yoast SEO plugin v26.6 - https:\/\/yoast.com\/wordpress\/plugins\/seo\/ -->\n<title>Control Who Sees What in Mapsly - Mapsly<\/title>\n<meta name=\"description\" content=\"Configure access to objects, their fields and Mapsly features using user profiles. Share individual records with record sharing rules.\" \/>\n<meta name=\"robots\" content=\"index, follow, max-snippet:-1, max-image-preview:large, max-video-preview:-1\" \/>\n<link rel=\"canonical\" href=\"https:\/\/mapsly.com\/vi\/access-control-and-sharing\/\" \/>\n<meta property=\"og:locale\" content=\"vi_VN\" \/>\n<meta property=\"og:type\" content=\"article\" \/>\n<meta property=\"og:title\" content=\"Control Who Sees What in Mapsly - Mapsly\" \/>\n<meta property=\"og:description\" content=\"Configure access to objects, their fields and Mapsly features using user profiles. Share individual records with record sharing rules.\" \/>\n<meta property=\"og:url\" content=\"https:\/\/mapsly.com\/vi\/access-control-and-sharing\/\" \/>\n<meta property=\"og:site_name\" content=\"Mapsly\" \/>\n<meta property=\"article:modified_time\" content=\"2025-12-16T11:29:07+00:00\" \/>\n<meta name=\"twitter:card\" content=\"summary_large_image\" \/>\n<meta name=\"twitter:label1\" content=\"\u01af\u1edbc t\u00ednh th\u1eddi gian \u0111\u1ecdc\" \/>\n\t<meta name=\"twitter:data1\" content=\"3 ph\u00fat\" \/>\n<script type=\"application\/ld+json\" class=\"yoast-schema-graph\">{\"@context\":\"https:\/\/schema.org\",\"@graph\":[{\"@type\":\"WebPage\",\"@id\":\"https:\/\/mapsly.com\/pt\/access-control-and-sharing\/\",\"url\":\"https:\/\/mapsly.com\/pt\/access-control-and-sharing\/\",\"name\":\"Control Who Sees What in Mapsly - Mapsly\",\"isPartOf\":{\"@id\":\"https:\/\/mapsly.com\/#website\"},\"datePublished\":\"2025-06-26T12:55:56+00:00\",\"dateModified\":\"2025-12-16T11:29:07+00:00\",\"description\":\"Configure access to objects, their fields and Mapsly features using user profiles. Share individual records with record sharing rules.\",\"breadcrumb\":{\"@id\":\"https:\/\/mapsly.com\/pt\/access-control-and-sharing\/#breadcrumb\"},\"inLanguage\":\"vi\",\"potentialAction\":[{\"@type\":\"ReadAction\",\"target\":[\"https:\/\/mapsly.com\/pt\/access-control-and-sharing\/\"]}]},{\"@type\":\"BreadcrumbList\",\"@id\":\"https:\/\/mapsly.com\/pt\/access-control-and-sharing\/#breadcrumb\",\"itemListElement\":[{\"@type\":\"ListItem\",\"position\":1,\"name\":\"Home\",\"item\":\"https:\/\/mapsly.com\/\"},{\"@type\":\"ListItem\",\"position\":2,\"name\":\"Control Who Sees What in Mapsly\"}]},{\"@type\":\"WebSite\",\"@id\":\"https:\/\/mapsly.com\/#website\",\"url\":\"https:\/\/mapsly.com\/\",\"name\":\"Mapsly\",\"description\":\"The Ultimate CRM Map\",\"publisher\":{\"@id\":\"https:\/\/mapsly.com\/#organization\"},\"potentialAction\":[{\"@type\":\"SearchAction\",\"target\":{\"@type\":\"EntryPoint\",\"urlTemplate\":\"https:\/\/mapsly.com\/?s={search_term_string}\"},\"query-input\":{\"@type\":\"PropertyValueSpecification\",\"valueRequired\":true,\"valueName\":\"search_term_string\"}}],\"inLanguage\":\"vi\"},{\"@type\":\"Organization\",\"@id\":\"https:\/\/mapsly.com\/#organization\",\"name\":\"Mapsly\",\"url\":\"https:\/\/mapsly.com\/\",\"logo\":{\"@type\":\"ImageObject\",\"inLanguage\":\"vi\",\"@id\":\"https:\/\/mapsly.com\/#\/schema\/logo\/image\/\",\"url\":\"https:\/\/mapsly.com\/wp-content\/uploads\/2025\/06\/Mapsly-Logo-2x-BIG.png\",\"contentUrl\":\"https:\/\/mapsly.com\/wp-content\/uploads\/2025\/06\/Mapsly-Logo-2x-BIG.png\",\"width\":280,\"height\":85,\"caption\":\"Mapsly\"},\"image\":{\"@id\":\"https:\/\/mapsly.com\/#\/schema\/logo\/image\/\"}}]}<\/script>\n<!-- \/ Yoast SEO plugin. -->","yoast_head_json":{"title":"Ki\u1ec3m so\u00e1t ai th\u1ea5y g\u00ec trong Mapsly - Mapsly","description":"C\u1ea5u h\u00ecnh quy\u1ec1n truy c\u1eadp v\u00e0o c\u00e1c \u0111\u1ed1i t\u01b0\u1ee3ng, c\u00e1c tr\u01b0\u1eddng c\u1ee7a ch\u00fang v\u00e0 c\u00e1c t\u00ednh n\u0103ng Mapsly b\u1eb1ng c\u00e1ch s\u1eed d\u1ee5ng h\u1ed3 s\u01a1 ng\u01b0\u1eddi d\u00f9ng. Chia s\u1ebb c\u00e1c b\u1ea3n ghi ri\u00eang l\u1ebb b\u1eb1ng c\u00e1c quy t\u1eafc chia s\u1ebb b\u1ea3n ghi.","robots":{"index":"index","follow":"follow","max-snippet":"max-snippet:-1","max-image-preview":"max-image-preview:large","max-video-preview":"max-video-preview:-1"},"canonical":"https:\/\/mapsly.com\/vi\/access-control-and-sharing\/","og_locale":"vi_VN","og_type":"article","og_title":"Control Who Sees What in Mapsly - Mapsly","og_description":"Configure access to objects, their fields and Mapsly features using user profiles. Share individual records with record sharing rules.","og_url":"https:\/\/mapsly.com\/vi\/access-control-and-sharing\/","og_site_name":"Mapsly","article_modified_time":"2025-12-16T11:29:07+00:00","twitter_card":"summary_large_image","twitter_misc":{"\u01af\u1edbc t\u00ednh th\u1eddi gian \u0111\u1ecdc":"3 ph\u00fat"},"schema":{"@context":"https:\/\/schema.org","@graph":[{"@type":"WebPage","@id":"https:\/\/mapsly.com\/pt\/access-control-and-sharing\/","url":"https:\/\/mapsly.com\/pt\/access-control-and-sharing\/","name":"Ki\u1ec3m so\u00e1t ai th\u1ea5y g\u00ec trong Mapsly - Mapsly","isPartOf":{"@id":"https:\/\/mapsly.com\/#website"},"datePublished":"2025-06-26T12:55:56+00:00","dateModified":"2025-12-16T11:29:07+00:00","description":"C\u1ea5u h\u00ecnh quy\u1ec1n truy c\u1eadp v\u00e0o c\u00e1c \u0111\u1ed1i t\u01b0\u1ee3ng, c\u00e1c tr\u01b0\u1eddng c\u1ee7a ch\u00fang v\u00e0 c\u00e1c t\u00ednh n\u0103ng Mapsly b\u1eb1ng c\u00e1ch s\u1eed d\u1ee5ng h\u1ed3 s\u01a1 ng\u01b0\u1eddi d\u00f9ng. Chia s\u1ebb c\u00e1c b\u1ea3n ghi ri\u00eang l\u1ebb b\u1eb1ng c\u00e1c quy t\u1eafc chia s\u1ebb b\u1ea3n ghi.","breadcrumb":{"@id":"https:\/\/mapsly.com\/pt\/access-control-and-sharing\/#breadcrumb"},"inLanguage":"vi","potentialAction":[{"@type":"ReadAction","target":["https:\/\/mapsly.com\/pt\/access-control-and-sharing\/"]}]},{"@type":"BreadcrumbList","@id":"https:\/\/mapsly.com\/pt\/access-control-and-sharing\/#breadcrumb","itemListElement":[{"@type":"ListItem","position":1,"name":"Home","item":"https:\/\/mapsly.com\/"},{"@type":"ListItem","position":2,"name":"Control Who Sees What in Mapsly"}]},{"@type":"WebSite","@id":"https:\/\/mapsly.com\/#website","url":"https:\/\/mapsly.com\/","name":"Mapsly","description":"B\u1ea3n \u0111\u1ed3 CRM t\u1ed1i th\u01b0\u1ee3ng","publisher":{"@id":"https:\/\/mapsly.com\/#organization"},"potentialAction":[{"@type":"SearchAction","target":{"@type":"EntryPoint","urlTemplate":"https:\/\/mapsly.com\/?s={search_term_string}"},"query-input":{"@type":"PropertyValueSpecification","valueRequired":true,"valueName":"search_term_string"}}],"inLanguage":"vi"},{"@type":"Organization","@id":"https:\/\/mapsly.com\/#organization","name":"Mapsly","url":"https:\/\/mapsly.com\/","logo":{"@type":"ImageObject","inLanguage":"vi","@id":"https:\/\/mapsly.com\/#\/schema\/logo\/image\/","url":"https:\/\/mapsly.com\/wp-content\/uploads\/2025\/06\/Mapsly-Logo-2x-BIG.png","contentUrl":"https:\/\/mapsly.com\/wp-content\/uploads\/2025\/06\/Mapsly-Logo-2x-BIG.png","width":280,"height":85,"caption":"Mapsly"},"image":{"@id":"https:\/\/mapsly.com\/#\/schema\/logo\/image\/"}}]}},"_links":{"self":[{"href":"https:\/\/mapsly.com\/vi\/wp-json\/wp\/v2\/pages\/279","targetHints":{"allow":["GET"]}}],"collection":[{"href":"https:\/\/mapsly.com\/vi\/wp-json\/wp\/v2\/pages"}],"about":[{"href":"https:\/\/mapsly.com\/vi\/wp-json\/wp\/v2\/types\/page"}],"author":[{"embeddable":true,"href":"https:\/\/mapsly.com\/vi\/wp-json\/wp\/v2\/users\/1"}],"replies":[{"embeddable":true,"href":"https:\/\/mapsly.com\/vi\/wp-json\/wp\/v2\/comments?post=279"}],"version-history":[{"count":38,"href":"https:\/\/mapsly.com\/vi\/wp-json\/wp\/v2\/pages\/279\/revisions"}],"predecessor-version":[{"id":25117,"href":"https:\/\/mapsly.com\/vi\/wp-json\/wp\/v2\/pages\/279\/revisions\/25117"}],"wp:attachment":[{"href":"https:\/\/mapsly.com\/vi\/wp-json\/wp\/v2\/media?parent=279"}],"curies":[{"name":"wp","href":"https:\/\/api.w.org\/{rel}","templated":true}]}}