{"id":25452,"date":"2026-01-19T13:32:22","date_gmt":"2026-01-19T10:32:22","guid":{"rendered":"https:\/\/mapsly.com\/?page_id=25452"},"modified":"2026-01-28T17:01:37","modified_gmt":"2026-01-28T14:01:37","slug":"wizard-guidelines-for-odoo","status":"publish","type":"page","link":"https:\/\/mapsly.com\/vi\/wizard-guidelines-for-odoo\/","title":{"rendered":"H\u01b0\u1edbng d\u1eabn tr\u00ecnh thu\u1eadt s\u0129 cho odoo"},"content":{"rendered":"<div data-elementor-type=\"wp-page\" data-elementor-id=\"25452\" class=\"elementor elementor-25452\" data-elementor-post-type=\"page\">\n\t\t\t\t\t\t<section class=\"elementor-section elementor-top-section elementor-element elementor-element-7de1516 elementor-section-boxed elementor-section-height-default elementor-section-height-default\" data-id=\"7de1516\" data-element_type=\"section\" data-e-type=\"section\">\n\t\t\t\t\t\t<div class=\"elementor-container elementor-column-gap-default\">\n\t\t\t\t\t<div class=\"elementor-column elementor-col-100 elementor-top-column elementor-element elementor-element-1cc88704\" data-id=\"1cc88704\" data-element_type=\"column\" data-e-type=\"column\">\n\t\t\t<div class=\"elementor-widget-wrap elementor-element-populated\">\n\t\t\t\t\t\t<div class=\"elementor-element elementor-element-41416312 elementor-widget__width-initial elementor-widget elementor-widget-text-editor\" data-id=\"41416312\" data-element_type=\"widget\" data-e-type=\"widget\" data-widget_type=\"text-editor.default\">\n\t\t\t\t<div class=\"elementor-widget-container\">\n\t\t\t\t\t\t\t\t\t<p><strong>Quan tr\u1ecdng! API Odoo Online<\/strong> kh\u00f4ng th\u1ec3 g\u1ecdi th\u01b0\u1eddng xuy\u00ean h\u01a1n <strong>m\u1ed9t l\u1ea7n m\u1ed7i gi\u00e2y<\/strong>, \u0111i\u1ec1u n\u00e0y l\u00e0m ch\u1eadm \u0111\u00e1ng k\u1ec3 vi\u1ec7c ph\u00e2n b\u1ed5 t\u1ef1 \u0111\u1ed9ng c\u00e1c v\u00f9ng v\u00e0 c\u1eadp nh\u1eadt h\u00e0ng lo\u1ea1t c\u00e1c b\u1ea3n ghi Odoo t\u1eeb Mapsly v\u00e0 c\u00f3 th\u1ec3 g\u00e2y ra s\u1ef1 ch\u1eadm tr\u1ec5 \u0111\u00e1ng k\u1ec3 trong vi\u1ec7c \u0111\u1ed3ng b\u1ed9 h\u00f3a c\u00e1c c\u1eadp nh\u1eadt t\u1eeb Odoo sang Mapsly.<\/p><p>Ch\u00fang t\u00f4i khuy\u00ean b\u1ea1n n\u00ean s\u1eed d\u1ee5ng <strong>Odoo T\u1ea1i ch\u1ed7<\/strong>, v\u00ec n\u00f3 kh\u00f4ng \u0111\u1eb7t gi\u1edbi h\u1ea1n n\u00e0o \u0111\u1ed1i v\u1edbi vi\u1ec7c s\u1eed d\u1ee5ng API. <a href=\"https:\/\/help.mapsly.com\/en\/articles\/9818984\" target=\"_blank\" rel=\"noopener\">Tham kh\u1ea3o h\u01b0\u1edbng d\u1eabn n\u00e0y<\/a>\u00a0\u0111\u1ec3 k\u1ebft n\u1ed1i t\u00e0i kho\u1ea3n Odoo On-Premise c\u1ee7a b\u1ea1n v\u1edbi Mapsly.<\/p><p>\u0110\u1ec3 ho\u00e0n t\u1ea5t quy tr\u00ecnh \u0111\u0103ng k\u00fd, vui l\u00f2ng cung c\u1ea5p t\u00ean \u0111\u0103ng nh\u1eadp v\u00e0 m\u1eadt kh\u1ea9u qu\u1ea3n tr\u1ecb vi\u00ean Odoo c\u00f9ng v\u1edbi URL \u0111\u1ea7y \u0111\u1ee7 c\u1ee7a m\u00e1y ch\u1ee7 Odoo.<span style=\"letter-spacing: 0px;\">RL\u00a0 bao g\u1ed3m \u201chttps:\/\/\u201d<\/span><span style=\"letter-spacing: 0px;\">, <\/span><span style=\"letter-spacing: 0px;\">T\u00ean c\u01a1 s\u1edf d\u1eef li\u1ec7u Odoo.<\/span><\/p><p>B\u1ea1n lu\u00f4n c\u00f3 th\u1ec3 t\u00ecm th\u1ea5y h\u01b0\u1edbng d\u1eabn c\u00e0i \u0111\u1eb7t \u0111\u1ea7y \u0111\u1ee7 cho <a href=\"https:\/\/help.mapsly.com\/en\/articles\/4742994\" target=\"_blank\" rel=\"noopener\">Odoo Tr\u1ef1c tuy\u1ebfn<\/a> v\u00e0 <a href=\"https:\/\/help.mapsly.com\/en\/articles\/9818984\" target=\"_blank\" rel=\"noopener\">Odoo T\u1ea1i ch\u1ed7<\/a> Trong B\u1ea3n \u0111\u1ed3<span style=\"letter-spacing: 0px;\">trung t\u00e2m tr\u1ee3 gi\u00fap ly.<\/span><\/p>\t\t\t\t\t\t\t\t<\/div>\n\t\t\t\t<\/div>\n\t\t\t\t\t<\/div>\n\t\t<\/div>\n\t\t\t\t\t<\/div>\n\t\t<\/section>\n\t\t\t\t<\/div>","protected":false},"excerpt":{"rendered":"<p>Quan tr\u1ecdng! API Odoo Online kh\u00f4ng th\u1ec3 g\u1ecdi th\u01b0\u1eddng xuy\u00ean h\u01a1n m\u1ed9t l\u1ea7n m\u1ed7i gi\u00e2y, \u0111i\u1ec1u n\u00e0y l\u00e0m ch\u1eadm \u0111\u00e1ng k\u1ec3 vi\u1ec7c ph\u00e2n b\u1ed5 khu v\u1ef1c t\u1ef1 \u0111\u1ed9ng v\u00e0 c\u1eadp nh\u1eadt h\u00e0ng lo\u1ea1t c\u00e1c b\u1ea3n ghi Odoo t\u1eeb Mapsly v\u00e0 c\u00f3 th\u1ec3 g\u00e2y ra s\u1ef1 ch\u1eadm tr\u1ec5 \u0111\u00e1ng k\u1ec3 trong vi\u1ec7c \u0111\u1ed3ng b\u1ed9 h\u00f3a c\u00e1c c\u1eadp nh\u1eadt t\u1eeb Odoo \u0111\u1ebfn Mapsly. Ch\u00fang t\u00f4i khuy\u00ean b\u1ea1n n\u00ean s\u1eed d\u1ee5ng Odoo On-Premise, v\u00ec n\u00f3 kh\u00f4ng \u00e1p \u0111\u1eb7t gi\u1edbi h\u1ea1n n\u00e0o \u0111\u1ed1i v\u1edbi [&hellip;]<\/p>","protected":false},"author":1,"featured_media":0,"parent":0,"menu_order":0,"comment_status":"closed","ping_status":"closed","template":"elementor_canvas","meta":{"_acf_changed":false,"footnotes":""},"class_list":["post-25452","page","type-page","status-publish","hentry"],"acf":[],"yoast_head":"<!-- This site is optimized with the Yoast SEO plugin v26.6 - https:\/\/yoast.com\/wordpress\/plugins\/seo\/ -->\n<title>Wizard guidelines for odoo - Mapsly<\/title>\n<meta name=\"robots\" content=\"index, follow, max-snippet:-1, max-image-preview:large, max-video-preview:-1\" \/>\n<link rel=\"canonical\" href=\"https:\/\/mapsly.com\/vi\/wizard-guidelines-for-odoo\/\" \/>\n<meta property=\"og:locale\" content=\"vi_VN\" \/>\n<meta property=\"og:type\" content=\"article\" \/>\n<meta property=\"og:title\" content=\"Wizard guidelines for odoo - Mapsly\" \/>\n<meta property=\"og:description\" content=\"Important! Odoo Online API cannot be called more frequently than once per second, which significantly slows down the automatic assignment of territories and mass updates of Odoo records from Mapsly and may cause significant delays in synchronization of updates from Odoo to Mapsly. We recommend using Odoo On-Premise, as it does not impose limitations on [&hellip;]\" \/>\n<meta property=\"og:url\" content=\"https:\/\/mapsly.com\/vi\/wizard-guidelines-for-odoo\/\" \/>\n<meta property=\"og:site_name\" content=\"Mapsly\" \/>\n<meta property=\"article:modified_time\" content=\"2026-01-28T14:01:37+00:00\" \/>\n<meta name=\"twitter:card\" content=\"summary_large_image\" \/>\n<meta name=\"twitter:label1\" content=\"\u01af\u1edbc t\u00ednh th\u1eddi gian \u0111\u1ecdc\" \/>\n\t<meta name=\"twitter:data1\" content=\"1 ph\u00fat\" \/>\n<script type=\"application\/ld+json\" class=\"yoast-schema-graph\">{\"@context\":\"https:\/\/schema.org\",\"@graph\":[{\"@type\":\"WebPage\",\"@id\":\"https:\/\/mapsly.com\/fr\/wizard-guidelines-for-odoo\/\",\"url\":\"https:\/\/mapsly.com\/fr\/wizard-guidelines-for-odoo\/\",\"name\":\"Wizard guidelines for odoo - Mapsly\",\"isPartOf\":{\"@id\":\"https:\/\/mapsly.com\/#website\"},\"datePublished\":\"2026-01-19T10:32:22+00:00\",\"dateModified\":\"2026-01-28T14:01:37+00:00\",\"breadcrumb\":{\"@id\":\"https:\/\/mapsly.com\/fr\/wizard-guidelines-for-odoo\/#breadcrumb\"},\"inLanguage\":\"vi\",\"potentialAction\":[{\"@type\":\"ReadAction\",\"target\":[\"https:\/\/mapsly.com\/fr\/wizard-guidelines-for-odoo\/\"]}]},{\"@type\":\"BreadcrumbList\",\"@id\":\"https:\/\/mapsly.com\/fr\/wizard-guidelines-for-odoo\/#breadcrumb\",\"itemListElement\":[{\"@type\":\"ListItem\",\"position\":1,\"name\":\"Home\",\"item\":\"https:\/\/mapsly.com\/\"},{\"@type\":\"ListItem\",\"position\":2,\"name\":\"Wizard guidelines for odoo\"}]},{\"@type\":\"WebSite\",\"@id\":\"https:\/\/mapsly.com\/#website\",\"url\":\"https:\/\/mapsly.com\/\",\"name\":\"Mapsly\",\"description\":\"The Ultimate CRM Map\",\"publisher\":{\"@id\":\"https:\/\/mapsly.com\/#organization\"},\"potentialAction\":[{\"@type\":\"SearchAction\",\"target\":{\"@type\":\"EntryPoint\",\"urlTemplate\":\"https:\/\/mapsly.com\/?s={search_term_string}\"},\"query-input\":{\"@type\":\"PropertyValueSpecification\",\"valueRequired\":true,\"valueName\":\"search_term_string\"}}],\"inLanguage\":\"vi\"},{\"@type\":\"Organization\",\"@id\":\"https:\/\/mapsly.com\/#organization\",\"name\":\"Mapsly\",\"url\":\"https:\/\/mapsly.com\/\",\"logo\":{\"@type\":\"ImageObject\",\"inLanguage\":\"vi\",\"@id\":\"https:\/\/mapsly.com\/#\/schema\/logo\/image\/\",\"url\":\"https:\/\/mapsly.com\/wp-content\/uploads\/2025\/06\/Mapsly-Logo-2x-BIG.png\",\"contentUrl\":\"https:\/\/mapsly.com\/wp-content\/uploads\/2025\/06\/Mapsly-Logo-2x-BIG.png\",\"width\":280,\"height\":85,\"caption\":\"Mapsly\"},\"image\":{\"@id\":\"https:\/\/mapsly.com\/#\/schema\/logo\/image\/\"}}]}<\/script>\n<!-- \/ Yoast SEO plugin. -->","yoast_head_json":{"title":"H\u01b0\u1edbng d\u1eabn tr\u1ee3 l\u00fd cho odoo - Mapsly","robots":{"index":"index","follow":"follow","max-snippet":"max-snippet:-1","max-image-preview":"max-image-preview:large","max-video-preview":"max-video-preview:-1"},"canonical":"https:\/\/mapsly.com\/vi\/wizard-guidelines-for-odoo\/","og_locale":"vi_VN","og_type":"article","og_title":"Wizard guidelines for odoo - Mapsly","og_description":"Important! Odoo Online API cannot be called more frequently than once per second, which significantly slows down the automatic assignment of territories and mass updates of Odoo records from Mapsly and may cause significant delays in synchronization of updates from Odoo to Mapsly. We recommend using Odoo On-Premise, as it does not impose limitations on [&hellip;]","og_url":"https:\/\/mapsly.com\/vi\/wizard-guidelines-for-odoo\/","og_site_name":"Mapsly","article_modified_time":"2026-01-28T14:01:37+00:00","twitter_card":"summary_large_image","twitter_misc":{"\u01af\u1edbc t\u00ednh th\u1eddi gian \u0111\u1ecdc":"1 ph\u00fat"},"schema":{"@context":"https:\/\/schema.org","@graph":[{"@type":"WebPage","@id":"https:\/\/mapsly.com\/fr\/wizard-guidelines-for-odoo\/","url":"https:\/\/mapsly.com\/fr\/wizard-guidelines-for-odoo\/","name":"H\u01b0\u1edbng d\u1eabn tr\u1ee3 l\u00fd cho odoo - Mapsly","isPartOf":{"@id":"https:\/\/mapsly.com\/#website"},"datePublished":"2026-01-19T10:32:22+00:00","dateModified":"2026-01-28T14:01:37+00:00","breadcrumb":{"@id":"https:\/\/mapsly.com\/fr\/wizard-guidelines-for-odoo\/#breadcrumb"},"inLanguage":"vi","potentialAction":[{"@type":"ReadAction","target":["https:\/\/mapsly.com\/fr\/wizard-guidelines-for-odoo\/"]}]},{"@type":"BreadcrumbList","@id":"https:\/\/mapsly.com\/fr\/wizard-guidelines-for-odoo\/#breadcrumb","itemListElement":[{"@type":"ListItem","position":1,"name":"Home","item":"https:\/\/mapsly.com\/"},{"@type":"ListItem","position":2,"name":"Wizard guidelines for odoo"}]},{"@type":"WebSite","@id":"https:\/\/mapsly.com\/#website","url":"https:\/\/mapsly.com\/","name":"Mapsly","description":"B\u1ea3n \u0111\u1ed3 CRM t\u1ed1i \u01b0u","publisher":{"@id":"https:\/\/mapsly.com\/#organization"},"potentialAction":[{"@type":"SearchAction","target":{"@type":"EntryPoint","urlTemplate":"https:\/\/mapsly.com\/?s={search_term_string}"},"query-input":{"@type":"PropertyValueSpecification","valueRequired":true,"valueName":"search_term_string"}}],"inLanguage":"vi"},{"@type":"Organization","@id":"https:\/\/mapsly.com\/#organization","name":"Mapsly","url":"https:\/\/mapsly.com\/","logo":{"@type":"ImageObject","inLanguage":"vi","@id":"https:\/\/mapsly.com\/#\/schema\/logo\/image\/","url":"https:\/\/mapsly.com\/wp-content\/uploads\/2025\/06\/Mapsly-Logo-2x-BIG.png","contentUrl":"https:\/\/mapsly.com\/wp-content\/uploads\/2025\/06\/Mapsly-Logo-2x-BIG.png","width":280,"height":85,"caption":"Mapsly"},"image":{"@id":"https:\/\/mapsly.com\/#\/schema\/logo\/image\/"}}]}},"_links":{"self":[{"href":"https:\/\/mapsly.com\/vi\/wp-json\/wp\/v2\/pages\/25452","targetHints":{"allow":["GET"]}}],"collection":[{"href":"https:\/\/mapsly.com\/vi\/wp-json\/wp\/v2\/pages"}],"about":[{"href":"https:\/\/mapsly.com\/vi\/wp-json\/wp\/v2\/types\/page"}],"author":[{"embeddable":true,"href":"https:\/\/mapsly.com\/vi\/wp-json\/wp\/v2\/users\/1"}],"replies":[{"embeddable":true,"href":"https:\/\/mapsly.com\/vi\/wp-json\/wp\/v2\/comments?post=25452"}],"version-history":[{"count":22,"href":"https:\/\/mapsly.com\/vi\/wp-json\/wp\/v2\/pages\/25452\/revisions"}],"predecessor-version":[{"id":25784,"href":"https:\/\/mapsly.com\/vi\/wp-json\/wp\/v2\/pages\/25452\/revisions\/25784"}],"wp:attachment":[{"href":"https:\/\/mapsly.com\/vi\/wp-json\/wp\/v2\/media?parent=25452"}],"curies":[{"name":"wp","href":"https:\/\/api.w.org\/{rel}","templated":true}]}}