{"id":25450,"date":"2026-01-19T13:31:47","date_gmt":"2026-01-19T10:31:47","guid":{"rendered":"https:\/\/mapsly.com\/?page_id=25450"},"modified":"2026-01-28T20:13:56","modified_gmt":"2026-01-28T17:13:56","slug":"wizard-guidelines-for-creatio","status":"publish","type":"page","link":"https:\/\/mapsly.com\/vi\/wizard-guidelines-for-creatio\/","title":{"rendered":"H\u01b0\u1edbng d\u1eabn tr\u00ecnh thu\u1eadt s\u0129 cho vi\u1ec7c t\u1ea1o"},"content":{"rendered":"<div data-elementor-type=\"wp-page\" data-elementor-id=\"25450\" class=\"elementor elementor-25450\" data-elementor-post-type=\"page\">\n\t\t\t\t\t\t<section class=\"elementor-section elementor-top-section elementor-element elementor-element-79ec7498 elementor-section-boxed elementor-section-height-default elementor-section-height-default\" data-id=\"79ec7498\" data-element_type=\"section\" data-e-type=\"section\">\n\t\t\t\t\t\t<div class=\"elementor-container elementor-column-gap-default\">\n\t\t\t\t\t<div class=\"elementor-column elementor-col-100 elementor-top-column elementor-element elementor-element-59a9b79a\" data-id=\"59a9b79a\" data-element_type=\"column\" data-e-type=\"column\">\n\t\t\t<div class=\"elementor-widget-wrap elementor-element-populated\">\n\t\t\t\t\t\t<div class=\"elementor-element elementor-element-7582685 elementor-widget__width-initial elementor-widget elementor-widget-text-editor\" data-id=\"7582685\" data-element_type=\"widget\" data-e-type=\"widget\" data-widget_type=\"text-editor.default\">\n\t\t\t\t<div class=\"elementor-widget-container\">\n\t\t\t\t\t\t\t\t\t<p>\u00a0Trong bi\u1ec3u m\u1eabu d\u01b0\u1edbi \u0111\u00e2y, h\u00e3y nh\u1eadp t\u00ean \u0111\u0103ng nh\u1eadp v\u00e0 m\u1eadt kh\u1ea9u qu\u1ea3n tr\u1ecb vi\u00ean Creatio c\u1ee7a b\u1ea1n, c\u00f9ng v\u1edbi URL m\u00e1y ch\u1ee7 Creatio \u0111\u1ea7y \u0111\u1ee7, bao g\u1ed3m c\u1ea3 https:\/\/ (v\u00ed d\u1ee5: https:\/\/060677-sales-enterprise.creatio.com).<\/p><p><strong>Ghi ch\u00fa s\u1ed1 1:<\/strong>\u00a0Creatio khuy\u1ebfn ngh\u1ecb th\u00eam m\u1ed9t ng\u01b0\u1eddi d\u00f9ng ri\u00eang cho t\u00edch h\u1ee3p c\u1ee7a b\u1ea1n v\u1edbi Mapsly. <a href=\"https:\/\/help.mapsly.com\/en\/articles\/4520834-creatio-mapsly-setup-guide#h_739730c99b\" target=\"_blank\" rel=\"noopener\">Xem chi ti\u1ebft.<\/a><\/p><p><strong>Ghi ch\u00fa #2:<\/strong> N\u1ebfu b\u1ea1n th\u1ea5y l\u1ed7i x\u00e1c th\u1ef1c khi nh\u1eadp t\u00ean \u0111\u0103ng nh\u1eadp v\u00e0 m\u1eadt kh\u1ea9u Creatio c\u1ee7a m\u00ecnh, h\u00e3y th\u1eed \u0111\u1eb7t l\u1ea1i m\u1eadt kh\u1ea9u Creatio. Xem c\u00e1c b\u01b0\u1edbc.\u00a0<a class=\"c-link\" href=\"https:\/\/help.mapsly.com\/en\/articles\/4520834-creatio-mapsly-setup-guide#h_79d2f380d5\" target=\"_blank\" rel=\"noopener noreferrer\" data-stringify-link=\"https:\/\/help.mapsly.com\/en\/articles\/4520834#h_355e263764\" data-sk=\"tooltip_parent\">\u1edf \u0111\u00e2y<\/a>.<\/p><p><strong>L\u01b0u \u00fd #3:<\/strong> \u0110ang s\u1eed d\u1ee5ng phi\u00ean b\u1ea3n Creatio tr\u01b0\u1edbc 7.18.1? Th\u1ef1c hi\u1ec7n <a href=\"https:\/\/help.mapsly.com\/en\/articles\/4520834-creatio-mapsly-setup-guide#h_be0e4e6525\" target=\"_blank\" rel=\"noopener\">nh\u1eefng b\u01b0\u1edbc n\u00e0y<\/a> c\u0169ng v\u1eady.<\/p><p>B\u1ea1n lu\u00f4n c\u00f3 th\u1ec3 t\u00ecm th\u1ea5y <a href=\"https:\/\/help.mapsly.com\/en\/articles\/4520834\" target=\"_blank\" rel=\"noopener\">h\u01b0\u1edbng d\u1eabn c\u00e0i \u0111\u1eb7t \u0111\u1ea7y \u0111\u1ee7 cho Creatio <\/a>\u00a0Trong B\u1ea3n \u0111\u1ed3<span style=\"letter-spacing: 0px;\">trung t\u00e2m tr\u1ee3 gi\u00fap ly.<\/span><\/p>\t\t\t\t\t\t\t\t<\/div>\n\t\t\t\t<\/div>\n\t\t\t\t\t<\/div>\n\t\t<\/div>\n\t\t\t\t\t<\/div>\n\t\t<\/section>\n\t\t\t\t<section class=\"elementor-section elementor-top-section elementor-element elementor-element-7297d3ed elementor-section-boxed elementor-section-height-default elementor-section-height-default\" data-id=\"7297d3ed\" data-element_type=\"section\" data-e-type=\"section\">\n\t\t\t\t\t\t<div class=\"elementor-container elementor-column-gap-default\">\n\t\t\t\t\t<div class=\"elementor-column elementor-col-100 elementor-top-column elementor-element elementor-element-a1a8b58\" data-id=\"a1a8b58\" data-element_type=\"column\" data-e-type=\"column\">\n\t\t\t<div class=\"elementor-widget-wrap\">\n\t\t\t\t\t\t\t<\/div>\n\t\t<\/div>\n\t\t\t\t\t<\/div>\n\t\t<\/section>\n\t\t\t\t<section class=\"elementor-section elementor-top-section elementor-element elementor-element-5fe09762 elementor-section-boxed elementor-section-height-default elementor-section-height-default\" data-id=\"5fe09762\" data-element_type=\"section\" data-e-type=\"section\">\n\t\t\t\t\t\t<div class=\"elementor-container elementor-column-gap-default\">\n\t\t\t\t\t<div class=\"elementor-column elementor-col-100 elementor-top-column elementor-element elementor-element-b3d9d17\" data-id=\"b3d9d17\" data-element_type=\"column\" data-e-type=\"column\">\n\t\t\t<div class=\"elementor-widget-wrap\">\n\t\t\t\t\t\t\t<\/div>\n\t\t<\/div>\n\t\t\t\t\t<\/div>\n\t\t<\/section>\n\t\t\t\t<\/div>","protected":false},"excerpt":{"rendered":"<p>\u00a0Trong bi\u1ec3u m\u1eabu d\u01b0\u1edbi \u0111\u00e2y, h\u00e3y nh\u1eadp t\u00ean \u0111\u0103ng nh\u1eadp v\u00e0 m\u1eadt kh\u1ea9u qu\u1ea3n tr\u1ecb vi\u00ean Creatio c\u1ee7a b\u1ea1n, c\u00f9ng v\u1edbi URL m\u00e1y ch\u1ee7 Creatio \u0111\u1ea7y \u0111\u1ee7, bao g\u1ed3m https:\/\/ (v\u00ed d\u1ee5: https:\/\/060677-sales-enterprise.creatio.com). L\u01b0u \u00fd #1: Creatio khuy\u1ebfn ngh\u1ecb th\u00eam m\u1ed9t ng\u01b0\u1eddi d\u00f9ng ri\u00eang bi\u1ec7t cho t\u00edch h\u1ee3p c\u1ee7a b\u1ea1n v\u1edbi Mapsly. Xem chi ti\u1ebft. L\u01b0u \u00fd #2: N\u1ebfu b\u1ea1n th\u1ea5y l\u1ed7i x\u00e1c th\u1ef1c khi nh\u1eadp t\u00ean \u0111\u0103ng nh\u1eadp v\u00e0 m\u1eadt kh\u1ea9u Creatio, h\u00e3y th\u1eed \u0111\u1eb7t l\u1ea1i m\u1eadt kh\u1ea9u Creatio c\u1ee7a b\u1ea1n. [&hellip;]<\/p>","protected":false},"author":1,"featured_media":0,"parent":0,"menu_order":0,"comment_status":"closed","ping_status":"closed","template":"elementor_canvas","meta":{"_acf_changed":false,"footnotes":""},"class_list":["post-25450","page","type-page","status-publish","hentry"],"acf":[],"yoast_head":"<!-- This site is optimized with the Yoast SEO plugin v26.6 - https:\/\/yoast.com\/wordpress\/plugins\/seo\/ -->\n<title>Wizard guidelines for creatio - Mapsly<\/title>\n<meta name=\"robots\" content=\"index, follow, max-snippet:-1, max-image-preview:large, max-video-preview:-1\" \/>\n<link rel=\"canonical\" href=\"https:\/\/mapsly.com\/vi\/wizard-guidelines-for-creatio\/\" \/>\n<meta property=\"og:locale\" content=\"vi_VN\" \/>\n<meta property=\"og:type\" content=\"article\" \/>\n<meta property=\"og:title\" content=\"Wizard guidelines for creatio - Mapsly\" \/>\n<meta property=\"og:description\" content=\"\u00a0In the form below, enter your Creatio administrator&#8217;s login and password, and the full Creatio server URL, including https:\/\/ (e.g., https:\/\/060677-sales-enterprise.creatio.com). Note #1:\u00a0Creatio recommends adding a dedicated user for your integration with Mapsly. See details. Note #2: If you see an authentication error while entering your Creatio login and password, try resetting your Creatio password. [&hellip;]\" \/>\n<meta property=\"og:url\" content=\"https:\/\/mapsly.com\/vi\/wizard-guidelines-for-creatio\/\" \/>\n<meta property=\"og:site_name\" content=\"Mapsly\" \/>\n<meta property=\"article:modified_time\" content=\"2026-01-28T17:13:56+00:00\" \/>\n<meta name=\"twitter:card\" content=\"summary_large_image\" \/>\n<meta name=\"twitter:label1\" content=\"\u01af\u1edbc t\u00ednh th\u1eddi gian \u0111\u1ecdc\" \/>\n\t<meta name=\"twitter:data1\" content=\"1 ph\u00fat\" \/>\n<script type=\"application\/ld+json\" class=\"yoast-schema-graph\">{\"@context\":\"https:\/\/schema.org\",\"@graph\":[{\"@type\":\"WebPage\",\"@id\":\"https:\/\/mapsly.com\/vi\/wizard-guidelines-for-creatio\/\",\"url\":\"https:\/\/mapsly.com\/vi\/wizard-guidelines-for-creatio\/\",\"name\":\"Wizard guidelines for creatio - Mapsly\",\"isPartOf\":{\"@id\":\"https:\/\/mapsly.com\/#website\"},\"datePublished\":\"2026-01-19T10:31:47+00:00\",\"dateModified\":\"2026-01-28T17:13:56+00:00\",\"breadcrumb\":{\"@id\":\"https:\/\/mapsly.com\/vi\/wizard-guidelines-for-creatio\/#breadcrumb\"},\"inLanguage\":\"vi\",\"potentialAction\":[{\"@type\":\"ReadAction\",\"target\":[\"https:\/\/mapsly.com\/vi\/wizard-guidelines-for-creatio\/\"]}]},{\"@type\":\"BreadcrumbList\",\"@id\":\"https:\/\/mapsly.com\/vi\/wizard-guidelines-for-creatio\/#breadcrumb\",\"itemListElement\":[{\"@type\":\"ListItem\",\"position\":1,\"name\":\"Home\",\"item\":\"https:\/\/mapsly.com\/\"},{\"@type\":\"ListItem\",\"position\":2,\"name\":\"Wizard guidelines for creatio\"}]},{\"@type\":\"WebSite\",\"@id\":\"https:\/\/mapsly.com\/#website\",\"url\":\"https:\/\/mapsly.com\/\",\"name\":\"Mapsly\",\"description\":\"The Ultimate CRM Map\",\"publisher\":{\"@id\":\"https:\/\/mapsly.com\/#organization\"},\"potentialAction\":[{\"@type\":\"SearchAction\",\"target\":{\"@type\":\"EntryPoint\",\"urlTemplate\":\"https:\/\/mapsly.com\/?s={search_term_string}\"},\"query-input\":{\"@type\":\"PropertyValueSpecification\",\"valueRequired\":true,\"valueName\":\"search_term_string\"}}],\"inLanguage\":\"vi\"},{\"@type\":\"Organization\",\"@id\":\"https:\/\/mapsly.com\/#organization\",\"name\":\"Mapsly\",\"url\":\"https:\/\/mapsly.com\/\",\"logo\":{\"@type\":\"ImageObject\",\"inLanguage\":\"vi\",\"@id\":\"https:\/\/mapsly.com\/#\/schema\/logo\/image\/\",\"url\":\"https:\/\/mapsly.com\/wp-content\/uploads\/2025\/06\/Mapsly-Logo-2x-BIG.png\",\"contentUrl\":\"https:\/\/mapsly.com\/wp-content\/uploads\/2025\/06\/Mapsly-Logo-2x-BIG.png\",\"width\":280,\"height\":85,\"caption\":\"Mapsly\"},\"image\":{\"@id\":\"https:\/\/mapsly.com\/#\/schema\/logo\/image\/\"}}]}<\/script>\n<!-- \/ Yoast SEO plugin. -->","yoast_head_json":{"title":"H\u01b0\u1edbng d\u1eabn tr\u1ee3 l\u00fd t\u1ea1o - Mapsly","robots":{"index":"index","follow":"follow","max-snippet":"max-snippet:-1","max-image-preview":"max-image-preview:large","max-video-preview":"max-video-preview:-1"},"canonical":"https:\/\/mapsly.com\/vi\/wizard-guidelines-for-creatio\/","og_locale":"vi_VN","og_type":"article","og_title":"Wizard guidelines for creatio - Mapsly","og_description":"\u00a0In the form below, enter your Creatio administrator&#8217;s login and password, and the full Creatio server URL, including https:\/\/ (e.g., https:\/\/060677-sales-enterprise.creatio.com). Note #1:\u00a0Creatio recommends adding a dedicated user for your integration with Mapsly. See details. Note #2: If you see an authentication error while entering your Creatio login and password, try resetting your Creatio password. [&hellip;]","og_url":"https:\/\/mapsly.com\/vi\/wizard-guidelines-for-creatio\/","og_site_name":"Mapsly","article_modified_time":"2026-01-28T17:13:56+00:00","twitter_card":"summary_large_image","twitter_misc":{"\u01af\u1edbc t\u00ednh th\u1eddi gian \u0111\u1ecdc":"1 ph\u00fat"},"schema":{"@context":"https:\/\/schema.org","@graph":[{"@type":"WebPage","@id":"https:\/\/mapsly.com\/vi\/wizard-guidelines-for-creatio\/","url":"https:\/\/mapsly.com\/vi\/wizard-guidelines-for-creatio\/","name":"H\u01b0\u1edbng d\u1eabn tr\u1ee3 l\u00fd t\u1ea1o - Mapsly","isPartOf":{"@id":"https:\/\/mapsly.com\/#website"},"datePublished":"2026-01-19T10:31:47+00:00","dateModified":"2026-01-28T17:13:56+00:00","breadcrumb":{"@id":"https:\/\/mapsly.com\/vi\/wizard-guidelines-for-creatio\/#breadcrumb"},"inLanguage":"vi","potentialAction":[{"@type":"ReadAction","target":["https:\/\/mapsly.com\/vi\/wizard-guidelines-for-creatio\/"]}]},{"@type":"BreadcrumbList","@id":"https:\/\/mapsly.com\/vi\/wizard-guidelines-for-creatio\/#breadcrumb","itemListElement":[{"@type":"ListItem","position":1,"name":"Home","item":"https:\/\/mapsly.com\/"},{"@type":"ListItem","position":2,"name":"Wizard guidelines for creatio"}]},{"@type":"WebSite","@id":"https:\/\/mapsly.com\/#website","url":"https:\/\/mapsly.com\/","name":"Mapsly","description":"B\u1ea3n \u0111\u1ed3 CRM t\u1ed1i \u01b0u","publisher":{"@id":"https:\/\/mapsly.com\/#organization"},"potentialAction":[{"@type":"SearchAction","target":{"@type":"EntryPoint","urlTemplate":"https:\/\/mapsly.com\/?s={search_term_string}"},"query-input":{"@type":"PropertyValueSpecification","valueRequired":true,"valueName":"search_term_string"}}],"inLanguage":"vi"},{"@type":"Organization","@id":"https:\/\/mapsly.com\/#organization","name":"Mapsly","url":"https:\/\/mapsly.com\/","logo":{"@type":"ImageObject","inLanguage":"vi","@id":"https:\/\/mapsly.com\/#\/schema\/logo\/image\/","url":"https:\/\/mapsly.com\/wp-content\/uploads\/2025\/06\/Mapsly-Logo-2x-BIG.png","contentUrl":"https:\/\/mapsly.com\/wp-content\/uploads\/2025\/06\/Mapsly-Logo-2x-BIG.png","width":280,"height":85,"caption":"Mapsly"},"image":{"@id":"https:\/\/mapsly.com\/#\/schema\/logo\/image\/"}}]}},"_links":{"self":[{"href":"https:\/\/mapsly.com\/vi\/wp-json\/wp\/v2\/pages\/25450","targetHints":{"allow":["GET"]}}],"collection":[{"href":"https:\/\/mapsly.com\/vi\/wp-json\/wp\/v2\/pages"}],"about":[{"href":"https:\/\/mapsly.com\/vi\/wp-json\/wp\/v2\/types\/page"}],"author":[{"embeddable":true,"href":"https:\/\/mapsly.com\/vi\/wp-json\/wp\/v2\/users\/1"}],"replies":[{"embeddable":true,"href":"https:\/\/mapsly.com\/vi\/wp-json\/wp\/v2\/comments?post=25450"}],"version-history":[{"count":32,"href":"https:\/\/mapsly.com\/vi\/wp-json\/wp\/v2\/pages\/25450\/revisions"}],"predecessor-version":[{"id":25965,"href":"https:\/\/mapsly.com\/vi\/wp-json\/wp\/v2\/pages\/25450\/revisions\/25965"}],"wp:attachment":[{"href":"https:\/\/mapsly.com\/vi\/wp-json\/wp\/v2\/media?parent=25450"}],"curies":[{"name":"wp","href":"https:\/\/api.w.org\/{rel}","templated":true}]}}