{"id":25367,"date":"2026-01-05T17:27:00","date_gmt":"2026-01-05T14:27:00","guid":{"rendered":"https:\/\/mapsly.com\/?page_id=25367"},"modified":"2026-01-28T18:46:48","modified_gmt":"2026-01-28T15:46:48","slug":"how-to-connect-mapsly-to-monday-crm","status":"publish","type":"page","link":"https:\/\/mapsly.com\/vi\/how-to-connect-mapsly-to-monday-crm\/","title":{"rendered":"C\u00e1ch k\u1ebft n\u1ed1i Mapsly v\u1edbi monday CRM"},"content":{"rendered":"<div data-elementor-type=\"wp-page\" data-elementor-id=\"25367\" class=\"elementor elementor-25367\" data-elementor-post-type=\"page\">\n\t\t\t\t\t\t<section class=\"elementor-section elementor-top-section elementor-element elementor-element-6950813 elementor-section-height-min-height elementor-section-boxed elementor-section-height-default elementor-section-items-middle\" data-id=\"6950813\" data-element_type=\"section\" data-e-type=\"section\">\n\t\t\t\t\t\t<div class=\"elementor-container elementor-column-gap-default\">\n\t\t\t\t\t<div class=\"elementor-column elementor-col-100 elementor-top-column elementor-element elementor-element-eebcac2\" data-id=\"eebcac2\" data-element_type=\"column\" data-e-type=\"column\">\n\t\t\t<div class=\"elementor-widget-wrap elementor-element-populated\">\n\t\t\t\t\t\t<div class=\"elementor-element elementor-element-f0d20ae elementor-widget elementor-widget-heading\" data-id=\"f0d20ae\" data-element_type=\"widget\" data-e-type=\"widget\" data-widget_type=\"heading.default\">\n\t\t\t\t<div class=\"elementor-widget-container\">\n\t\t\t\t\t<h2 class=\"elementor-heading-title elementor-size-default\">C\u00e1ch k\u1ebft n\u1ed1i Mapsly v\u1edbi monday CRM<\/h2>\t\t\t\t<\/div>\n\t\t\t\t<\/div>\n\t\t\t\t\t<\/div>\n\t\t<\/div>\n\t\t\t\t\t<\/div>\n\t\t<\/section>\n\t\t\t\t<section class=\"elementor-section elementor-top-section elementor-element elementor-element-baa3c63 elementor-section-boxed elementor-section-height-default elementor-section-height-default\" data-id=\"baa3c63\" data-element_type=\"section\" data-e-type=\"section\">\n\t\t\t\t\t\t<div class=\"elementor-container elementor-column-gap-default\">\n\t\t\t\t\t<div class=\"elementor-column elementor-col-100 elementor-top-column elementor-element elementor-element-5c4cf8d\" data-id=\"5c4cf8d\" data-element_type=\"column\" data-e-type=\"column\">\n\t\t\t<div class=\"elementor-widget-wrap elementor-element-populated\">\n\t\t\t\t\t\t<div class=\"elementor-element elementor-element-4f17555 elementor-widget__width-initial elementor-widget elementor-widget-text-editor\" data-id=\"4f17555\" data-element_type=\"widget\" data-e-type=\"widget\" data-widget_type=\"text-editor.default\">\n\t\t\t\t<div class=\"elementor-widget-container\">\n\t\t\t\t\t\t\t\t\t<p>Mapsly l\u00e0 m\u1ed9t <a href=\"https:\/\/help.mapsly.com\/articles\/4337611\">n\u1ec1n t\u1ea3ng ph\u1ea7n m\u1ec1m \u0111\u1ed9c l\u1eadp<\/a> trao \u0111\u1ed5i d\u1eef li\u1ec7u v\u1edbi monday CRM c\u1ee7a b\u1ea1n th\u00f4ng qua API c\u1ee7a n\u00f3. T\u1ea1o t\u00e0i kho\u1ea3n th\u1eed nghi\u1ec7m Mapsly v\u00e0 k\u1ebft n\u1ed1i v\u1edbi t\u00e0i kho\u1ea3n monday CRM c\u1ee7a b\u1ea1n.<\/p><p>\u0110\u1ec3 b\u1eaft \u0111\u1ea7u d\u00f9ng th\u1eed Mapsly c\u1ee7a b\u1ea1n:<\/p>\t\t\t\t\t\t\t\t<\/div>\n\t\t\t\t<\/div>\n\t\t\t\t<div class=\"elementor-element elementor-element-c444b3a elementor-icon-list--layout-traditional elementor-list-item-link-full_width elementor-widget elementor-widget-icon-list\" data-id=\"c444b3a\" data-element_type=\"widget\" data-e-type=\"widget\" data-widget_type=\"icon-list.default\">\n\t\t\t\t<div class=\"elementor-widget-container\">\n\t\t\t\t\t\t\t<ul class=\"elementor-icon-list-items\">\n\t\t\t\t\t\t\t<li class=\"elementor-icon-list-item\">\n\t\t\t\t\t\t\t\t\t\t<span class=\"elementor-icon-list-text\">Nh\u1ea5n <strong>B\u1eaft \u0111\u1ea7u d\u00f9ng th\u1eed<\/strong> nh\u1ea5n n\u00fat b\u00ean d\u01b0\u1edbi v\u00e0 l\u00e0m theo tr\u00ecnh h\u01b0\u1edbng d\u1eabn \u0111\u0103ng k\u00fd ho\u1eb7c nh\u1ea5p v\u00e0o logo monday tr\u00ean trang \u0111\u0103ng nh\u1eadp Mapsly.<\/span>\n\t\t\t\t\t\t\t\t\t<\/li>\n\t\t\t\t\t\t<\/ul>\n\t\t\t\t\t\t<\/div>\n\t\t\t\t<\/div>\n\t\t\t\t<div class=\"elementor-element elementor-element-0449a31 elementor-icon-list--layout-traditional elementor-list-item-link-full_width elementor-widget elementor-widget-icon-list\" data-id=\"0449a31\" data-element_type=\"widget\" data-e-type=\"widget\" data-widget_type=\"icon-list.default\">\n\t\t\t\t<div class=\"elementor-widget-container\">\n\t\t\t\t\t\t\t<ul class=\"elementor-icon-list-items\">\n\t\t\t\t\t\t\t<li class=\"elementor-icon-list-item\">\n\t\t\t\t\t\t\t\t\t\t<span class=\"elementor-icon-list-text\">\u1ede B\u01b0\u1edbc 4 <strong>Truy c\u1eadp d\u1eef li\u1ec7u<\/strong> \u1ee7y quy\u1ec1n cho Mapsly l\u1ea5y d\u1eef li\u1ec7u c\u1ee7a b\u1ea1n t\u1eeb monday CRM:<\/span>\n\t\t\t\t\t\t\t\t\t<\/li>\n\t\t\t\t\t\t<\/ul>\n\t\t\t\t\t\t<\/div>\n\t\t\t\t<\/div>\n\t\t\t\t<div class=\"elementor-element elementor-element-a8417ed elementor-widget__width-initial elementor-widget elementor-widget-text-editor\" data-id=\"a8417ed\" data-element_type=\"widget\" data-e-type=\"widget\" data-widget_type=\"text-editor.default\">\n\t\t\t\t<div class=\"elementor-widget-container\">\n\t\t\t\t\t\t\t\t\t<div class=\"intercom-interblocks-paragraph no-margin intercom-interblocks-align-left\"><div class=\"intercom-interblocks-paragraph no-margin intercom-interblocks-align-left\"><p>Trong c\u00e1c c\u1eeda s\u1ed5 b\u1eadt l\u00ean s\u1ebd m\u1edf ra, h\u00e3y nh\u1ea5p v\u00e0o <strong>C\u00e0i \u0111\u1eb7t <\/strong> v\u00e0 <strong>\u1ee6y quy\u1ec1n <\/strong>n\u00fat.<\/p><\/div><\/div>\t\t\t\t\t\t\t\t<\/div>\n\t\t\t\t<\/div>\n\t\t\t\t\t<\/div>\n\t\t<\/div>\n\t\t\t\t\t<\/div>\n\t\t<\/section>\n\t\t<div class=\"elementor-element elementor-element-01f3ab2 e-flex e-con-boxed e-con e-parent\" data-id=\"01f3ab2\" data-element_type=\"container\" data-e-type=\"container\">\n\t\t\t\t\t<div class=\"e-con-inner\">\n\t\t\t\t<div class=\"elementor-element elementor-element-b228b3c elementor-widget elementor-widget-image\" data-id=\"b228b3c\" data-element_type=\"widget\" data-e-type=\"widget\" data-widget_type=\"image.default\">\n\t\t\t\t<div class=\"elementor-widget-container\">\n\t\t\t\t\t\t\t\t\t\t\t\t\t\t\t<img decoding=\"async\" src=\"https:\/\/mapsly.com\/wp-content\/uploads\/elementor\/thumbs\/Mapsly-monday-authorize-button-rh7nqlxowlsn1brkeo23n26mjr0169zjn6v7hhrzok.png\" title=\"N\u00fat \u1ee7y quy\u1ec1n Mapsly Monday\" alt=\"N\u00fat \u1ee7y quy\u1ec1n Mapsly Monday\" loading=\"lazy\" \/>\t\t\t\t\t\t\t\t\t\t\t\t\t\t\t<\/div>\n\t\t\t\t<\/div>\n\t\t\t\t\t<\/div>\n\t\t\t\t<\/div>\n\t\t\t\t<section class=\"elementor-section elementor-top-section elementor-element elementor-element-b08b157 elementor-section-boxed elementor-section-height-default elementor-section-height-default\" data-id=\"b08b157\" data-element_type=\"section\" data-e-type=\"section\">\n\t\t\t\t\t\t<div class=\"elementor-container elementor-column-gap-default\">\n\t\t\t\t\t<div class=\"elementor-column elementor-col-100 elementor-top-column elementor-element elementor-element-0a416c5\" data-id=\"0a416c5\" data-element_type=\"column\" data-e-type=\"column\">\n\t\t\t<div class=\"elementor-widget-wrap elementor-element-populated\">\n\t\t\t\t\t\t<div class=\"elementor-element elementor-element-c0346ef elementor-align-center elementor-widget elementor-widget-button\" data-id=\"c0346ef\" data-element_type=\"widget\" data-e-type=\"widget\" data-widget_type=\"button.default\">\n\t\t\t\t<div class=\"elementor-widget-container\">\n\t\t\t\t\t\t\t\t\t<div class=\"elementor-button-wrapper\">\n\t\t\t\t\t<a class=\"elementor-button elementor-button-link elementor-size-md\" href=\"https:\/\/app.mapsly.com\/signup\" target=\"_blank\" id=\"quickbase_start_SSO\">\n\t\t\t\t\t\t<span class=\"elementor-button-content-wrapper\">\n\t\t\t\t\t\t\t\t\t<span class=\"elementor-button-text\">B\u1eaft \u0111\u1ea7u d\u00f9ng th\u1eed<\/span>\n\t\t\t\t\t<\/span>\n\t\t\t\t\t<\/a>\n\t\t\t\t<\/div>\n\t\t\t\t\t\t\t\t<\/div>\n\t\t\t\t<\/div>\n\t\t\t\t<div class=\"elementor-element elementor-element-4768d11 elementor-widget elementor-widget-html\" data-id=\"4768d11\" data-element_type=\"widget\" data-e-type=\"widget\" data-widget_type=\"html.default\">\n\t\t\t\t<div class=\"elementor-widget-container\">\n\t\t\t\t\t<script>\n    const btn = document.getElementById('quickbase_start_SSO');\n    const sendLeadStatus = async (step) => {\n        const lead = JSON.parse(localStorage.getItem('lead-id'))\n        if(lead) {\n            const res = await fetch('https:\/\/api.mapsly.com\/serviceapi\/v1\/lead\/status', { \n                    method: 'POST',\n                    body: JSON.stringify({\n                    leadId: lead,\n                    status: step\n                }),\n            });\n        }\n        return null;\n    }\n    btn.addEventListener('click', () => {\n        sendLeadStatus(5);\n    })\n    \n<\/script>\t\t\t\t<\/div>\n\t\t\t\t<\/div>\n\t\t\t\t\t<\/div>\n\t\t<\/div>\n\t\t\t\t\t<\/div>\n\t\t<\/section>\n\t\t\t\t<section class=\"elementor-section elementor-top-section elementor-element elementor-element-1fdc9a3 elementor-section-boxed elementor-section-height-default elementor-section-height-default\" data-id=\"1fdc9a3\" data-element_type=\"section\" data-e-type=\"section\">\n\t\t\t\t\t\t<div class=\"elementor-container elementor-column-gap-default\">\n\t\t\t\t\t<div class=\"elementor-column elementor-col-100 elementor-top-column elementor-element elementor-element-9df3a85\" data-id=\"9df3a85\" data-element_type=\"column\" data-e-type=\"column\">\n\t\t\t<div class=\"elementor-widget-wrap elementor-element-populated\">\n\t\t\t\t\t\t<div class=\"elementor-element elementor-element-52040fa elementor-widget__width-initial elementor-widget elementor-widget-text-editor\" data-id=\"52040fa\" data-element_type=\"widget\" data-e-type=\"widget\" data-widget_type=\"text-editor.default\">\n\t\t\t\t<div class=\"elementor-widget-container\">\n\t\t\t\t\t\t\t\t\t<p>B\u1ea1n c\u00f3 th\u1ec3 truy c\u1eadp Mapsly b\u00ean trong ch\u1ebf \u0111\u1ed9 xem b\u1ea3ng monday ho\u1eb7c trong m\u1ed9t c\u1eeda s\u1ed5 ri\u00eang bi\u1ec7t t\u1ea1i <a href=\"https:\/\/app.mapsly.com\" target=\"_blank\" rel=\"noopener\">app.mapsly.com<\/a>.\u00a0<\/p>\t\t\t\t\t\t\t\t<\/div>\n\t\t\t\t<\/div>\n\t\t\t\t\t<\/div>\n\t\t<\/div>\n\t\t\t\t\t<\/div>\n\t\t<\/section>\n\t\t\t\t<\/div>","protected":false},"excerpt":{"rendered":"<p>C\u00e1ch k\u1ebft n\u1ed1i Mapsly v\u1edbi monday CRM\nMapsly l\u00e0 n\u1ec1n t\u1ea3ng ph\u1ea7n m\u1ec1m \u0111\u1ed9c l\u1eadp trao \u0111\u1ed5i d\u1eef li\u1ec7u v\u1edbi monday CRM c\u1ee7a b\u1ea1n th\u00f4ng qua API c\u1ee7a n\u00f3. T\u1ea1o t\u00e0i kho\u1ea3n d\u00f9ng th\u1eed Mapsly v\u00e0 k\u1ebft n\u1ed1i n\u00f3 v\u1edbi t\u00e0i kho\u1ea3n monday CRM c\u1ee7a b\u1ea1n. \u0110\u1ec3 b\u1eaft \u0111\u1ea7u d\u00f9ng th\u1eed Mapsly:\nNh\u1ea5n n\u00fat B\u1eaft \u0111\u1ea7u d\u00f9ng th\u1eed b\u00ean d\u01b0\u1edbi v\u00e0 l\u00e0m theo h\u01b0\u1edbng d\u1eabn \u0111\u0103ng k\u00fd ho\u1eb7c nh\u1ea5p v\u00e0o logo monday t\u1ea1i [&hellip;]<\/p>","protected":false},"author":51,"featured_media":0,"parent":0,"menu_order":0,"comment_status":"closed","ping_status":"closed","template":"elementor_canvas","meta":{"_acf_changed":false,"footnotes":""},"class_list":["post-25367","page","type-page","status-publish","hentry"],"acf":[],"yoast_head":"<!-- This site is optimized with the Yoast SEO plugin v26.6 - https:\/\/yoast.com\/wordpress\/plugins\/seo\/ -->\n<title>How to connect Mapsly to monday CRM - Mapsly<\/title>\n<meta name=\"robots\" content=\"index, follow, max-snippet:-1, max-image-preview:large, max-video-preview:-1\" \/>\n<link rel=\"canonical\" href=\"https:\/\/mapsly.com\/vi\/how-to-connect-mapsly-to-monday-crm\/\" \/>\n<meta property=\"og:locale\" content=\"vi_VN\" \/>\n<meta property=\"og:type\" content=\"article\" \/>\n<meta property=\"og:title\" content=\"How to connect Mapsly to monday CRM - Mapsly\" \/>\n<meta property=\"og:description\" content=\"How to connect Mapsly to monday CRM Mapsly is a standalone software platform that exchanges data with your monday CRM through its API. Create Mapsly trial account and connect it to your monday CRM account. To start your Mapsly trial: Press Start trial button below and follow signup wizard or \u0441lick on monday logo at [&hellip;]\" \/>\n<meta property=\"og:url\" content=\"https:\/\/mapsly.com\/vi\/how-to-connect-mapsly-to-monday-crm\/\" \/>\n<meta property=\"og:site_name\" content=\"Mapsly\" \/>\n<meta property=\"article:modified_time\" content=\"2026-01-28T15:46:48+00:00\" \/>\n<meta property=\"og:image\" content=\"https:\/\/mapsly.com\/wp-content\/uploads\/elementor\/thumbs\/Mapsly-monday-authorize-button-rh7nqlxowlsn1brkeo23n26mjr0169zjn6v7hhrzou.png\" \/>\n<meta name=\"twitter:card\" content=\"summary_large_image\" \/>\n<meta name=\"twitter:label1\" content=\"\u01af\u1edbc t\u00ednh th\u1eddi gian \u0111\u1ecdc\" \/>\n\t<meta name=\"twitter:data1\" content=\"1 ph\u00fat\" \/>\n<script type=\"application\/ld+json\" class=\"yoast-schema-graph\">{\"@context\":\"https:\/\/schema.org\",\"@graph\":[{\"@type\":\"WebPage\",\"@id\":\"https:\/\/mapsly.com\/pt\/how-to-connect-mapsly-to-monday-crm\/\",\"url\":\"https:\/\/mapsly.com\/pt\/how-to-connect-mapsly-to-monday-crm\/\",\"name\":\"How to connect Mapsly to monday CRM - Mapsly\",\"isPartOf\":{\"@id\":\"https:\/\/mapsly.com\/#website\"},\"primaryImageOfPage\":{\"@id\":\"https:\/\/mapsly.com\/pt\/how-to-connect-mapsly-to-monday-crm\/#primaryimage\"},\"image\":{\"@id\":\"https:\/\/mapsly.com\/pt\/how-to-connect-mapsly-to-monday-crm\/#primaryimage\"},\"thumbnailUrl\":\"https:\/\/mapsly.com\/wp-content\/uploads\/elementor\/thumbs\/Mapsly-monday-authorize-button-rh7nqlxowlsn1brkeo23n26mjr0169zjn6v7hhrzou.png\",\"datePublished\":\"2026-01-05T14:27:00+00:00\",\"dateModified\":\"2026-01-28T15:46:48+00:00\",\"breadcrumb\":{\"@id\":\"https:\/\/mapsly.com\/pt\/how-to-connect-mapsly-to-monday-crm\/#breadcrumb\"},\"inLanguage\":\"vi\",\"potentialAction\":[{\"@type\":\"ReadAction\",\"target\":[\"https:\/\/mapsly.com\/pt\/how-to-connect-mapsly-to-monday-crm\/\"]}]},{\"@type\":\"ImageObject\",\"inLanguage\":\"vi\",\"@id\":\"https:\/\/mapsly.com\/pt\/how-to-connect-mapsly-to-monday-crm\/#primaryimage\",\"url\":\"https:\/\/mapsly.com\/wp-content\/uploads\/elementor\/thumbs\/Mapsly-monday-authorize-button-rh7nqlxowlsn1brkeo23n26mjr0169zjn6v7hhrzou.png\",\"contentUrl\":\"https:\/\/mapsly.com\/wp-content\/uploads\/elementor\/thumbs\/Mapsly-monday-authorize-button-rh7nqlxowlsn1brkeo23n26mjr0169zjn6v7hhrzou.png\"},{\"@type\":\"BreadcrumbList\",\"@id\":\"https:\/\/mapsly.com\/pt\/how-to-connect-mapsly-to-monday-crm\/#breadcrumb\",\"itemListElement\":[{\"@type\":\"ListItem\",\"position\":1,\"name\":\"Home\",\"item\":\"https:\/\/mapsly.com\/\"},{\"@type\":\"ListItem\",\"position\":2,\"name\":\"How to connect Mapsly to monday CRM\"}]},{\"@type\":\"WebSite\",\"@id\":\"https:\/\/mapsly.com\/#website\",\"url\":\"https:\/\/mapsly.com\/\",\"name\":\"Mapsly\",\"description\":\"The Ultimate CRM Map\",\"publisher\":{\"@id\":\"https:\/\/mapsly.com\/#organization\"},\"potentialAction\":[{\"@type\":\"SearchAction\",\"target\":{\"@type\":\"EntryPoint\",\"urlTemplate\":\"https:\/\/mapsly.com\/?s={search_term_string}\"},\"query-input\":{\"@type\":\"PropertyValueSpecification\",\"valueRequired\":true,\"valueName\":\"search_term_string\"}}],\"inLanguage\":\"vi\"},{\"@type\":\"Organization\",\"@id\":\"https:\/\/mapsly.com\/#organization\",\"name\":\"Mapsly\",\"url\":\"https:\/\/mapsly.com\/\",\"logo\":{\"@type\":\"ImageObject\",\"inLanguage\":\"vi\",\"@id\":\"https:\/\/mapsly.com\/#\/schema\/logo\/image\/\",\"url\":\"https:\/\/mapsly.com\/wp-content\/uploads\/2025\/06\/Mapsly-Logo-2x-BIG.png\",\"contentUrl\":\"https:\/\/mapsly.com\/wp-content\/uploads\/2025\/06\/Mapsly-Logo-2x-BIG.png\",\"width\":280,\"height\":85,\"caption\":\"Mapsly\"},\"image\":{\"@id\":\"https:\/\/mapsly.com\/#\/schema\/logo\/image\/\"}}]}<\/script>\n<!-- \/ Yoast SEO plugin. -->","yoast_head_json":{"title":"C\u00e1ch k\u1ebft n\u1ed1i Mapsly v\u1edbi monday CRM - Mapsly","robots":{"index":"index","follow":"follow","max-snippet":"max-snippet:-1","max-image-preview":"max-image-preview:large","max-video-preview":"max-video-preview:-1"},"canonical":"https:\/\/mapsly.com\/vi\/how-to-connect-mapsly-to-monday-crm\/","og_locale":"vi_VN","og_type":"article","og_title":"How to connect Mapsly to monday CRM - Mapsly","og_description":"How to connect Mapsly to monday CRM Mapsly is a standalone software platform that exchanges data with your monday CRM through its API. Create Mapsly trial account and connect it to your monday CRM account. To start your Mapsly trial: Press Start trial button below and follow signup wizard or \u0441lick on monday logo at [&hellip;]","og_url":"https:\/\/mapsly.com\/vi\/how-to-connect-mapsly-to-monday-crm\/","og_site_name":"Mapsly","article_modified_time":"2026-01-28T15:46:48+00:00","og_image":[{"url":"https:\/\/mapsly.com\/wp-content\/uploads\/elementor\/thumbs\/Mapsly-monday-authorize-button-rh7nqlxowlsn1brkeo23n26mjr0169zjn6v7hhrzou.png","type":"","width":"","height":""}],"twitter_card":"summary_large_image","twitter_misc":{"\u01af\u1edbc t\u00ednh th\u1eddi gian \u0111\u1ecdc":"1 ph\u00fat"},"schema":{"@context":"https:\/\/schema.org","@graph":[{"@type":"WebPage","@id":"https:\/\/mapsly.com\/pt\/how-to-connect-mapsly-to-monday-crm\/","url":"https:\/\/mapsly.com\/pt\/how-to-connect-mapsly-to-monday-crm\/","name":"C\u00e1ch k\u1ebft n\u1ed1i Mapsly v\u1edbi monday CRM - Mapsly","isPartOf":{"@id":"https:\/\/mapsly.com\/#website"},"primaryImageOfPage":{"@id":"https:\/\/mapsly.com\/pt\/how-to-connect-mapsly-to-monday-crm\/#primaryimage"},"image":{"@id":"https:\/\/mapsly.com\/pt\/how-to-connect-mapsly-to-monday-crm\/#primaryimage"},"thumbnailUrl":"https:\/\/mapsly.com\/wp-content\/uploads\/elementor\/thumbs\/Mapsly-monday-authorize-button-rh7nqlxowlsn1brkeo23n26mjr0169zjn6v7hhrzou.png","datePublished":"2026-01-05T14:27:00+00:00","dateModified":"2026-01-28T15:46:48+00:00","breadcrumb":{"@id":"https:\/\/mapsly.com\/pt\/how-to-connect-mapsly-to-monday-crm\/#breadcrumb"},"inLanguage":"vi","potentialAction":[{"@type":"ReadAction","target":["https:\/\/mapsly.com\/pt\/how-to-connect-mapsly-to-monday-crm\/"]}]},{"@type":"ImageObject","inLanguage":"vi","@id":"https:\/\/mapsly.com\/pt\/how-to-connect-mapsly-to-monday-crm\/#primaryimage","url":"https:\/\/mapsly.com\/wp-content\/uploads\/elementor\/thumbs\/Mapsly-monday-authorize-button-rh7nqlxowlsn1brkeo23n26mjr0169zjn6v7hhrzou.png","contentUrl":"https:\/\/mapsly.com\/wp-content\/uploads\/elementor\/thumbs\/Mapsly-monday-authorize-button-rh7nqlxowlsn1brkeo23n26mjr0169zjn6v7hhrzou.png"},{"@type":"BreadcrumbList","@id":"https:\/\/mapsly.com\/pt\/how-to-connect-mapsly-to-monday-crm\/#breadcrumb","itemListElement":[{"@type":"ListItem","position":1,"name":"Home","item":"https:\/\/mapsly.com\/"},{"@type":"ListItem","position":2,"name":"How to connect Mapsly to monday CRM"}]},{"@type":"WebSite","@id":"https:\/\/mapsly.com\/#website","url":"https:\/\/mapsly.com\/","name":"Mapsly","description":"B\u1ea3n \u0111\u1ed3 CRM t\u1ed1i \u01b0u","publisher":{"@id":"https:\/\/mapsly.com\/#organization"},"potentialAction":[{"@type":"SearchAction","target":{"@type":"EntryPoint","urlTemplate":"https:\/\/mapsly.com\/?s={search_term_string}"},"query-input":{"@type":"PropertyValueSpecification","valueRequired":true,"valueName":"search_term_string"}}],"inLanguage":"vi"},{"@type":"Organization","@id":"https:\/\/mapsly.com\/#organization","name":"Mapsly","url":"https:\/\/mapsly.com\/","logo":{"@type":"ImageObject","inLanguage":"vi","@id":"https:\/\/mapsly.com\/#\/schema\/logo\/image\/","url":"https:\/\/mapsly.com\/wp-content\/uploads\/2025\/06\/Mapsly-Logo-2x-BIG.png","contentUrl":"https:\/\/mapsly.com\/wp-content\/uploads\/2025\/06\/Mapsly-Logo-2x-BIG.png","width":280,"height":85,"caption":"Mapsly"},"image":{"@id":"https:\/\/mapsly.com\/#\/schema\/logo\/image\/"}}]}},"_links":{"self":[{"href":"https:\/\/mapsly.com\/vi\/wp-json\/wp\/v2\/pages\/25367","targetHints":{"allow":["GET"]}}],"collection":[{"href":"https:\/\/mapsly.com\/vi\/wp-json\/wp\/v2\/pages"}],"about":[{"href":"https:\/\/mapsly.com\/vi\/wp-json\/wp\/v2\/types\/page"}],"author":[{"embeddable":true,"href":"https:\/\/mapsly.com\/vi\/wp-json\/wp\/v2\/users\/51"}],"replies":[{"embeddable":true,"href":"https:\/\/mapsly.com\/vi\/wp-json\/wp\/v2\/comments?post=25367"}],"version-history":[{"count":7,"href":"https:\/\/mapsly.com\/vi\/wp-json\/wp\/v2\/pages\/25367\/revisions"}],"predecessor-version":[{"id":25866,"href":"https:\/\/mapsly.com\/vi\/wp-json\/wp\/v2\/pages\/25367\/revisions\/25866"}],"wp:attachment":[{"href":"https:\/\/mapsly.com\/vi\/wp-json\/wp\/v2\/media?parent=25367"}],"curies":[{"name":"wp","href":"https:\/\/api.w.org\/{rel}","templated":true}]}}