{"id":25073,"date":"2025-12-16T13:05:31","date_gmt":"2025-12-16T10:05:31","guid":{"rendered":"https:\/\/mapsly.com\/?page_id=25073"},"modified":"2025-12-16T13:47:19","modified_gmt":"2025-12-16T10:47:19","slug":"third-parties","status":"publish","type":"page","link":"https:\/\/mapsly.com\/vi\/third-parties\/","title":{"rendered":"T\u00ean mi\u1ec1n b\u00ean th\u1ee9 ba Mapsly"},"content":{"rendered":"<div data-elementor-type=\"wp-page\" data-elementor-id=\"25073\" class=\"elementor elementor-25073\" data-elementor-post-type=\"page\">\n\t\t\t\t<div class=\"elementor-element elementor-element-2c9b9e96 e-flex e-con-boxed e-con e-parent\" data-id=\"2c9b9e96\" data-element_type=\"container\" data-e-type=\"container\">\n\t\t\t\t\t<div class=\"e-con-inner\">\n\t\t\t\t<div class=\"elementor-element elementor-element-1e009f10 elementor-widget elementor-widget-text-editor\" data-id=\"1e009f10\" data-element_type=\"widget\" data-e-type=\"widget\" data-widget_type=\"text-editor.default\">\n\t\t\t\t<div class=\"elementor-widget-container\">\n\t\t\t\t\t\t\t\t\t\n<h2 class=\"wp-block-heading\">Nh\u00e0 cung c\u1ea5p D\u1ecbch v\u1ee5 B\u00ean th\u1ee9 ba v\u00e0 Mi\u1ec1n<\/h2>\n\n<p data-start=\"217\" data-end=\"577\">Mapsly s\u1eed d\u1ee5ng c\u00e1c nh\u00e0 cung c\u1ea5p d\u1ecbch v\u1ee5 b\u00ean th\u1ee9 ba \u0111\u00e1ng tin c\u1eady \u0111\u1ec3 h\u1ed7 tr\u1ee3 ho\u1ea1t \u0111\u1ed9ng, giao h\u00e0ng, b\u1ea3o m\u1eadt v\u00e0 c\u1ea3i ti\u1ebfn c\u00e1c D\u1ecbch v\u1ee5 c\u1ee7a Mapsly. C\u00e1c nh\u00e0 cung c\u1ea5p n\u00e0y ho\u1ea1t \u0111\u1ed9ng nh\u01b0 nh\u1eefng nh\u00e0 cung c\u1ea5p d\u1ecbch v\u1ee5 (ho\u1eb7c c\u00e1c b\u00ean x\u1eed l\u00fd ph\u1ee5) v\u00e0 x\u1eed l\u00fd th\u00f4ng tin c\u00e1 nh\u00e2n ch\u1ec9 thay m\u1eb7t cho Mapsly, theo h\u01b0\u1edbng d\u1eabn c\u1ee7a Mapsly, Ch\u00ednh s\u00e1ch B\u1ea3o m\u1eadt c\u1ee7a Mapsly v\u00e0 c\u00e1c lu\u1eadt b\u1ea3o v\u1ec7 d\u1eef li\u1ec7u hi\u1ec7n h\u00e0nh.<\/p>\n<p data-start=\"579\" data-end=\"807\">Vi\u1ec7c truy c\u1eadp th\u00f4ng tin c\u00e1 nh\u00e2n b\u1edfi c\u00e1c nh\u00e0 cung c\u1ea5p n\u00e0y ch\u1ec9 gi\u1edbi h\u1ea1n \u1edf nh\u1eefng g\u00ec c\u1ea7n thi\u1ebft \u0111\u1ec3 th\u1ef1c hi\u1ec7n c\u00e1c d\u1ecbch v\u1ee5 t\u01b0\u01a1ng \u1ee9ng c\u1ee7a h\u1ecd. Mapsly kh\u00f4ng b\u00e1n hay chia s\u1ebb th\u00f4ng tin c\u00e1 nh\u00e2n v\u1edbi b\u00ean th\u1ee9 ba cho m\u1ee5c \u0111\u00edch qu\u1ea3ng c\u00e1o ho\u1eb7c ti\u1ebfp th\u1ecb.<\/p>\n\t\t\t\t\t\t\t\t<\/div>\n\t\t\t\t<\/div>\n\t\t\t\t\t<\/div>\n\t\t\t\t<\/div>\n\t\t<div class=\"elementor-element elementor-element-d300b23 e-grid e-con-boxed e-con e-parent\" data-id=\"d300b23\" data-element_type=\"container\" data-e-type=\"container\">\n\t\t\t\t\t<div class=\"e-con-inner\">\n\t\t<div class=\"elementor-element elementor-element-3053a46 e-con-full e-flex e-con e-child\" data-id=\"3053a46\" data-element_type=\"container\" data-e-type=\"container\">\n\t\t\t\t<div class=\"elementor-element elementor-element-b3584dd elementor-widget-tablet_extra__width-initial elementor-widget elementor-widget-text-editor\" data-id=\"b3584dd\" data-element_type=\"widget\" data-e-type=\"widget\" data-widget_type=\"text-editor.default\">\n\t\t\t\t<div class=\"elementor-widget-container\">\n\t\t\t\t\t\t\t\t\t<p><strong>Ph\u00e2n t\u00edch UX<\/strong><br \/>LogRocket<br \/>*.logr-ingest.com<br \/>cdn.lr-in-prod.com<br \/>r.lr-in-prod.com<\/p>\n<p><strong>Gi\u00e1m s\u00e1t l\u1ed7i<\/strong><br \/>Sentry<br \/>o298580.ingest.sentry.io<\/p>\n<p><strong>H\u00f3a \u0111\u01a1n &amp; thanh to\u00e1n<\/strong><br \/>ch\u00e8o<br \/>buy.paddle.com<br \/>cdn.paddle.com<br \/>sandbox-buy.paddle.com<br \/>sandbox-cdn.paddle.com<\/p>\n<p><strong>H\u1ed7 tr\u1ee3 kh\u00e1ch h\u00e0ng &amp; truy\u1ec1n th\u00f4ng<\/strong><br \/>Intercom<br \/>widget.intercom.io<br \/>js.intercomcdn.com<br \/>static.intercomassets.com<br \/>fonts.intercomcdn.com<br \/>api-iam.intercom.io<br \/>nexus-websocket-a.intercom.io<br \/>mapsly.intercom-attachments-1.com<\/p>\n<p>HubSpot<br \/>js.hs-banner.com<br \/>js.hs-scripts.com<br \/>js.hscollectedforms.net<\/p>\n<p><strong>H\u01b0\u1edbng d\u1eabn ng\u01b0\u1eddi d\u00f9ng &amp; tham quan s\u1ea3n ph\u1ea9m<\/strong><br \/>Userpilot<br \/>js.userpilot.io<br \/>analytex-eu.userpilot.io<br \/>find.userpilot.io<\/p>\n<p><strong>L\u00ean l\u1ecbch &amp; t\u00edch h\u1ee3p l\u1ecbch<\/strong><br \/>team-itemextension.swevenbox.com<\/p>\t\t\t\t\t\t\t\t<\/div>\n\t\t\t\t<\/div>\n\t\t\t\t<\/div>\n\t\t<div class=\"elementor-element elementor-element-e90717d e-con-full e-flex e-con e-child\" data-id=\"e90717d\" data-element_type=\"container\" data-e-type=\"container\">\n\t\t\t\t<div class=\"elementor-element elementor-element-9f8c111 elementor-widget elementor-widget-text-editor\" data-id=\"9f8c111\" data-element_type=\"widget\" data-e-type=\"widget\" data-widget_type=\"text-editor.default\">\n\t\t\t\t<div class=\"elementor-widget-container\">\n\t\t\t\t\t\t\t\t\t<p><strong>B\u1ea3n \u0111\u1ed3 &amp; m\u00e3 h\u00f3a \u0111\u1ecba l\u00fd<\/strong><br \/>Mapbox<br \/>api.mapbox.com<br \/>api.tiles.mapbox.com<\/p>\n<p>Google Maps<br \/>maps.googleapis.com<br \/>*.googleapis.com<\/p>\n<p><strong>C\u00e1c \u00f4 b\u1ea3n \u0111\u1ed3<\/strong><br \/>OpenStreetMap<br \/>*.tile.openstreetmap.org<\/p>\n<p>CARTO<br \/>*.basemaps.cartocdn.com<\/p>\n<p><strong>\u0110\u1ecbnh v\u1ecb b\u1ea3n \u0111\u1ed3 &amp; \u0111\u1ecbnh tuy\u1ebfn<\/strong><br \/>\u1ede \u0110\u00c2Y<br \/>2.base.maps.ls.hereapi.com<br \/>2.aerial.maps.ls.hereapi.com<\/p>\n<p><strong>\u0110\u1ecbnh v\u1ecb IP<\/strong><br \/>ipapi<br \/>ipapi.co<\/p>\n<p><strong>L\u01b0u tr\u1eef &amp; truy\u1ec1n t\u1ea3i video<\/strong><br \/>Wistia<br \/>fast.wistia.com<br \/>fast.wistia.net<\/p>\n<p><strong>CDN \/ th\u01b0 vi\u1ec7n m\u00e3 ngu\u1ed3n m\u1edf<\/strong><br \/>jsDelivr<br \/>cdn.jsdelivr.net<br \/>cdn.lordicon.com<br \/>kit.fontawesome.com<br \/>kit-pro.fontawesome.com<br \/>assets.apollo.io<\/p>\n<p><strong>L\u01b0u tr\u1eef \u0111\u00e1m m\u00e2y &amp; l\u01b0u tr\u1eef web<\/strong><br \/>Amazon Web Services (AWS)<br \/>mapsly-files.s3.amazonaws.com<br \/>mapsly-mediaconvert-out.s3.amazonaws.com<\/p>\t\t\t\t\t\t\t\t<\/div>\n\t\t\t\t<\/div>\n\t\t\t\t<\/div>\n\t\t\t\t\t<\/div>\n\t\t\t\t<\/div>\n\t\t\t\t<\/div>","protected":false},"excerpt":{"rendered":"<p>C\u00e1c Nh\u00e0 Cung C\u1ea5p D\u1ecbch V\u1ee5 V\u00e0 Mi\u1ec1n B\u00ean Th\u1ee9 Ba \u2013 Mapsly s\u1eed d\u1ee5ng c\u00e1c nh\u00e0 cung c\u1ea5p d\u1ecbch v\u1ee5 b\u00ean th\u1ee9 ba \u0111\u00e1ng tin c\u1eady \u0111\u1ec3 h\u1ed7 tr\u1ee3 vi\u1ec7c v\u1eadn h\u00e0nh, cung c\u1ea5p, b\u1ea3o m\u1eadt v\u00e0 c\u1ea3i ti\u1ebfn c\u00e1c s\u1ea3n ph\u1ea9m Mapsly. C\u00e1c nh\u00e0 cung c\u1ea5p n\u00e0y ho\u1ea1t \u0111\u1ed9ng nh\u01b0 nh\u1eefng nh\u00e0 cung c\u1ea5p d\u1ecbch v\u1ee5 (ho\u1eb7c b\u1ed9 x\u1eed l\u00fd ph\u1ee5) v\u00e0 x\u1eed l\u00fd th\u00f4ng tin c\u00e1 nh\u00e2n ch\u1ec9 thay m\u1eb7t cho Mapsly, theo h\u01b0\u1edbng d\u1eabn c\u1ee7a Mapsly, Ch\u00ednh s\u00e1ch Quy\u1ec1n ri\u00eang t\u01b0 c\u1ee7a Mapsly v\u00e0 c\u00e1c lu\u1eadt b\u1ea3o v\u1ec7 d\u1eef li\u1ec7u hi\u1ec7n h\u00e0nh. Truy c\u1eadp th\u00f4ng tin c\u00e1 nh\u00e2n [...]<\/p>","protected":false},"author":1,"featured_media":0,"parent":0,"menu_order":0,"comment_status":"closed","ping_status":"closed","template":"","meta":{"_acf_changed":false,"footnotes":""},"class_list":["post-25073","page","type-page","status-publish","hentry"],"acf":[],"yoast_head":"<!-- This site is optimized with the Yoast SEO plugin v26.6 - https:\/\/yoast.com\/wordpress\/plugins\/seo\/ -->\n<title>Mapsly Third-Party Domains - Mapsly<\/title>\n<meta name=\"robots\" content=\"index, follow, max-snippet:-1, max-image-preview:large, max-video-preview:-1\" \/>\n<link rel=\"canonical\" href=\"https:\/\/mapsly.com\/vi\/third-parties\/\" \/>\n<meta property=\"og:locale\" content=\"vi_VN\" \/>\n<meta property=\"og:type\" content=\"article\" \/>\n<meta property=\"og:title\" content=\"Mapsly Third-Party Domains - Mapsly\" \/>\n<meta property=\"og:description\" content=\"Third-Party Service Providers and Domains Mapsly uses trusted third-party service providers to support the operation, delivery, security, and improvement of the Mapsly Offerings. These providers act as service providers (or subprocessors) and process personal information solely on Mapsly\u2019s behalf, in accordance with Mapsly\u2019s instructions, Mapsly\u2019s Privacy Policy, and applicable data protection laws. Access to personal [&hellip;]\" \/>\n<meta property=\"og:url\" content=\"https:\/\/mapsly.com\/vi\/third-parties\/\" \/>\n<meta property=\"og:site_name\" content=\"Mapsly\" \/>\n<meta property=\"article:modified_time\" content=\"2025-12-16T10:47:19+00:00\" \/>\n<meta name=\"twitter:card\" content=\"summary_large_image\" \/>\n<meta name=\"twitter:label1\" content=\"\u01af\u1edbc t\u00ednh th\u1eddi gian \u0111\u1ecdc\" \/>\n\t<meta name=\"twitter:data1\" content=\"1 ph\u00fat\" \/>\n<script type=\"application\/ld+json\" class=\"yoast-schema-graph\">{\"@context\":\"https:\/\/schema.org\",\"@graph\":[{\"@type\":\"WebPage\",\"@id\":\"https:\/\/mapsly.com\/pt\/third-parties\/\",\"url\":\"https:\/\/mapsly.com\/pt\/third-parties\/\",\"name\":\"Mapsly Third-Party Domains - Mapsly\",\"isPartOf\":{\"@id\":\"https:\/\/mapsly.com\/#website\"},\"datePublished\":\"2025-12-16T10:05:31+00:00\",\"dateModified\":\"2025-12-16T10:47:19+00:00\",\"breadcrumb\":{\"@id\":\"https:\/\/mapsly.com\/pt\/third-parties\/#breadcrumb\"},\"inLanguage\":\"vi\",\"potentialAction\":[{\"@type\":\"ReadAction\",\"target\":[\"https:\/\/mapsly.com\/pt\/third-parties\/\"]}]},{\"@type\":\"BreadcrumbList\",\"@id\":\"https:\/\/mapsly.com\/pt\/third-parties\/#breadcrumb\",\"itemListElement\":[{\"@type\":\"ListItem\",\"position\":1,\"name\":\"Home\",\"item\":\"https:\/\/mapsly.com\/\"},{\"@type\":\"ListItem\",\"position\":2,\"name\":\"Mapsly Third-Party Domains\"}]},{\"@type\":\"WebSite\",\"@id\":\"https:\/\/mapsly.com\/#website\",\"url\":\"https:\/\/mapsly.com\/\",\"name\":\"Mapsly\",\"description\":\"The Ultimate CRM Map\",\"publisher\":{\"@id\":\"https:\/\/mapsly.com\/#organization\"},\"potentialAction\":[{\"@type\":\"SearchAction\",\"target\":{\"@type\":\"EntryPoint\",\"urlTemplate\":\"https:\/\/mapsly.com\/?s={search_term_string}\"},\"query-input\":{\"@type\":\"PropertyValueSpecification\",\"valueRequired\":true,\"valueName\":\"search_term_string\"}}],\"inLanguage\":\"vi\"},{\"@type\":\"Organization\",\"@id\":\"https:\/\/mapsly.com\/#organization\",\"name\":\"Mapsly\",\"url\":\"https:\/\/mapsly.com\/\",\"logo\":{\"@type\":\"ImageObject\",\"inLanguage\":\"vi\",\"@id\":\"https:\/\/mapsly.com\/#\/schema\/logo\/image\/\",\"url\":\"https:\/\/mapsly.com\/wp-content\/uploads\/2025\/06\/Mapsly-Logo-2x-BIG.png\",\"contentUrl\":\"https:\/\/mapsly.com\/wp-content\/uploads\/2025\/06\/Mapsly-Logo-2x-BIG.png\",\"width\":280,\"height\":85,\"caption\":\"Mapsly\"},\"image\":{\"@id\":\"https:\/\/mapsly.com\/#\/schema\/logo\/image\/\"}}]}<\/script>\n<!-- \/ Yoast SEO plugin. -->","yoast_head_json":{"title":"Mapsly T\u00ean mi\u1ec1n c\u1ee7a b\u00ean th\u1ee9 ba - Mapsly","robots":{"index":"index","follow":"follow","max-snippet":"max-snippet:-1","max-image-preview":"max-image-preview:large","max-video-preview":"max-video-preview:-1"},"canonical":"https:\/\/mapsly.com\/vi\/third-parties\/","og_locale":"vi_VN","og_type":"article","og_title":"Mapsly Third-Party Domains - Mapsly","og_description":"Third-Party Service Providers and Domains Mapsly uses trusted third-party service providers to support the operation, delivery, security, and improvement of the Mapsly Offerings. These providers act as service providers (or subprocessors) and process personal information solely on Mapsly\u2019s behalf, in accordance with Mapsly\u2019s instructions, Mapsly\u2019s Privacy Policy, and applicable data protection laws. Access to personal [&hellip;]","og_url":"https:\/\/mapsly.com\/vi\/third-parties\/","og_site_name":"Mapsly","article_modified_time":"2025-12-16T10:47:19+00:00","twitter_card":"summary_large_image","twitter_misc":{"\u01af\u1edbc t\u00ednh th\u1eddi gian \u0111\u1ecdc":"1 ph\u00fat"},"schema":{"@context":"https:\/\/schema.org","@graph":[{"@type":"WebPage","@id":"https:\/\/mapsly.com\/pt\/third-parties\/","url":"https:\/\/mapsly.com\/pt\/third-parties\/","name":"Mapsly T\u00ean mi\u1ec1n c\u1ee7a b\u00ean th\u1ee9 ba - Mapsly","isPartOf":{"@id":"https:\/\/mapsly.com\/#website"},"datePublished":"2025-12-16T10:05:31+00:00","dateModified":"2025-12-16T10:47:19+00:00","breadcrumb":{"@id":"https:\/\/mapsly.com\/pt\/third-parties\/#breadcrumb"},"inLanguage":"vi","potentialAction":[{"@type":"ReadAction","target":["https:\/\/mapsly.com\/pt\/third-parties\/"]}]},{"@type":"BreadcrumbList","@id":"https:\/\/mapsly.com\/pt\/third-parties\/#breadcrumb","itemListElement":[{"@type":"ListItem","position":1,"name":"Home","item":"https:\/\/mapsly.com\/"},{"@type":"ListItem","position":2,"name":"Mapsly Third-Party Domains"}]},{"@type":"WebSite","@id":"https:\/\/mapsly.com\/#website","url":"https:\/\/mapsly.com\/","name":"Mapsly","description":"B\u1ea3n \u0111\u1ed3 CRM t\u1ed1i th\u01b0\u1ee3ng","publisher":{"@id":"https:\/\/mapsly.com\/#organization"},"potentialAction":[{"@type":"SearchAction","target":{"@type":"EntryPoint","urlTemplate":"https:\/\/mapsly.com\/?s={search_term_string}"},"query-input":{"@type":"PropertyValueSpecification","valueRequired":true,"valueName":"search_term_string"}}],"inLanguage":"vi"},{"@type":"Organization","@id":"https:\/\/mapsly.com\/#organization","name":"Mapsly","url":"https:\/\/mapsly.com\/","logo":{"@type":"ImageObject","inLanguage":"vi","@id":"https:\/\/mapsly.com\/#\/schema\/logo\/image\/","url":"https:\/\/mapsly.com\/wp-content\/uploads\/2025\/06\/Mapsly-Logo-2x-BIG.png","contentUrl":"https:\/\/mapsly.com\/wp-content\/uploads\/2025\/06\/Mapsly-Logo-2x-BIG.png","width":280,"height":85,"caption":"Mapsly"},"image":{"@id":"https:\/\/mapsly.com\/#\/schema\/logo\/image\/"}}]}},"_links":{"self":[{"href":"https:\/\/mapsly.com\/vi\/wp-json\/wp\/v2\/pages\/25073","targetHints":{"allow":["GET"]}}],"collection":[{"href":"https:\/\/mapsly.com\/vi\/wp-json\/wp\/v2\/pages"}],"about":[{"href":"https:\/\/mapsly.com\/vi\/wp-json\/wp\/v2\/types\/page"}],"author":[{"embeddable":true,"href":"https:\/\/mapsly.com\/vi\/wp-json\/wp\/v2\/users\/1"}],"replies":[{"embeddable":true,"href":"https:\/\/mapsly.com\/vi\/wp-json\/wp\/v2\/comments?post=25073"}],"version-history":[{"count":10,"href":"https:\/\/mapsly.com\/vi\/wp-json\/wp\/v2\/pages\/25073\/revisions"}],"predecessor-version":[{"id":25094,"href":"https:\/\/mapsly.com\/vi\/wp-json\/wp\/v2\/pages\/25073\/revisions\/25094"}],"wp:attachment":[{"href":"https:\/\/mapsly.com\/vi\/wp-json\/wp\/v2\/media?parent=25073"}],"curies":[{"name":"wp","href":"https:\/\/api.w.org\/{rel}","templated":true}]}}