{"id":24469,"date":"2025-12-03T15:52:52","date_gmt":"2025-12-03T12:52:52","guid":{"rendered":"https:\/\/mapsly.com\/?page_id=24469"},"modified":"2026-01-28T14:47:38","modified_gmt":"2026-01-28T11:47:38","slug":"wizard-guidelines-for-salesforce","status":"publish","type":"page","link":"https:\/\/mapsly.com\/vi\/wizard-guidelines-for-salesforce\/","title":{"rendered":"H\u01b0\u1edbng d\u1eabn tr\u00ecnh thu\u1eadt s\u0129 cho Salesforce"},"content":{"rendered":"<div data-elementor-type=\"wp-page\" data-elementor-id=\"24469\" class=\"elementor elementor-24469\" data-elementor-post-type=\"page\">\n\t\t\t\t<div class=\"elementor-element elementor-element-7b75f0e e-flex e-con-boxed e-con e-parent\" data-id=\"7b75f0e\" data-element_type=\"container\" data-e-type=\"container\">\n\t\t\t\t\t<div class=\"e-con-inner\">\n\t\t\t\t<div class=\"elementor-element elementor-element-dd96ee6 elementor-widget__width-initial elementor-widget elementor-widget-text-editor\" data-id=\"dd96ee6\" data-element_type=\"widget\" data-e-type=\"widget\" data-widget_type=\"text-editor.default\">\n\t\t\t\t<div class=\"elementor-widget-container\">\n\t\t\t\t\t\t\t\t\t<p><strong>Quan tr\u1ecdng:<\/strong> v\u00ec Mapsly s\u1eed d\u1ee5ng API Salesforce, n\u00f3 y\u00eau c\u1ea7u\u00a0<strong>g\u00f3i Salesforce Professional <\/strong>(v\u1edbi ti\u1ec7n \u00edch m\u1edf r\u1ed9ng truy c\u1eadp API)<strong> ho\u1eb7c g\u00f3i Salesforce Enterprise\u00a0<\/strong>ho\u1eb7c cao h\u01a1n. B\u1ea1n c\u0169ng c\u1ea7n l\u00e0 m\u1ed9t <strong>Qu\u1ea3n tr\u1ecb vi\u00ean t\u1ed5 ch\u1ee9c Salesforce<\/strong> \u0111\u1ec3 ho\u00e0n t\u1ea5t qu\u00e1 tr\u00ecnh \u0111\u0103ng k\u00fd.<\/p><p>N\u1ebfu b\u1ea1n \u0111ang s\u1eed d\u1ee5ng Salesforce Professional Edition, quy\u1ec1n truy c\u1eadp API kh\u00f4ng \u0111\u01b0\u1ee3c bao g\u1ed3m trong g\u00f3i. Quy\u1ec1n truy c\u1eadp n\u00e0y ph\u1ea3i \u0111\u01b0\u1ee3c mua ri\u00eang b\u1eb1ng c\u00e1ch li\u00ean h\u1ec7 v\u1edbi Nh\u00e2n vi\u00ean T\u00e0i kho\u1ea3n Salesforce c\u1ee7a b\u1ea1n. N\u1ebfu b\u1ea1n kh\u00f4ng c\u00f3 Nh\u00e2n vi\u00ean T\u00e0i kho\u1ea3n Salesforce \u0111\u01b0\u1ee3c ch\u1ec9 \u0111\u1ecbnh, h\u00e3y li\u00ean h\u1ec7 v\u1edbi Salesforce. <b><a href=\"https:\/\/www.salesforce.com\/eu\/company\/locations\/\" target=\"_blank\" rel=\"nofollow noopener noreferrer\">\u0110\u1ed9i b\u00e1n h\u00e0ng<\/a><\/b>.<\/p>\t\t\t\t\t\t\t\t<\/div>\n\t\t\t\t<\/div>\n\t\t\t\t\t<\/div>\n\t\t\t\t<\/div>\n\t\t<div class=\"elementor-element elementor-element-853f21f e-flex e-con-boxed e-con e-parent\" data-id=\"853f21f\" data-element_type=\"container\" data-e-type=\"container\">\n\t\t\t\t\t<div class=\"e-con-inner\">\n\t\t\t\t<div class=\"elementor-element elementor-element-d31341e elementor-widget__width-initial elementor-widget elementor-widget-text-editor\" data-id=\"d31341e\" data-element_type=\"widget\" data-e-type=\"widget\" data-widget_type=\"text-editor.default\">\n\t\t\t\t<div class=\"elementor-widget-container\">\n\t\t\t\t\t\t\t\t\t<p>B\u1ea1n lu\u00f4n c\u00f3 th\u1ec3 t\u00ecm th\u1ea5y m\u1ed9t\u00a0<a href=\"https:\/\/help.mapsly.com\/en\/articles\/4336803\" target=\"_blank\" rel=\"noopener\">h\u01b0\u1edbng d\u1eabn c\u00e0i \u0111\u1eb7t \u0111\u1ea7y \u0111\u1ee7 cho Salesforce <\/a>\u00a0Trong B\u1ea3n \u0111\u1ed3<span style=\"letter-spacing: 0px;\">trung t\u00e2m tr\u1ee3 gi\u00fap ly. <\/span><\/p>\t\t\t\t\t\t\t\t<\/div>\n\t\t\t\t<\/div>\n\t\t\t\t\t<\/div>\n\t\t\t\t<\/div>\n\t\t\t\t<\/div>","protected":false},"excerpt":{"rendered":"<p>Quan tr\u1ecdng: v\u00ec Mapsly s\u1eed d\u1ee5ng Salesforce API, n\u00ean y\u00eau c\u1ea7u c\u00f3 g\u00f3i Salesforce Professional (k\u00e8m ph\u1ea7n b\u1ed5 tr\u1ee3 truy c\u1eadp API) ho\u1eb7c g\u00f3i Salesforce Enterprise tr\u1edf l\u00ean. B\u1ea1n c\u0169ng c\u1ea7n ph\u1ea3i l\u00e0 qu\u1ea3n tr\u1ecb vi\u00ean t\u1ed5 ch\u1ee9c Salesforce \u0111\u1ec3 ho\u00e0n t\u1ea5t qu\u00e1 tr\u00ecnh \u0111\u0103ng k\u00fd. N\u1ebfu b\u1ea1n \u0111ang s\u1eed d\u1ee5ng Salesforce Professional Edition, truy c\u1eadp API kh\u00f4ng \u0111\u01b0\u1ee3c bao g\u1ed3m trong g\u00f3i. Ph\u1ea3i mua ri\u00eang b\u1edfi [&hellip;]<\/p>","protected":false},"author":51,"featured_media":0,"parent":0,"menu_order":0,"comment_status":"closed","ping_status":"closed","template":"elementor_canvas","meta":{"_acf_changed":false,"footnotes":""},"class_list":["post-24469","page","type-page","status-publish","hentry"],"acf":[],"yoast_head":"<!-- This site is optimized with the Yoast SEO plugin v26.6 - https:\/\/yoast.com\/wordpress\/plugins\/seo\/ -->\n<title>Wizard guidelines for Salesforce - Mapsly<\/title>\n<meta name=\"robots\" content=\"index, follow, max-snippet:-1, max-image-preview:large, max-video-preview:-1\" \/>\n<link rel=\"canonical\" href=\"https:\/\/mapsly.com\/vi\/wizard-guidelines-for-salesforce\/\" \/>\n<meta property=\"og:locale\" content=\"vi_VN\" \/>\n<meta property=\"og:type\" content=\"article\" \/>\n<meta property=\"og:title\" content=\"Wizard guidelines for Salesforce - Mapsly\" \/>\n<meta property=\"og:description\" content=\"Important: since Mapsly leverages Salesforce API, it requires\u00a0the Salesforce Professional plan (with API access add-on) or the Salesforce Enterprise plan\u00a0or higher. You also need to be a Salesforce org administrator to complete sign-up process. If you are using Salesforce Professional Edition, API access is not included in the plan. It must be purchased separately by [&hellip;]\" \/>\n<meta property=\"og:url\" content=\"https:\/\/mapsly.com\/vi\/wizard-guidelines-for-salesforce\/\" \/>\n<meta property=\"og:site_name\" content=\"Mapsly\" \/>\n<meta property=\"article:modified_time\" content=\"2026-01-28T11:47:38+00:00\" \/>\n<meta name=\"twitter:card\" content=\"summary_large_image\" \/>\n<meta name=\"twitter:label1\" content=\"\u01af\u1edbc t\u00ednh th\u1eddi gian \u0111\u1ecdc\" \/>\n\t<meta name=\"twitter:data1\" content=\"1 ph\u00fat\" \/>\n<script type=\"application\/ld+json\" class=\"yoast-schema-graph\">{\"@context\":\"https:\/\/schema.org\",\"@graph\":[{\"@type\":\"WebPage\",\"@id\":\"https:\/\/mapsly.com\/ko\/wizard-guidelines-for-salesforce\/\",\"url\":\"https:\/\/mapsly.com\/ko\/wizard-guidelines-for-salesforce\/\",\"name\":\"Wizard guidelines for Salesforce - Mapsly\",\"isPartOf\":{\"@id\":\"https:\/\/mapsly.com\/#website\"},\"datePublished\":\"2025-12-03T12:52:52+00:00\",\"dateModified\":\"2026-01-28T11:47:38+00:00\",\"breadcrumb\":{\"@id\":\"https:\/\/mapsly.com\/ko\/wizard-guidelines-for-salesforce\/#breadcrumb\"},\"inLanguage\":\"vi\",\"potentialAction\":[{\"@type\":\"ReadAction\",\"target\":[\"https:\/\/mapsly.com\/ko\/wizard-guidelines-for-salesforce\/\"]}]},{\"@type\":\"BreadcrumbList\",\"@id\":\"https:\/\/mapsly.com\/ko\/wizard-guidelines-for-salesforce\/#breadcrumb\",\"itemListElement\":[{\"@type\":\"ListItem\",\"position\":1,\"name\":\"Home\",\"item\":\"https:\/\/mapsly.com\/\"},{\"@type\":\"ListItem\",\"position\":2,\"name\":\"Wizard guidelines for Salesforce\"}]},{\"@type\":\"WebSite\",\"@id\":\"https:\/\/mapsly.com\/#website\",\"url\":\"https:\/\/mapsly.com\/\",\"name\":\"Mapsly\",\"description\":\"The Ultimate CRM Map\",\"publisher\":{\"@id\":\"https:\/\/mapsly.com\/#organization\"},\"potentialAction\":[{\"@type\":\"SearchAction\",\"target\":{\"@type\":\"EntryPoint\",\"urlTemplate\":\"https:\/\/mapsly.com\/?s={search_term_string}\"},\"query-input\":{\"@type\":\"PropertyValueSpecification\",\"valueRequired\":true,\"valueName\":\"search_term_string\"}}],\"inLanguage\":\"vi\"},{\"@type\":\"Organization\",\"@id\":\"https:\/\/mapsly.com\/#organization\",\"name\":\"Mapsly\",\"url\":\"https:\/\/mapsly.com\/\",\"logo\":{\"@type\":\"ImageObject\",\"inLanguage\":\"vi\",\"@id\":\"https:\/\/mapsly.com\/#\/schema\/logo\/image\/\",\"url\":\"https:\/\/mapsly.com\/wp-content\/uploads\/2025\/06\/Mapsly-Logo-2x-BIG.png\",\"contentUrl\":\"https:\/\/mapsly.com\/wp-content\/uploads\/2025\/06\/Mapsly-Logo-2x-BIG.png\",\"width\":280,\"height\":85,\"caption\":\"Mapsly\"},\"image\":{\"@id\":\"https:\/\/mapsly.com\/#\/schema\/logo\/image\/\"}}]}<\/script>\n<!-- \/ Yoast SEO plugin. -->","yoast_head_json":{"title":"H\u01b0\u1edbng d\u1eabn tr\u00ecnh h\u01b0\u1edbng d\u1eabn cho Salesforce - Mapsly","robots":{"index":"index","follow":"follow","max-snippet":"max-snippet:-1","max-image-preview":"max-image-preview:large","max-video-preview":"max-video-preview:-1"},"canonical":"https:\/\/mapsly.com\/vi\/wizard-guidelines-for-salesforce\/","og_locale":"vi_VN","og_type":"article","og_title":"Wizard guidelines for Salesforce - Mapsly","og_description":"Important: since Mapsly leverages Salesforce API, it requires\u00a0the Salesforce Professional plan (with API access add-on) or the Salesforce Enterprise plan\u00a0or higher. You also need to be a Salesforce org administrator to complete sign-up process. If you are using Salesforce Professional Edition, API access is not included in the plan. It must be purchased separately by [&hellip;]","og_url":"https:\/\/mapsly.com\/vi\/wizard-guidelines-for-salesforce\/","og_site_name":"Mapsly","article_modified_time":"2026-01-28T11:47:38+00:00","twitter_card":"summary_large_image","twitter_misc":{"\u01af\u1edbc t\u00ednh th\u1eddi gian \u0111\u1ecdc":"1 ph\u00fat"},"schema":{"@context":"https:\/\/schema.org","@graph":[{"@type":"WebPage","@id":"https:\/\/mapsly.com\/ko\/wizard-guidelines-for-salesforce\/","url":"https:\/\/mapsly.com\/ko\/wizard-guidelines-for-salesforce\/","name":"H\u01b0\u1edbng d\u1eabn tr\u00ecnh h\u01b0\u1edbng d\u1eabn cho Salesforce - Mapsly","isPartOf":{"@id":"https:\/\/mapsly.com\/#website"},"datePublished":"2025-12-03T12:52:52+00:00","dateModified":"2026-01-28T11:47:38+00:00","breadcrumb":{"@id":"https:\/\/mapsly.com\/ko\/wizard-guidelines-for-salesforce\/#breadcrumb"},"inLanguage":"vi","potentialAction":[{"@type":"ReadAction","target":["https:\/\/mapsly.com\/ko\/wizard-guidelines-for-salesforce\/"]}]},{"@type":"BreadcrumbList","@id":"https:\/\/mapsly.com\/ko\/wizard-guidelines-for-salesforce\/#breadcrumb","itemListElement":[{"@type":"ListItem","position":1,"name":"Home","item":"https:\/\/mapsly.com\/"},{"@type":"ListItem","position":2,"name":"Wizard guidelines for Salesforce"}]},{"@type":"WebSite","@id":"https:\/\/mapsly.com\/#website","url":"https:\/\/mapsly.com\/","name":"Mapsly","description":"B\u1ea3n \u0111\u1ed3 CRM t\u1ed1i \u01b0u","publisher":{"@id":"https:\/\/mapsly.com\/#organization"},"potentialAction":[{"@type":"SearchAction","target":{"@type":"EntryPoint","urlTemplate":"https:\/\/mapsly.com\/?s={search_term_string}"},"query-input":{"@type":"PropertyValueSpecification","valueRequired":true,"valueName":"search_term_string"}}],"inLanguage":"vi"},{"@type":"Organization","@id":"https:\/\/mapsly.com\/#organization","name":"Mapsly","url":"https:\/\/mapsly.com\/","logo":{"@type":"ImageObject","inLanguage":"vi","@id":"https:\/\/mapsly.com\/#\/schema\/logo\/image\/","url":"https:\/\/mapsly.com\/wp-content\/uploads\/2025\/06\/Mapsly-Logo-2x-BIG.png","contentUrl":"https:\/\/mapsly.com\/wp-content\/uploads\/2025\/06\/Mapsly-Logo-2x-BIG.png","width":280,"height":85,"caption":"Mapsly"},"image":{"@id":"https:\/\/mapsly.com\/#\/schema\/logo\/image\/"}}]}},"_links":{"self":[{"href":"https:\/\/mapsly.com\/vi\/wp-json\/wp\/v2\/pages\/24469","targetHints":{"allow":["GET"]}}],"collection":[{"href":"https:\/\/mapsly.com\/vi\/wp-json\/wp\/v2\/pages"}],"about":[{"href":"https:\/\/mapsly.com\/vi\/wp-json\/wp\/v2\/types\/page"}],"author":[{"embeddable":true,"href":"https:\/\/mapsly.com\/vi\/wp-json\/wp\/v2\/users\/51"}],"replies":[{"embeddable":true,"href":"https:\/\/mapsly.com\/vi\/wp-json\/wp\/v2\/comments?post=24469"}],"version-history":[{"count":17,"href":"https:\/\/mapsly.com\/vi\/wp-json\/wp\/v2\/pages\/24469\/revisions"}],"predecessor-version":[{"id":25762,"href":"https:\/\/mapsly.com\/vi\/wp-json\/wp\/v2\/pages\/24469\/revisions\/25762"}],"wp:attachment":[{"href":"https:\/\/mapsly.com\/vi\/wp-json\/wp\/v2\/media?parent=24469"}],"curies":[{"name":"wp","href":"https:\/\/api.w.org\/{rel}","templated":true}]}}