{"id":24444,"date":"2025-12-03T15:13:44","date_gmt":"2025-12-03T12:13:44","guid":{"rendered":"https:\/\/mapsly.com\/?page_id=24444"},"modified":"2026-01-28T14:14:32","modified_gmt":"2026-01-28T11:14:32","slug":"wizard-guidelines-for-zoho-crm","status":"publish","type":"page","link":"https:\/\/mapsly.com\/vi\/wizard-guidelines-for-zoho-crm\/","title":{"rendered":"H\u01b0\u1edbng d\u1eabn Wizard cho Zoho CRM"},"content":{"rendered":"<div data-elementor-type=\"wp-page\" data-elementor-id=\"24444\" class=\"elementor elementor-24444\" data-elementor-post-type=\"page\">\n\t\t\t\t<div class=\"elementor-element elementor-element-812df68 e-flex e-con-boxed e-con e-parent\" data-id=\"812df68\" data-element_type=\"container\" data-e-type=\"container\">\n\t\t\t\t\t<div class=\"e-con-inner\">\n\t\t\t\t<div class=\"elementor-element elementor-element-ac5c66b elementor-widget elementor-widget-text-editor\" data-id=\"ac5c66b\" data-element_type=\"widget\" data-e-type=\"widget\" data-widget_type=\"text-editor.default\">\n\t\t\t\t<div class=\"elementor-widget-container\">\n\t\t\t\t\t\t\t\t\t<p>\u0110\u1ec3 ho\u00e0n t\u1ea5t quy tr\u00ecnh \u0111\u0103ng k\u00fd, <strong>B\u1ea1n ph\u1ea3i l\u00e0 qu\u1ea3n tr\u1ecb vi\u00ean Zoho CRM v\u00e0 c\u00f3 Zoho CRM Standard edition ho\u1eb7c cao h\u01a1n,<\/strong>.<\/p><p><span style=\"letter-spacing: 0px;\">You can always find a <a href=\"https:\/\/help.mapsly.com\/en\/articles\/4316338\" target=\"_blank\" rel=\"noopener\">full installation guide for Zoho CRM<\/a> trong trung t\u00e2m tr\u1ee3 gi\u00fap Mapsly.\u00a0<\/span><\/p>\t\t\t\t\t\t\t\t<\/div>\n\t\t\t\t<\/div>\n\t\t\t\t\t<\/div>\n\t\t\t\t<\/div>\n\t\t\t\t<\/div>","protected":false},"excerpt":{"rendered":"<p>\u0110\u1ec3 ho\u00e0n t\u1ea5t qu\u00e1 tr\u00ecnh \u0111\u0103ng k\u00fd, b\u1ea1n ph\u1ea3i l\u00e0 qu\u1ea3n tr\u1ecb vi\u00ean Zoho CRM v\u00e0 c\u00f3 phi\u00ean b\u1ea3n Zoho CRM Standard tr\u1edf l\u00ean. B\u1ea1n lu\u00f4n c\u00f3 th\u1ec3 t\u00ecm h\u01b0\u1edbng d\u1eabn c\u00e0i \u0111\u1eb7t \u0111\u1ea7y \u0111\u1ee7 cho Zoho CRM trong trung t\u00e2m tr\u1ee3 gi\u00fap Mapsly.\u00a0<\/p>","protected":false},"author":51,"featured_media":0,"parent":0,"menu_order":0,"comment_status":"closed","ping_status":"closed","template":"elementor_canvas","meta":{"_acf_changed":false,"footnotes":""},"class_list":["post-24444","page","type-page","status-publish","hentry"],"acf":[],"yoast_head":"<!-- This site is optimized with the Yoast SEO plugin v26.6 - https:\/\/yoast.com\/wordpress\/plugins\/seo\/ -->\n<title>Wizard guidelines for Zoho CRM - Mapsly<\/title>\n<meta name=\"robots\" content=\"index, follow, max-snippet:-1, max-image-preview:large, max-video-preview:-1\" \/>\n<link rel=\"canonical\" href=\"https:\/\/mapsly.com\/vi\/wizard-guidelines-for-zoho-crm\/\" \/>\n<meta property=\"og:locale\" content=\"vi_VN\" \/>\n<meta property=\"og:type\" content=\"article\" \/>\n<meta property=\"og:title\" content=\"Wizard guidelines for Zoho CRM - Mapsly\" \/>\n<meta property=\"og:description\" content=\"To complete sign-up process, you must be a Zoho CRM administrator and have Zoho CRM Standard edition or higher. You can always find a full installation guide for Zoho CRM in Mapsly help center.\u00a0\" \/>\n<meta property=\"og:url\" content=\"https:\/\/mapsly.com\/vi\/wizard-guidelines-for-zoho-crm\/\" \/>\n<meta property=\"og:site_name\" content=\"Mapsly\" \/>\n<meta property=\"article:modified_time\" content=\"2026-01-28T11:14:32+00:00\" \/>\n<meta name=\"twitter:card\" content=\"summary_large_image\" \/>\n<meta name=\"twitter:label1\" content=\"\u01af\u1edbc t\u00ednh th\u1eddi gian \u0111\u1ecdc\" \/>\n\t<meta name=\"twitter:data1\" content=\"1 ph\u00fat\" \/>\n<script type=\"application\/ld+json\" class=\"yoast-schema-graph\">{\"@context\":\"https:\/\/schema.org\",\"@graph\":[{\"@type\":\"WebPage\",\"@id\":\"https:\/\/mapsly.com\/zh\/wizard-guidelines-for-zoho-crm\/\",\"url\":\"https:\/\/mapsly.com\/zh\/wizard-guidelines-for-zoho-crm\/\",\"name\":\"Wizard guidelines for Zoho CRM - Mapsly\",\"isPartOf\":{\"@id\":\"https:\/\/mapsly.com\/#website\"},\"datePublished\":\"2025-12-03T12:13:44+00:00\",\"dateModified\":\"2026-01-28T11:14:32+00:00\",\"breadcrumb\":{\"@id\":\"https:\/\/mapsly.com\/zh\/wizard-guidelines-for-zoho-crm\/#breadcrumb\"},\"inLanguage\":\"vi\",\"potentialAction\":[{\"@type\":\"ReadAction\",\"target\":[\"https:\/\/mapsly.com\/zh\/wizard-guidelines-for-zoho-crm\/\"]}]},{\"@type\":\"BreadcrumbList\",\"@id\":\"https:\/\/mapsly.com\/zh\/wizard-guidelines-for-zoho-crm\/#breadcrumb\",\"itemListElement\":[{\"@type\":\"ListItem\",\"position\":1,\"name\":\"Home\",\"item\":\"https:\/\/mapsly.com\/\"},{\"@type\":\"ListItem\",\"position\":2,\"name\":\"Wizard guidelines for Zoho CRM\"}]},{\"@type\":\"WebSite\",\"@id\":\"https:\/\/mapsly.com\/#website\",\"url\":\"https:\/\/mapsly.com\/\",\"name\":\"Mapsly\",\"description\":\"The Ultimate CRM Map\",\"publisher\":{\"@id\":\"https:\/\/mapsly.com\/#organization\"},\"potentialAction\":[{\"@type\":\"SearchAction\",\"target\":{\"@type\":\"EntryPoint\",\"urlTemplate\":\"https:\/\/mapsly.com\/?s={search_term_string}\"},\"query-input\":{\"@type\":\"PropertyValueSpecification\",\"valueRequired\":true,\"valueName\":\"search_term_string\"}}],\"inLanguage\":\"vi\"},{\"@type\":\"Organization\",\"@id\":\"https:\/\/mapsly.com\/#organization\",\"name\":\"Mapsly\",\"url\":\"https:\/\/mapsly.com\/\",\"logo\":{\"@type\":\"ImageObject\",\"inLanguage\":\"vi\",\"@id\":\"https:\/\/mapsly.com\/#\/schema\/logo\/image\/\",\"url\":\"https:\/\/mapsly.com\/wp-content\/uploads\/2025\/06\/Mapsly-Logo-2x-BIG.png\",\"contentUrl\":\"https:\/\/mapsly.com\/wp-content\/uploads\/2025\/06\/Mapsly-Logo-2x-BIG.png\",\"width\":280,\"height\":85,\"caption\":\"Mapsly\"},\"image\":{\"@id\":\"https:\/\/mapsly.com\/#\/schema\/logo\/image\/\"}}]}<\/script>\n<!-- \/ Yoast SEO plugin. -->","yoast_head_json":{"title":"H\u01b0\u1edbng d\u1eabn Wizard cho Zoho CRM - Mapsly","robots":{"index":"index","follow":"follow","max-snippet":"max-snippet:-1","max-image-preview":"max-image-preview:large","max-video-preview":"max-video-preview:-1"},"canonical":"https:\/\/mapsly.com\/vi\/wizard-guidelines-for-zoho-crm\/","og_locale":"vi_VN","og_type":"article","og_title":"Wizard guidelines for Zoho CRM - Mapsly","og_description":"To complete sign-up process, you must be a Zoho CRM administrator and have Zoho CRM Standard edition or higher. You can always find a full installation guide for Zoho CRM in Mapsly help center.\u00a0","og_url":"https:\/\/mapsly.com\/vi\/wizard-guidelines-for-zoho-crm\/","og_site_name":"Mapsly","article_modified_time":"2026-01-28T11:14:32+00:00","twitter_card":"summary_large_image","twitter_misc":{"\u01af\u1edbc t\u00ednh th\u1eddi gian \u0111\u1ecdc":"1 ph\u00fat"},"schema":{"@context":"https:\/\/schema.org","@graph":[{"@type":"WebPage","@id":"https:\/\/mapsly.com\/zh\/wizard-guidelines-for-zoho-crm\/","url":"https:\/\/mapsly.com\/zh\/wizard-guidelines-for-zoho-crm\/","name":"H\u01b0\u1edbng d\u1eabn Wizard cho Zoho CRM - Mapsly","isPartOf":{"@id":"https:\/\/mapsly.com\/#website"},"datePublished":"2025-12-03T12:13:44+00:00","dateModified":"2026-01-28T11:14:32+00:00","breadcrumb":{"@id":"https:\/\/mapsly.com\/zh\/wizard-guidelines-for-zoho-crm\/#breadcrumb"},"inLanguage":"vi","potentialAction":[{"@type":"ReadAction","target":["https:\/\/mapsly.com\/zh\/wizard-guidelines-for-zoho-crm\/"]}]},{"@type":"BreadcrumbList","@id":"https:\/\/mapsly.com\/zh\/wizard-guidelines-for-zoho-crm\/#breadcrumb","itemListElement":[{"@type":"ListItem","position":1,"name":"Home","item":"https:\/\/mapsly.com\/"},{"@type":"ListItem","position":2,"name":"Wizard guidelines for Zoho CRM"}]},{"@type":"WebSite","@id":"https:\/\/mapsly.com\/#website","url":"https:\/\/mapsly.com\/","name":"Mapsly","description":"B\u1ea3n \u0111\u1ed3 CRM t\u1ed1i th\u01b0\u1ee3ng","publisher":{"@id":"https:\/\/mapsly.com\/#organization"},"potentialAction":[{"@type":"SearchAction","target":{"@type":"EntryPoint","urlTemplate":"https:\/\/mapsly.com\/?s={search_term_string}"},"query-input":{"@type":"PropertyValueSpecification","valueRequired":true,"valueName":"search_term_string"}}],"inLanguage":"vi"},{"@type":"Organization","@id":"https:\/\/mapsly.com\/#organization","name":"Mapsly","url":"https:\/\/mapsly.com\/","logo":{"@type":"ImageObject","inLanguage":"vi","@id":"https:\/\/mapsly.com\/#\/schema\/logo\/image\/","url":"https:\/\/mapsly.com\/wp-content\/uploads\/2025\/06\/Mapsly-Logo-2x-BIG.png","contentUrl":"https:\/\/mapsly.com\/wp-content\/uploads\/2025\/06\/Mapsly-Logo-2x-BIG.png","width":280,"height":85,"caption":"Mapsly"},"image":{"@id":"https:\/\/mapsly.com\/#\/schema\/logo\/image\/"}}]}},"_links":{"self":[{"href":"https:\/\/mapsly.com\/vi\/wp-json\/wp\/v2\/pages\/24444","targetHints":{"allow":["GET"]}}],"collection":[{"href":"https:\/\/mapsly.com\/vi\/wp-json\/wp\/v2\/pages"}],"about":[{"href":"https:\/\/mapsly.com\/vi\/wp-json\/wp\/v2\/types\/page"}],"author":[{"embeddable":true,"href":"https:\/\/mapsly.com\/vi\/wp-json\/wp\/v2\/users\/51"}],"replies":[{"embeddable":true,"href":"https:\/\/mapsly.com\/vi\/wp-json\/wp\/v2\/comments?post=24444"}],"version-history":[{"count":27,"href":"https:\/\/mapsly.com\/vi\/wp-json\/wp\/v2\/pages\/24444\/revisions"}],"predecessor-version":[{"id":25746,"href":"https:\/\/mapsly.com\/vi\/wp-json\/wp\/v2\/pages\/24444\/revisions\/25746"}],"wp:attachment":[{"href":"https:\/\/mapsly.com\/vi\/wp-json\/wp\/v2\/media?parent=24444"}],"curies":[{"name":"wp","href":"https:\/\/api.w.org\/{rel}","templated":true}]}}