{"id":24306,"date":"2025-12-01T13:33:54","date_gmt":"2025-12-01T10:33:54","guid":{"rendered":"https:\/\/mapsly.com\/?page_id=24306"},"modified":"2026-01-28T13:59:03","modified_gmt":"2026-01-28T10:59:03","slug":"wizard-guidelines-for-hubspot","status":"publish","type":"page","link":"https:\/\/mapsly.com\/vi\/wizard-guidelines-for-hubspot\/","title":{"rendered":"H\u01b0\u1edbng d\u1eabn tr\u00ecnh h\u01b0\u1edbng d\u1eabn cho HubSpot"},"content":{"rendered":"<div data-elementor-type=\"wp-page\" data-elementor-id=\"24306\" class=\"elementor elementor-24306\" data-elementor-post-type=\"page\">\n\t\t\t\t<div class=\"elementor-element elementor-element-8b696cb e-flex e-con-boxed e-con e-parent\" data-id=\"8b696cb\" data-element_type=\"container\" data-e-type=\"container\">\n\t\t\t\t\t<div class=\"e-con-inner\">\n\t\t\t\t<div class=\"elementor-element elementor-element-19ebee1 elementor-widget elementor-widget-text-editor\" data-id=\"19ebee1\" data-element_type=\"widget\" data-e-type=\"widget\" data-widget_type=\"text-editor.default\">\n\t\t\t\t<div class=\"elementor-widget-container\">\n\t\t\t\t\t\t\t\t\t<p><span style=\"color: var( --e-global-color-text ); background-color: var(--bs-body-bg); text-align: var(--bs-body-text-align);\"><strong>Quan tr\u1ecdng:<\/strong> \u0111\u1ec3 ho\u00e0n t\u1ea5t qu\u00e1 tr\u00ecnh \u0111\u0103ng k\u00fd,<\/span><span style=\"color: var( --e-global-color-text ); background-color: var(--bs-body-bg); text-align: var(--bs-body-text-align);\">\u00a0<\/span><strong style=\"background-color: var(--bs-body-bg); text-align: var(--bs-body-text-align);\">B\u1ea1n ph\u1ea3i l\u00e0 Qu\u1ea3n tr\u1ecb vi\u00ean HubSpot<\/strong><span style=\"color: var( --e-global-color-text ); background-color: var(--bs-body-bg); text-align: var(--bs-body-text-align);\">.<\/span><\/p><p><span style=\"color: var( --e-global-color-text ); background-color: var(--bs-body-bg); text-align: var(--bs-body-text-align);\"> N\u1ebfu b\u1ea1n kh\u00f4ng ph\u1ea3i l\u00e0 qu\u1ea3n tr\u1ecb vi\u00ean HubSpot, vui l\u00f2ng <a href=\"https:\/\/help.mapsly.com\/en\/articles\/9813487\" target=\"_blank\" rel=\"noopener\">tham kh\u1ea3o b\u00e0i vi\u1ebft tr\u1ee3 gi\u00fap n\u00e0y<\/a> \u0111\u1ea7u ti\u00ean.<\/span><\/p>\t\t\t\t\t\t\t\t<\/div>\n\t\t\t\t<\/div>\n\t\t\t\t\t<\/div>\n\t\t\t\t<\/div>\n\t\t\t\t<\/div>","protected":false},"excerpt":{"rendered":"<p>Quan tr\u1ecdng: \u0111\u1ec3 ho\u00e0n t\u1ea5t quy tr\u00ecnh \u0111\u0103ng k\u00fd, b\u1ea1n ph\u1ea3i l\u00e0 Qu\u1ea3n tr\u1ecb vi\u00ean HubSpot. N\u1ebfu b\u1ea1n kh\u00f4ng ph\u1ea3i l\u00e0 qu\u1ea3n tr\u1ecb vi\u00ean HubSpot, vui l\u00f2ng tham kh\u1ea3o b\u00e0i vi\u1ebft tr\u1ee3 gi\u00fap n\u00e0y tr\u01b0\u1edbc.<\/p>","protected":false},"author":51,"featured_media":0,"parent":0,"menu_order":0,"comment_status":"closed","ping_status":"closed","template":"elementor_canvas","meta":{"_acf_changed":false,"footnotes":""},"class_list":["post-24306","page","type-page","status-publish","hentry"],"acf":[],"yoast_head":"<!-- This site is optimized with the Yoast SEO plugin v26.6 - https:\/\/yoast.com\/wordpress\/plugins\/seo\/ -->\n<title>Wizard guidelines for HubSpot - Mapsly<\/title>\n<meta name=\"robots\" content=\"index, follow, max-snippet:-1, max-image-preview:large, max-video-preview:-1\" \/>\n<link rel=\"canonical\" href=\"https:\/\/mapsly.com\/vi\/wizard-guidelines-for-hubspot\/\" \/>\n<meta property=\"og:locale\" content=\"vi_VN\" \/>\n<meta property=\"og:type\" content=\"article\" \/>\n<meta property=\"og:title\" content=\"Wizard guidelines for HubSpot - Mapsly\" \/>\n<meta property=\"og:description\" content=\"Important: to complete sign-up process,\u00a0you must be a HubSpot Administrator. If you are not a HubSpot administrator, please refer to this help article first.\" \/>\n<meta property=\"og:url\" content=\"https:\/\/mapsly.com\/vi\/wizard-guidelines-for-hubspot\/\" \/>\n<meta property=\"og:site_name\" content=\"Mapsly\" \/>\n<meta property=\"article:modified_time\" content=\"2026-01-28T10:59:03+00:00\" \/>\n<meta name=\"twitter:card\" content=\"summary_large_image\" \/>\n<meta name=\"twitter:label1\" content=\"\u01af\u1edbc t\u00ednh th\u1eddi gian \u0111\u1ecdc\" \/>\n\t<meta name=\"twitter:data1\" content=\"1 ph\u00fat\" \/>\n<script type=\"application\/ld+json\" class=\"yoast-schema-graph\">{\"@context\":\"https:\/\/schema.org\",\"@graph\":[{\"@type\":\"WebPage\",\"@id\":\"https:\/\/mapsly.com\/wizard-guidelines-for-hubspot\/\",\"url\":\"https:\/\/mapsly.com\/wizard-guidelines-for-hubspot\/\",\"name\":\"Wizard guidelines for HubSpot - Mapsly\",\"isPartOf\":{\"@id\":\"https:\/\/mapsly.com\/#website\"},\"datePublished\":\"2025-12-01T10:33:54+00:00\",\"dateModified\":\"2026-01-28T10:59:03+00:00\",\"breadcrumb\":{\"@id\":\"https:\/\/mapsly.com\/wizard-guidelines-for-hubspot\/#breadcrumb\"},\"inLanguage\":\"vi\",\"potentialAction\":[{\"@type\":\"ReadAction\",\"target\":[\"https:\/\/mapsly.com\/wizard-guidelines-for-hubspot\/\"]}]},{\"@type\":\"BreadcrumbList\",\"@id\":\"https:\/\/mapsly.com\/wizard-guidelines-for-hubspot\/#breadcrumb\",\"itemListElement\":[{\"@type\":\"ListItem\",\"position\":1,\"name\":\"Home\",\"item\":\"https:\/\/mapsly.com\/\"},{\"@type\":\"ListItem\",\"position\":2,\"name\":\"Wizard guidelines for HubSpot\"}]},{\"@type\":\"WebSite\",\"@id\":\"https:\/\/mapsly.com\/#website\",\"url\":\"https:\/\/mapsly.com\/\",\"name\":\"Mapsly\",\"description\":\"The Ultimate CRM Map\",\"publisher\":{\"@id\":\"https:\/\/mapsly.com\/#organization\"},\"potentialAction\":[{\"@type\":\"SearchAction\",\"target\":{\"@type\":\"EntryPoint\",\"urlTemplate\":\"https:\/\/mapsly.com\/?s={search_term_string}\"},\"query-input\":{\"@type\":\"PropertyValueSpecification\",\"valueRequired\":true,\"valueName\":\"search_term_string\"}}],\"inLanguage\":\"vi\"},{\"@type\":\"Organization\",\"@id\":\"https:\/\/mapsly.com\/#organization\",\"name\":\"Mapsly\",\"url\":\"https:\/\/mapsly.com\/\",\"logo\":{\"@type\":\"ImageObject\",\"inLanguage\":\"vi\",\"@id\":\"https:\/\/mapsly.com\/#\/schema\/logo\/image\/\",\"url\":\"https:\/\/mapsly.com\/wp-content\/uploads\/2025\/06\/Mapsly-Logo-2x-BIG.png\",\"contentUrl\":\"https:\/\/mapsly.com\/wp-content\/uploads\/2025\/06\/Mapsly-Logo-2x-BIG.png\",\"width\":280,\"height\":85,\"caption\":\"Mapsly\"},\"image\":{\"@id\":\"https:\/\/mapsly.com\/#\/schema\/logo\/image\/\"}}]}<\/script>\n<!-- \/ Yoast SEO plugin. -->","yoast_head_json":{"title":"H\u01b0\u1edbng d\u1eabn s\u1eed d\u1ee5ng Wizard cho HubSpot - Mapsly","robots":{"index":"index","follow":"follow","max-snippet":"max-snippet:-1","max-image-preview":"max-image-preview:large","max-video-preview":"max-video-preview:-1"},"canonical":"https:\/\/mapsly.com\/vi\/wizard-guidelines-for-hubspot\/","og_locale":"vi_VN","og_type":"article","og_title":"Wizard guidelines for HubSpot - Mapsly","og_description":"Important: to complete sign-up process,\u00a0you must be a HubSpot Administrator. If you are not a HubSpot administrator, please refer to this help article first.","og_url":"https:\/\/mapsly.com\/vi\/wizard-guidelines-for-hubspot\/","og_site_name":"Mapsly","article_modified_time":"2026-01-28T10:59:03+00:00","twitter_card":"summary_large_image","twitter_misc":{"\u01af\u1edbc t\u00ednh th\u1eddi gian \u0111\u1ecdc":"1 ph\u00fat"},"schema":{"@context":"https:\/\/schema.org","@graph":[{"@type":"WebPage","@id":"https:\/\/mapsly.com\/wizard-guidelines-for-hubspot\/","url":"https:\/\/mapsly.com\/wizard-guidelines-for-hubspot\/","name":"H\u01b0\u1edbng d\u1eabn s\u1eed d\u1ee5ng Wizard cho HubSpot - Mapsly","isPartOf":{"@id":"https:\/\/mapsly.com\/#website"},"datePublished":"2025-12-01T10:33:54+00:00","dateModified":"2026-01-28T10:59:03+00:00","breadcrumb":{"@id":"https:\/\/mapsly.com\/wizard-guidelines-for-hubspot\/#breadcrumb"},"inLanguage":"vi","potentialAction":[{"@type":"ReadAction","target":["https:\/\/mapsly.com\/wizard-guidelines-for-hubspot\/"]}]},{"@type":"BreadcrumbList","@id":"https:\/\/mapsly.com\/wizard-guidelines-for-hubspot\/#breadcrumb","itemListElement":[{"@type":"ListItem","position":1,"name":"Home","item":"https:\/\/mapsly.com\/"},{"@type":"ListItem","position":2,"name":"Wizard guidelines for HubSpot"}]},{"@type":"WebSite","@id":"https:\/\/mapsly.com\/#website","url":"https:\/\/mapsly.com\/","name":"Mapsly","description":"B\u1ea3n \u0111\u1ed3 CRM t\u1ed1i \u01b0u","publisher":{"@id":"https:\/\/mapsly.com\/#organization"},"potentialAction":[{"@type":"SearchAction","target":{"@type":"EntryPoint","urlTemplate":"https:\/\/mapsly.com\/?s={search_term_string}"},"query-input":{"@type":"PropertyValueSpecification","valueRequired":true,"valueName":"search_term_string"}}],"inLanguage":"vi"},{"@type":"Organization","@id":"https:\/\/mapsly.com\/#organization","name":"Mapsly","url":"https:\/\/mapsly.com\/","logo":{"@type":"ImageObject","inLanguage":"vi","@id":"https:\/\/mapsly.com\/#\/schema\/logo\/image\/","url":"https:\/\/mapsly.com\/wp-content\/uploads\/2025\/06\/Mapsly-Logo-2x-BIG.png","contentUrl":"https:\/\/mapsly.com\/wp-content\/uploads\/2025\/06\/Mapsly-Logo-2x-BIG.png","width":280,"height":85,"caption":"Mapsly"},"image":{"@id":"https:\/\/mapsly.com\/#\/schema\/logo\/image\/"}}]}},"_links":{"self":[{"href":"https:\/\/mapsly.com\/vi\/wp-json\/wp\/v2\/pages\/24306","targetHints":{"allow":["GET"]}}],"collection":[{"href":"https:\/\/mapsly.com\/vi\/wp-json\/wp\/v2\/pages"}],"about":[{"href":"https:\/\/mapsly.com\/vi\/wp-json\/wp\/v2\/types\/page"}],"author":[{"embeddable":true,"href":"https:\/\/mapsly.com\/vi\/wp-json\/wp\/v2\/users\/51"}],"replies":[{"embeddable":true,"href":"https:\/\/mapsly.com\/vi\/wp-json\/wp\/v2\/comments?post=24306"}],"version-history":[{"count":64,"href":"https:\/\/mapsly.com\/vi\/wp-json\/wp\/v2\/pages\/24306\/revisions"}],"predecessor-version":[{"id":25734,"href":"https:\/\/mapsly.com\/vi\/wp-json\/wp\/v2\/pages\/24306\/revisions\/25734"}],"wp:attachment":[{"href":"https:\/\/mapsly.com\/vi\/wp-json\/wp\/v2\/media?parent=24306"}],"curies":[{"name":"wp","href":"https:\/\/api.w.org\/{rel}","templated":true}]}}