{"id":1863,"date":"2025-07-24T15:02:11","date_gmt":"2025-07-24T12:02:11","guid":{"rendered":"https:\/\/mapsly.com?page_id=1863"},"modified":"2026-02-20T11:14:27","modified_gmt":"2026-02-20T08:14:27","slug":"smartsheet-map","status":"publish","type":"page","link":"https:\/\/mapsly.com\/vi\/smartsheet-map\/","title":{"rendered":"Th\u00eam B\u1ea3n \u0111\u1ed3 Tr\u1ef1c ti\u1ebfp v\u00e0o B\u1ea3ng \u0111i\u1ec1u khi\u1ec3n Smartsheet c\u1ee7a b\u1ea1n"},"content":{"rendered":"<div data-elementor-type=\"wp-page\" data-elementor-id=\"1863\" class=\"elementor elementor-1863\" data-elementor-post-type=\"page\">\n\t\t\t\t<div class=\"elementor-element elementor-element-145e482 e-flex e-con-boxed e-con e-parent\" data-id=\"145e482\" data-element_type=\"container\" data-e-type=\"container\">\n\t\t\t\t\t<div class=\"e-con-inner\">\n\t\t\t\t<div class=\"elementor-element elementor-element-1169e60 elementor-widget elementor-widget-heading\" data-id=\"1169e60\" data-element_type=\"widget\" data-e-type=\"widget\" data-widget_type=\"heading.default\">\n\t\t\t\t<div class=\"elementor-widget-container\">\n\t\t\t\t\t<h2 class=\"elementor-heading-title elementor-size-default\">Th\u00eam B\u1ea3n \u0111\u1ed3 Tr\u1ef1c ti\u1ebfp v\u00e0o B\u1ea3ng \u0111i\u1ec1u khi\u1ec3n Smartsheet c\u1ee7a b\u1ea1n\n<\/h2>\t\t\t\t<\/div>\n\t\t\t\t<\/div>\n\t\t\t\t<div class=\"elementor-element elementor-element-06d7a25 elementor-widget elementor-widget-text-editor\" data-id=\"06d7a25\" data-element_type=\"widget\" data-e-type=\"widget\" data-widget_type=\"text-editor.default\">\n\t\t\t\t<div class=\"elementor-widget-container\">\n\t\t\t\t\t\t\t\t\t<p>Nh\u00fang b\u1ea3n \u0111\u1ed3 t\u01b0\u01a1ng t\u00e1c tr\u1ef1c ti\u1ebfp v\u1edbi d\u1eef li\u1ec7u SmartSheet v\u00e0o b\u1ea3ng \u0111i\u1ec1u khi\u1ec3n SmartSheet c\u1ee7a b\u1ea1n.<\/p>\t\t\t\t\t\t\t\t<\/div>\n\t\t\t\t<\/div>\n\t\t\t\t\t<\/div>\n\t\t\t\t<\/div>\n\t\t\t\t<section class=\"elementor-section elementor-top-section elementor-element elementor-element-66235526 elementor-section-boxed elementor-section-height-default elementor-section-height-default\" data-id=\"66235526\" data-element_type=\"section\" data-e-type=\"section\">\n\t\t\t\t\t\t<div class=\"elementor-container elementor-column-gap-default\">\n\t\t\t\t\t<div class=\"elementor-column elementor-col-100 elementor-top-column elementor-element elementor-element-29f009ef\" data-id=\"29f009ef\" data-element_type=\"column\" data-e-type=\"column\">\n\t\t\t<div class=\"elementor-widget-wrap elementor-element-populated\">\n\t\t\t\t\t\t<div class=\"elementor-element elementor-element-33c6fbb7 gutme  elementor-widget elementor-widget-text-editor\" data-id=\"33c6fbb7\" data-element_type=\"widget\" data-e-type=\"widget\" data-widget_type=\"text-editor.default\">\n\t\t\t\t<div class=\"elementor-widget-container\">\n\t\t\t\t\t\t\t\t\t\n<p>Th\u00eam b\u1ea3n \u0111\u1ed3 t\u01b0\u01a1ng t\u00e1c tr\u1ef1c ti\u1ebfp v\u00e0o b\u1ea3ng \u0111i\u1ec1u khi\u1ec3n Smartsheet c\u1ee7a b\u1ea1n. B\u1ea3n \u0111\u1ed3 c\u00f3 th\u1ec3 hi\u1ec3n th\u1ecb d\u1eef li\u1ec7u t\u1eeb m\u1ed9t ho\u1eb7c nhi\u1ec1u b\u1ea3ng trong Smartsheet, CRM ho\u1eb7c b\u1ea5t k\u1ef3 ngu\u1ed3n d\u1eef li\u1ec7u n\u00e0o kh\u00e1c, c\u0169ng nh\u01b0 c\u00e1c khu v\u1ef1c. B\u1ea1n c\u0169ng c\u00f3 th\u1ec3 th\u00eam c\u00e1c n\u00fat, bi\u1ec3u m\u1eabu v\u00e0 h\u00e0nh \u0111\u1ed9ng t\u00f9y ch\u1ec9nh \u2014 \u0111\u1ec3 cho ph\u00e9p ng\u01b0\u1eddi d\u00f9ng g\u1eedi y\u00eau c\u1ea7u v\u00e0 \u0111\u01a1n \u0111\u0103ng k\u00fd, t\u1ea1o v\u00e0 c\u1eadp nh\u1eadt b\u1ea3n ghi v\u00e0 th\u1ef1c hi\u1ec7n c\u00e1c h\u00e0nh \u0111\u1ed9ng kh\u00e1c ngay tr\u00ean b\u1ea3n \u0111\u1ed3 nh\u00fang.<\/p>\n\n<div class=\"wp-block-spacer\" style=\"height: 25px;\" aria-hidden=\"true\">\u00a0<\/div>\n\n<div class=\"wp-block-buttons is-content-justification-center is-layout-flex wp-block-buttons-is-layout-flex\">\n<div class=\"wp-block-button\"><a class=\"wp-block-button__link\" href=\"#demo\" rel=\"noreferrer noopener\">Xem b\u1ea3ng \u0111i\u1ec1u khi\u1ec3n demo Smartsheet<\/a><\/div>\n<\/div>\n\n<div class=\"wp-block-spacer\" style=\"height: 54px;\" aria-hidden=\"true\">\u00a0<\/div>\n\n<h2 class=\"has-text-align-center wp-block-heading\">C\u00e1ch nh\u00fang Mapsly v\u00e0o b\u1ea3ng \u0111i\u1ec1u khi\u1ec3n Smartsheet<\/h2>\n\n<p>C\u00e1ch ph\u1ed5 bi\u1ebfn nh\u1ea5t \u0111\u1ec3 th\u00eam Mapsly v\u00e0o b\u1ea3ng \u0111i\u1ec1u khi\u1ec3n Smartsheet c\u1ee7a b\u1ea1n l\u00e0 s\u1eed d\u1ee5ng widget N\u1ed9i dung Web Smartsheet \u2014 c\u00e1ch n\u00e0y b\u1ea3n \u0111\u1ed3 s\u1ebd \u0111\u01b0\u1ee3c nh\u00fang tr\u1ef1c ti\u1ebfp v\u00e0o b\u1ea3ng \u0111i\u1ec1u khi\u1ec3n c\u1ee7a b\u1ea1n v\u00e0 b\u1ea3ng \u0111i\u1ec1u khi\u1ec3n s\u1ebd t\u1ef1 \u0111\u1ed9ng c\u1eadp nh\u1eadt \u0111\u1ec3 hi\u1ec3n th\u1ecb d\u1eef li\u1ec7u b\u1ea3n \u0111\u1ed3 m\u1edbi nh\u1ea5t. Nh\u01b0ng c\u0169ng c\u00f3 th\u1ec3 th\u00eam Mapsly b\u1eb1ng c\u00e1c widget Ph\u00edm t\u1eaft ho\u1eb7c H\u00ecnh \u1ea3nh \u2014 trong tr\u01b0\u1eddng h\u1ee3p n\u00e0y, b\u1ea3ng \u0111i\u1ec1u khi\u1ec3n c\u1ee7a b\u1ea1n s\u1ebd ch\u1ec9 ch\u1ee9a m\u1ed9t li\u00ean k\u1ebft m\u1edf b\u1ea3n \u0111\u1ed3 Mapsly trong tab tr\u00ecnh duy\u1ec7t m\u1edbi.<\/p>\n\n<div class=\"wp-block-spacer\" style=\"height: 25px;\" aria-hidden=\"true\">\u00a0<\/div>\n\n<div class=\"wp-block-buttons is-content-justification-center is-layout-flex wp-block-buttons-is-layout-flex\">\n<div class=\"wp-block-button\"><a class=\"wp-block-button__link\" href=\"https:\/\/help.mapsly.com\/articles\/5377582\">H\u01b0\u1edbng d\u1eabn t\u1eebng b\u01b0\u1edbc \u0111\u1ec3 th\u00eam b\u1ea3n \u0111\u1ed3 tr\u1ef1c ti\u1ebfp v\u00e0o b\u1ea3ng \u0111i\u1ec1u khi\u1ec3n Smartsheet c\u1ee7a b\u1ea1n <\/a><\/div>\n<\/div>\n\n<div class=\"wp-block-spacer\" style=\"height: 57px;\" aria-hidden=\"true\">\u00a0<\/div>\n\n<h2 class=\"has-text-align-center wp-block-heading\">T\u1ea7n su\u1ea5t c\u1eadp nh\u1eadt d\u1eef li\u1ec7u tr\u00ean b\u1ea3n \u0111\u1ed3 nh\u00fang<\/h2>\n\n<p>Theo m\u1eb7c \u0111\u1ecbnh, Mapsly k\u00e9o d\u1eef li\u1ec7u m\u1edbi v\u00e0 c\u1eadp nh\u1eadt t\u1eeb m\u1ed9t ngu\u1ed3n d\u1eef li\u1ec7u, nh\u01b0 Smartsheet \u0111\u00e3 k\u1ebft n\u1ed1i c\u1ee7a b\u1ea1n, m\u1ed7i 30 ph\u00fat m\u1ed9t l\u1ea7n. Th\u1eddi gian tr\u1ec5 n\u00e0y c\u00f3 th\u1ec3 gi\u1ea3m xu\u1ed1ng c\u00f2n 10 ph\u00fat.<\/p>\n\n<p>C\u0169ng:<\/p>\n\n<ul class=\"wp-block-list\">\n<li>v\u1edbi m\u1ed9t s\u1ed1 ngu\u1ed3n d\u1eef li\u1ec7u, nh\u01b0 HubSpot v\u00e0 Zendesk, \u0111\u1ed3ng b\u1ed9 d\u1eef li\u1ec7u CRM th\u1eddi gian th\u1ef1c \u0111\u1ebfn Mapsly c\u00f3 th\u1ec3 \u0111\u01b0\u1ee3c k\u00edch ho\u1ea1t ch\u1ec9 v\u1edbi v\u00e0i c\u00fa nh\u1ea5p chu\u1ed9t;<\/li>\n<li>\u0111\u1ed1i v\u1edbi c\u00e1c ngu\u1ed3n d\u1eef li\u1ec7u kh\u00e1c, b\u1ea1n c\u00f3 th\u1ec3 thi\u1ebft l\u1eadp \u0111\u1ed3ng b\u1ed9 d\u1eef li\u1ec7u CRM-&gt;Mapsly theo th\u1eddi gian th\u1ef1c b\u1eb1ng c\u00e1ch s\u1eed d\u1ee5ng webhook ho\u1eb7c c\u00e1c cu\u1ed9c g\u1ecdi API \u0111i t\u1eeb ngu\u1ed3n d\u1eef li\u1ec7u c\u1ee7a b\u1ea1n, nh\u01b0 Zoho CRM, Creatio, Quickbase v\u00e0 b\u1ea5t k\u1ef3 ngu\u1ed3n d\u1eef li\u1ec7u n\u00e0o kh\u00e1c h\u1ed7 tr\u1ee3 m\u1ed9t trong nh\u1eefng kh\u1ea3 n\u0103ng n\u00e0y.<\/li>\n<\/ul>\n\n<h2 class=\"has-text-align-center wp-block-heading\">B\u1ea3n \u0111\u1ed3 nh\u00fang linh ho\u1ea1t v\u00e0 d\u1ec5 c\u1ea5u h\u00ecnh<\/h2>\n\n<p>Tr\u00ean b\u1ea3n \u0111\u1ed3 tr\u1ef1c ti\u1ebfp c\u1ee7a b\u1ea1n, b\u1ea1n c\u00f3 th\u1ec3 t\u00f4 m\u00e0u d\u1eef li\u1ec7u m\u1ed9t c\u00e1ch \u0111\u1ed9ng d\u1ef1a tr\u00ean c\u00e1c ti\u00eau ch\u00ed t\u00f9y ch\u1ec9nh b\u1eb1ng c\u00e1ch s\u1eed d\u1ee5ng c\u00e1c l\u1edbp b\u1ea3n \u0111\u1ed3 v\u00e0 b\u1ed9 l\u1ecdc; ki\u1ec3m so\u00e1t nh\u1eefng g\u00ec ng\u01b0\u1eddi d\u00f9ng nh\u00ecn th\u1ea5y b\u1eb1ng c\u00e1c tham s\u1ed1 URL; hi\u1ec3n th\u1ecb d\u1eef li\u1ec7u t\u1eeb m\u1ed9t ho\u1eb7c nhi\u1ec1u \u0111\u1ed1i t\u01b0\u1ee3ng (b\u1ea3ng) c\u00f9ng l\u00fac. V\u1edbi m\u1ed7i \u0111\u1ed1i t\u01b0\u1ee3ng, b\u1ea1n c\u00f3 th\u1ec3 \u0111i\u1ec1u ch\u1ec9nh thu\u1ed9c t\u00ednh \u0111\u00e1nh d\u1ea5u v\u00e0 c\u00e1c tr\u01b0\u1eddng (c\u1ed9t b\u1ea3ng) s\u1ebd \u0111\u01b0\u1ee3c hi\u1ec3n th\u1ecb l\u00e0m nh\u00e3n \u0111\u00e1nh d\u1ea5u, ho\u1eb7c trong c\u1eeda s\u1ed5 b\u1eadt l\u00ean b\u1ea3n \u0111\u1ed3, ho\u1eb7c trong c\u1eeda s\u1ed5 b\u1eadt l\u00ean xem b\u1ea3n ghi m\u00e0 b\u1ea1n c\u0169ng c\u00f3 th\u1ec3 b\u1eadt.<\/p>\n\n<h2 class=\"has-text-align-center wp-block-heading\">Th\u00eam b\u1ed9 l\u1ecdc t\u00ecm ki\u1ebfm v\u00e0 ch\u1ebf \u0111\u1ed9 xem danh s\u00e1ch<\/h2>\n\n<p>T\u00f9y ch\u1ecdn, b\u1ea1n c\u00f3 th\u1ec3 s\u1eed d\u1ee5ng m\u1ed9t <a href=\"https:\/\/help.mapsly.com\/articles\/5187658\" target=\"_blank\" rel=\"noreferrer noopener\">Ch\u1ebf \u0111\u1ed9 xem danh s\u00e1ch c\u00f3 th\u1ec3 c\u1ea5u h\u00ecnh<\/a> k\u1ebft h\u1ee3p v\u1edbi <a href=\"https:\/\/help.mapsly.com\/articles\/5361147\" target=\"_blank\" rel=\"noreferrer noopener\">b\u1ed9 l\u1ecdc thanh t\u00ecm ki\u1ebfm<\/a> hi\u1ec3n th\u1ecb danh s\u00e1ch c\u00e1c b\u1ea3n ghi (h\u00e0ng trang t\u00ednh) thu g\u1ecdn b\u00ean tr\u00e1i tr\u00ean b\u1ea3n \u0111\u1ed3 v\u00e0\/ho\u1eb7c cho ng\u01b0\u1eddi d\u00f9ng c\u01a1 h\u1ed9i \u0111i\u1ec1u ch\u1ec9nh b\u1ed9 d\u1eef li\u1ec7u hi\u1ec3n th\u1ecb tr\u00ean b\u1ea3n \u0111\u1ed3 v\u00e0 t\u00ecm ki\u1ebfm c\u00e1c b\u1ea3n ghi c\u1ee5 th\u1ec3.<\/p>\n\n<h2 class=\"has-text-align-center wp-block-heading\">Th\u00eam khu v\u1ef1c<\/h2>\n\n<p>B\u1ea1n c\u00f3 th\u1ec3 hi\u1ec3n th\u1ecb <a href=\"\/vi\/territories\/\">l\u00e3nh th\u1ed5<\/a>, c\u1ea3 hai <a href=\"\/vi\/draw-and-assign-territories\/\">v\u1ebd tay<\/a> v\u00e0 <a href=\"\/vi\/boundaries-of-zip-codes-counties-census-areas\/\">t\u1ea1o b\u1eb1ng c\u00e1ch s\u1eed d\u1ee5ng th\u01b0 vi\u1ec7n \u0111\u1ecba l\u00fd<\/a> (v\u00ed d\u1ee5, t\u1eeb c\u00e1c khu v\u1ef1c m\u00e3 v\u00f9ng ho\u1eb7c qu\u1eadn) v\u00e0 c\u1ee7a h\u1ecd <a href=\"\/vi\/aggregate-metrics-demographics\/\">c\u00e1c tr\u01b0\u1eddng d\u1eef li\u1ec7u bao g\u1ed3m nh\u00e2n kh\u1ea9u h\u1ecdc v\u00e0 c\u00e1c ch\u1ec9 s\u1ed1 t\u1ed5ng h\u1ee3p<\/a> t\u1ef1 \u0111\u1ed9ng t\u00ednh to\u00e1n d\u1ef1a tr\u00ean d\u1eef li\u1ec7u t\u1eeb c\u00e1c b\u1ea3n ghi n\u1eb1m trong c\u00e1c khu v\u1ef1c \u0111\u00f3.<\/p>\n\n<h2 class=\"has-text-align-center wp-block-heading\">Th\u00eam b\u1ea3ng \u0111i\u1ec1u khi\u1ec3n C\u00e1c l\u1edbp &amp; ch\u1ebf \u0111\u1ed9 xem B\u1ea3ng<\/h2>\n\n<p>C\u0169ng c\u00f3 th\u1ec3 k\u00edch ho\u1ea1t <a href=\"\/vi\/map-layers-filters\/\"><em>L\u1edbp <\/em>ng\u0103n<\/a> v\u00e0 <em><a href=\"\/vi\/table-view-with-nearby-search\/\">Ch\u1ebf \u0111\u1ed9 xem b\u1ea3ng<\/a> <\/em>tr\u00ean b\u1ea3n \u0111\u1ed3 \u0111\u01b0\u1ee3c chia s\u1ebb. Vui l\u00f2ng, <a href=\"#openChat\">vi\u1ebft cho ch\u00fang t\u00f4i trong chat<\/a> \u0111\u1ec3 k\u00edch ho\u1ea1t hai t\u00ednh n\u0103ng n\u00e0y cho b\u1ea3n \u0111\u1ed3 chia s\u1ebb tr\u00ean t\u00e0i kho\u1ea3n c\u1ee7a b\u1ea1n.<\/p>\n\n<h2 class=\"has-text-align-center wp-block-heading\">Th\u00eam n\u00fat, bi\u1ec3u m\u1eabu &amp; t\u1ef1 \u0111\u1ed9ng h\u00f3a<\/h2>\n\n<p>B\u1ea1n c\u00f3 th\u1ec3 l\u00e0m cho b\u1ea3n \u0111\u1ed3 nh\u00fang c\u1ee7a m\u00ecnh t\u01b0\u01a1ng t\u00e1c h\u01a1n b\u1eb1ng c\u00e1ch \u0111\u1eb7t <a href=\"\/vi\/automation\/\">n\u00fat v\u00e0 bi\u1ec3u m\u1eabu t\u00f9y ch\u1ec9nh<\/a> \u0111\u1ebfn c\u1eeda s\u1ed5 b\u1eadt l\u00ean b\u1ea3n \u0111\u1ed3 c\u1ee7a m\u1ed9t b\u1ea3n ghi ho\u1eb7c c\u1eeda s\u1ed5 b\u1eadt l\u00ean xem b\u1ea3n ghi \u2014 \u0111\u1ec3 cho ph\u00e9p ng\u01b0\u1eddi d\u00f9ng g\u1eedi d\u1eef li\u1ec7u, y\u00eau c\u1ea7u, k\u00edch ho\u1ea1t quy tr\u00ecnh l\u00e0m vi\u1ec7c v\u00e0 b\u1ea5t k\u1ef3 quy tr\u00ecnh t\u00f9y ch\u1ec9nh n\u00e0o kh\u00e1c.<\/p>\n\t\t\t\t\t\t\t\t<\/div>\n\t\t\t\t<\/div>\n\t\t\t\t<div class=\"elementor-element elementor-element-e7f5083 elementor-widget elementor-widget-menu-anchor\" data-id=\"e7f5083\" data-element_type=\"widget\" data-e-type=\"widget\" data-widget_type=\"menu-anchor.default\">\n\t\t\t\t<div class=\"elementor-widget-container\">\n\t\t\t\t\t\t\t<div class=\"elementor-menu-anchor\" id=\"demo\"><\/div>\n\t\t\t\t\t\t<\/div>\n\t\t\t\t<\/div>\n\t\t\t\t<div class=\"elementor-element elementor-element-6293268b elementor-widget elementor-widget-heading\" data-id=\"6293268b\" data-element_type=\"widget\" data-e-type=\"widget\" data-widget_type=\"heading.default\">\n\t\t\t\t<div class=\"elementor-widget-container\">\n\t\t\t\t\t<h2 class=\"elementor-heading-title elementor-size-default\">B\u1ea3n demo b\u1ea3ng \u0111i\u1ec1u khi\u1ec3n Smartsheet<\/h2>\t\t\t\t<\/div>\n\t\t\t\t<\/div>\n\t\t\t\t<div class=\"elementor-element elementor-element-536500c7 elementor-widget elementor-widget-html\" data-id=\"536500c7\" data-element_type=\"widget\" data-e-type=\"widget\" data-widget_type=\"html.default\">\n\t\t\t\t<div class=\"elementor-widget-container\">\n\t\t\t\t\t<iframe width=\"1000\" height=\"1100\" frameborder=\"0\" src=\"https:\/\/app.smartsheet.com\/b\/publish?EQBCT=37ebb1c3c34a4c9481c195cc86c0536a\"><\/iframe>\t\t\t\t<\/div>\n\t\t\t\t<\/div>\n\t\t\t\t<div class=\"elementor-element elementor-element-4efc9b98 gutme elementor-widget elementor-widget-text-editor\" data-id=\"4efc9b98\" data-element_type=\"widget\" data-e-type=\"widget\" data-widget_type=\"text-editor.default\">\n\t\t\t\t<div class=\"elementor-widget-container\">\n\t\t\t\t\t\t\t\t\t\n<p>\u00a0<\/p>\n\n<figure class=\"wp-block-pullquote\">\n<blockquote>\n<p>\u0110\u1ed9i ng\u0169 tri\u1ec3n khai Mapsly s\u1ebd nghi\u00ean c\u1ee9u k\u1ecbch b\u1ea3n s\u1eed d\u1ee5ng c\u1ee7a b\u1ea1n v\u00e0 c\u1ea5u h\u00ecnh b\u1ea3n \u0111\u1ed3 chia s\u1ebb cho b\u1ea1n, \u0111\u1ec3 b\u1ea1n c\u00f3 th\u1ec3 t\u1eadp trung v\u00e0o c\u00f4ng vi\u1ec7c kinh doanh c\u1ee7a m\u00ecnh. <br \/><a href=\"https:\/\/calendly.com\/mapsly-meeting\/quick-demo\" target=\"_blank\" rel=\"noopener\">L\u00ean l\u1ecbch cu\u1ed9c g\u1ecdi web h\u00f4m nay<\/a>.<\/p>\n<cite>Ho\u1eb7c h\u1ecfi ch\u00fang t\u00f4i b\u1ea5t c\u1ee9 \u0111i\u1ec1u g\u00ec trong chat, ch\u00fang t\u00f4i lu\u00f4n tr\u1ef1c tuy\u1ebfn<\/cite><\/blockquote>\n<\/figure>\n\n<div class=\"wp-block-spacer\" style=\"height: 100px;\" aria-hidden=\"true\">\u00a0<\/div>\n\n<div class=\"wp-block-buttons is-content-justification-center is-layout-flex wp-block-buttons-is-layout-flex\">\n<div class=\"wp-block-button\"><a class=\"wp-block-button__link\" href=\"\/vi\/shared-interactive-maps\/\">T\u00ecm hi\u1ec3u Th\u00eam v\u1ec1 B\u1ea3n \u0111\u1ed3 Chia s\u1ebb<\/a><\/div>\n<\/div>\n\n<div class=\"wp-block-spacer\" style=\"height: 100px;\" aria-hidden=\"true\">\u00a0<\/div>\n\n<p>\u00a0<\/p>\n\t\t\t\t\t\t\t\t<\/div>\n\t\t\t\t<\/div>\n\t\t\t\t\t<\/div>\n\t\t<\/div>\n\t\t\t\t\t<\/div>\n\t\t<\/section>\n\t\t\t\t<\/div>","protected":false},"excerpt":{"rendered":"<p>Th\u00eam B\u1ea3n \u0110\u1ed3 Tr\u1ef1c Ti\u1ebfp v\u00e0o B\u1ea3ng \u0110i\u1ec1u Khi\u1ec3n Smartsheet c\u1ee7a B\u1ea1n\nNh\u00fang b\u1ea3n \u0111\u1ed3 t\u01b0\u01a1ng t\u00e1c tr\u1ef1c ti\u1ebfp v\u1edbi d\u1eef li\u1ec7u SmartSheet v\u00e0o b\u1ea3ng \u0111i\u1ec1u khi\u1ec3n SmartSheet c\u1ee7a b\u1ea1n\nTh\u00eam b\u1ea3n \u0111\u1ed3 t\u01b0\u01a1ng t\u00e1c tr\u1ef1c ti\u1ebfp v\u00e0o b\u1ea3ng \u0111i\u1ec1u khi\u1ec3n Smartsheet c\u1ee7a b\u1ea1n. B\u1ea3n \u0111\u1ed3 c\u00f3 th\u1ec3 hi\u1ec3n th\u1ecb d\u1eef li\u1ec7u t\u1eeb m\u1ed9t ho\u1eb7c nhi\u1ec1u b\u1ea3ng trong Smartsheet, CRM ho\u1eb7c b\u1ea5t k\u1ef3 ngu\u1ed3n d\u1eef li\u1ec7u n\u00e0o kh\u00e1c, c\u0169ng nh\u01b0 c\u00e1c khu v\u1ef1c. B\u1ea1n c\u0169ng c\u00f3 th\u1ec3 th\u00eam c\u00e1c n\u00fat, [&hellip;]<\/p>","protected":false},"author":2,"featured_media":0,"parent":0,"menu_order":0,"comment_status":"closed","ping_status":"closed","template":"elementor_header_footer","meta":{"_acf_changed":false,"footnotes":""},"class_list":["post-1863","page","type-page","status-publish","hentry"],"acf":[],"yoast_head":"<!-- This site is optimized with the Yoast SEO plugin v26.6 - https:\/\/yoast.com\/wordpress\/plugins\/seo\/ -->\n<title>Add Live Map to Your Smartsheet Dashboard - Mapsly<\/title>\n<meta name=\"description\" content=\"Embed a live interactive map to your SmartSheet dashboard. Map data is synced in real time with your SmartSheet, CRM or any other data source.\" \/>\n<meta name=\"robots\" content=\"index, follow, max-snippet:-1, max-image-preview:large, max-video-preview:-1\" \/>\n<link rel=\"canonical\" href=\"https:\/\/mapsly.com\/vi\/smartsheet-map\/\" \/>\n<meta property=\"og:locale\" content=\"vi_VN\" \/>\n<meta property=\"og:type\" content=\"article\" \/>\n<meta property=\"og:title\" content=\"Add Live Map to Your Smartsheet Dashboard - Mapsly\" \/>\n<meta property=\"og:description\" content=\"Embed a live interactive map to your SmartSheet dashboard. Map data is synced in real time with your SmartSheet, CRM or any other data source.\" \/>\n<meta property=\"og:url\" content=\"https:\/\/mapsly.com\/vi\/smartsheet-map\/\" \/>\n<meta property=\"og:site_name\" content=\"Mapsly\" \/>\n<meta property=\"article:modified_time\" content=\"2026-02-20T08:14:27+00:00\" \/>\n<meta name=\"twitter:card\" content=\"summary_large_image\" \/>\n<meta name=\"twitter:label1\" content=\"\u01af\u1edbc t\u00ednh th\u1eddi gian \u0111\u1ecdc\" \/>\n\t<meta name=\"twitter:data1\" content=\"3 ph\u00fat\" \/>\n<script type=\"application\/ld+json\" class=\"yoast-schema-graph\">{\"@context\":\"https:\/\/schema.org\",\"@graph\":[{\"@type\":\"WebPage\",\"@id\":\"https:\/\/mapsly.com\/smartsheet-map\/\",\"url\":\"https:\/\/mapsly.com\/smartsheet-map\/\",\"name\":\"Add Live Map to Your Smartsheet Dashboard - Mapsly\",\"isPartOf\":{\"@id\":\"https:\/\/mapsly.com\/#website\"},\"datePublished\":\"2025-07-24T12:02:11+00:00\",\"dateModified\":\"2026-02-20T08:14:27+00:00\",\"description\":\"Embed a live interactive map to your SmartSheet dashboard. Map data is synced in real time with your SmartSheet, CRM or any other data source.\",\"breadcrumb\":{\"@id\":\"https:\/\/mapsly.com\/smartsheet-map\/#breadcrumb\"},\"inLanguage\":\"vi\",\"potentialAction\":[{\"@type\":\"ReadAction\",\"target\":[\"https:\/\/mapsly.com\/smartsheet-map\/\"]}]},{\"@type\":\"BreadcrumbList\",\"@id\":\"https:\/\/mapsly.com\/smartsheet-map\/#breadcrumb\",\"itemListElement\":[{\"@type\":\"ListItem\",\"position\":1,\"name\":\"Home\",\"item\":\"https:\/\/mapsly.com\/\"},{\"@type\":\"ListItem\",\"position\":2,\"name\":\"Add Live Map to Your Smartsheet Dashboard\"}]},{\"@type\":\"WebSite\",\"@id\":\"https:\/\/mapsly.com\/#website\",\"url\":\"https:\/\/mapsly.com\/\",\"name\":\"Mapsly\",\"description\":\"The Ultimate CRM Map\",\"publisher\":{\"@id\":\"https:\/\/mapsly.com\/#organization\"},\"potentialAction\":[{\"@type\":\"SearchAction\",\"target\":{\"@type\":\"EntryPoint\",\"urlTemplate\":\"https:\/\/mapsly.com\/?s={search_term_string}\"},\"query-input\":{\"@type\":\"PropertyValueSpecification\",\"valueRequired\":true,\"valueName\":\"search_term_string\"}}],\"inLanguage\":\"vi\"},{\"@type\":\"Organization\",\"@id\":\"https:\/\/mapsly.com\/#organization\",\"name\":\"Mapsly\",\"url\":\"https:\/\/mapsly.com\/\",\"logo\":{\"@type\":\"ImageObject\",\"inLanguage\":\"vi\",\"@id\":\"https:\/\/mapsly.com\/#\/schema\/logo\/image\/\",\"url\":\"https:\/\/mapsly.com\/wp-content\/uploads\/2025\/06\/Mapsly-Logo-2x-BIG.png\",\"contentUrl\":\"https:\/\/mapsly.com\/wp-content\/uploads\/2025\/06\/Mapsly-Logo-2x-BIG.png\",\"width\":280,\"height\":85,\"caption\":\"Mapsly\"},\"image\":{\"@id\":\"https:\/\/mapsly.com\/#\/schema\/logo\/image\/\"}}]}<\/script>\n<!-- \/ Yoast SEO plugin. -->","yoast_head_json":{"title":"Th\u00eam B\u1ea3n \u0111\u1ed3 Tr\u1ef1c ti\u1ebfp v\u00e0o B\u1ea3ng \u0111i\u1ec1u khi\u1ec3n Smartsheet c\u1ee7a b\u1ea1n - Mapsly","description":"Nh\u00fang b\u1ea3n \u0111\u1ed3 t\u01b0\u01a1ng t\u00e1c tr\u1ef1c ti\u1ebfp v\u00e0o b\u1ea3ng \u0111i\u1ec1u khi\u1ec3n SmartSheet c\u1ee7a b\u1ea1n. D\u1eef li\u1ec7u b\u1ea3n \u0111\u1ed3 \u0111\u01b0\u1ee3c \u0111\u1ed3ng b\u1ed9 theo th\u1eddi gian th\u1ef1c v\u1edbi SmartSheet, CRM ho\u1eb7c b\u1ea5t k\u1ef3 ngu\u1ed3n d\u1eef li\u1ec7u n\u00e0o kh\u00e1c.","robots":{"index":"index","follow":"follow","max-snippet":"max-snippet:-1","max-image-preview":"max-image-preview:large","max-video-preview":"max-video-preview:-1"},"canonical":"https:\/\/mapsly.com\/vi\/smartsheet-map\/","og_locale":"vi_VN","og_type":"article","og_title":"Add Live Map to Your Smartsheet Dashboard - Mapsly","og_description":"Embed a live interactive map to your SmartSheet dashboard. Map data is synced in real time with your SmartSheet, CRM or any other data source.","og_url":"https:\/\/mapsly.com\/vi\/smartsheet-map\/","og_site_name":"Mapsly","article_modified_time":"2026-02-20T08:14:27+00:00","twitter_card":"summary_large_image","twitter_misc":{"\u01af\u1edbc t\u00ednh th\u1eddi gian \u0111\u1ecdc":"3 ph\u00fat"},"schema":{"@context":"https:\/\/schema.org","@graph":[{"@type":"WebPage","@id":"https:\/\/mapsly.com\/smartsheet-map\/","url":"https:\/\/mapsly.com\/smartsheet-map\/","name":"Th\u00eam B\u1ea3n \u0111\u1ed3 Tr\u1ef1c ti\u1ebfp v\u00e0o B\u1ea3ng \u0111i\u1ec1u khi\u1ec3n Smartsheet c\u1ee7a b\u1ea1n - Mapsly","isPartOf":{"@id":"https:\/\/mapsly.com\/#website"},"datePublished":"2025-07-24T12:02:11+00:00","dateModified":"2026-02-20T08:14:27+00:00","description":"Nh\u00fang b\u1ea3n \u0111\u1ed3 t\u01b0\u01a1ng t\u00e1c tr\u1ef1c ti\u1ebfp v\u00e0o b\u1ea3ng \u0111i\u1ec1u khi\u1ec3n SmartSheet c\u1ee7a b\u1ea1n. D\u1eef li\u1ec7u b\u1ea3n \u0111\u1ed3 \u0111\u01b0\u1ee3c \u0111\u1ed3ng b\u1ed9 theo th\u1eddi gian th\u1ef1c v\u1edbi SmartSheet, CRM ho\u1eb7c b\u1ea5t k\u1ef3 ngu\u1ed3n d\u1eef li\u1ec7u n\u00e0o kh\u00e1c.","breadcrumb":{"@id":"https:\/\/mapsly.com\/smartsheet-map\/#breadcrumb"},"inLanguage":"vi","potentialAction":[{"@type":"ReadAction","target":["https:\/\/mapsly.com\/smartsheet-map\/"]}]},{"@type":"BreadcrumbList","@id":"https:\/\/mapsly.com\/smartsheet-map\/#breadcrumb","itemListElement":[{"@type":"ListItem","position":1,"name":"Home","item":"https:\/\/mapsly.com\/"},{"@type":"ListItem","position":2,"name":"Add Live Map to Your Smartsheet Dashboard"}]},{"@type":"WebSite","@id":"https:\/\/mapsly.com\/#website","url":"https:\/\/mapsly.com\/","name":"Mapsly","description":"B\u1ea3n \u0111\u1ed3 CRM t\u1ed1i \u01b0u","publisher":{"@id":"https:\/\/mapsly.com\/#organization"},"potentialAction":[{"@type":"SearchAction","target":{"@type":"EntryPoint","urlTemplate":"https:\/\/mapsly.com\/?s={search_term_string}"},"query-input":{"@type":"PropertyValueSpecification","valueRequired":true,"valueName":"search_term_string"}}],"inLanguage":"vi"},{"@type":"Organization","@id":"https:\/\/mapsly.com\/#organization","name":"Mapsly","url":"https:\/\/mapsly.com\/","logo":{"@type":"ImageObject","inLanguage":"vi","@id":"https:\/\/mapsly.com\/#\/schema\/logo\/image\/","url":"https:\/\/mapsly.com\/wp-content\/uploads\/2025\/06\/Mapsly-Logo-2x-BIG.png","contentUrl":"https:\/\/mapsly.com\/wp-content\/uploads\/2025\/06\/Mapsly-Logo-2x-BIG.png","width":280,"height":85,"caption":"Mapsly"},"image":{"@id":"https:\/\/mapsly.com\/#\/schema\/logo\/image\/"}}]}},"_links":{"self":[{"href":"https:\/\/mapsly.com\/vi\/wp-json\/wp\/v2\/pages\/1863","targetHints":{"allow":["GET"]}}],"collection":[{"href":"https:\/\/mapsly.com\/vi\/wp-json\/wp\/v2\/pages"}],"about":[{"href":"https:\/\/mapsly.com\/vi\/wp-json\/wp\/v2\/types\/page"}],"author":[{"embeddable":true,"href":"https:\/\/mapsly.com\/vi\/wp-json\/wp\/v2\/users\/2"}],"replies":[{"embeddable":true,"href":"https:\/\/mapsly.com\/vi\/wp-json\/wp\/v2\/comments?post=1863"}],"version-history":[{"count":40,"href":"https:\/\/mapsly.com\/vi\/wp-json\/wp\/v2\/pages\/1863\/revisions"}],"predecessor-version":[{"id":25114,"href":"https:\/\/mapsly.com\/vi\/wp-json\/wp\/v2\/pages\/1863\/revisions\/25114"}],"wp:attachment":[{"href":"https:\/\/mapsly.com\/vi\/wp-json\/wp\/v2\/media?parent=1863"}],"curies":[{"name":"wp","href":"https:\/\/api.w.org\/{rel}","templated":true}]}}