{"id":434,"date":"2025-06-26T17:07:19","date_gmt":"2025-06-26T14:07:19","guid":{"rendered":"https:\/\/mapsly.com?page_id=434"},"modified":"2025-12-16T14:43:25","modified_gmt":"2025-12-16T11:43:25","slug":"field-routing-for-service-agents-with-check-in","status":"publish","type":"page","link":"https:\/\/mapsly.com\/tr\/field-routing-for-service-agents-with-check-in\/","title":{"rendered":"Kullan\u0131m Senaryosu: Servis Temsilcileri \u0130\u00e7in Saha Y\u00f6nlendirmesi"},"content":{"rendered":"<div data-elementor-type=\"wp-page\" data-elementor-id=\"434\" class=\"elementor elementor-434\" data-elementor-post-type=\"page\">\n\t\t\t\t<div class=\"elementor-element elementor-element-4e31283 e-flex e-con-boxed e-con e-parent\" data-id=\"4e31283\" data-element_type=\"container\" data-e-type=\"container\">\n\t\t\t\t\t<div class=\"e-con-inner\">\n\t\t\t\t<div class=\"elementor-element elementor-element-67f249e elementor-widget elementor-widget-heading\" data-id=\"67f249e\" data-element_type=\"widget\" data-e-type=\"widget\" data-widget_type=\"heading.default\">\n\t\t\t\t<div class=\"elementor-widget-container\">\n\t\t\t\t\t<h1 class=\"elementor-heading-title elementor-size-default\">Kullan\u0131m Senaryosu: Servis Temsilcileri \u0130\u00e7in Saha Y\u00f6nlendirmesi\n<\/h1>\t\t\t\t<\/div>\n\t\t\t\t<\/div>\n\t\t\t\t<div class=\"elementor-element elementor-element-44c7740 elementor-widget elementor-widget-heading\" data-id=\"44c7740\" data-element_type=\"widget\" data-e-type=\"widget\" data-widget_type=\"heading.default\">\n\t\t\t\t<div class=\"elementor-widget-container\">\n\t\t\t\t\t<p class=\"elementor-heading-title elementor-size-default\">Bu vaka \u00e7al\u0131\u015fmas\u0131, bir servis temsilcisinin bug\u00fcnk\u00fc i\u015flerine nas\u0131l ula\u015ft\u0131\u011f\u0131n\u0131 g\u00f6steren bir senaryoyu anlatmaktad\u0131r.\n<\/p>\t\t\t\t<\/div>\n\t\t\t\t<\/div>\n\t\t\t\t\t<\/div>\n\t\t\t\t<\/div>\n\t\t<div class=\"elementor-element elementor-element-4942fd63 e-flex e-con-boxed e-con e-parent\" data-id=\"4942fd63\" data-element_type=\"container\" data-e-type=\"container\">\n\t\t\t\t\t<div class=\"e-con-inner\">\n\t\t\t\t<div class=\"elementor-element elementor-element-58dfee1 elementor-widget elementor-widget-video\" data-id=\"58dfee1\" data-element_type=\"widget\" data-e-type=\"widget\" data-settings=\"{&quot;youtube_url&quot;:&quot;https:\\\/\\\/youtu.be\\\/DSWejED2d6s&quot;,&quot;video_type&quot;:&quot;youtube&quot;,&quot;controls&quot;:&quot;yes&quot;}\" data-widget_type=\"video.default\">\n\t\t\t\t<div class=\"elementor-widget-container\">\n\t\t\t\t\t\t\t<div class=\"elementor-wrapper elementor-open-inline\">\n\t\t\t<div class=\"elementor-video\"><\/div>\t\t<\/div>\n\t\t\t\t\t\t<\/div>\n\t\t\t\t<\/div>\n\t\t\t\t<div class=\"elementor-element elementor-element-5a5590b elementor-widget elementor-widget-text-editor\" data-id=\"5a5590b\" data-element_type=\"widget\" data-e-type=\"widget\" data-widget_type=\"text-editor.default\">\n\t\t\t\t<div class=\"elementor-widget-container\">\n\t\t\t\t\t\t\t\t\t<p>\u00a0<\/p>\n\n<h2 class=\"wp-block-heading\">G\u00f6sterilen \u00f6zellikler<\/h2>\n\n<p>Bu demo video, Mapsly \u00f6zelliklerini saha \u00e7al\u0131\u015fanlar\u0131 (\u00f6rne\u011fin sat\u0131\u015f temsilcileri veya servis ekipleri) i\u00e7in tan\u0131t\u0131yor:<\/p>\n\n<ol class=\"wp-block-list\">\n<li>Mobil uygulama.<\/li>\n<li>\u00d6zel harita katmanlar\u0131.<\/li>\n<li>Optimum y\u00f6nlendirme.<\/li>\n<li>Seyahat modu.<\/li>\n<li>Bir i\u015fe giri\u015f ve \u00e7\u0131k\u0131\u015f yapma.<\/li>\n<li>Tek t\u0131kla navigasyon.<\/li>\n<li>Mapsly ile CRM mobil uygulamas\u0131 aras\u0131ndaki entegrasyon (bu \u00f6rnekte Zoho CRM mobil uygulamas\u0131).<\/li>\n<\/ol>\n\n<h2 class=\"wp-block-heading\">Videodaki kullan\u0131c\u0131n\u0131n eylemleri (ad\u0131m ad\u0131m)<\/h2>\n\n<p>Bu senaryoda, bir ajan (CRM kullan\u0131c\u0131s\u0131 olabilir veya olmayabilir) atan\u0131r. <em>hizmet i\u015fleri<\/em>Mapsly'de, ajan\u0131n s\u00fcperviz\u00f6r\u00fc, yaln\u0131zca ajana atanan i\u015fleri i\u00e7eren birka\u00e7 harita katman\u0131n\u0131 \u00f6nceden yap\u0131land\u0131rd\u0131:<\/p>\n\n<ol class=\"wp-block-list\">\n<li><strong>Bug\u00fcnk\u00fc i\u015fler <\/strong>k\u0131rm\u0131z\u0131 i\u015faretleyiciler<\/li>\n<li><strong>Yar\u0131n\u0131n i\u015fleri <\/strong>(turuncu i\u015faretleyiciler)<\/li>\n<li>ve <strong>Di\u011fer i\u015fler <\/strong>input=(ye\u015fil i\u015faretleyiciler).<\/li>\n<\/ol>\n\n<p>Ajan, yaln\u0131zca 'Today\u2019s jobs' haricindeki t\u00fcm katmanlar\u0131 gizler ve Routing Lasso arac\u0131n\u0131 kullanarak bug\u00fcnk\u00fc t\u00fcm i\u015fleri Route paneline ekler. Ard\u0131ndan, varsay\u0131lan ('Home') konumundan daha \u00f6nce kaydedilmi\u015f ('Office') konumuna, mevcut trafik durumunu g\u00f6z \u00f6n\u00fcnde bulundurarak optimize edilmi\u015f bir g\u00fczergah olu\u015fturur ve 'Trip mode'a ge\u00e7erek g\u00fczergah\u0131 takip eder.<\/p>\n\n<p>Trip modunun waypoint paneli, ilk dura\u011fa giden rotay\u0131 g\u00f6sterir ve ajan, \u201cNavigate\u201de t\u0131klayarak konuma y\u00f6nlendirme yapar using <strong>Waze<\/strong>. <em>Waze d\u0131\u015f\u0131nda, Google Maps veya Apple Maps kullanarak da navigasyon yapabilirler.<\/em><\/p>\n\n<p>Temsilci ilk i\u015fin konumuna vard\u0131\u011f\u0131nda, i\u015fi t\u0131klayarak check-in yapar <strong>\u0130\u015fi ba\u015flat<\/strong> d\u00fc\u011fme ve CRM'deki i\u015f kayd\u0131yla birlikte hemen kaydedilen notlar\u0131 doldurun, birlikte <em>ajan konumu<\/em>, <em>mesafe <\/em>i\u015fin yerinden ve Mapsly hesab\u0131n\u0131z\u0131n mesafe birimlerine ba\u011fl\u0131 olarak (mil ya da km) ajan\u0131n i\u015fyerine 1\/4 mil (veya km) mesafede oldu\u011funu do\u011frulayan \u201cVerified: Yes\u201d bayra\u011f\u0131ndan.<\/p>\n\n<p>Ajan i\u015fi tamamlad\u0131ktan sonra, i\u015ften \u00e7\u0131kmak i\u00e7in \u00fczerine t\u0131klayarak \u00e7\u0131k\u0131\u015f yapar <strong>G\u00f6revi bitir<\/strong> d\u00fc\u011fme ve notlar\u0131 doldurun, t\u0131pk\u0131 durumdaki gibi <strong>\u0130\u015fi ba\u015flat<\/strong> input=process, ayr\u0131ca ajan\u0131n mevcut konumu, i\u015f yerinden uzakl\u0131k, ajan\u0131n i\u015f yerinde bulundu\u011funu do\u011frulayan \u201cVerified: Yes\u201d bayra\u011f\u0131 ve i\u015fin ger\u00e7ek s\u00fcresi ile birlikte CRM\u2019deki i\u015f kayd\u0131na hemen kaydedilir.<\/p>\n\n<p>Ard\u0131ndan ajan, \u00fczerine t\u0131klar <strong>Ziyaret edildi olarak i\u015faretle<\/strong> mevcut rota \u00fczerindeki ge\u00e7i\u015f noktas\u0131nda, ge\u00e7i\u015f noktas\u0131n\u0131 mevcut rotadan kald\u0131rmak ve mevcut konumlar\u0131ndan bir sonraki i\u015fe kadar rotay\u0131 yeniden olu\u015fturmak i\u00e7in, bu da kalan t\u00fcm i\u015fler i\u00e7in tahmini var\u0131\u015f s\u00fcresini (ETA) g\u00fcnceller.<\/p>\n\n<p>Ard\u0131ndan ajan, \u00fczerine t\u0131klar <strong>Zoho CRM'de A\u00e7<\/strong> Zoho CRM mobil uygulamas\u0131nda i\u015f kayd\u0131n\u0131 a\u00e7mak i\u00e7in d\u00fc\u011fme. <em>L\u00fctfen bu \u00f6zelli\u011fin yaln\u0131zca Zoho CRM kullan\u0131c\u0131s\u0131 olan ve Zoho CRM mobil uygulamas\u0131na giri\u015f yapm\u0131\u015f kullan\u0131c\u0131lar i\u00e7in kullan\u0131labilir oldu\u011funu unutmay\u0131n. Mapsly, di\u011fer CRM'lerin mobil uygulamalar\u0131yla ayn\u0131 \u015fekilde \u00e7al\u0131\u015f\u0131r.<\/em><\/p>\n\n<p><strong>\u0130\u015fi ba\u015flat<\/strong> ve <strong>G\u00f6revi bitir<\/strong> bu demo senaryosunda, \u00f6zel s\u00fcre\u00e7ler ile in\u015fa edilmi\u015ftir <a href=\"\/tr\/automation\/\">Mapsly otomasyon paketi<\/a>her biri Service job'un \u00f6zel nesne waypoint men\u00fcs\u00fcne g\u00f6m\u00fcl\u00fc bir \u00f6zel d\u00fc\u011fme, Notlar alan\u0131 bulunan bir form ve bir <em>Kayd\u0131 g\u00fcncelle<\/em> \u0130\u015fin CRM kayd\u0131na verileri ger\u00e7ek zamanl\u0131 olarak kaydeden eylem. S\u00fcre\u00e7, otomasyon paketinde mevcut olan di\u011fer eylem dizilerini i\u00e7erecek \u015fekilde yeni Check-in\/Check-out kay\u0131tlar\u0131, zaman \u00e7izelgesi olaylar\u0131, toplant\u0131lar olu\u015fturmak; e-posta veya k\u0131sa mesaj g\u00f6ndermek \u00fczere ayarlanabilir.<\/p>\n\n<p>Opsiyonel olarak, ajanlar\u0131n i\u015f yerinden \u00e7ok uzakta olmalar\u0131 durumunda, i\u015fe giri\u015f veya \u00e7\u0131k\u0131\u015f yapmalar\u0131 engellenebilir.<\/p>\n\n<p>Ayr\u0131ca, ajanlar\u0131n etkinle\u015ftirilmesini isteyebilirsiniz. <a href=\"\/tr\/check-in-check-out-with-geofencing\/\">Konum Takibi<\/a> B\u00f6ylece ekibin sorumlusu, harita \u00fczerinde ger\u00e7ek zamanl\u0131 konumlar\u0131n\u0131 ve hareket ge\u00e7mi\u015flerini g\u00f6rebildi.<\/p>\n\n<figure class=\"wp-block-pullquote\">\n<blockquote>\n<p>Mapsly uygulama ekibi, giri\u015f ve \u00e7\u0131k\u0131\u015f s\u00fcrecini yap\u0131land\u0131racak ve sat\u0131\u015f ekibinizi, Mapsly'nin en iyi \u015fekilde kullan\u0131lmas\u0131n\u0131 sa\u011flamak amac\u0131yla e\u011fitecek, b\u00f6ylece i\u015finize odaklanabilirsiniz. <br \/><a href=\"https:\/\/calendly.com\/mapsly-meeting\/quick-demo\" target=\"_blank\" rel=\"noopener\">Bug\u00fcn bir web \u00e7a\u011fr\u0131s\u0131 planlay\u0131n<\/a>.<\/p>\n<cite>Ya da sohbette bize istedi\u011finizi sorabilirsiniz, her zaman \u00e7evrimi\u00e7iyiz<\/cite><\/blockquote>\n<\/figure>\n\n<h2 class=\"wp-block-heading\">Daha fazla bilgi edinin<\/h2>\n\n<ul class=\"wp-block-list\">\n<li><a href=\"\/tr\/automation\/\">Mapsly otomasyon paketi<\/a><\/li>\n<li><a href=\"\/tr\/check-in-check-out-with-geofencing\/\">Yer do\u011frulamas\u0131 ile yap\u0131land\u0131r\u0131labilir giri\u015f ve \u00e7\u0131k\u0131\u015f<\/a><\/li>\n<li><a href=\"\/tr\/user-location-tracking\/\">Kullan\u0131c\u0131 konum takibi ve hareket ge\u00e7mi\u015fi<\/a><\/li>\n<\/ul>\n\n<div class=\"wp-block-spacer\" style=\"height: 100px;\" aria-hidden=\"true\">\u00a0<\/div>\n\t\t\t\t\t\t\t\t<\/div>\n\t\t\t\t<\/div>\n\t\t\t\t\t<\/div>\n\t\t\t\t<\/div>\n\t\t\t\t<\/div>","protected":false},"excerpt":{"rendered":"<p>Use Scenario: Field Routing for Service Agents Bu vaka \u00e7al\u0131\u015fmas\u0131, bir servis temsilcisinin bug\u00fcnk\u00fc i\u015flerine y\u00f6nlendirilmesi senaryosunu g\u00f6stermektedir https:\/\/youtu.be\/DSWejED2d6s\n\nG\u00f6sterilen \u00d6zellikler\nBu demo videosu, saha \u00e7al\u0131\u015fanlar\u0131 i\u00e7in Mapsly \u00f6zelliklerini sergilemektedir (\u00f6rne\u011fin sat\u0131\u015f temsilcileri veya servis ekipleri): Mobil uygulama. \u00d6zel harita katmanlar\u0131. Optimize edilmi\u015f rota. Seyahat modu. Check-in ve [&hellip;]<\/p>","protected":false},"author":1,"featured_media":0,"parent":0,"menu_order":0,"comment_status":"closed","ping_status":"closed","template":"elementor_header_footer","meta":{"_acf_changed":false,"footnotes":""},"class_list":["post-434","page","type-page","status-publish","hentry"],"acf":[],"yoast_head":"<!-- This site is optimized with the Yoast SEO plugin v26.6 - https:\/\/yoast.com\/wordpress\/plugins\/seo\/ -->\n<title>Use Scenario: Field Routing for Service Agents - Mapsly<\/title>\n<meta name=\"robots\" content=\"index, follow, max-snippet:-1, max-image-preview:large, max-video-preview:-1\" \/>\n<link rel=\"canonical\" href=\"https:\/\/mapsly.com\/tr\/field-routing-for-service-agents-with-check-in\/\" \/>\n<meta property=\"og:locale\" content=\"tr_TR\" \/>\n<meta property=\"og:type\" content=\"article\" \/>\n<meta property=\"og:title\" content=\"Use Scenario: Field Routing for Service Agents - Mapsly\" \/>\n<meta property=\"og:description\" content=\"Use Scenario: Field Routing for Service Agents This case study demonstrates a scenario in which a service agent navigates to their today\u2019s jobs https:\/\/youtu.be\/DSWejED2d6s \u00a0 Demonstrated features This demo video showcases Mapsly features for field agents (like sales reps or service teams): Mobile app. Custom map layers. Optimized routing. Trip mode. Checking in to and [&hellip;]\" \/>\n<meta property=\"og:url\" content=\"https:\/\/mapsly.com\/tr\/field-routing-for-service-agents-with-check-in\/\" \/>\n<meta property=\"og:site_name\" content=\"Mapsly\" \/>\n<meta property=\"article:modified_time\" content=\"2025-12-16T11:43:25+00:00\" \/>\n<meta name=\"twitter:card\" content=\"summary_large_image\" \/>\n<meta name=\"twitter:label1\" content=\"Tahmini okuma s\u00fcresi\" \/>\n\t<meta name=\"twitter:data1\" content=\"3 dakika\" \/>\n<script type=\"application\/ld+json\" class=\"yoast-schema-graph\">{\"@context\":\"https:\/\/schema.org\",\"@graph\":[{\"@type\":\"WebPage\",\"@id\":\"https:\/\/mapsly.com\/field-routing-for-service-agents-with-check-in\/\",\"url\":\"https:\/\/mapsly.com\/field-routing-for-service-agents-with-check-in\/\",\"name\":\"Use Scenario: Field Routing for Service Agents - Mapsly\",\"isPartOf\":{\"@id\":\"https:\/\/mapsly.com\/#website\"},\"datePublished\":\"2025-06-26T14:07:19+00:00\",\"dateModified\":\"2025-12-16T11:43:25+00:00\",\"breadcrumb\":{\"@id\":\"https:\/\/mapsly.com\/field-routing-for-service-agents-with-check-in\/#breadcrumb\"},\"inLanguage\":\"tr\",\"potentialAction\":[{\"@type\":\"ReadAction\",\"target\":[\"https:\/\/mapsly.com\/field-routing-for-service-agents-with-check-in\/\"]}]},{\"@type\":\"BreadcrumbList\",\"@id\":\"https:\/\/mapsly.com\/field-routing-for-service-agents-with-check-in\/#breadcrumb\",\"itemListElement\":[{\"@type\":\"ListItem\",\"position\":1,\"name\":\"Home\",\"item\":\"https:\/\/mapsly.com\/\"},{\"@type\":\"ListItem\",\"position\":2,\"name\":\"Use Scenario: Field Routing for Service Agents\"}]},{\"@type\":\"WebSite\",\"@id\":\"https:\/\/mapsly.com\/#website\",\"url\":\"https:\/\/mapsly.com\/\",\"name\":\"Mapsly\",\"description\":\"The Ultimate CRM Map\",\"publisher\":{\"@id\":\"https:\/\/mapsly.com\/#organization\"},\"potentialAction\":[{\"@type\":\"SearchAction\",\"target\":{\"@type\":\"EntryPoint\",\"urlTemplate\":\"https:\/\/mapsly.com\/?s={search_term_string}\"},\"query-input\":{\"@type\":\"PropertyValueSpecification\",\"valueRequired\":true,\"valueName\":\"search_term_string\"}}],\"inLanguage\":\"tr\"},{\"@type\":\"Organization\",\"@id\":\"https:\/\/mapsly.com\/#organization\",\"name\":\"Mapsly\",\"url\":\"https:\/\/mapsly.com\/\",\"logo\":{\"@type\":\"ImageObject\",\"inLanguage\":\"tr\",\"@id\":\"https:\/\/mapsly.com\/#\/schema\/logo\/image\/\",\"url\":\"https:\/\/mapsly.com\/wp-content\/uploads\/2025\/06\/Mapsly-Logo-2x-BIG.png\",\"contentUrl\":\"https:\/\/mapsly.com\/wp-content\/uploads\/2025\/06\/Mapsly-Logo-2x-BIG.png\",\"width\":280,\"height\":85,\"caption\":\"Mapsly\"},\"image\":{\"@id\":\"https:\/\/mapsly.com\/#\/schema\/logo\/image\/\"}}]}<\/script>\n<!-- \/ Yoast SEO plugin. -->","yoast_head_json":{"title":"Kullan\u0131m Senaryosu: Servis Ajanlar\u0131 i\u00e7in Saha Y\u00f6nlendirmesi - Mapsly","robots":{"index":"index","follow":"follow","max-snippet":"max-snippet:-1","max-image-preview":"max-image-preview:large","max-video-preview":"max-video-preview:-1"},"canonical":"https:\/\/mapsly.com\/tr\/field-routing-for-service-agents-with-check-in\/","og_locale":"tr_TR","og_type":"article","og_title":"Use Scenario: Field Routing for Service Agents - Mapsly","og_description":"Use Scenario: Field Routing for Service Agents This case study demonstrates a scenario in which a service agent navigates to their today\u2019s jobs https:\/\/youtu.be\/DSWejED2d6s \u00a0 Demonstrated features This demo video showcases Mapsly features for field agents (like sales reps or service teams): Mobile app. Custom map layers. Optimized routing. Trip mode. Checking in to and [&hellip;]","og_url":"https:\/\/mapsly.com\/tr\/field-routing-for-service-agents-with-check-in\/","og_site_name":"Mapsly","article_modified_time":"2025-12-16T11:43:25+00:00","twitter_card":"summary_large_image","twitter_misc":{"Tahmini okuma s\u00fcresi":"3 dakika"},"schema":{"@context":"https:\/\/schema.org","@graph":[{"@type":"WebPage","@id":"https:\/\/mapsly.com\/field-routing-for-service-agents-with-check-in\/","url":"https:\/\/mapsly.com\/field-routing-for-service-agents-with-check-in\/","name":"Kullan\u0131m Senaryosu: Servis Ajanlar\u0131 i\u00e7in Saha Y\u00f6nlendirmesi - Mapsly","isPartOf":{"@id":"https:\/\/mapsly.com\/#website"},"datePublished":"2025-06-26T14:07:19+00:00","dateModified":"2025-12-16T11:43:25+00:00","breadcrumb":{"@id":"https:\/\/mapsly.com\/field-routing-for-service-agents-with-check-in\/#breadcrumb"},"inLanguage":"tr","potentialAction":[{"@type":"ReadAction","target":["https:\/\/mapsly.com\/field-routing-for-service-agents-with-check-in\/"]}]},{"@type":"BreadcrumbList","@id":"https:\/\/mapsly.com\/field-routing-for-service-agents-with-check-in\/#breadcrumb","itemListElement":[{"@type":"ListItem","position":1,"name":"Home","item":"https:\/\/mapsly.com\/"},{"@type":"ListItem","position":2,"name":"Use Scenario: Field Routing for Service Agents"}]},{"@type":"WebSite","@id":"https:\/\/mapsly.com\/#website","url":"https:\/\/mapsly.com\/","name":"Mapsly","description":"Nihai CRM Haritas\u0131","publisher":{"@id":"https:\/\/mapsly.com\/#organization"},"potentialAction":[{"@type":"SearchAction","target":{"@type":"EntryPoint","urlTemplate":"https:\/\/mapsly.com\/?s={search_term_string}"},"query-input":{"@type":"PropertyValueSpecification","valueRequired":true,"valueName":"search_term_string"}}],"inLanguage":"tr"},{"@type":"Organization","@id":"https:\/\/mapsly.com\/#organization","name":"Mapsly","url":"https:\/\/mapsly.com\/","logo":{"@type":"ImageObject","inLanguage":"tr","@id":"https:\/\/mapsly.com\/#\/schema\/logo\/image\/","url":"https:\/\/mapsly.com\/wp-content\/uploads\/2025\/06\/Mapsly-Logo-2x-BIG.png","contentUrl":"https:\/\/mapsly.com\/wp-content\/uploads\/2025\/06\/Mapsly-Logo-2x-BIG.png","width":280,"height":85,"caption":"Mapsly"},"image":{"@id":"https:\/\/mapsly.com\/#\/schema\/logo\/image\/"}}]}},"_links":{"self":[{"href":"https:\/\/mapsly.com\/tr\/wp-json\/wp\/v2\/pages\/434","targetHints":{"allow":["GET"]}}],"collection":[{"href":"https:\/\/mapsly.com\/tr\/wp-json\/wp\/v2\/pages"}],"about":[{"href":"https:\/\/mapsly.com\/tr\/wp-json\/wp\/v2\/types\/page"}],"author":[{"embeddable":true,"href":"https:\/\/mapsly.com\/tr\/wp-json\/wp\/v2\/users\/1"}],"replies":[{"embeddable":true,"href":"https:\/\/mapsly.com\/tr\/wp-json\/wp\/v2\/comments?post=434"}],"version-history":[{"count":34,"href":"https:\/\/mapsly.com\/tr\/wp-json\/wp\/v2\/pages\/434\/revisions"}],"predecessor-version":[{"id":25135,"href":"https:\/\/mapsly.com\/tr\/wp-json\/wp\/v2\/pages\/434\/revisions\/25135"}],"wp:attachment":[{"href":"https:\/\/mapsly.com\/tr\/wp-json\/wp\/v2\/media?parent=434"}],"curies":[{"name":"wp","href":"https:\/\/api.w.org\/{rel}","templated":true}]}}