{"id":432,"date":"2025-06-26T17:07:05","date_gmt":"2025-06-26T14:07:05","guid":{"rendered":"https:\/\/mapsly.com?page_id=432"},"modified":"2025-10-19T23:57:18","modified_gmt":"2025-10-19T20:57:18","slug":"usage-limits-and-add-ons","status":"publish","type":"page","link":"https:\/\/mapsly.com\/tr\/usage-limits-and-add-ons\/","title":{"rendered":"Kullan\u0131m S\u0131n\u0131rlar\u0131 ve Eklentiler"},"content":{"rendered":"<div data-elementor-type=\"wp-page\" data-elementor-id=\"432\" class=\"elementor elementor-432\" data-elementor-post-type=\"page\">\n\t\t\t\t<div class=\"elementor-element elementor-element-7428fc4f e-flex e-con-boxed e-con e-parent\" data-id=\"7428fc4f\" data-element_type=\"container\" data-e-type=\"container\">\n\t\t\t\t\t<div class=\"e-con-inner\">\n\t\t\t\t<div class=\"elementor-element elementor-element-7e7bacb elementor-widget elementor-widget-text-editor\" data-id=\"7e7bacb\" data-element_type=\"widget\" data-e-type=\"widget\" data-widget_type=\"text-editor.default\">\n\t\t\t\t<div class=\"elementor-widget-container\">\n\t\t\t\t\t\t\t\t\t<p>Mapsly aboneli\u011finizin, \u00e7e\u015fitli Mapsly \u00f6zelliklerini kullan\u0131m\u0131n\u0131za nas\u0131l uyum sa\u011flad\u0131\u011f\u0131n\u0131 \u00f6\u011frenin.<\/p>\t\t\t\t\t\t\t\t<\/div>\n\t\t\t\t<\/div>\n\t\t\t\t<div class=\"elementor-element elementor-element-5faf514d text-ed-subpr elementor-widget elementor-widget-text-editor\" data-id=\"5faf514d\" data-element_type=\"widget\" data-e-type=\"widget\" data-widget_type=\"text-editor.default\">\n\t\t\t\t<div class=\"elementor-widget-container\">\n\t\t\t\t\t\t\t\t\t\n<p>Mapsly fiyat planlar\u0131, alt s\u0131n\u0131ra ba\u011fl\u0131 olarak, daha y\u00fcksek bir plana y\u00fckselerek veya ek paketler uygulayarak art\u0131r\u0131labilen, y\u00f6nlendirme, otomasyon, API ve b\u00f6lgelerin kullan\u0131m\u0131nda standart s\u0131n\u0131rlar uygular; a\u015fa\u011f\u0131da a\u00e7\u0131kland\u0131\u011f\u0131 gibi.<\/p>\n\n<h2 class=\"wp-block-heading\">Y\u00f6nlendirme S\u0131n\u0131rlar\u0131 (G\u00fcnl\u00fck)<\/h2>\n\n<p>00:00 UTC'de ba\u015flayan bir takvim g\u00fcn\u00fcnde t\u00fcm kullan\u0131c\u0131lar\u0131n\u0131z\u0131n toplu olarak olu\u015fturabilece\u011fi maksimum toplam rota say\u0131s\u0131, abonelik plan\u0131na ba\u011fl\u0131d\u0131r:<\/p>\n\n<ul class=\"wp-block-list\">\n<li>a\u00e7\u0131k <strong>Essential<\/strong>100 rota * kullan\u0131c\u0131 say\u0131s\u0131<\/li>\n\n<li>a\u00e7\u0131k <strong>Pro<\/strong>500 rota * kullan\u0131c\u0131 say\u0131s\u0131<\/li>\n\n<li>a\u00e7\u0131k <strong>Enterprise<\/strong>: s\u0131n\u0131rs\u0131z.<\/li>\n<\/ul>\n\n<p>Bu s\u0131n\u0131r\u0131 art\u0131rmak i\u00e7in daha y\u00fcksek bir plana y\u00fckseltin.<\/p>\n\n<h2 class=\"wp-block-heading\">B\u00f6lge S\u0131n\u0131rlar\u0131 (Statik)<\/h2>\n\n<p>Bu s\u0131n\u0131rlar, belirtilen metriklerin herhangi bir anda sahip olabilece\u011fi maksimum de\u011feri belirler ve \u015funlara uygulan\u0131r <strong>Pro <\/strong>ve <strong>Enterprise <\/strong>planlar. <strong>Essential <\/strong>b\u00f6lgeleri dahil de\u011fildir).<\/p>\n\n<figure class=\"wp-block-table\">\n<table>\n<tbody>\n<tr>\n<td><strong>Metrik<\/strong><\/td>\n<td><strong>Dahil<\/strong><\/td>\n<td><strong><strong>Art\u0131\u015f boyutu<\/strong><\/strong><\/td>\n<td><strong>Fiyat\u0131 <strong>art\u0131\u015f<\/strong><\/strong><\/td>\n<\/tr>\n<tr>\n<td>Atama b\u00f6lgeleri*<\/td>\n<td>50<\/td>\n<td>50<\/td>\n<td>$25<\/td>\n<\/tr>\n<tr>\n<td>Hesaplanm\u0131\u015f b\u00f6lge metri\u011fi**<\/td>\n<td>100<\/td>\n<td>50<\/td>\n<td>$25<\/td>\n<\/tr>\n<\/tbody>\n<\/table>\n<\/figure>\n\n<p>(*) Bir <em>atanma b\u00f6lgesi <\/em>kay\u0131tlar\u0131n otomatik olarak atan\u0131ld\u0131\u011f\u0131 bir b\u00f6lgedir. Bir b\u00f6lge grubu i\u00e7inde, olarak i\u015faretlenmi\u015f t\u00fcm b\u00f6lgeler <em>Kay\u0131tlar\u0131 ata<\/em> <em>bu gruptaki b\u00f6lgelere<\/em> atan atama b\u00f6lgeleri olup bu s\u0131n\u0131ra dahil edilir. Bu s\u0131n\u0131ra dahil edilmeyen atama olmayan b\u00f6lgelere \u00f6rnek, demografik metrikleri g\u00f6r\u00fcnt\u00fclemek i\u00e7in co\u011frafya k\u00fct\u00fcphanesinden olu\u015fturulan bir b\u00f6lge grubudur (olarak i\u015faretlenmemi\u015ftir <em>Bu gruptaki kay\u0131tlara b\u00f6lgeler atay\u0131n<\/em>).<\/p>\n\n<p>(**) A <em>hesaplanan b\u00f6lge metri\u011fi<\/em> bir b\u00f6lgede bulunan kay\u0131tlar\u0131n verilerine dayanarak hesaplanan \u00f6zel bir metriktir. \u00d6rne\u011fin, 100 b\u00f6lge i\u00e7eren bir grupta b\u00f6yle bir metri\u011finiz olabilir veya 20 b\u00f6lgeli bir grupta 5 metrik, ya da 10 b\u00f6lgeli bir grupta 10 metrik olabilir. (Demografik metrikler hesaplanmaz, bu y\u00fczden bu s\u0131n\u0131ra dahildir.)<\/p>\n\n<p>Limitin \u00fczerinde b\u00f6lge veya metrik ekledi\u011finizde, Mapsly ger\u00e7ek kullan\u0131m\u0131n\u0131za uyacak uygun eklentilerin uygulanmas\u0131n\u0131 onaylaman\u0131z\u0131 ister.<\/p>\n\n<h2 class=\"wp-block-heading\">API ve Otomasyon S\u0131n\u0131rlar\u0131 (G\u00fcnl\u00fck)<\/h2>\n\n<p>Bu s\u0131n\u0131rlar, 00:00 UTC\u2019de ba\u015flayan takvim g\u00fcn\u00fc ba\u015f\u0131na maksimum \u00e7a\u011fr\u0131 (y\u00fcr\u00fctme) say\u0131s\u0131n\u0131 belirler ve \u015fu durumlar i\u00e7in ge\u00e7erlidir <strong>Pro <\/strong>ve <strong>Enterprise <\/strong>planlar. <strong>Essential <\/strong>otomasyon veya API eri\u015fimini i\u00e7ermez).<\/p>\n\n<figure class=\"wp-block-table\">\n<table>\n<tbody>\n<tr>\n<td><strong>Metrik<\/strong><\/td>\n<td><strong>Dahil<\/strong><\/td>\n<td><strong>Art\u0131\u015f boyutu<\/strong><\/td>\n<td><strong>Art\u0131\u015f ba\u015f\u0131na fiyat<\/strong><\/td>\n<\/tr>\n<tr>\n<td>\u0130\u015f ak\u0131\u015f\u0131 kurallar\u0131<\/td>\n<td>5,000<\/td>\n<td>5,000<\/td>\n<td>$25<\/td>\n<\/tr>\n<tr>\n<td>Gelen API<\/td>\n<td>5,000<\/td>\n<td>5,000<\/td>\n<td>$25<\/td>\n<\/tr>\n<tr>\n<td>Giden webhook'lar<\/td>\n<td>5,000<\/td>\n<td>5,000<\/td>\n<td>$25<\/td>\n<\/tr>\n<tr>\n<td>\u00d6zel fonksiyonlar<\/td>\n<td>1,000<\/td>\n<td>1,000<\/td>\n<td>$25<\/td>\n<\/tr>\n<tr>\n<td>\"E-posta g\u00f6nder\" eylemleri<\/td>\n<td>500<\/td>\n<td>500<\/td>\n<td>$25<\/td>\n<\/tr>\n<tr>\n<td>Seyahat mesafesi veya zaman\u0131 kullanan \"Match records\" eylemlerinin ve TravelingDistance\/TravelingTime \u00e7a\u011fr\u0131lar\u0131n\u0131n (birle\u015fik) y\u00fcr\u00fctmeleri<\/td>\n<td>1,000<\/td>\n<td>1,000<\/td>\n<td>$25<\/td>\n<\/tr>\n<\/tbody>\n<\/table>\n<\/figure>\n\n<p>Tercihinize ba\u011fl\u0131 olarak, bir s\u0131n\u0131r a\u015f\u0131ld\u0131\u011f\u0131nda Mapsly a\u015fa\u011f\u0131dakilerden birini yapacakt\u0131r:<\/p>\n\n<ul class=\"wp-block-list\">\n<li>Ula\u015f\u0131lan limitten etkilenen i\u015f ak\u0131\u015f\u0131 kurallar\u0131, eylemler ve API \u00e7a\u011fr\u0131lar\u0131, i\u00e7inde bulunulan g\u00fcn\u00fcn sonunda kadar ba\u015far\u0131s\u0131z olacak ve limit s\u0131f\u0131rland\u0131\u011f\u0131nda devam edecektir.<\/li>\n\n<li>Mapsly, ba\u015far\u0131s\u0131zl\u0131klar\u0131 \u00f6nlemek i\u00e7in bu s\u0131n\u0131r\u0131 an\u0131nda y\u00fckseltecek uygun eklentileri otomatik olarak uygulayabilir. S\u0131n\u0131r hemen y\u00fckseltilse de, g\u00fcncellenen abonelik bedeli yaln\u0131zca bir sonraki fatura tarihinde tahsil edilecek ve b\u00f6ylece yeni otomasyon d\u00fczeyini koruyup korumamaya veya \u00f6nceki d\u00fczeye geri indirip bu eklentilerin kald\u0131r\u0131lmas\u0131n\u0131 talep etmeye karar vermeniz i\u00e7in bir s\u00fcre tan\u0131nacakt\u0131r.<\/li>\n<\/ul>\n\n<p>L\u00fctfen uygulanmas\u0131 durumunda, kullan\u0131m\u0131n\u0131z d\u00fc\u015fse ve art\u0131r\u0131lm\u0131\u015f limitlere art\u0131k ihtiya\u00e7 duymasan\u0131z bile eklentilerin otomatik olarak kald\u0131r\u0131lmad\u0131\u011f\u0131n\u0131 unutmay\u0131n. Bir eklentiyi kald\u0131rmak isterseniz, l\u00fctfen kald\u0131r\u0131lmas\u0131n\u0131 talep etmek i\u00e7in bizimle sohbet yoluyla ileti\u015fime ge\u00e7in.<\/p>\n\t\t\t\t\t\t\t\t<\/div>\n\t\t\t\t<\/div>\n\t\t\t\t\t<\/div>\n\t\t\t\t<\/div>\n\t\t\t\t<\/div>","protected":false},"excerpt":{"rendered":"<p>Mapsly aboneli\u011finizin, \u00e7e\u015fitli Mapsly \u00f6zelliklerini kullan\u0131m\u0131n\u0131za nas\u0131l uyum sa\u011flad\u0131\u011f\u0131n\u0131 \u00f6\u011frenin. Mapsly fiyat planlar\u0131, y\u00f6nlendirme, otomasyon, API ve b\u00f6lgeler kullan\u0131m\u0131nda standart s\u0131n\u0131rlar uygular ve bu s\u0131n\u0131rlar, a\u015fa\u011f\u0131da a\u00e7\u0131klanan \u015fekilde, daha y\u00fcksek bir plana ge\u00e7erek veya eklentiler uygulayarak art\u0131r\u0131labilir. Y\u00f6nlendirme S\u0131n\u0131rlar\u0131 (G\u00fcnl\u00fck) Maksimum toplam say\u0131 [&hellip;]<\/p>","protected":false},"author":1,"featured_media":0,"parent":0,"menu_order":0,"comment_status":"closed","ping_status":"closed","template":"","meta":{"_acf_changed":false,"footnotes":""},"class_list":["post-432","page","type-page","status-publish","hentry"],"acf":[],"yoast_head":"<!-- This site is optimized with the Yoast SEO plugin v26.6 - https:\/\/yoast.com\/wordpress\/plugins\/seo\/ -->\n<title>Usage Limits and Add-ons - Mapsly<\/title>\n<meta name=\"robots\" content=\"index, follow, max-snippet:-1, max-image-preview:large, max-video-preview:-1\" \/>\n<link rel=\"canonical\" href=\"https:\/\/mapsly.com\/tr\/usage-limits-and-add-ons\/\" \/>\n<meta property=\"og:locale\" content=\"tr_TR\" \/>\n<meta property=\"og:type\" content=\"article\" \/>\n<meta property=\"og:title\" content=\"Usage Limits and Add-ons - Mapsly\" \/>\n<meta property=\"og:description\" content=\"Learn how your Mapsly subscription adjusts to accommodate your usage of various Mapsly features Mapsly pricing plans impose standard limits on usage of routing, automation, API and territories that can be raised by upgrading to a higher plan or applying add-ons depending on the limit, as described below. Routing Limits (Daily) The maximum total number [&hellip;]\" \/>\n<meta property=\"og:url\" content=\"https:\/\/mapsly.com\/tr\/usage-limits-and-add-ons\/\" \/>\n<meta property=\"og:site_name\" content=\"Mapsly\" \/>\n<meta property=\"article:modified_time\" content=\"2025-10-19T20:57:18+00:00\" \/>\n<meta name=\"twitter:card\" content=\"summary_large_image\" \/>\n<meta name=\"twitter:label1\" content=\"Tahmini okuma s\u00fcresi\" \/>\n\t<meta name=\"twitter:data1\" content=\"3 dakika\" \/>\n<script type=\"application\/ld+json\" class=\"yoast-schema-graph\">{\"@context\":\"https:\/\/schema.org\",\"@graph\":[{\"@type\":\"WebPage\",\"@id\":\"https:\/\/mapsly.com\/zh\/usage-limits-and-add-ons\/\",\"url\":\"https:\/\/mapsly.com\/zh\/usage-limits-and-add-ons\/\",\"name\":\"Usage Limits and Add-ons - Mapsly\",\"isPartOf\":{\"@id\":\"https:\/\/mapsly.com\/#website\"},\"datePublished\":\"2025-06-26T14:07:05+00:00\",\"dateModified\":\"2025-10-19T20:57:18+00:00\",\"breadcrumb\":{\"@id\":\"https:\/\/mapsly.com\/zh\/usage-limits-and-add-ons\/#breadcrumb\"},\"inLanguage\":\"tr\",\"potentialAction\":[{\"@type\":\"ReadAction\",\"target\":[\"https:\/\/mapsly.com\/zh\/usage-limits-and-add-ons\/\"]}]},{\"@type\":\"BreadcrumbList\",\"@id\":\"https:\/\/mapsly.com\/zh\/usage-limits-and-add-ons\/#breadcrumb\",\"itemListElement\":[{\"@type\":\"ListItem\",\"position\":1,\"name\":\"Home\",\"item\":\"https:\/\/mapsly.com\/\"},{\"@type\":\"ListItem\",\"position\":2,\"name\":\"Usage Limits and Add-ons\"}]},{\"@type\":\"WebSite\",\"@id\":\"https:\/\/mapsly.com\/#website\",\"url\":\"https:\/\/mapsly.com\/\",\"name\":\"Mapsly\",\"description\":\"The Ultimate CRM Map\",\"publisher\":{\"@id\":\"https:\/\/mapsly.com\/#organization\"},\"potentialAction\":[{\"@type\":\"SearchAction\",\"target\":{\"@type\":\"EntryPoint\",\"urlTemplate\":\"https:\/\/mapsly.com\/?s={search_term_string}\"},\"query-input\":{\"@type\":\"PropertyValueSpecification\",\"valueRequired\":true,\"valueName\":\"search_term_string\"}}],\"inLanguage\":\"tr\"},{\"@type\":\"Organization\",\"@id\":\"https:\/\/mapsly.com\/#organization\",\"name\":\"Mapsly\",\"url\":\"https:\/\/mapsly.com\/\",\"logo\":{\"@type\":\"ImageObject\",\"inLanguage\":\"tr\",\"@id\":\"https:\/\/mapsly.com\/#\/schema\/logo\/image\/\",\"url\":\"https:\/\/mapsly.com\/wp-content\/uploads\/2025\/06\/Mapsly-Logo-2x-BIG.png\",\"contentUrl\":\"https:\/\/mapsly.com\/wp-content\/uploads\/2025\/06\/Mapsly-Logo-2x-BIG.png\",\"width\":280,\"height\":85,\"caption\":\"Mapsly\"},\"image\":{\"@id\":\"https:\/\/mapsly.com\/#\/schema\/logo\/image\/\"}}]}<\/script>\n<!-- \/ Yoast SEO plugin. -->","yoast_head_json":{"title":"Kullan\u0131m S\u0131n\u0131rlar\u0131 ve Eklentiler - Mapsly","robots":{"index":"index","follow":"follow","max-snippet":"max-snippet:-1","max-image-preview":"max-image-preview:large","max-video-preview":"max-video-preview:-1"},"canonical":"https:\/\/mapsly.com\/tr\/usage-limits-and-add-ons\/","og_locale":"tr_TR","og_type":"article","og_title":"Usage Limits and Add-ons - Mapsly","og_description":"Learn how your Mapsly subscription adjusts to accommodate your usage of various Mapsly features Mapsly pricing plans impose standard limits on usage of routing, automation, API and territories that can be raised by upgrading to a higher plan or applying add-ons depending on the limit, as described below. Routing Limits (Daily) The maximum total number [&hellip;]","og_url":"https:\/\/mapsly.com\/tr\/usage-limits-and-add-ons\/","og_site_name":"Mapsly","article_modified_time":"2025-10-19T20:57:18+00:00","twitter_card":"summary_large_image","twitter_misc":{"Tahmini okuma s\u00fcresi":"3 dakika"},"schema":{"@context":"https:\/\/schema.org","@graph":[{"@type":"WebPage","@id":"https:\/\/mapsly.com\/zh\/usage-limits-and-add-ons\/","url":"https:\/\/mapsly.com\/zh\/usage-limits-and-add-ons\/","name":"Kullan\u0131m S\u0131n\u0131rlar\u0131 ve Eklentiler - Mapsly","isPartOf":{"@id":"https:\/\/mapsly.com\/#website"},"datePublished":"2025-06-26T14:07:05+00:00","dateModified":"2025-10-19T20:57:18+00:00","breadcrumb":{"@id":"https:\/\/mapsly.com\/zh\/usage-limits-and-add-ons\/#breadcrumb"},"inLanguage":"tr","potentialAction":[{"@type":"ReadAction","target":["https:\/\/mapsly.com\/zh\/usage-limits-and-add-ons\/"]}]},{"@type":"BreadcrumbList","@id":"https:\/\/mapsly.com\/zh\/usage-limits-and-add-ons\/#breadcrumb","itemListElement":[{"@type":"ListItem","position":1,"name":"Home","item":"https:\/\/mapsly.com\/"},{"@type":"ListItem","position":2,"name":"Usage Limits and Add-ons"}]},{"@type":"WebSite","@id":"https:\/\/mapsly.com\/#website","url":"https:\/\/mapsly.com\/","name":"Mapsly","description":"Nihai CRM Haritas\u0131","publisher":{"@id":"https:\/\/mapsly.com\/#organization"},"potentialAction":[{"@type":"SearchAction","target":{"@type":"EntryPoint","urlTemplate":"https:\/\/mapsly.com\/?s={search_term_string}"},"query-input":{"@type":"PropertyValueSpecification","valueRequired":true,"valueName":"search_term_string"}}],"inLanguage":"tr"},{"@type":"Organization","@id":"https:\/\/mapsly.com\/#organization","name":"Mapsly","url":"https:\/\/mapsly.com\/","logo":{"@type":"ImageObject","inLanguage":"tr","@id":"https:\/\/mapsly.com\/#\/schema\/logo\/image\/","url":"https:\/\/mapsly.com\/wp-content\/uploads\/2025\/06\/Mapsly-Logo-2x-BIG.png","contentUrl":"https:\/\/mapsly.com\/wp-content\/uploads\/2025\/06\/Mapsly-Logo-2x-BIG.png","width":280,"height":85,"caption":"Mapsly"},"image":{"@id":"https:\/\/mapsly.com\/#\/schema\/logo\/image\/"}}]}},"_links":{"self":[{"href":"https:\/\/mapsly.com\/tr\/wp-json\/wp\/v2\/pages\/432","targetHints":{"allow":["GET"]}}],"collection":[{"href":"https:\/\/mapsly.com\/tr\/wp-json\/wp\/v2\/pages"}],"about":[{"href":"https:\/\/mapsly.com\/tr\/wp-json\/wp\/v2\/types\/page"}],"author":[{"embeddable":true,"href":"https:\/\/mapsly.com\/tr\/wp-json\/wp\/v2\/users\/1"}],"replies":[{"embeddable":true,"href":"https:\/\/mapsly.com\/tr\/wp-json\/wp\/v2\/comments?post=432"}],"version-history":[{"count":14,"href":"https:\/\/mapsly.com\/tr\/wp-json\/wp\/v2\/pages\/432\/revisions"}],"predecessor-version":[{"id":22261,"href":"https:\/\/mapsly.com\/tr\/wp-json\/wp\/v2\/pages\/432\/revisions\/22261"}],"wp:attachment":[{"href":"https:\/\/mapsly.com\/tr\/wp-json\/wp\/v2\/media?parent=432"}],"curies":[{"name":"wp","href":"https:\/\/api.w.org\/{rel}","templated":true}]}}