{"id":382,"date":"2025-06-26T16:59:24","date_gmt":"2025-06-26T13:59:24","guid":{"rendered":"https:\/\/mapsly.com?page_id=382"},"modified":"2025-12-16T14:35:50","modified_gmt":"2025-12-16T11:35:50","slug":"map-for-real-estate-agencies","status":"publish","type":"page","link":"https:\/\/mapsly.com\/tr\/map-for-real-estate-agencies\/","title":{"rendered":"Ki\u015fiselle\u015ftirilmi\u015f Harita &#038; Emlak Acenteleri i\u00e7in Otomasyon"},"content":{"rendered":"<div data-elementor-type=\"wp-page\" data-elementor-id=\"382\" class=\"elementor elementor-382\" data-elementor-post-type=\"page\">\n\t\t\t\t\t\t<section class=\"elementor-section elementor-top-section elementor-element elementor-element-6f82c101 elementor-section-boxed elementor-section-height-default elementor-section-height-default\" data-id=\"6f82c101\" data-element_type=\"section\" data-e-type=\"section\">\n\t\t\t\t\t\t<div class=\"elementor-container elementor-column-gap-default\">\n\t\t\t\t\t<div class=\"elementor-column elementor-col-100 elementor-top-column elementor-element elementor-element-71952e8a\" data-id=\"71952e8a\" data-element_type=\"column\" data-e-type=\"column\">\n\t\t\t<div class=\"elementor-widget-wrap elementor-element-populated\">\n\t\t\t\t\t\t<div class=\"elementor-element elementor-element-faa5760 elementor-widget elementor-widget-heading\" data-id=\"faa5760\" data-element_type=\"widget\" data-e-type=\"widget\" data-widget_type=\"heading.default\">\n\t\t\t\t<div class=\"elementor-widget-container\">\n\t\t\t\t\t<h2 class=\"elementor-heading-title elementor-size-default\">Emlak Acenteleri i\u00e7in Ki\u015fiselle\u015ftirilmi\u015f Harita &amp; Otomasyon\n<\/h2>\t\t\t\t<\/div>\n\t\t\t\t<\/div>\n\t\t\t\t<div class=\"elementor-element elementor-element-b24459b elementor-widget elementor-widget-heading\" data-id=\"b24459b\" data-element_type=\"widget\" data-e-type=\"widget\" data-widget_type=\"heading.default\">\n\t\t\t\t<div class=\"elementor-widget-container\">\n\t\t\t\t\t<p class=\"elementor-heading-title elementor-size-default\">M\u00fc\u015fterilere gayrimenkulleri otomatik olarak e\u015fle\u015ftirin ve onlara ki\u015fiselle\u015ftirilmi\u015f m\u00fclk haritas\u0131 i\u00e7eren bir portal sunun.\n<\/p>\t\t\t\t<\/div>\n\t\t\t\t<\/div>\n\t\t\t\t<div class=\"elementor-element elementor-element-4c79d2d5 elementor-widget elementor-widget-text-editor\" data-id=\"4c79d2d5\" data-element_type=\"widget\" data-e-type=\"widget\" data-widget_type=\"text-editor.default\">\n\t\t\t\t<div class=\"elementor-widget-container\">\n\t\t\t\t\t\t\t\t\t<p><span style=\"color: var( --e-global-color-text ); font-family: var( --e-global-typography-text-font-family ), Sans-serif; font-weight: var( --e-global-typography-text-font-weight ); letter-spacing: 0px;\">M\u00fc\u015fterilerin parametrelere g\u00f6re gayrimenkul bulmalar\u0131na yard\u0131mc\u0131 olan emlak acenteleri Mapsly kullanabilir.<\/span><\/p>\n<ul>\n<li>m\u00fc\u015fterilere \u00f6zelliklerin aranmas\u0131 ve atanmas\u0131n\u0131 otomatikle\u015ftirmek i\u00e7in<\/li>\n<li>ve belirli bir m\u00fc\u015fteriye atanan \u00f6zellikleri g\u00f6steren ve yeni \u00f6zellikler atand\u0131k\u00e7a veya mevcut atamalar kald\u0131r\u0131ld\u0131k\u00e7a ger\u00e7ek zamanl\u0131 olarak g\u00fcncellenen bir m\u00fc\u015fteri portal\u0131nda ki\u015fiselle\u015ftirilmi\u015f interaktif bir harita sunmak i\u00e7in.<\/li>\n<\/ul>\n<h2>M\u00fc\u015fterilere otomatik m\u00fclk e\u015fle\u015ftirmesi<\/h2>\n<p>Kullanarak <a href=\"https:\/\/mapsly.com\/tr\/automation\/\">Mapsly otomasyon paketi<\/a> ve onun <a href=\"https:\/\/mapsly.com\/tr\/match-records\/\"><em>Kay\u0131tlar\u0131 e\u015fle\u015ftir<\/em> eylem<\/a>A\u015fa\u011f\u0131daki tamamen otomatikle\u015ftirilmi\u015f s\u00fcre\u00e7leri uygulayabilirsiniz:<\/p>\n<ul>\n<li>yeni bir, <strong>m\u00fc\u015fteri <\/strong>CRM'e eklendikten sonra, Mapsly, m\u00fc\u015fterinin tercihlerine uyan (maksimum s\u00fcr\u00fc\u015f mesafesi dahil) t\u00fcm \u00f6zellikleri otomatik olarak bulabilir, bunlar\u0131 m\u00fc\u015fteriye atayabilir ve yeni atanan \u00f6zelliklerin listesini m\u00fc\u015fteriye ile account executive'ye e-posta ile g\u00f6nderebilir;<\/li>\n<li>ayr\u0131ca, yeni bir, <strong>\u00f6zellik <\/strong>CRM'ye eklendi\u011finde, Mapsly \u00f6zellik ile uyumlu tercihleri olan t\u00fcm m\u00fc\u015fterileri otomatik olarak bulabilir, onlara atayabilir ve bilgilendirebilir.<\/li>\n<\/ul>\n<p><span style=\"color: #222d39; font-family: inherit; font-size: 2rem; font-weight: bold; letter-spacing: 0px;\">Ki\u015fiselle\u015ftirilmi\u015f interaktif harita<\/span><\/p>\n<p>Mapsly kullanarak, <a href=\"\/tr\/shared-interactive-maps\/\">payla\u015f\u0131lan haritalar<\/a> URL parametreleriyle, her m\u00fc\u015fterinize \u00f6zel olarak uyarlanm\u0131\u015f i\u00e7eriklerle ki\u015fiselle\u015ftirilmi\u015f interaktif haritalar olu\u015fturabilirsiniz. Ard\u0131ndan b\u00f6yle bir haritay\u0131 m\u00fc\u015fteri portal\u0131n\u0131za, web veya mobil uygulaman\u0131za g\u00f6mebilir ya da ba\u011flant\u0131 olarak e-posta ile g\u00f6nderebilirsiniz.<\/p>\n<p>Hen\u00fcz bir m\u00fc\u015fteri portal\u0131n\u0131z yoksa, 10 dakika i\u00e7inde kurulumunu yapabilirsiniz, kullanarak <a href=\"https:\/\/www.zoho.com\/creator\/online-customer-portal\/\">Zoho Creator Portal<\/a> Rehberimizde sa\u011flanan sadece birka\u00e7 sat\u0131r kod veya benzeri bir m\u00fc\u015fteri portal\u0131 \u00e7\u00f6z\u00fcm\u00fcyle.<\/p>\n<p>Haritadaki nesnelerinize, m\u00fc\u015fterilerinizin bir \u00f6zelli\u011fi g\u00f6r\u00fcnt\u00fcleme talebinde bulunmas\u0131n\u0131 ve uygulanabilecek di\u011fer t\u00fcm s\u00fcre\u00e7leri ger\u00e7ekle\u015ftirmesini sa\u011flamak i\u00e7in d\u00fc\u011fmeler ve formlar ekleyebilirsiniz, ile <a href=\"\/tr\/automation\/\">Mapsly otomasyon paketi<\/a>Routing ve prospecting hari\u00e7 t\u00fcm Mapsly \u00f6zellikleri bu t\u00fcr ki\u015fiselle\u015ftirilmi\u015f haritalarda etkinle\u015ftirilebilir.<\/p>\n<figure class=\"wp-block-pullquote\">\n<blockquote>\n<p>Mapsly uygulama ekibi, t\u00fcm s\u00fcreci Mapsly'de olu\u015fturacak,<br \/>i\u015finize odaklanabilmeniz i\u00e7in.<br \/><a href=\"https:\/\/calendly.com\/mapsly-meeting\/quick-demo\" target=\"_blank\" rel=\"noopener\">Bug\u00fcn bir web \u00e7a\u011fr\u0131s\u0131 planlay\u0131n<\/a>.<\/p>\n<p><cite>Ya da sohbette bize istedi\u011finizi sorabilirsiniz, her zaman \u00e7evrimi\u00e7iyiz<\/cite><\/p>\n<\/blockquote>\n<\/figure>\n<h2>Demo: ki\u015fiselle\u015ftirilmi\u015f haritayla m\u00fc\u015fteri portal\u0131<\/h2>\n<p><span style=\"color: var( --e-global-color-text ); font-family: var( --e-global-typography-text-font-family ), Sans-serif; font-weight: var( --e-global-typography-text-font-weight ); letter-spacing: 0px;\">Ki\u015fiselle\u015ftirilmi\u015f bir harita herhangi bir portal \u00e7\u00f6z\u00fcm\u00fcne g\u00f6m\u00fclebilir. Bu \u00f6rnekte bir harita m\u00fc\u015fteri portal\u0131na eklenmi\u015ftir. <\/span><a style=\"font-family: var( --e-global-typography-text-font-family ), Sans-serif; font-weight: var( --e-global-typography-text-font-weight ); letter-spacing: 0px; background-color: #ffffff;\" href=\"https:\/\/help.mapsly.com\/articles\/5489056?_ga=2.41460582.536852451.1632143928-264234993.1632143928\">Zoho Creator Portal ile 10 dakikada olu\u015fturuldu<\/a><span style=\"color: var( --e-global-color-text ); font-family: var( --e-global-typography-text-font-family ), Sans-serif; font-weight: var( --e-global-typography-text-font-weight ); letter-spacing: 0px;\">, hem web uygulamas\u0131 hem de mobil uygulamas\u0131 olarak mevcuttur.<\/span><\/p>\n<p><span style=\"color: var( --e-global-color-text ); font-family: var( --e-global-typography-text-font-family ), Sans-serif; font-weight: var( --e-global-typography-text-font-weight ); letter-spacing: 0px;\">When a <\/span><em style=\"color: var( --e-global-color-text ); font-family: var( --e-global-typography-text-font-family ), Sans-serif; font-weight: var( --e-global-typography-text-font-weight ); letter-spacing: 0px;\">M\u00fc\u015fteri<\/em><span style=\"color: var( --e-global-color-text ); font-family: var( --e-global-typography-text-font-family ), Sans-serif; font-weight: var( --e-global-typography-text-font-weight ); letter-spacing: 0px;\"> CRM'ye bir kay\u0131t eklendi\u011finde, Mapsly otomatik olarak bu m\u00fc\u015fteriye atanan Property kay\u0131tlar\u0131n\u0131 g\u00f6steren imzal\u0131, ki\u015fiselle\u015ftirilmi\u015f bir harita ba\u011flant\u0131s\u0131 olu\u015fturur ve m\u00fc\u015fteriyi Portal'a kaydeder. M\u00fc\u015fteri, e-posta adresiyle Portal'a giri\u015f yapt\u0131\u011f\u0131nda harita sayfas\u0131nda haritay\u0131 g\u00f6r\u00fcr. Harita i\u015faret\u00e7ilerine t\u0131klayarak kay\u0131t verilerini g\u00f6r\u00fcnt\u00fclemenin yan\u0131 s\u0131ra, m\u00fc\u015fteri harita a\u00e7\u0131l\u0131r penceresinde \"Ziyaret Planla\" d\u00fc\u011fmesine basarak, Mapsly taraf\u0131ndan CRM'de kay\u0131t olarak olu\u015fturulacak bir m\u00fclk ziyareti talebi g\u00f6nderebilir.<\/span><\/p>\n<p><span style=\"color: var( --e-global-color-text ); font-family: var( --e-global-typography-text-font-family ), Sans-serif; font-weight: var( --e-global-typography-text-font-weight ); letter-spacing: 0px;\">\u00a0<\/span><\/p>\n<div class=\"wp-block-buttons is-content-justification-center\">\n<p><\/p>\n<div class=\"wp-block-button is-style-fill\"><a class=\"wp-block-button__link\" href=\"https:\/\/sampleco.zohocreatorportal.com\/\" target=\"_blank\" rel=\"noreferrer noopener\">Demo m\u00fc\u015fteri portal\u0131na git<\/a><\/div>\n<p><\/p>\n<\/div>\n<p><!-- \/wp:buttons --><\/p>\n<p><span style=\"color: #222d39; font-family: inherit; font-size: 2rem; font-weight: bold; letter-spacing: 0px;\">Daha fazla bilgi edinin<\/span><\/p>\n<p><a href=\"https:\/\/help.mapsly.com\/articles\/5386021\">Ad\u0131m ad\u0131m rehber: ba\u011flant\u0131 ile eri\u015filebilen ki\u015fiselle\u015ftirilmi\u015f bir harita olu\u015fturun<\/a>.<\/p>\n<p><a href=\"https:\/\/help.mapsly.com\/articles\/5489056\">Ad\u0131m ad\u0131m rehber: Zoho Creator portal\u0131n\u0131 10 dakikada ki\u015fiselle\u015ftirilmi\u015f bir haritayla yap\u0131land\u0131r\u0131n<\/a>.<\/p>\n<p><a href=\"https:\/\/help.mapsly.com\/articles\/5510049\">Ad\u0131m ad\u0131m rehber: Zoho Creator m\u00fc\u015fteri portal\u0131nda m\u00fc\u015fterilerinizin otomatik kayd\u0131n\u0131 ayarlay\u0131n<\/a>.<\/p>\n<h2>\u00c7\u00f6z\u00fcm m\u00fchendisi ile canl\u0131 demoyu rezerve edin<\/h2>\n<p><a href=\"https:\/\/calendly.com\/mapsly-meeting\/quick-demo\" target=\"_blank\" rel=\"noopener\">Mapsly m\u00fchendisiyle bir web g\u00f6r\u00fc\u015fmesi planlay\u0131n<\/a> kullan\u0131m durumunuzu ayr\u0131nt\u0131l\u0131 olarak tart\u0131\u015fmak ve Mapsly hesab\u0131n\u0131z\u0131 ve payla\u015f\u0131lan haritalar\u0131 yap\u0131land\u0131rmak i\u00e7in<\/p>\t\t\t\t\t\t\t\t<\/div>\n\t\t\t\t<\/div>\n\t\t\t\t\t<\/div>\n\t\t<\/div>\n\t\t\t\t\t<\/div>\n\t\t<\/section>\n\t\t\t\t<\/div>","protected":false},"excerpt":{"rendered":"<p>Emlak Ajanslar\u0131 i\u00e7in Ki\u015fiselle\u015ftirilmi\u015f Harita ve Otomasyon. Gayrimenkul \u00f6zelliklerini m\u00fc\u015fterilere e\u015fle\u015ftirmeyi otomatikle\u015ftirin ve onlara \u00f6zelliklerinin ki\u015fiselle\u015ftirilmi\u015f haritas\u0131n\u0131 i\u00e7eren bir portal sunun. Parametrelere g\u00f6re m\u00fc\u015fterilere gayrimenkul bulmalar\u0131nda yard\u0131mc\u0131 olan emlak ajanslar\u0131, Mapsly'u m\u00fc\u015fterilere y\u00f6nelik gayrimenkul arama ve atama i\u015flerini otomatikle\u015ftirmek ve ki\u015fiselle\u015ftirilmi\u015f interaktif harita sunmak i\u00e7in kullanabilir [\u2026]<\/p>","protected":false},"author":1,"featured_media":0,"parent":0,"menu_order":0,"comment_status":"closed","ping_status":"closed","template":"elementor_header_footer","meta":{"_acf_changed":false,"footnotes":""},"class_list":["post-382","page","type-page","status-publish","hentry"],"acf":[],"yoast_head":"<!-- This site is optimized with the Yoast SEO plugin v26.6 - https:\/\/yoast.com\/wordpress\/plugins\/seo\/ -->\n<title>Personalized Map &amp; Automation for Real-Estate Agencies - Mapsly<\/title>\n<meta name=\"description\" content=\"Automate matching of real-estate properties to customers and offer them a portal with a personalized map of their properties\" \/>\n<meta name=\"robots\" content=\"index, follow, max-snippet:-1, max-image-preview:large, max-video-preview:-1\" \/>\n<link rel=\"canonical\" href=\"https:\/\/mapsly.com\/tr\/map-for-real-estate-agencies\/\" \/>\n<meta property=\"og:locale\" content=\"tr_TR\" \/>\n<meta property=\"og:type\" content=\"article\" \/>\n<meta property=\"og:title\" content=\"Personalized Map &amp; Automation for Real-Estate Agencies - Mapsly\" \/>\n<meta property=\"og:description\" content=\"Automate matching of real-estate properties to customers and offer them a portal with a personalized map of their properties\" \/>\n<meta property=\"og:url\" content=\"https:\/\/mapsly.com\/tr\/map-for-real-estate-agencies\/\" \/>\n<meta property=\"og:site_name\" content=\"Mapsly\" \/>\n<meta property=\"article:modified_time\" content=\"2025-12-16T11:35:50+00:00\" \/>\n<meta name=\"twitter:card\" content=\"summary_large_image\" \/>\n<meta name=\"twitter:label1\" content=\"Tahmini okuma s\u00fcresi\" \/>\n\t<meta name=\"twitter:data1\" content=\"3 dakika\" \/>\n<script type=\"application\/ld+json\" class=\"yoast-schema-graph\">{\"@context\":\"https:\/\/schema.org\",\"@graph\":[{\"@type\":\"WebPage\",\"@id\":\"https:\/\/mapsly.com\/de\/map-for-real-estate-agencies\/\",\"url\":\"https:\/\/mapsly.com\/de\/map-for-real-estate-agencies\/\",\"name\":\"Personalized Map & Automation for Real-Estate Agencies - Mapsly\",\"isPartOf\":{\"@id\":\"https:\/\/mapsly.com\/#website\"},\"datePublished\":\"2025-06-26T13:59:24+00:00\",\"dateModified\":\"2025-12-16T11:35:50+00:00\",\"description\":\"Automate matching of real-estate properties to customers and offer them a portal with a personalized map of their properties\",\"breadcrumb\":{\"@id\":\"https:\/\/mapsly.com\/de\/map-for-real-estate-agencies\/#breadcrumb\"},\"inLanguage\":\"tr\",\"potentialAction\":[{\"@type\":\"ReadAction\",\"target\":[\"https:\/\/mapsly.com\/de\/map-for-real-estate-agencies\/\"]}]},{\"@type\":\"BreadcrumbList\",\"@id\":\"https:\/\/mapsly.com\/de\/map-for-real-estate-agencies\/#breadcrumb\",\"itemListElement\":[{\"@type\":\"ListItem\",\"position\":1,\"name\":\"Home\",\"item\":\"https:\/\/mapsly.com\/\"},{\"@type\":\"ListItem\",\"position\":2,\"name\":\"Personalized Map &#038; Automation for Real-Estate Agencies\"}]},{\"@type\":\"WebSite\",\"@id\":\"https:\/\/mapsly.com\/#website\",\"url\":\"https:\/\/mapsly.com\/\",\"name\":\"Mapsly\",\"description\":\"The Ultimate CRM Map\",\"publisher\":{\"@id\":\"https:\/\/mapsly.com\/#organization\"},\"potentialAction\":[{\"@type\":\"SearchAction\",\"target\":{\"@type\":\"EntryPoint\",\"urlTemplate\":\"https:\/\/mapsly.com\/?s={search_term_string}\"},\"query-input\":{\"@type\":\"PropertyValueSpecification\",\"valueRequired\":true,\"valueName\":\"search_term_string\"}}],\"inLanguage\":\"tr\"},{\"@type\":\"Organization\",\"@id\":\"https:\/\/mapsly.com\/#organization\",\"name\":\"Mapsly\",\"url\":\"https:\/\/mapsly.com\/\",\"logo\":{\"@type\":\"ImageObject\",\"inLanguage\":\"tr\",\"@id\":\"https:\/\/mapsly.com\/#\/schema\/logo\/image\/\",\"url\":\"https:\/\/mapsly.com\/wp-content\/uploads\/2025\/06\/Mapsly-Logo-2x-BIG.png\",\"contentUrl\":\"https:\/\/mapsly.com\/wp-content\/uploads\/2025\/06\/Mapsly-Logo-2x-BIG.png\",\"width\":280,\"height\":85,\"caption\":\"Mapsly\"},\"image\":{\"@id\":\"https:\/\/mapsly.com\/#\/schema\/logo\/image\/\"}}]}<\/script>\n<!-- \/ Yoast SEO plugin. -->","yoast_head_json":{"title":"Gayrimenkul Acenteleri i\u00e7in Ki\u015fiselle\u015ftirilmi\u015f Harita &amp; Otomasyon - Mapsly","description":"M\u00fc\u015fterilere gayrimenkulleri otomatik olarak e\u015fle\u015ftirin ve onlara ki\u015fiselle\u015ftirilmi\u015f m\u00fclk haritas\u0131 i\u00e7eren bir portal sunun.","robots":{"index":"index","follow":"follow","max-snippet":"max-snippet:-1","max-image-preview":"max-image-preview:large","max-video-preview":"max-video-preview:-1"},"canonical":"https:\/\/mapsly.com\/tr\/map-for-real-estate-agencies\/","og_locale":"tr_TR","og_type":"article","og_title":"Personalized Map & Automation for Real-Estate Agencies - Mapsly","og_description":"Automate matching of real-estate properties to customers and offer them a portal with a personalized map of their properties","og_url":"https:\/\/mapsly.com\/tr\/map-for-real-estate-agencies\/","og_site_name":"Mapsly","article_modified_time":"2025-12-16T11:35:50+00:00","twitter_card":"summary_large_image","twitter_misc":{"Tahmini okuma s\u00fcresi":"3 dakika"},"schema":{"@context":"https:\/\/schema.org","@graph":[{"@type":"WebPage","@id":"https:\/\/mapsly.com\/de\/map-for-real-estate-agencies\/","url":"https:\/\/mapsly.com\/de\/map-for-real-estate-agencies\/","name":"Gayrimenkul Acenteleri i\u00e7in Ki\u015fiselle\u015ftirilmi\u015f Harita &amp; Otomasyon - Mapsly","isPartOf":{"@id":"https:\/\/mapsly.com\/#website"},"datePublished":"2025-06-26T13:59:24+00:00","dateModified":"2025-12-16T11:35:50+00:00","description":"M\u00fc\u015fterilere gayrimenkulleri otomatik olarak e\u015fle\u015ftirin ve onlara ki\u015fiselle\u015ftirilmi\u015f m\u00fclk haritas\u0131 i\u00e7eren bir portal sunun.","breadcrumb":{"@id":"https:\/\/mapsly.com\/de\/map-for-real-estate-agencies\/#breadcrumb"},"inLanguage":"tr","potentialAction":[{"@type":"ReadAction","target":["https:\/\/mapsly.com\/de\/map-for-real-estate-agencies\/"]}]},{"@type":"BreadcrumbList","@id":"https:\/\/mapsly.com\/de\/map-for-real-estate-agencies\/#breadcrumb","itemListElement":[{"@type":"ListItem","position":1,"name":"Home","item":"https:\/\/mapsly.com\/"},{"@type":"ListItem","position":2,"name":"Personalized Map &#038; Automation for Real-Estate Agencies"}]},{"@type":"WebSite","@id":"https:\/\/mapsly.com\/#website","url":"https:\/\/mapsly.com\/","name":"Mapsly","description":"Nihai CRM Haritas\u0131","publisher":{"@id":"https:\/\/mapsly.com\/#organization"},"potentialAction":[{"@type":"SearchAction","target":{"@type":"EntryPoint","urlTemplate":"https:\/\/mapsly.com\/?s={search_term_string}"},"query-input":{"@type":"PropertyValueSpecification","valueRequired":true,"valueName":"search_term_string"}}],"inLanguage":"tr"},{"@type":"Organization","@id":"https:\/\/mapsly.com\/#organization","name":"Mapsly","url":"https:\/\/mapsly.com\/","logo":{"@type":"ImageObject","inLanguage":"tr","@id":"https:\/\/mapsly.com\/#\/schema\/logo\/image\/","url":"https:\/\/mapsly.com\/wp-content\/uploads\/2025\/06\/Mapsly-Logo-2x-BIG.png","contentUrl":"https:\/\/mapsly.com\/wp-content\/uploads\/2025\/06\/Mapsly-Logo-2x-BIG.png","width":280,"height":85,"caption":"Mapsly"},"image":{"@id":"https:\/\/mapsly.com\/#\/schema\/logo\/image\/"}}]}},"_links":{"self":[{"href":"https:\/\/mapsly.com\/tr\/wp-json\/wp\/v2\/pages\/382","targetHints":{"allow":["GET"]}}],"collection":[{"href":"https:\/\/mapsly.com\/tr\/wp-json\/wp\/v2\/pages"}],"about":[{"href":"https:\/\/mapsly.com\/tr\/wp-json\/wp\/v2\/types\/page"}],"author":[{"embeddable":true,"href":"https:\/\/mapsly.com\/tr\/wp-json\/wp\/v2\/users\/1"}],"replies":[{"embeddable":true,"href":"https:\/\/mapsly.com\/tr\/wp-json\/wp\/v2\/comments?post=382"}],"version-history":[{"count":48,"href":"https:\/\/mapsly.com\/tr\/wp-json\/wp\/v2\/pages\/382\/revisions"}],"predecessor-version":[{"id":25126,"href":"https:\/\/mapsly.com\/tr\/wp-json\/wp\/v2\/pages\/382\/revisions\/25126"}],"wp:attachment":[{"href":"https:\/\/mapsly.com\/tr\/wp-json\/wp\/v2\/media?parent=382"}],"curies":[{"name":"wp","href":"https:\/\/api.w.org\/{rel}","templated":true}]}}