{"id":346,"date":"2025-06-26T16:38:03","date_gmt":"2025-06-26T13:38:03","guid":{"rendered":"https:\/\/mapsly.com?page_id=346"},"modified":"2025-12-09T13:16:56","modified_gmt":"2025-12-09T10:16:56","slug":"sub-processors","status":"publish","type":"page","link":"https:\/\/mapsly.com\/tr\/sub-processors\/","title":{"rendered":"Mapsly Alt \u0130\u015flemcileri"},"content":{"rendered":"<div data-elementor-type=\"wp-page\" data-elementor-id=\"346\" class=\"elementor elementor-346\" data-elementor-post-type=\"page\">\n\t\t\t\t<div class=\"elementor-element elementor-element-7003a283 e-flex e-con-boxed e-con e-parent\" data-id=\"7003a283\" data-element_type=\"container\" data-e-type=\"container\">\n\t\t\t\t\t<div class=\"e-con-inner\">\n\t\t\t\t<div class=\"elementor-element elementor-element-44e21518 text-ed-subpr elementor-widget elementor-widget-text-editor\" data-id=\"44e21518\" data-element_type=\"widget\" data-e-type=\"widget\" data-widget_type=\"text-editor.default\">\n\t\t\t\t<div class=\"elementor-widget-container\">\n\t\t\t\t\t\t\t\t\t\n<p><em>Son g\u00fcncelleme: 24 Ekim 2023<\/em><\/p>\n\n\n\n<p>Bu sayfa, Mapsly'nin Mapsly'a uygun olarak g\u00f6revlendirdi\u011fi alt i\u015flemciler hakk\u0131nda bilgi sa\u011flar <a href=\"\/tr\/dpa\/\">Veri \u0130\u015fleme Ek S\u00f6zle\u015fmesi<\/a> (\"Mapsly DPA\") m\u00fc\u015fteri ad\u0131na M\u00fc\u015fteri Verileri \u00fczerinde (Mapsly DPA\u2019da tan\u0131mland\u0131\u011f\u0131 \u015fekilde) i\u015fleme faaliyetlerini ger\u00e7ekle\u015ftirmek i\u00e7in. Bireysel bir m\u00fc\u015fteriye ili\u015fkin alt i\u015flemciler, m\u00fc\u015fterinin kulland\u0131\u011f\u0131 belirli Mapsly i\u015flevine ba\u011fl\u0131 olacakt\u0131r.<\/p>\n\n\n\n<p>Mapsly, yeni bir alt i\u015flemciyi devreye almadan en az 30 g\u00fcn \u00f6nce bu sayfay\u0131 g\u00fcncelleyecektir. Bu sayfadaki de\u011fi\u015fikliklerden e-posta ile haberdar olmak isterseniz, l\u00fctfen bizimle ileti\u015fime ge\u00e7in <strong>privacy@mapsly.com<\/strong>.<\/p>\n\n\n\n<figure class=\"wp-block-table\"><table><thead><tr><th><strong>Hizmet sa\u011flay\u0131c\u0131<\/strong><\/th><th><strong>Mapsly i\u015flevi<\/strong><\/th><th><strong>Hizmet sa\u011flay\u0131c\u0131s\u0131n\u0131n konumu<\/strong><\/th><th><strong>\u0130\u015flem etkinli\u011fi<\/strong><\/th><\/tr><\/thead><tbody><tr><td>HERE North America, LLC<\/td><td>Y\u00f6nlendirme, Navigasyon<\/td><td>ABD<\/td><td>Rota optimizasyonu, navigasyon, co\u011frafi kodlama<\/td><\/tr><tr><td>HubSpot, Inc.<\/td><td>\u2014<\/td><td>ABD<\/td><td>M\u00fc\u015fteri ili\u015fkileri y\u00f6netimi<\/td><\/tr><tr><td>Intercom, Inc.<\/td><td>Mapsly ile Sohbet<\/td><td>ABD<\/td><td>Sohbet ve e-posta ileti\u015fimi<\/td><\/tr><tr><td>Google, Inc.<\/td><td>Co\u011frafi Kodlama<\/td><td>ABD<\/td><td>Co\u011frafi kodlama, e-posta ileti\u015fimi, diller<\/td><\/tr><tr><td>LogRocket, Inc.<\/td><td>\u2014<\/td><td>ABD<\/td><td>Uygulama performans izleme ve kullan\u0131c\u0131 analiti\u011fi<\/td><\/tr><tr><td>Mailchimp, Inc.<\/td><td>\u2014<\/td><td>ABD<\/td><td>Toplant\u0131 kayd\u0131 ve yaz\u0131ya d\u00f6k\u00fcm\u00fc<\/td><\/tr><tr><td>Mapbox, Inc.<\/td><td>Co\u011frafi Kodlama<\/td><td>ABD<\/td><td>Rota optimizasyonu, co\u011frafi kodlama<\/td><\/tr><tr><td>Paddle.com, Inc.<\/td><td>Faturaland\u0131rma<\/td><td>ABD<\/td><td>Kredi kart\u0131 i\u015flemleri, Kay\u0131tl\u0131 sat\u0131c\u0131<\/td><\/tr><tr><td>Rewatch, Inc.<\/td><td>\u2014<\/td><td>ABD<\/td><td>Toplant\u0131 kayd\u0131 ve transkripti<\/td><\/tr><tr><td>Twilio Inc.<\/td><td>Mesajla\u015fma<\/td><td>ABD<\/td><td>SMS ve e-posta ileti\u015fimi<\/td><\/tr><tr><td>Slack Inc.<\/td><td>\u2014<\/td><td>ABD<\/td><td>Mapsly dahili mesajla\u015fma<\/td><\/tr><tr><td>Stripe, Inc.<\/td><td>Faturaland\u0131rma<\/td><td>ABD<\/td><td>Kredi kart\u0131 i\u015flemi<\/td><\/tr><\/tbody><\/table><\/figure>\n\t\t\t\t\t\t\t\t<\/div>\n\t\t\t\t<\/div>\n\t\t\t\t\t<\/div>\n\t\t\t\t<\/div>\n\t\t\t\t<\/div>","protected":false},"excerpt":{"rendered":"<p>Son g\u00fcncelleme: 24 Ekim 2023 Bu sayfa, Mapsly Veri \u0130\u015fleme Ek S\u00f6zle\u015fmesi (\"Mapsly DPA\") uyar\u0131nca Mapsly'nin, m\u00fc\u015fteriler ad\u0131na M\u00fc\u015fteri Verileri \u00fczerinde i\u015flem faaliyetleri sa\u011flamak i\u00e7in g\u00f6rev verdi\u011fi alt i\u015flemciler hakk\u0131nda bilgi sa\u011flar (Mapsly DPA'da tan\u0131mland\u0131\u011f\u0131 \u015fekilde). Bireysel bir m\u00fc\u015fteri ile ilgili alt i\u015flemciler, belirli Mapsly'e ba\u011fl\u0131 olacakt\u0131r [...]<\/p>","protected":false},"author":1,"featured_media":0,"parent":0,"menu_order":0,"comment_status":"closed","ping_status":"closed","template":"","meta":{"_acf_changed":false,"footnotes":""},"class_list":["post-346","page","type-page","status-publish","hentry"],"acf":[],"yoast_head":"<!-- This site is optimized with the Yoast SEO plugin v26.6 - https:\/\/yoast.com\/wordpress\/plugins\/seo\/ -->\n<title>Mapsly Sub-Processors - Mapsly<\/title>\n<meta name=\"description\" content=\"This page provides information about the sub-processors that Mapsly has engaged in accordance with the Mapsly Data Processing Addendum (\u201cMapsly DPA\u201d) to provide processing activities on Customer Data (as defined in the Mapsly DPA) on behalf of customers. Sub-processors relevant to an individual customer will depend on the particular Mapsly functionality that the customer uses.\" \/>\n<meta name=\"robots\" content=\"index, follow, max-snippet:-1, max-image-preview:large, max-video-preview:-1\" \/>\n<link rel=\"canonical\" href=\"https:\/\/mapsly.com\/tr\/sub-processors\/\" \/>\n<meta property=\"og:locale\" content=\"tr_TR\" \/>\n<meta property=\"og:type\" content=\"article\" \/>\n<meta property=\"og:title\" content=\"Mapsly Sub-Processors - Mapsly\" \/>\n<meta property=\"og:description\" content=\"This page provides information about the sub-processors that Mapsly has engaged in accordance with the Mapsly Data Processing Addendum (\u201cMapsly DPA\u201d) to provide processing activities on Customer Data (as defined in the Mapsly DPA) on behalf of customers. Sub-processors relevant to an individual customer will depend on the particular Mapsly functionality that the customer uses.\" \/>\n<meta property=\"og:url\" content=\"https:\/\/mapsly.com\/tr\/sub-processors\/\" \/>\n<meta property=\"og:site_name\" content=\"Mapsly\" \/>\n<meta property=\"article:modified_time\" content=\"2025-12-09T10:16:56+00:00\" \/>\n<meta name=\"twitter:card\" content=\"summary_large_image\" \/>\n<meta name=\"twitter:label1\" content=\"Tahmini okuma s\u00fcresi\" \/>\n\t<meta name=\"twitter:data1\" content=\"1 dakika\" \/>\n<script type=\"application\/ld+json\" class=\"yoast-schema-graph\">{\"@context\":\"https:\/\/schema.org\",\"@graph\":[{\"@type\":\"WebPage\",\"@id\":\"https:\/\/mapsly.com\/fr\/sub-processors\/\",\"url\":\"https:\/\/mapsly.com\/fr\/sub-processors\/\",\"name\":\"Mapsly Sub-Processors - Mapsly\",\"isPartOf\":{\"@id\":\"https:\/\/mapsly.com\/#website\"},\"datePublished\":\"2025-06-26T13:38:03+00:00\",\"dateModified\":\"2025-12-09T10:16:56+00:00\",\"description\":\"This page provides information about the sub-processors that Mapsly has engaged in accordance with the Mapsly Data Processing Addendum (\u201cMapsly DPA\u201d) to provide processing activities on Customer Data (as defined in the Mapsly DPA) on behalf of customers. Sub-processors relevant to an individual customer will depend on the particular Mapsly functionality that the customer uses.\",\"breadcrumb\":{\"@id\":\"https:\/\/mapsly.com\/fr\/sub-processors\/#breadcrumb\"},\"inLanguage\":\"tr\",\"potentialAction\":[{\"@type\":\"ReadAction\",\"target\":[\"https:\/\/mapsly.com\/fr\/sub-processors\/\"]}]},{\"@type\":\"BreadcrumbList\",\"@id\":\"https:\/\/mapsly.com\/fr\/sub-processors\/#breadcrumb\",\"itemListElement\":[{\"@type\":\"ListItem\",\"position\":1,\"name\":\"Home\",\"item\":\"https:\/\/mapsly.com\/\"},{\"@type\":\"ListItem\",\"position\":2,\"name\":\"Mapsly Sub-Processors\"}]},{\"@type\":\"WebSite\",\"@id\":\"https:\/\/mapsly.com\/#website\",\"url\":\"https:\/\/mapsly.com\/\",\"name\":\"Mapsly\",\"description\":\"The Ultimate CRM Map\",\"publisher\":{\"@id\":\"https:\/\/mapsly.com\/#organization\"},\"potentialAction\":[{\"@type\":\"SearchAction\",\"target\":{\"@type\":\"EntryPoint\",\"urlTemplate\":\"https:\/\/mapsly.com\/?s={search_term_string}\"},\"query-input\":{\"@type\":\"PropertyValueSpecification\",\"valueRequired\":true,\"valueName\":\"search_term_string\"}}],\"inLanguage\":\"tr\"},{\"@type\":\"Organization\",\"@id\":\"https:\/\/mapsly.com\/#organization\",\"name\":\"Mapsly\",\"url\":\"https:\/\/mapsly.com\/\",\"logo\":{\"@type\":\"ImageObject\",\"inLanguage\":\"tr\",\"@id\":\"https:\/\/mapsly.com\/#\/schema\/logo\/image\/\",\"url\":\"https:\/\/mapsly.com\/wp-content\/uploads\/2025\/06\/Mapsly-Logo-2x-BIG.png\",\"contentUrl\":\"https:\/\/mapsly.com\/wp-content\/uploads\/2025\/06\/Mapsly-Logo-2x-BIG.png\",\"width\":280,\"height\":85,\"caption\":\"Mapsly\"},\"image\":{\"@id\":\"https:\/\/mapsly.com\/#\/schema\/logo\/image\/\"}}]}<\/script>\n<!-- \/ Yoast SEO plugin. -->","yoast_head_json":{"title":"Mapsly Alt \u0130\u015flemcileri - Mapsly","description":"Bu sayfa, Mapsly\u2019nin m\u00fc\u015fteri verileri \u00fczerinde (Mapsly DPA\u2019da tan\u0131mland\u0131\u011f\u0131 \u015fekilde) m\u00fc\u015fteriler ad\u0131na i\u015fleme faaliyetleri sa\u011flamak i\u00e7in Mapsly Veri \u0130\u015fleme Ek S\u00f6zle\u015fmesi (\u201cMapsly DPA\u201d) do\u011frultusunda \u00e7al\u0131\u015ft\u0131rd\u0131\u011f\u0131 alt i\u015flemcilere dair bilgileri sunar. Her m\u00fc\u015fteriye ili\u015fkin alt i\u015flemciler, m\u00fc\u015fterinin kulland\u0131\u011f\u0131 Mapsly i\u015flevselli\u011fine ba\u011fl\u0131 olarak de\u011fi\u015fir.","robots":{"index":"index","follow":"follow","max-snippet":"max-snippet:-1","max-image-preview":"max-image-preview:large","max-video-preview":"max-video-preview:-1"},"canonical":"https:\/\/mapsly.com\/tr\/sub-processors\/","og_locale":"tr_TR","og_type":"article","og_title":"Mapsly Sub-Processors - Mapsly","og_description":"This page provides information about the sub-processors that Mapsly has engaged in accordance with the Mapsly Data Processing Addendum (\u201cMapsly DPA\u201d) to provide processing activities on Customer Data (as defined in the Mapsly DPA) on behalf of customers. Sub-processors relevant to an individual customer will depend on the particular Mapsly functionality that the customer uses.","og_url":"https:\/\/mapsly.com\/tr\/sub-processors\/","og_site_name":"Mapsly","article_modified_time":"2025-12-09T10:16:56+00:00","twitter_card":"summary_large_image","twitter_misc":{"Tahmini okuma s\u00fcresi":"1 dakika"},"schema":{"@context":"https:\/\/schema.org","@graph":[{"@type":"WebPage","@id":"https:\/\/mapsly.com\/fr\/sub-processors\/","url":"https:\/\/mapsly.com\/fr\/sub-processors\/","name":"Mapsly Alt \u0130\u015flemcileri - Mapsly","isPartOf":{"@id":"https:\/\/mapsly.com\/#website"},"datePublished":"2025-06-26T13:38:03+00:00","dateModified":"2025-12-09T10:16:56+00:00","description":"Bu sayfa, Mapsly\u2019nin m\u00fc\u015fteri verileri \u00fczerinde (Mapsly DPA\u2019da tan\u0131mland\u0131\u011f\u0131 \u015fekilde) m\u00fc\u015fteriler ad\u0131na i\u015fleme faaliyetleri sa\u011flamak i\u00e7in Mapsly Veri \u0130\u015fleme Ek S\u00f6zle\u015fmesi (\u201cMapsly DPA\u201d) do\u011frultusunda \u00e7al\u0131\u015ft\u0131rd\u0131\u011f\u0131 alt i\u015flemcilere dair bilgileri sunar. Her m\u00fc\u015fteriye ili\u015fkin alt i\u015flemciler, m\u00fc\u015fterinin kulland\u0131\u011f\u0131 Mapsly i\u015flevselli\u011fine ba\u011fl\u0131 olarak de\u011fi\u015fir.","breadcrumb":{"@id":"https:\/\/mapsly.com\/fr\/sub-processors\/#breadcrumb"},"inLanguage":"tr","potentialAction":[{"@type":"ReadAction","target":["https:\/\/mapsly.com\/fr\/sub-processors\/"]}]},{"@type":"BreadcrumbList","@id":"https:\/\/mapsly.com\/fr\/sub-processors\/#breadcrumb","itemListElement":[{"@type":"ListItem","position":1,"name":"Home","item":"https:\/\/mapsly.com\/"},{"@type":"ListItem","position":2,"name":"Mapsly Sub-Processors"}]},{"@type":"WebSite","@id":"https:\/\/mapsly.com\/#website","url":"https:\/\/mapsly.com\/","name":"Mapsly","description":"Nihai CRM Haritas\u0131","publisher":{"@id":"https:\/\/mapsly.com\/#organization"},"potentialAction":[{"@type":"SearchAction","target":{"@type":"EntryPoint","urlTemplate":"https:\/\/mapsly.com\/?s={search_term_string}"},"query-input":{"@type":"PropertyValueSpecification","valueRequired":true,"valueName":"search_term_string"}}],"inLanguage":"tr"},{"@type":"Organization","@id":"https:\/\/mapsly.com\/#organization","name":"Mapsly","url":"https:\/\/mapsly.com\/","logo":{"@type":"ImageObject","inLanguage":"tr","@id":"https:\/\/mapsly.com\/#\/schema\/logo\/image\/","url":"https:\/\/mapsly.com\/wp-content\/uploads\/2025\/06\/Mapsly-Logo-2x-BIG.png","contentUrl":"https:\/\/mapsly.com\/wp-content\/uploads\/2025\/06\/Mapsly-Logo-2x-BIG.png","width":280,"height":85,"caption":"Mapsly"},"image":{"@id":"https:\/\/mapsly.com\/#\/schema\/logo\/image\/"}}]}},"_links":{"self":[{"href":"https:\/\/mapsly.com\/tr\/wp-json\/wp\/v2\/pages\/346","targetHints":{"allow":["GET"]}}],"collection":[{"href":"https:\/\/mapsly.com\/tr\/wp-json\/wp\/v2\/pages"}],"about":[{"href":"https:\/\/mapsly.com\/tr\/wp-json\/wp\/v2\/types\/page"}],"author":[{"embeddable":true,"href":"https:\/\/mapsly.com\/tr\/wp-json\/wp\/v2\/users\/1"}],"replies":[{"embeddable":true,"href":"https:\/\/mapsly.com\/tr\/wp-json\/wp\/v2\/comments?post=346"}],"version-history":[{"count":8,"href":"https:\/\/mapsly.com\/tr\/wp-json\/wp\/v2\/pages\/346\/revisions"}],"predecessor-version":[{"id":22246,"href":"https:\/\/mapsly.com\/tr\/wp-json\/wp\/v2\/pages\/346\/revisions\/22246"}],"wp:attachment":[{"href":"https:\/\/mapsly.com\/tr\/wp-json\/wp\/v2\/media?parent=346"}],"curies":[{"name":"wp","href":"https:\/\/api.w.org\/{rel}","templated":true}]}}