{"id":322,"date":"2025-06-26T16:32:52","date_gmt":"2025-06-26T13:32:52","guid":{"rendered":"https:\/\/mapsly.com?page_id=322"},"modified":"2025-12-16T14:31:35","modified_gmt":"2025-12-16T11:31:35","slug":"live-map-for-customer-portals","status":"publish","type":"page","link":"https:\/\/mapsly.com\/tr\/live-map-for-customer-portals\/","title":{"rendered":"M\u00fc\u015fteri Portallar\u0131 i\u00e7in Canl\u0131 Ki\u015fiselle\u015ftirilmi\u015f Harita"},"content":{"rendered":"<div data-elementor-type=\"wp-page\" data-elementor-id=\"322\" class=\"elementor elementor-322\" data-elementor-post-type=\"page\">\n\t\t\t\t\t\t<section class=\"elementor-section elementor-top-section elementor-element elementor-element-696fef4f elementor-section-boxed elementor-section-height-default elementor-section-height-default\" data-id=\"696fef4f\" data-element_type=\"section\" data-e-type=\"section\">\n\t\t\t\t\t\t<div class=\"elementor-container elementor-column-gap-default\">\n\t\t\t\t\t<div class=\"elementor-column elementor-col-100 elementor-top-column elementor-element elementor-element-52a9e462\" data-id=\"52a9e462\" data-element_type=\"column\" data-e-type=\"column\">\n\t\t\t<div class=\"elementor-widget-wrap elementor-element-populated\">\n\t\t\t\t\t\t<div class=\"elementor-element elementor-element-9677554 elementor-widget elementor-widget-heading\" data-id=\"9677554\" data-element_type=\"widget\" data-e-type=\"widget\" data-widget_type=\"heading.default\">\n\t\t\t\t<div class=\"elementor-widget-container\">\n\t\t\t\t\t<h2 class=\"elementor-heading-title elementor-size-default\">M\u00fc\u015fterilerinize \u00f6zel olarak atanan kay\u0131tlarla canl\u0131 etkile\u015fimli bir harita sunun. Ba\u011flant\u0131 olarak g\u00f6nderin veya m\u00fc\u015fteri portal\u0131na ekleyin.\n<\/h2>\t\t\t\t<\/div>\n\t\t\t\t<\/div>\n\t\t\t\t<div class=\"elementor-element elementor-element-29c03ef3 elementor-widget elementor-widget-text-editor\" data-id=\"29c03ef3\" data-element_type=\"widget\" data-e-type=\"widget\" data-widget_type=\"text-editor.default\">\n\t\t\t\t<div class=\"elementor-widget-container\">\n\t\t\t\t\t\t\t\t\t<p><span style=\"color: var( --e-global-color-text ); font-family: var( --e-global-typography-text-font-family ), Sans-serif; font-weight: var( --e-global-typography-text-font-weight ); letter-spacing: 0px;\">Mapsly kullanarak <\/span><a style=\"font-family: var( --e-global-typography-text-font-family ), Sans-serif; font-weight: var( --e-global-typography-text-font-weight ); background-color: #ffffff; letter-spacing: 0px;\" href=\"\/tr\/shared-interactive-maps\/\">payla\u015f\u0131lan haritalar<\/a><span style=\"color: var( --e-global-color-text ); font-family: var( --e-global-typography-text-font-family ), Sans-serif; font-weight: var( --e-global-typography-text-font-weight ); letter-spacing: 0px;\"> URL parametreleri ile, her biri m\u00fc\u015fterilerinize \u00f6zel olarak ayr\u0131 ayr\u0131 uyarlanm\u0131\u015f i\u00e7eriklerle ki\u015fiselle\u015ftirilmi\u015f etkile\u015fimli haritalar olu\u015fturabilirsiniz. Daha sonra b\u00f6yle bir haritay\u0131 m\u00fc\u015fteri portal\u0131na, web veya mobil uygulamaya yerle\u015ftirebilir ya da ba\u011flant\u0131 olarak e-posta yoluyla g\u00f6nderebilirsiniz.<\/span><\/p>\n<p><span style=\"color: var( --e-global-color-text ); font-family: var( --e-global-typography-text-font-family ), Sans-serif; font-weight: var( --e-global-typography-text-font-weight ); letter-spacing: 0px;\">Hen\u00fcz bir m\u00fc\u015fteri portal\u0131n\u0131z yoksa, 10 dakikada kurabilirsiniz <\/span><a style=\"font-family: var( --e-global-typography-text-font-family ), Sans-serif; font-weight: var( --e-global-typography-text-font-weight ); letter-spacing: 0px; background-color: #ffffff;\" href=\"https:\/\/www.zoho.com\/creator\/online-customer-portal\/\">Zoho Creator Portal\u0131<\/a><span style=\"color: var( --e-global-color-text ); font-family: var( --e-global-typography-text-font-family ), Sans-serif; font-weight: var( --e-global-typography-text-font-weight ); letter-spacing: 0px;\"> rehberimizde sa\u011flanan sadece birka\u00e7 sat\u0131r kodla veya benzer bir m\u00fc\u015fteri portal\u0131 \u00e7\u00f6z\u00fcm\u00fc ile.<\/span><\/p>\n<p><span style=\"color: var( --e-global-color-text ); font-family: var( --e-global-typography-text-font-family ), Sans-serif; font-weight: var( --e-global-typography-text-font-weight ); letter-spacing: 0px;\">Harita \u00fczerindeki nesnelerinize, m\u00fc\u015fterilerinizin bir m\u00fclk\u00fc g\u00f6r\u00fcnt\u00fcleme talebinde bulunmalar\u0131n\u0131 ve uygulanabilecek di\u011fer i\u015flemleri ger\u00e7ekle\u015ftirmelerini sa\u011flamak i\u00e7in butonlar ve formlar da ekleyebilirsiniz. <\/span><a style=\"font-family: var( --e-global-typography-text-font-family ), Sans-serif; font-weight: var( --e-global-typography-text-font-weight ); letter-spacing: 0px; background-color: #ffffff;\" href=\"\/tr\/automation\/\">Mapsly otomasyon paketi<\/a><span style=\"color: var( --e-global-color-text ); font-family: var( --e-global-typography-text-font-family ), Sans-serif; font-weight: var( --e-global-typography-text-font-weight ); letter-spacing: 0px;\">. B\u00f6yle ki\u015fiselle\u015ftirilmi\u015f haritalarda y\u00f6nlendirme ve potansiyel m\u00fc\u015fteri bulma d\u0131\u015f\u0131ndaki t\u00fcm Mapsly \u00f6zellikleri etkinle\u015ftirilebilir.<\/span><\/p>\n<h2 class=\"has-text-align-center\">\u00d6rnek: bir emlak ajans\u0131n\u0131n m\u00fc\u015fterisine atanm\u0131\u015f \u00f6zelliklerle ki\u015fiselle\u015ftirilmi\u015f harita<\/h2>\n<p><span style=\"color: var( --e-global-color-text ); font-family: var( --e-global-typography-text-font-family ), Sans-serif; font-weight: var( --e-global-typography-text-font-weight ); letter-spacing: 0px;\">Ki\u015fiselle\u015ftirilmi\u015f bir haritan\u0131n ne oldu\u011funu daha iyi anlamak i\u00e7in, m\u00fclkleri ve m\u00fc\u015fterileri hakk\u0131nda bilgileri saklayan bir emlak ajans\u0131n\u0131n \u00f6rne\u011fini inceleyelim <\/span><strong style=\"font-family: var( --e-global-typography-text-font-family ), Sans-serif; letter-spacing: 0px;\">\u00d6zellikler <\/strong><span style=\"color: var( --e-global-color-text ); font-family: var( --e-global-typography-text-font-family ), Sans-serif; font-weight: var( --e-global-typography-text-font-weight ); letter-spacing: 0px;\">ve <\/span><strong style=\"font-family: var( --e-global-typography-text-font-family ), Sans-serif; letter-spacing: 0px;\">M\u00fc\u015fteriler<\/strong><span style=\"color: var( --e-global-color-text ); font-family: var( --e-global-typography-text-font-family ), Sans-serif; font-weight: var( --e-global-typography-text-font-weight ); letter-spacing: 0px;\"> CRM nesneleri (mod\u00fcller). Yeni bir m\u00fc\u015fteri geldi\u011finde ve belirli \u00f6zelliklere (t\u00fcr, fiyat aral\u0131\u011f\u0131, konum vb.) sahip m\u00fclklere ilgi g\u00f6sterdi\u011finde, ajans bu \u00f6zelliklere uyan m\u00fclkleri m\u00fc\u015fteriye atayabilmek ve m\u00fc\u015fterilere bu m\u00fclkleri g\u00f6rebilecekleri ve ziyaret talep edebilecekleri harital\u0131 bir portal eri\u015fimi sunmak ister. Hesap y\u00f6neticileri m\u00fc\u015fterilere daha fazla m\u00fclk atay\u0131p bu atamalar\u0131 kald\u0131rd\u0131k\u00e7a, m\u00fc\u015fterinin haritas\u0131 otomatik olarak g\u00fcncellenmelidir.<\/span><\/p>\n<p><span style=\"color: var( --e-global-color-text ); font-family: var( --e-global-typography-text-font-family ), Sans-serif; font-weight: var( --e-global-typography-text-font-weight ); letter-spacing: 0px;\">Bu t\u00fcr atamalar\u0131n ayr\u0131ca \u015fununla otomatikle\u015ftirilebilece\u011fini l\u00fctfen unutmay\u0131n <\/span><a style=\"font-family: var( --e-global-typography-text-font-family ), Sans-serif; font-weight: var( --e-global-typography-text-font-weight ); letter-spacing: 0px; background-color: #ffffff;\" href=\"https:\/\/mapsly.com\/tr\/automation\/\">Mapsly otomasyon paketi<\/a><span style=\"color: var( --e-global-color-text ); font-family: var( --e-global-typography-text-font-family ), Sans-serif; font-weight: var( --e-global-typography-text-font-weight ); letter-spacing: 0px;\"> ve onun <\/span><a style=\"font-family: var( --e-global-typography-text-font-family ), Sans-serif; font-weight: var( --e-global-typography-text-font-weight ); letter-spacing: 0px; background-color: #ffffff;\" href=\"https:\/\/mapsly.com\/tr\/match-records\/\"><em>Kay\u0131tlar\u0131 e\u015fle\u015ftir<\/em> eylem<\/a><span style=\"color: var( --e-global-color-text ); font-family: var( --e-global-typography-text-font-family ), Sans-serif; font-weight: var( --e-global-typography-text-font-weight ); letter-spacing: 0px;\">. \u00d6rne\u011fin,<\/span><\/p>\n<ul>\n<li>yeni bir <strong>m\u00fc\u015fteri<\/strong> CRM'ye eklendi\u011finde, Mapsly m\u00fc\u015fteri tercihleriyle e\u015fle\u015fen, maksimum s\u00fcr\u00fc\u015f mesafesi dahil olmak \u00fczere t\u00fcm m\u00fclkleri otomatik olarak bulabilir, bunlar\u0131 m\u00fc\u015fteriye atayabilir ve yeni atanan m\u00fclklerin listesini m\u00fc\u015fteriye ve hesap y\u00f6neticilerine e-posta ile g\u00f6nderebilir.<\/li>\n<li>ayr\u0131ca, yeni bir <strong>\u00f6zellik <\/strong>CRM'ye eklendi\u011finde, Mapsly otomatik olarak m\u00fclkle e\u015fle\u015fen tercihlere sahip t\u00fcm m\u00fc\u015fterileri bulabilir, onlara atayabilir ve onlar\u0131 bu konuda bilgilendirebilir.<\/li>\n<\/ul>\n<p>Bu \u00f6rnekte, <em>\u00d6zellikler <\/em>ve <em>M\u00fc\u015fteriler <\/em>Mapsly, CRM, elektronik tablo veya Mapsly'nin API'si ile ba\u011fl\u0131 \u00f6zel bir BT sistemi olup olmad\u0131\u011f\u0131na bak\u0131lmaks\u0131z\u0131n, veri kayna\u011f\u0131n\u0131zdaki t\u00fcm alanlar ve t\u00fcm nesnelerle ayn\u0131 \u015fekilde \u00e7al\u0131\u015ft\u0131\u011f\u0131 i\u00e7in, standart veya \u00f6zel ba\u015fka herhangi bir nesne olabilir.<\/p>\n<figure class=\"wp-block-pullquote\">\n<blockquote>\n<p>Mapsly uygulama ekibi, t\u00fcm s\u00fcreci Mapsly'de olu\u015fturacak, <br \/>b\u00f6ylece i\u015finize odaklanabilirsiniz. <br \/><a href=\"https:\/\/calendly.com\/mapsly-meeting\/quick-demo\" target=\"_blank\" rel=\"noopener\">Bug\u00fcn bir web \u00e7a\u011fr\u0131s\u0131 planlay\u0131n<\/a>.<\/p>\n<p><cite>Ya da sohbetten bize istedi\u011finiz her \u015feyi sorun, her zaman \u00e7evrimi\u00e7iyiz<\/cite><\/p>\n<\/blockquote>\n<\/figure>\n<h2 id=\"block-2c1baa7e-e262-4b46-baad-5aa9afcc4c6a\">Demo: ki\u015fiselle\u015ftirilmi\u015f harita ile m\u00fc\u015fteri portal\u0131<\/h2>\n<p id=\"block-14dbae5b-e5d6-48ba-af7c-5958d28d47c8\">Ki\u015fiselle\u015ftirilmi\u015f bir harita herhangi bir portal \u00e7\u00f6z\u00fcm\u00fcne g\u00f6m\u00fclebilir. Bu \u00f6rnekte, bir harita m\u00fc\u015fteri portal\u0131na eklenmi\u015ftir <a href=\"http:\/\/help.mapsly.com\/articles\/5489056?_ga=2.242671814.536852451.1632143928-264234993.1632143928\">in\u015fa edildi<\/a><a href=\"https:\/\/help.mapsly.com\/articles\/5489056?_ga=2.242671814.536852451.1632143928-264234993.1632143928\"> Zoho Creator Portal ile 10 dakika i\u00e7inde<\/a>, hem web uygulamas\u0131 hem de mobil uygulama olarak kullan\u0131labilir.<\/p>\n<p id=\"block-13b00ada-c55d-4c47-b9f2-c6e474068a11\">Bir zamanlar <em>M\u00fc\u015fteri<\/em> Bir kay\u0131t CRM'ye eklendi\u011finde, Mapsly otomatik olarak bu m\u00fc\u015fteriye atanm\u0131\u015f M\u00fclk kay\u0131tlar\u0131n\u0131 g\u00f6steren imzal\u0131 ki\u015fiselle\u015ftirilmi\u015f bir harita ba\u011flant\u0131s\u0131 olu\u015fturur ve m\u00fc\u015fteriyi Portal'a kaydeder. M\u00fc\u015fteri, e-posta adresiyle Portal'a giri\u015f yapt\u0131\u011f\u0131nda, Harita sayfas\u0131nda haritay\u0131 g\u00f6r\u00fcr. M\u00fc\u015fteri, kay\u0131tlar\u0131n verilerini g\u00f6rmek i\u00e7in harita i\u015faret\u00e7iklerine t\u0131klayabilmenin yan\u0131 s\u0131ra, harita a\u00e7\u0131l\u0131r penceresinde Ziyaret Planla butonuna basarak m\u00fclk ziyareti talebi olu\u015fturabilir ve Mapsly bu talebi CRM'de bir kay\u0131t olarak olu\u015fturur.<\/p>\n<div class=\"wp-block-buttons is-content-justification-center\">\n<p><\/p>\n<div class=\"wp-block-button is-style-fill\"><a class=\"wp-block-button__link\" href=\"https:\/\/sampleco.zohocreatorportal.com\/\" target=\"_blank\" rel=\"noreferrer noopener\">Demo m\u00fc\u015fteri portal\u0131na git <\/a><\/div>\n<p>\u00a0<\/p>\n<\/div>\n<h2 id=\"block-b7db5c57-94d7-47a4-83e2-ef6785da617f\">\u00a0<\/h2>\n<h2 id=\"block-b7db5c57-94d7-47a4-83e2-ef6785da617f\">Daha fazla bilgi edinin<\/h2>\n<p id=\"block-1616fc2d-8f84-479f-a38a-17167c194b5e\"><a href=\"https:\/\/help.mapsly.com\/articles\/5386021?_ga=2.242671814.536852451.1632143928-264234993.1632143928\">Ad\u0131m ad\u0131m rehber: ba\u011flant\u0131 ile eri\u015filebilen ki\u015fiselle\u015ftirilmi\u015f harita olu\u015fturma<\/a>.<\/p>\n<p id=\"block-212896f6-6f5d-4f91-bf76-4ba3c525873d\"><a href=\"https:\/\/help.mapsly.com\/articles\/5489056\">Ad\u0131m ad\u0131m k\u0131lavuz: ki\u015fiselle\u015ftirilmi\u015f harital\u0131 bir Zoho Creator portal\u0131n\u0131 10 dakikada yap\u0131land\u0131r\u0131n<\/a>.<\/p>\n<p id=\"block-fe4a3f79-ae6e-4060-a68d-a1b659a4f13b\"><a href=\"https:\/\/help.mapsly.com\/articles\/5510049\">Ad\u0131m ad\u0131m rehber: Zoho Creator m\u00fc\u015fteri portal\u0131n\u0131zda m\u00fc\u015fterilerinizin otomatik kayd\u0131n\u0131 ayarlay\u0131n<\/a>.<\/p>\n<h2 id=\"block-7d350572-49a2-446c-bb78-a5aac951bd82\">Bir \u00e7\u00f6z\u00fcm m\u00fchendisi ile canl\u0131 demo ay\u0131rt\u0131n<\/h2>\n<p id=\"block-8d3a951b-e56e-4b21-bd43-06506e23e630\"><a href=\"https:\/\/calendly.com\/mapsly-meeting\/quick-demo\">Bir Mapsly m\u00fchendisiyle web \u00e7a\u011fr\u0131s\u0131 planlay\u0131n<\/a> kullan\u0131m durumunuzu ayr\u0131nt\u0131l\u0131 olarak g\u00f6r\u00fc\u015fmek ve Mapsly hesab\u0131n\u0131z\u0131 ve payla\u015f\u0131lan haritalar\u0131n\u0131z\u0131 yap\u0131land\u0131rmak i\u00e7in.<\/p>\n<p id=\"block-8d3a951b-e56e-4b21-bd43-06506e23e630\">\u00a0<\/p>\t\t\t\t\t\t\t\t<\/div>\n\t\t\t\t<\/div>\n\t\t\t\t\t<\/div>\n\t\t<\/div>\n\t\t\t\t\t<\/div>\n\t\t<\/section>\n\t\t\t\t<\/div>","protected":false},"excerpt":{"rendered":"<p>M\u00fc\u015fterilerinize kendilerine \u00f6zel olarak atanm\u0131\u015f kay\u0131tlar i\u00e7eren canl\u0131 etkile\u015fimli bir harita sunun. Ba\u011flant\u0131 ile g\u00f6nderin veya bir m\u00fc\u015fteri portal\u0131na ekleyin. Mapsly payla\u015f\u0131lan haritalar\u0131n\u0131 URL parametreleriyle kullanarak, her m\u00fc\u015fterinize \u00f6zel olarak uyarlanm\u0131\u015f i\u00e7eriklerle ki\u015fiselle\u015ftirilmi\u015f etkile\u015fimli haritalar olu\u015fturabilirsiniz. Daha sonra b\u00f6yle bir haritay\u0131 [&hellip;] i\u00e7ine yerle\u015ftirebilirsiniz.<\/p>","protected":false},"author":1,"featured_media":0,"parent":0,"menu_order":0,"comment_status":"closed","ping_status":"closed","template":"","meta":{"_acf_changed":false,"footnotes":""},"class_list":["post-322","page","type-page","status-publish","hentry"],"acf":[],"yoast_head":"<!-- This site is optimized with the Yoast SEO plugin v26.6 - https:\/\/yoast.com\/wordpress\/plugins\/seo\/ -->\n<title>Live Personalized Map for Customer Portals - Mapsly<\/title>\n<meta name=\"description\" content=\"Offer your clients a live interactive map with records assigned specifically to them. Send it by link or add to a customer portal.\" \/>\n<meta name=\"robots\" content=\"index, follow, max-snippet:-1, max-image-preview:large, max-video-preview:-1\" \/>\n<link rel=\"canonical\" href=\"https:\/\/mapsly.com\/tr\/live-map-for-customer-portals\/\" \/>\n<meta property=\"og:locale\" content=\"tr_TR\" \/>\n<meta property=\"og:type\" content=\"article\" \/>\n<meta property=\"og:title\" content=\"Live Personalized Map for Customer Portals - Mapsly\" \/>\n<meta property=\"og:description\" content=\"Offer your clients a live interactive map with records assigned specifically to them. Send it by link or add to a customer portal.\" \/>\n<meta property=\"og:url\" content=\"https:\/\/mapsly.com\/tr\/live-map-for-customer-portals\/\" \/>\n<meta property=\"og:site_name\" content=\"Mapsly\" \/>\n<meta property=\"article:modified_time\" content=\"2025-12-16T11:31:35+00:00\" \/>\n<meta name=\"twitter:card\" content=\"summary_large_image\" \/>\n<meta name=\"twitter:label1\" content=\"Tahmini okuma s\u00fcresi\" \/>\n\t<meta name=\"twitter:data1\" content=\"3 dakika\" \/>\n<script type=\"application\/ld+json\" class=\"yoast-schema-graph\">{\"@context\":\"https:\/\/schema.org\",\"@graph\":[{\"@type\":\"WebPage\",\"@id\":\"https:\/\/mapsly.com\/live-map-for-customer-portals\/\",\"url\":\"https:\/\/mapsly.com\/live-map-for-customer-portals\/\",\"name\":\"Live Personalized Map for Customer Portals - Mapsly\",\"isPartOf\":{\"@id\":\"https:\/\/mapsly.com\/#website\"},\"datePublished\":\"2025-06-26T13:32:52+00:00\",\"dateModified\":\"2025-12-16T11:31:35+00:00\",\"description\":\"Offer your clients a live interactive map with records assigned specifically to them. Send it by link or add to a customer portal.\",\"breadcrumb\":{\"@id\":\"https:\/\/mapsly.com\/live-map-for-customer-portals\/#breadcrumb\"},\"inLanguage\":\"tr\",\"potentialAction\":[{\"@type\":\"ReadAction\",\"target\":[\"https:\/\/mapsly.com\/live-map-for-customer-portals\/\"]}]},{\"@type\":\"BreadcrumbList\",\"@id\":\"https:\/\/mapsly.com\/live-map-for-customer-portals\/#breadcrumb\",\"itemListElement\":[{\"@type\":\"ListItem\",\"position\":1,\"name\":\"Home\",\"item\":\"https:\/\/mapsly.com\/\"},{\"@type\":\"ListItem\",\"position\":2,\"name\":\"Live Personalized Map for Customer Portals\"}]},{\"@type\":\"WebSite\",\"@id\":\"https:\/\/mapsly.com\/#website\",\"url\":\"https:\/\/mapsly.com\/\",\"name\":\"Mapsly\",\"description\":\"The Ultimate CRM Map\",\"publisher\":{\"@id\":\"https:\/\/mapsly.com\/#organization\"},\"potentialAction\":[{\"@type\":\"SearchAction\",\"target\":{\"@type\":\"EntryPoint\",\"urlTemplate\":\"https:\/\/mapsly.com\/?s={search_term_string}\"},\"query-input\":{\"@type\":\"PropertyValueSpecification\",\"valueRequired\":true,\"valueName\":\"search_term_string\"}}],\"inLanguage\":\"tr\"},{\"@type\":\"Organization\",\"@id\":\"https:\/\/mapsly.com\/#organization\",\"name\":\"Mapsly\",\"url\":\"https:\/\/mapsly.com\/\",\"logo\":{\"@type\":\"ImageObject\",\"inLanguage\":\"tr\",\"@id\":\"https:\/\/mapsly.com\/#\/schema\/logo\/image\/\",\"url\":\"https:\/\/mapsly.com\/wp-content\/uploads\/2025\/06\/Mapsly-Logo-2x-BIG.png\",\"contentUrl\":\"https:\/\/mapsly.com\/wp-content\/uploads\/2025\/06\/Mapsly-Logo-2x-BIG.png\",\"width\":280,\"height\":85,\"caption\":\"Mapsly\"},\"image\":{\"@id\":\"https:\/\/mapsly.com\/#\/schema\/logo\/image\/\"}}]}<\/script>\n<!-- \/ Yoast SEO plugin. -->","yoast_head_json":{"title":"M\u00fc\u015fteri Portallar\u0131 i\u00e7in Canl\u0131 Ki\u015fiselle\u015ftirilmi\u015f Harita - Mapsly","description":"M\u00fc\u015fterilerinize \u00f6zel olarak atanan kay\u0131tlarla canl\u0131 etkile\u015fimli bir harita sunun. Ba\u011flant\u0131 olarak g\u00f6nderin veya m\u00fc\u015fteri portal\u0131na ekleyin.","robots":{"index":"index","follow":"follow","max-snippet":"max-snippet:-1","max-image-preview":"max-image-preview:large","max-video-preview":"max-video-preview:-1"},"canonical":"https:\/\/mapsly.com\/tr\/live-map-for-customer-portals\/","og_locale":"tr_TR","og_type":"article","og_title":"Live Personalized Map for Customer Portals - Mapsly","og_description":"Offer your clients a live interactive map with records assigned specifically to them. Send it by link or add to a customer portal.","og_url":"https:\/\/mapsly.com\/tr\/live-map-for-customer-portals\/","og_site_name":"Mapsly","article_modified_time":"2025-12-16T11:31:35+00:00","twitter_card":"summary_large_image","twitter_misc":{"Tahmini okuma s\u00fcresi":"3 dakika"},"schema":{"@context":"https:\/\/schema.org","@graph":[{"@type":"WebPage","@id":"https:\/\/mapsly.com\/live-map-for-customer-portals\/","url":"https:\/\/mapsly.com\/live-map-for-customer-portals\/","name":"M\u00fc\u015fteri Portallar\u0131 i\u00e7in Canl\u0131 Ki\u015fiselle\u015ftirilmi\u015f Harita - Mapsly","isPartOf":{"@id":"https:\/\/mapsly.com\/#website"},"datePublished":"2025-06-26T13:32:52+00:00","dateModified":"2025-12-16T11:31:35+00:00","description":"M\u00fc\u015fterilerinize \u00f6zel olarak atanan kay\u0131tlarla canl\u0131 etkile\u015fimli bir harita sunun. Ba\u011flant\u0131 olarak g\u00f6nderin veya m\u00fc\u015fteri portal\u0131na ekleyin.","breadcrumb":{"@id":"https:\/\/mapsly.com\/live-map-for-customer-portals\/#breadcrumb"},"inLanguage":"tr","potentialAction":[{"@type":"ReadAction","target":["https:\/\/mapsly.com\/live-map-for-customer-portals\/"]}]},{"@type":"BreadcrumbList","@id":"https:\/\/mapsly.com\/live-map-for-customer-portals\/#breadcrumb","itemListElement":[{"@type":"ListItem","position":1,"name":"Home","item":"https:\/\/mapsly.com\/"},{"@type":"ListItem","position":2,"name":"Live Personalized Map for Customer Portals"}]},{"@type":"WebSite","@id":"https:\/\/mapsly.com\/#website","url":"https:\/\/mapsly.com\/","name":"Mapsly","description":"Nihai CRM Haritas\u0131","publisher":{"@id":"https:\/\/mapsly.com\/#organization"},"potentialAction":[{"@type":"SearchAction","target":{"@type":"EntryPoint","urlTemplate":"https:\/\/mapsly.com\/?s={search_term_string}"},"query-input":{"@type":"PropertyValueSpecification","valueRequired":true,"valueName":"search_term_string"}}],"inLanguage":"tr"},{"@type":"Organization","@id":"https:\/\/mapsly.com\/#organization","name":"Mapsly","url":"https:\/\/mapsly.com\/","logo":{"@type":"ImageObject","inLanguage":"tr","@id":"https:\/\/mapsly.com\/#\/schema\/logo\/image\/","url":"https:\/\/mapsly.com\/wp-content\/uploads\/2025\/06\/Mapsly-Logo-2x-BIG.png","contentUrl":"https:\/\/mapsly.com\/wp-content\/uploads\/2025\/06\/Mapsly-Logo-2x-BIG.png","width":280,"height":85,"caption":"Mapsly"},"image":{"@id":"https:\/\/mapsly.com\/#\/schema\/logo\/image\/"}}]}},"_links":{"self":[{"href":"https:\/\/mapsly.com\/tr\/wp-json\/wp\/v2\/pages\/322","targetHints":{"allow":["GET"]}}],"collection":[{"href":"https:\/\/mapsly.com\/tr\/wp-json\/wp\/v2\/pages"}],"about":[{"href":"https:\/\/mapsly.com\/tr\/wp-json\/wp\/v2\/types\/page"}],"author":[{"embeddable":true,"href":"https:\/\/mapsly.com\/tr\/wp-json\/wp\/v2\/users\/1"}],"replies":[{"embeddable":true,"href":"https:\/\/mapsly.com\/tr\/wp-json\/wp\/v2\/comments?post=322"}],"version-history":[{"count":18,"href":"https:\/\/mapsly.com\/tr\/wp-json\/wp\/v2\/pages\/322\/revisions"}],"predecessor-version":[{"id":25120,"href":"https:\/\/mapsly.com\/tr\/wp-json\/wp\/v2\/pages\/322\/revisions\/25120"}],"wp:attachment":[{"href":"https:\/\/mapsly.com\/tr\/wp-json\/wp\/v2\/media?parent=322"}],"curies":[{"name":"wp","href":"https:\/\/api.w.org\/{rel}","templated":true}]}}