{"id":279,"date":"2025-06-26T15:55:56","date_gmt":"2025-06-26T12:55:56","guid":{"rendered":"https:\/\/mapsly.com?page_id=279"},"modified":"2025-12-16T14:29:07","modified_gmt":"2025-12-16T11:29:07","slug":"access-control-and-sharing","status":"publish","type":"page","link":"https:\/\/mapsly.com\/tr\/access-control-and-sharing\/","title":{"rendered":"Mapsly'de kim ne g\u00f6r\u00fcyor, kontrol edin"},"content":{"rendered":"<div data-elementor-type=\"wp-page\" data-elementor-id=\"279\" class=\"elementor elementor-279\" data-elementor-post-type=\"page\">\n\t\t\t\t<div class=\"elementor-element elementor-element-7d73e3c e-flex e-con-boxed e-con e-parent\" data-id=\"7d73e3c\" data-element_type=\"container\" data-e-type=\"container\">\n\t\t\t\t\t<div class=\"e-con-inner\">\n\t\t\t\t<div class=\"elementor-element elementor-element-73a13d2 elementor-widget elementor-widget-heading\" data-id=\"73a13d2\" data-element_type=\"widget\" data-e-type=\"widget\" data-widget_type=\"heading.default\">\n\t\t\t\t<div class=\"elementor-widget-container\">\n\t\t\t\t\t<h2 class=\"elementor-heading-title elementor-size-default\">Mapsly'de kim ne g\u00f6r\u00fcyor, kontrol edin\n<\/h2>\t\t\t\t<\/div>\n\t\t\t\t<\/div>\n\t\t\t\t<div class=\"elementor-element elementor-element-3f9320f elementor-widget elementor-widget-text-editor\" data-id=\"3f9320f\" data-element_type=\"widget\" data-e-type=\"widget\" data-widget_type=\"text-editor.default\">\n\t\t\t\t<div class=\"elementor-widget-container\">\n\t\t\t\t\t\t\t\t\t<p>Nesnelere, alanlar\u0131na, bireysel kay\u0131tlara ve Mapsly \u00f6zelliklerine kullan\u0131c\u0131 profilleri kullanarak eri\u015fimi yap\u0131land\u0131r\u0131n<\/p>\t\t\t\t\t\t\t\t<\/div>\n\t\t\t\t<\/div>\n\t\t\t\t\t<\/div>\n\t\t\t\t<\/div>\n\t\t<div class=\"elementor-element elementor-element-34eda8f4 e-flex e-con-boxed e-con e-parent\" data-id=\"34eda8f4\" data-element_type=\"container\" data-e-type=\"container\">\n\t\t\t\t\t<div class=\"e-con-inner\">\n\t\t\t\t<div class=\"elementor-element elementor-element-2332bdf6 elementor-widget elementor-widget-text-editor\" data-id=\"2332bdf6\" data-element_type=\"widget\" data-e-type=\"widget\" data-widget_type=\"text-editor.default\">\n\t\t\t\t<div class=\"elementor-widget-container\">\n\t\t\t\t\t\t\t\t\t\n<p>Her Mapsly kullan\u0131c\u0131s\u0131na, kullan\u0131c\u0131n\u0131n hangi nesnelere, kay\u0131tlara ve Mapsly \u00f6zelliklerine eri\u015febilece\u011fini tan\u0131mlayan ve yaln\u0131zca g\u00f6r\u00fcnt\u00fcleme mi yoksa ayr\u0131ca kay\u0131tlarda (yeni olu\u015fturma ve mevcutlar\u0131 g\u00fcncelleme) de\u011fi\u015fiklik yapma izni olup olmad\u0131\u011f\u0131n\u0131 belirleyen bir kullan\u0131c\u0131 profili atan\u0131r.<\/p>\n\n<p>L\u00fctfen kullan\u0131c\u0131 profillerinin (roller) CRM'nizle otomatik olarak senkronize edilmedi\u011fini unutmay\u0131n, bu nedenle Mapsly\u2019nin varsay\u0131lan yap\u0131land\u0131rmas\u0131n\u0131n \u00f6tesinde eri\u015fim ayarlamalar\u0131 yapmak i\u00e7in kullan\u0131c\u0131 profillerini CRM\u2019nizden ba\u011f\u0131ms\u0131z olarak Mapsly'de olu\u015fturup ataman\u0131z gerekmektedir.<\/p>\n\n<h3 class=\"has-text-align-center wp-block-heading\"><strong>Varsay\u0131lan profiller &amp; eri\u015fim seviyeleri<\/strong><\/h3>\n\n<p>Varsay\u0131lan olarak, Mapsly hesab\u0131n\u0131zda iki kullan\u0131c\u0131 profili bulunur: Administrator ve Standard user. \u0130htiya\u00e7 duyuldu\u011funda daha fazla profil ekleyebilirsiniz.<\/p>\n\n<p>Mapsly hesab\u0131n\u0131 olu\u015fturan ve veri kayna\u011f\u0131n\u0131z\u0131 buna ba\u011flayan ki\u015fi otomatik olarak ilk Mapsly y\u00f6neticisi olur.<\/p>\n\n<p>E\u011fer CRM'iniz Single Sign-On destekliyorsa, CRM organizasyonunuzdan Mapsly'ye giri\u015f yapan kullan\u0131c\u0131lar, otomatik olarak kullan\u0131c\u0131 hesab\u0131n\u0131za Standard kullan\u0131c\u0131 olarak eklenecektir. Varsay\u0131lan olarak, Standard kullan\u0131c\u0131lara Mapsly hesap kayd\u0131 s\u0131ras\u0131nda eklenen nesnelere otomatik eri\u015fim sa\u011flanacak, ancak yaln\u0131zca kendi sahip olduklar\u0131 kay\u0131tlar (CRM'inizde) g\u00f6r\u00fcnt\u00fclenebilecektir.<\/p>\n\n<h2 class=\"has-text-align-center wp-block-heading\"><strong>Veriye eri\u015fim<\/strong><\/h2>\n\n<h3 class=\"has-text-align-center wp-block-heading\"><strong>Nesne d\u00fczeyinde ve alan d\u00fczeyinde eri\u015fim. Ayarlanabilir kay\u0131t sahipli\u011fi.<\/strong><\/h3>\n\n<p>Bir kullan\u0131c\u0131 profilindeki her nesnenin iki izni vard\u0131r: kay\u0131t sahipleri i\u00e7in ve sahip olmayanlar i\u00e7in. Sahiplik, Mapsly kullan\u0131c\u0131s\u0131n\u0131n CRM kullan\u0131c\u0131 kimli\u011finin belirli bir kayd\u0131n Owner alan\u0131ndaki de\u011ferle e\u015fle\u015fip e\u015fle\u015fmedi\u011fine g\u00f6re belirlenir. \u0130lgili kullan\u0131c\u0131ya ait bir nesnenin kay\u0131tlar\u0131nda Mapsly, sahibin izinlerini uygular; di\u011fer kay\u0131tlarda &#8211; sahip olmayanlar\u0131n izinlerini uygular.<\/p>\n\n<p>Hem CRM kullan\u0131c\u0131 kimli\u011fi hem de t\u00fcm nesneler i\u00e7in Owner alan e\u015flemesi yap\u0131land\u0131r\u0131labilir, b\u00f6ylece CRM kullan\u0131c\u0131lar\u0131n\u0131z OLMAYAN manuel olarak eklenen Mapsly kullan\u0131c\u0131lar\u0131 i\u00e7in Ownership kavram\u0131n\u0131 da kullanabilirsiniz.<\/p>\n\n<p>Sahip ve sahip olmayan izinleri Gizle, G\u00f6r\u00fcnt\u00fcle ve De\u011fi\u015ftir olarak ayarlayabilirsiniz. Alternatif olarak, alanlar i\u00e7in eri\u015fim seviyesini ayr\u0131 ayr\u0131 belirleyebilirsiniz.<\/p>\n\n<h3 class=\"has-text-align-center wp-block-heading\"><span id=\"sharing\"><strong>Kay\u0131t payla\u015f\u0131m kurallar\u0131<\/strong><\/span><\/h3>\n\n<p>Kay\u0131t sahipleri ve sahip olmayanlar i\u00e7in izinlere ek olarak, her biri bir ko\u015ful ve hedef izin i\u00e7eren en fazla iki kay\u0131t payla\u015f\u0131m kural\u0131 tan\u0131mlayabilirsiniz: Bir kay\u0131t, bir kural\u0131n ko\u015fulunu kar\u015f\u0131lad\u0131\u011f\u0131nda, kullan\u0131c\u0131n\u0131n eri\u015fim seviyesi belirtilen izne g\u00f6re art\u0131r\u0131lacakt\u0131r; bu izin ayn\u0131 zamanda Gizle, G\u00f6r\u00fcnt\u00fcle, De\u011fi\u015ftir veya alan baz\u0131nda tan\u0131mlanabilir.<\/p>\n\n<p>L\u00fctfen unutmay\u0131n ki, tasar\u0131m gere\u011fi, payla\u015f\u0131m kurallar\u0131 yaln\u0131zca kay\u0131tlara eri\u015fim seviyesini art\u0131rmak (ek izinler vermek) i\u00e7in kullan\u0131labilir ve eri\u015fimi k\u0131s\u0131tlamak i\u00e7in kullan\u0131lamaz.<\/p>\n\n<h3 class=\"has-text-align-center wp-block-heading\"><strong>Mapsly \u00f6zelliklerine eri\u015fim<\/strong><\/h3>\n\n<p>Kullan\u0131c\u0131 profilinde, kullan\u0131c\u0131lar\u0131n eri\u015fmemesi gereken Mapsly \u00f6zelliklerini devre d\u0131\u015f\u0131 b\u0131rakabilir (\u00f6rne\u011fin, verileri bir dosyaya aktarma veya potansiyel m\u00fc\u015fterileri d\u0131\u015fa aktarmak i\u00e7in alan e\u015flemesini de\u011fi\u015ftirme gibi) ve yan paneller, arama \u00e7ubu\u011fu filtreleri ve \u00e7ok daha fazlas\u0131 gibi \u00e7e\u015fitli kullan\u0131c\u0131 aray\u00fcz\u00fc \u00f6zelliklerini yap\u0131land\u0131rabilirsiniz.<\/p>\n\n<figure class=\"wp-block-pullquote\">\n<blockquote>\n<p>Mapsly'de verilere veya \u00f6zelliklere eri\u015fimin nas\u0131l ayarlanaca\u011f\u0131 konusunda emin de\u011filim. <br \/>\u2014 \u00e7\u00f6z\u00fcm m\u00fchendisimize sorun!<br \/><a href=\"https:\/\/calendly.com\/mapsly-meeting\/quick-demo\" target=\"_blank\" rel=\"noopener\">Bir arama planlay\u0131n<\/a>.<\/p>\n<cite>ya da bizimle sohbet edin, her zaman \u00e7evrimi\u00e7iyiz<\/cite><\/blockquote>\n<\/figure>\n\n<div class=\"wp-block-spacer\" style=\"height: 100px;\" aria-hidden=\"true\">\u00a0<\/div>\n\n<h2 class=\"has-text-align-center wp-block-heading\" style=\"font-weight: bold; color: #222d39; margin-bottom: 30px;\">Mapsly Help Center'da daha fazla bilgi edinin<\/h2>\n\n<ul class=\"wp-block-list\" id=\"block-7ddd40ac-6029-4249-bb66-ea2ceb32afd3\">\n<li><a href=\"https:\/\/help.mapsly.com\/articles\/4337620\">Kullan\u0131c\u0131 profillerini, veri eri\u015fimini ayarlamak ve kullan\u0131c\u0131 gruplar\u0131 i\u00e7in Mapsly \u00f6zelliklerini a\u00e7\u0131p kapatmak i\u00e7in kullan\u0131n<\/a>.<\/li>\n<li><a href=\"https:\/\/help.mapsly.com\/articles\/4353717\">Bir ko\u015fula ba\u011fl\u0131 olarak kay\u0131tlara veya belirli alanlar\u0131na eri\u015fim izni verin<\/a>.<\/li>\n<\/ul>\n\n<div class=\"wp-block-spacer\" style=\"height: 100px;\" aria-hidden=\"true\">\u00a0<\/div>\n\t\t\t\t\t\t\t\t<\/div>\n\t\t\t\t<\/div>\n\t\t\t\t\t<\/div>\n\t\t\t\t<\/div>\n\t\t\t\t<\/div>","protected":false},"excerpt":{"rendered":"<p>Mapsly'de Kim Ne G\u00f6r\u00fcyor, Kontrol Edin. Kullan\u0131c\u0131 profilleri kullanarak nesnelere, alanlar\u0131na, bireysel kay\u0131tlara ve Mapsly \u00f6zelliklerine eri\u015fimi yap\u0131land\u0131r\u0131n. Her Mapsly kullan\u0131c\u0131s\u0131na, hangi nesneler, kay\u0131tlar ve Mapsly \u00f6zelliklerine eri\u015febilece\u011fini ve bunlar\u0131 sadece g\u00f6r\u00fcnt\u00fcleyip g\u00f6r\u00fcnt\u00fcleyemeyece\u011fini veya ayn\u0131 zamanda d\u00fczenleyip d\u00fczenleyemeyece\u011fini (yeni olu\u015fturma ve [\u2026] tan\u0131mlayan bir kullan\u0131c\u0131 profili atan\u0131r.<\/p>","protected":false},"author":1,"featured_media":0,"parent":0,"menu_order":0,"comment_status":"closed","ping_status":"closed","template":"elementor_header_footer","meta":{"_acf_changed":false,"footnotes":""},"class_list":["post-279","page","type-page","status-publish","hentry"],"acf":[],"yoast_head":"<!-- This site is optimized with the Yoast SEO plugin v26.6 - https:\/\/yoast.com\/wordpress\/plugins\/seo\/ -->\n<title>Control Who Sees What in Mapsly - Mapsly<\/title>\n<meta name=\"description\" content=\"Configure access to objects, their fields and Mapsly features using user profiles. Share individual records with record sharing rules.\" \/>\n<meta name=\"robots\" content=\"index, follow, max-snippet:-1, max-image-preview:large, max-video-preview:-1\" \/>\n<link rel=\"canonical\" href=\"https:\/\/mapsly.com\/tr\/access-control-and-sharing\/\" \/>\n<meta property=\"og:locale\" content=\"tr_TR\" \/>\n<meta property=\"og:type\" content=\"article\" \/>\n<meta property=\"og:title\" content=\"Control Who Sees What in Mapsly - Mapsly\" \/>\n<meta property=\"og:description\" content=\"Configure access to objects, their fields and Mapsly features using user profiles. Share individual records with record sharing rules.\" \/>\n<meta property=\"og:url\" content=\"https:\/\/mapsly.com\/tr\/access-control-and-sharing\/\" \/>\n<meta property=\"og:site_name\" content=\"Mapsly\" \/>\n<meta property=\"article:modified_time\" content=\"2025-12-16T11:29:07+00:00\" \/>\n<meta name=\"twitter:card\" content=\"summary_large_image\" \/>\n<meta name=\"twitter:label1\" content=\"Tahmini okuma s\u00fcresi\" \/>\n\t<meta name=\"twitter:data1\" content=\"3 dakika\" \/>\n<script type=\"application\/ld+json\" class=\"yoast-schema-graph\">{\"@context\":\"https:\/\/schema.org\",\"@graph\":[{\"@type\":\"WebPage\",\"@id\":\"https:\/\/mapsly.com\/pt\/access-control-and-sharing\/\",\"url\":\"https:\/\/mapsly.com\/pt\/access-control-and-sharing\/\",\"name\":\"Control Who Sees What in Mapsly - Mapsly\",\"isPartOf\":{\"@id\":\"https:\/\/mapsly.com\/#website\"},\"datePublished\":\"2025-06-26T12:55:56+00:00\",\"dateModified\":\"2025-12-16T11:29:07+00:00\",\"description\":\"Configure access to objects, their fields and Mapsly features using user profiles. Share individual records with record sharing rules.\",\"breadcrumb\":{\"@id\":\"https:\/\/mapsly.com\/pt\/access-control-and-sharing\/#breadcrumb\"},\"inLanguage\":\"tr\",\"potentialAction\":[{\"@type\":\"ReadAction\",\"target\":[\"https:\/\/mapsly.com\/pt\/access-control-and-sharing\/\"]}]},{\"@type\":\"BreadcrumbList\",\"@id\":\"https:\/\/mapsly.com\/pt\/access-control-and-sharing\/#breadcrumb\",\"itemListElement\":[{\"@type\":\"ListItem\",\"position\":1,\"name\":\"Home\",\"item\":\"https:\/\/mapsly.com\/\"},{\"@type\":\"ListItem\",\"position\":2,\"name\":\"Control Who Sees What in Mapsly\"}]},{\"@type\":\"WebSite\",\"@id\":\"https:\/\/mapsly.com\/#website\",\"url\":\"https:\/\/mapsly.com\/\",\"name\":\"Mapsly\",\"description\":\"The Ultimate CRM Map\",\"publisher\":{\"@id\":\"https:\/\/mapsly.com\/#organization\"},\"potentialAction\":[{\"@type\":\"SearchAction\",\"target\":{\"@type\":\"EntryPoint\",\"urlTemplate\":\"https:\/\/mapsly.com\/?s={search_term_string}\"},\"query-input\":{\"@type\":\"PropertyValueSpecification\",\"valueRequired\":true,\"valueName\":\"search_term_string\"}}],\"inLanguage\":\"tr\"},{\"@type\":\"Organization\",\"@id\":\"https:\/\/mapsly.com\/#organization\",\"name\":\"Mapsly\",\"url\":\"https:\/\/mapsly.com\/\",\"logo\":{\"@type\":\"ImageObject\",\"inLanguage\":\"tr\",\"@id\":\"https:\/\/mapsly.com\/#\/schema\/logo\/image\/\",\"url\":\"https:\/\/mapsly.com\/wp-content\/uploads\/2025\/06\/Mapsly-Logo-2x-BIG.png\",\"contentUrl\":\"https:\/\/mapsly.com\/wp-content\/uploads\/2025\/06\/Mapsly-Logo-2x-BIG.png\",\"width\":280,\"height\":85,\"caption\":\"Mapsly\"},\"image\":{\"@id\":\"https:\/\/mapsly.com\/#\/schema\/logo\/image\/\"}}]}<\/script>\n<!-- \/ Yoast SEO plugin. -->","yoast_head_json":{"title":"Mapsly'de Kim Ne G\u00f6rece\u011fini Kontrol Et - Mapsly","description":"Kullan\u0131c\u0131 profilleri kullanarak nesnelere, alanlar\u0131na ve Mapsly \u00f6zelliklerine eri\u015fimi yap\u0131land\u0131r\u0131n. Kay\u0131t payla\u015f\u0131m kurallar\u0131yla bireysel kay\u0131tlar\u0131 payla\u015f\u0131n.","robots":{"index":"index","follow":"follow","max-snippet":"max-snippet:-1","max-image-preview":"max-image-preview:large","max-video-preview":"max-video-preview:-1"},"canonical":"https:\/\/mapsly.com\/tr\/access-control-and-sharing\/","og_locale":"tr_TR","og_type":"article","og_title":"Control Who Sees What in Mapsly - Mapsly","og_description":"Configure access to objects, their fields and Mapsly features using user profiles. Share individual records with record sharing rules.","og_url":"https:\/\/mapsly.com\/tr\/access-control-and-sharing\/","og_site_name":"Mapsly","article_modified_time":"2025-12-16T11:29:07+00:00","twitter_card":"summary_large_image","twitter_misc":{"Tahmini okuma s\u00fcresi":"3 dakika"},"schema":{"@context":"https:\/\/schema.org","@graph":[{"@type":"WebPage","@id":"https:\/\/mapsly.com\/pt\/access-control-and-sharing\/","url":"https:\/\/mapsly.com\/pt\/access-control-and-sharing\/","name":"Mapsly'de Kim Ne G\u00f6rece\u011fini Kontrol Et - Mapsly","isPartOf":{"@id":"https:\/\/mapsly.com\/#website"},"datePublished":"2025-06-26T12:55:56+00:00","dateModified":"2025-12-16T11:29:07+00:00","description":"Kullan\u0131c\u0131 profilleri kullanarak nesnelere, alanlar\u0131na ve Mapsly \u00f6zelliklerine eri\u015fimi yap\u0131land\u0131r\u0131n. Kay\u0131t payla\u015f\u0131m kurallar\u0131yla bireysel kay\u0131tlar\u0131 payla\u015f\u0131n.","breadcrumb":{"@id":"https:\/\/mapsly.com\/pt\/access-control-and-sharing\/#breadcrumb"},"inLanguage":"tr","potentialAction":[{"@type":"ReadAction","target":["https:\/\/mapsly.com\/pt\/access-control-and-sharing\/"]}]},{"@type":"BreadcrumbList","@id":"https:\/\/mapsly.com\/pt\/access-control-and-sharing\/#breadcrumb","itemListElement":[{"@type":"ListItem","position":1,"name":"Home","item":"https:\/\/mapsly.com\/"},{"@type":"ListItem","position":2,"name":"Control Who Sees What in Mapsly"}]},{"@type":"WebSite","@id":"https:\/\/mapsly.com\/#website","url":"https:\/\/mapsly.com\/","name":"Mapsly","description":"Nihai CRM Haritas\u0131","publisher":{"@id":"https:\/\/mapsly.com\/#organization"},"potentialAction":[{"@type":"SearchAction","target":{"@type":"EntryPoint","urlTemplate":"https:\/\/mapsly.com\/?s={search_term_string}"},"query-input":{"@type":"PropertyValueSpecification","valueRequired":true,"valueName":"search_term_string"}}],"inLanguage":"tr"},{"@type":"Organization","@id":"https:\/\/mapsly.com\/#organization","name":"Mapsly","url":"https:\/\/mapsly.com\/","logo":{"@type":"ImageObject","inLanguage":"tr","@id":"https:\/\/mapsly.com\/#\/schema\/logo\/image\/","url":"https:\/\/mapsly.com\/wp-content\/uploads\/2025\/06\/Mapsly-Logo-2x-BIG.png","contentUrl":"https:\/\/mapsly.com\/wp-content\/uploads\/2025\/06\/Mapsly-Logo-2x-BIG.png","width":280,"height":85,"caption":"Mapsly"},"image":{"@id":"https:\/\/mapsly.com\/#\/schema\/logo\/image\/"}}]}},"_links":{"self":[{"href":"https:\/\/mapsly.com\/tr\/wp-json\/wp\/v2\/pages\/279","targetHints":{"allow":["GET"]}}],"collection":[{"href":"https:\/\/mapsly.com\/tr\/wp-json\/wp\/v2\/pages"}],"about":[{"href":"https:\/\/mapsly.com\/tr\/wp-json\/wp\/v2\/types\/page"}],"author":[{"embeddable":true,"href":"https:\/\/mapsly.com\/tr\/wp-json\/wp\/v2\/users\/1"}],"replies":[{"embeddable":true,"href":"https:\/\/mapsly.com\/tr\/wp-json\/wp\/v2\/comments?post=279"}],"version-history":[{"count":38,"href":"https:\/\/mapsly.com\/tr\/wp-json\/wp\/v2\/pages\/279\/revisions"}],"predecessor-version":[{"id":25117,"href":"https:\/\/mapsly.com\/tr\/wp-json\/wp\/v2\/pages\/279\/revisions\/25117"}],"wp:attachment":[{"href":"https:\/\/mapsly.com\/tr\/wp-json\/wp\/v2\/media?parent=279"}],"curies":[{"name":"wp","href":"https:\/\/api.w.org\/{rel}","templated":true}]}}