{"id":25450,"date":"2026-01-19T13:31:47","date_gmt":"2026-01-19T10:31:47","guid":{"rendered":"https:\/\/mapsly.com\/?page_id=25450"},"modified":"2026-01-28T20:13:56","modified_gmt":"2026-01-28T17:13:56","slug":"wizard-guidelines-for-creatio","status":"publish","type":"page","link":"https:\/\/mapsly.com\/tr\/wizard-guidelines-for-creatio\/","title":{"rendered":"Olu\u015fturma i\u00e7in sihirbaz k\u0131lavuzlar\u0131"},"content":{"rendered":"<div data-elementor-type=\"wp-page\" data-elementor-id=\"25450\" class=\"elementor elementor-25450\" data-elementor-post-type=\"page\">\n\t\t\t\t\t\t<section class=\"elementor-section elementor-top-section elementor-element elementor-element-79ec7498 elementor-section-boxed elementor-section-height-default elementor-section-height-default\" data-id=\"79ec7498\" data-element_type=\"section\" data-e-type=\"section\">\n\t\t\t\t\t\t<div class=\"elementor-container elementor-column-gap-default\">\n\t\t\t\t\t<div class=\"elementor-column elementor-col-100 elementor-top-column elementor-element elementor-element-59a9b79a\" data-id=\"59a9b79a\" data-element_type=\"column\" data-e-type=\"column\">\n\t\t\t<div class=\"elementor-widget-wrap elementor-element-populated\">\n\t\t\t\t\t\t<div class=\"elementor-element elementor-element-7582685 elementor-widget__width-initial elementor-widget elementor-widget-text-editor\" data-id=\"7582685\" data-element_type=\"widget\" data-e-type=\"widget\" data-widget_type=\"text-editor.default\">\n\t\t\t\t<div class=\"elementor-widget-container\">\n\t\t\t\t\t\t\t\t\t<p>\u00a0A\u015fa\u011f\u0131daki formda Creatio y\u00f6neticinizin kullan\u0131c\u0131 ad\u0131 ve \u015fifresini ile https:\/\/ dahil olmak \u00fczere tam Creatio sunucu URL\u2019sini girin (\u00f6rnek: https:\/\/060677-sales-enterprise.creatio.com).<\/p><p><strong>Not #1:<\/strong>\u00a0Creatio, Mapsly ile entegrasyonunuz i\u00e7in \u00f6zel bir kullan\u0131c\u0131 eklemenizi \u00f6nerir. <a href=\"https:\/\/help.mapsly.com\/en\/articles\/4520834-creatio-mapsly-setup-guide#h_739730c99b\" target=\"_blank\" rel=\"noopener\">Detaylar\u0131 g\u00f6r.<\/a><\/p><p><strong>Not #2:<\/strong> Creatio giri\u015f ve \u015fifrenizi girerken bir do\u011frulama hatas\u0131 g\u00f6r\u00fcrseniz, Creatio \u015fifrenizi s\u0131f\u0131rlamay\u0131 deneyin. Ad\u0131mlara bak\u0131n.\u00a0<a class=\"c-link\" href=\"https:\/\/help.mapsly.com\/en\/articles\/4520834-creatio-mapsly-setup-guide#h_79d2f380d5\" target=\"_blank\" rel=\"noopener noreferrer\" data-stringify-link=\"https:\/\/help.mapsly.com\/en\/articles\/4520834#h_355e263764\" data-sk=\"tooltip_parent\">burada<\/a>.<\/p><p><strong>Not #3:<\/strong> Creatio'nun 7.18.1'den \u00f6nceki bir s\u00fcr\u00fcm\u00fcn\u00fc m\u00fc kullan\u0131yorsunuz? Yap\u0131n <a href=\"https:\/\/help.mapsly.com\/en\/articles\/4520834-creatio-mapsly-setup-guide#h_be0e4e6525\" target=\"_blank\" rel=\"noopener\">bu ad\u0131mlar<\/a> ayn\u0131 zamanda.<\/p><p>Her zaman bulabilirsiniz <a href=\"https:\/\/help.mapsly.com\/en\/articles\/4520834\" target=\"_blank\" rel=\"noopener\">Creatio i\u00e7in tam bir kurulum k\u0131lavuzu <\/a>\u00a0Haritalarda<span style=\"letter-spacing: 0px;\">ly yard\u0131m merkezi.<\/span><\/p>\t\t\t\t\t\t\t\t<\/div>\n\t\t\t\t<\/div>\n\t\t\t\t\t<\/div>\n\t\t<\/div>\n\t\t\t\t\t<\/div>\n\t\t<\/section>\n\t\t\t\t<section class=\"elementor-section elementor-top-section elementor-element elementor-element-7297d3ed elementor-section-boxed elementor-section-height-default elementor-section-height-default\" data-id=\"7297d3ed\" data-element_type=\"section\" data-e-type=\"section\">\n\t\t\t\t\t\t<div class=\"elementor-container elementor-column-gap-default\">\n\t\t\t\t\t<div class=\"elementor-column elementor-col-100 elementor-top-column elementor-element elementor-element-a1a8b58\" data-id=\"a1a8b58\" data-element_type=\"column\" data-e-type=\"column\">\n\t\t\t<div class=\"elementor-widget-wrap\">\n\t\t\t\t\t\t\t<\/div>\n\t\t<\/div>\n\t\t\t\t\t<\/div>\n\t\t<\/section>\n\t\t\t\t<section class=\"elementor-section elementor-top-section elementor-element elementor-element-5fe09762 elementor-section-boxed elementor-section-height-default elementor-section-height-default\" data-id=\"5fe09762\" data-element_type=\"section\" data-e-type=\"section\">\n\t\t\t\t\t\t<div class=\"elementor-container elementor-column-gap-default\">\n\t\t\t\t\t<div class=\"elementor-column elementor-col-100 elementor-top-column elementor-element elementor-element-b3d9d17\" data-id=\"b3d9d17\" data-element_type=\"column\" data-e-type=\"column\">\n\t\t\t<div class=\"elementor-widget-wrap\">\n\t\t\t\t\t\t\t<\/div>\n\t\t<\/div>\n\t\t\t\t\t<\/div>\n\t\t<\/section>\n\t\t\t\t<\/div>","protected":false},"excerpt":{"rendered":"<p>\u00a0A\u015fa\u011f\u0131daki formda, Creatio y\u00f6neticinizin giri\u015f bilgilerini ve parolas\u0131n\u0131 ile https:\/\/ dahil olmak \u00fczere tam Creatio sunucu URL'sini girin (\u00f6rn. https:\/\/060677-sales-enterprise.creatio.com). Not #1: Creatio, Mapsly entegrasyonunuz i\u00e7in \u00f6zel bir kullan\u0131c\u0131 eklemenizi \u00f6nerir. Detaylar i\u00e7in bak\u0131n\u0131z. Not #2: Creatio giri\u015f bilgilerinizi girerken yetkilendirme hatas\u0131 al\u0131rsan\u0131z, Creatio parolan\u0131z\u0131 s\u0131f\u0131rlamay\u0131 deneyin. [&hellip;]<\/p>","protected":false},"author":1,"featured_media":0,"parent":0,"menu_order":0,"comment_status":"closed","ping_status":"closed","template":"elementor_canvas","meta":{"_acf_changed":false,"footnotes":""},"class_list":["post-25450","page","type-page","status-publish","hentry"],"acf":[],"yoast_head":"<!-- This site is optimized with the Yoast SEO plugin v26.6 - https:\/\/yoast.com\/wordpress\/plugins\/seo\/ -->\n<title>Wizard guidelines for creatio - Mapsly<\/title>\n<meta name=\"robots\" content=\"index, follow, max-snippet:-1, max-image-preview:large, max-video-preview:-1\" \/>\n<link rel=\"canonical\" href=\"https:\/\/mapsly.com\/tr\/wizard-guidelines-for-creatio\/\" \/>\n<meta property=\"og:locale\" content=\"tr_TR\" \/>\n<meta property=\"og:type\" content=\"article\" \/>\n<meta property=\"og:title\" content=\"Wizard guidelines for creatio - Mapsly\" \/>\n<meta property=\"og:description\" content=\"\u00a0In the form below, enter your Creatio administrator&#8217;s login and password, and the full Creatio server URL, including https:\/\/ (e.g., https:\/\/060677-sales-enterprise.creatio.com). Note #1:\u00a0Creatio recommends adding a dedicated user for your integration with Mapsly. See details. Note #2: If you see an authentication error while entering your Creatio login and password, try resetting your Creatio password. [&hellip;]\" \/>\n<meta property=\"og:url\" content=\"https:\/\/mapsly.com\/tr\/wizard-guidelines-for-creatio\/\" \/>\n<meta property=\"og:site_name\" content=\"Mapsly\" \/>\n<meta property=\"article:modified_time\" content=\"2026-01-28T17:13:56+00:00\" \/>\n<meta name=\"twitter:card\" content=\"summary_large_image\" \/>\n<meta name=\"twitter:label1\" content=\"Tahmini okuma s\u00fcresi\" \/>\n\t<meta name=\"twitter:data1\" content=\"1 dakika\" \/>\n<script type=\"application\/ld+json\" class=\"yoast-schema-graph\">{\"@context\":\"https:\/\/schema.org\",\"@graph\":[{\"@type\":\"WebPage\",\"@id\":\"https:\/\/mapsly.com\/vi\/wizard-guidelines-for-creatio\/\",\"url\":\"https:\/\/mapsly.com\/vi\/wizard-guidelines-for-creatio\/\",\"name\":\"Wizard guidelines for creatio - Mapsly\",\"isPartOf\":{\"@id\":\"https:\/\/mapsly.com\/#website\"},\"datePublished\":\"2026-01-19T10:31:47+00:00\",\"dateModified\":\"2026-01-28T17:13:56+00:00\",\"breadcrumb\":{\"@id\":\"https:\/\/mapsly.com\/vi\/wizard-guidelines-for-creatio\/#breadcrumb\"},\"inLanguage\":\"tr\",\"potentialAction\":[{\"@type\":\"ReadAction\",\"target\":[\"https:\/\/mapsly.com\/vi\/wizard-guidelines-for-creatio\/\"]}]},{\"@type\":\"BreadcrumbList\",\"@id\":\"https:\/\/mapsly.com\/vi\/wizard-guidelines-for-creatio\/#breadcrumb\",\"itemListElement\":[{\"@type\":\"ListItem\",\"position\":1,\"name\":\"Home\",\"item\":\"https:\/\/mapsly.com\/\"},{\"@type\":\"ListItem\",\"position\":2,\"name\":\"Wizard guidelines for creatio\"}]},{\"@type\":\"WebSite\",\"@id\":\"https:\/\/mapsly.com\/#website\",\"url\":\"https:\/\/mapsly.com\/\",\"name\":\"Mapsly\",\"description\":\"The Ultimate CRM Map\",\"publisher\":{\"@id\":\"https:\/\/mapsly.com\/#organization\"},\"potentialAction\":[{\"@type\":\"SearchAction\",\"target\":{\"@type\":\"EntryPoint\",\"urlTemplate\":\"https:\/\/mapsly.com\/?s={search_term_string}\"},\"query-input\":{\"@type\":\"PropertyValueSpecification\",\"valueRequired\":true,\"valueName\":\"search_term_string\"}}],\"inLanguage\":\"tr\"},{\"@type\":\"Organization\",\"@id\":\"https:\/\/mapsly.com\/#organization\",\"name\":\"Mapsly\",\"url\":\"https:\/\/mapsly.com\/\",\"logo\":{\"@type\":\"ImageObject\",\"inLanguage\":\"tr\",\"@id\":\"https:\/\/mapsly.com\/#\/schema\/logo\/image\/\",\"url\":\"https:\/\/mapsly.com\/wp-content\/uploads\/2025\/06\/Mapsly-Logo-2x-BIG.png\",\"contentUrl\":\"https:\/\/mapsly.com\/wp-content\/uploads\/2025\/06\/Mapsly-Logo-2x-BIG.png\",\"width\":280,\"height\":85,\"caption\":\"Mapsly\"},\"image\":{\"@id\":\"https:\/\/mapsly.com\/#\/schema\/logo\/image\/\"}}]}<\/script>\n<!-- \/ Yoast SEO plugin. -->","yoast_head_json":{"title":"Olu\u015fturma i\u00e7in sihirbaz y\u00f6nergeleri - Mapsly","robots":{"index":"index","follow":"follow","max-snippet":"max-snippet:-1","max-image-preview":"max-image-preview:large","max-video-preview":"max-video-preview:-1"},"canonical":"https:\/\/mapsly.com\/tr\/wizard-guidelines-for-creatio\/","og_locale":"tr_TR","og_type":"article","og_title":"Wizard guidelines for creatio - Mapsly","og_description":"\u00a0In the form below, enter your Creatio administrator&#8217;s login and password, and the full Creatio server URL, including https:\/\/ (e.g., https:\/\/060677-sales-enterprise.creatio.com). Note #1:\u00a0Creatio recommends adding a dedicated user for your integration with Mapsly. See details. Note #2: If you see an authentication error while entering your Creatio login and password, try resetting your Creatio password. [&hellip;]","og_url":"https:\/\/mapsly.com\/tr\/wizard-guidelines-for-creatio\/","og_site_name":"Mapsly","article_modified_time":"2026-01-28T17:13:56+00:00","twitter_card":"summary_large_image","twitter_misc":{"Tahmini okuma s\u00fcresi":"1 dakika"},"schema":{"@context":"https:\/\/schema.org","@graph":[{"@type":"WebPage","@id":"https:\/\/mapsly.com\/vi\/wizard-guidelines-for-creatio\/","url":"https:\/\/mapsly.com\/vi\/wizard-guidelines-for-creatio\/","name":"Olu\u015fturma i\u00e7in sihirbaz y\u00f6nergeleri - Mapsly","isPartOf":{"@id":"https:\/\/mapsly.com\/#website"},"datePublished":"2026-01-19T10:31:47+00:00","dateModified":"2026-01-28T17:13:56+00:00","breadcrumb":{"@id":"https:\/\/mapsly.com\/vi\/wizard-guidelines-for-creatio\/#breadcrumb"},"inLanguage":"tr","potentialAction":[{"@type":"ReadAction","target":["https:\/\/mapsly.com\/vi\/wizard-guidelines-for-creatio\/"]}]},{"@type":"BreadcrumbList","@id":"https:\/\/mapsly.com\/vi\/wizard-guidelines-for-creatio\/#breadcrumb","itemListElement":[{"@type":"ListItem","position":1,"name":"Home","item":"https:\/\/mapsly.com\/"},{"@type":"ListItem","position":2,"name":"Wizard guidelines for creatio"}]},{"@type":"WebSite","@id":"https:\/\/mapsly.com\/#website","url":"https:\/\/mapsly.com\/","name":"Mapsly","description":"Nihai CRM Haritas\u0131","publisher":{"@id":"https:\/\/mapsly.com\/#organization"},"potentialAction":[{"@type":"SearchAction","target":{"@type":"EntryPoint","urlTemplate":"https:\/\/mapsly.com\/?s={search_term_string}"},"query-input":{"@type":"PropertyValueSpecification","valueRequired":true,"valueName":"search_term_string"}}],"inLanguage":"tr"},{"@type":"Organization","@id":"https:\/\/mapsly.com\/#organization","name":"Mapsly","url":"https:\/\/mapsly.com\/","logo":{"@type":"ImageObject","inLanguage":"tr","@id":"https:\/\/mapsly.com\/#\/schema\/logo\/image\/","url":"https:\/\/mapsly.com\/wp-content\/uploads\/2025\/06\/Mapsly-Logo-2x-BIG.png","contentUrl":"https:\/\/mapsly.com\/wp-content\/uploads\/2025\/06\/Mapsly-Logo-2x-BIG.png","width":280,"height":85,"caption":"Mapsly"},"image":{"@id":"https:\/\/mapsly.com\/#\/schema\/logo\/image\/"}}]}},"_links":{"self":[{"href":"https:\/\/mapsly.com\/tr\/wp-json\/wp\/v2\/pages\/25450","targetHints":{"allow":["GET"]}}],"collection":[{"href":"https:\/\/mapsly.com\/tr\/wp-json\/wp\/v2\/pages"}],"about":[{"href":"https:\/\/mapsly.com\/tr\/wp-json\/wp\/v2\/types\/page"}],"author":[{"embeddable":true,"href":"https:\/\/mapsly.com\/tr\/wp-json\/wp\/v2\/users\/1"}],"replies":[{"embeddable":true,"href":"https:\/\/mapsly.com\/tr\/wp-json\/wp\/v2\/comments?post=25450"}],"version-history":[{"count":32,"href":"https:\/\/mapsly.com\/tr\/wp-json\/wp\/v2\/pages\/25450\/revisions"}],"predecessor-version":[{"id":25965,"href":"https:\/\/mapsly.com\/tr\/wp-json\/wp\/v2\/pages\/25450\/revisions\/25965"}],"wp:attachment":[{"href":"https:\/\/mapsly.com\/tr\/wp-json\/wp\/v2\/media?parent=25450"}],"curies":[{"name":"wp","href":"https:\/\/api.w.org\/{rel}","templated":true}]}}