{"id":25073,"date":"2025-12-16T13:05:31","date_gmt":"2025-12-16T10:05:31","guid":{"rendered":"https:\/\/mapsly.com\/?page_id=25073"},"modified":"2025-12-16T13:47:19","modified_gmt":"2025-12-16T10:47:19","slug":"third-parties","status":"publish","type":"page","link":"https:\/\/mapsly.com\/tr\/third-parties\/","title":{"rendered":"Mapsly \u00dc\u00e7\u00fcnc\u00fc Taraf Alan Adlar\u0131"},"content":{"rendered":"<div data-elementor-type=\"wp-page\" data-elementor-id=\"25073\" class=\"elementor elementor-25073\" data-elementor-post-type=\"page\">\n\t\t\t\t<div class=\"elementor-element elementor-element-2c9b9e96 e-flex e-con-boxed e-con e-parent\" data-id=\"2c9b9e96\" data-element_type=\"container\" data-e-type=\"container\">\n\t\t\t\t\t<div class=\"e-con-inner\">\n\t\t\t\t<div class=\"elementor-element elementor-element-1e009f10 elementor-widget elementor-widget-text-editor\" data-id=\"1e009f10\" data-element_type=\"widget\" data-e-type=\"widget\" data-widget_type=\"text-editor.default\">\n\t\t\t\t<div class=\"elementor-widget-container\">\n\t\t\t\t\t\t\t\t\t\n<h2 class=\"wp-block-heading\">\u00dc\u00e7\u00fcnc\u00fc Taraf Hizmet Sa\u011flay\u0131c\u0131lar\u0131 ve Alan Adlar\u0131<\/h2>\n\n<p data-start=\"217\" data-end=\"577\">Mapsly, Mapsly Tekliflerinin i\u015fletimi, sunumu, g\u00fcvenli\u011fi ve geli\u015ftirilmesini desteklemek i\u00e7in g\u00fcvenilir \u00fc\u00e7\u00fcnc\u00fc taraf hizmet sa\u011flay\u0131c\u0131lar\u0131n\u0131 kullan\u0131r. Bu sa\u011flay\u0131c\u0131lar, hizmet sa\u011flay\u0131c\u0131lar (veya alt i\u015flemciler) olarak hareket eder ve ki\u015fisel bilgileri yaln\u0131zca Mapsly\u2019nin talimatlar\u0131, Mapsly\u2019nin Gizlilik Politikas\u0131 ve ge\u00e7erli veri koruma yasalar\u0131na uygun olarak Mapsly ad\u0131na i\u015fler.<\/p>\n<p data-start=\"579\" data-end=\"807\">Bu sa\u011flay\u0131c\u0131lar\u0131n ki\u015fisel bilgilere eri\u015fimi, kendi hizmetlerini yerine getirmek i\u00e7in gerekli olanla s\u0131n\u0131rl\u0131d\u0131r. Mapsly, ki\u015fisel bilgileri reklam veya pazarlama ama\u00e7lar\u0131yla \u00fc\u00e7\u00fcnc\u00fc taraflarla satmaz veya payla\u015fmaz.<\/p>\n\t\t\t\t\t\t\t\t<\/div>\n\t\t\t\t<\/div>\n\t\t\t\t\t<\/div>\n\t\t\t\t<\/div>\n\t\t<div class=\"elementor-element elementor-element-d300b23 e-grid e-con-boxed e-con e-parent\" data-id=\"d300b23\" data-element_type=\"container\" data-e-type=\"container\">\n\t\t\t\t\t<div class=\"e-con-inner\">\n\t\t<div class=\"elementor-element elementor-element-3053a46 e-con-full e-flex e-con e-child\" data-id=\"3053a46\" data-element_type=\"container\" data-e-type=\"container\">\n\t\t\t\t<div class=\"elementor-element elementor-element-b3584dd elementor-widget-tablet_extra__width-initial elementor-widget elementor-widget-text-editor\" data-id=\"b3584dd\" data-element_type=\"widget\" data-e-type=\"widget\" data-widget_type=\"text-editor.default\">\n\t\t\t\t<div class=\"elementor-widget-container\">\n\t\t\t\t\t\t\t\t\t<p><strong>UX analiti\u011fi<\/strong><br \/>LogRocket<br \/>*.logr-ingest.com<br \/>cdn.lr-in-prod.com<br \/>r.lr-in-prod.com<\/p>\n<p><strong>Hata izleme<\/strong><br \/>Sentry<br \/>o298580.ingest.sentry.io<\/p>\n<p><strong>Faturaland\u0131rma ve \u00f6demeler<\/strong><br \/>K\u00fcrek<br \/>buy.paddle.com<br \/>cdn.paddle.com<br \/>sandbox-buy.paddle.com<br \/>sandbox-cdn.paddle.com<\/p>\n<p><strong>M\u00fc\u015fteri deste\u011fi ve ileti\u015fim<\/strong><br \/>Intercom<br \/>widget.intercom.io<br \/>js.intercomcdn.com<br \/>static.intercomassets.com<br \/>fonts.intercomcdn.com<br \/>api-iam.intercom.io<br \/>nexus-websocket-a.intercom.io<br \/>mapsly.intercom-attachments-1.com<\/p>\n<p>HubSpot<br \/>js.hs-banner.com<br \/>js.hs-scripts.com<br \/>js.hscollectedforms.net<\/p>\n<p><strong>Kullan\u0131c\u0131 kayd\u0131 ve \u00fcr\u00fcn turlar\u0131<\/strong><br \/>Userpilot<br \/>js.userpilot.io<br \/>analytex-eu.userpilot.io<br \/>find.userpilot.io<\/p>\n<p><strong>Planlama ve takvim entegrasyonu<\/strong><br \/>team-itemextension.swevenbox.com<\/p>\t\t\t\t\t\t\t\t<\/div>\n\t\t\t\t<\/div>\n\t\t\t\t<\/div>\n\t\t<div class=\"elementor-element elementor-element-e90717d e-con-full e-flex e-con e-child\" data-id=\"e90717d\" data-element_type=\"container\" data-e-type=\"container\">\n\t\t\t\t<div class=\"elementor-element elementor-element-9f8c111 elementor-widget elementor-widget-text-editor\" data-id=\"9f8c111\" data-element_type=\"widget\" data-e-type=\"widget\" data-widget_type=\"text-editor.default\">\n\t\t\t\t<div class=\"elementor-widget-container\">\n\t\t\t\t\t\t\t\t\t<p><strong>Haritalama ve konum kodlama<\/strong><br \/>Mapbox<br \/>api.mapbox.com<br \/>api.tiles.mapbox.com<\/p>\n<p>Google Maps<br \/>maps.googleapis.com<br \/>*.googleapis.com<\/p>\n<p><strong>Harita d\u00f6\u015femeleri<\/strong><br \/>OpenStreetMap<br \/>*.tile.openstreetmap.org<\/p>\n<p>CARTO<br \/>*.basemaps.cartocdn.com<\/p>\n<p><strong>Haritalama ve y\u00f6nlendirme<\/strong><br \/>BURADA<br \/>2.base.maps.ls.hereapi.com<br \/>2.aerial.maps.ls.hereapi.com<\/p>\n<p><strong>IP konum belirleme<\/strong><br \/>ipapi<br \/>ipapi.co<\/p>\n<p><strong>Video bar\u0131nd\u0131rma ve teslimi<\/strong><br \/>Wistia<br \/>fast.wistia.com<br \/>fast.wistia.net<\/p>\n<p><strong>CDN \/ a\u00e7\u0131k kaynak kitapl\u0131klar\u0131<\/strong><br \/>jsDelivr<br \/>cdn.jsdelivr.net<br \/>cdn.lordicon.com<br \/>kit.fontawesome.com<br \/>kit-pro.fontawesome.com<br \/>assets.apollo.io<\/p>\n<p><strong>Bulut depolama ve bar\u0131nd\u0131rma<\/strong><br \/>Amazon Web Services (AWS)<br \/>mapsly-files.s3.amazonaws.com<br \/>mapsly-mediaconvert-out.s3.amazonaws.com<\/p>\t\t\t\t\t\t\t\t<\/div>\n\t\t\t\t<\/div>\n\t\t\t\t<\/div>\n\t\t\t\t\t<\/div>\n\t\t\t\t<\/div>\n\t\t\t\t<\/div>","protected":false},"excerpt":{"rendered":"<p>\u00dc\u00e7\u00fcnc\u00fc Taraf Hizmet Sa\u011flay\u0131c\u0131lar\u0131 ve Alan Adlar\u0131 Mapsly, Mapsly Tekliflerinin i\u015fletimi, sunumu, g\u00fcvenli\u011fi ve geli\u015ftirilmesini desteklemek i\u00e7in g\u00fcvenilir \u00fc\u00e7\u00fcnc\u00fc taraf hizmet sa\u011flay\u0131c\u0131lar\u0131n\u0131 kullan\u0131r. Bu sa\u011flay\u0131c\u0131lar hizmet sa\u011flay\u0131c\u0131lar (veya alt i\u015flemciler) olarak hareket eder ve ki\u015fisel bilgileri yaln\u0131zca Mapsly\u2019nin talimatlar\u0131, Mapsly\u2019nin Gizlilik Politikas\u0131 ve ge\u00e7erli veri koruma yasalar\u0131na uygun olarak Mapsly ad\u0131na i\u015fler. Ki\u015fisel bilgilere eri\u015fim [&hellip;]<\/p>","protected":false},"author":1,"featured_media":0,"parent":0,"menu_order":0,"comment_status":"closed","ping_status":"closed","template":"","meta":{"_acf_changed":false,"footnotes":""},"class_list":["post-25073","page","type-page","status-publish","hentry"],"acf":[],"yoast_head":"<!-- This site is optimized with the Yoast SEO plugin v26.6 - https:\/\/yoast.com\/wordpress\/plugins\/seo\/ -->\n<title>Mapsly Third-Party Domains - Mapsly<\/title>\n<meta name=\"robots\" content=\"index, follow, max-snippet:-1, max-image-preview:large, max-video-preview:-1\" \/>\n<link rel=\"canonical\" href=\"https:\/\/mapsly.com\/tr\/third-parties\/\" \/>\n<meta property=\"og:locale\" content=\"tr_TR\" \/>\n<meta property=\"og:type\" content=\"article\" \/>\n<meta property=\"og:title\" content=\"Mapsly Third-Party Domains - Mapsly\" \/>\n<meta property=\"og:description\" content=\"Third-Party Service Providers and Domains Mapsly uses trusted third-party service providers to support the operation, delivery, security, and improvement of the Mapsly Offerings. These providers act as service providers (or subprocessors) and process personal information solely on Mapsly\u2019s behalf, in accordance with Mapsly\u2019s instructions, Mapsly\u2019s Privacy Policy, and applicable data protection laws. Access to personal [&hellip;]\" \/>\n<meta property=\"og:url\" content=\"https:\/\/mapsly.com\/tr\/third-parties\/\" \/>\n<meta property=\"og:site_name\" content=\"Mapsly\" \/>\n<meta property=\"article:modified_time\" content=\"2025-12-16T10:47:19+00:00\" \/>\n<meta name=\"twitter:card\" content=\"summary_large_image\" \/>\n<meta name=\"twitter:label1\" content=\"Tahmini okuma s\u00fcresi\" \/>\n\t<meta name=\"twitter:data1\" content=\"1 dakika\" \/>\n<script type=\"application\/ld+json\" class=\"yoast-schema-graph\">{\"@context\":\"https:\/\/schema.org\",\"@graph\":[{\"@type\":\"WebPage\",\"@id\":\"https:\/\/mapsly.com\/pt\/third-parties\/\",\"url\":\"https:\/\/mapsly.com\/pt\/third-parties\/\",\"name\":\"Mapsly Third-Party Domains - Mapsly\",\"isPartOf\":{\"@id\":\"https:\/\/mapsly.com\/#website\"},\"datePublished\":\"2025-12-16T10:05:31+00:00\",\"dateModified\":\"2025-12-16T10:47:19+00:00\",\"breadcrumb\":{\"@id\":\"https:\/\/mapsly.com\/pt\/third-parties\/#breadcrumb\"},\"inLanguage\":\"tr\",\"potentialAction\":[{\"@type\":\"ReadAction\",\"target\":[\"https:\/\/mapsly.com\/pt\/third-parties\/\"]}]},{\"@type\":\"BreadcrumbList\",\"@id\":\"https:\/\/mapsly.com\/pt\/third-parties\/#breadcrumb\",\"itemListElement\":[{\"@type\":\"ListItem\",\"position\":1,\"name\":\"Home\",\"item\":\"https:\/\/mapsly.com\/\"},{\"@type\":\"ListItem\",\"position\":2,\"name\":\"Mapsly Third-Party Domains\"}]},{\"@type\":\"WebSite\",\"@id\":\"https:\/\/mapsly.com\/#website\",\"url\":\"https:\/\/mapsly.com\/\",\"name\":\"Mapsly\",\"description\":\"The Ultimate CRM Map\",\"publisher\":{\"@id\":\"https:\/\/mapsly.com\/#organization\"},\"potentialAction\":[{\"@type\":\"SearchAction\",\"target\":{\"@type\":\"EntryPoint\",\"urlTemplate\":\"https:\/\/mapsly.com\/?s={search_term_string}\"},\"query-input\":{\"@type\":\"PropertyValueSpecification\",\"valueRequired\":true,\"valueName\":\"search_term_string\"}}],\"inLanguage\":\"tr\"},{\"@type\":\"Organization\",\"@id\":\"https:\/\/mapsly.com\/#organization\",\"name\":\"Mapsly\",\"url\":\"https:\/\/mapsly.com\/\",\"logo\":{\"@type\":\"ImageObject\",\"inLanguage\":\"tr\",\"@id\":\"https:\/\/mapsly.com\/#\/schema\/logo\/image\/\",\"url\":\"https:\/\/mapsly.com\/wp-content\/uploads\/2025\/06\/Mapsly-Logo-2x-BIG.png\",\"contentUrl\":\"https:\/\/mapsly.com\/wp-content\/uploads\/2025\/06\/Mapsly-Logo-2x-BIG.png\",\"width\":280,\"height\":85,\"caption\":\"Mapsly\"},\"image\":{\"@id\":\"https:\/\/mapsly.com\/#\/schema\/logo\/image\/\"}}]}<\/script>\n<!-- \/ Yoast SEO plugin. -->","yoast_head_json":{"title":"Mapsly \u00dc\u00e7\u00fcnc\u00fc Taraf Alan Adlar\u0131 - Mapsly","robots":{"index":"index","follow":"follow","max-snippet":"max-snippet:-1","max-image-preview":"max-image-preview:large","max-video-preview":"max-video-preview:-1"},"canonical":"https:\/\/mapsly.com\/tr\/third-parties\/","og_locale":"tr_TR","og_type":"article","og_title":"Mapsly Third-Party Domains - Mapsly","og_description":"Third-Party Service Providers and Domains Mapsly uses trusted third-party service providers to support the operation, delivery, security, and improvement of the Mapsly Offerings. These providers act as service providers (or subprocessors) and process personal information solely on Mapsly\u2019s behalf, in accordance with Mapsly\u2019s instructions, Mapsly\u2019s Privacy Policy, and applicable data protection laws. Access to personal [&hellip;]","og_url":"https:\/\/mapsly.com\/tr\/third-parties\/","og_site_name":"Mapsly","article_modified_time":"2025-12-16T10:47:19+00:00","twitter_card":"summary_large_image","twitter_misc":{"Tahmini okuma s\u00fcresi":"1 dakika"},"schema":{"@context":"https:\/\/schema.org","@graph":[{"@type":"WebPage","@id":"https:\/\/mapsly.com\/pt\/third-parties\/","url":"https:\/\/mapsly.com\/pt\/third-parties\/","name":"Mapsly \u00dc\u00e7\u00fcnc\u00fc Taraf Alan Adlar\u0131 - Mapsly","isPartOf":{"@id":"https:\/\/mapsly.com\/#website"},"datePublished":"2025-12-16T10:05:31+00:00","dateModified":"2025-12-16T10:47:19+00:00","breadcrumb":{"@id":"https:\/\/mapsly.com\/pt\/third-parties\/#breadcrumb"},"inLanguage":"tr","potentialAction":[{"@type":"ReadAction","target":["https:\/\/mapsly.com\/pt\/third-parties\/"]}]},{"@type":"BreadcrumbList","@id":"https:\/\/mapsly.com\/pt\/third-parties\/#breadcrumb","itemListElement":[{"@type":"ListItem","position":1,"name":"Home","item":"https:\/\/mapsly.com\/"},{"@type":"ListItem","position":2,"name":"Mapsly Third-Party Domains"}]},{"@type":"WebSite","@id":"https:\/\/mapsly.com\/#website","url":"https:\/\/mapsly.com\/","name":"Mapsly","description":"Nihai CRM Haritas\u0131","publisher":{"@id":"https:\/\/mapsly.com\/#organization"},"potentialAction":[{"@type":"SearchAction","target":{"@type":"EntryPoint","urlTemplate":"https:\/\/mapsly.com\/?s={search_term_string}"},"query-input":{"@type":"PropertyValueSpecification","valueRequired":true,"valueName":"search_term_string"}}],"inLanguage":"tr"},{"@type":"Organization","@id":"https:\/\/mapsly.com\/#organization","name":"Mapsly","url":"https:\/\/mapsly.com\/","logo":{"@type":"ImageObject","inLanguage":"tr","@id":"https:\/\/mapsly.com\/#\/schema\/logo\/image\/","url":"https:\/\/mapsly.com\/wp-content\/uploads\/2025\/06\/Mapsly-Logo-2x-BIG.png","contentUrl":"https:\/\/mapsly.com\/wp-content\/uploads\/2025\/06\/Mapsly-Logo-2x-BIG.png","width":280,"height":85,"caption":"Mapsly"},"image":{"@id":"https:\/\/mapsly.com\/#\/schema\/logo\/image\/"}}]}},"_links":{"self":[{"href":"https:\/\/mapsly.com\/tr\/wp-json\/wp\/v2\/pages\/25073","targetHints":{"allow":["GET"]}}],"collection":[{"href":"https:\/\/mapsly.com\/tr\/wp-json\/wp\/v2\/pages"}],"about":[{"href":"https:\/\/mapsly.com\/tr\/wp-json\/wp\/v2\/types\/page"}],"author":[{"embeddable":true,"href":"https:\/\/mapsly.com\/tr\/wp-json\/wp\/v2\/users\/1"}],"replies":[{"embeddable":true,"href":"https:\/\/mapsly.com\/tr\/wp-json\/wp\/v2\/comments?post=25073"}],"version-history":[{"count":10,"href":"https:\/\/mapsly.com\/tr\/wp-json\/wp\/v2\/pages\/25073\/revisions"}],"predecessor-version":[{"id":25094,"href":"https:\/\/mapsly.com\/tr\/wp-json\/wp\/v2\/pages\/25073\/revisions\/25094"}],"wp:attachment":[{"href":"https:\/\/mapsly.com\/tr\/wp-json\/wp\/v2\/media?parent=25073"}],"curies":[{"name":"wp","href":"https:\/\/api.w.org\/{rel}","templated":true}]}}