{"id":24463,"date":"2025-12-03T15:36:37","date_gmt":"2025-12-03T12:36:37","guid":{"rendered":"https:\/\/mapsly.com\/?page_id=24463"},"modified":"2026-01-28T14:45:11","modified_gmt":"2026-01-28T11:45:11","slug":"wizard-guidelines-for-smartsheet","status":"publish","type":"page","link":"https:\/\/mapsly.com\/tr\/wizard-guidelines-for-smartsheet\/","title":{"rendered":"Smartsheet i\u00e7in Sihirbaz k\u0131lavuzlar\u0131"},"content":{"rendered":"<div data-elementor-type=\"wp-page\" data-elementor-id=\"24463\" class=\"elementor elementor-24463\" data-elementor-post-type=\"page\">\n\t\t\t\t<div class=\"elementor-element elementor-element-c6fa2bb e-flex e-con-boxed e-con e-parent\" data-id=\"c6fa2bb\" data-element_type=\"container\" data-e-type=\"container\">\n\t\t\t\t\t<div class=\"e-con-inner\">\n\t\t\t\t<div class=\"elementor-element elementor-element-935863a elementor-widget__width-initial elementor-widget elementor-widget-text-editor\" data-id=\"935863a\" data-element_type=\"widget\" data-e-type=\"widget\" data-widget_type=\"text-editor.default\">\n\t\t\t\t<div class=\"elementor-widget-container\">\n\t\t\t\t\t\t\t\t\t<p class=\"intercom-interblocks-align-left\" data-pm-slice=\"1 1 []\"><strong>\u00d6nemli:<\/strong> Kay\u0131t i\u015flemini tamamlamak i\u00e7in Smartsheet hesab\u0131n\u0131zda bir ekibinizin olmas\u0131 gerekir. Hen\u00fcz bir ekip olu\u015fturmad\u0131ysan\u0131z, Smartsheet ana men\u00fcs\u00fcnde 'Ekibinizi Davet Edin'e t\u0131klay\u0131n.<\/p><p data-pm-slice=\"1 1 []\">Her zaman bulabilirsiniz\u00a0<a href=\"https:\/\/help.mapsly.com\/en\/articles\/4745831\" target=\"_blank\" rel=\"noopener\">Smartsheet i\u00e7in tam kurulum k\u0131lavuzu <\/a>\u00a0Haritalarda<span style=\"letter-spacing: 0px;\">ly yard\u0131m merkezi.<\/span><\/p>\t\t\t\t\t\t\t\t<\/div>\n\t\t\t\t<\/div>\n\t\t\t\t\t<\/div>\n\t\t\t\t<\/div>\n\t\t\t\t<\/div>","protected":false},"excerpt":{"rendered":"<p>\u00d6nemli: kay\u0131t i\u015flemini tamamlamak i\u00e7in Smartsheet hesab\u0131n\u0131zda bir ekibiniz olmal\u0131d\u0131r. Hen\u00fcz bir ekip olu\u015fturmad\u0131ysan\u0131z, Smartsheet ana men\u00fcs\u00fcnden \u2018Ekibinizi Davet Et\u2019 se\u00e7ene\u011fine t\u0131klay\u0131n. Ayr\u0131ca Mapsly yard\u0131m merkezinde Smartsheet i\u00e7in tam kurulum k\u0131lavuzunu her zaman bulabilirsiniz.<\/p>","protected":false},"author":51,"featured_media":0,"parent":0,"menu_order":0,"comment_status":"closed","ping_status":"closed","template":"elementor_canvas","meta":{"_acf_changed":false,"footnotes":""},"class_list":["post-24463","page","type-page","status-publish","hentry"],"acf":[],"yoast_head":"<!-- This site is optimized with the Yoast SEO plugin v26.6 - https:\/\/yoast.com\/wordpress\/plugins\/seo\/ -->\n<title>Wizard guidelines for Smartsheet - Mapsly<\/title>\n<meta name=\"robots\" content=\"index, follow, max-snippet:-1, max-image-preview:large, max-video-preview:-1\" \/>\n<link rel=\"canonical\" href=\"https:\/\/mapsly.com\/tr\/wizard-guidelines-for-smartsheet\/\" \/>\n<meta property=\"og:locale\" content=\"tr_TR\" \/>\n<meta property=\"og:type\" content=\"article\" \/>\n<meta property=\"og:title\" content=\"Wizard guidelines for Smartsheet - Mapsly\" \/>\n<meta property=\"og:description\" content=\"Important: to complete the sign-up process, you must have a team in your Smartsheet account. If you haven&#8217;t yet created a team,\u00a0 click &#8216;Invite Your Team&#8217; in the Smartsheet main menu. You can always find a\u00a0full installation guide for Smartsheet \u00a0in Mapsly help center.\" \/>\n<meta property=\"og:url\" content=\"https:\/\/mapsly.com\/tr\/wizard-guidelines-for-smartsheet\/\" \/>\n<meta property=\"og:site_name\" content=\"Mapsly\" \/>\n<meta property=\"article:modified_time\" content=\"2026-01-28T11:45:11+00:00\" \/>\n<meta name=\"twitter:card\" content=\"summary_large_image\" \/>\n<meta name=\"twitter:label1\" content=\"Tahmini okuma s\u00fcresi\" \/>\n\t<meta name=\"twitter:data1\" content=\"1 dakika\" \/>\n<script type=\"application\/ld+json\" class=\"yoast-schema-graph\">{\"@context\":\"https:\/\/schema.org\",\"@graph\":[{\"@type\":\"WebPage\",\"@id\":\"https:\/\/mapsly.com\/ar\/wizard-guidelines-for-smartsheet\/\",\"url\":\"https:\/\/mapsly.com\/ar\/wizard-guidelines-for-smartsheet\/\",\"name\":\"Wizard guidelines for Smartsheet - Mapsly\",\"isPartOf\":{\"@id\":\"https:\/\/mapsly.com\/#website\"},\"datePublished\":\"2025-12-03T12:36:37+00:00\",\"dateModified\":\"2026-01-28T11:45:11+00:00\",\"breadcrumb\":{\"@id\":\"https:\/\/mapsly.com\/ar\/wizard-guidelines-for-smartsheet\/#breadcrumb\"},\"inLanguage\":\"tr\",\"potentialAction\":[{\"@type\":\"ReadAction\",\"target\":[\"https:\/\/mapsly.com\/ar\/wizard-guidelines-for-smartsheet\/\"]}]},{\"@type\":\"BreadcrumbList\",\"@id\":\"https:\/\/mapsly.com\/ar\/wizard-guidelines-for-smartsheet\/#breadcrumb\",\"itemListElement\":[{\"@type\":\"ListItem\",\"position\":1,\"name\":\"Home\",\"item\":\"https:\/\/mapsly.com\/\"},{\"@type\":\"ListItem\",\"position\":2,\"name\":\"Wizard guidelines for Smartsheet\"}]},{\"@type\":\"WebSite\",\"@id\":\"https:\/\/mapsly.com\/#website\",\"url\":\"https:\/\/mapsly.com\/\",\"name\":\"Mapsly\",\"description\":\"The Ultimate CRM Map\",\"publisher\":{\"@id\":\"https:\/\/mapsly.com\/#organization\"},\"potentialAction\":[{\"@type\":\"SearchAction\",\"target\":{\"@type\":\"EntryPoint\",\"urlTemplate\":\"https:\/\/mapsly.com\/?s={search_term_string}\"},\"query-input\":{\"@type\":\"PropertyValueSpecification\",\"valueRequired\":true,\"valueName\":\"search_term_string\"}}],\"inLanguage\":\"tr\"},{\"@type\":\"Organization\",\"@id\":\"https:\/\/mapsly.com\/#organization\",\"name\":\"Mapsly\",\"url\":\"https:\/\/mapsly.com\/\",\"logo\":{\"@type\":\"ImageObject\",\"inLanguage\":\"tr\",\"@id\":\"https:\/\/mapsly.com\/#\/schema\/logo\/image\/\",\"url\":\"https:\/\/mapsly.com\/wp-content\/uploads\/2025\/06\/Mapsly-Logo-2x-BIG.png\",\"contentUrl\":\"https:\/\/mapsly.com\/wp-content\/uploads\/2025\/06\/Mapsly-Logo-2x-BIG.png\",\"width\":280,\"height\":85,\"caption\":\"Mapsly\"},\"image\":{\"@id\":\"https:\/\/mapsly.com\/#\/schema\/logo\/image\/\"}}]}<\/script>\n<!-- \/ Yoast SEO plugin. -->","yoast_head_json":{"title":"Smartsheet i\u00e7in Sihirbaz y\u00f6nergeleri - Mapsly","robots":{"index":"index","follow":"follow","max-snippet":"max-snippet:-1","max-image-preview":"max-image-preview:large","max-video-preview":"max-video-preview:-1"},"canonical":"https:\/\/mapsly.com\/tr\/wizard-guidelines-for-smartsheet\/","og_locale":"tr_TR","og_type":"article","og_title":"Wizard guidelines for Smartsheet - Mapsly","og_description":"Important: to complete the sign-up process, you must have a team in your Smartsheet account. If you haven&#8217;t yet created a team,\u00a0 click &#8216;Invite Your Team&#8217; in the Smartsheet main menu. You can always find a\u00a0full installation guide for Smartsheet \u00a0in Mapsly help center.","og_url":"https:\/\/mapsly.com\/tr\/wizard-guidelines-for-smartsheet\/","og_site_name":"Mapsly","article_modified_time":"2026-01-28T11:45:11+00:00","twitter_card":"summary_large_image","twitter_misc":{"Tahmini okuma s\u00fcresi":"1 dakika"},"schema":{"@context":"https:\/\/schema.org","@graph":[{"@type":"WebPage","@id":"https:\/\/mapsly.com\/ar\/wizard-guidelines-for-smartsheet\/","url":"https:\/\/mapsly.com\/ar\/wizard-guidelines-for-smartsheet\/","name":"Smartsheet i\u00e7in Sihirbaz y\u00f6nergeleri - Mapsly","isPartOf":{"@id":"https:\/\/mapsly.com\/#website"},"datePublished":"2025-12-03T12:36:37+00:00","dateModified":"2026-01-28T11:45:11+00:00","breadcrumb":{"@id":"https:\/\/mapsly.com\/ar\/wizard-guidelines-for-smartsheet\/#breadcrumb"},"inLanguage":"tr","potentialAction":[{"@type":"ReadAction","target":["https:\/\/mapsly.com\/ar\/wizard-guidelines-for-smartsheet\/"]}]},{"@type":"BreadcrumbList","@id":"https:\/\/mapsly.com\/ar\/wizard-guidelines-for-smartsheet\/#breadcrumb","itemListElement":[{"@type":"ListItem","position":1,"name":"Home","item":"https:\/\/mapsly.com\/"},{"@type":"ListItem","position":2,"name":"Wizard guidelines for Smartsheet"}]},{"@type":"WebSite","@id":"https:\/\/mapsly.com\/#website","url":"https:\/\/mapsly.com\/","name":"Mapsly","description":"Nihai CRM Haritas\u0131","publisher":{"@id":"https:\/\/mapsly.com\/#organization"},"potentialAction":[{"@type":"SearchAction","target":{"@type":"EntryPoint","urlTemplate":"https:\/\/mapsly.com\/?s={search_term_string}"},"query-input":{"@type":"PropertyValueSpecification","valueRequired":true,"valueName":"search_term_string"}}],"inLanguage":"tr"},{"@type":"Organization","@id":"https:\/\/mapsly.com\/#organization","name":"Mapsly","url":"https:\/\/mapsly.com\/","logo":{"@type":"ImageObject","inLanguage":"tr","@id":"https:\/\/mapsly.com\/#\/schema\/logo\/image\/","url":"https:\/\/mapsly.com\/wp-content\/uploads\/2025\/06\/Mapsly-Logo-2x-BIG.png","contentUrl":"https:\/\/mapsly.com\/wp-content\/uploads\/2025\/06\/Mapsly-Logo-2x-BIG.png","width":280,"height":85,"caption":"Mapsly"},"image":{"@id":"https:\/\/mapsly.com\/#\/schema\/logo\/image\/"}}]}},"_links":{"self":[{"href":"https:\/\/mapsly.com\/tr\/wp-json\/wp\/v2\/pages\/24463","targetHints":{"allow":["GET"]}}],"collection":[{"href":"https:\/\/mapsly.com\/tr\/wp-json\/wp\/v2\/pages"}],"about":[{"href":"https:\/\/mapsly.com\/tr\/wp-json\/wp\/v2\/types\/page"}],"author":[{"embeddable":true,"href":"https:\/\/mapsly.com\/tr\/wp-json\/wp\/v2\/users\/51"}],"replies":[{"embeddable":true,"href":"https:\/\/mapsly.com\/tr\/wp-json\/wp\/v2\/comments?post=24463"}],"version-history":[{"count":14,"href":"https:\/\/mapsly.com\/tr\/wp-json\/wp\/v2\/pages\/24463\/revisions"}],"predecessor-version":[{"id":25756,"href":"https:\/\/mapsly.com\/tr\/wp-json\/wp\/v2\/pages\/24463\/revisions\/25756"}],"wp:attachment":[{"href":"https:\/\/mapsly.com\/tr\/wp-json\/wp\/v2\/media?parent=24463"}],"curies":[{"name":"wp","href":"https:\/\/api.w.org\/{rel}","templated":true}]}}