{"id":1863,"date":"2025-07-24T15:02:11","date_gmt":"2025-07-24T12:02:11","guid":{"rendered":"https:\/\/mapsly.com?page_id=1863"},"modified":"2026-02-20T11:14:27","modified_gmt":"2026-02-20T08:14:27","slug":"smartsheet-map","status":"publish","type":"page","link":"https:\/\/mapsly.com\/tr\/smartsheet-map\/","title":{"rendered":"Smartsheet G\u00f6sterge Paneline Live Map Ekleyin"},"content":{"rendered":"<div data-elementor-type=\"wp-page\" data-elementor-id=\"1863\" class=\"elementor elementor-1863\" data-elementor-post-type=\"page\">\n\t\t\t\t<div class=\"elementor-element elementor-element-145e482 e-flex e-con-boxed e-con e-parent\" data-id=\"145e482\" data-element_type=\"container\" data-e-type=\"container\">\n\t\t\t\t\t<div class=\"e-con-inner\">\n\t\t\t\t<div class=\"elementor-element elementor-element-1169e60 elementor-widget elementor-widget-heading\" data-id=\"1169e60\" data-element_type=\"widget\" data-e-type=\"widget\" data-widget_type=\"heading.default\">\n\t\t\t\t<div class=\"elementor-widget-container\">\n\t\t\t\t\t<h2 class=\"elementor-heading-title elementor-size-default\">Smartsheet G\u00f6sterge Paneline Live Map Ekleyin\n<\/h2>\t\t\t\t<\/div>\n\t\t\t\t<\/div>\n\t\t\t\t<div class=\"elementor-element elementor-element-06d7a25 elementor-widget elementor-widget-text-editor\" data-id=\"06d7a25\" data-element_type=\"widget\" data-e-type=\"widget\" data-widget_type=\"text-editor.default\">\n\t\t\t\t<div class=\"elementor-widget-container\">\n\t\t\t\t\t\t\t\t\t<p>SmartSheet verileriyle birlikte canl\u0131, etkile\u015fimli bir haritay\u0131 SmartSheet g\u00f6sterge panelinize yerle\u015ftirin<\/p>\t\t\t\t\t\t\t\t<\/div>\n\t\t\t\t<\/div>\n\t\t\t\t\t<\/div>\n\t\t\t\t<\/div>\n\t\t\t\t<section class=\"elementor-section elementor-top-section elementor-element elementor-element-66235526 elementor-section-boxed elementor-section-height-default elementor-section-height-default\" data-id=\"66235526\" data-element_type=\"section\" data-e-type=\"section\">\n\t\t\t\t\t\t<div class=\"elementor-container elementor-column-gap-default\">\n\t\t\t\t\t<div class=\"elementor-column elementor-col-100 elementor-top-column elementor-element elementor-element-29f009ef\" data-id=\"29f009ef\" data-element_type=\"column\" data-e-type=\"column\">\n\t\t\t<div class=\"elementor-widget-wrap elementor-element-populated\">\n\t\t\t\t\t\t<div class=\"elementor-element elementor-element-33c6fbb7 gutme  elementor-widget elementor-widget-text-editor\" data-id=\"33c6fbb7\" data-element_type=\"widget\" data-e-type=\"widget\" data-widget_type=\"text-editor.default\">\n\t\t\t\t<div class=\"elementor-widget-container\">\n\t\t\t\t\t\t\t\t\t\n<p>Smartsheet panonuza canl\u0131 interaktif haritalar ekleyin. Harita, Smartsheet'inizin, CRM'inizin veya ba\u015fka bir veri kayna\u011f\u0131n\u0131n bir veya daha fazla sayfas\u0131ndan ve ayr\u0131ca b\u00f6lgelerden veri g\u00f6sterebilir. Kullan\u0131c\u0131lar\u0131n talepleri ve ba\u015fvurular\u0131 g\u00f6ndermesine, kay\u0131tlar olu\u015fturup g\u00fcncellemesine ve g\u00f6m\u00fcl\u00fc harita \u00fczerinde di\u011fer i\u015flemleri ger\u00e7ekle\u015ftirmesine olanak tan\u0131mak i\u00e7in ayr\u0131ca d\u00fc\u011fmeler, formlar ve \u00f6zel eylemler ekleyebilirsiniz.<\/p>\n\n<div class=\"wp-block-spacer\" style=\"height: 25px;\" aria-hidden=\"true\">\u00a0<\/div>\n\n<div class=\"wp-block-buttons is-content-justification-center is-layout-flex wp-block-buttons-is-layout-flex\">\n<div class=\"wp-block-button\"><a class=\"wp-block-button__link\" href=\"#demo\" rel=\"noreferrer noopener\">Smartsheet g\u00f6sterge paneli demosunu g\u00f6r\u00fcnt\u00fcle<\/a><\/div>\n<\/div>\n\n<div class=\"wp-block-spacer\" style=\"height: 54px;\" aria-hidden=\"true\">\u00a0<\/div>\n\n<h2 class=\"has-text-align-center wp-block-heading\">Mapsly'yi Smartsheet g\u00f6sterge paneline nas\u0131l yerle\u015ftirilir?<\/h2>\n\n<p>Mapsly'yi Smartsheet panonuza eklemenin en yayg\u0131n yolu, Smartsheet Web Content widget'\u0131n\u0131 kullanmakt\u0131r \u2014 bu \u015fekilde harita do\u011frudan panonuza g\u00f6m\u00fclecek ve en g\u00fcncel harita verilerini g\u00f6sterecek \u015fekilde panonuz otomatik olarak g\u00fcncellenecektir. Ancak, bir Shortcut veya Image widget'\u0131 kullanarak Mapsly'yi eklemek de m\u00fcmk\u00fcnd\u00fcr \u2014 bu durumda panonuz yaln\u0131zca Mapsly haritas\u0131n\u0131 yeni bir taray\u0131c\u0131 sekmesinde a\u00e7acak bir ba\u011flant\u0131 i\u00e7erecektir.<\/p>\n\n<div class=\"wp-block-spacer\" style=\"height: 25px;\" aria-hidden=\"true\">\u00a0<\/div>\n\n<div class=\"wp-block-buttons is-content-justification-center is-layout-flex wp-block-buttons-is-layout-flex\">\n<div class=\"wp-block-button\"><a class=\"wp-block-button__link\" href=\"https:\/\/help.mapsly.com\/articles\/5377582\">Smartsheet g\u00f6sterge panelinize canl\u0131 harita eklemek i\u00e7in ad\u0131m ad\u0131m k\u0131lavuz <\/a><\/div>\n<\/div>\n\n<div class=\"wp-block-spacer\" style=\"height: 57px;\" aria-hidden=\"true\">\u00a0<\/div>\n\n<h2 class=\"has-text-align-center wp-block-heading\">G\u00f6m\u00fcl\u00fc haritalarda veri g\u00fcncellemelerinin s\u0131kl\u0131\u011f\u0131<\/h2>\n\n<p>Varsay\u0131lan olarak, Mapsly ba\u011fl\u0131 olan Smartsheet'iniz gibi bir veri kayna\u011f\u0131ndan her 30 dakikada bir yeni ve g\u00fcncellenmi\u015f verileri \u00e7eker. Bu gecikme 10 dakikaya indirilebilir.<\/p>\n\n<p>Ayr\u0131ca:<\/p>\n\n<ul class=\"wp-block-list\">\n<li>HubSpot ve Zendesk gibi baz\u0131 veri kaynaklar\u0131 ile, ger\u00e7ek zamanl\u0131 CRM-&gt; Mapsly veri senkronizasyonu birka\u00e7 t\u0131klama ile etkinle\u015ftirilebilir;<\/li>\n<li>Di\u011fer veri kaynaklar\u0131 i\u00e7in, Zoho CRM, Creatio, Quickbase ve bu \u00f6zellikleri destekleyen di\u011fer veri kaynaklar\u0131 gibi, veri kayna\u011f\u0131n\u0131z \u00fczerinden webhooks veya d\u0131\u015fa d\u00f6n\u00fck API \u00e7a\u011fr\u0131lar\u0131 kullanarak ger\u00e7ek zamanl\u0131 CRM-&gt;Mapsly veri senkronizasyonu kurabilirsiniz.<\/li>\n<\/ul>\n\n<h2 class=\"has-text-align-center wp-block-heading\">G\u00f6m\u00fcl\u00fc haritalar esnek &amp; kolayca yap\u0131land\u0131r\u0131labilir<\/h2>\n\n<p>Canl\u0131 haritan\u0131zda, harita katmanlar\u0131 ve filtreleri kullanarak \u00f6zel kriterlere g\u00f6re verilerinizi dinamik olarak renklendirebilirsiniz; URL parametreleri ile kullan\u0131c\u0131lar\u0131n ne g\u00f6rd\u00fc\u011f\u00fcn\u00fc kontrol edebilir; ayn\u0131 anda bir veya birden fazla nesneden (sayfalar) veri g\u00f6sterebilirsiniz. Her nesne i\u00e7in, i\u015faretleyici etiketinde, harita a\u00e7\u0131l\u0131r penceresinde veya etkinle\u015ftirebilece\u011finiz kay\u0131t g\u00f6r\u00fcnt\u00fc a\u00e7\u0131l\u0131r penceresinde g\u00f6r\u00fcnt\u00fclenecek i\u015faretleyici \u00f6zelliklerini ve alanlar\u0131 (sayfa s\u00fctunlar\u0131n\u0131) ayarlayabilirsiniz.<\/p>\n\n<h2 class=\"has-text-align-center wp-block-heading\">Arama filtresi ve liste g\u00f6r\u00fcn\u00fcm\u00fc ekle<\/h2>\n\n<p>\u0130ste\u011fe ba\u011fl\u0131 olarak, a kullanabilirsiniz <a href=\"https:\/\/help.mapsly.com\/articles\/5187658\" target=\"_blank\" rel=\"noreferrer noopener\">\u00d6zelle\u015ftirilebilir Liste g\u00f6r\u00fcn\u00fcm\u00fc<\/a> ile birlikte <a href=\"https:\/\/help.mapsly.com\/articles\/5361147\" target=\"_blank\" rel=\"noreferrer noopener\">arama \u00e7ubu\u011fu filtresi<\/a> harita sol taraf\u0131nda kay\u0131tlar\u0131n (\u00e7al\u0131\u015fma sayfas\u0131 sat\u0131rlar\u0131) katlanabilir bir listesini g\u00f6stermek ve\/veya kullan\u0131c\u0131ya haritada g\u00f6sterilen veri k\u00fcmesini ayarlama ve belirli kay\u0131tlar\u0131 arama imk\u00e2n\u0131 sunmak i\u00e7in.<\/p>\n\n<h2 class=\"has-text-align-center wp-block-heading\">B\u00f6lgeleri ekle<\/h2>\n\n<p>G\u00f6sterebilirsiniz <a href=\"\/tr\/territories\/\">b\u00f6lgeler<\/a>, her ikisi <a href=\"\/tr\/draw-and-assign-territories\/\">el \u00e7izimi<\/a> ve <a href=\"\/tr\/boundaries-of-zip-codes-counties-census-areas\/\">geo-library kullan\u0131larak olu\u015fturuldu<\/a> \u00f6rne\u011fin, posta kodu alanlar\u0131ndan veya il\u00e7elerden <a href=\"\/tr\/aggregate-metrics-demographics\/\">Demografi ve toplu metrikler dahil veri alanlar\u0131<\/a> otomatik olarak, o b\u00f6lgelerde bulunan kay\u0131tlardan elde edilen verilere dayanarak hesaplan\u0131r.<\/p>\n\n<h2 class=\"has-text-align-center wp-block-heading\">Katmanlar paneli &amp; Tablo g\u00f6r\u00fcn\u00fcm\u00fc ekle<\/h2>\n\n<p>Ayr\u0131ca etkinle\u015ftirmek de m\u00fcmk\u00fcnd\u00fcr, <a href=\"\/tr\/map-layers-filters\/\"><em>Katmanlar <\/em>Panel<\/a> ve <em><a href=\"\/tr\/table-view-with-nearby-search\/\">Tablo g\u00f6r\u00fcn\u00fcm\u00fc<\/a> <\/em>payla\u015f\u0131lan haritalarda. <a href=\"#openChat\">sohbette bize yaz\u0131n<\/a> hesab\u0131n\u0131zdaki payla\u015f\u0131lan haritalar i\u00e7in bu iki \u00f6zelli\u011fi etkinle\u015ftirmek \u00fczere.<\/p>\n\n<h2 class=\"has-text-align-center wp-block-heading\">D\u00fc\u011fmeler, formlar ve otomasyon ekle<\/h2>\n\n<p>G\u00f6m\u00fcl\u00fc haritalar\u0131n\u0131z\u0131 daha etkile\u015fimli hale getirmek i\u00e7in yerle\u015ftirerek <a href=\"\/tr\/automation\/\">\u00f6zelle\u015ftirilmi\u015f d\u00fc\u011fmeler ve formlar<\/a> bir kayd\u0131n harita a\u00e7\u0131l\u0131r penceresine veya kay\u0131t g\u00f6r\u00fcnt\u00fcleme a\u00e7\u0131l\u0131r pencerelerine \u2014 kullan\u0131c\u0131lar\u0131n veri, istek g\u00f6ndermesini, i\u015f ak\u0131\u015flar\u0131n\u0131 tetiklemesini ve di\u011fer \u00f6zel s\u00fcre\u00e7leri \u00e7al\u0131\u015ft\u0131rmas\u0131n\u0131 sa\u011flamak i\u00e7in.<\/p>\n\t\t\t\t\t\t\t\t<\/div>\n\t\t\t\t<\/div>\n\t\t\t\t<div class=\"elementor-element elementor-element-e7f5083 elementor-widget elementor-widget-menu-anchor\" data-id=\"e7f5083\" data-element_type=\"widget\" data-e-type=\"widget\" data-widget_type=\"menu-anchor.default\">\n\t\t\t\t<div class=\"elementor-widget-container\">\n\t\t\t\t\t\t\t<div class=\"elementor-menu-anchor\" id=\"demo\"><\/div>\n\t\t\t\t\t\t<\/div>\n\t\t\t\t<\/div>\n\t\t\t\t<div class=\"elementor-element elementor-element-6293268b elementor-widget elementor-widget-heading\" data-id=\"6293268b\" data-element_type=\"widget\" data-e-type=\"widget\" data-widget_type=\"heading.default\">\n\t\t\t\t<div class=\"elementor-widget-container\">\n\t\t\t\t\t<h2 class=\"elementor-heading-title elementor-size-default\">Smartsheet g\u00f6sterge paneli demosu<\/h2>\t\t\t\t<\/div>\n\t\t\t\t<\/div>\n\t\t\t\t<div class=\"elementor-element elementor-element-536500c7 elementor-widget elementor-widget-html\" data-id=\"536500c7\" data-element_type=\"widget\" data-e-type=\"widget\" data-widget_type=\"html.default\">\n\t\t\t\t<div class=\"elementor-widget-container\">\n\t\t\t\t\t<iframe width=\"1000\" height=\"1100\" frameborder=\"0\" src=\"https:\/\/app.smartsheet.com\/b\/publish?EQBCT=37ebb1c3c34a4c9481c195cc86c0536a\"><\/iframe>\t\t\t\t<\/div>\n\t\t\t\t<\/div>\n\t\t\t\t<div class=\"elementor-element elementor-element-4efc9b98 gutme elementor-widget elementor-widget-text-editor\" data-id=\"4efc9b98\" data-element_type=\"widget\" data-e-type=\"widget\" data-widget_type=\"text-editor.default\">\n\t\t\t\t<div class=\"elementor-widget-container\">\n\t\t\t\t\t\t\t\t\t\n<p>\u00a0<\/p>\n\n<figure class=\"wp-block-pullquote\">\n<blockquote>\n<p>Mapsly uygulama ekibi, kullan\u0131m senaryonuzu inceleyip sizin i\u00e7in payla\u015f\u0131lan haritalar\u0131 yap\u0131land\u0131racak, b\u00f6ylece i\u015finize odaklanabilirsiniz. <br \/><a href=\"https:\/\/calendly.com\/mapsly-meeting\/quick-demo\" target=\"_blank\" rel=\"noopener\">Bug\u00fcn bir web \u00e7a\u011fr\u0131s\u0131 planlay\u0131n<\/a>.<\/p>\n<cite>Ya da sohbette bize istedi\u011finizi sorabilirsiniz, her zaman \u00e7evrimi\u00e7iyiz<\/cite><\/blockquote>\n<\/figure>\n\n<div class=\"wp-block-spacer\" style=\"height: 100px;\" aria-hidden=\"true\">\u00a0<\/div>\n\n<div class=\"wp-block-buttons is-content-justification-center is-layout-flex wp-block-buttons-is-layout-flex\">\n<div class=\"wp-block-button\"><a class=\"wp-block-button__link\" href=\"\/tr\/shared-interactive-maps\/\">Shared Maps hakk\u0131nda daha fazla bilgi edinin<\/a><\/div>\n<\/div>\n\n<div class=\"wp-block-spacer\" style=\"height: 100px;\" aria-hidden=\"true\">\u00a0<\/div>\n\n<p>\u00a0<\/p>\n\t\t\t\t\t\t\t\t<\/div>\n\t\t\t\t<\/div>\n\t\t\t\t\t<\/div>\n\t\t<\/div>\n\t\t\t\t\t<\/div>\n\t\t<\/section>\n\t\t\t\t<\/div>","protected":false},"excerpt":{"rendered":"<p>Smartsheet Panonuza Canl\u0131 Harita Ekleyin\nSmartSheet verileriyle canl\u0131 etkile\u015fimli bir haritay\u0131 Smartsheet panonuza yerle\u015ftirin\nSmartsheet panonuza canl\u0131 etkile\u015fimli haritalar ekleyin. Harita, Smartsheet\u2019inizin, CRM\u2019inizin veya ba\u015fka herhangi bir veri kayna\u011f\u0131n\u0131n bir veya birden fazla sayfas\u0131ndan gelen verileri ve ayr\u0131ca b\u00f6lgeleri g\u00f6sterebilir. Ayr\u0131ca d\u00fc\u011fmeler ekleyebilirsiniz, [&hellip;]<\/p>","protected":false},"author":2,"featured_media":0,"parent":0,"menu_order":0,"comment_status":"closed","ping_status":"closed","template":"elementor_header_footer","meta":{"_acf_changed":false,"footnotes":""},"class_list":["post-1863","page","type-page","status-publish","hentry"],"acf":[],"yoast_head":"<!-- This site is optimized with the Yoast SEO plugin v26.6 - https:\/\/yoast.com\/wordpress\/plugins\/seo\/ -->\n<title>Add Live Map to Your Smartsheet Dashboard - Mapsly<\/title>\n<meta name=\"description\" content=\"Embed a live interactive map to your SmartSheet dashboard. Map data is synced in real time with your SmartSheet, CRM or any other data source.\" \/>\n<meta name=\"robots\" content=\"index, follow, max-snippet:-1, max-image-preview:large, max-video-preview:-1\" \/>\n<link rel=\"canonical\" href=\"https:\/\/mapsly.com\/tr\/smartsheet-map\/\" \/>\n<meta property=\"og:locale\" content=\"tr_TR\" \/>\n<meta property=\"og:type\" content=\"article\" \/>\n<meta property=\"og:title\" content=\"Add Live Map to Your Smartsheet Dashboard - Mapsly\" \/>\n<meta property=\"og:description\" content=\"Embed a live interactive map to your SmartSheet dashboard. Map data is synced in real time with your SmartSheet, CRM or any other data source.\" \/>\n<meta property=\"og:url\" content=\"https:\/\/mapsly.com\/tr\/smartsheet-map\/\" \/>\n<meta property=\"og:site_name\" content=\"Mapsly\" \/>\n<meta property=\"article:modified_time\" content=\"2026-02-20T08:14:27+00:00\" \/>\n<meta name=\"twitter:card\" content=\"summary_large_image\" \/>\n<meta name=\"twitter:label1\" content=\"Tahmini okuma s\u00fcresi\" \/>\n\t<meta name=\"twitter:data1\" content=\"3 dakika\" \/>\n<script type=\"application\/ld+json\" class=\"yoast-schema-graph\">{\"@context\":\"https:\/\/schema.org\",\"@graph\":[{\"@type\":\"WebPage\",\"@id\":\"https:\/\/mapsly.com\/smartsheet-map\/\",\"url\":\"https:\/\/mapsly.com\/smartsheet-map\/\",\"name\":\"Add Live Map to Your Smartsheet Dashboard - Mapsly\",\"isPartOf\":{\"@id\":\"https:\/\/mapsly.com\/#website\"},\"datePublished\":\"2025-07-24T12:02:11+00:00\",\"dateModified\":\"2026-02-20T08:14:27+00:00\",\"description\":\"Embed a live interactive map to your SmartSheet dashboard. Map data is synced in real time with your SmartSheet, CRM or any other data source.\",\"breadcrumb\":{\"@id\":\"https:\/\/mapsly.com\/smartsheet-map\/#breadcrumb\"},\"inLanguage\":\"tr\",\"potentialAction\":[{\"@type\":\"ReadAction\",\"target\":[\"https:\/\/mapsly.com\/smartsheet-map\/\"]}]},{\"@type\":\"BreadcrumbList\",\"@id\":\"https:\/\/mapsly.com\/smartsheet-map\/#breadcrumb\",\"itemListElement\":[{\"@type\":\"ListItem\",\"position\":1,\"name\":\"Home\",\"item\":\"https:\/\/mapsly.com\/\"},{\"@type\":\"ListItem\",\"position\":2,\"name\":\"Add Live Map to Your Smartsheet Dashboard\"}]},{\"@type\":\"WebSite\",\"@id\":\"https:\/\/mapsly.com\/#website\",\"url\":\"https:\/\/mapsly.com\/\",\"name\":\"Mapsly\",\"description\":\"The Ultimate CRM Map\",\"publisher\":{\"@id\":\"https:\/\/mapsly.com\/#organization\"},\"potentialAction\":[{\"@type\":\"SearchAction\",\"target\":{\"@type\":\"EntryPoint\",\"urlTemplate\":\"https:\/\/mapsly.com\/?s={search_term_string}\"},\"query-input\":{\"@type\":\"PropertyValueSpecification\",\"valueRequired\":true,\"valueName\":\"search_term_string\"}}],\"inLanguage\":\"tr\"},{\"@type\":\"Organization\",\"@id\":\"https:\/\/mapsly.com\/#organization\",\"name\":\"Mapsly\",\"url\":\"https:\/\/mapsly.com\/\",\"logo\":{\"@type\":\"ImageObject\",\"inLanguage\":\"tr\",\"@id\":\"https:\/\/mapsly.com\/#\/schema\/logo\/image\/\",\"url\":\"https:\/\/mapsly.com\/wp-content\/uploads\/2025\/06\/Mapsly-Logo-2x-BIG.png\",\"contentUrl\":\"https:\/\/mapsly.com\/wp-content\/uploads\/2025\/06\/Mapsly-Logo-2x-BIG.png\",\"width\":280,\"height\":85,\"caption\":\"Mapsly\"},\"image\":{\"@id\":\"https:\/\/mapsly.com\/#\/schema\/logo\/image\/\"}}]}<\/script>\n<!-- \/ Yoast SEO plugin. -->","yoast_head_json":{"title":"Smartsheet Kontrol Panelinize Canl\u0131 Harita Ekleyin - Mapsly","description":"SmartSheet kontrol panelinize canl\u0131, etkile\u015fimli bir harita yerle\u015ftirin. Harita verileri, SmartSheet, CRM veya di\u011fer herhangi bir veri kayna\u011f\u0131 ile ger\u00e7ek zamanl\u0131 olarak senkronize edilir.","robots":{"index":"index","follow":"follow","max-snippet":"max-snippet:-1","max-image-preview":"max-image-preview:large","max-video-preview":"max-video-preview:-1"},"canonical":"https:\/\/mapsly.com\/tr\/smartsheet-map\/","og_locale":"tr_TR","og_type":"article","og_title":"Add Live Map to Your Smartsheet Dashboard - Mapsly","og_description":"Embed a live interactive map to your SmartSheet dashboard. Map data is synced in real time with your SmartSheet, CRM or any other data source.","og_url":"https:\/\/mapsly.com\/tr\/smartsheet-map\/","og_site_name":"Mapsly","article_modified_time":"2026-02-20T08:14:27+00:00","twitter_card":"summary_large_image","twitter_misc":{"Tahmini okuma s\u00fcresi":"3 dakika"},"schema":{"@context":"https:\/\/schema.org","@graph":[{"@type":"WebPage","@id":"https:\/\/mapsly.com\/smartsheet-map\/","url":"https:\/\/mapsly.com\/smartsheet-map\/","name":"Smartsheet Kontrol Panelinize Canl\u0131 Harita Ekleyin - Mapsly","isPartOf":{"@id":"https:\/\/mapsly.com\/#website"},"datePublished":"2025-07-24T12:02:11+00:00","dateModified":"2026-02-20T08:14:27+00:00","description":"SmartSheet kontrol panelinize canl\u0131, etkile\u015fimli bir harita yerle\u015ftirin. Harita verileri, SmartSheet, CRM veya di\u011fer herhangi bir veri kayna\u011f\u0131 ile ger\u00e7ek zamanl\u0131 olarak senkronize edilir.","breadcrumb":{"@id":"https:\/\/mapsly.com\/smartsheet-map\/#breadcrumb"},"inLanguage":"tr","potentialAction":[{"@type":"ReadAction","target":["https:\/\/mapsly.com\/smartsheet-map\/"]}]},{"@type":"BreadcrumbList","@id":"https:\/\/mapsly.com\/smartsheet-map\/#breadcrumb","itemListElement":[{"@type":"ListItem","position":1,"name":"Home","item":"https:\/\/mapsly.com\/"},{"@type":"ListItem","position":2,"name":"Add Live Map to Your Smartsheet Dashboard"}]},{"@type":"WebSite","@id":"https:\/\/mapsly.com\/#website","url":"https:\/\/mapsly.com\/","name":"Mapsly","description":"Nihai CRM Haritas\u0131","publisher":{"@id":"https:\/\/mapsly.com\/#organization"},"potentialAction":[{"@type":"SearchAction","target":{"@type":"EntryPoint","urlTemplate":"https:\/\/mapsly.com\/?s={search_term_string}"},"query-input":{"@type":"PropertyValueSpecification","valueRequired":true,"valueName":"search_term_string"}}],"inLanguage":"tr"},{"@type":"Organization","@id":"https:\/\/mapsly.com\/#organization","name":"Mapsly","url":"https:\/\/mapsly.com\/","logo":{"@type":"ImageObject","inLanguage":"tr","@id":"https:\/\/mapsly.com\/#\/schema\/logo\/image\/","url":"https:\/\/mapsly.com\/wp-content\/uploads\/2025\/06\/Mapsly-Logo-2x-BIG.png","contentUrl":"https:\/\/mapsly.com\/wp-content\/uploads\/2025\/06\/Mapsly-Logo-2x-BIG.png","width":280,"height":85,"caption":"Mapsly"},"image":{"@id":"https:\/\/mapsly.com\/#\/schema\/logo\/image\/"}}]}},"_links":{"self":[{"href":"https:\/\/mapsly.com\/tr\/wp-json\/wp\/v2\/pages\/1863","targetHints":{"allow":["GET"]}}],"collection":[{"href":"https:\/\/mapsly.com\/tr\/wp-json\/wp\/v2\/pages"}],"about":[{"href":"https:\/\/mapsly.com\/tr\/wp-json\/wp\/v2\/types\/page"}],"author":[{"embeddable":true,"href":"https:\/\/mapsly.com\/tr\/wp-json\/wp\/v2\/users\/2"}],"replies":[{"embeddable":true,"href":"https:\/\/mapsly.com\/tr\/wp-json\/wp\/v2\/comments?post=1863"}],"version-history":[{"count":40,"href":"https:\/\/mapsly.com\/tr\/wp-json\/wp\/v2\/pages\/1863\/revisions"}],"predecessor-version":[{"id":25114,"href":"https:\/\/mapsly.com\/tr\/wp-json\/wp\/v2\/pages\/1863\/revisions\/25114"}],"wp:attachment":[{"href":"https:\/\/mapsly.com\/tr\/wp-json\/wp\/v2\/media?parent=1863"}],"curies":[{"name":"wp","href":"https:\/\/api.w.org\/{rel}","templated":true}]}}