{"id":434,"date":"2025-06-26T17:07:19","date_gmt":"2025-06-26T14:07:19","guid":{"rendered":"https:\/\/mapsly.com?page_id=434"},"modified":"2025-12-16T14:43:25","modified_gmt":"2025-12-16T11:43:25","slug":"field-routing-for-service-agents-with-check-in","status":"publish","type":"page","link":"https:\/\/mapsly.com\/pt\/field-routing-for-service-agents-with-check-in\/","title":{"rendered":"Cen\u00e1rio de Uso: Roteamento de Campo para Agentes de Servi\u00e7o"},"content":{"rendered":"<div data-elementor-type=\"wp-page\" data-elementor-id=\"434\" class=\"elementor elementor-434\" data-elementor-post-type=\"page\">\n\t\t\t\t<div class=\"elementor-element elementor-element-4e31283 e-flex e-con-boxed e-con e-parent\" data-id=\"4e31283\" data-element_type=\"container\" data-e-type=\"container\">\n\t\t\t\t\t<div class=\"e-con-inner\">\n\t\t\t\t<div class=\"elementor-element elementor-element-67f249e elementor-widget elementor-widget-heading\" data-id=\"67f249e\" data-element_type=\"widget\" data-e-type=\"widget\" data-widget_type=\"heading.default\">\n\t\t\t\t<div class=\"elementor-widget-container\">\n\t\t\t\t\t<h1 class=\"elementor-heading-title elementor-size-default\">Cen\u00e1rio de Uso: Roteamento de Campo para Agentes de Servi\u00e7o\n<\/h1>\t\t\t\t<\/div>\n\t\t\t\t<\/div>\n\t\t\t\t<div class=\"elementor-element elementor-element-44c7740 elementor-widget elementor-widget-heading\" data-id=\"44c7740\" data-element_type=\"widget\" data-e-type=\"widget\" data-widget_type=\"heading.default\">\n\t\t\t\t<div class=\"elementor-widget-container\">\n\t\t\t\t\t<p class=\"elementor-heading-title elementor-size-default\">Este estudo de caso demonstra um cen\u00e1rio no qual um agente de servi\u00e7o navega at\u00e9 os trabalhos de hoje.\n<\/p>\t\t\t\t<\/div>\n\t\t\t\t<\/div>\n\t\t\t\t\t<\/div>\n\t\t\t\t<\/div>\n\t\t<div class=\"elementor-element elementor-element-4942fd63 e-flex e-con-boxed e-con e-parent\" data-id=\"4942fd63\" data-element_type=\"container\" data-e-type=\"container\">\n\t\t\t\t\t<div class=\"e-con-inner\">\n\t\t\t\t<div class=\"elementor-element elementor-element-58dfee1 elementor-widget elementor-widget-video\" data-id=\"58dfee1\" data-element_type=\"widget\" data-e-type=\"widget\" data-settings=\"{&quot;youtube_url&quot;:&quot;https:\\\/\\\/youtu.be\\\/DSWejED2d6s&quot;,&quot;video_type&quot;:&quot;youtube&quot;,&quot;controls&quot;:&quot;yes&quot;}\" data-widget_type=\"video.default\">\n\t\t\t\t<div class=\"elementor-widget-container\">\n\t\t\t\t\t\t\t<div class=\"elementor-wrapper elementor-open-inline\">\n\t\t\t<div class=\"elementor-video\"><\/div>\t\t<\/div>\n\t\t\t\t\t\t<\/div>\n\t\t\t\t<\/div>\n\t\t\t\t<div class=\"elementor-element elementor-element-5a5590b elementor-widget elementor-widget-text-editor\" data-id=\"5a5590b\" data-element_type=\"widget\" data-e-type=\"widget\" data-widget_type=\"text-editor.default\">\n\t\t\t\t<div class=\"elementor-widget-container\">\n\t\t\t\t\t\t\t\t\t<p>\u00a0<\/p>\n\n<h2 class=\"wp-block-heading\">Recursos demonstrados<\/h2>\n\n<p>Este v\u00eddeo de demonstra\u00e7\u00e3o apresenta os recursos do Mapsly para agentes de campo (como representantes de vendas ou equipes de servi\u00e7o):<\/p>\n\n<ol class=\"wp-block-list\">\n<li>Aplicativo m\u00f3vel.<\/li>\n<li>Camadas de mapa personalizadas.<\/li>\n<li>Roteamento otimizado.<\/li>\n<li>Modo viagem.<\/li>\n<li>Registrar entrada e sa\u00edda de um trabalho.<\/li>\n<li>Navega\u00e7\u00e3o com um clique.<\/li>\n<li>Integra\u00e7\u00e3o entre Mapsly e o aplicativo m\u00f3vel de CRM (neste exemplo, o aplicativo m\u00f3vel Zoho CRM).<\/li>\n<\/ol>\n\n<h2 class=\"wp-block-heading\">A\u00e7\u00f5es do usu\u00e1rio no v\u00eddeo (passo a passo)<\/h2>\n\n<p>Neste cen\u00e1rio, um agente (que pode ou n\u00e3o ser um usu\u00e1rio do CRM) \u00e9 designado. <em>trabalhos de servi\u00e7o<\/em>No Mapsly, o supervisor do agente pr\u00e9-configurou v\u00e1rias camadas de mapa que incluem apenas os trabalhos atribu\u00eddos ao agente:<\/p>\n\n<ol class=\"wp-block-list\">\n<li><strong>Tarefas de hoje <\/strong>marcadores vermelhos<\/li>\n<li><strong>Os empregos de amanh\u00e3 <\/strong>(marcadores laranja)<\/li>\n<li>e <strong>Outros trabalhos <\/strong>input=(marcadores verdes).<\/li>\n<\/ol>\n\n<p>O agente oculta todas as camadas, exceto 'Today\u2019s jobs', e utiliza a ferramenta de la\u00e7o de roteamento para adicionar todos os trabalhos de hoje ao painel Route. Em seguida, ele monta uma rota otimizada do seu local padr\u00e3o ('Home') at\u00e9 um local previamente salvo ('Office'), levando em conta o tr\u00e1fego atual, e ent\u00e3o muda para o 'Trip mode' para seguir a rota.<\/p>\n\n<p>O painel de waypoints do modo Trip mostra a rota para a primeira parada, e o agente clica em \u201cNavigate\u201d para navegar at\u00e9 o local using <strong>Waze<\/strong>. <em>Al\u00e9m do Waze, eles tamb\u00e9m podem navegar usando o Google Maps ou o Apple Maps.<\/em><\/p>\n\n<p>Quando o agente chega ao local do primeiro trabalho, ele faz o check-in do trabalho clicando no <strong>Iniciar trabalho<\/strong> bot\u00e3o e preencha as notas que s\u00e3o imediatamente salvas no registro de trabalho no CRM juntamente com o <em>localiza\u00e7\u00e3o do agente<\/em>, <em>dist\u00e2ncia <\/em>da localiza\u00e7\u00e3o do trabalho e da marca \u201cVerified: Yes\u201d que confirma que o agente est\u00e1 a menos de 1\/4 de milha (ou km, dependendo das unidades de dist\u00e2ncia da sua conta Mapsly) da localiza\u00e7\u00e3o do trabalho.<\/p>\n\n<p>Depois que o agente conclui o trabalho, ele efetua o check-out do trabalho clicando no <strong>Finalizar trabalho<\/strong> bot\u00e3o e preencha as notas que est\u00e3o, assim como no caso de <strong>Iniciar trabalho<\/strong> input=process, tamb\u00e9m \u00e9 imediatamente salvo no registro de trabalho no CRM juntamente com a localiza\u00e7\u00e3o atual do agente, a dist\u00e2ncia do local de trabalho, a marca \u201cVerified: Yes\u201d que confirma a presen\u00e7a do agente no local e a dura\u00e7\u00e3o real do trabalho.<\/p>\n\n<p>Ent\u00e3o o agente clica no <strong>Marcar como visitado<\/strong> no ponto de passagem da rota atual para remov\u00ea-lo da rota atual e reconstruir a rota a partir da localiza\u00e7\u00e3o atual at\u00e9 o pr\u00f3ximo trabalho, o que tamb\u00e9m atualiza o tempo estimado de chegada (ETA) em todos os trabalhos restantes.<\/p>\n\n<p>Ent\u00e3o o agente clica no <strong>Abrir no Zoho CRM<\/strong> bot\u00e3o para abrir o registro do trabalho no aplicativo m\u00f3vel Zoho CRM. <em>Observe que esse recurso est\u00e1 dispon\u00edvel apenas se o usu\u00e1rio for um usu\u00e1rio do Zoho CRM logado no aplicativo m\u00f3vel do Zoho CRM. O Mapsly funciona da mesma forma com os aplicativos m\u00f3veis de outros CRMs.<\/em><\/p>\n\n<p><strong>Iniciar trabalho<\/strong> e <strong>Finalizar trabalho<\/strong> neste cen\u00e1rio de demonstra\u00e7\u00e3o, s\u00e3o constru\u00eddos processos personalizados com o <a href=\"\/pt\/automation\/\">Suite de automa\u00e7\u00e3o da Mapsly<\/a>cada um consistindo de um bot\u00e3o personalizado embutido no menu do objeto personalizado waypoint do Service job, um formul\u00e1rio com um campo de Notas e um <em>Atualizar registro<\/em> A\u00e7\u00e3o que salva os dados no registro de CRM do trabalho em tempo real. O processo pode ser ajustado para criar novos registros de Check-in\/Check-out, eventos na linha do tempo, reuni\u00f5es; enviar e-mails ou mensagens de texto ou incluir qualquer outra sequ\u00eancia de a\u00e7\u00f5es dispon\u00edvel na su\u00edte de automa\u00e7\u00e3o.<\/p>\n\n<p>Opcionalmente, os agentes podem ser impedidos de fazer check-in ou check-out de uma tarefa se estiverem muito distantes do local de trabalho.<\/p>\n\n<p>Al\u00e9m disso, talvez seja necess\u00e1rio solicitar a ativa\u00e7\u00e3o dos agentes. <a href=\"\/pt\/check-in-check-out-with-geofencing\/\">rastreamento de localiza\u00e7\u00e3o<\/a> Assim, o supervisor da equipe p\u00f4de ver sua localiza\u00e7\u00e3o em tempo real no mapa, bem como o hist\u00f3rico de movimentos.<\/p>\n\n<figure class=\"wp-block-pullquote\">\n<blockquote>\n<p>A equipe de implementa\u00e7\u00e3o do Mapsly configurar\u00e1 o processo de check-in e check-out e treinar\u00e1 sua equipe de vendas para que voc\u00ea possa aproveitar ao m\u00e1ximo o Mapsly, concentrando-se no seu neg\u00f3cio. <br \/><a href=\"https:\/\/calendly.com\/mapsly-meeting\/quick-demo\" target=\"_blank\" rel=\"noopener\">Agende uma chamada web hoje<\/a>.<\/p>\n<cite>Ou pergunte-nos qualquer coisa no chat, estamos sempre online<\/cite><\/blockquote>\n<\/figure>\n\n<h2 class=\"wp-block-heading\">Saiba mais<\/h2>\n\n<ul class=\"wp-block-list\">\n<li><a href=\"\/pt\/automation\/\">Suite de automa\u00e7\u00e3o da Mapsly<\/a><\/li>\n<li><a href=\"\/pt\/check-in-check-out-with-geofencing\/\">Check-in e check-out configur\u00e1veis com verifica\u00e7\u00e3o de localiza\u00e7\u00e3o<\/a><\/li>\n<li><a href=\"\/pt\/user-location-tracking\/\">Rastreamento de localiza\u00e7\u00e3o do usu\u00e1rio e hist\u00f3rico de movimentos<\/a><\/li>\n<\/ul>\n\n<div class=\"wp-block-spacer\" style=\"height: 100px;\" aria-hidden=\"true\">\u00a0<\/div>\n\t\t\t\t\t\t\t\t<\/div>\n\t\t\t\t<\/div>\n\t\t\t\t\t<\/div>\n\t\t\t\t<\/div>\n\t\t\t\t<\/div>","protected":false},"excerpt":{"rendered":"<p>Use Scenario: Field Routing for Service Agents Este estudo de caso demonstra um cen\u00e1rio no qual um agente de servi\u00e7o navega at\u00e9 suas tarefas do dia https:\/\/youtu.be\/DSWejED2d6s\n\nRecursos Demonstrados\nEste v\u00eddeo de demonstra\u00e7\u00e3o apresenta os recursos do Mapsly para agentes de campo (como representantes de vendas ou equipes de servi\u00e7o): App m\u00f3vel. Camadas de mapa personalizadas. Roteamento otimizado. Modo de viagem. Check-in e [&hellip;]<\/p>","protected":false},"author":1,"featured_media":0,"parent":0,"menu_order":0,"comment_status":"closed","ping_status":"closed","template":"elementor_header_footer","meta":{"_acf_changed":false,"footnotes":""},"class_list":["post-434","page","type-page","status-publish","hentry"],"acf":[],"yoast_head":"<!-- This site is optimized with the Yoast SEO plugin v26.6 - https:\/\/yoast.com\/wordpress\/plugins\/seo\/ -->\n<title>Use Scenario: Field Routing for Service Agents - Mapsly<\/title>\n<meta name=\"robots\" content=\"index, follow, max-snippet:-1, max-image-preview:large, max-video-preview:-1\" \/>\n<link rel=\"canonical\" href=\"https:\/\/mapsly.com\/pt\/field-routing-for-service-agents-with-check-in\/\" \/>\n<meta property=\"og:locale\" content=\"pt_PT\" \/>\n<meta property=\"og:type\" content=\"article\" \/>\n<meta property=\"og:title\" content=\"Use Scenario: Field Routing for Service Agents - Mapsly\" \/>\n<meta property=\"og:description\" content=\"Use Scenario: Field Routing for Service Agents This case study demonstrates a scenario in which a service agent navigates to their today\u2019s jobs https:\/\/youtu.be\/DSWejED2d6s \u00a0 Demonstrated features This demo video showcases Mapsly features for field agents (like sales reps or service teams): Mobile app. Custom map layers. Optimized routing. Trip mode. Checking in to and [&hellip;]\" \/>\n<meta property=\"og:url\" content=\"https:\/\/mapsly.com\/pt\/field-routing-for-service-agents-with-check-in\/\" \/>\n<meta property=\"og:site_name\" content=\"Mapsly\" \/>\n<meta property=\"article:modified_time\" content=\"2025-12-16T11:43:25+00:00\" \/>\n<meta name=\"twitter:card\" content=\"summary_large_image\" \/>\n<meta name=\"twitter:label1\" content=\"Tempo estimado de leitura\" \/>\n\t<meta name=\"twitter:data1\" content=\"3 minutos\" \/>\n<script type=\"application\/ld+json\" class=\"yoast-schema-graph\">{\"@context\":\"https:\/\/schema.org\",\"@graph\":[{\"@type\":\"WebPage\",\"@id\":\"https:\/\/mapsly.com\/field-routing-for-service-agents-with-check-in\/\",\"url\":\"https:\/\/mapsly.com\/field-routing-for-service-agents-with-check-in\/\",\"name\":\"Use Scenario: Field Routing for Service Agents - Mapsly\",\"isPartOf\":{\"@id\":\"https:\/\/mapsly.com\/#website\"},\"datePublished\":\"2025-06-26T14:07:19+00:00\",\"dateModified\":\"2025-12-16T11:43:25+00:00\",\"breadcrumb\":{\"@id\":\"https:\/\/mapsly.com\/field-routing-for-service-agents-with-check-in\/#breadcrumb\"},\"inLanguage\":\"pt-PT\",\"potentialAction\":[{\"@type\":\"ReadAction\",\"target\":[\"https:\/\/mapsly.com\/field-routing-for-service-agents-with-check-in\/\"]}]},{\"@type\":\"BreadcrumbList\",\"@id\":\"https:\/\/mapsly.com\/field-routing-for-service-agents-with-check-in\/#breadcrumb\",\"itemListElement\":[{\"@type\":\"ListItem\",\"position\":1,\"name\":\"Home\",\"item\":\"https:\/\/mapsly.com\/\"},{\"@type\":\"ListItem\",\"position\":2,\"name\":\"Use Scenario: Field Routing for Service Agents\"}]},{\"@type\":\"WebSite\",\"@id\":\"https:\/\/mapsly.com\/#website\",\"url\":\"https:\/\/mapsly.com\/\",\"name\":\"Mapsly\",\"description\":\"The Ultimate CRM Map\",\"publisher\":{\"@id\":\"https:\/\/mapsly.com\/#organization\"},\"potentialAction\":[{\"@type\":\"SearchAction\",\"target\":{\"@type\":\"EntryPoint\",\"urlTemplate\":\"https:\/\/mapsly.com\/?s={search_term_string}\"},\"query-input\":{\"@type\":\"PropertyValueSpecification\",\"valueRequired\":true,\"valueName\":\"search_term_string\"}}],\"inLanguage\":\"pt-PT\"},{\"@type\":\"Organization\",\"@id\":\"https:\/\/mapsly.com\/#organization\",\"name\":\"Mapsly\",\"url\":\"https:\/\/mapsly.com\/\",\"logo\":{\"@type\":\"ImageObject\",\"inLanguage\":\"pt-PT\",\"@id\":\"https:\/\/mapsly.com\/#\/schema\/logo\/image\/\",\"url\":\"https:\/\/mapsly.com\/wp-content\/uploads\/2025\/06\/Mapsly-Logo-2x-BIG.png\",\"contentUrl\":\"https:\/\/mapsly.com\/wp-content\/uploads\/2025\/06\/Mapsly-Logo-2x-BIG.png\",\"width\":280,\"height\":85,\"caption\":\"Mapsly\"},\"image\":{\"@id\":\"https:\/\/mapsly.com\/#\/schema\/logo\/image\/\"}}]}<\/script>\n<!-- \/ Yoast SEO plugin. -->","yoast_head_json":{"title":"Cen\u00e1rio de Uso: Roteamento de Campo para Agentes de Servi\u00e7o - Mapsly","robots":{"index":"index","follow":"follow","max-snippet":"max-snippet:-1","max-image-preview":"max-image-preview:large","max-video-preview":"max-video-preview:-1"},"canonical":"https:\/\/mapsly.com\/pt\/field-routing-for-service-agents-with-check-in\/","og_locale":"pt_PT","og_type":"article","og_title":"Use Scenario: Field Routing for Service Agents - Mapsly","og_description":"Use Scenario: Field Routing for Service Agents This case study demonstrates a scenario in which a service agent navigates to their today\u2019s jobs https:\/\/youtu.be\/DSWejED2d6s \u00a0 Demonstrated features This demo video showcases Mapsly features for field agents (like sales reps or service teams): Mobile app. Custom map layers. Optimized routing. Trip mode. Checking in to and [&hellip;]","og_url":"https:\/\/mapsly.com\/pt\/field-routing-for-service-agents-with-check-in\/","og_site_name":"Mapsly","article_modified_time":"2025-12-16T11:43:25+00:00","twitter_card":"summary_large_image","twitter_misc":{"Tempo estimado de leitura":"3 minutos"},"schema":{"@context":"https:\/\/schema.org","@graph":[{"@type":"WebPage","@id":"https:\/\/mapsly.com\/field-routing-for-service-agents-with-check-in\/","url":"https:\/\/mapsly.com\/field-routing-for-service-agents-with-check-in\/","name":"Cen\u00e1rio de Uso: Roteamento de Campo para Agentes de Servi\u00e7o - Mapsly","isPartOf":{"@id":"https:\/\/mapsly.com\/#website"},"datePublished":"2025-06-26T14:07:19+00:00","dateModified":"2025-12-16T11:43:25+00:00","breadcrumb":{"@id":"https:\/\/mapsly.com\/field-routing-for-service-agents-with-check-in\/#breadcrumb"},"inLanguage":"pt-PT","potentialAction":[{"@type":"ReadAction","target":["https:\/\/mapsly.com\/field-routing-for-service-agents-with-check-in\/"]}]},{"@type":"BreadcrumbList","@id":"https:\/\/mapsly.com\/field-routing-for-service-agents-with-check-in\/#breadcrumb","itemListElement":[{"@type":"ListItem","position":1,"name":"Home","item":"https:\/\/mapsly.com\/"},{"@type":"ListItem","position":2,"name":"Use Scenario: Field Routing for Service Agents"}]},{"@type":"WebSite","@id":"https:\/\/mapsly.com\/#website","url":"https:\/\/mapsly.com\/","name":"Mapsly","description":"O Mapa Definitivo de CRM","publisher":{"@id":"https:\/\/mapsly.com\/#organization"},"potentialAction":[{"@type":"SearchAction","target":{"@type":"EntryPoint","urlTemplate":"https:\/\/mapsly.com\/?s={search_term_string}"},"query-input":{"@type":"PropertyValueSpecification","valueRequired":true,"valueName":"search_term_string"}}],"inLanguage":"pt-PT"},{"@type":"Organization","@id":"https:\/\/mapsly.com\/#organization","name":"Mapsly","url":"https:\/\/mapsly.com\/","logo":{"@type":"ImageObject","inLanguage":"pt-PT","@id":"https:\/\/mapsly.com\/#\/schema\/logo\/image\/","url":"https:\/\/mapsly.com\/wp-content\/uploads\/2025\/06\/Mapsly-Logo-2x-BIG.png","contentUrl":"https:\/\/mapsly.com\/wp-content\/uploads\/2025\/06\/Mapsly-Logo-2x-BIG.png","width":280,"height":85,"caption":"Mapsly"},"image":{"@id":"https:\/\/mapsly.com\/#\/schema\/logo\/image\/"}}]}},"_links":{"self":[{"href":"https:\/\/mapsly.com\/pt\/wp-json\/wp\/v2\/pages\/434","targetHints":{"allow":["GET"]}}],"collection":[{"href":"https:\/\/mapsly.com\/pt\/wp-json\/wp\/v2\/pages"}],"about":[{"href":"https:\/\/mapsly.com\/pt\/wp-json\/wp\/v2\/types\/page"}],"author":[{"embeddable":true,"href":"https:\/\/mapsly.com\/pt\/wp-json\/wp\/v2\/users\/1"}],"replies":[{"embeddable":true,"href":"https:\/\/mapsly.com\/pt\/wp-json\/wp\/v2\/comments?post=434"}],"version-history":[{"count":34,"href":"https:\/\/mapsly.com\/pt\/wp-json\/wp\/v2\/pages\/434\/revisions"}],"predecessor-version":[{"id":25135,"href":"https:\/\/mapsly.com\/pt\/wp-json\/wp\/v2\/pages\/434\/revisions\/25135"}],"wp:attachment":[{"href":"https:\/\/mapsly.com\/pt\/wp-json\/wp\/v2\/media?parent=434"}],"curies":[{"name":"wp","href":"https:\/\/api.w.org\/{rel}","templated":true}]}}