{"id":432,"date":"2025-06-26T17:07:05","date_gmt":"2025-06-26T14:07:05","guid":{"rendered":"https:\/\/mapsly.com?page_id=432"},"modified":"2025-10-19T23:57:18","modified_gmt":"2025-10-19T20:57:18","slug":"usage-limits-and-add-ons","status":"publish","type":"page","link":"https:\/\/mapsly.com\/pt\/usage-limits-and-add-ons\/","title":{"rendered":"Limites de Uso e Complementos"},"content":{"rendered":"<div data-elementor-type=\"wp-page\" data-elementor-id=\"432\" class=\"elementor elementor-432\" data-elementor-post-type=\"page\">\n\t\t\t\t<div class=\"elementor-element elementor-element-7428fc4f e-flex e-con-boxed e-con e-parent\" data-id=\"7428fc4f\" data-element_type=\"container\" data-e-type=\"container\">\n\t\t\t\t\t<div class=\"e-con-inner\">\n\t\t\t\t<div class=\"elementor-element elementor-element-7e7bacb elementor-widget elementor-widget-text-editor\" data-id=\"7e7bacb\" data-element_type=\"widget\" data-e-type=\"widget\" data-widget_type=\"text-editor.default\">\n\t\t\t\t<div class=\"elementor-widget-container\">\n\t\t\t\t\t\t\t\t\t<p>Saiba como sua assinatura Mapsly se ajusta para acomodar o uso de v\u00e1rios recursos do Mapsly.<\/p>\t\t\t\t\t\t\t\t<\/div>\n\t\t\t\t<\/div>\n\t\t\t\t<div class=\"elementor-element elementor-element-5faf514d text-ed-subpr elementor-widget elementor-widget-text-editor\" data-id=\"5faf514d\" data-element_type=\"widget\" data-e-type=\"widget\" data-widget_type=\"text-editor.default\">\n\t\t\t\t<div class=\"elementor-widget-container\">\n\t\t\t\t\t\t\t\t\t\n<p>Os planos de pre\u00e7os do Mapsly imp\u00f5em limites padr\u00e3o no uso de roteamento, automa\u00e7\u00e3o, API e territ\u00f3rios, que podem ser aumentados ao atualizar para um plano superior ou aplicar complementos, dependendo do limite, conforme descrito abaixo.<\/p>\n\n<h2 class=\"wp-block-heading\">Limites de Roteamento (Di\u00e1rio)<\/h2>\n\n<p>O n\u00famero m\u00e1ximo total de rotas que todos os seus usu\u00e1rios combinados podem criar em um dia do calend\u00e1rio que come\u00e7a \u00e0s 00:00 UTC depende do plano de assinatura:<\/p>\n\n<ul class=\"wp-block-list\">\n<li>ligado <strong>Essential<\/strong>100 rotas * n\u00famero de usu\u00e1rios<\/li>\n\n<li>ligado <strong>Pro<\/strong>500 rotas * n\u00famero de usu\u00e1rios<\/li>\n\n<li>ligado <strong>Enterprise<\/strong>: ilimitado.<\/li>\n<\/ul>\n\n<p>Para aumentar este limite, fa\u00e7a upgrade para um plano superior.<\/p>\n\n<h2 class=\"wp-block-heading\">Limites do Territ\u00f3rio (Est\u00e1tico)<\/h2>\n\n<p>Esses limites definem o valor m\u00e1ximo que as m\u00e9tricas indicadas podem ter a qualquer momento e se aplicam a <strong>Pro <\/strong>e <strong>Enterprise <\/strong>planos. <strong>Essential <\/strong>n\u00e3o inclui territ\u00f3rios).<\/p>\n\n<figure class=\"wp-block-table\">\n<table>\n<tbody>\n<tr>\n<td><strong>M\u00e9trica<\/strong><\/td>\n<td><strong>Inclu\u00eddo<\/strong><\/td>\n<td><strong><strong>Tamanho do incremento<\/strong><\/strong><\/td>\n<td><strong>Pre\u00e7o por <strong>incremento<\/strong><\/strong><\/td>\n<\/tr>\n<tr>\n<td>Territ\u00f3rios de atribui\u00e7\u00e3o*<\/td>\n<td>50<\/td>\n<td>50<\/td>\n<td>$25<\/td>\n<\/tr>\n<tr>\n<td>M\u00e9trica do territ\u00f3rio calculada**<\/td>\n<td>100<\/td>\n<td>50<\/td>\n<td>$25<\/td>\n<\/tr>\n<\/tbody>\n<\/table>\n<\/figure>\n\n<p>(*) Um <em>territ\u00f3rio de atribui\u00e7\u00e3o <\/em>\u00e9 um territ\u00f3rio ao qual os registros s\u00e3o atribu\u00eddos automaticamente. Todos os territ\u00f3rios em um grupo de territ\u00f3rios marcado como <em>Atribuir registros<\/em> <em>para territ\u00f3rios neste grupo<\/em> s\u00e3o territ\u00f3rios de atribui\u00e7\u00e3o e contam para este limite. Um exemplo de territ\u00f3rios n\u00e3o atribu\u00eddos que n\u00e3o contam para este limite \u00e9 um grupo de territ\u00f3rios constru\u00eddo a partir da biblioteca geo para visualiza\u00e7\u00e3o de m\u00e9tricas demogr\u00e1ficas (que n\u00e3o est\u00e1 marcado como <em>Atribua registros aos territ\u00f3rios deste grupo<\/em>).<\/p>\n\n<p>(**) A <em>m\u00e9trica de territ\u00f3rio calculada<\/em> \u00e9 uma m\u00e9trica personalizada calculada com base nos dados de registros localizados em um territ\u00f3rio. Por exemplo, voc\u00ea pode ter uma m\u00e9trica desse tipo em um grupo de 100 territ\u00f3rios, ou 5 m\u00e9tricas em um grupo de 20, ou 10 m\u00e9tricas em um grupo de 10. (M\u00e9tricas demogr\u00e1ficas n\u00e3o s\u00e3o calculadas, portanto contam para esse limite.)<\/p>\n\n<p>Quando voc\u00ea adiciona territ\u00f3rios ou m\u00e9tricas acima do limite, o Mapsly solicitar\u00e1 que voc\u00ea confirme a aplica\u00e7\u00e3o dos complementos apropriados para acomodar seu uso real.<\/p>\n\n<h2 class=\"wp-block-heading\">Limites de API e Automa\u00e7\u00e3o (Di\u00e1rios)<\/h2>\n\n<p>Estes limites definem o n\u00famero m\u00e1ximo de chamadas (execu\u00e7\u00f5es) por dia civil que come\u00e7a \u00e0s 00:00 UTC e aplicam-se a <strong>Pro <\/strong>e <strong>Enterprise <\/strong>planos. <strong>Essential <\/strong>n\u00e3o inclui acesso \u00e0 automa\u00e7\u00e3o ou API).<\/p>\n\n<figure class=\"wp-block-table\">\n<table>\n<tbody>\n<tr>\n<td><strong>M\u00e9trica<\/strong><\/td>\n<td><strong>Inclu\u00eddo<\/strong><\/td>\n<td><strong>Tamanho do incremento<\/strong><\/td>\n<td><strong>Pre\u00e7o por incremento<\/strong><\/td>\n<\/tr>\n<tr>\n<td>Regras de fluxo de trabalho<\/td>\n<td>5,000<\/td>\n<td>5,000<\/td>\n<td>$25<\/td>\n<\/tr>\n<tr>\n<td>API de Entrada<\/td>\n<td>5,000<\/td>\n<td>5,000<\/td>\n<td>$25<\/td>\n<\/tr>\n<tr>\n<td>Webhooks de sa\u00edda<\/td>\n<td>5,000<\/td>\n<td>5,000<\/td>\n<td>$25<\/td>\n<\/tr>\n<tr>\n<td>Fun\u00e7\u00f5es personalizadas<\/td>\n<td>1,000<\/td>\n<td>1,000<\/td>\n<td>$25<\/td>\n<\/tr>\n<tr>\n<td>a\u00e7\u00f5es \"Enviar e-mail\"<\/td>\n<td>500<\/td>\n<td>500<\/td>\n<td>$25<\/td>\n<\/tr>\n<tr>\n<td>Execu\u00e7\u00f5es das a\u00e7\u00f5es \u201cMatch records\u201d que utilizam dist\u00e2ncia ou tempo de viagem, e chamadas combinadas para TravelingDistance\/TravelingTime<\/td>\n<td>1,000<\/td>\n<td>1,000<\/td>\n<td>$25<\/td>\n<\/tr>\n<\/tbody>\n<\/table>\n<\/figure>\n\n<p>Dependendo da sua prefer\u00eancia, quando um limite for atingido, o Mapsly far\u00e1 uma das seguintes a\u00e7\u00f5es:<\/p>\n\n<ul class=\"wp-block-list\">\n<li>Regras de fluxo de trabalho, a\u00e7\u00f5es e chamadas de API afetadas pelo limite atingido falhar\u00e3o at\u00e9 o final do dia atual e ser\u00e3o retomadas quando o limite for redefinido.<\/li>\n\n<li>O Mapsly pode aplicar automaticamente os complementos apropriados que elevar\u00e3o imediatamente esse limite para evitar falhas. Embora o limite seja elevado imediatamente, o pre\u00e7o da assinatura atualizado ser\u00e1 cobrado somente na pr\u00f3xima data de faturamento, proporcionando um per\u00edodo de car\u00eancia para decidir se deseja manter o novo n\u00edvel de automa\u00e7\u00e3o ou reduzi-lo ao n\u00edvel anterior e solicitar a remo\u00e7\u00e3o desses complementos.<\/li>\n<\/ul>\n\n<p>Observe que, uma vez aplicados, os complementos n\u00e3o s\u00e3o removidos automaticamente se o seu uso diminuir e voc\u00ea n\u00e3o precisar mais dos limites aumentados. Se desejar remover um complemento, entre em contato conosco via chat para solicitar a remo\u00e7\u00e3o.<\/p>\n\t\t\t\t\t\t\t\t<\/div>\n\t\t\t\t<\/div>\n\t\t\t\t\t<\/div>\n\t\t\t\t<\/div>\n\t\t\t\t<\/div>","protected":false},"excerpt":{"rendered":"<p>Saiba como a sua subscri\u00e7\u00e3o Mapsly se ajusta para acomodar o seu uso das v\u00e1rias funcionalidades do Mapsly. Os planos de pre\u00e7os Mapsly imp\u00f5em limites padr\u00e3o ao uso de roteamento, automa\u00e7\u00e3o, API e territ\u00f3rios que podem ser aumentados ao atualizar para um plano superior ou aplicar add-ons dependendo do limite, conforme descrito abaixo. Limites de roteamento (di\u00e1rios) O total m\u00e1ximo de n\u00famero [&hellip;]<\/p>","protected":false},"author":1,"featured_media":0,"parent":0,"menu_order":0,"comment_status":"closed","ping_status":"closed","template":"","meta":{"_acf_changed":false,"footnotes":""},"class_list":["post-432","page","type-page","status-publish","hentry"],"acf":[],"yoast_head":"<!-- This site is optimized with the Yoast SEO plugin v26.6 - https:\/\/yoast.com\/wordpress\/plugins\/seo\/ -->\n<title>Usage Limits and Add-ons - Mapsly<\/title>\n<meta name=\"robots\" content=\"index, follow, max-snippet:-1, max-image-preview:large, max-video-preview:-1\" \/>\n<link rel=\"canonical\" href=\"https:\/\/mapsly.com\/pt\/usage-limits-and-add-ons\/\" \/>\n<meta property=\"og:locale\" content=\"pt_PT\" \/>\n<meta property=\"og:type\" content=\"article\" \/>\n<meta property=\"og:title\" content=\"Usage Limits and Add-ons - Mapsly\" \/>\n<meta property=\"og:description\" content=\"Learn how your Mapsly subscription adjusts to accommodate your usage of various Mapsly features Mapsly pricing plans impose standard limits on usage of routing, automation, API and territories that can be raised by upgrading to a higher plan or applying add-ons depending on the limit, as described below. Routing Limits (Daily) The maximum total number [&hellip;]\" \/>\n<meta property=\"og:url\" content=\"https:\/\/mapsly.com\/pt\/usage-limits-and-add-ons\/\" \/>\n<meta property=\"og:site_name\" content=\"Mapsly\" \/>\n<meta property=\"article:modified_time\" content=\"2025-10-19T20:57:18+00:00\" \/>\n<meta name=\"twitter:card\" content=\"summary_large_image\" \/>\n<meta name=\"twitter:label1\" content=\"Tempo estimado de leitura\" \/>\n\t<meta name=\"twitter:data1\" content=\"3 minutos\" \/>\n<script type=\"application\/ld+json\" class=\"yoast-schema-graph\">{\"@context\":\"https:\/\/schema.org\",\"@graph\":[{\"@type\":\"WebPage\",\"@id\":\"https:\/\/mapsly.com\/zh\/usage-limits-and-add-ons\/\",\"url\":\"https:\/\/mapsly.com\/zh\/usage-limits-and-add-ons\/\",\"name\":\"Usage Limits and Add-ons - Mapsly\",\"isPartOf\":{\"@id\":\"https:\/\/mapsly.com\/#website\"},\"datePublished\":\"2025-06-26T14:07:05+00:00\",\"dateModified\":\"2025-10-19T20:57:18+00:00\",\"breadcrumb\":{\"@id\":\"https:\/\/mapsly.com\/zh\/usage-limits-and-add-ons\/#breadcrumb\"},\"inLanguage\":\"pt-PT\",\"potentialAction\":[{\"@type\":\"ReadAction\",\"target\":[\"https:\/\/mapsly.com\/zh\/usage-limits-and-add-ons\/\"]}]},{\"@type\":\"BreadcrumbList\",\"@id\":\"https:\/\/mapsly.com\/zh\/usage-limits-and-add-ons\/#breadcrumb\",\"itemListElement\":[{\"@type\":\"ListItem\",\"position\":1,\"name\":\"Home\",\"item\":\"https:\/\/mapsly.com\/\"},{\"@type\":\"ListItem\",\"position\":2,\"name\":\"Usage Limits and Add-ons\"}]},{\"@type\":\"WebSite\",\"@id\":\"https:\/\/mapsly.com\/#website\",\"url\":\"https:\/\/mapsly.com\/\",\"name\":\"Mapsly\",\"description\":\"The Ultimate CRM Map\",\"publisher\":{\"@id\":\"https:\/\/mapsly.com\/#organization\"},\"potentialAction\":[{\"@type\":\"SearchAction\",\"target\":{\"@type\":\"EntryPoint\",\"urlTemplate\":\"https:\/\/mapsly.com\/?s={search_term_string}\"},\"query-input\":{\"@type\":\"PropertyValueSpecification\",\"valueRequired\":true,\"valueName\":\"search_term_string\"}}],\"inLanguage\":\"pt-PT\"},{\"@type\":\"Organization\",\"@id\":\"https:\/\/mapsly.com\/#organization\",\"name\":\"Mapsly\",\"url\":\"https:\/\/mapsly.com\/\",\"logo\":{\"@type\":\"ImageObject\",\"inLanguage\":\"pt-PT\",\"@id\":\"https:\/\/mapsly.com\/#\/schema\/logo\/image\/\",\"url\":\"https:\/\/mapsly.com\/wp-content\/uploads\/2025\/06\/Mapsly-Logo-2x-BIG.png\",\"contentUrl\":\"https:\/\/mapsly.com\/wp-content\/uploads\/2025\/06\/Mapsly-Logo-2x-BIG.png\",\"width\":280,\"height\":85,\"caption\":\"Mapsly\"},\"image\":{\"@id\":\"https:\/\/mapsly.com\/#\/schema\/logo\/image\/\"}}]}<\/script>\n<!-- \/ Yoast SEO plugin. -->","yoast_head_json":{"title":"Limites de uso e complementos - Mapsly","robots":{"index":"index","follow":"follow","max-snippet":"max-snippet:-1","max-image-preview":"max-image-preview:large","max-video-preview":"max-video-preview:-1"},"canonical":"https:\/\/mapsly.com\/pt\/usage-limits-and-add-ons\/","og_locale":"pt_PT","og_type":"article","og_title":"Usage Limits and Add-ons - Mapsly","og_description":"Learn how your Mapsly subscription adjusts to accommodate your usage of various Mapsly features Mapsly pricing plans impose standard limits on usage of routing, automation, API and territories that can be raised by upgrading to a higher plan or applying add-ons depending on the limit, as described below. Routing Limits (Daily) The maximum total number [&hellip;]","og_url":"https:\/\/mapsly.com\/pt\/usage-limits-and-add-ons\/","og_site_name":"Mapsly","article_modified_time":"2025-10-19T20:57:18+00:00","twitter_card":"summary_large_image","twitter_misc":{"Tempo estimado de leitura":"3 minutos"},"schema":{"@context":"https:\/\/schema.org","@graph":[{"@type":"WebPage","@id":"https:\/\/mapsly.com\/zh\/usage-limits-and-add-ons\/","url":"https:\/\/mapsly.com\/zh\/usage-limits-and-add-ons\/","name":"Limites de uso e complementos - Mapsly","isPartOf":{"@id":"https:\/\/mapsly.com\/#website"},"datePublished":"2025-06-26T14:07:05+00:00","dateModified":"2025-10-19T20:57:18+00:00","breadcrumb":{"@id":"https:\/\/mapsly.com\/zh\/usage-limits-and-add-ons\/#breadcrumb"},"inLanguage":"pt-PT","potentialAction":[{"@type":"ReadAction","target":["https:\/\/mapsly.com\/zh\/usage-limits-and-add-ons\/"]}]},{"@type":"BreadcrumbList","@id":"https:\/\/mapsly.com\/zh\/usage-limits-and-add-ons\/#breadcrumb","itemListElement":[{"@type":"ListItem","position":1,"name":"Home","item":"https:\/\/mapsly.com\/"},{"@type":"ListItem","position":2,"name":"Usage Limits and Add-ons"}]},{"@type":"WebSite","@id":"https:\/\/mapsly.com\/#website","url":"https:\/\/mapsly.com\/","name":"Mapsly","description":"O mapa CRM definitivo","publisher":{"@id":"https:\/\/mapsly.com\/#organization"},"potentialAction":[{"@type":"SearchAction","target":{"@type":"EntryPoint","urlTemplate":"https:\/\/mapsly.com\/?s={search_term_string}"},"query-input":{"@type":"PropertyValueSpecification","valueRequired":true,"valueName":"search_term_string"}}],"inLanguage":"pt-PT"},{"@type":"Organization","@id":"https:\/\/mapsly.com\/#organization","name":"Mapsly","url":"https:\/\/mapsly.com\/","logo":{"@type":"ImageObject","inLanguage":"pt-PT","@id":"https:\/\/mapsly.com\/#\/schema\/logo\/image\/","url":"https:\/\/mapsly.com\/wp-content\/uploads\/2025\/06\/Mapsly-Logo-2x-BIG.png","contentUrl":"https:\/\/mapsly.com\/wp-content\/uploads\/2025\/06\/Mapsly-Logo-2x-BIG.png","width":280,"height":85,"caption":"Mapsly"},"image":{"@id":"https:\/\/mapsly.com\/#\/schema\/logo\/image\/"}}]}},"_links":{"self":[{"href":"https:\/\/mapsly.com\/pt\/wp-json\/wp\/v2\/pages\/432","targetHints":{"allow":["GET"]}}],"collection":[{"href":"https:\/\/mapsly.com\/pt\/wp-json\/wp\/v2\/pages"}],"about":[{"href":"https:\/\/mapsly.com\/pt\/wp-json\/wp\/v2\/types\/page"}],"author":[{"embeddable":true,"href":"https:\/\/mapsly.com\/pt\/wp-json\/wp\/v2\/users\/1"}],"replies":[{"embeddable":true,"href":"https:\/\/mapsly.com\/pt\/wp-json\/wp\/v2\/comments?post=432"}],"version-history":[{"count":14,"href":"https:\/\/mapsly.com\/pt\/wp-json\/wp\/v2\/pages\/432\/revisions"}],"predecessor-version":[{"id":22261,"href":"https:\/\/mapsly.com\/pt\/wp-json\/wp\/v2\/pages\/432\/revisions\/22261"}],"wp:attachment":[{"href":"https:\/\/mapsly.com\/pt\/wp-json\/wp\/v2\/media?parent=432"}],"curies":[{"name":"wp","href":"https:\/\/api.w.org\/{rel}","templated":true}]}}