{"id":382,"date":"2025-06-26T16:59:24","date_gmt":"2025-06-26T13:59:24","guid":{"rendered":"https:\/\/mapsly.com?page_id=382"},"modified":"2025-12-16T14:35:50","modified_gmt":"2025-12-16T11:35:50","slug":"map-for-real-estate-agencies","status":"publish","type":"page","link":"https:\/\/mapsly.com\/pt\/map-for-real-estate-agencies\/","title":{"rendered":"Mapa Personalizado &#038; Automa\u00e7\u00e3o para Ag\u00eancias Imobili\u00e1rias"},"content":{"rendered":"<div data-elementor-type=\"wp-page\" data-elementor-id=\"382\" class=\"elementor elementor-382\" data-elementor-post-type=\"page\">\n\t\t\t\t\t\t<section class=\"elementor-section elementor-top-section elementor-element elementor-element-6f82c101 elementor-section-boxed elementor-section-height-default elementor-section-height-default\" data-id=\"6f82c101\" data-element_type=\"section\" data-e-type=\"section\">\n\t\t\t\t\t\t<div class=\"elementor-container elementor-column-gap-default\">\n\t\t\t\t\t<div class=\"elementor-column elementor-col-100 elementor-top-column elementor-element elementor-element-71952e8a\" data-id=\"71952e8a\" data-element_type=\"column\" data-e-type=\"column\">\n\t\t\t<div class=\"elementor-widget-wrap elementor-element-populated\">\n\t\t\t\t\t\t<div class=\"elementor-element elementor-element-faa5760 elementor-widget elementor-widget-heading\" data-id=\"faa5760\" data-element_type=\"widget\" data-e-type=\"widget\" data-widget_type=\"heading.default\">\n\t\t\t\t<div class=\"elementor-widget-container\">\n\t\t\t\t\t<h2 class=\"elementor-heading-title elementor-size-default\">Mapa personalizado &amp; automa\u00e7\u00e3o para ag\u00eancias imobili\u00e1rias\n<\/h2>\t\t\t\t<\/div>\n\t\t\t\t<\/div>\n\t\t\t\t<div class=\"elementor-element elementor-element-b24459b elementor-widget elementor-widget-heading\" data-id=\"b24459b\" data-element_type=\"widget\" data-e-type=\"widget\" data-widget_type=\"heading.default\">\n\t\t\t\t<div class=\"elementor-widget-container\">\n\t\t\t\t\t<p class=\"elementor-heading-title elementor-size-default\">Automate matching of real-estate properties to customers and offer them a portal with a personalized map of their properties\n<\/p>\t\t\t\t<\/div>\n\t\t\t\t<\/div>\n\t\t\t\t<div class=\"elementor-element elementor-element-4c79d2d5 elementor-widget elementor-widget-text-editor\" data-id=\"4c79d2d5\" data-element_type=\"widget\" data-e-type=\"widget\" data-widget_type=\"text-editor.default\">\n\t\t\t\t<div class=\"elementor-widget-container\">\n\t\t\t\t\t\t\t\t\t<p><span style=\"color: var( --e-global-color-text ); font-family: var( --e-global-typography-text-font-family ), Sans-serif; font-weight: var( --e-global-typography-text-font-weight ); letter-spacing: 0px;\">As ag\u00eancias imobili\u00e1rias que ajudam os clientes a encontrar im\u00f3veis por par\u00e2metros podem usar Mapsly<\/span><\/p>\n<ul>\n<li>para automatizar a busca e a atribui\u00e7\u00e3o de propriedades aos clientes,<\/li>\n<li>and to offer a personalized interactive map in a customer portal that shows properties assigned to a particular customer and is updated in real time as new properties are assigned or existing assignments are removed.<\/li>\n<\/ul>\n<h2>Atribui\u00e7\u00e3o automatizada de im\u00f3veis aos clientes<\/h2>\n<p>Usando <a href=\"https:\/\/mapsly.com\/pt\/automation\/\">Suite de automa\u00e7\u00e3o da Mapsly<\/a> and its <a href=\"https:\/\/mapsly.com\/pt\/match-records\/\"><em>Emparelhar registros<\/em> a\u00e7\u00e3o<\/a>voc\u00ea pode implementar os seguintes processos totalmente automatizados:<\/p>\n<ul>\n<li>when a new <strong>cliente <\/strong>Uma vez adicionado ao CRM, o Mapsly pode encontrar automaticamente todas as propriedades que correspondam \u00e0s prefer\u00eancias do cliente, incluindo a dist\u00e2ncia m\u00e1xima de condu\u00e7\u00e3o, atribu\u00ed-las ao cliente e enviar por e-mail a lista das propriedades rec\u00e9m atribu\u00eddas ao cliente e ao seu executivo de conta;<\/li>\n<li>also, when a new <strong>propriedade <\/strong>Uma vez adicionado ao CRM, o Mapsly pode encontrar automaticamente todos os clientes cujas prefer\u00eancias correspondam \u00e0 propriedade, atribu\u00ed-la a eles e notific\u00e1-los a respeito.<\/li>\n<\/ul>\n<p><span style=\"color: #222d39; font-family: inherit; font-size: 2rem; font-weight: bold; letter-spacing: 0px;\">Personalized interactive map<\/span><\/p>\n<p>Usando Mapsly, <a href=\"\/pt\/shared-interactive-maps\/\">Defina um local base e especifique o raio do c\u00edrculo mais externo e o n\u00famero de c\u00edrculos em que dividir o raio \u2014 e Mapsly desenhar\u00e1 c\u00edrculos conc\u00eantricos com uma dist\u00e2ncia direta igual a partir do ponto \u201cbase\u201d.<\/a> with URL parameters, you can create personalized interactive maps with the content individually tailored to each of your clients. You can then embed such a map into a customer portal, web or mobile application, or email it to them as a link.<\/p>\n<p>Se voc\u00ea ainda n\u00e3o possui um portal de clientes, pode configur\u00e1-lo em 10 minutos utilizando <a href=\"https:\/\/www.zoho.com\/creator\/online-customer-portal\/\">Zoho Creator Portal<\/a> with only a few lines of code provided in our guide, or similar customer portal solution.<\/p>\n<p>Voc\u00ea tamb\u00e9m pode adicionar bot\u00f5es e formul\u00e1rios aos seus objetos no mapa para permitir que seus clientes solicitem visualizar uma propriedade e executem quaisquer outros processos que podem ser implementados com <a href=\"\/pt\/automation\/\">Suite de automa\u00e7\u00e3o da Mapsly<\/a>Todos os recursos do Mapsly, exceto routing e prospecting, podem ser ativados em tais mapas personalizados.<\/p>\n<figure class=\"wp-block-pullquote\">\n<blockquote>\n<p>A equipe de implementa\u00e7\u00e3o da Mapsly construir\u00e1 todo o processo na Mapsly,<br \/>so you can focus on your business.<br \/><a href=\"https:\/\/calendly.com\/mapsly-meeting\/quick-demo\" target=\"_blank\" rel=\"noopener\">Agende uma chamada web hoje<\/a>.<\/p>\n<p><cite>Ou pergunte-nos qualquer coisa no chat, estamos sempre online<\/cite><\/p>\n<\/blockquote>\n<\/figure>\n<h2>Demo: portal do cliente com mapa personalizado<\/h2>\n<p><span style=\"color: var( --e-global-color-text ); font-family: var( --e-global-typography-text-font-family ), Sans-serif; font-weight: var( --e-global-typography-text-font-weight ); letter-spacing: 0px;\">Um mapa personalizado pode ser incorporado em qualquer solu\u00e7\u00e3o de portal. Neste exemplo, um mapa \u00e9 adicionado a um portal de clientes. <\/span><a style=\"font-family: var( --e-global-typography-text-font-family ), Sans-serif; font-weight: var( --e-global-typography-text-font-weight ); letter-spacing: 0px; background-color: #ffffff;\" href=\"https:\/\/help.mapsly.com\/articles\/5489056?_ga=2.41460582.536852451.1632143928-264234993.1632143928\">built in 10 minutes with Zoho Creator Portal<\/a><span style=\"color: var( --e-global-color-text ); font-family: var( --e-global-typography-text-font-family ), Sans-serif; font-weight: var( --e-global-typography-text-font-weight ); letter-spacing: 0px;\">, que est\u00e1 dispon\u00edvel tanto como aplicativo web quanto como aplicativo m\u00f3vel.<\/span><\/p>\n<p><span style=\"color: var( --e-global-color-text ); font-family: var( --e-global-typography-text-font-family ), Sans-serif; font-weight: var( --e-global-typography-text-font-weight ); letter-spacing: 0px;\">Quando a <\/span><em style=\"color: var( --e-global-color-text ); font-family: var( --e-global-typography-text-font-family ), Sans-serif; font-weight: var( --e-global-typography-text-font-weight ); letter-spacing: 0px;\">Cliente<\/em><span style=\"color: var( --e-global-color-text ); font-family: var( --e-global-typography-text-font-family ), Sans-serif; font-weight: var( --e-global-typography-text-font-weight ); letter-spacing: 0px;\"> Quando um registro \u00e9 adicionado a um CRM, Mapsly gera automaticamente um link de mapa personalizado assinado que mostra os registros de Property atribu\u00eddos a esse cliente e registra o cliente no Portal. Quando o cliente faz login no Portal com seu e-mail, ele v\u00ea o mapa na p\u00e1gina de Map. Al\u00e9m de poder clicar nos marcadores do mapa para visualizar os dados dos registros, o cliente pode pressionar Schedule visit no popup do mapa para solicitar uma visita \u00e0 propriedade, que Mapsly criar\u00e1 como um registro no CRM.<\/span><\/p>\n<p><span style=\"color: var( --e-global-color-text ); font-family: var( --e-global-typography-text-font-family ), Sans-serif; font-weight: var( --e-global-typography-text-font-weight ); letter-spacing: 0px;\">\u00a0<\/span><\/p>\n<div class=\"wp-block-buttons is-content-justification-center\">\n<p><\/p>\n<div class=\"wp-block-button is-style-fill\"><a class=\"wp-block-button__link\" href=\"https:\/\/sampleco.zohocreatorportal.com\/\" target=\"_blank\" rel=\"noreferrer noopener\">V\u00e1 para o portal de clientes de demonstra\u00e7\u00e3o<\/a><\/div>\n<p><\/p>\n<\/div>\n<p><!-- \/wp:buttons --><\/p>\n<p><span style=\"color: #222d39; font-family: inherit; font-size: 2rem; font-weight: bold; letter-spacing: 0px;\">Saiba mais<\/span><\/p>\n<p><a href=\"https:\/\/help.mapsly.com\/articles\/5386021\">Guia passo a passo: crie um mapa personalizado acess\u00edvel por link<\/a>.<\/p>\n<p><a href=\"https:\/\/help.mapsly.com\/articles\/5489056\">Guia passo a passo: configure um portal do Zoho Creator com um mapa personalizado em 10 minutos<\/a>.<\/p>\n<p><a href=\"https:\/\/help.mapsly.com\/articles\/5510049\">Guia passo a passo: configure o registro autom\u00e1tico dos seus clientes no seu portal de clientes do Zoho Creator<\/a>.<\/p>\n<h2>Agende uma demonstra\u00e7\u00e3o ao vivo com um engenheiro de solu\u00e7\u00f5es<\/h2>\n<p><a href=\"https:\/\/calendly.com\/mapsly-meeting\/quick-demo\" target=\"_blank\" rel=\"noopener\">Schedule a web call with a Mapsly engineer<\/a> para discutir seu caso de uso em detalhes e configurar sua conta Mapsly e mapas compartilhados.<\/p>\t\t\t\t\t\t\t\t<\/div>\n\t\t\t\t<\/div>\n\t\t\t\t\t<\/div>\n\t\t<\/div>\n\t\t\t\t\t<\/div>\n\t\t<\/section>\n\t\t\t\t<\/div>","protected":false},"excerpt":{"rendered":"<p>Personalized Map &amp; Automation for Real-Estate Agencies Automate matching of real-estate properties to customers and offer them a portal with a personalized map of their properties Real-estate agencies that help customers find properties by parameters may use Mapsly to automate the search and assignment of properties to customers, and to offer a personalized interactive map [&hellip;]<\/p>","protected":false},"author":1,"featured_media":0,"parent":0,"menu_order":0,"comment_status":"closed","ping_status":"closed","template":"elementor_header_footer","meta":{"_acf_changed":false,"footnotes":""},"class_list":["post-382","page","type-page","status-publish","hentry"],"acf":[],"yoast_head":"<!-- This site is optimized with the Yoast SEO plugin v26.6 - https:\/\/yoast.com\/wordpress\/plugins\/seo\/ -->\n<title>Personalized Map &amp; Automation for Real-Estate Agencies - Mapsly<\/title>\n<meta name=\"description\" content=\"Automate matching of real-estate properties to customers and offer them a portal with a personalized map of their properties\" \/>\n<meta name=\"robots\" content=\"index, follow, max-snippet:-1, max-image-preview:large, max-video-preview:-1\" \/>\n<link rel=\"canonical\" href=\"https:\/\/mapsly.com\/pt\/map-for-real-estate-agencies\/\" \/>\n<meta property=\"og:locale\" content=\"pt_PT\" \/>\n<meta property=\"og:type\" content=\"article\" \/>\n<meta property=\"og:title\" content=\"Personalized Map &amp; Automation for Real-Estate Agencies - Mapsly\" \/>\n<meta property=\"og:description\" content=\"Automate matching of real-estate properties to customers and offer them a portal with a personalized map of their properties\" \/>\n<meta property=\"og:url\" content=\"https:\/\/mapsly.com\/pt\/map-for-real-estate-agencies\/\" \/>\n<meta property=\"og:site_name\" content=\"Mapsly\" \/>\n<meta property=\"article:modified_time\" content=\"2025-12-16T11:35:50+00:00\" \/>\n<meta name=\"twitter:card\" content=\"summary_large_image\" \/>\n<meta name=\"twitter:label1\" content=\"Tempo estimado de leitura\" \/>\n\t<meta name=\"twitter:data1\" content=\"3 minutos\" \/>\n<script type=\"application\/ld+json\" class=\"yoast-schema-graph\">{\"@context\":\"https:\/\/schema.org\",\"@graph\":[{\"@type\":\"WebPage\",\"@id\":\"https:\/\/mapsly.com\/de\/map-for-real-estate-agencies\/\",\"url\":\"https:\/\/mapsly.com\/de\/map-for-real-estate-agencies\/\",\"name\":\"Personalized Map & Automation for Real-Estate Agencies - Mapsly\",\"isPartOf\":{\"@id\":\"https:\/\/mapsly.com\/#website\"},\"datePublished\":\"2025-06-26T13:59:24+00:00\",\"dateModified\":\"2025-12-16T11:35:50+00:00\",\"description\":\"Automate matching of real-estate properties to customers and offer them a portal with a personalized map of their properties\",\"breadcrumb\":{\"@id\":\"https:\/\/mapsly.com\/de\/map-for-real-estate-agencies\/#breadcrumb\"},\"inLanguage\":\"pt-PT\",\"potentialAction\":[{\"@type\":\"ReadAction\",\"target\":[\"https:\/\/mapsly.com\/de\/map-for-real-estate-agencies\/\"]}]},{\"@type\":\"BreadcrumbList\",\"@id\":\"https:\/\/mapsly.com\/de\/map-for-real-estate-agencies\/#breadcrumb\",\"itemListElement\":[{\"@type\":\"ListItem\",\"position\":1,\"name\":\"Home\",\"item\":\"https:\/\/mapsly.com\/\"},{\"@type\":\"ListItem\",\"position\":2,\"name\":\"Personalized Map &#038; Automation for Real-Estate Agencies\"}]},{\"@type\":\"WebSite\",\"@id\":\"https:\/\/mapsly.com\/#website\",\"url\":\"https:\/\/mapsly.com\/\",\"name\":\"Mapsly\",\"description\":\"The Ultimate CRM Map\",\"publisher\":{\"@id\":\"https:\/\/mapsly.com\/#organization\"},\"potentialAction\":[{\"@type\":\"SearchAction\",\"target\":{\"@type\":\"EntryPoint\",\"urlTemplate\":\"https:\/\/mapsly.com\/?s={search_term_string}\"},\"query-input\":{\"@type\":\"PropertyValueSpecification\",\"valueRequired\":true,\"valueName\":\"search_term_string\"}}],\"inLanguage\":\"pt-PT\"},{\"@type\":\"Organization\",\"@id\":\"https:\/\/mapsly.com\/#organization\",\"name\":\"Mapsly\",\"url\":\"https:\/\/mapsly.com\/\",\"logo\":{\"@type\":\"ImageObject\",\"inLanguage\":\"pt-PT\",\"@id\":\"https:\/\/mapsly.com\/#\/schema\/logo\/image\/\",\"url\":\"https:\/\/mapsly.com\/wp-content\/uploads\/2025\/06\/Mapsly-Logo-2x-BIG.png\",\"contentUrl\":\"https:\/\/mapsly.com\/wp-content\/uploads\/2025\/06\/Mapsly-Logo-2x-BIG.png\",\"width\":280,\"height\":85,\"caption\":\"Mapsly\"},\"image\":{\"@id\":\"https:\/\/mapsly.com\/#\/schema\/logo\/image\/\"}}]}<\/script>\n<!-- \/ Yoast SEO plugin. -->","yoast_head_json":{"title":"Mapa Personalizado e Automa\u00e7\u00e3o para Ag\u00eancias Imobili\u00e1rias - Mapsly","description":"Automate matching of real-estate properties to customers and offer them a portal with a personalized map of their properties","robots":{"index":"index","follow":"follow","max-snippet":"max-snippet:-1","max-image-preview":"max-image-preview:large","max-video-preview":"max-video-preview:-1"},"canonical":"https:\/\/mapsly.com\/pt\/map-for-real-estate-agencies\/","og_locale":"pt_PT","og_type":"article","og_title":"Personalized Map & Automation for Real-Estate Agencies - Mapsly","og_description":"Automate matching of real-estate properties to customers and offer them a portal with a personalized map of their properties","og_url":"https:\/\/mapsly.com\/pt\/map-for-real-estate-agencies\/","og_site_name":"Mapsly","article_modified_time":"2025-12-16T11:35:50+00:00","twitter_card":"summary_large_image","twitter_misc":{"Tempo estimado de leitura":"3 minutos"},"schema":{"@context":"https:\/\/schema.org","@graph":[{"@type":"WebPage","@id":"https:\/\/mapsly.com\/de\/map-for-real-estate-agencies\/","url":"https:\/\/mapsly.com\/de\/map-for-real-estate-agencies\/","name":"Mapa Personalizado e Automa\u00e7\u00e3o para Ag\u00eancias Imobili\u00e1rias - Mapsly","isPartOf":{"@id":"https:\/\/mapsly.com\/#website"},"datePublished":"2025-06-26T13:59:24+00:00","dateModified":"2025-12-16T11:35:50+00:00","description":"Automate matching of real-estate properties to customers and offer them a portal with a personalized map of their properties","breadcrumb":{"@id":"https:\/\/mapsly.com\/de\/map-for-real-estate-agencies\/#breadcrumb"},"inLanguage":"pt-PT","potentialAction":[{"@type":"ReadAction","target":["https:\/\/mapsly.com\/de\/map-for-real-estate-agencies\/"]}]},{"@type":"BreadcrumbList","@id":"https:\/\/mapsly.com\/de\/map-for-real-estate-agencies\/#breadcrumb","itemListElement":[{"@type":"ListItem","position":1,"name":"Home","item":"https:\/\/mapsly.com\/"},{"@type":"ListItem","position":2,"name":"Personalized Map &#038; Automation for Real-Estate Agencies"}]},{"@type":"WebSite","@id":"https:\/\/mapsly.com\/#website","url":"https:\/\/mapsly.com\/","name":"Mapsly","description":"O Mapa Definitivo de CRM","publisher":{"@id":"https:\/\/mapsly.com\/#organization"},"potentialAction":[{"@type":"SearchAction","target":{"@type":"EntryPoint","urlTemplate":"https:\/\/mapsly.com\/?s={search_term_string}"},"query-input":{"@type":"PropertyValueSpecification","valueRequired":true,"valueName":"search_term_string"}}],"inLanguage":"pt-PT"},{"@type":"Organization","@id":"https:\/\/mapsly.com\/#organization","name":"Mapsly","url":"https:\/\/mapsly.com\/","logo":{"@type":"ImageObject","inLanguage":"pt-PT","@id":"https:\/\/mapsly.com\/#\/schema\/logo\/image\/","url":"https:\/\/mapsly.com\/wp-content\/uploads\/2025\/06\/Mapsly-Logo-2x-BIG.png","contentUrl":"https:\/\/mapsly.com\/wp-content\/uploads\/2025\/06\/Mapsly-Logo-2x-BIG.png","width":280,"height":85,"caption":"Mapsly"},"image":{"@id":"https:\/\/mapsly.com\/#\/schema\/logo\/image\/"}}]}},"_links":{"self":[{"href":"https:\/\/mapsly.com\/pt\/wp-json\/wp\/v2\/pages\/382","targetHints":{"allow":["GET"]}}],"collection":[{"href":"https:\/\/mapsly.com\/pt\/wp-json\/wp\/v2\/pages"}],"about":[{"href":"https:\/\/mapsly.com\/pt\/wp-json\/wp\/v2\/types\/page"}],"author":[{"embeddable":true,"href":"https:\/\/mapsly.com\/pt\/wp-json\/wp\/v2\/users\/1"}],"replies":[{"embeddable":true,"href":"https:\/\/mapsly.com\/pt\/wp-json\/wp\/v2\/comments?post=382"}],"version-history":[{"count":48,"href":"https:\/\/mapsly.com\/pt\/wp-json\/wp\/v2\/pages\/382\/revisions"}],"predecessor-version":[{"id":25126,"href":"https:\/\/mapsly.com\/pt\/wp-json\/wp\/v2\/pages\/382\/revisions\/25126"}],"wp:attachment":[{"href":"https:\/\/mapsly.com\/pt\/wp-json\/wp\/v2\/media?parent=382"}],"curies":[{"name":"wp","href":"https:\/\/api.w.org\/{rel}","templated":true}]}}