{"id":346,"date":"2025-06-26T16:38:03","date_gmt":"2025-06-26T13:38:03","guid":{"rendered":"https:\/\/mapsly.com?page_id=346"},"modified":"2025-12-09T13:16:56","modified_gmt":"2025-12-09T10:16:56","slug":"sub-processors","status":"publish","type":"page","link":"https:\/\/mapsly.com\/pt\/sub-processors\/","title":{"rendered":"Subprocessadores Mapsly"},"content":{"rendered":"<div data-elementor-type=\"wp-page\" data-elementor-id=\"346\" class=\"elementor elementor-346\" data-elementor-post-type=\"page\">\n\t\t\t\t<div class=\"elementor-element elementor-element-7003a283 e-flex e-con-boxed e-con e-parent\" data-id=\"7003a283\" data-element_type=\"container\" data-e-type=\"container\">\n\t\t\t\t\t<div class=\"e-con-inner\">\n\t\t\t\t<div class=\"elementor-element elementor-element-44e21518 text-ed-subpr elementor-widget elementor-widget-text-editor\" data-id=\"44e21518\" data-element_type=\"widget\" data-e-type=\"widget\" data-widget_type=\"text-editor.default\">\n\t\t\t\t<div class=\"elementor-widget-container\">\n\t\t\t\t\t\t\t\t\t\n<p><em>\u00daltima atualiza\u00e7\u00e3o: 24 de outubro de 2023<\/em><\/p>\n\n\n\n<p>Esta p\u00e1gina fornece informa\u00e7\u00f5es sobre os subprocessadores que a Mapsly contratou em conformidade com a Mapsly <a href=\"\/pt\/dpa\/\">Adendo de Processamento de Dados<\/a> (\"Mapsly DPA\") para executar atividades de processamento sobre Dados de Clientes (conforme definidos no Mapsly DPA) em nome dos clientes. Os subprocessadores relevantes para um cliente individual depender\u00e3o da funcionalidade espec\u00edfica do Mapsly que o cliente usa.<\/p>\n\n\n\n<p>A Mapsly atualizar\u00e1 esta p\u00e1gina pelo menos 30 dias antes de contratar um novo sub-processador. Se desejar ser notificado por e-mail sobre as altera\u00e7\u00f5es nesta p\u00e1gina, entre em contato conosco em <strong>privacy@mapsly.com<\/strong>.<\/p>\n\n\n\n<figure class=\"wp-block-table\"><table><thead><tr><th><strong>Fornecedor de servi\u00e7os<\/strong><\/th><th><strong>Funcionalidade do Mapsly<\/strong><\/th><th><strong>Localiza\u00e7\u00e3o do prestador de servi\u00e7o<\/strong><\/th><th><strong>Atividade de processamento<\/strong><\/th><\/tr><\/thead><tbody><tr><td>HERE North America, LLC<\/td><td>Roteamento, Navega\u00e7\u00e3o<\/td><td>EUA<\/td><td>Otimiza\u00e7\u00e3o de rotas, navega\u00e7\u00e3o, geocodifica\u00e7\u00e3o<\/td><\/tr><tr><td>HubSpot, Inc.<\/td><td>\u2014<\/td><td>EUA<\/td><td>Gest\u00e3o de relacionamento com o cliente<\/td><\/tr><tr><td>Intercom, Inc.<\/td><td>Converse com Mapsly<\/td><td>EUA<\/td><td>Comunica\u00e7\u00e3o por chat e e-mail<\/td><\/tr><tr><td>Google, Inc.<\/td><td>Geocodifica\u00e7\u00e3o<\/td><td>EUA<\/td><td>Geocodifica\u00e7\u00e3o, comunica\u00e7\u00e3o por e-mail, idiomas<\/td><\/tr><tr><td>LogRocket, Inc.<\/td><td>\u2014<\/td><td>EUA<\/td><td>Monitoramento de desempenho do aplicativo e an\u00e1lise de usu\u00e1rios<\/td><\/tr><tr><td>Mailchimp, Inc.<\/td><td>\u2014<\/td><td>EUA<\/td><td>Grava\u00e7\u00e3o e transcri\u00e7\u00e3o da reuni\u00e3o<\/td><\/tr><tr><td>Mapbox, Inc.<\/td><td>Geocodifica\u00e7\u00e3o<\/td><td>EUA<\/td><td>Otimiza\u00e7\u00e3o de rotas, geocodifica\u00e7\u00e3o<\/td><\/tr><tr><td>Paddle.com, Inc.<\/td><td>Faturamento<\/td><td>EUA<\/td><td>Processamento de cart\u00e3o de cr\u00e9dito, Comerciante registrado<\/td><\/tr><tr><td>Rewatch, Inc.<\/td><td>\u2014<\/td><td>EUA<\/td><td>Grava\u00e7\u00e3o e transcri\u00e7\u00e3o da reuni\u00e3o<\/td><\/tr><tr><td>Twilio Inc.<\/td><td>Mensagens<\/td><td>EUA<\/td><td>Comunica\u00e7\u00e3o por SMS e e-mail<\/td><\/tr><tr><td>Slack Inc.<\/td><td>\u2014<\/td><td>EUA<\/td><td>Mensagens internas do Mapsly<\/td><\/tr><tr><td>Stripe, Inc.<\/td><td>Faturamento<\/td><td>EUA<\/td><td>Processamento de cart\u00e3o de cr\u00e9dito<\/td><\/tr><\/tbody><\/table><\/figure>\n\t\t\t\t\t\t\t\t<\/div>\n\t\t\t\t<\/div>\n\t\t\t\t\t<\/div>\n\t\t\t\t<\/div>\n\t\t\t\t<\/div>","protected":false},"excerpt":{"rendered":"<p>\u00daltima atualiza\u00e7\u00e3o: 24 de outubro de 2023 Esta p\u00e1gina fornece informa\u00e7\u00f5es sobre os subprocessadores que a Mapsly contratou de acordo com o Adendo de Processamento de Dados da Mapsly (\"Mapsly DPA\") para realizar atividades de processamento sobre os Dados do Cliente (conforme definido no Mapsly DPA) em nome dos clientes. Os subprocessadores relevantes para um cliente individual depender\u00e3o do Mapsly [...]<\/p>","protected":false},"author":1,"featured_media":0,"parent":0,"menu_order":0,"comment_status":"closed","ping_status":"closed","template":"","meta":{"_acf_changed":false,"footnotes":""},"class_list":["post-346","page","type-page","status-publish","hentry"],"acf":[],"yoast_head":"<!-- This site is optimized with the Yoast SEO plugin v26.6 - https:\/\/yoast.com\/wordpress\/plugins\/seo\/ -->\n<title>Mapsly Sub-Processors - Mapsly<\/title>\n<meta name=\"description\" content=\"This page provides information about the sub-processors that Mapsly has engaged in accordance with the Mapsly Data Processing Addendum (\u201cMapsly DPA\u201d) to provide processing activities on Customer Data (as defined in the Mapsly DPA) on behalf of customers. Sub-processors relevant to an individual customer will depend on the particular Mapsly functionality that the customer uses.\" \/>\n<meta name=\"robots\" content=\"index, follow, max-snippet:-1, max-image-preview:large, max-video-preview:-1\" \/>\n<link rel=\"canonical\" href=\"https:\/\/mapsly.com\/pt\/sub-processors\/\" \/>\n<meta property=\"og:locale\" content=\"pt_PT\" \/>\n<meta property=\"og:type\" content=\"article\" \/>\n<meta property=\"og:title\" content=\"Mapsly Sub-Processors - Mapsly\" \/>\n<meta property=\"og:description\" content=\"This page provides information about the sub-processors that Mapsly has engaged in accordance with the Mapsly Data Processing Addendum (\u201cMapsly DPA\u201d) to provide processing activities on Customer Data (as defined in the Mapsly DPA) on behalf of customers. Sub-processors relevant to an individual customer will depend on the particular Mapsly functionality that the customer uses.\" \/>\n<meta property=\"og:url\" content=\"https:\/\/mapsly.com\/pt\/sub-processors\/\" \/>\n<meta property=\"og:site_name\" content=\"Mapsly\" \/>\n<meta property=\"article:modified_time\" content=\"2025-12-09T10:16:56+00:00\" \/>\n<meta name=\"twitter:card\" content=\"summary_large_image\" \/>\n<meta name=\"twitter:label1\" content=\"Tempo estimado de leitura\" \/>\n\t<meta name=\"twitter:data1\" content=\"1 minuto\" \/>\n<script type=\"application\/ld+json\" class=\"yoast-schema-graph\">{\"@context\":\"https:\/\/schema.org\",\"@graph\":[{\"@type\":\"WebPage\",\"@id\":\"https:\/\/mapsly.com\/fr\/sub-processors\/\",\"url\":\"https:\/\/mapsly.com\/fr\/sub-processors\/\",\"name\":\"Mapsly Sub-Processors - Mapsly\",\"isPartOf\":{\"@id\":\"https:\/\/mapsly.com\/#website\"},\"datePublished\":\"2025-06-26T13:38:03+00:00\",\"dateModified\":\"2025-12-09T10:16:56+00:00\",\"description\":\"This page provides information about the sub-processors that Mapsly has engaged in accordance with the Mapsly Data Processing Addendum (\u201cMapsly DPA\u201d) to provide processing activities on Customer Data (as defined in the Mapsly DPA) on behalf of customers. Sub-processors relevant to an individual customer will depend on the particular Mapsly functionality that the customer uses.\",\"breadcrumb\":{\"@id\":\"https:\/\/mapsly.com\/fr\/sub-processors\/#breadcrumb\"},\"inLanguage\":\"pt-PT\",\"potentialAction\":[{\"@type\":\"ReadAction\",\"target\":[\"https:\/\/mapsly.com\/fr\/sub-processors\/\"]}]},{\"@type\":\"BreadcrumbList\",\"@id\":\"https:\/\/mapsly.com\/fr\/sub-processors\/#breadcrumb\",\"itemListElement\":[{\"@type\":\"ListItem\",\"position\":1,\"name\":\"Home\",\"item\":\"https:\/\/mapsly.com\/\"},{\"@type\":\"ListItem\",\"position\":2,\"name\":\"Mapsly Sub-Processors\"}]},{\"@type\":\"WebSite\",\"@id\":\"https:\/\/mapsly.com\/#website\",\"url\":\"https:\/\/mapsly.com\/\",\"name\":\"Mapsly\",\"description\":\"The Ultimate CRM Map\",\"publisher\":{\"@id\":\"https:\/\/mapsly.com\/#organization\"},\"potentialAction\":[{\"@type\":\"SearchAction\",\"target\":{\"@type\":\"EntryPoint\",\"urlTemplate\":\"https:\/\/mapsly.com\/?s={search_term_string}\"},\"query-input\":{\"@type\":\"PropertyValueSpecification\",\"valueRequired\":true,\"valueName\":\"search_term_string\"}}],\"inLanguage\":\"pt-PT\"},{\"@type\":\"Organization\",\"@id\":\"https:\/\/mapsly.com\/#organization\",\"name\":\"Mapsly\",\"url\":\"https:\/\/mapsly.com\/\",\"logo\":{\"@type\":\"ImageObject\",\"inLanguage\":\"pt-PT\",\"@id\":\"https:\/\/mapsly.com\/#\/schema\/logo\/image\/\",\"url\":\"https:\/\/mapsly.com\/wp-content\/uploads\/2025\/06\/Mapsly-Logo-2x-BIG.png\",\"contentUrl\":\"https:\/\/mapsly.com\/wp-content\/uploads\/2025\/06\/Mapsly-Logo-2x-BIG.png\",\"width\":280,\"height\":85,\"caption\":\"Mapsly\"},\"image\":{\"@id\":\"https:\/\/mapsly.com\/#\/schema\/logo\/image\/\"}}]}<\/script>\n<!-- \/ Yoast SEO plugin. -->","yoast_head_json":{"title":"Subprocessadores do Mapsly - Mapsly","description":"Esta p\u00e1gina fornece informa\u00e7\u00f5es sobre os sub-processadores que a Mapsly contratou de acordo com o Adendo de Processamento de Dados da Mapsly (\u201cMapsly DPA\u201d) para realizar atividades de processamento sobre os Dados do Cliente (conforme definido no Mapsly DPA) em nome dos clientes. Os sub-processadores relevantes para um cliente individual depender\u00e3o da funcionalidade espec\u00edfica da Mapsly que o cliente utiliza.","robots":{"index":"index","follow":"follow","max-snippet":"max-snippet:-1","max-image-preview":"max-image-preview:large","max-video-preview":"max-video-preview:-1"},"canonical":"https:\/\/mapsly.com\/pt\/sub-processors\/","og_locale":"pt_PT","og_type":"article","og_title":"Mapsly Sub-Processors - Mapsly","og_description":"This page provides information about the sub-processors that Mapsly has engaged in accordance with the Mapsly Data Processing Addendum (\u201cMapsly DPA\u201d) to provide processing activities on Customer Data (as defined in the Mapsly DPA) on behalf of customers. Sub-processors relevant to an individual customer will depend on the particular Mapsly functionality that the customer uses.","og_url":"https:\/\/mapsly.com\/pt\/sub-processors\/","og_site_name":"Mapsly","article_modified_time":"2025-12-09T10:16:56+00:00","twitter_card":"summary_large_image","twitter_misc":{"Tempo estimado de leitura":"1 minuto"},"schema":{"@context":"https:\/\/schema.org","@graph":[{"@type":"WebPage","@id":"https:\/\/mapsly.com\/fr\/sub-processors\/","url":"https:\/\/mapsly.com\/fr\/sub-processors\/","name":"Subprocessadores do Mapsly - Mapsly","isPartOf":{"@id":"https:\/\/mapsly.com\/#website"},"datePublished":"2025-06-26T13:38:03+00:00","dateModified":"2025-12-09T10:16:56+00:00","description":"Esta p\u00e1gina fornece informa\u00e7\u00f5es sobre os sub-processadores que a Mapsly contratou de acordo com o Adendo de Processamento de Dados da Mapsly (\u201cMapsly DPA\u201d) para realizar atividades de processamento sobre os Dados do Cliente (conforme definido no Mapsly DPA) em nome dos clientes. Os sub-processadores relevantes para um cliente individual depender\u00e3o da funcionalidade espec\u00edfica da Mapsly que o cliente utiliza.","breadcrumb":{"@id":"https:\/\/mapsly.com\/fr\/sub-processors\/#breadcrumb"},"inLanguage":"pt-PT","potentialAction":[{"@type":"ReadAction","target":["https:\/\/mapsly.com\/fr\/sub-processors\/"]}]},{"@type":"BreadcrumbList","@id":"https:\/\/mapsly.com\/fr\/sub-processors\/#breadcrumb","itemListElement":[{"@type":"ListItem","position":1,"name":"Home","item":"https:\/\/mapsly.com\/"},{"@type":"ListItem","position":2,"name":"Mapsly Sub-Processors"}]},{"@type":"WebSite","@id":"https:\/\/mapsly.com\/#website","url":"https:\/\/mapsly.com\/","name":"Mapsly","description":"O mapa CRM definitivo","publisher":{"@id":"https:\/\/mapsly.com\/#organization"},"potentialAction":[{"@type":"SearchAction","target":{"@type":"EntryPoint","urlTemplate":"https:\/\/mapsly.com\/?s={search_term_string}"},"query-input":{"@type":"PropertyValueSpecification","valueRequired":true,"valueName":"search_term_string"}}],"inLanguage":"pt-PT"},{"@type":"Organization","@id":"https:\/\/mapsly.com\/#organization","name":"Mapsly","url":"https:\/\/mapsly.com\/","logo":{"@type":"ImageObject","inLanguage":"pt-PT","@id":"https:\/\/mapsly.com\/#\/schema\/logo\/image\/","url":"https:\/\/mapsly.com\/wp-content\/uploads\/2025\/06\/Mapsly-Logo-2x-BIG.png","contentUrl":"https:\/\/mapsly.com\/wp-content\/uploads\/2025\/06\/Mapsly-Logo-2x-BIG.png","width":280,"height":85,"caption":"Mapsly"},"image":{"@id":"https:\/\/mapsly.com\/#\/schema\/logo\/image\/"}}]}},"_links":{"self":[{"href":"https:\/\/mapsly.com\/pt\/wp-json\/wp\/v2\/pages\/346","targetHints":{"allow":["GET"]}}],"collection":[{"href":"https:\/\/mapsly.com\/pt\/wp-json\/wp\/v2\/pages"}],"about":[{"href":"https:\/\/mapsly.com\/pt\/wp-json\/wp\/v2\/types\/page"}],"author":[{"embeddable":true,"href":"https:\/\/mapsly.com\/pt\/wp-json\/wp\/v2\/users\/1"}],"replies":[{"embeddable":true,"href":"https:\/\/mapsly.com\/pt\/wp-json\/wp\/v2\/comments?post=346"}],"version-history":[{"count":8,"href":"https:\/\/mapsly.com\/pt\/wp-json\/wp\/v2\/pages\/346\/revisions"}],"predecessor-version":[{"id":22246,"href":"https:\/\/mapsly.com\/pt\/wp-json\/wp\/v2\/pages\/346\/revisions\/22246"}],"wp:attachment":[{"href":"https:\/\/mapsly.com\/pt\/wp-json\/wp\/v2\/media?parent=346"}],"curies":[{"name":"wp","href":"https:\/\/api.w.org\/{rel}","templated":true}]}}