{"id":279,"date":"2025-06-26T15:55:56","date_gmt":"2025-06-26T12:55:56","guid":{"rendered":"https:\/\/mapsly.com?page_id=279"},"modified":"2025-12-16T14:29:07","modified_gmt":"2025-12-16T11:29:07","slug":"access-control-and-sharing","status":"publish","type":"page","link":"https:\/\/mapsly.com\/pt\/access-control-and-sharing\/","title":{"rendered":"Control Who Sees What in Mapsly"},"content":{"rendered":"<div data-elementor-type=\"wp-page\" data-elementor-id=\"279\" class=\"elementor elementor-279\" data-elementor-post-type=\"page\">\n\t\t\t\t<div class=\"elementor-element elementor-element-7d73e3c e-flex e-con-boxed e-con e-parent\" data-id=\"7d73e3c\" data-element_type=\"container\" data-e-type=\"container\">\n\t\t\t\t\t<div class=\"e-con-inner\">\n\t\t\t\t<div class=\"elementor-element elementor-element-73a13d2 elementor-widget elementor-widget-heading\" data-id=\"73a13d2\" data-element_type=\"widget\" data-e-type=\"widget\" data-widget_type=\"heading.default\">\n\t\t\t\t<div class=\"elementor-widget-container\">\n\t\t\t\t\t<h2 class=\"elementor-heading-title elementor-size-default\">Control Who Sees What in Mapsly\n<\/h2>\t\t\t\t<\/div>\n\t\t\t\t<\/div>\n\t\t\t\t<div class=\"elementor-element elementor-element-3f9320f elementor-widget elementor-widget-text-editor\" data-id=\"3f9320f\" data-element_type=\"widget\" data-e-type=\"widget\" data-widget_type=\"text-editor.default\">\n\t\t\t\t<div class=\"elementor-widget-container\">\n\t\t\t\t\t\t\t\t\t<p>Configure o acesso a objetos, seus campos, registros individuais e recursos do Mapsly usando perfis de usu\u00e1rio.<\/p>\t\t\t\t\t\t\t\t<\/div>\n\t\t\t\t<\/div>\n\t\t\t\t\t<\/div>\n\t\t\t\t<\/div>\n\t\t<div class=\"elementor-element elementor-element-34eda8f4 e-flex e-con-boxed e-con e-parent\" data-id=\"34eda8f4\" data-element_type=\"container\" data-e-type=\"container\">\n\t\t\t\t\t<div class=\"e-con-inner\">\n\t\t\t\t<div class=\"elementor-element elementor-element-2332bdf6 elementor-widget elementor-widget-text-editor\" data-id=\"2332bdf6\" data-element_type=\"widget\" data-e-type=\"widget\" data-widget_type=\"text-editor.default\">\n\t\t\t\t<div class=\"elementor-widget-container\">\n\t\t\t\t\t\t\t\t\t\n<p>Cada usu\u00e1rio do Mapsly recebe um perfil de usu\u00e1rio que define a quais objetos, registros e funcionalidades do Mapsly ele ter\u00e1 acesso, e se poder\u00e1 apenas visualizar ou tamb\u00e9m modificar (criar novos e atualizar registros existentes) registros.<\/p>\n\n<p>Observe que os perfis de usu\u00e1rio (fun\u00e7\u00f5es) n\u00e3o s\u00e3o sincronizados automaticamente com o seu CRM, portanto, para ajustar o acesso al\u00e9m da configura\u00e7\u00e3o padr\u00e3o do Mapsly, ser\u00e1 necess\u00e1rio criar e atribuir perfis de usu\u00e1rio no Mapsly independentemente do seu CRM.<\/p>\n\n<h3 class=\"has-text-align-center wp-block-heading\"><strong>Perfis padr\u00e3o e seu n\u00edvel de acesso<\/strong><\/h3>\n\n<p>Por padr\u00e3o, sua conta Mapsly possui dois perfis de usu\u00e1rio: Administrator e Standard user. Voc\u00ea pode adicionar mais perfis conforme necess\u00e1rio.<\/p>\n\n<p>A pessoa que criou a conta do Mapsly e vinculou sua fonte de dados se torna automaticamente o primeiro administrador do Mapsly.<\/p>\n\n<p>Se o seu CRM suporta Single Sign-On, os usu\u00e1rios da sua organiza\u00e7\u00e3o de CRM que fizerem login no Mapsly ser\u00e3o automaticamente adicionados \u00e0 sua conta de usu\u00e1rio como usu\u00e1rios padr\u00e3o. Por padr\u00e3o, os usu\u00e1rios padr\u00e3o ter\u00e3o acesso autom\u00e1tico aos objetos que foram adicionados durante o cadastro da conta Mapsly, mas ter\u00e3o acesso apenas aos registros que lhes pertencem (no seu CRM).<\/p>\n\n<h2 class=\"has-text-align-center wp-block-heading\"><strong>Acesso a dados<\/strong><\/h2>\n\n<h3 class=\"has-text-align-center wp-block-heading\"><strong>Acesso a n\u00edvel de objeto e de campo. Propriedade de registro ajust\u00e1vel.<\/strong><\/h3>\n\n<p>Cada objeto em um perfil de usu\u00e1rio possui duas permiss\u00f5es: para propriet\u00e1rios de registros e para n\u00e3o-propriet\u00e1rios. A propriedade \u00e9 determinada verificando se o ID de usu\u00e1rio CRM de um usu\u00e1rio Mapsly corresponde ao valor presente no campo Owner de um registro espec\u00edfico. Para os registros de um objeto pertencente ao usu\u00e1rio indicado, Mapsly aplicar\u00e1 as permiss\u00f5es do propriet\u00e1rio; para outros registros &#8211; as permiss\u00f5es de n\u00e3o-propriet\u00e1rio.<\/p>\n\n<p>Tanto o ID de usu\u00e1rio do CRM quanto o mapeamento do campo Propriet\u00e1rio para todos os objetos s\u00e3o configur\u00e1veis, de modo que voc\u00ea tamb\u00e9m pode usar o conceito de Ownership para usu\u00e1rios do Mapsly adicionados manualmente que N\u00c3O s\u00e3o seus usu\u00e1rios do CRM.<\/p>\n\n<p>A permiss\u00e3o do propriet\u00e1rio e do n\u00e3o-propriet\u00e1rio pode ser \"Ocultar\", \"Visualizar\" ou \"Modificar\". Alternativamente, voc\u00ea pode especificar o n\u00edvel de acesso para cada campo individualmente.<\/p>\n\n<h3 class=\"has-text-align-center wp-block-heading\"><span id=\"sharing\"><strong>Regras de compartilhamento de registros<\/strong><\/span><\/h3>\n\n<p>Al\u00e9m das permiss\u00f5es para propriet\u00e1rios e n\u00e3o propriet\u00e1rios de registros, voc\u00ea pode definir at\u00e9 duas regras de compartilhamento de registros, cada uma composta por uma condi\u00e7\u00e3o e a permiss\u00e3o-alvo: quando um registro cumprir a condi\u00e7\u00e3o de uma regra, o n\u00edvel de acesso do usu\u00e1rio ser\u00e1 elevado com base na permiss\u00e3o especificada, que tamb\u00e9m pode ser Ocultar, Ver, Modificar ou definida em n\u00edvel de campo.<\/p>\n\n<p>Observe que &#8211; por design &#8211; as regras de compartilhamento s\u00f3 podem ser usadas para elevar o n\u00edvel de acesso (conceder permiss\u00f5es adicionais) aos registros, e n\u00e3o podem ser usadas para restringir o acesso.<\/p>\n\n<h3 class=\"has-text-align-center wp-block-heading\"><strong>Acesso \u00e0s funcionalidades do Mapsly<\/strong><\/h3>\n\n<p>Em um perfil de usu\u00e1rio, voc\u00ea tamb\u00e9m pode desativar os recursos do Mapsly aos quais os usu\u00e1rios n\u00e3o devem ter acesso (por exemplo, exportar dados para um arquivo ou alterar o mapeamento de campos para exportar prospects) e configurar diversos recursos da interface do usu\u00e1rio (como pain\u00e9is laterais, filtro da barra de pesquisa e muitos outros).<\/p>\n\n<figure class=\"wp-block-pullquote\">\n<blockquote>\n<p>N\u00e3o tenho certeza de como ajustar o acesso aos dados ou funcionalidades no Mapsly <br \/>\u2014 pergunte ao nosso engenheiro de solu\u00e7\u00f5es!<br \/><a href=\"https:\/\/calendly.com\/mapsly-meeting\/quick-demo\" target=\"_blank\" rel=\"noopener\">Agendar uma liga\u00e7\u00e3o<\/a>.<\/p>\n<cite>ou converse conosco, estamos sempre online<\/cite><\/blockquote>\n<\/figure>\n\n<div class=\"wp-block-spacer\" style=\"height: 100px;\" aria-hidden=\"true\">\u00a0<\/div>\n\n<h2 class=\"has-text-align-center wp-block-heading\" style=\"font-weight: bold; color: #222d39; margin-bottom: 30px;\">Configure o padr\u00e3o dos seus usu\u00e1rios<\/h2>\n\n<ul class=\"wp-block-list\" id=\"block-7ddd40ac-6029-4249-bb66-ea2ceb32afd3\">\n<li><a href=\"https:\/\/help.mapsly.com\/articles\/4337620\">Utilize perfis de usu\u00e1rio para ajustar o acesso aos dados e ativar\/desativar os recursos do Mapsly para grupos de usu\u00e1rios<\/a>.<\/li>\n<li><a href=\"https:\/\/help.mapsly.com\/articles\/4353717\">Concede acesso aos registros ou a campos espec\u00edficos, com base em uma condi\u00e7\u00e3o<\/a>.<\/li>\n<\/ul>\n\n<div class=\"wp-block-spacer\" style=\"height: 100px;\" aria-hidden=\"true\">\u00a0<\/div>\n\t\t\t\t\t\t\t\t<\/div>\n\t\t\t\t<\/div>\n\t\t\t\t\t<\/div>\n\t\t\t\t<\/div>\n\t\t\t\t<\/div>","protected":false},"excerpt":{"rendered":"<p>Controle Quem V\u00ea o Qu\u00ea no Mapsly. Configure o acesso a objetos, seus campos, registros individuais e recursos do Mapsly usando perfis de usu\u00e1rio. Cada usu\u00e1rio do Mapsly recebe um perfil que define a quais objetos, registros e recursos do Mapsly ter\u00e1 acesso, e se poder\u00e1 apenas visualizar ou tamb\u00e9m modificar (criar novos e [\u2026]<\/p>","protected":false},"author":1,"featured_media":0,"parent":0,"menu_order":0,"comment_status":"closed","ping_status":"closed","template":"elementor_header_footer","meta":{"_acf_changed":false,"footnotes":""},"class_list":["post-279","page","type-page","status-publish","hentry"],"acf":[],"yoast_head":"<!-- This site is optimized with the Yoast SEO plugin v26.6 - https:\/\/yoast.com\/wordpress\/plugins\/seo\/ -->\n<title>Control Who Sees What in Mapsly - Mapsly<\/title>\n<meta name=\"description\" content=\"Configure access to objects, their fields and Mapsly features using user profiles. Share individual records with record sharing rules.\" \/>\n<meta name=\"robots\" content=\"index, follow, max-snippet:-1, max-image-preview:large, max-video-preview:-1\" \/>\n<link rel=\"canonical\" href=\"https:\/\/mapsly.com\/pt\/access-control-and-sharing\/\" \/>\n<meta property=\"og:locale\" content=\"pt_PT\" \/>\n<meta property=\"og:type\" content=\"article\" \/>\n<meta property=\"og:title\" content=\"Control Who Sees What in Mapsly - Mapsly\" \/>\n<meta property=\"og:description\" content=\"Configure access to objects, their fields and Mapsly features using user profiles. Share individual records with record sharing rules.\" \/>\n<meta property=\"og:url\" content=\"https:\/\/mapsly.com\/pt\/access-control-and-sharing\/\" \/>\n<meta property=\"og:site_name\" content=\"Mapsly\" \/>\n<meta property=\"article:modified_time\" content=\"2025-12-16T11:29:07+00:00\" \/>\n<meta name=\"twitter:card\" content=\"summary_large_image\" \/>\n<meta name=\"twitter:label1\" content=\"Tempo estimado de leitura\" \/>\n\t<meta name=\"twitter:data1\" content=\"3 minutos\" \/>\n<script type=\"application\/ld+json\" class=\"yoast-schema-graph\">{\"@context\":\"https:\/\/schema.org\",\"@graph\":[{\"@type\":\"WebPage\",\"@id\":\"https:\/\/mapsly.com\/pt\/access-control-and-sharing\/\",\"url\":\"https:\/\/mapsly.com\/pt\/access-control-and-sharing\/\",\"name\":\"Control Who Sees What in Mapsly - Mapsly\",\"isPartOf\":{\"@id\":\"https:\/\/mapsly.com\/#website\"},\"datePublished\":\"2025-06-26T12:55:56+00:00\",\"dateModified\":\"2025-12-16T11:29:07+00:00\",\"description\":\"Configure access to objects, their fields and Mapsly features using user profiles. Share individual records with record sharing rules.\",\"breadcrumb\":{\"@id\":\"https:\/\/mapsly.com\/pt\/access-control-and-sharing\/#breadcrumb\"},\"inLanguage\":\"pt-PT\",\"potentialAction\":[{\"@type\":\"ReadAction\",\"target\":[\"https:\/\/mapsly.com\/pt\/access-control-and-sharing\/\"]}]},{\"@type\":\"BreadcrumbList\",\"@id\":\"https:\/\/mapsly.com\/pt\/access-control-and-sharing\/#breadcrumb\",\"itemListElement\":[{\"@type\":\"ListItem\",\"position\":1,\"name\":\"Home\",\"item\":\"https:\/\/mapsly.com\/\"},{\"@type\":\"ListItem\",\"position\":2,\"name\":\"Control Who Sees What in Mapsly\"}]},{\"@type\":\"WebSite\",\"@id\":\"https:\/\/mapsly.com\/#website\",\"url\":\"https:\/\/mapsly.com\/\",\"name\":\"Mapsly\",\"description\":\"The Ultimate CRM Map\",\"publisher\":{\"@id\":\"https:\/\/mapsly.com\/#organization\"},\"potentialAction\":[{\"@type\":\"SearchAction\",\"target\":{\"@type\":\"EntryPoint\",\"urlTemplate\":\"https:\/\/mapsly.com\/?s={search_term_string}\"},\"query-input\":{\"@type\":\"PropertyValueSpecification\",\"valueRequired\":true,\"valueName\":\"search_term_string\"}}],\"inLanguage\":\"pt-PT\"},{\"@type\":\"Organization\",\"@id\":\"https:\/\/mapsly.com\/#organization\",\"name\":\"Mapsly\",\"url\":\"https:\/\/mapsly.com\/\",\"logo\":{\"@type\":\"ImageObject\",\"inLanguage\":\"pt-PT\",\"@id\":\"https:\/\/mapsly.com\/#\/schema\/logo\/image\/\",\"url\":\"https:\/\/mapsly.com\/wp-content\/uploads\/2025\/06\/Mapsly-Logo-2x-BIG.png\",\"contentUrl\":\"https:\/\/mapsly.com\/wp-content\/uploads\/2025\/06\/Mapsly-Logo-2x-BIG.png\",\"width\":280,\"height\":85,\"caption\":\"Mapsly\"},\"image\":{\"@id\":\"https:\/\/mapsly.com\/#\/schema\/logo\/image\/\"}}]}<\/script>\n<!-- \/ Yoast SEO plugin. -->","yoast_head_json":{"title":"Controle quem v\u00ea o que no Mapsly - Mapsly","description":"Configure o acesso aos objetos, seus campos e os recursos do Mapsly usando perfis de usu\u00e1rio. Compartilhe registros individuais com regras de compartilhamento de registros.","robots":{"index":"index","follow":"follow","max-snippet":"max-snippet:-1","max-image-preview":"max-image-preview:large","max-video-preview":"max-video-preview:-1"},"canonical":"https:\/\/mapsly.com\/pt\/access-control-and-sharing\/","og_locale":"pt_PT","og_type":"article","og_title":"Control Who Sees What in Mapsly - Mapsly","og_description":"Configure access to objects, their fields and Mapsly features using user profiles. Share individual records with record sharing rules.","og_url":"https:\/\/mapsly.com\/pt\/access-control-and-sharing\/","og_site_name":"Mapsly","article_modified_time":"2025-12-16T11:29:07+00:00","twitter_card":"summary_large_image","twitter_misc":{"Tempo estimado de leitura":"3 minutos"},"schema":{"@context":"https:\/\/schema.org","@graph":[{"@type":"WebPage","@id":"https:\/\/mapsly.com\/pt\/access-control-and-sharing\/","url":"https:\/\/mapsly.com\/pt\/access-control-and-sharing\/","name":"Controle quem v\u00ea o que no Mapsly - Mapsly","isPartOf":{"@id":"https:\/\/mapsly.com\/#website"},"datePublished":"2025-06-26T12:55:56+00:00","dateModified":"2025-12-16T11:29:07+00:00","description":"Configure o acesso aos objetos, seus campos e os recursos do Mapsly usando perfis de usu\u00e1rio. Compartilhe registros individuais com regras de compartilhamento de registros.","breadcrumb":{"@id":"https:\/\/mapsly.com\/pt\/access-control-and-sharing\/#breadcrumb"},"inLanguage":"pt-PT","potentialAction":[{"@type":"ReadAction","target":["https:\/\/mapsly.com\/pt\/access-control-and-sharing\/"]}]},{"@type":"BreadcrumbList","@id":"https:\/\/mapsly.com\/pt\/access-control-and-sharing\/#breadcrumb","itemListElement":[{"@type":"ListItem","position":1,"name":"Home","item":"https:\/\/mapsly.com\/"},{"@type":"ListItem","position":2,"name":"Control Who Sees What in Mapsly"}]},{"@type":"WebSite","@id":"https:\/\/mapsly.com\/#website","url":"https:\/\/mapsly.com\/","name":"Mapsly","description":"O Mapa Definitivo de CRM","publisher":{"@id":"https:\/\/mapsly.com\/#organization"},"potentialAction":[{"@type":"SearchAction","target":{"@type":"EntryPoint","urlTemplate":"https:\/\/mapsly.com\/?s={search_term_string}"},"query-input":{"@type":"PropertyValueSpecification","valueRequired":true,"valueName":"search_term_string"}}],"inLanguage":"pt-PT"},{"@type":"Organization","@id":"https:\/\/mapsly.com\/#organization","name":"Mapsly","url":"https:\/\/mapsly.com\/","logo":{"@type":"ImageObject","inLanguage":"pt-PT","@id":"https:\/\/mapsly.com\/#\/schema\/logo\/image\/","url":"https:\/\/mapsly.com\/wp-content\/uploads\/2025\/06\/Mapsly-Logo-2x-BIG.png","contentUrl":"https:\/\/mapsly.com\/wp-content\/uploads\/2025\/06\/Mapsly-Logo-2x-BIG.png","width":280,"height":85,"caption":"Mapsly"},"image":{"@id":"https:\/\/mapsly.com\/#\/schema\/logo\/image\/"}}]}},"_links":{"self":[{"href":"https:\/\/mapsly.com\/pt\/wp-json\/wp\/v2\/pages\/279","targetHints":{"allow":["GET"]}}],"collection":[{"href":"https:\/\/mapsly.com\/pt\/wp-json\/wp\/v2\/pages"}],"about":[{"href":"https:\/\/mapsly.com\/pt\/wp-json\/wp\/v2\/types\/page"}],"author":[{"embeddable":true,"href":"https:\/\/mapsly.com\/pt\/wp-json\/wp\/v2\/users\/1"}],"replies":[{"embeddable":true,"href":"https:\/\/mapsly.com\/pt\/wp-json\/wp\/v2\/comments?post=279"}],"version-history":[{"count":38,"href":"https:\/\/mapsly.com\/pt\/wp-json\/wp\/v2\/pages\/279\/revisions"}],"predecessor-version":[{"id":25117,"href":"https:\/\/mapsly.com\/pt\/wp-json\/wp\/v2\/pages\/279\/revisions\/25117"}],"wp:attachment":[{"href":"https:\/\/mapsly.com\/pt\/wp-json\/wp\/v2\/media?parent=279"}],"curies":[{"name":"wp","href":"https:\/\/api.w.org\/{rel}","templated":true}]}}