{"id":24469,"date":"2025-12-03T15:52:52","date_gmt":"2025-12-03T12:52:52","guid":{"rendered":"https:\/\/mapsly.com\/?page_id=24469"},"modified":"2026-01-28T14:47:38","modified_gmt":"2026-01-28T11:47:38","slug":"wizard-guidelines-for-salesforce","status":"publish","type":"page","link":"https:\/\/mapsly.com\/pt\/wizard-guidelines-for-salesforce\/","title":{"rendered":"Diretrizes do assistente para Salesforce"},"content":{"rendered":"<div data-elementor-type=\"wp-page\" data-elementor-id=\"24469\" class=\"elementor elementor-24469\" data-elementor-post-type=\"page\">\n\t\t\t\t<div class=\"elementor-element elementor-element-7b75f0e e-flex e-con-boxed e-con e-parent\" data-id=\"7b75f0e\" data-element_type=\"container\" data-e-type=\"container\">\n\t\t\t\t\t<div class=\"e-con-inner\">\n\t\t\t\t<div class=\"elementor-element elementor-element-dd96ee6 elementor-widget__width-initial elementor-widget elementor-widget-text-editor\" data-id=\"dd96ee6\" data-element_type=\"widget\" data-e-type=\"widget\" data-widget_type=\"text-editor.default\">\n\t\t\t\t<div class=\"elementor-widget-container\">\n\t\t\t\t\t\t\t\t\t<p><strong>Importante:<\/strong> j\u00e1 que o Mapsly utiliza a API do Salesforce, isso requer\u00a0<strong>o plano Salesforce Professional <\/strong>(com complemento de acesso \u00e0 API)<strong> ou o plano Salesforce Enterprise\u00a0<\/strong>ou superior. Voc\u00ea tamb\u00e9m precisa ser um <strong>Administrador da organiza\u00e7\u00e3o Salesforce<\/strong> para concluir o processo de inscri\u00e7\u00e3o.<\/p><p>Se voc\u00ea estiver utilizando o Salesforce Professional Edition, o acesso \u00e0 API n\u00e3o est\u00e1 inclu\u00eddo no plano. Deve ser adquirido separadamente entrando em contato com seu Executivo de Conta Salesforce. Se voc\u00ea n\u00e3o tiver um Executivo de Conta Salesforce designado, entre em contato com o Salesforce. <b><a href=\"https:\/\/www.salesforce.com\/eu\/company\/locations\/\" target=\"_blank\" rel=\"nofollow noopener noreferrer\">Equipe de Vendas<\/a><\/b>.<\/p>\t\t\t\t\t\t\t\t<\/div>\n\t\t\t\t<\/div>\n\t\t\t\t\t<\/div>\n\t\t\t\t<\/div>\n\t\t<div class=\"elementor-element elementor-element-853f21f e-flex e-con-boxed e-con e-parent\" data-id=\"853f21f\" data-element_type=\"container\" data-e-type=\"container\">\n\t\t\t\t\t<div class=\"e-con-inner\">\n\t\t\t\t<div class=\"elementor-element elementor-element-d31341e elementor-widget__width-initial elementor-widget elementor-widget-text-editor\" data-id=\"d31341e\" data-element_type=\"widget\" data-e-type=\"widget\" data-widget_type=\"text-editor.default\">\n\t\t\t\t<div class=\"elementor-widget-container\">\n\t\t\t\t\t\t\t\t\t<p>Voc\u00ea sempre pode encontrar um\u00a0<a href=\"https:\/\/help.mapsly.com\/en\/articles\/4336803\" target=\"_blank\" rel=\"noopener\">guia completo de instala\u00e7\u00e3o para Salesforce <\/a>\u00a0Em Mapas<span style=\"letter-spacing: 0px;\">central de ajuda ly. <\/span><\/p>\t\t\t\t\t\t\t\t<\/div>\n\t\t\t\t<\/div>\n\t\t\t\t\t<\/div>\n\t\t\t\t<\/div>\n\t\t\t\t<\/div>","protected":false},"excerpt":{"rendered":"<p>Importante: como a Mapsly utiliza a API Salesforce, \u00e9 necess\u00e1rio o plano Salesforce Professional (com complemento de acesso \u00e0 API) ou o plano Salesforce Enterprise ou superior. Tamb\u00e9m \u00e9 preciso ser administrador da organiza\u00e7\u00e3o Salesforce para concluir o processo de inscri\u00e7\u00e3o. Se voc\u00ea estiver usando a edi\u00e7\u00e3o Salesforce Professional, o acesso \u00e0 API n\u00e3o est\u00e1 inclu\u00eddo no plano. Deve ser adquirido separadamente por [&hellip;]<\/p>","protected":false},"author":51,"featured_media":0,"parent":0,"menu_order":0,"comment_status":"closed","ping_status":"closed","template":"elementor_canvas","meta":{"_acf_changed":false,"footnotes":""},"class_list":["post-24469","page","type-page","status-publish","hentry"],"acf":[],"yoast_head":"<!-- This site is optimized with the Yoast SEO plugin v26.6 - https:\/\/yoast.com\/wordpress\/plugins\/seo\/ -->\n<title>Wizard guidelines for Salesforce - Mapsly<\/title>\n<meta name=\"robots\" content=\"index, follow, max-snippet:-1, max-image-preview:large, max-video-preview:-1\" \/>\n<link rel=\"canonical\" href=\"https:\/\/mapsly.com\/pt\/wizard-guidelines-for-salesforce\/\" \/>\n<meta property=\"og:locale\" content=\"pt_PT\" \/>\n<meta property=\"og:type\" content=\"article\" \/>\n<meta property=\"og:title\" content=\"Wizard guidelines for Salesforce - Mapsly\" \/>\n<meta property=\"og:description\" content=\"Important: since Mapsly leverages Salesforce API, it requires\u00a0the Salesforce Professional plan (with API access add-on) or the Salesforce Enterprise plan\u00a0or higher. You also need to be a Salesforce org administrator to complete sign-up process. If you are using Salesforce Professional Edition, API access is not included in the plan. It must be purchased separately by [&hellip;]\" \/>\n<meta property=\"og:url\" content=\"https:\/\/mapsly.com\/pt\/wizard-guidelines-for-salesforce\/\" \/>\n<meta property=\"og:site_name\" content=\"Mapsly\" \/>\n<meta property=\"article:modified_time\" content=\"2026-01-28T11:47:38+00:00\" \/>\n<meta name=\"twitter:card\" content=\"summary_large_image\" \/>\n<meta name=\"twitter:label1\" content=\"Tempo estimado de leitura\" \/>\n\t<meta name=\"twitter:data1\" content=\"1 minuto\" \/>\n<script type=\"application\/ld+json\" class=\"yoast-schema-graph\">{\"@context\":\"https:\/\/schema.org\",\"@graph\":[{\"@type\":\"WebPage\",\"@id\":\"https:\/\/mapsly.com\/ko\/wizard-guidelines-for-salesforce\/\",\"url\":\"https:\/\/mapsly.com\/ko\/wizard-guidelines-for-salesforce\/\",\"name\":\"Wizard guidelines for Salesforce - Mapsly\",\"isPartOf\":{\"@id\":\"https:\/\/mapsly.com\/#website\"},\"datePublished\":\"2025-12-03T12:52:52+00:00\",\"dateModified\":\"2026-01-28T11:47:38+00:00\",\"breadcrumb\":{\"@id\":\"https:\/\/mapsly.com\/ko\/wizard-guidelines-for-salesforce\/#breadcrumb\"},\"inLanguage\":\"pt-PT\",\"potentialAction\":[{\"@type\":\"ReadAction\",\"target\":[\"https:\/\/mapsly.com\/ko\/wizard-guidelines-for-salesforce\/\"]}]},{\"@type\":\"BreadcrumbList\",\"@id\":\"https:\/\/mapsly.com\/ko\/wizard-guidelines-for-salesforce\/#breadcrumb\",\"itemListElement\":[{\"@type\":\"ListItem\",\"position\":1,\"name\":\"Home\",\"item\":\"https:\/\/mapsly.com\/\"},{\"@type\":\"ListItem\",\"position\":2,\"name\":\"Wizard guidelines for Salesforce\"}]},{\"@type\":\"WebSite\",\"@id\":\"https:\/\/mapsly.com\/#website\",\"url\":\"https:\/\/mapsly.com\/\",\"name\":\"Mapsly\",\"description\":\"The Ultimate CRM Map\",\"publisher\":{\"@id\":\"https:\/\/mapsly.com\/#organization\"},\"potentialAction\":[{\"@type\":\"SearchAction\",\"target\":{\"@type\":\"EntryPoint\",\"urlTemplate\":\"https:\/\/mapsly.com\/?s={search_term_string}\"},\"query-input\":{\"@type\":\"PropertyValueSpecification\",\"valueRequired\":true,\"valueName\":\"search_term_string\"}}],\"inLanguage\":\"pt-PT\"},{\"@type\":\"Organization\",\"@id\":\"https:\/\/mapsly.com\/#organization\",\"name\":\"Mapsly\",\"url\":\"https:\/\/mapsly.com\/\",\"logo\":{\"@type\":\"ImageObject\",\"inLanguage\":\"pt-PT\",\"@id\":\"https:\/\/mapsly.com\/#\/schema\/logo\/image\/\",\"url\":\"https:\/\/mapsly.com\/wp-content\/uploads\/2025\/06\/Mapsly-Logo-2x-BIG.png\",\"contentUrl\":\"https:\/\/mapsly.com\/wp-content\/uploads\/2025\/06\/Mapsly-Logo-2x-BIG.png\",\"width\":280,\"height\":85,\"caption\":\"Mapsly\"},\"image\":{\"@id\":\"https:\/\/mapsly.com\/#\/schema\/logo\/image\/\"}}]}<\/script>\n<!-- \/ Yoast SEO plugin. -->","yoast_head_json":{"title":"Diretrizes do assistente para Salesforce - Mapsly","robots":{"index":"index","follow":"follow","max-snippet":"max-snippet:-1","max-image-preview":"max-image-preview:large","max-video-preview":"max-video-preview:-1"},"canonical":"https:\/\/mapsly.com\/pt\/wizard-guidelines-for-salesforce\/","og_locale":"pt_PT","og_type":"article","og_title":"Wizard guidelines for Salesforce - Mapsly","og_description":"Important: since Mapsly leverages Salesforce API, it requires\u00a0the Salesforce Professional plan (with API access add-on) or the Salesforce Enterprise plan\u00a0or higher. You also need to be a Salesforce org administrator to complete sign-up process. If you are using Salesforce Professional Edition, API access is not included in the plan. It must be purchased separately by [&hellip;]","og_url":"https:\/\/mapsly.com\/pt\/wizard-guidelines-for-salesforce\/","og_site_name":"Mapsly","article_modified_time":"2026-01-28T11:47:38+00:00","twitter_card":"summary_large_image","twitter_misc":{"Tempo estimado de leitura":"1 minuto"},"schema":{"@context":"https:\/\/schema.org","@graph":[{"@type":"WebPage","@id":"https:\/\/mapsly.com\/ko\/wizard-guidelines-for-salesforce\/","url":"https:\/\/mapsly.com\/ko\/wizard-guidelines-for-salesforce\/","name":"Diretrizes do assistente para Salesforce - Mapsly","isPartOf":{"@id":"https:\/\/mapsly.com\/#website"},"datePublished":"2025-12-03T12:52:52+00:00","dateModified":"2026-01-28T11:47:38+00:00","breadcrumb":{"@id":"https:\/\/mapsly.com\/ko\/wizard-guidelines-for-salesforce\/#breadcrumb"},"inLanguage":"pt-PT","potentialAction":[{"@type":"ReadAction","target":["https:\/\/mapsly.com\/ko\/wizard-guidelines-for-salesforce\/"]}]},{"@type":"BreadcrumbList","@id":"https:\/\/mapsly.com\/ko\/wizard-guidelines-for-salesforce\/#breadcrumb","itemListElement":[{"@type":"ListItem","position":1,"name":"Home","item":"https:\/\/mapsly.com\/"},{"@type":"ListItem","position":2,"name":"Wizard guidelines for Salesforce"}]},{"@type":"WebSite","@id":"https:\/\/mapsly.com\/#website","url":"https:\/\/mapsly.com\/","name":"Mapsly","description":"O mapa CRM definitivo","publisher":{"@id":"https:\/\/mapsly.com\/#organization"},"potentialAction":[{"@type":"SearchAction","target":{"@type":"EntryPoint","urlTemplate":"https:\/\/mapsly.com\/?s={search_term_string}"},"query-input":{"@type":"PropertyValueSpecification","valueRequired":true,"valueName":"search_term_string"}}],"inLanguage":"pt-PT"},{"@type":"Organization","@id":"https:\/\/mapsly.com\/#organization","name":"Mapsly","url":"https:\/\/mapsly.com\/","logo":{"@type":"ImageObject","inLanguage":"pt-PT","@id":"https:\/\/mapsly.com\/#\/schema\/logo\/image\/","url":"https:\/\/mapsly.com\/wp-content\/uploads\/2025\/06\/Mapsly-Logo-2x-BIG.png","contentUrl":"https:\/\/mapsly.com\/wp-content\/uploads\/2025\/06\/Mapsly-Logo-2x-BIG.png","width":280,"height":85,"caption":"Mapsly"},"image":{"@id":"https:\/\/mapsly.com\/#\/schema\/logo\/image\/"}}]}},"_links":{"self":[{"href":"https:\/\/mapsly.com\/pt\/wp-json\/wp\/v2\/pages\/24469","targetHints":{"allow":["GET"]}}],"collection":[{"href":"https:\/\/mapsly.com\/pt\/wp-json\/wp\/v2\/pages"}],"about":[{"href":"https:\/\/mapsly.com\/pt\/wp-json\/wp\/v2\/types\/page"}],"author":[{"embeddable":true,"href":"https:\/\/mapsly.com\/pt\/wp-json\/wp\/v2\/users\/51"}],"replies":[{"embeddable":true,"href":"https:\/\/mapsly.com\/pt\/wp-json\/wp\/v2\/comments?post=24469"}],"version-history":[{"count":17,"href":"https:\/\/mapsly.com\/pt\/wp-json\/wp\/v2\/pages\/24469\/revisions"}],"predecessor-version":[{"id":25762,"href":"https:\/\/mapsly.com\/pt\/wp-json\/wp\/v2\/pages\/24469\/revisions\/25762"}],"wp:attachment":[{"href":"https:\/\/mapsly.com\/pt\/wp-json\/wp\/v2\/media?parent=24469"}],"curies":[{"name":"wp","href":"https:\/\/api.w.org\/{rel}","templated":true}]}}