{"id":24444,"date":"2025-12-03T15:13:44","date_gmt":"2025-12-03T12:13:44","guid":{"rendered":"https:\/\/mapsly.com\/?page_id=24444"},"modified":"2026-01-28T14:14:32","modified_gmt":"2026-01-28T11:14:32","slug":"wizard-guidelines-for-zoho-crm","status":"publish","type":"page","link":"https:\/\/mapsly.com\/pt\/wizard-guidelines-for-zoho-crm\/","title":{"rendered":"Diretrizes do assistente para o Zoho CRM"},"content":{"rendered":"<div data-elementor-type=\"wp-page\" data-elementor-id=\"24444\" class=\"elementor elementor-24444\" data-elementor-post-type=\"page\">\n\t\t\t\t<div class=\"elementor-element elementor-element-812df68 e-flex e-con-boxed e-con e-parent\" data-id=\"812df68\" data-element_type=\"container\" data-e-type=\"container\">\n\t\t\t\t\t<div class=\"e-con-inner\">\n\t\t\t\t<div class=\"elementor-element elementor-element-ac5c66b elementor-widget elementor-widget-text-editor\" data-id=\"ac5c66b\" data-element_type=\"widget\" data-e-type=\"widget\" data-widget_type=\"text-editor.default\">\n\t\t\t\t<div class=\"elementor-widget-container\">\n\t\t\t\t\t\t\t\t\t<p>Para completar o processo de inscri\u00e7\u00e3o, <strong>Voc\u00ea deve ser um administrador do Zoho CRM e ter o Zoho CRM Standard edition ou superior,<\/strong>.<\/p><p><span style=\"letter-spacing: 0px;\">You can always find a <a href=\"https:\/\/help.mapsly.com\/en\/articles\/4316338\" target=\"_blank\" rel=\"noopener\">full installation guide for Zoho CRM<\/a> no centro de ajuda do Mapsly.\u00a0<\/span><\/p>\t\t\t\t\t\t\t\t<\/div>\n\t\t\t\t<\/div>\n\t\t\t\t\t<\/div>\n\t\t\t\t<\/div>\n\t\t\t\t<\/div>","protected":false},"excerpt":{"rendered":"<p>Para concluir o processo de inscri\u00e7\u00e3o, voc\u00ea deve ser administrador do Zoho CRM e ter a edi\u00e7\u00e3o Standard do Zoho CRM ou superior. Voc\u00ea pode sempre encontrar um guia completo de instala\u00e7\u00e3o do Zoho CRM no centro de ajuda do Mapsly.\u00a0<\/p>","protected":false},"author":51,"featured_media":0,"parent":0,"menu_order":0,"comment_status":"closed","ping_status":"closed","template":"elementor_canvas","meta":{"_acf_changed":false,"footnotes":""},"class_list":["post-24444","page","type-page","status-publish","hentry"],"acf":[],"yoast_head":"<!-- This site is optimized with the Yoast SEO plugin v26.6 - https:\/\/yoast.com\/wordpress\/plugins\/seo\/ -->\n<title>Wizard guidelines for Zoho CRM - Mapsly<\/title>\n<meta name=\"robots\" content=\"index, follow, max-snippet:-1, max-image-preview:large, max-video-preview:-1\" \/>\n<link rel=\"canonical\" href=\"https:\/\/mapsly.com\/pt\/wizard-guidelines-for-zoho-crm\/\" \/>\n<meta property=\"og:locale\" content=\"pt_PT\" \/>\n<meta property=\"og:type\" content=\"article\" \/>\n<meta property=\"og:title\" content=\"Wizard guidelines for Zoho CRM - Mapsly\" \/>\n<meta property=\"og:description\" content=\"To complete sign-up process, you must be a Zoho CRM administrator and have Zoho CRM Standard edition or higher. You can always find a full installation guide for Zoho CRM in Mapsly help center.\u00a0\" \/>\n<meta property=\"og:url\" content=\"https:\/\/mapsly.com\/pt\/wizard-guidelines-for-zoho-crm\/\" \/>\n<meta property=\"og:site_name\" content=\"Mapsly\" \/>\n<meta property=\"article:modified_time\" content=\"2026-01-28T11:14:32+00:00\" \/>\n<meta name=\"twitter:card\" content=\"summary_large_image\" \/>\n<meta name=\"twitter:label1\" content=\"Tempo estimado de leitura\" \/>\n\t<meta name=\"twitter:data1\" content=\"1 minuto\" \/>\n<script type=\"application\/ld+json\" class=\"yoast-schema-graph\">{\"@context\":\"https:\/\/schema.org\",\"@graph\":[{\"@type\":\"WebPage\",\"@id\":\"https:\/\/mapsly.com\/zh\/wizard-guidelines-for-zoho-crm\/\",\"url\":\"https:\/\/mapsly.com\/zh\/wizard-guidelines-for-zoho-crm\/\",\"name\":\"Wizard guidelines for Zoho CRM - Mapsly\",\"isPartOf\":{\"@id\":\"https:\/\/mapsly.com\/#website\"},\"datePublished\":\"2025-12-03T12:13:44+00:00\",\"dateModified\":\"2026-01-28T11:14:32+00:00\",\"breadcrumb\":{\"@id\":\"https:\/\/mapsly.com\/zh\/wizard-guidelines-for-zoho-crm\/#breadcrumb\"},\"inLanguage\":\"pt-PT\",\"potentialAction\":[{\"@type\":\"ReadAction\",\"target\":[\"https:\/\/mapsly.com\/zh\/wizard-guidelines-for-zoho-crm\/\"]}]},{\"@type\":\"BreadcrumbList\",\"@id\":\"https:\/\/mapsly.com\/zh\/wizard-guidelines-for-zoho-crm\/#breadcrumb\",\"itemListElement\":[{\"@type\":\"ListItem\",\"position\":1,\"name\":\"Home\",\"item\":\"https:\/\/mapsly.com\/\"},{\"@type\":\"ListItem\",\"position\":2,\"name\":\"Wizard guidelines for Zoho CRM\"}]},{\"@type\":\"WebSite\",\"@id\":\"https:\/\/mapsly.com\/#website\",\"url\":\"https:\/\/mapsly.com\/\",\"name\":\"Mapsly\",\"description\":\"The Ultimate CRM Map\",\"publisher\":{\"@id\":\"https:\/\/mapsly.com\/#organization\"},\"potentialAction\":[{\"@type\":\"SearchAction\",\"target\":{\"@type\":\"EntryPoint\",\"urlTemplate\":\"https:\/\/mapsly.com\/?s={search_term_string}\"},\"query-input\":{\"@type\":\"PropertyValueSpecification\",\"valueRequired\":true,\"valueName\":\"search_term_string\"}}],\"inLanguage\":\"pt-PT\"},{\"@type\":\"Organization\",\"@id\":\"https:\/\/mapsly.com\/#organization\",\"name\":\"Mapsly\",\"url\":\"https:\/\/mapsly.com\/\",\"logo\":{\"@type\":\"ImageObject\",\"inLanguage\":\"pt-PT\",\"@id\":\"https:\/\/mapsly.com\/#\/schema\/logo\/image\/\",\"url\":\"https:\/\/mapsly.com\/wp-content\/uploads\/2025\/06\/Mapsly-Logo-2x-BIG.png\",\"contentUrl\":\"https:\/\/mapsly.com\/wp-content\/uploads\/2025\/06\/Mapsly-Logo-2x-BIG.png\",\"width\":280,\"height\":85,\"caption\":\"Mapsly\"},\"image\":{\"@id\":\"https:\/\/mapsly.com\/#\/schema\/logo\/image\/\"}}]}<\/script>\n<!-- \/ Yoast SEO plugin. -->","yoast_head_json":{"title":"Diretrizes do assistente para Zoho CRM - Mapsly","robots":{"index":"index","follow":"follow","max-snippet":"max-snippet:-1","max-image-preview":"max-image-preview:large","max-video-preview":"max-video-preview:-1"},"canonical":"https:\/\/mapsly.com\/pt\/wizard-guidelines-for-zoho-crm\/","og_locale":"pt_PT","og_type":"article","og_title":"Wizard guidelines for Zoho CRM - Mapsly","og_description":"To complete sign-up process, you must be a Zoho CRM administrator and have Zoho CRM Standard edition or higher. You can always find a full installation guide for Zoho CRM in Mapsly help center.\u00a0","og_url":"https:\/\/mapsly.com\/pt\/wizard-guidelines-for-zoho-crm\/","og_site_name":"Mapsly","article_modified_time":"2026-01-28T11:14:32+00:00","twitter_card":"summary_large_image","twitter_misc":{"Tempo estimado de leitura":"1 minuto"},"schema":{"@context":"https:\/\/schema.org","@graph":[{"@type":"WebPage","@id":"https:\/\/mapsly.com\/zh\/wizard-guidelines-for-zoho-crm\/","url":"https:\/\/mapsly.com\/zh\/wizard-guidelines-for-zoho-crm\/","name":"Diretrizes do assistente para Zoho CRM - Mapsly","isPartOf":{"@id":"https:\/\/mapsly.com\/#website"},"datePublished":"2025-12-03T12:13:44+00:00","dateModified":"2026-01-28T11:14:32+00:00","breadcrumb":{"@id":"https:\/\/mapsly.com\/zh\/wizard-guidelines-for-zoho-crm\/#breadcrumb"},"inLanguage":"pt-PT","potentialAction":[{"@type":"ReadAction","target":["https:\/\/mapsly.com\/zh\/wizard-guidelines-for-zoho-crm\/"]}]},{"@type":"BreadcrumbList","@id":"https:\/\/mapsly.com\/zh\/wizard-guidelines-for-zoho-crm\/#breadcrumb","itemListElement":[{"@type":"ListItem","position":1,"name":"Home","item":"https:\/\/mapsly.com\/"},{"@type":"ListItem","position":2,"name":"Wizard guidelines for Zoho CRM"}]},{"@type":"WebSite","@id":"https:\/\/mapsly.com\/#website","url":"https:\/\/mapsly.com\/","name":"Mapsly","description":"O Mapa Definitivo de CRM","publisher":{"@id":"https:\/\/mapsly.com\/#organization"},"potentialAction":[{"@type":"SearchAction","target":{"@type":"EntryPoint","urlTemplate":"https:\/\/mapsly.com\/?s={search_term_string}"},"query-input":{"@type":"PropertyValueSpecification","valueRequired":true,"valueName":"search_term_string"}}],"inLanguage":"pt-PT"},{"@type":"Organization","@id":"https:\/\/mapsly.com\/#organization","name":"Mapsly","url":"https:\/\/mapsly.com\/","logo":{"@type":"ImageObject","inLanguage":"pt-PT","@id":"https:\/\/mapsly.com\/#\/schema\/logo\/image\/","url":"https:\/\/mapsly.com\/wp-content\/uploads\/2025\/06\/Mapsly-Logo-2x-BIG.png","contentUrl":"https:\/\/mapsly.com\/wp-content\/uploads\/2025\/06\/Mapsly-Logo-2x-BIG.png","width":280,"height":85,"caption":"Mapsly"},"image":{"@id":"https:\/\/mapsly.com\/#\/schema\/logo\/image\/"}}]}},"_links":{"self":[{"href":"https:\/\/mapsly.com\/pt\/wp-json\/wp\/v2\/pages\/24444","targetHints":{"allow":["GET"]}}],"collection":[{"href":"https:\/\/mapsly.com\/pt\/wp-json\/wp\/v2\/pages"}],"about":[{"href":"https:\/\/mapsly.com\/pt\/wp-json\/wp\/v2\/types\/page"}],"author":[{"embeddable":true,"href":"https:\/\/mapsly.com\/pt\/wp-json\/wp\/v2\/users\/51"}],"replies":[{"embeddable":true,"href":"https:\/\/mapsly.com\/pt\/wp-json\/wp\/v2\/comments?post=24444"}],"version-history":[{"count":27,"href":"https:\/\/mapsly.com\/pt\/wp-json\/wp\/v2\/pages\/24444\/revisions"}],"predecessor-version":[{"id":25746,"href":"https:\/\/mapsly.com\/pt\/wp-json\/wp\/v2\/pages\/24444\/revisions\/25746"}],"wp:attachment":[{"href":"https:\/\/mapsly.com\/pt\/wp-json\/wp\/v2\/media?parent=24444"}],"curies":[{"name":"wp","href":"https:\/\/api.w.org\/{rel}","templated":true}]}}