{"id":1863,"date":"2025-07-24T15:02:11","date_gmt":"2025-07-24T12:02:11","guid":{"rendered":"https:\/\/mapsly.com?page_id=1863"},"modified":"2026-02-20T11:14:27","modified_gmt":"2026-02-20T08:14:27","slug":"smartsheet-map","status":"publish","type":"page","link":"https:\/\/mapsly.com\/pt\/smartsheet-map\/","title":{"rendered":"Adicione Mapa Ao Vivo ao seu Painel Smartsheet"},"content":{"rendered":"<div data-elementor-type=\"wp-page\" data-elementor-id=\"1863\" class=\"elementor elementor-1863\" data-elementor-post-type=\"page\">\n\t\t\t\t<div class=\"elementor-element elementor-element-145e482 e-flex e-con-boxed e-con e-parent\" data-id=\"145e482\" data-element_type=\"container\" data-e-type=\"container\">\n\t\t\t\t\t<div class=\"e-con-inner\">\n\t\t\t\t<div class=\"elementor-element elementor-element-1169e60 elementor-widget elementor-widget-heading\" data-id=\"1169e60\" data-element_type=\"widget\" data-e-type=\"widget\" data-widget_type=\"heading.default\">\n\t\t\t\t<div class=\"elementor-widget-container\">\n\t\t\t\t\t<h2 class=\"elementor-heading-title elementor-size-default\">Adicione Mapa Ao Vivo ao seu Painel Smartsheet\n<\/h2>\t\t\t\t<\/div>\n\t\t\t\t<\/div>\n\t\t\t\t<div class=\"elementor-element elementor-element-06d7a25 elementor-widget elementor-widget-text-editor\" data-id=\"06d7a25\" data-element_type=\"widget\" data-e-type=\"widget\" data-widget_type=\"text-editor.default\">\n\t\t\t\t<div class=\"elementor-widget-container\">\n\t\t\t\t\t\t\t\t\t<p>Incorpore um mapa interativo ao vivo com dados do SmartSheet no seu painel do SmartSheet.<\/p>\t\t\t\t\t\t\t\t<\/div>\n\t\t\t\t<\/div>\n\t\t\t\t\t<\/div>\n\t\t\t\t<\/div>\n\t\t\t\t<section class=\"elementor-section elementor-top-section elementor-element elementor-element-66235526 elementor-section-boxed elementor-section-height-default elementor-section-height-default\" data-id=\"66235526\" data-element_type=\"section\" data-e-type=\"section\">\n\t\t\t\t\t\t<div class=\"elementor-container elementor-column-gap-default\">\n\t\t\t\t\t<div class=\"elementor-column elementor-col-100 elementor-top-column elementor-element elementor-element-29f009ef\" data-id=\"29f009ef\" data-element_type=\"column\" data-e-type=\"column\">\n\t\t\t<div class=\"elementor-widget-wrap elementor-element-populated\">\n\t\t\t\t\t\t<div class=\"elementor-element elementor-element-33c6fbb7 gutme  elementor-widget elementor-widget-text-editor\" data-id=\"33c6fbb7\" data-element_type=\"widget\" data-e-type=\"widget\" data-widget_type=\"text-editor.default\">\n\t\t\t\t<div class=\"elementor-widget-container\">\n\t\t\t\t\t\t\t\t\t\n<p>Adicione mapas interativos ao vivo ao seu painel Smartsheet. O mapa pode mostrar dados de uma ou v\u00e1rias planilhas do seu Smartsheet, CRM ou qualquer outra fonte de dados, assim como territ\u00f3rios. Voc\u00ea tamb\u00e9m pode adicionar bot\u00f5es, formul\u00e1rios e a\u00e7\u00f5es personalizadas \u2014 para permitir que os usu\u00e1rios enviem solicita\u00e7\u00f5es e aplica\u00e7\u00f5es, criem e atualizem registros e executem outras a\u00e7\u00f5es diretamente no mapa incorporado.<\/p>\n\n<div class=\"wp-block-spacer\" style=\"height: 25px;\" aria-hidden=\"true\">\u00a0<\/div>\n\n<div class=\"wp-block-buttons is-content-justification-center is-layout-flex wp-block-buttons-is-layout-flex\">\n<div class=\"wp-block-button\"><a class=\"wp-block-button__link\" href=\"#demo\" rel=\"noreferrer noopener\">Visualizar painel de demonstra\u00e7\u00e3o do Smartsheet<\/a><\/div>\n<\/div>\n\n<div class=\"wp-block-spacer\" style=\"height: 54px;\" aria-hidden=\"true\">\u00a0<\/div>\n\n<h2 class=\"has-text-align-center wp-block-heading\">Como incorporar Mapsly no painel do Smartsheet<\/h2>\n\n<p>A forma mais comum de adicionar o Mapsly ao seu painel Smartsheet \u00e9 usando o widget de Conte\u00fado Web do Smartsheet \u2014 assim o mapa ser\u00e1 incorporado diretamente no seu painel e o seu painel ser\u00e1 atualizado automaticamente para mostrar os dados de mapa mais recentes. Mas tamb\u00e9m \u00e9 poss\u00edvel adicionar o Mapsly usando widgets de Atalho ou Imagem \u2014 nesse caso, seu painel conter\u00e1 apenas um link que abrir\u00e1 o mapa do Mapsly em uma nova aba do navegador.<\/p>\n\n<div class=\"wp-block-spacer\" style=\"height: 25px;\" aria-hidden=\"true\">\u00a0<\/div>\n\n<div class=\"wp-block-buttons is-content-justification-center is-layout-flex wp-block-buttons-is-layout-flex\">\n<div class=\"wp-block-button\"><a class=\"wp-block-button__link\" href=\"https:\/\/help.mapsly.com\/articles\/5377582\">Guia passo a passo para adicionar um mapa ao vivo ao seu painel Smartsheet <\/a><\/div>\n<\/div>\n\n<div class=\"wp-block-spacer\" style=\"height: 57px;\" aria-hidden=\"true\">\u00a0<\/div>\n\n<h2 class=\"has-text-align-center wp-block-heading\">Frequ\u00eancia de atualiza\u00e7\u00e3o dos dados em mapas incorporados<\/h2>\n\n<p>Por padr\u00e3o, o Mapsly busca dados novos e atualizados de uma fonte de dados, como seu Smartsheet conectado, a cada 30 minutos. Esse atraso pode ser reduzido para 10 minutos.<\/p>\n\n<p>Tamb\u00e9m:<\/p>\n\n<ul class=\"wp-block-list\">\n<li>com algumas fontes de dados, como HubSpot e Zendesk, a sincroniza\u00e7\u00e3o de dados CRM em tempo real para Mapsly pode ser ativada em poucos cliques;<\/li>\n<li>para outras fontes de dados, voc\u00ea pode configurar a sincroniza\u00e7\u00e3o de dados CRM-&gt;Mapsly em tempo real usando webhooks ou chamadas de API de sa\u00edda da sua fonte de dados, como Zoho CRM, Creatio, Quickbase e qualquer outra fonte de dados que suporte qualquer uma dessas capacidades.<\/li>\n<\/ul>\n\n<h2 class=\"has-text-align-center wp-block-heading\">Mapas incorporados s\u00e3o flex\u00edveis e facilmente configur\u00e1veis<\/h2>\n\n<p>No seu mapa ao vivo, voc\u00ea pode colorir dinamicamente seus dados com base em crit\u00e9rios personalizados usando camadas e filtros de mapa; controlar o que os usu\u00e1rios veem com par\u00e2metros URL; mostrar dados de um ou v\u00e1rios objetos (planilhas) ao mesmo tempo. Para cada objeto, voc\u00ea pode ajustar as propriedades do marcador e os campos (colunas da planilha) que ser\u00e3o exibidos como etiqueta do marcador, ou no popup do mapa, ou no popup de visualiza\u00e7\u00e3o do registro que voc\u00ea tamb\u00e9m pode ativar.<\/p>\n\n<h2 class=\"has-text-align-center wp-block-heading\">Adicionar filtro de pesquisa e visualiza\u00e7\u00e3o em lista<\/h2>\n\n<p>Opcionalmente, voc\u00ea pode usar um <a href=\"https:\/\/help.mapsly.com\/articles\/5187658\" target=\"_blank\" rel=\"noreferrer noopener\">Exibi\u00e7\u00e3o de lista configur\u00e1vel<\/a> em combina\u00e7\u00e3o com o <a href=\"https:\/\/help.mapsly.com\/articles\/5361147\" target=\"_blank\" rel=\"noreferrer noopener\">filtro da barra de pesquisa<\/a> mostrar uma lista recolh\u00edvel de registros (linhas da planilha) \u00e0 esquerda no mapa e\/ou dar ao usu\u00e1rio a oportunidade de ajustar o conjunto de dados exibido no mapa e buscar registros espec\u00edficos.<\/p>\n\n<h2 class=\"has-text-align-center wp-block-heading\">Adicionar territ\u00f3rios<\/h2>\n\n<p>Voc\u00ea pode mostrar <a href=\"\/pt\/territories\/\">territ\u00f3rios<\/a>, ambos <a href=\"\/pt\/draw-and-assign-territories\/\">desenhado \u00e0 m\u00e3o<\/a> e <a href=\"\/pt\/boundaries-of-zip-codes-counties-census-areas\/\">criado usando a biblioteca geo<\/a> (por exemplo, de \u00e1reas de c\u00f3digo postal ou condados) e seus <a href=\"\/pt\/aggregate-metrics-demographics\/\">campos de dados, incluindo demografia e m\u00e9tricas agregadas<\/a> calculado automaticamente com base nos dados dos registros situados nesses territ\u00f3rios.<\/p>\n\n<h2 class=\"has-text-align-center wp-block-heading\">Adicionar painel de Camadas e visualiza\u00e7\u00e3o em Tabela<\/h2>\n\n<p>Tamb\u00e9m \u00e9 poss\u00edvel ativar <a href=\"\/pt\/map-layers-filters\/\"><em>Camadas <\/em>painel<\/a> e <em><a href=\"\/pt\/table-view-with-nearby-search\/\">Visualiza\u00e7\u00e3o em tabela<\/a> <\/em>em mapas compartilhados. Por favor, <a href=\"#openChat\">escreva para n\u00f3s no chat<\/a> para ter esses dois recursos ativados para mapas compartilhados na sua conta.<\/p>\n\n<h2 class=\"has-text-align-center wp-block-heading\">Adicionar bot\u00f5es, formul\u00e1rios e automa\u00e7\u00e3o<\/h2>\n\n<p>Voc\u00ea pode tornar seus mapas embutidos mais interativos colocando <a href=\"\/pt\/automation\/\">bot\u00f5es e formul\u00e1rios personalizados<\/a> a um popup do mapa de um registro ou popups de visualiza\u00e7\u00e3o de registro \u2014 para permitir que os usu\u00e1rios enviem dados, solicita\u00e7\u00f5es, acionem fluxos de trabalho e quaisquer outros processos personalizados.<\/p>\n\t\t\t\t\t\t\t\t<\/div>\n\t\t\t\t<\/div>\n\t\t\t\t<div class=\"elementor-element elementor-element-e7f5083 elementor-widget elementor-widget-menu-anchor\" data-id=\"e7f5083\" data-element_type=\"widget\" data-e-type=\"widget\" data-widget_type=\"menu-anchor.default\">\n\t\t\t\t<div class=\"elementor-widget-container\">\n\t\t\t\t\t\t\t<div class=\"elementor-menu-anchor\" id=\"demo\"><\/div>\n\t\t\t\t\t\t<\/div>\n\t\t\t\t<\/div>\n\t\t\t\t<div class=\"elementor-element elementor-element-6293268b elementor-widget elementor-widget-heading\" data-id=\"6293268b\" data-element_type=\"widget\" data-e-type=\"widget\" data-widget_type=\"heading.default\">\n\t\t\t\t<div class=\"elementor-widget-container\">\n\t\t\t\t\t<h2 class=\"elementor-heading-title elementor-size-default\">Demonstra\u00e7\u00e3o do painel Smartsheet<\/h2>\t\t\t\t<\/div>\n\t\t\t\t<\/div>\n\t\t\t\t<div class=\"elementor-element elementor-element-536500c7 elementor-widget elementor-widget-html\" data-id=\"536500c7\" data-element_type=\"widget\" data-e-type=\"widget\" data-widget_type=\"html.default\">\n\t\t\t\t<div class=\"elementor-widget-container\">\n\t\t\t\t\t<iframe width=\"1000\" height=\"1100\" frameborder=\"0\" src=\"https:\/\/app.smartsheet.com\/b\/publish?EQBCT=37ebb1c3c34a4c9481c195cc86c0536a\"><\/iframe>\t\t\t\t<\/div>\n\t\t\t\t<\/div>\n\t\t\t\t<div class=\"elementor-element elementor-element-4efc9b98 gutme elementor-widget elementor-widget-text-editor\" data-id=\"4efc9b98\" data-element_type=\"widget\" data-e-type=\"widget\" data-widget_type=\"text-editor.default\">\n\t\t\t\t<div class=\"elementor-widget-container\">\n\t\t\t\t\t\t\t\t\t\n<p>\u00a0<\/p>\n\n<figure class=\"wp-block-pullquote\">\n<blockquote>\n<p>A equipe de implementa\u00e7\u00e3o da Mapsly ir\u00e1 estudar seu cen\u00e1rio de uso e configurar mapas compartilhados para voc\u00ea, para que possa focar no seu neg\u00f3cio. <br \/><a href=\"https:\/\/calendly.com\/mapsly-meeting\/quick-demo\" target=\"_blank\" rel=\"noopener\">Agende uma chamada web para hoje<\/a>.<\/p>\n<cite>Ou pergunte-nos qualquer coisa no chat, estamos sempre online<\/cite><\/blockquote>\n<\/figure>\n\n<div class=\"wp-block-spacer\" style=\"height: 100px;\" aria-hidden=\"true\">\u00a0<\/div>\n\n<div class=\"wp-block-buttons is-content-justification-center is-layout-flex wp-block-buttons-is-layout-flex\">\n<div class=\"wp-block-button\"><a class=\"wp-block-button__link\" href=\"\/pt\/shared-interactive-maps\/\">Saiba mais sobre Mapas Compartilhados<\/a><\/div>\n<\/div>\n\n<div class=\"wp-block-spacer\" style=\"height: 100px;\" aria-hidden=\"true\">\u00a0<\/div>\n\n<p>\u00a0<\/p>\n\t\t\t\t\t\t\t\t<\/div>\n\t\t\t\t<\/div>\n\t\t\t\t\t<\/div>\n\t\t<\/div>\n\t\t\t\t\t<\/div>\n\t\t<\/section>\n\t\t\t\t<\/div>","protected":false},"excerpt":{"rendered":"<p>Adicione Mapa ao Vivo ao seu Painel Smartsheet\nIncorpore um mapa interativo ao vivo com dados do SmartSheet no seu painel Smartsheet\nAdicione mapas interativos ao vivo ao seu painel Smartsheet. O mapa pode mostrar dados de uma ou v\u00e1rias planilhas do seu Smartsheet, CRM ou qualquer outra fonte de dados, assim como territ\u00f3rios. Voc\u00ea tamb\u00e9m pode adicionar bot\u00f5es, [&hellip;]<\/p>","protected":false},"author":2,"featured_media":0,"parent":0,"menu_order":0,"comment_status":"closed","ping_status":"closed","template":"elementor_header_footer","meta":{"_acf_changed":false,"footnotes":""},"class_list":["post-1863","page","type-page","status-publish","hentry"],"acf":[],"yoast_head":"<!-- This site is optimized with the Yoast SEO plugin v26.6 - https:\/\/yoast.com\/wordpress\/plugins\/seo\/ -->\n<title>Add Live Map to Your Smartsheet Dashboard - Mapsly<\/title>\n<meta name=\"description\" content=\"Embed a live interactive map to your SmartSheet dashboard. Map data is synced in real time with your SmartSheet, CRM or any other data source.\" \/>\n<meta name=\"robots\" content=\"index, follow, max-snippet:-1, max-image-preview:large, max-video-preview:-1\" \/>\n<link rel=\"canonical\" href=\"https:\/\/mapsly.com\/pt\/smartsheet-map\/\" \/>\n<meta property=\"og:locale\" content=\"pt_PT\" \/>\n<meta property=\"og:type\" content=\"article\" \/>\n<meta property=\"og:title\" content=\"Add Live Map to Your Smartsheet Dashboard - Mapsly\" \/>\n<meta property=\"og:description\" content=\"Embed a live interactive map to your SmartSheet dashboard. Map data is synced in real time with your SmartSheet, CRM or any other data source.\" \/>\n<meta property=\"og:url\" content=\"https:\/\/mapsly.com\/pt\/smartsheet-map\/\" \/>\n<meta property=\"og:site_name\" content=\"Mapsly\" \/>\n<meta property=\"article:modified_time\" content=\"2026-02-20T08:14:27+00:00\" \/>\n<meta name=\"twitter:card\" content=\"summary_large_image\" \/>\n<meta name=\"twitter:label1\" content=\"Tempo estimado de leitura\" \/>\n\t<meta name=\"twitter:data1\" content=\"3 minutos\" \/>\n<script type=\"application\/ld+json\" class=\"yoast-schema-graph\">{\"@context\":\"https:\/\/schema.org\",\"@graph\":[{\"@type\":\"WebPage\",\"@id\":\"https:\/\/mapsly.com\/smartsheet-map\/\",\"url\":\"https:\/\/mapsly.com\/smartsheet-map\/\",\"name\":\"Add Live Map to Your Smartsheet Dashboard - Mapsly\",\"isPartOf\":{\"@id\":\"https:\/\/mapsly.com\/#website\"},\"datePublished\":\"2025-07-24T12:02:11+00:00\",\"dateModified\":\"2026-02-20T08:14:27+00:00\",\"description\":\"Embed a live interactive map to your SmartSheet dashboard. Map data is synced in real time with your SmartSheet, CRM or any other data source.\",\"breadcrumb\":{\"@id\":\"https:\/\/mapsly.com\/smartsheet-map\/#breadcrumb\"},\"inLanguage\":\"pt-PT\",\"potentialAction\":[{\"@type\":\"ReadAction\",\"target\":[\"https:\/\/mapsly.com\/smartsheet-map\/\"]}]},{\"@type\":\"BreadcrumbList\",\"@id\":\"https:\/\/mapsly.com\/smartsheet-map\/#breadcrumb\",\"itemListElement\":[{\"@type\":\"ListItem\",\"position\":1,\"name\":\"Home\",\"item\":\"https:\/\/mapsly.com\/\"},{\"@type\":\"ListItem\",\"position\":2,\"name\":\"Add Live Map to Your Smartsheet Dashboard\"}]},{\"@type\":\"WebSite\",\"@id\":\"https:\/\/mapsly.com\/#website\",\"url\":\"https:\/\/mapsly.com\/\",\"name\":\"Mapsly\",\"description\":\"The Ultimate CRM Map\",\"publisher\":{\"@id\":\"https:\/\/mapsly.com\/#organization\"},\"potentialAction\":[{\"@type\":\"SearchAction\",\"target\":{\"@type\":\"EntryPoint\",\"urlTemplate\":\"https:\/\/mapsly.com\/?s={search_term_string}\"},\"query-input\":{\"@type\":\"PropertyValueSpecification\",\"valueRequired\":true,\"valueName\":\"search_term_string\"}}],\"inLanguage\":\"pt-PT\"},{\"@type\":\"Organization\",\"@id\":\"https:\/\/mapsly.com\/#organization\",\"name\":\"Mapsly\",\"url\":\"https:\/\/mapsly.com\/\",\"logo\":{\"@type\":\"ImageObject\",\"inLanguage\":\"pt-PT\",\"@id\":\"https:\/\/mapsly.com\/#\/schema\/logo\/image\/\",\"url\":\"https:\/\/mapsly.com\/wp-content\/uploads\/2025\/06\/Mapsly-Logo-2x-BIG.png\",\"contentUrl\":\"https:\/\/mapsly.com\/wp-content\/uploads\/2025\/06\/Mapsly-Logo-2x-BIG.png\",\"width\":280,\"height\":85,\"caption\":\"Mapsly\"},\"image\":{\"@id\":\"https:\/\/mapsly.com\/#\/schema\/logo\/image\/\"}}]}<\/script>\n<!-- \/ Yoast SEO plugin. -->","yoast_head_json":{"title":"Adicione o Mapa ao Vivo ao Seu Painel do Smartsheet - Mapsly","description":"Incorpore um mapa interativo ao vivo no seu painel SmartSheet. Os dados do mapa s\u00e3o sincronizados em tempo real com seu SmartSheet, CRM ou qualquer outra fonte de dados.","robots":{"index":"index","follow":"follow","max-snippet":"max-snippet:-1","max-image-preview":"max-image-preview:large","max-video-preview":"max-video-preview:-1"},"canonical":"https:\/\/mapsly.com\/pt\/smartsheet-map\/","og_locale":"pt_PT","og_type":"article","og_title":"Add Live Map to Your Smartsheet Dashboard - Mapsly","og_description":"Embed a live interactive map to your SmartSheet dashboard. Map data is synced in real time with your SmartSheet, CRM or any other data source.","og_url":"https:\/\/mapsly.com\/pt\/smartsheet-map\/","og_site_name":"Mapsly","article_modified_time":"2026-02-20T08:14:27+00:00","twitter_card":"summary_large_image","twitter_misc":{"Tempo estimado de leitura":"3 minutos"},"schema":{"@context":"https:\/\/schema.org","@graph":[{"@type":"WebPage","@id":"https:\/\/mapsly.com\/smartsheet-map\/","url":"https:\/\/mapsly.com\/smartsheet-map\/","name":"Adicione o Mapa ao Vivo ao Seu Painel do Smartsheet - Mapsly","isPartOf":{"@id":"https:\/\/mapsly.com\/#website"},"datePublished":"2025-07-24T12:02:11+00:00","dateModified":"2026-02-20T08:14:27+00:00","description":"Incorpore um mapa interativo ao vivo no seu painel SmartSheet. Os dados do mapa s\u00e3o sincronizados em tempo real com seu SmartSheet, CRM ou qualquer outra fonte de dados.","breadcrumb":{"@id":"https:\/\/mapsly.com\/smartsheet-map\/#breadcrumb"},"inLanguage":"pt-PT","potentialAction":[{"@type":"ReadAction","target":["https:\/\/mapsly.com\/smartsheet-map\/"]}]},{"@type":"BreadcrumbList","@id":"https:\/\/mapsly.com\/smartsheet-map\/#breadcrumb","itemListElement":[{"@type":"ListItem","position":1,"name":"Home","item":"https:\/\/mapsly.com\/"},{"@type":"ListItem","position":2,"name":"Add Live Map to Your Smartsheet Dashboard"}]},{"@type":"WebSite","@id":"https:\/\/mapsly.com\/#website","url":"https:\/\/mapsly.com\/","name":"Mapsly","description":"O mapa CRM definitivo","publisher":{"@id":"https:\/\/mapsly.com\/#organization"},"potentialAction":[{"@type":"SearchAction","target":{"@type":"EntryPoint","urlTemplate":"https:\/\/mapsly.com\/?s={search_term_string}"},"query-input":{"@type":"PropertyValueSpecification","valueRequired":true,"valueName":"search_term_string"}}],"inLanguage":"pt-PT"},{"@type":"Organization","@id":"https:\/\/mapsly.com\/#organization","name":"Mapsly","url":"https:\/\/mapsly.com\/","logo":{"@type":"ImageObject","inLanguage":"pt-PT","@id":"https:\/\/mapsly.com\/#\/schema\/logo\/image\/","url":"https:\/\/mapsly.com\/wp-content\/uploads\/2025\/06\/Mapsly-Logo-2x-BIG.png","contentUrl":"https:\/\/mapsly.com\/wp-content\/uploads\/2025\/06\/Mapsly-Logo-2x-BIG.png","width":280,"height":85,"caption":"Mapsly"},"image":{"@id":"https:\/\/mapsly.com\/#\/schema\/logo\/image\/"}}]}},"_links":{"self":[{"href":"https:\/\/mapsly.com\/pt\/wp-json\/wp\/v2\/pages\/1863","targetHints":{"allow":["GET"]}}],"collection":[{"href":"https:\/\/mapsly.com\/pt\/wp-json\/wp\/v2\/pages"}],"about":[{"href":"https:\/\/mapsly.com\/pt\/wp-json\/wp\/v2\/types\/page"}],"author":[{"embeddable":true,"href":"https:\/\/mapsly.com\/pt\/wp-json\/wp\/v2\/users\/2"}],"replies":[{"embeddable":true,"href":"https:\/\/mapsly.com\/pt\/wp-json\/wp\/v2\/comments?post=1863"}],"version-history":[{"count":40,"href":"https:\/\/mapsly.com\/pt\/wp-json\/wp\/v2\/pages\/1863\/revisions"}],"predecessor-version":[{"id":25114,"href":"https:\/\/mapsly.com\/pt\/wp-json\/wp\/v2\/pages\/1863\/revisions\/25114"}],"wp:attachment":[{"href":"https:\/\/mapsly.com\/pt\/wp-json\/wp\/v2\/media?parent=1863"}],"curies":[{"name":"wp","href":"https:\/\/api.w.org\/{rel}","templated":true}]}}