{"id":434,"date":"2025-06-26T17:07:19","date_gmt":"2025-06-26T14:07:19","guid":{"rendered":"https:\/\/mapsly.com?page_id=434"},"modified":"2025-12-16T14:43:25","modified_gmt":"2025-12-16T11:43:25","slug":"field-routing-for-service-agents-with-check-in","status":"publish","type":"page","link":"https:\/\/mapsly.com\/it\/field-routing-for-service-agents-with-check-in\/","title":{"rendered":"Scenario d'uso: Routing sul campo per gli agenti di servizio"},"content":{"rendered":"<div data-elementor-type=\"wp-page\" data-elementor-id=\"434\" class=\"elementor elementor-434\" data-elementor-post-type=\"page\">\n\t\t\t\t<div class=\"elementor-element elementor-element-4e31283 e-flex e-con-boxed e-con e-parent\" data-id=\"4e31283\" data-element_type=\"container\" data-e-type=\"container\">\n\t\t\t\t\t<div class=\"e-con-inner\">\n\t\t\t\t<div class=\"elementor-element elementor-element-67f249e elementor-widget elementor-widget-heading\" data-id=\"67f249e\" data-element_type=\"widget\" data-e-type=\"widget\" data-widget_type=\"heading.default\">\n\t\t\t\t<div class=\"elementor-widget-container\">\n\t\t\t\t\t<h1 class=\"elementor-heading-title elementor-size-default\">Scenario d'uso: Routing sul campo per gli agenti di servizio\n<\/h1>\t\t\t\t<\/div>\n\t\t\t\t<\/div>\n\t\t\t\t<div class=\"elementor-element elementor-element-44c7740 elementor-widget elementor-widget-heading\" data-id=\"44c7740\" data-element_type=\"widget\" data-e-type=\"widget\" data-widget_type=\"heading.default\">\n\t\t\t\t<div class=\"elementor-widget-container\">\n\t\t\t\t\t<p class=\"elementor-heading-title elementor-size-default\">Questo case study dimostra uno scenario in cui un agente di assistenza accede ai suoi incarichi odierni.\n<\/p>\t\t\t\t<\/div>\n\t\t\t\t<\/div>\n\t\t\t\t\t<\/div>\n\t\t\t\t<\/div>\n\t\t<div class=\"elementor-element elementor-element-4942fd63 e-flex e-con-boxed e-con e-parent\" data-id=\"4942fd63\" data-element_type=\"container\" data-e-type=\"container\">\n\t\t\t\t\t<div class=\"e-con-inner\">\n\t\t\t\t<div class=\"elementor-element elementor-element-58dfee1 elementor-widget elementor-widget-video\" data-id=\"58dfee1\" data-element_type=\"widget\" data-e-type=\"widget\" data-settings=\"{&quot;youtube_url&quot;:&quot;https:\\\/\\\/youtu.be\\\/DSWejED2d6s&quot;,&quot;video_type&quot;:&quot;youtube&quot;,&quot;controls&quot;:&quot;yes&quot;}\" data-widget_type=\"video.default\">\n\t\t\t\t<div class=\"elementor-widget-container\">\n\t\t\t\t\t\t\t<div class=\"elementor-wrapper elementor-open-inline\">\n\t\t\t<div class=\"elementor-video\"><\/div>\t\t<\/div>\n\t\t\t\t\t\t<\/div>\n\t\t\t\t<\/div>\n\t\t\t\t<div class=\"elementor-element elementor-element-5a5590b elementor-widget elementor-widget-text-editor\" data-id=\"5a5590b\" data-element_type=\"widget\" data-e-type=\"widget\" data-widget_type=\"text-editor.default\">\n\t\t\t\t<div class=\"elementor-widget-container\">\n\t\t\t\t\t\t\t\t\t<p>\u00a0<\/p>\n\n<h2 class=\"wp-block-heading\">Funzionalit\u00e0 dimostrate<\/h2>\n\n<p>Questo video dimostrativo mostra le funzionalit\u00e0 di Mapsly per gli agenti sul campo (come rappresentanti di vendita o squadre di assistenza):<\/p>\n\n<ol class=\"wp-block-list\">\n<li>App mobile.<\/li>\n<li>Livelli mappa personalizzati.<\/li>\n<li>Instradamento ottimizzato.<\/li>\n<li>Modalit\u00e0 viaggio.<\/li>\n<li>Check-in e check-out da un lavoro.<\/li>\n<li>Navigazione con un clic.<\/li>\n<li>Integrazione tra Mapsly e l'app mobile CRM (in questo esempio, l'app mobile Zoho CRM).<\/li>\n<\/ol>\n\n<h2 class=\"wp-block-heading\">Azioni dell'utente nel video (passo dopo passo)<\/h2>\n\n<p>In questo scenario viene assegnato un agente (che potrebbe essere o meno un utente CRM). <em>lavori di servizio<\/em>In Mapsly, il supervisore dell'agente ha preconfigurato diversi livelli della mappa che includono solo i lavori assegnati all'agente:<\/p>\n\n<ol class=\"wp-block-list\">\n<li><strong>Lavori di oggi <\/strong>marcatori rossi<\/li>\n<li><strong>I lavori di domani <\/strong>(marcatori arancioni)<\/li>\n<li>e <strong>Altri lavori <\/strong>input=(marcatori verdi).<\/li>\n<\/ol>\n\n<p>L'agente nasconde tutti i livelli tranne 'Today\u2019s jobs' e utilizza lo strumento lasso di routing per aggiungere tutti i lavori di oggi al pannello Route. Successivamente, costruisce un percorso ottimizzato dal suo punto di partenza predefinito ('Home') a una posizione precedentemente salvata ('Office'), tenendo conto del traffico attuale, e quindi passa alla 'Trip mode' per seguire il percorso.<\/p>\n\n<p>Il pannello dei waypoint della modalit\u00e0 Trip mostra il percorso per la prima fermata, e l'agente clicca su \u201cNavigate\u201d per navigare verso la posizione using <strong>Waze<\/strong>. <em>Oltre a Waze, possono navigare utilizzando anche Google Maps o Apple Maps.<\/em><\/p>\n\n<p>Quando l'agente arriva alla localit\u00e0 del primo incarico, effettua il check-in cliccando su <strong>Avvia lavoro<\/strong> pulsante e inserisci note che vengono salvate immediatamente nel record del lavoro nel CRM insieme al <em>posizione dell'agente<\/em>, <em>distanza <\/em>dalla posizione del lavoro e dalla bandiera \u201cVerified: Yes\u201d che conferma che l'agente si trova entro 1\/4 di miglio (o km, a seconda delle unit\u00e0 di misura del tuo account Mapsly) dalla posizione del lavoro.<\/p>\n\n<p>Una volta che l'agente ha completato il lavoro, esce dal compito cliccando su <strong>Termina il lavoro<\/strong> pulsante e compila le note che sono, proprio come nel caso di <strong>Avvia lavoro<\/strong> input=process, inoltre salvato immediatamente nel record del lavoro nel CRM insieme alla posizione attuale dell'agente, la distanza dal sito dell'intervento, il flag \u201cVerified: Yes\u201d che conferma la presenza dell'agente in loco e la durata effettiva del lavoro.<\/p>\n\n<p>Poi l'agente clicca su <strong>Segna come visitato<\/strong> sul waypoint della rotta attuale per rimuoverlo dalla rotta corrente e ricostruire il percorso dalla loro posizione attuale fino al prossimo incarico, il che aggiorna anche il tempo di arrivo stimato (ETA) per tutti i lavori rimanenti.<\/p>\n\n<p>Poi l'agente clicca su <strong>Apri in Zoho CRM<\/strong> pulsante per aprire la scheda del lavoro nell'app mobile Zoho CRM. <em>Si prega di notare che questa funzionalit\u00e0 \u00e8 disponibile solo se l'utente \u00e8 un utente di Zoho CRM e ha effettuato l'accesso alla loro app mobile Zoho CRM. Mapsly funziona allo stesso modo con le app mobile di altri CRM.<\/em><\/p>\n\n<p><strong>Avvia lavoro<\/strong> e <strong>Termina il lavoro<\/strong> in questo scenario demo sono costruiti processi personalizzati con il <a href=\"\/it\/automation\/\">Mapsly suite di automazione<\/a>ciascuno consistente in un pulsante personalizzato incorporato nel menu dell'oggetto personalizzato waypoint del Service job, un modulo con un campo Note e un <em>Aggiorna record<\/em> Azione che salva i dati nel record CRM del lavoro in tempo reale. Il processo pu\u00f2 essere regolato per creare nuovi record di Check-in\/Check-out, eventi sulla timeline, riunioni; inviare email o messaggi di testo o includere qualsiasi altra sequenza di azioni disponibile nella suite di automazione.<\/p>\n\n<p>Facoltativamente, agli agenti pu\u00f2 essere impedito di effettuare il check-in o il check-out di un incarico se si trovano troppo lontani dal luogo dell'attivit\u00e0.<\/p>\n\n<p>Inoltre, potresti richiedere l'attivazione degli agenti. <a href=\"\/it\/check-in-check-out-with-geofencing\/\">Tracciamento della posizione<\/a> In modo che il supervisore del team potesse vedere la loro posizione in tempo reale sulla mappa, oltre alla cronologia degli spostamenti.<\/p>\n\n<figure class=\"wp-block-pullquote\">\n<blockquote>\n<p>Il team di implementazione di Mapsly configurer\u00e0 il processo di check-in e check-out e former\u00e0 il tuo team di vendita per sfruttare al meglio Mapsly, cos\u00ec potrai concentrarti sul tuo business. <br \/><a href=\"https:\/\/calendly.com\/mapsly-meeting\/quick-demo\" target=\"_blank\" rel=\"noopener\">Pianifica una chiamata web oggi<\/a>.<\/p>\n<cite>Oppure chiedici qualsiasi cosa in chat, siamo sempre online<\/cite><\/blockquote>\n<\/figure>\n\n<h2 class=\"wp-block-heading\">Per saperne di pi\u00f9<\/h2>\n\n<ul class=\"wp-block-list\">\n<li><a href=\"\/it\/automation\/\">Mapsly suite di automazione<\/a><\/li>\n<li><a href=\"\/it\/check-in-check-out-with-geofencing\/\">Check-in e check-out configurabili con verifica della posizione<\/a><\/li>\n<li><a href=\"\/it\/user-location-tracking\/\">Tracciamento della posizione dell'utente e cronologia degli spostamenti<\/a><\/li>\n<\/ul>\n\n<div class=\"wp-block-spacer\" style=\"height: 100px;\" aria-hidden=\"true\">\u00a0<\/div>\n\t\t\t\t\t\t\t\t<\/div>\n\t\t\t\t<\/div>\n\t\t\t\t\t<\/div>\n\t\t\t\t<\/div>\n\t\t\t\t<\/div>","protected":false},"excerpt":{"rendered":"<p>Use Scenario: Field Routing for Service Agents Questo case study dimostra uno scenario in cui un agente di servizio si dirige verso i suoi incarichi di oggi https:\/\/youtu.be\/DSWejED2d6s\n\nFunzionalit\u00e0 Dimostrate\nQuesto video dimostrativo mette in evidenza le funzionalit\u00e0 di Mapsly per gli agenti sul campo (come i rappresentanti di vendita o i team di assistenza): App mobile. Livelli mappa personalizzati. Routing ottimizzato. Modalit\u00e0 viaggio. Check-in e [&hellip;]<\/p>","protected":false},"author":1,"featured_media":0,"parent":0,"menu_order":0,"comment_status":"closed","ping_status":"closed","template":"elementor_header_footer","meta":{"_acf_changed":false,"footnotes":""},"class_list":["post-434","page","type-page","status-publish","hentry"],"acf":[],"yoast_head":"<!-- This site is optimized with the Yoast SEO plugin v26.6 - https:\/\/yoast.com\/wordpress\/plugins\/seo\/ -->\n<title>Use Scenario: Field Routing for Service Agents - Mapsly<\/title>\n<meta name=\"robots\" content=\"index, follow, max-snippet:-1, max-image-preview:large, max-video-preview:-1\" \/>\n<link rel=\"canonical\" href=\"https:\/\/mapsly.com\/it\/field-routing-for-service-agents-with-check-in\/\" \/>\n<meta property=\"og:locale\" content=\"it_IT\" \/>\n<meta property=\"og:type\" content=\"article\" \/>\n<meta property=\"og:title\" content=\"Use Scenario: Field Routing for Service Agents - Mapsly\" \/>\n<meta property=\"og:description\" content=\"Use Scenario: Field Routing for Service Agents This case study demonstrates a scenario in which a service agent navigates to their today\u2019s jobs https:\/\/youtu.be\/DSWejED2d6s \u00a0 Demonstrated features This demo video showcases Mapsly features for field agents (like sales reps or service teams): Mobile app. Custom map layers. Optimized routing. Trip mode. Checking in to and [&hellip;]\" \/>\n<meta property=\"og:url\" content=\"https:\/\/mapsly.com\/it\/field-routing-for-service-agents-with-check-in\/\" \/>\n<meta property=\"og:site_name\" content=\"Mapsly\" \/>\n<meta property=\"article:modified_time\" content=\"2025-12-16T11:43:25+00:00\" \/>\n<meta name=\"twitter:card\" content=\"summary_large_image\" \/>\n<meta name=\"twitter:label1\" content=\"Tempo di lettura stimato\" \/>\n\t<meta name=\"twitter:data1\" content=\"3 minuti\" \/>\n<script type=\"application\/ld+json\" class=\"yoast-schema-graph\">{\"@context\":\"https:\/\/schema.org\",\"@graph\":[{\"@type\":\"WebPage\",\"@id\":\"https:\/\/mapsly.com\/field-routing-for-service-agents-with-check-in\/\",\"url\":\"https:\/\/mapsly.com\/field-routing-for-service-agents-with-check-in\/\",\"name\":\"Use Scenario: Field Routing for Service Agents - Mapsly\",\"isPartOf\":{\"@id\":\"https:\/\/mapsly.com\/#website\"},\"datePublished\":\"2025-06-26T14:07:19+00:00\",\"dateModified\":\"2025-12-16T11:43:25+00:00\",\"breadcrumb\":{\"@id\":\"https:\/\/mapsly.com\/field-routing-for-service-agents-with-check-in\/#breadcrumb\"},\"inLanguage\":\"it-IT\",\"potentialAction\":[{\"@type\":\"ReadAction\",\"target\":[\"https:\/\/mapsly.com\/field-routing-for-service-agents-with-check-in\/\"]}]},{\"@type\":\"BreadcrumbList\",\"@id\":\"https:\/\/mapsly.com\/field-routing-for-service-agents-with-check-in\/#breadcrumb\",\"itemListElement\":[{\"@type\":\"ListItem\",\"position\":1,\"name\":\"Home\",\"item\":\"https:\/\/mapsly.com\/\"},{\"@type\":\"ListItem\",\"position\":2,\"name\":\"Use Scenario: Field Routing for Service Agents\"}]},{\"@type\":\"WebSite\",\"@id\":\"https:\/\/mapsly.com\/#website\",\"url\":\"https:\/\/mapsly.com\/\",\"name\":\"Mapsly\",\"description\":\"The Ultimate CRM Map\",\"publisher\":{\"@id\":\"https:\/\/mapsly.com\/#organization\"},\"potentialAction\":[{\"@type\":\"SearchAction\",\"target\":{\"@type\":\"EntryPoint\",\"urlTemplate\":\"https:\/\/mapsly.com\/?s={search_term_string}\"},\"query-input\":{\"@type\":\"PropertyValueSpecification\",\"valueRequired\":true,\"valueName\":\"search_term_string\"}}],\"inLanguage\":\"it-IT\"},{\"@type\":\"Organization\",\"@id\":\"https:\/\/mapsly.com\/#organization\",\"name\":\"Mapsly\",\"url\":\"https:\/\/mapsly.com\/\",\"logo\":{\"@type\":\"ImageObject\",\"inLanguage\":\"it-IT\",\"@id\":\"https:\/\/mapsly.com\/#\/schema\/logo\/image\/\",\"url\":\"https:\/\/mapsly.com\/wp-content\/uploads\/2025\/06\/Mapsly-Logo-2x-BIG.png\",\"contentUrl\":\"https:\/\/mapsly.com\/wp-content\/uploads\/2025\/06\/Mapsly-Logo-2x-BIG.png\",\"width\":280,\"height\":85,\"caption\":\"Mapsly\"},\"image\":{\"@id\":\"https:\/\/mapsly.com\/#\/schema\/logo\/image\/\"}}]}<\/script>\n<!-- \/ Yoast SEO plugin. -->","yoast_head_json":{"title":"Scenario d'uso: Routing sul campo per agenti di assistenza - Mapsly","robots":{"index":"index","follow":"follow","max-snippet":"max-snippet:-1","max-image-preview":"max-image-preview:large","max-video-preview":"max-video-preview:-1"},"canonical":"https:\/\/mapsly.com\/it\/field-routing-for-service-agents-with-check-in\/","og_locale":"it_IT","og_type":"article","og_title":"Use Scenario: Field Routing for Service Agents - Mapsly","og_description":"Use Scenario: Field Routing for Service Agents This case study demonstrates a scenario in which a service agent navigates to their today\u2019s jobs https:\/\/youtu.be\/DSWejED2d6s \u00a0 Demonstrated features This demo video showcases Mapsly features for field agents (like sales reps or service teams): Mobile app. Custom map layers. Optimized routing. Trip mode. Checking in to and [&hellip;]","og_url":"https:\/\/mapsly.com\/it\/field-routing-for-service-agents-with-check-in\/","og_site_name":"Mapsly","article_modified_time":"2025-12-16T11:43:25+00:00","twitter_card":"summary_large_image","twitter_misc":{"Tempo di lettura stimato":"3 minuti"},"schema":{"@context":"https:\/\/schema.org","@graph":[{"@type":"WebPage","@id":"https:\/\/mapsly.com\/field-routing-for-service-agents-with-check-in\/","url":"https:\/\/mapsly.com\/field-routing-for-service-agents-with-check-in\/","name":"Scenario d'uso: Routing sul campo per agenti di assistenza - Mapsly","isPartOf":{"@id":"https:\/\/mapsly.com\/#website"},"datePublished":"2025-06-26T14:07:19+00:00","dateModified":"2025-12-16T11:43:25+00:00","breadcrumb":{"@id":"https:\/\/mapsly.com\/field-routing-for-service-agents-with-check-in\/#breadcrumb"},"inLanguage":"it-IT","potentialAction":[{"@type":"ReadAction","target":["https:\/\/mapsly.com\/field-routing-for-service-agents-with-check-in\/"]}]},{"@type":"BreadcrumbList","@id":"https:\/\/mapsly.com\/field-routing-for-service-agents-with-check-in\/#breadcrumb","itemListElement":[{"@type":"ListItem","position":1,"name":"Home","item":"https:\/\/mapsly.com\/"},{"@type":"ListItem","position":2,"name":"Use Scenario: Field Routing for Service Agents"}]},{"@type":"WebSite","@id":"https:\/\/mapsly.com\/#website","url":"https:\/\/mapsly.com\/","name":"Mapsly","description":"La mappa CRM definitiva","publisher":{"@id":"https:\/\/mapsly.com\/#organization"},"potentialAction":[{"@type":"SearchAction","target":{"@type":"EntryPoint","urlTemplate":"https:\/\/mapsly.com\/?s={search_term_string}"},"query-input":{"@type":"PropertyValueSpecification","valueRequired":true,"valueName":"search_term_string"}}],"inLanguage":"it-IT"},{"@type":"Organization","@id":"https:\/\/mapsly.com\/#organization","name":"Mapsly","url":"https:\/\/mapsly.com\/","logo":{"@type":"ImageObject","inLanguage":"it-IT","@id":"https:\/\/mapsly.com\/#\/schema\/logo\/image\/","url":"https:\/\/mapsly.com\/wp-content\/uploads\/2025\/06\/Mapsly-Logo-2x-BIG.png","contentUrl":"https:\/\/mapsly.com\/wp-content\/uploads\/2025\/06\/Mapsly-Logo-2x-BIG.png","width":280,"height":85,"caption":"Mapsly"},"image":{"@id":"https:\/\/mapsly.com\/#\/schema\/logo\/image\/"}}]}},"_links":{"self":[{"href":"https:\/\/mapsly.com\/it\/wp-json\/wp\/v2\/pages\/434","targetHints":{"allow":["GET"]}}],"collection":[{"href":"https:\/\/mapsly.com\/it\/wp-json\/wp\/v2\/pages"}],"about":[{"href":"https:\/\/mapsly.com\/it\/wp-json\/wp\/v2\/types\/page"}],"author":[{"embeddable":true,"href":"https:\/\/mapsly.com\/it\/wp-json\/wp\/v2\/users\/1"}],"replies":[{"embeddable":true,"href":"https:\/\/mapsly.com\/it\/wp-json\/wp\/v2\/comments?post=434"}],"version-history":[{"count":34,"href":"https:\/\/mapsly.com\/it\/wp-json\/wp\/v2\/pages\/434\/revisions"}],"predecessor-version":[{"id":25135,"href":"https:\/\/mapsly.com\/it\/wp-json\/wp\/v2\/pages\/434\/revisions\/25135"}],"wp:attachment":[{"href":"https:\/\/mapsly.com\/it\/wp-json\/wp\/v2\/media?parent=434"}],"curies":[{"name":"wp","href":"https:\/\/api.w.org\/{rel}","templated":true}]}}