{"id":382,"date":"2025-06-26T16:59:24","date_gmt":"2025-06-26T13:59:24","guid":{"rendered":"https:\/\/mapsly.com?page_id=382"},"modified":"2025-12-16T14:35:50","modified_gmt":"2025-12-16T11:35:50","slug":"map-for-real-estate-agencies","status":"publish","type":"page","link":"https:\/\/mapsly.com\/it\/map-for-real-estate-agencies\/","title":{"rendered":"Mappa personalizzata &#038; automazione per le agenzie immobiliari"},"content":{"rendered":"<div data-elementor-type=\"wp-page\" data-elementor-id=\"382\" class=\"elementor elementor-382\" data-elementor-post-type=\"page\">\n\t\t\t\t\t\t<section class=\"elementor-section elementor-top-section elementor-element elementor-element-6f82c101 elementor-section-boxed elementor-section-height-default elementor-section-height-default\" data-id=\"6f82c101\" data-element_type=\"section\" data-e-type=\"section\">\n\t\t\t\t\t\t<div class=\"elementor-container elementor-column-gap-default\">\n\t\t\t\t\t<div class=\"elementor-column elementor-col-100 elementor-top-column elementor-element elementor-element-71952e8a\" data-id=\"71952e8a\" data-element_type=\"column\" data-e-type=\"column\">\n\t\t\t<div class=\"elementor-widget-wrap elementor-element-populated\">\n\t\t\t\t\t\t<div class=\"elementor-element elementor-element-faa5760 elementor-widget elementor-widget-heading\" data-id=\"faa5760\" data-element_type=\"widget\" data-e-type=\"widget\" data-widget_type=\"heading.default\">\n\t\t\t\t<div class=\"elementor-widget-container\">\n\t\t\t\t\t<h2 class=\"elementor-heading-title elementor-size-default\">Mappa personalizzata &amp; automazione per agenzie immobiliari\n<\/h2>\t\t\t\t<\/div>\n\t\t\t\t<\/div>\n\t\t\t\t<div class=\"elementor-element elementor-element-b24459b elementor-widget elementor-widget-heading\" data-id=\"b24459b\" data-element_type=\"widget\" data-e-type=\"widget\" data-widget_type=\"heading.default\">\n\t\t\t\t<div class=\"elementor-widget-container\">\n\t\t\t\t\t<p class=\"elementor-heading-title elementor-size-default\">Automatizza l'abbinamento delle propriet\u00e0 immobiliari ai clienti e offri loro un portale con una mappa personalizzata delle loro propriet\u00e0.\n<\/p>\t\t\t\t<\/div>\n\t\t\t\t<\/div>\n\t\t\t\t<div class=\"elementor-element elementor-element-4c79d2d5 elementor-widget elementor-widget-text-editor\" data-id=\"4c79d2d5\" data-element_type=\"widget\" data-e-type=\"widget\" data-widget_type=\"text-editor.default\">\n\t\t\t\t<div class=\"elementor-widget-container\">\n\t\t\t\t\t\t\t\t\t<p><span style=\"color: var( --e-global-color-text ); font-family: var( --e-global-typography-text-font-family ), Sans-serif; font-weight: var( --e-global-typography-text-font-weight ); letter-spacing: 0px;\">Le agenzie immobiliari che aiutano i clienti a trovare immobili in base a parametri specifici possono utilizzare Mapsly.<\/span><\/p>\n<ul>\n<li>per automatizzare la ricerca e l'assegnazione delle propriet\u00e0 ai clienti<\/li>\n<li>e per offrire una mappa interattiva personalizzata in un portale clienti che mostra le propriet\u00e0 assegnate a un cliente specifico e che viene aggiornata in tempo reale man mano che nuove propriet\u00e0 vengono assegnate o le assegnazioni esistenti vengono rimosse.<\/li>\n<\/ul>\n<h2>Abbinamento automatico degli immobili ai clienti<\/h2>\n<p>Utilizzando <a href=\"https:\/\/mapsly.com\/it\/automation\/\">Mapsly suite di automazione<\/a> e il suo <a href=\"https:\/\/mapsly.com\/it\/match-records\/\"><em>Abbina record<\/em> azione<\/a>Pu\u00f2 implementare i seguenti processi completamente automatizzati:<\/p>\n<ul>\n<li>quando un nuovo, <strong>cliente <\/strong>Una volta aggiunto al CRM, Mapsly pu\u00f2 automaticamente trovare tutte le propriet\u00e0 che corrispondono alle preferenze del cliente, compresa la distanza massima di percorrenza, assegnarle al cliente e inviare tramite email l'elenco delle propriet\u00e0 appena assegnate al cliente e al suo account executive;<\/li>\n<li>inoltre, quando un nuovo, <strong>propriet\u00e0 <\/strong>Una volta aggiunto al CRM, Mapsly pu\u00f2 automaticamente individuare tutti i clienti le cui preferenze corrispondono alla propriet\u00e0, assegnarla loro e notificarli.<\/li>\n<\/ul>\n<p><span style=\"color: #222d39; font-family: inherit; font-size: 2rem; font-weight: bold; letter-spacing: 0px;\">Mappa interattiva personalizzata<\/span><\/p>\n<p>Con Mapsly, <a href=\"\/it\/shared-interactive-maps\/\">mappe condivise<\/a> Con i parametri URL, puoi creare mappe interattive personalizzate con contenuti specificamente adattati a ciascuno dei tuoi clienti. Successivamente, puoi integrare tale mappa in un portale clienti, in un'applicazione web o mobile, oppure inviarla loro tramite email come link.<\/p>\n<p>Se non disponi ancora di un portale clienti, puoi configurarlo in 10 minuti utilizzando <a href=\"https:\/\/www.zoho.com\/creator\/online-customer-portal\/\">Zoho Creator Portal<\/a> Con solo poche righe di codice fornite nella nostra guida, oppure una soluzione simile per il portale clienti.<\/p>\n<p>Puoi anche aggiungere pulsanti e moduli ai tuoi oggetti sulla mappa per consentire ai tuoi clienti di richiedere la visualizzazione di una propriet\u00e0 ed eseguire qualsiasi altro processo che pu\u00f2 essere implementato con <a href=\"\/it\/automation\/\">Mapsly suite di automazione<\/a>Tutte le funzionalit\u00e0 di Mapsly ad eccezione di routing e prospecting possono essere abilitate su mappe personalizzate di questo tipo.<\/p>\n<figure class=\"wp-block-pullquote\">\n<blockquote>\n<p>Il team di implementazione di Mapsly costruir\u00e0 l'intero processo in Mapsly,<br \/>cos\u00ec pu\u00f2 concentrarsi sulla Sua attivit\u00e0.<br \/><a href=\"https:\/\/calendly.com\/mapsly-meeting\/quick-demo\" target=\"_blank\" rel=\"noopener\">Pianifica una chiamata web oggi<\/a>.<\/p>\n<p><cite>Oppure chiedici qualsiasi cosa in chat, siamo sempre online<\/cite><\/p>\n<\/blockquote>\n<\/figure>\n<h2>Demo: portale clienti con mappa personalizzata<\/h2>\n<p><span style=\"color: var( --e-global-color-text ); font-family: var( --e-global-typography-text-font-family ), Sans-serif; font-weight: var( --e-global-typography-text-font-weight ); letter-spacing: 0px;\">Una mappa personalizzata pu\u00f2 essere incorporata in qualsiasi soluzione di portale. In questo esempio, una mappa viene aggiunta a un portale clienti. <\/span><a style=\"font-family: var( --e-global-typography-text-font-family ), Sans-serif; font-weight: var( --e-global-typography-text-font-weight ); letter-spacing: 0px; background-color: #ffffff;\" href=\"https:\/\/help.mapsly.com\/articles\/5489056?_ga=2.41460582.536852451.1632143928-264234993.1632143928\">Costruito in 10 minuti con Zoho Creator Portal<\/a><span style=\"color: var( --e-global-color-text ); font-family: var( --e-global-typography-text-font-family ), Sans-serif; font-weight: var( --e-global-typography-text-font-weight ); letter-spacing: 0px;\">, che \u00e8 disponibile sia come web app che come app mobile.<\/span><\/p>\n<p><span style=\"color: var( --e-global-color-text ); font-family: var( --e-global-typography-text-font-family ), Sans-serif; font-weight: var( --e-global-typography-text-font-weight ); letter-spacing: 0px;\">When a <\/span><em style=\"color: var( --e-global-color-text ); font-family: var( --e-global-typography-text-font-family ), Sans-serif; font-weight: var( --e-global-typography-text-font-weight ); letter-spacing: 0px;\">Cliente<\/em><span style=\"color: var( --e-global-color-text ); font-family: var( --e-global-typography-text-font-family ), Sans-serif; font-weight: var( --e-global-typography-text-font-weight ); letter-spacing: 0px;\"> Quando viene aggiunto un record a un CRM, Mapsly genera automaticamente un link mappa personalizzato firmato che mostra i record Property assegnati a quel particolare cliente e registra il cliente nel Portale. Quando il cliente effettua il login nel Portale con la sua email, vede la mappa nella pagina Mappa. Oltre a poter cliccare sui marker della mappa per visualizzare i dati dei record, il cliente pu\u00f2 premere \"Pianifica visita\" nel popup della mappa per inviare una richiesta per una visita della propriet\u00e0 che Mapsly creer\u00e0 come record nel CRM.<\/span><\/p>\n<p><span style=\"color: var( --e-global-color-text ); font-family: var( --e-global-typography-text-font-family ), Sans-serif; font-weight: var( --e-global-typography-text-font-weight ); letter-spacing: 0px;\">\u00a0<\/span><\/p>\n<div class=\"wp-block-buttons is-content-justification-center\">\n<p><\/p>\n<div class=\"wp-block-button is-style-fill\"><a class=\"wp-block-button__link\" href=\"https:\/\/sampleco.zohocreatorportal.com\/\" target=\"_blank\" rel=\"noreferrer noopener\">Vai al portale clienti demo<\/a><\/div>\n<p><\/p>\n<\/div>\n<p><!-- \/wp:buttons --><\/p>\n<p><span style=\"color: #222d39; font-family: inherit; font-size: 2rem; font-weight: bold; letter-spacing: 0px;\">Per saperne di pi\u00f9<\/span><\/p>\n<p><a href=\"https:\/\/help.mapsly.com\/articles\/5386021\">Guida passo passo: crea una mappa personalizzata accessibile tramite link<\/a>.<\/p>\n<p><a href=\"https:\/\/help.mapsly.com\/articles\/5489056\">Guida passo dopo passo: configura un portale Zoho Creator con una mappa personalizzata in 10 minuti<\/a>.<\/p>\n<p><a href=\"https:\/\/help.mapsly.com\/articles\/5510049\">Guida passo dopo passo: configura la registrazione automatica dei tuoi clienti nel portale clienti di Zoho Creator<\/a>.<\/p>\n<h2>Prenota una demo live con un ingegnere delle soluzioni<\/h2>\n<p><a href=\"https:\/\/calendly.com\/mapsly-meeting\/quick-demo\" target=\"_blank\" rel=\"noopener\">Programma una chiamata web con un ingegnere di Mapsly<\/a> per discutere in dettaglio il tuo caso d'uso e configurare il tuo account Mapsly e le mappe condivise.<\/p>\t\t\t\t\t\t\t\t<\/div>\n\t\t\t\t<\/div>\n\t\t\t\t\t<\/div>\n\t\t<\/div>\n\t\t\t\t\t<\/div>\n\t\t<\/section>\n\t\t\t\t<\/div>","protected":false},"excerpt":{"rendered":"<p>Personalized Map &amp; Automation for Real-Estate Agencies Automate matching of real-estate properties to customers and offer them a portal with a personalized map of their properties Real-estate agencies that help customers find properties by parameters may use Mapsly to automate the search and assignment of properties to customers, and to offer a personalized interactive map [&hellip;]<\/p>","protected":false},"author":1,"featured_media":0,"parent":0,"menu_order":0,"comment_status":"closed","ping_status":"closed","template":"elementor_header_footer","meta":{"_acf_changed":false,"footnotes":""},"class_list":["post-382","page","type-page","status-publish","hentry"],"acf":[],"yoast_head":"<!-- This site is optimized with the Yoast SEO plugin v26.6 - https:\/\/yoast.com\/wordpress\/plugins\/seo\/ -->\n<title>Personalized Map &amp; Automation for Real-Estate Agencies - Mapsly<\/title>\n<meta name=\"description\" content=\"Automate matching of real-estate properties to customers and offer them a portal with a personalized map of their properties\" \/>\n<meta name=\"robots\" content=\"index, follow, max-snippet:-1, max-image-preview:large, max-video-preview:-1\" \/>\n<link rel=\"canonical\" href=\"https:\/\/mapsly.com\/it\/map-for-real-estate-agencies\/\" \/>\n<meta property=\"og:locale\" content=\"it_IT\" \/>\n<meta property=\"og:type\" content=\"article\" \/>\n<meta property=\"og:title\" content=\"Personalized Map &amp; Automation for Real-Estate Agencies - Mapsly\" \/>\n<meta property=\"og:description\" content=\"Automate matching of real-estate properties to customers and offer them a portal with a personalized map of their properties\" \/>\n<meta property=\"og:url\" content=\"https:\/\/mapsly.com\/it\/map-for-real-estate-agencies\/\" \/>\n<meta property=\"og:site_name\" content=\"Mapsly\" \/>\n<meta property=\"article:modified_time\" content=\"2025-12-16T11:35:50+00:00\" \/>\n<meta name=\"twitter:card\" content=\"summary_large_image\" \/>\n<meta name=\"twitter:label1\" content=\"Tempo di lettura stimato\" \/>\n\t<meta name=\"twitter:data1\" content=\"3 minuti\" \/>\n<script type=\"application\/ld+json\" class=\"yoast-schema-graph\">{\"@context\":\"https:\/\/schema.org\",\"@graph\":[{\"@type\":\"WebPage\",\"@id\":\"https:\/\/mapsly.com\/de\/map-for-real-estate-agencies\/\",\"url\":\"https:\/\/mapsly.com\/de\/map-for-real-estate-agencies\/\",\"name\":\"Personalized Map & Automation for Real-Estate Agencies - Mapsly\",\"isPartOf\":{\"@id\":\"https:\/\/mapsly.com\/#website\"},\"datePublished\":\"2025-06-26T13:59:24+00:00\",\"dateModified\":\"2025-12-16T11:35:50+00:00\",\"description\":\"Automate matching of real-estate properties to customers and offer them a portal with a personalized map of their properties\",\"breadcrumb\":{\"@id\":\"https:\/\/mapsly.com\/de\/map-for-real-estate-agencies\/#breadcrumb\"},\"inLanguage\":\"it-IT\",\"potentialAction\":[{\"@type\":\"ReadAction\",\"target\":[\"https:\/\/mapsly.com\/de\/map-for-real-estate-agencies\/\"]}]},{\"@type\":\"BreadcrumbList\",\"@id\":\"https:\/\/mapsly.com\/de\/map-for-real-estate-agencies\/#breadcrumb\",\"itemListElement\":[{\"@type\":\"ListItem\",\"position\":1,\"name\":\"Home\",\"item\":\"https:\/\/mapsly.com\/\"},{\"@type\":\"ListItem\",\"position\":2,\"name\":\"Personalized Map &#038; Automation for Real-Estate Agencies\"}]},{\"@type\":\"WebSite\",\"@id\":\"https:\/\/mapsly.com\/#website\",\"url\":\"https:\/\/mapsly.com\/\",\"name\":\"Mapsly\",\"description\":\"The Ultimate CRM Map\",\"publisher\":{\"@id\":\"https:\/\/mapsly.com\/#organization\"},\"potentialAction\":[{\"@type\":\"SearchAction\",\"target\":{\"@type\":\"EntryPoint\",\"urlTemplate\":\"https:\/\/mapsly.com\/?s={search_term_string}\"},\"query-input\":{\"@type\":\"PropertyValueSpecification\",\"valueRequired\":true,\"valueName\":\"search_term_string\"}}],\"inLanguage\":\"it-IT\"},{\"@type\":\"Organization\",\"@id\":\"https:\/\/mapsly.com\/#organization\",\"name\":\"Mapsly\",\"url\":\"https:\/\/mapsly.com\/\",\"logo\":{\"@type\":\"ImageObject\",\"inLanguage\":\"it-IT\",\"@id\":\"https:\/\/mapsly.com\/#\/schema\/logo\/image\/\",\"url\":\"https:\/\/mapsly.com\/wp-content\/uploads\/2025\/06\/Mapsly-Logo-2x-BIG.png\",\"contentUrl\":\"https:\/\/mapsly.com\/wp-content\/uploads\/2025\/06\/Mapsly-Logo-2x-BIG.png\",\"width\":280,\"height\":85,\"caption\":\"Mapsly\"},\"image\":{\"@id\":\"https:\/\/mapsly.com\/#\/schema\/logo\/image\/\"}}]}<\/script>\n<!-- \/ Yoast SEO plugin. -->","yoast_head_json":{"title":"Mappa Personalizzata &amp; Automazione per Agenzie Immobiliari - Mapsly","description":"Automatizza l'abbinamento delle propriet\u00e0 immobiliari ai clienti e offri loro un portale con una mappa personalizzata delle loro propriet\u00e0.","robots":{"index":"index","follow":"follow","max-snippet":"max-snippet:-1","max-image-preview":"max-image-preview:large","max-video-preview":"max-video-preview:-1"},"canonical":"https:\/\/mapsly.com\/it\/map-for-real-estate-agencies\/","og_locale":"it_IT","og_type":"article","og_title":"Personalized Map & Automation for Real-Estate Agencies - Mapsly","og_description":"Automate matching of real-estate properties to customers and offer them a portal with a personalized map of their properties","og_url":"https:\/\/mapsly.com\/it\/map-for-real-estate-agencies\/","og_site_name":"Mapsly","article_modified_time":"2025-12-16T11:35:50+00:00","twitter_card":"summary_large_image","twitter_misc":{"Tempo di lettura stimato":"3 minuti"},"schema":{"@context":"https:\/\/schema.org","@graph":[{"@type":"WebPage","@id":"https:\/\/mapsly.com\/de\/map-for-real-estate-agencies\/","url":"https:\/\/mapsly.com\/de\/map-for-real-estate-agencies\/","name":"Mappa Personalizzata &amp; Automazione per Agenzie Immobiliari - Mapsly","isPartOf":{"@id":"https:\/\/mapsly.com\/#website"},"datePublished":"2025-06-26T13:59:24+00:00","dateModified":"2025-12-16T11:35:50+00:00","description":"Automatizza l'abbinamento delle propriet\u00e0 immobiliari ai clienti e offri loro un portale con una mappa personalizzata delle loro propriet\u00e0.","breadcrumb":{"@id":"https:\/\/mapsly.com\/de\/map-for-real-estate-agencies\/#breadcrumb"},"inLanguage":"it-IT","potentialAction":[{"@type":"ReadAction","target":["https:\/\/mapsly.com\/de\/map-for-real-estate-agencies\/"]}]},{"@type":"BreadcrumbList","@id":"https:\/\/mapsly.com\/de\/map-for-real-estate-agencies\/#breadcrumb","itemListElement":[{"@type":"ListItem","position":1,"name":"Home","item":"https:\/\/mapsly.com\/"},{"@type":"ListItem","position":2,"name":"Personalized Map &#038; Automation for Real-Estate Agencies"}]},{"@type":"WebSite","@id":"https:\/\/mapsly.com\/#website","url":"https:\/\/mapsly.com\/","name":"Mapsly","description":"La mappa CRM definitiva","publisher":{"@id":"https:\/\/mapsly.com\/#organization"},"potentialAction":[{"@type":"SearchAction","target":{"@type":"EntryPoint","urlTemplate":"https:\/\/mapsly.com\/?s={search_term_string}"},"query-input":{"@type":"PropertyValueSpecification","valueRequired":true,"valueName":"search_term_string"}}],"inLanguage":"it-IT"},{"@type":"Organization","@id":"https:\/\/mapsly.com\/#organization","name":"Mapsly","url":"https:\/\/mapsly.com\/","logo":{"@type":"ImageObject","inLanguage":"it-IT","@id":"https:\/\/mapsly.com\/#\/schema\/logo\/image\/","url":"https:\/\/mapsly.com\/wp-content\/uploads\/2025\/06\/Mapsly-Logo-2x-BIG.png","contentUrl":"https:\/\/mapsly.com\/wp-content\/uploads\/2025\/06\/Mapsly-Logo-2x-BIG.png","width":280,"height":85,"caption":"Mapsly"},"image":{"@id":"https:\/\/mapsly.com\/#\/schema\/logo\/image\/"}}]}},"_links":{"self":[{"href":"https:\/\/mapsly.com\/it\/wp-json\/wp\/v2\/pages\/382","targetHints":{"allow":["GET"]}}],"collection":[{"href":"https:\/\/mapsly.com\/it\/wp-json\/wp\/v2\/pages"}],"about":[{"href":"https:\/\/mapsly.com\/it\/wp-json\/wp\/v2\/types\/page"}],"author":[{"embeddable":true,"href":"https:\/\/mapsly.com\/it\/wp-json\/wp\/v2\/users\/1"}],"replies":[{"embeddable":true,"href":"https:\/\/mapsly.com\/it\/wp-json\/wp\/v2\/comments?post=382"}],"version-history":[{"count":48,"href":"https:\/\/mapsly.com\/it\/wp-json\/wp\/v2\/pages\/382\/revisions"}],"predecessor-version":[{"id":25126,"href":"https:\/\/mapsly.com\/it\/wp-json\/wp\/v2\/pages\/382\/revisions\/25126"}],"wp:attachment":[{"href":"https:\/\/mapsly.com\/it\/wp-json\/wp\/v2\/media?parent=382"}],"curies":[{"name":"wp","href":"https:\/\/api.w.org\/{rel}","templated":true}]}}