{"id":322,"date":"2025-06-26T16:32:52","date_gmt":"2025-06-26T13:32:52","guid":{"rendered":"https:\/\/mapsly.com?page_id=322"},"modified":"2025-12-16T14:31:35","modified_gmt":"2025-12-16T11:31:35","slug":"live-map-for-customer-portals","status":"publish","type":"page","link":"https:\/\/mapsly.com\/it\/live-map-for-customer-portals\/","title":{"rendered":"Mappa personalizzata in tempo reale per i portali dei clienti"},"content":{"rendered":"<div data-elementor-type=\"wp-page\" data-elementor-id=\"322\" class=\"elementor elementor-322\" data-elementor-post-type=\"page\">\n\t\t\t\t\t\t<section class=\"elementor-section elementor-top-section elementor-element elementor-element-696fef4f elementor-section-boxed elementor-section-height-default elementor-section-height-default\" data-id=\"696fef4f\" data-element_type=\"section\" data-e-type=\"section\">\n\t\t\t\t\t\t<div class=\"elementor-container elementor-column-gap-default\">\n\t\t\t\t\t<div class=\"elementor-column elementor-col-100 elementor-top-column elementor-element elementor-element-52a9e462\" data-id=\"52a9e462\" data-element_type=\"column\" data-e-type=\"column\">\n\t\t\t<div class=\"elementor-widget-wrap elementor-element-populated\">\n\t\t\t\t\t\t<div class=\"elementor-element elementor-element-9677554 elementor-widget elementor-widget-heading\" data-id=\"9677554\" data-element_type=\"widget\" data-e-type=\"widget\" data-widget_type=\"heading.default\">\n\t\t\t\t<div class=\"elementor-widget-container\">\n\t\t\t\t\t<h2 class=\"elementor-heading-title elementor-size-default\">Offri ai tuoi clienti una mappa interattiva in tempo reale con record assegnati specificamente a loro. Inviatela tramite link o aggiungetela a un portale clienti.\n<\/h2>\t\t\t\t<\/div>\n\t\t\t\t<\/div>\n\t\t\t\t<div class=\"elementor-element elementor-element-29c03ef3 elementor-widget elementor-widget-text-editor\" data-id=\"29c03ef3\" data-element_type=\"widget\" data-e-type=\"widget\" data-widget_type=\"text-editor.default\">\n\t\t\t\t<div class=\"elementor-widget-container\">\n\t\t\t\t\t\t\t\t\t<p><span style=\"color: var( --e-global-color-text ); font-family: var( --e-global-typography-text-font-family ), Sans-serif; font-weight: var( --e-global-typography-text-font-weight ); letter-spacing: 0px;\">Con Mapsly, <\/span><a style=\"font-family: var( --e-global-typography-text-font-family ), Sans-serif; font-weight: var( --e-global-typography-text-font-weight ); background-color: #ffffff; letter-spacing: 0px;\" href=\"\/it\/shared-interactive-maps\/\">mappe condivise<\/a><span style=\"color: var( --e-global-color-text ); font-family: var( --e-global-typography-text-font-family ), Sans-serif; font-weight: var( --e-global-typography-text-font-weight ); letter-spacing: 0px;\"> Con i parametri URL, puoi creare mappe interattive personalizzate con contenuti specificamente adattati a ciascuno dei tuoi clienti. Successivamente, puoi integrare tale mappa in un portale clienti, in un'applicazione web o mobile, oppure inviarla loro tramite email come link.<\/span><\/p>\n<p><span style=\"color: var( --e-global-color-text ); font-family: var( --e-global-typography-text-font-family ), Sans-serif; font-weight: var( --e-global-typography-text-font-weight ); letter-spacing: 0px;\">Se non disponi ancora di un portale clienti, puoi configurarlo in 10 minuti utilizzando <\/span><a style=\"font-family: var( --e-global-typography-text-font-family ), Sans-serif; font-weight: var( --e-global-typography-text-font-weight ); letter-spacing: 0px; background-color: #ffffff;\" href=\"https:\/\/www.zoho.com\/creator\/online-customer-portal\/\">Zoho Creator Portal<\/a><span style=\"color: var( --e-global-color-text ); font-family: var( --e-global-typography-text-font-family ), Sans-serif; font-weight: var( --e-global-typography-text-font-weight ); letter-spacing: 0px;\"> Con solo poche righe di codice fornite nella nostra guida, oppure una soluzione simile per il portale clienti.<\/span><\/p>\n<p><span style=\"color: var( --e-global-color-text ); font-family: var( --e-global-typography-text-font-family ), Sans-serif; font-weight: var( --e-global-typography-text-font-weight ); letter-spacing: 0px;\">Puoi anche aggiungere pulsanti e moduli ai tuoi oggetti sulla mappa per consentire ai tuoi clienti di richiedere la visualizzazione di una propriet\u00e0 ed eseguire qualsiasi altro processo che pu\u00f2 essere implementato con <\/span><a style=\"font-family: var( --e-global-typography-text-font-family ), Sans-serif; font-weight: var( --e-global-typography-text-font-weight ); letter-spacing: 0px; background-color: #ffffff;\" href=\"\/it\/automation\/\">Mapsly suite di automazione<\/a><span style=\"color: var( --e-global-color-text ); font-family: var( --e-global-typography-text-font-family ), Sans-serif; font-weight: var( --e-global-typography-text-font-weight ); letter-spacing: 0px;\">Tutte le funzionalit\u00e0 di Mapsly ad eccezione di routing e prospecting possono essere abilitate su mappe personalizzate di questo tipo.<\/span><\/p>\n<h2 class=\"has-text-align-center\">Esempio: mappa personalizzata con propriet\u00e0 assegnate a un cliente di un'agenzia immobiliare<\/h2>\n<p><span style=\"color: var( --e-global-color-text ); font-family: var( --e-global-typography-text-font-family ), Sans-serif; font-weight: var( --e-global-typography-text-font-weight ); letter-spacing: 0px;\">Per avere una migliore comprensione di cosa sia una mappa personalizzata, analizziamo l'esempio di un'agenzia immobiliare che tiene informazioni sulle sue propriet\u00e0 e i suoi clienti in the <\/span><strong style=\"font-family: var( --e-global-typography-text-font-family ), Sans-serif; letter-spacing: 0px;\">Propriet\u00e0 <\/strong><span style=\"color: var( --e-global-color-text ); font-family: var( --e-global-typography-text-font-family ), Sans-serif; font-weight: var( --e-global-typography-text-font-weight ); letter-spacing: 0px;\">e <\/span><strong style=\"font-family: var( --e-global-typography-text-font-family ), Sans-serif; letter-spacing: 0px;\">Clienti<\/strong><span style=\"color: var( --e-global-color-text ); font-family: var( --e-global-typography-text-font-family ), Sans-serif; font-weight: var( --e-global-typography-text-font-weight ); letter-spacing: 0px;\"> Oggetti CRM (moduli). Quando arriva un nuovo cliente e manifesta interesse per propriet\u00e0 con attributi specifici (tipo, fascia di prezzo, posizione, ecc.), l'agenzia desidera poter assegnare al cliente le propriet\u00e0 che corrispondono a tali attributi e offrire l'accesso a un portale con la mappa, in cui il cliente pu\u00f2 visualizzare queste propriet\u00e0 e richiedere visite. Man mano che i responsabili del conto assegnano ulteriori propriet\u00e0 ai clienti e rimuovono tali assegnazioni, la mappa del cliente dovrebbe aggiornarsi automaticamente.<\/span><\/p>\n<p><span style=\"color: var( --e-global-color-text ); font-family: var( --e-global-typography-text-font-family ), Sans-serif; font-weight: var( --e-global-typography-text-font-weight ); letter-spacing: 0px;\">Si prega di notare che \u00e8 anche possibile automatizzare tali assegnazioni con, <\/span><a style=\"font-family: var( --e-global-typography-text-font-family ), Sans-serif; font-weight: var( --e-global-typography-text-font-weight ); letter-spacing: 0px; background-color: #ffffff;\" href=\"https:\/\/mapsly.com\/it\/automation\/\">Mapsly suite di automazione<\/a><span style=\"color: var( --e-global-color-text ); font-family: var( --e-global-typography-text-font-family ), Sans-serif; font-weight: var( --e-global-typography-text-font-weight ); letter-spacing: 0px;\"> e il suo <\/span><a style=\"font-family: var( --e-global-typography-text-font-family ), Sans-serif; font-weight: var( --e-global-typography-text-font-weight ); letter-spacing: 0px; background-color: #ffffff;\" href=\"https:\/\/mapsly.com\/it\/match-records\/\"><em>Abbina record<\/em> azione<\/a><span style=\"color: var( --e-global-color-text ); font-family: var( --e-global-typography-text-font-family ), Sans-serif; font-weight: var( --e-global-typography-text-font-weight ); letter-spacing: 0px;\">. Ad esempio,,<\/span><\/p>\n<ul>\n<li>quando un nuovo, <strong>cliente<\/strong> Una volta aggiunto al CRM, Mapsly pu\u00f2 automaticamente trovare tutte le propriet\u00e0 che corrispondono alle preferenze del cliente, compresa la distanza massima di percorrenza, assegnarle al cliente e inviare tramite email l'elenco delle propriet\u00e0 appena assegnate al cliente e al suo account executive;<\/li>\n<li>inoltre, quando un nuovo, <strong>propriet\u00e0 <\/strong>Una volta aggiunto al CRM, Mapsly pu\u00f2 automaticamente individuare tutti i clienti le cui preferenze corrispondono alla propriet\u00e0, assegnarla loro e notificarli.<\/li>\n<\/ul>\n<p>In questo esempio,, <em>Propriet\u00e0 <\/em>e <em>Clienti <\/em>pu\u00f2 essere qualsiasi altro oggetto, standard o personalizzato, poich\u00e9 Mapsly funziona allo stesso modo con tutti i campi e tutti gli oggetti della tua fonte di dati, indipendentemente dal fatto che si tratti di un CRM, di un foglio di calcolo o di un sistema IT personalizzato connesso a Mapsly tramite la sua API.<\/p>\n<figure class=\"wp-block-pullquote\">\n<blockquote>\n<p>Il team di implementazione di Mapsly costruir\u00e0 l'intero processo in Mapsly, <br \/>cos\u00ec pu\u00f2 concentrarsi sulla Sua attivit\u00e0. <br \/><a href=\"https:\/\/calendly.com\/mapsly-meeting\/quick-demo\" target=\"_blank\" rel=\"noopener\">Pianifica una chiamata web oggi<\/a>.<\/p>\n<p><cite>Oppure chiedici qualsiasi cosa in chat, siamo sempre online<\/cite><\/p>\n<\/blockquote>\n<\/figure>\n<h2 id=\"block-2c1baa7e-e262-4b46-baad-5aa9afcc4c6a\">Demo: portale clienti con mappa personalizzata<\/h2>\n<p id=\"block-14dbae5b-e5d6-48ba-af7c-5958d28d47c8\">Una mappa personalizzata pu\u00f2 essere incorporata in qualsiasi soluzione di portale. In questo esempio, una mappa viene aggiunta a un portale clienti. <a href=\"http:\/\/help.mapsly.com\/articles\/5489056?_ga=2.242671814.536852451.1632143928-264234993.1632143928\">costruito<\/a><a href=\"https:\/\/help.mapsly.com\/articles\/5489056?_ga=2.242671814.536852451.1632143928-264234993.1632143928\"> tra 10 minuti con Zoho Creator Portal<\/a>, che \u00e8 disponibile sia come web app che come app mobile.<\/p>\n<p id=\"block-13b00ada-c55d-4c47-b9f2-c6e474068a11\">When a <em>Cliente<\/em> Quando viene aggiunto un record a un CRM, Mapsly genera automaticamente un link mappa personalizzato firmato che mostra i record Property assegnati a quel particolare cliente e registra il cliente nel Portale. Quando il cliente effettua il login nel Portale con la sua email, vede la mappa nella pagina Mappa. Oltre a poter cliccare sui marker della mappa per visualizzare i dati dei record, il cliente pu\u00f2 premere \"Pianifica visita\" nel popup della mappa per inviare una richiesta per una visita della propriet\u00e0 che Mapsly creer\u00e0 come record nel CRM.<\/p>\n<div class=\"wp-block-buttons is-content-justification-center\">\n<p><\/p>\n<div class=\"wp-block-button is-style-fill\"><a class=\"wp-block-button__link\" href=\"https:\/\/sampleco.zohocreatorportal.com\/\" target=\"_blank\" rel=\"noreferrer noopener\">Vai al portale clienti demo <\/a><\/div>\n<p>\u00a0<\/p>\n<\/div>\n<h2 id=\"block-b7db5c57-94d7-47a4-83e2-ef6785da617f\">\u00a0<\/h2>\n<h2 id=\"block-b7db5c57-94d7-47a4-83e2-ef6785da617f\">Per saperne di pi\u00f9<\/h2>\n<p id=\"block-1616fc2d-8f84-479f-a38a-17167c194b5e\"><a href=\"https:\/\/help.mapsly.com\/articles\/5386021?_ga=2.242671814.536852451.1632143928-264234993.1632143928\">Guida passo passo: crea una mappa personalizzata accessibile tramite link<\/a>.<\/p>\n<p id=\"block-212896f6-6f5d-4f91-bf76-4ba3c525873d\"><a href=\"https:\/\/help.mapsly.com\/articles\/5489056\">Guida passo dopo passo: configura un portale Zoho Creator con una mappa personalizzata in 10 minuti<\/a>.<\/p>\n<p id=\"block-fe4a3f79-ae6e-4060-a68d-a1b659a4f13b\"><a href=\"https:\/\/help.mapsly.com\/articles\/5510049\">Guida passo dopo passo: configura la registrazione automatica dei tuoi clienti nel portale clienti di Zoho Creator<\/a>.<\/p>\n<h2 id=\"block-7d350572-49a2-446c-bb78-a5aac951bd82\">Prenota una demo live con un ingegnere delle soluzioni<\/h2>\n<p id=\"block-8d3a951b-e56e-4b21-bd43-06506e23e630\"><a href=\"https:\/\/calendly.com\/mapsly-meeting\/quick-demo\">Programma una chiamata web con un ingegnere di Mapsly<\/a> per discutere in dettaglio il tuo caso d'uso e configurare il tuo account Mapsly e le mappe condivise.<\/p>\n<p id=\"block-8d3a951b-e56e-4b21-bd43-06506e23e630\">\u00a0<\/p>\t\t\t\t\t\t\t\t<\/div>\n\t\t\t\t<\/div>\n\t\t\t\t\t<\/div>\n\t\t<\/div>\n\t\t\t\t\t<\/div>\n\t\t<\/section>\n\t\t\t\t<\/div>","protected":false},"excerpt":{"rendered":"<p>Offri ai tuoi clienti una mappa interattiva live con record assegnati specificamente a loro. Invia il link oppure aggiungila a un portale clienti. Utilizzando le mappe condivise di Mapsly con parametri URL, puoi creare mappe interattive personalizzate con contenuti individualmente adattati a ciascuno dei tuoi clienti. Potrai quindi incorporare una mappa di questo tipo in un [...]<\/p>","protected":false},"author":1,"featured_media":0,"parent":0,"menu_order":0,"comment_status":"closed","ping_status":"closed","template":"","meta":{"_acf_changed":false,"footnotes":""},"class_list":["post-322","page","type-page","status-publish","hentry"],"acf":[],"yoast_head":"<!-- This site is optimized with the Yoast SEO plugin v26.6 - https:\/\/yoast.com\/wordpress\/plugins\/seo\/ -->\n<title>Live Personalized Map for Customer Portals - Mapsly<\/title>\n<meta name=\"description\" content=\"Offer your clients a live interactive map with records assigned specifically to them. Send it by link or add to a customer portal.\" \/>\n<meta name=\"robots\" content=\"index, follow, max-snippet:-1, max-image-preview:large, max-video-preview:-1\" \/>\n<link rel=\"canonical\" href=\"https:\/\/mapsly.com\/it\/live-map-for-customer-portals\/\" \/>\n<meta property=\"og:locale\" content=\"it_IT\" \/>\n<meta property=\"og:type\" content=\"article\" \/>\n<meta property=\"og:title\" content=\"Live Personalized Map for Customer Portals - Mapsly\" \/>\n<meta property=\"og:description\" content=\"Offer your clients a live interactive map with records assigned specifically to them. Send it by link or add to a customer portal.\" \/>\n<meta property=\"og:url\" content=\"https:\/\/mapsly.com\/it\/live-map-for-customer-portals\/\" \/>\n<meta property=\"og:site_name\" content=\"Mapsly\" \/>\n<meta property=\"article:modified_time\" content=\"2025-12-16T11:31:35+00:00\" \/>\n<meta name=\"twitter:card\" content=\"summary_large_image\" \/>\n<meta name=\"twitter:label1\" content=\"Tempo di lettura stimato\" \/>\n\t<meta name=\"twitter:data1\" content=\"3 minuti\" \/>\n<script type=\"application\/ld+json\" class=\"yoast-schema-graph\">{\"@context\":\"https:\/\/schema.org\",\"@graph\":[{\"@type\":\"WebPage\",\"@id\":\"https:\/\/mapsly.com\/live-map-for-customer-portals\/\",\"url\":\"https:\/\/mapsly.com\/live-map-for-customer-portals\/\",\"name\":\"Live Personalized Map for Customer Portals - Mapsly\",\"isPartOf\":{\"@id\":\"https:\/\/mapsly.com\/#website\"},\"datePublished\":\"2025-06-26T13:32:52+00:00\",\"dateModified\":\"2025-12-16T11:31:35+00:00\",\"description\":\"Offer your clients a live interactive map with records assigned specifically to them. Send it by link or add to a customer portal.\",\"breadcrumb\":{\"@id\":\"https:\/\/mapsly.com\/live-map-for-customer-portals\/#breadcrumb\"},\"inLanguage\":\"it-IT\",\"potentialAction\":[{\"@type\":\"ReadAction\",\"target\":[\"https:\/\/mapsly.com\/live-map-for-customer-portals\/\"]}]},{\"@type\":\"BreadcrumbList\",\"@id\":\"https:\/\/mapsly.com\/live-map-for-customer-portals\/#breadcrumb\",\"itemListElement\":[{\"@type\":\"ListItem\",\"position\":1,\"name\":\"Home\",\"item\":\"https:\/\/mapsly.com\/\"},{\"@type\":\"ListItem\",\"position\":2,\"name\":\"Live Personalized Map for Customer Portals\"}]},{\"@type\":\"WebSite\",\"@id\":\"https:\/\/mapsly.com\/#website\",\"url\":\"https:\/\/mapsly.com\/\",\"name\":\"Mapsly\",\"description\":\"The Ultimate CRM Map\",\"publisher\":{\"@id\":\"https:\/\/mapsly.com\/#organization\"},\"potentialAction\":[{\"@type\":\"SearchAction\",\"target\":{\"@type\":\"EntryPoint\",\"urlTemplate\":\"https:\/\/mapsly.com\/?s={search_term_string}\"},\"query-input\":{\"@type\":\"PropertyValueSpecification\",\"valueRequired\":true,\"valueName\":\"search_term_string\"}}],\"inLanguage\":\"it-IT\"},{\"@type\":\"Organization\",\"@id\":\"https:\/\/mapsly.com\/#organization\",\"name\":\"Mapsly\",\"url\":\"https:\/\/mapsly.com\/\",\"logo\":{\"@type\":\"ImageObject\",\"inLanguage\":\"it-IT\",\"@id\":\"https:\/\/mapsly.com\/#\/schema\/logo\/image\/\",\"url\":\"https:\/\/mapsly.com\/wp-content\/uploads\/2025\/06\/Mapsly-Logo-2x-BIG.png\",\"contentUrl\":\"https:\/\/mapsly.com\/wp-content\/uploads\/2025\/06\/Mapsly-Logo-2x-BIG.png\",\"width\":280,\"height\":85,\"caption\":\"Mapsly\"},\"image\":{\"@id\":\"https:\/\/mapsly.com\/#\/schema\/logo\/image\/\"}}]}<\/script>\n<!-- \/ Yoast SEO plugin. -->","yoast_head_json":{"title":"Mappa personalizzata in tempo reale per i portali dei clienti - Mapsly","description":"Offri ai tuoi clienti una mappa interattiva in tempo reale con record assegnati specificamente a loro. Inviatela tramite link o aggiungetela a un portale clienti.","robots":{"index":"index","follow":"follow","max-snippet":"max-snippet:-1","max-image-preview":"max-image-preview:large","max-video-preview":"max-video-preview:-1"},"canonical":"https:\/\/mapsly.com\/it\/live-map-for-customer-portals\/","og_locale":"it_IT","og_type":"article","og_title":"Live Personalized Map for Customer Portals - Mapsly","og_description":"Offer your clients a live interactive map with records assigned specifically to them. Send it by link or add to a customer portal.","og_url":"https:\/\/mapsly.com\/it\/live-map-for-customer-portals\/","og_site_name":"Mapsly","article_modified_time":"2025-12-16T11:31:35+00:00","twitter_card":"summary_large_image","twitter_misc":{"Tempo di lettura stimato":"3 minuti"},"schema":{"@context":"https:\/\/schema.org","@graph":[{"@type":"WebPage","@id":"https:\/\/mapsly.com\/live-map-for-customer-portals\/","url":"https:\/\/mapsly.com\/live-map-for-customer-portals\/","name":"Mappa personalizzata in tempo reale per i portali dei clienti - Mapsly","isPartOf":{"@id":"https:\/\/mapsly.com\/#website"},"datePublished":"2025-06-26T13:32:52+00:00","dateModified":"2025-12-16T11:31:35+00:00","description":"Offri ai tuoi clienti una mappa interattiva in tempo reale con record assegnati specificamente a loro. Inviatela tramite link o aggiungetela a un portale clienti.","breadcrumb":{"@id":"https:\/\/mapsly.com\/live-map-for-customer-portals\/#breadcrumb"},"inLanguage":"it-IT","potentialAction":[{"@type":"ReadAction","target":["https:\/\/mapsly.com\/live-map-for-customer-portals\/"]}]},{"@type":"BreadcrumbList","@id":"https:\/\/mapsly.com\/live-map-for-customer-portals\/#breadcrumb","itemListElement":[{"@type":"ListItem","position":1,"name":"Home","item":"https:\/\/mapsly.com\/"},{"@type":"ListItem","position":2,"name":"Live Personalized Map for Customer Portals"}]},{"@type":"WebSite","@id":"https:\/\/mapsly.com\/#website","url":"https:\/\/mapsly.com\/","name":"Mapsly","description":"La mappa CRM definitiva","publisher":{"@id":"https:\/\/mapsly.com\/#organization"},"potentialAction":[{"@type":"SearchAction","target":{"@type":"EntryPoint","urlTemplate":"https:\/\/mapsly.com\/?s={search_term_string}"},"query-input":{"@type":"PropertyValueSpecification","valueRequired":true,"valueName":"search_term_string"}}],"inLanguage":"it-IT"},{"@type":"Organization","@id":"https:\/\/mapsly.com\/#organization","name":"Mapsly","url":"https:\/\/mapsly.com\/","logo":{"@type":"ImageObject","inLanguage":"it-IT","@id":"https:\/\/mapsly.com\/#\/schema\/logo\/image\/","url":"https:\/\/mapsly.com\/wp-content\/uploads\/2025\/06\/Mapsly-Logo-2x-BIG.png","contentUrl":"https:\/\/mapsly.com\/wp-content\/uploads\/2025\/06\/Mapsly-Logo-2x-BIG.png","width":280,"height":85,"caption":"Mapsly"},"image":{"@id":"https:\/\/mapsly.com\/#\/schema\/logo\/image\/"}}]}},"_links":{"self":[{"href":"https:\/\/mapsly.com\/it\/wp-json\/wp\/v2\/pages\/322","targetHints":{"allow":["GET"]}}],"collection":[{"href":"https:\/\/mapsly.com\/it\/wp-json\/wp\/v2\/pages"}],"about":[{"href":"https:\/\/mapsly.com\/it\/wp-json\/wp\/v2\/types\/page"}],"author":[{"embeddable":true,"href":"https:\/\/mapsly.com\/it\/wp-json\/wp\/v2\/users\/1"}],"replies":[{"embeddable":true,"href":"https:\/\/mapsly.com\/it\/wp-json\/wp\/v2\/comments?post=322"}],"version-history":[{"count":18,"href":"https:\/\/mapsly.com\/it\/wp-json\/wp\/v2\/pages\/322\/revisions"}],"predecessor-version":[{"id":25120,"href":"https:\/\/mapsly.com\/it\/wp-json\/wp\/v2\/pages\/322\/revisions\/25120"}],"wp:attachment":[{"href":"https:\/\/mapsly.com\/it\/wp-json\/wp\/v2\/media?parent=322"}],"curies":[{"name":"wp","href":"https:\/\/api.w.org\/{rel}","templated":true}]}}