{"id":279,"date":"2025-06-26T15:55:56","date_gmt":"2025-06-26T12:55:56","guid":{"rendered":"https:\/\/mapsly.com?page_id=279"},"modified":"2025-12-16T14:29:07","modified_gmt":"2025-12-16T11:29:07","slug":"access-control-and-sharing","status":"publish","type":"page","link":"https:\/\/mapsly.com\/it\/access-control-and-sharing\/","title":{"rendered":"Controlla chi vede cosa in Mapsly"},"content":{"rendered":"<div data-elementor-type=\"wp-page\" data-elementor-id=\"279\" class=\"elementor elementor-279\" data-elementor-post-type=\"page\">\n\t\t\t\t<div class=\"elementor-element elementor-element-7d73e3c e-flex e-con-boxed e-con e-parent\" data-id=\"7d73e3c\" data-element_type=\"container\" data-e-type=\"container\">\n\t\t\t\t\t<div class=\"e-con-inner\">\n\t\t\t\t<div class=\"elementor-element elementor-element-73a13d2 elementor-widget elementor-widget-heading\" data-id=\"73a13d2\" data-element_type=\"widget\" data-e-type=\"widget\" data-widget_type=\"heading.default\">\n\t\t\t\t<div class=\"elementor-widget-container\">\n\t\t\t\t\t<h2 class=\"elementor-heading-title elementor-size-default\">Controlla chi vede cosa in Mapsly\n<\/h2>\t\t\t\t<\/div>\n\t\t\t\t<\/div>\n\t\t\t\t<div class=\"elementor-element elementor-element-3f9320f elementor-widget elementor-widget-text-editor\" data-id=\"3f9320f\" data-element_type=\"widget\" data-e-type=\"widget\" data-widget_type=\"text-editor.default\">\n\t\t\t\t<div class=\"elementor-widget-container\">\n\t\t\t\t\t\t\t\t\t<p>Configura l'accesso agli oggetti, ai loro campi, ai record individuali e alle funzionalit\u00e0 di Mapsly utilizzando i profili utente<\/p>\t\t\t\t\t\t\t\t<\/div>\n\t\t\t\t<\/div>\n\t\t\t\t\t<\/div>\n\t\t\t\t<\/div>\n\t\t<div class=\"elementor-element elementor-element-34eda8f4 e-flex e-con-boxed e-con e-parent\" data-id=\"34eda8f4\" data-element_type=\"container\" data-e-type=\"container\">\n\t\t\t\t\t<div class=\"e-con-inner\">\n\t\t\t\t<div class=\"elementor-element elementor-element-2332bdf6 elementor-widget elementor-widget-text-editor\" data-id=\"2332bdf6\" data-element_type=\"widget\" data-e-type=\"widget\" data-widget_type=\"text-editor.default\">\n\t\t\t\t<div class=\"elementor-widget-container\">\n\t\t\t\t\t\t\t\t\t\n<p>Ad ogni utente Mapsly viene assegnato un profilo utente che definisce a quali oggetti, record e funzionalit\u00e0 di Mapsly l\u2019utente avr\u00e0 accesso, e stabilisce se potr\u00e0 solo visualizzare o anche modificare (creando nuovi e aggiornando quelli esistenti) i record.<\/p>\n\n<p>Si prega di notare che i profili utente (ruoli) non vengono sincronizzati automaticamente con il vostro CRM, pertanto, per regolare l'accesso oltre la configurazione predefinita di Mapsly, sar\u00e0 necessario creare e assegnare profili utente in Mapsly indipendentemente dal vostro CRM.<\/p>\n\n<h3 class=\"has-text-align-center wp-block-heading\"><strong>Profili predefiniti &amp; il loro livello di accesso<\/strong><\/h3>\n\n<p>Per impostazione predefinita, il tuo account Mapsly dispone di due profili utente: Administrator e Standard user. Puoi aggiungere altri profili se necessario.<\/p>\n\n<p>La persona che ha creato l'account Mapsly e collegato la tua fonte di dati diventa automaticamente il primo amministratore di Mapsly.<\/p>\n\n<p>Se il tuo CRM supporta il Single Sign-On, gli utenti della tua organizzazione CRM che accedono a Mapsly verranno aggiunti automaticamente al tuo account utente come utenti Standard. Per impostazione predefinita, agli utenti Standard verr\u00e0 automaticamente concesso l'accesso agli oggetti aggiunti durante la registrazione dell'account Mapsly, ma avranno accesso solo ai record di cui sono proprietari (nel tuo CRM).<\/p>\n\n<h2 class=\"has-text-align-center wp-block-heading\"><strong>Accesso ai dati<\/strong><\/h2>\n\n<h3 class=\"has-text-align-center wp-block-heading\"><strong>Accesso a livello di oggetto e di campo. Propriet\u00e0 del record modificabile.<\/strong><\/h3>\n\n<p>Ogni oggetto in un profilo utente ha due autorizzazioni: una per i proprietari dei record e una per i non proprietari. La propriet\u00e0 \u00e8 determinata dal fatto che l'ID utente CRM di un utente Mapsly corrisponda al valore presente nel campo Owner di un determinato record. Per i record di un oggetto di propriet\u00e0 dell'utente in questione, Mapsly applicher\u00e0 le autorizzazioni del proprietario; per gli altri record &#8211; quelle dei non proprietari.<\/p>\n\n<p>Sia l'ID utente CRM sia la mappatura del campo Owner per tutti gli oggetti sono configurabili, in modo da poter utilizzare anche il concetto di Ownership per gli utenti Mapsly aggiunti manualmente che NON sono i suoi utenti CRM.<\/p>\n\n<p>Le autorizzazioni per il proprietario e per il non proprietario possono essere impostate su Nascondi, Visualizza e Modifica. In alternativa, \u00e8 possibile specificare il livello di accesso per ciascun campo individualmente.<\/p>\n\n<h3 class=\"has-text-align-center wp-block-heading\"><span id=\"sharing\"><strong>Regole per la condivisione dei record<\/strong><\/span><\/h3>\n\n<p>Oltre alle autorizzazioni per i proprietari e non proprietari dei record, \u00e8 possibile definire fino a due regole di condivisione dei record, ciascuna composta da una condizione e dall'autorizzazione target: quando un record soddisfa la condizione di una regola, il livello di accesso dell'utente verr\u00e0 aumentato in base all'autorizzazione specificata, che pu\u00f2 anche essere Nascondi, Visualizza, Modifica o definita a livello di campo.<\/p>\n\n<p>Si prega di notare che &#8211; per progettazione &#8211; le regole di condivisione possono essere utilizzate solo per aumentare il livello di accesso (concedere permessi aggiuntivi) ai record e non possono essere utilizzate per limitare l'accesso.<\/p>\n\n<h3 class=\"has-text-align-center wp-block-heading\"><strong>Accesso alle funzionalit\u00e0 di Mapsly<\/strong><\/h3>\n\n<p>Nella scheda utente \u00e8 possibile anche disattivare le funzionalit\u00e0 di Mapsly a cui gli utenti non devono avere accesso (ad esempio, esportare i dati in un file o modificare la mappatura dei campi per l'esportazione di potenziali clienti) e configurare diverse funzionalit\u00e0 dell'interfaccia utente (come i pannelli laterali, il filtro della barra di ricerca e molte altre).<\/p>\n\n<figure class=\"wp-block-pullquote\">\n<blockquote>\n<p>Non sono sicuro di come regolare l'accesso ai dati o alle funzionalit\u00e0 in Mapsly. <br \/>\u2014 chiedi al nostro ingegnere delle soluzioni!<br \/><a href=\"https:\/\/calendly.com\/mapsly-meeting\/quick-demo\" target=\"_blank\" rel=\"noopener\">Pianifica una chiamata<\/a>.<\/p>\n<cite>oppure chattate con noi, siamo sempre online<\/cite><\/blockquote>\n<\/figure>\n\n<div class=\"wp-block-spacer\" style=\"height: 100px;\" aria-hidden=\"true\">\u00a0<\/div>\n\n<h2 class=\"has-text-align-center wp-block-heading\" style=\"font-weight: bold; color: #222d39; margin-bottom: 30px;\">Scopri di pi\u00f9 in Mapsly Help Center<\/h2>\n\n<ul class=\"wp-block-list\" id=\"block-7ddd40ac-6029-4249-bb66-ea2ceb32afd3\">\n<li><a href=\"https:\/\/help.mapsly.com\/articles\/4337620\">Usa i profili utente per regolare l'accesso ai dati e attivare\/disattivare le funzionalit\u00e0 di Mapsly per gruppi di utenti<\/a>.<\/li>\n<li><a href=\"https:\/\/help.mapsly.com\/articles\/4353717\">Concedi l'accesso ai record, o ai loro campi specifici, in base a una condizione<\/a>.<\/li>\n<\/ul>\n\n<div class=\"wp-block-spacer\" style=\"height: 100px;\" aria-hidden=\"true\">\u00a0<\/div>\n\t\t\t\t\t\t\t\t<\/div>\n\t\t\t\t<\/div>\n\t\t\t\t\t<\/div>\n\t\t\t\t<\/div>\n\t\t\t\t<\/div>","protected":false},"excerpt":{"rendered":"<p>Controlla chi vede cosa in Mapsly. Configura l'accesso a oggetti, ai loro campi, ai record individuali e alle funzionalit\u00e0 di Mapsly utilizzando i profili utente. A ogni utente Mapsly viene assegnato un profilo che definisce a quali oggetti, record e funzionalit\u00e0 Mapsly si potr\u00e0 accedere e se sar\u00e0 possibile solo visualizzare o anche modificare (creare nuovi e [\u2026]<\/p>","protected":false},"author":1,"featured_media":0,"parent":0,"menu_order":0,"comment_status":"closed","ping_status":"closed","template":"elementor_header_footer","meta":{"_acf_changed":false,"footnotes":""},"class_list":["post-279","page","type-page","status-publish","hentry"],"acf":[],"yoast_head":"<!-- This site is optimized with the Yoast SEO plugin v26.6 - https:\/\/yoast.com\/wordpress\/plugins\/seo\/ -->\n<title>Control Who Sees What in Mapsly - Mapsly<\/title>\n<meta name=\"description\" content=\"Configure access to objects, their fields and Mapsly features using user profiles. Share individual records with record sharing rules.\" \/>\n<meta name=\"robots\" content=\"index, follow, max-snippet:-1, max-image-preview:large, max-video-preview:-1\" \/>\n<link rel=\"canonical\" href=\"https:\/\/mapsly.com\/it\/access-control-and-sharing\/\" \/>\n<meta property=\"og:locale\" content=\"it_IT\" \/>\n<meta property=\"og:type\" content=\"article\" \/>\n<meta property=\"og:title\" content=\"Control Who Sees What in Mapsly - Mapsly\" \/>\n<meta property=\"og:description\" content=\"Configure access to objects, their fields and Mapsly features using user profiles. Share individual records with record sharing rules.\" \/>\n<meta property=\"og:url\" content=\"https:\/\/mapsly.com\/it\/access-control-and-sharing\/\" \/>\n<meta property=\"og:site_name\" content=\"Mapsly\" \/>\n<meta property=\"article:modified_time\" content=\"2025-12-16T11:29:07+00:00\" \/>\n<meta name=\"twitter:card\" content=\"summary_large_image\" \/>\n<meta name=\"twitter:label1\" content=\"Tempo di lettura stimato\" \/>\n\t<meta name=\"twitter:data1\" content=\"3 minuti\" \/>\n<script type=\"application\/ld+json\" class=\"yoast-schema-graph\">{\"@context\":\"https:\/\/schema.org\",\"@graph\":[{\"@type\":\"WebPage\",\"@id\":\"https:\/\/mapsly.com\/pt\/access-control-and-sharing\/\",\"url\":\"https:\/\/mapsly.com\/pt\/access-control-and-sharing\/\",\"name\":\"Control Who Sees What in Mapsly - Mapsly\",\"isPartOf\":{\"@id\":\"https:\/\/mapsly.com\/#website\"},\"datePublished\":\"2025-06-26T12:55:56+00:00\",\"dateModified\":\"2025-12-16T11:29:07+00:00\",\"description\":\"Configure access to objects, their fields and Mapsly features using user profiles. Share individual records with record sharing rules.\",\"breadcrumb\":{\"@id\":\"https:\/\/mapsly.com\/pt\/access-control-and-sharing\/#breadcrumb\"},\"inLanguage\":\"it-IT\",\"potentialAction\":[{\"@type\":\"ReadAction\",\"target\":[\"https:\/\/mapsly.com\/pt\/access-control-and-sharing\/\"]}]},{\"@type\":\"BreadcrumbList\",\"@id\":\"https:\/\/mapsly.com\/pt\/access-control-and-sharing\/#breadcrumb\",\"itemListElement\":[{\"@type\":\"ListItem\",\"position\":1,\"name\":\"Home\",\"item\":\"https:\/\/mapsly.com\/\"},{\"@type\":\"ListItem\",\"position\":2,\"name\":\"Control Who Sees What in Mapsly\"}]},{\"@type\":\"WebSite\",\"@id\":\"https:\/\/mapsly.com\/#website\",\"url\":\"https:\/\/mapsly.com\/\",\"name\":\"Mapsly\",\"description\":\"The Ultimate CRM Map\",\"publisher\":{\"@id\":\"https:\/\/mapsly.com\/#organization\"},\"potentialAction\":[{\"@type\":\"SearchAction\",\"target\":{\"@type\":\"EntryPoint\",\"urlTemplate\":\"https:\/\/mapsly.com\/?s={search_term_string}\"},\"query-input\":{\"@type\":\"PropertyValueSpecification\",\"valueRequired\":true,\"valueName\":\"search_term_string\"}}],\"inLanguage\":\"it-IT\"},{\"@type\":\"Organization\",\"@id\":\"https:\/\/mapsly.com\/#organization\",\"name\":\"Mapsly\",\"url\":\"https:\/\/mapsly.com\/\",\"logo\":{\"@type\":\"ImageObject\",\"inLanguage\":\"it-IT\",\"@id\":\"https:\/\/mapsly.com\/#\/schema\/logo\/image\/\",\"url\":\"https:\/\/mapsly.com\/wp-content\/uploads\/2025\/06\/Mapsly-Logo-2x-BIG.png\",\"contentUrl\":\"https:\/\/mapsly.com\/wp-content\/uploads\/2025\/06\/Mapsly-Logo-2x-BIG.png\",\"width\":280,\"height\":85,\"caption\":\"Mapsly\"},\"image\":{\"@id\":\"https:\/\/mapsly.com\/#\/schema\/logo\/image\/\"}}]}<\/script>\n<!-- \/ Yoast SEO plugin. -->","yoast_head_json":{"title":"Controlla chi vede cosa in Mapsly - Mapsly","description":"Configura l'accesso agli oggetti, ai campi e alle funzionalit\u00e0 di Mapsly utilizzando i profili utente. Condividi i record individuali con le regole di condivisione dei record.","robots":{"index":"index","follow":"follow","max-snippet":"max-snippet:-1","max-image-preview":"max-image-preview:large","max-video-preview":"max-video-preview:-1"},"canonical":"https:\/\/mapsly.com\/it\/access-control-and-sharing\/","og_locale":"it_IT","og_type":"article","og_title":"Control Who Sees What in Mapsly - Mapsly","og_description":"Configure access to objects, their fields and Mapsly features using user profiles. Share individual records with record sharing rules.","og_url":"https:\/\/mapsly.com\/it\/access-control-and-sharing\/","og_site_name":"Mapsly","article_modified_time":"2025-12-16T11:29:07+00:00","twitter_card":"summary_large_image","twitter_misc":{"Tempo di lettura stimato":"3 minuti"},"schema":{"@context":"https:\/\/schema.org","@graph":[{"@type":"WebPage","@id":"https:\/\/mapsly.com\/pt\/access-control-and-sharing\/","url":"https:\/\/mapsly.com\/pt\/access-control-and-sharing\/","name":"Controlla chi vede cosa in Mapsly - Mapsly","isPartOf":{"@id":"https:\/\/mapsly.com\/#website"},"datePublished":"2025-06-26T12:55:56+00:00","dateModified":"2025-12-16T11:29:07+00:00","description":"Configura l'accesso agli oggetti, ai campi e alle funzionalit\u00e0 di Mapsly utilizzando i profili utente. Condividi i record individuali con le regole di condivisione dei record.","breadcrumb":{"@id":"https:\/\/mapsly.com\/pt\/access-control-and-sharing\/#breadcrumb"},"inLanguage":"it-IT","potentialAction":[{"@type":"ReadAction","target":["https:\/\/mapsly.com\/pt\/access-control-and-sharing\/"]}]},{"@type":"BreadcrumbList","@id":"https:\/\/mapsly.com\/pt\/access-control-and-sharing\/#breadcrumb","itemListElement":[{"@type":"ListItem","position":1,"name":"Home","item":"https:\/\/mapsly.com\/"},{"@type":"ListItem","position":2,"name":"Control Who Sees What in Mapsly"}]},{"@type":"WebSite","@id":"https:\/\/mapsly.com\/#website","url":"https:\/\/mapsly.com\/","name":"Mapsly","description":"La mappa CRM definitiva","publisher":{"@id":"https:\/\/mapsly.com\/#organization"},"potentialAction":[{"@type":"SearchAction","target":{"@type":"EntryPoint","urlTemplate":"https:\/\/mapsly.com\/?s={search_term_string}"},"query-input":{"@type":"PropertyValueSpecification","valueRequired":true,"valueName":"search_term_string"}}],"inLanguage":"it-IT"},{"@type":"Organization","@id":"https:\/\/mapsly.com\/#organization","name":"Mapsly","url":"https:\/\/mapsly.com\/","logo":{"@type":"ImageObject","inLanguage":"it-IT","@id":"https:\/\/mapsly.com\/#\/schema\/logo\/image\/","url":"https:\/\/mapsly.com\/wp-content\/uploads\/2025\/06\/Mapsly-Logo-2x-BIG.png","contentUrl":"https:\/\/mapsly.com\/wp-content\/uploads\/2025\/06\/Mapsly-Logo-2x-BIG.png","width":280,"height":85,"caption":"Mapsly"},"image":{"@id":"https:\/\/mapsly.com\/#\/schema\/logo\/image\/"}}]}},"_links":{"self":[{"href":"https:\/\/mapsly.com\/it\/wp-json\/wp\/v2\/pages\/279","targetHints":{"allow":["GET"]}}],"collection":[{"href":"https:\/\/mapsly.com\/it\/wp-json\/wp\/v2\/pages"}],"about":[{"href":"https:\/\/mapsly.com\/it\/wp-json\/wp\/v2\/types\/page"}],"author":[{"embeddable":true,"href":"https:\/\/mapsly.com\/it\/wp-json\/wp\/v2\/users\/1"}],"replies":[{"embeddable":true,"href":"https:\/\/mapsly.com\/it\/wp-json\/wp\/v2\/comments?post=279"}],"version-history":[{"count":38,"href":"https:\/\/mapsly.com\/it\/wp-json\/wp\/v2\/pages\/279\/revisions"}],"predecessor-version":[{"id":25117,"href":"https:\/\/mapsly.com\/it\/wp-json\/wp\/v2\/pages\/279\/revisions\/25117"}],"wp:attachment":[{"href":"https:\/\/mapsly.com\/it\/wp-json\/wp\/v2\/media?parent=279"}],"curies":[{"name":"wp","href":"https:\/\/api.w.org\/{rel}","templated":true}]}}