{"id":25073,"date":"2025-12-16T13:05:31","date_gmt":"2025-12-16T10:05:31","guid":{"rendered":"https:\/\/mapsly.com\/?page_id=25073"},"modified":"2025-12-16T13:47:19","modified_gmt":"2025-12-16T10:47:19","slug":"third-parties","status":"publish","type":"page","link":"https:\/\/mapsly.com\/it\/third-parties\/","title":{"rendered":"Domini di terze parti Mapsly"},"content":{"rendered":"<div data-elementor-type=\"wp-page\" data-elementor-id=\"25073\" class=\"elementor elementor-25073\" data-elementor-post-type=\"page\">\n\t\t\t\t<div class=\"elementor-element elementor-element-2c9b9e96 e-flex e-con-boxed e-con e-parent\" data-id=\"2c9b9e96\" data-element_type=\"container\" data-e-type=\"container\">\n\t\t\t\t\t<div class=\"e-con-inner\">\n\t\t\t\t<div class=\"elementor-element elementor-element-1e009f10 elementor-widget elementor-widget-text-editor\" data-id=\"1e009f10\" data-element_type=\"widget\" data-e-type=\"widget\" data-widget_type=\"text-editor.default\">\n\t\t\t\t<div class=\"elementor-widget-container\">\n\t\t\t\t\t\t\t\t\t\n<h2 class=\"wp-block-heading\">Fornitori di servizi terzi e domini<\/h2>\n\n<p data-start=\"217\" data-end=\"577\">Mapsly utilizza fornitori di servizi terzi di fiducia per supportare il funzionamento, la consegna, la sicurezza e il miglioramento delle offerte Mapsly. Questi fornitori agiscono come erogatori di servizi (o sub-responsabili) e trattano i dati personali esclusivamente per conto di Mapsly, in conformit\u00e0 con le istruzioni di Mapsly, la Privacy Policy di Mapsly e le leggi vigenti sulla protezione dei dati.<\/p>\n<p data-start=\"579\" data-end=\"807\">L'accesso alle informazioni personali da parte di questi fornitori \u00e8 limitato a ci\u00f2 che \u00e8 necessario per eseguire i rispettivi servizi. Mapsly non vende n\u00e9 condivide informazioni personali con terzi a fini pubblicitari o di marketing.<\/p>\n\t\t\t\t\t\t\t\t<\/div>\n\t\t\t\t<\/div>\n\t\t\t\t\t<\/div>\n\t\t\t\t<\/div>\n\t\t<div class=\"elementor-element elementor-element-d300b23 e-grid e-con-boxed e-con e-parent\" data-id=\"d300b23\" data-element_type=\"container\" data-e-type=\"container\">\n\t\t\t\t\t<div class=\"e-con-inner\">\n\t\t<div class=\"elementor-element elementor-element-3053a46 e-con-full e-flex e-con e-child\" data-id=\"3053a46\" data-element_type=\"container\" data-e-type=\"container\">\n\t\t\t\t<div class=\"elementor-element elementor-element-b3584dd elementor-widget-tablet_extra__width-initial elementor-widget elementor-widget-text-editor\" data-id=\"b3584dd\" data-element_type=\"widget\" data-e-type=\"widget\" data-widget_type=\"text-editor.default\">\n\t\t\t\t<div class=\"elementor-widget-container\">\n\t\t\t\t\t\t\t\t\t<p><strong>Analisi UX<\/strong><br \/>LogRocket<br \/>*.logr-ingest.com<br \/>cdn.lr-in-prod.com<br \/>r.lr-in-prod.com<\/p>\n<p><strong>Monitoraggio degli errori<\/strong><br \/>Sentry<br \/>o298580.ingest.sentry.io<\/p>\n<p><strong>Fatturazione e pagamenti<\/strong><br \/>pagaia<br \/>buy.paddle.com<br \/>cdn.paddle.com<br \/>sandbox-buy.paddle.com<br \/>sandbox-cdn.paddle.com<\/p>\n<p><strong>Assistenza clienti &amp; comunicazioni<\/strong><br \/>Intercom<br \/>widget.intercom.io<br \/>js.intercomcdn.com<br \/>static.intercomassets.com<br \/>fonts.intercomcdn.com<br \/>api-iam.intercom.io<br \/>nexus-websocket-a.intercom.io<br \/>mapsly.intercom-attachments-1.com<\/p>\n<p>HubSpot<br \/>js.hs-banner.com<br \/>js.hs-scripts.com<br \/>js.hscollectedforms.net<\/p>\n<p><strong>Onboarding degli utenti &amp; tour del prodotto<\/strong><br \/>Userpilot<br \/>js.userpilot.io<br \/>analytex-eu.userpilot.io<br \/>find.userpilot.io<\/p>\n<p><strong>Pianificazione &amp; integrazione del calendario<\/strong><br \/>team-itemextension.swevenbox.com<\/p>\t\t\t\t\t\t\t\t<\/div>\n\t\t\t\t<\/div>\n\t\t\t\t<\/div>\n\t\t<div class=\"elementor-element elementor-element-e90717d e-con-full e-flex e-con e-child\" data-id=\"e90717d\" data-element_type=\"container\" data-e-type=\"container\">\n\t\t\t\t<div class=\"elementor-element elementor-element-9f8c111 elementor-widget elementor-widget-text-editor\" data-id=\"9f8c111\" data-element_type=\"widget\" data-e-type=\"widget\" data-widget_type=\"text-editor.default\">\n\t\t\t\t<div class=\"elementor-widget-container\">\n\t\t\t\t\t\t\t\t\t<p><strong>Mappatura e geocodifica<\/strong><br \/>Mapbox<br \/>api.mapbox.com<br \/>api.tiles.mapbox.com<\/p>\n<p>Google Maps<br \/>maps.googleapis.com<br \/>*.googleapis.com<\/p>\n<p><strong>Piastrelle mappa<\/strong><br \/>OpenStreetMap<br \/>*.tile.openstreetmap.org<\/p>\n<p>CARTO<br \/>*.basemaps.cartocdn.com<\/p>\n<p><strong>Mappatura e instradamento<\/strong><br \/>QUI<br \/>2.base.maps.ls.hereapi.com<br \/>2.aerial.maps.ls.hereapi.com<\/p>\n<p><strong>Geolocalizzazione IP<\/strong><br \/>ipapi<br \/>ipapi.co<\/p>\n<p><strong>Hosting &amp; distribuzione video<\/strong><br \/>Wistia<br \/>fast.wistia.com<br \/>fast.wistia.net<\/p>\n<p><strong>CDN \/ librerie open-source<\/strong><br \/>jsDelivr<br \/>cdn.jsdelivr.net<br \/>cdn.lordicon.com<br \/>kit.fontawesome.com<br \/>kit-pro.fontawesome.com<br \/>assets.apollo.io<\/p>\n<p><strong>Archiviazione cloud &amp; hosting<\/strong><br \/>Amazon Web Services (AWS)<br \/>mapsly-files.s3.amazonaws.com<br \/>mapsly-mediaconvert-out.s3.amazonaws.com<\/p>\t\t\t\t\t\t\t\t<\/div>\n\t\t\t\t<\/div>\n\t\t\t\t<\/div>\n\t\t\t\t\t<\/div>\n\t\t\t\t<\/div>\n\t\t\t\t<\/div>","protected":false},"excerpt":{"rendered":"<p>Fornitori di servizi terzi e domini \u2013 Mapsly utilizza fornitori di servizi terzi affidabili per supportare il funzionamento, la consegna, la sicurezza e il miglioramento delle Offerte Mapsly. Questi fornitori agiscono come fornitori di servizi (o sub-processori) e trattano le informazioni personali esclusivamente per conto di Mapsly, in conformit\u00e0 alle istruzioni di Mapsly, all'Informativa sulla privacy di Mapsly e alle leggi vigenti in materia di protezione dei dati. Accesso alle informazioni personali [...]<\/p>","protected":false},"author":1,"featured_media":0,"parent":0,"menu_order":0,"comment_status":"closed","ping_status":"closed","template":"","meta":{"_acf_changed":false,"footnotes":""},"class_list":["post-25073","page","type-page","status-publish","hentry"],"acf":[],"yoast_head":"<!-- This site is optimized with the Yoast SEO plugin v26.6 - https:\/\/yoast.com\/wordpress\/plugins\/seo\/ -->\n<title>Mapsly Third-Party Domains - Mapsly<\/title>\n<meta name=\"robots\" content=\"index, follow, max-snippet:-1, max-image-preview:large, max-video-preview:-1\" \/>\n<link rel=\"canonical\" href=\"https:\/\/mapsly.com\/it\/third-parties\/\" \/>\n<meta property=\"og:locale\" content=\"it_IT\" \/>\n<meta property=\"og:type\" content=\"article\" \/>\n<meta property=\"og:title\" content=\"Mapsly Third-Party Domains - Mapsly\" \/>\n<meta property=\"og:description\" content=\"Third-Party Service Providers and Domains Mapsly uses trusted third-party service providers to support the operation, delivery, security, and improvement of the Mapsly Offerings. These providers act as service providers (or subprocessors) and process personal information solely on Mapsly\u2019s behalf, in accordance with Mapsly\u2019s instructions, Mapsly\u2019s Privacy Policy, and applicable data protection laws. Access to personal [&hellip;]\" \/>\n<meta property=\"og:url\" content=\"https:\/\/mapsly.com\/it\/third-parties\/\" \/>\n<meta property=\"og:site_name\" content=\"Mapsly\" \/>\n<meta property=\"article:modified_time\" content=\"2025-12-16T10:47:19+00:00\" \/>\n<meta name=\"twitter:card\" content=\"summary_large_image\" \/>\n<meta name=\"twitter:label1\" content=\"Tempo di lettura stimato\" \/>\n\t<meta name=\"twitter:data1\" content=\"1 minuto\" \/>\n<script type=\"application\/ld+json\" class=\"yoast-schema-graph\">{\"@context\":\"https:\/\/schema.org\",\"@graph\":[{\"@type\":\"WebPage\",\"@id\":\"https:\/\/mapsly.com\/pt\/third-parties\/\",\"url\":\"https:\/\/mapsly.com\/pt\/third-parties\/\",\"name\":\"Mapsly Third-Party Domains - Mapsly\",\"isPartOf\":{\"@id\":\"https:\/\/mapsly.com\/#website\"},\"datePublished\":\"2025-12-16T10:05:31+00:00\",\"dateModified\":\"2025-12-16T10:47:19+00:00\",\"breadcrumb\":{\"@id\":\"https:\/\/mapsly.com\/pt\/third-parties\/#breadcrumb\"},\"inLanguage\":\"it-IT\",\"potentialAction\":[{\"@type\":\"ReadAction\",\"target\":[\"https:\/\/mapsly.com\/pt\/third-parties\/\"]}]},{\"@type\":\"BreadcrumbList\",\"@id\":\"https:\/\/mapsly.com\/pt\/third-parties\/#breadcrumb\",\"itemListElement\":[{\"@type\":\"ListItem\",\"position\":1,\"name\":\"Home\",\"item\":\"https:\/\/mapsly.com\/\"},{\"@type\":\"ListItem\",\"position\":2,\"name\":\"Mapsly Third-Party Domains\"}]},{\"@type\":\"WebSite\",\"@id\":\"https:\/\/mapsly.com\/#website\",\"url\":\"https:\/\/mapsly.com\/\",\"name\":\"Mapsly\",\"description\":\"The Ultimate CRM Map\",\"publisher\":{\"@id\":\"https:\/\/mapsly.com\/#organization\"},\"potentialAction\":[{\"@type\":\"SearchAction\",\"target\":{\"@type\":\"EntryPoint\",\"urlTemplate\":\"https:\/\/mapsly.com\/?s={search_term_string}\"},\"query-input\":{\"@type\":\"PropertyValueSpecification\",\"valueRequired\":true,\"valueName\":\"search_term_string\"}}],\"inLanguage\":\"it-IT\"},{\"@type\":\"Organization\",\"@id\":\"https:\/\/mapsly.com\/#organization\",\"name\":\"Mapsly\",\"url\":\"https:\/\/mapsly.com\/\",\"logo\":{\"@type\":\"ImageObject\",\"inLanguage\":\"it-IT\",\"@id\":\"https:\/\/mapsly.com\/#\/schema\/logo\/image\/\",\"url\":\"https:\/\/mapsly.com\/wp-content\/uploads\/2025\/06\/Mapsly-Logo-2x-BIG.png\",\"contentUrl\":\"https:\/\/mapsly.com\/wp-content\/uploads\/2025\/06\/Mapsly-Logo-2x-BIG.png\",\"width\":280,\"height\":85,\"caption\":\"Mapsly\"},\"image\":{\"@id\":\"https:\/\/mapsly.com\/#\/schema\/logo\/image\/\"}}]}<\/script>\n<!-- \/ Yoast SEO plugin. -->","yoast_head_json":{"title":"Mapsly Domini di terze parti - Mapsly","robots":{"index":"index","follow":"follow","max-snippet":"max-snippet:-1","max-image-preview":"max-image-preview:large","max-video-preview":"max-video-preview:-1"},"canonical":"https:\/\/mapsly.com\/it\/third-parties\/","og_locale":"it_IT","og_type":"article","og_title":"Mapsly Third-Party Domains - Mapsly","og_description":"Third-Party Service Providers and Domains Mapsly uses trusted third-party service providers to support the operation, delivery, security, and improvement of the Mapsly Offerings. These providers act as service providers (or subprocessors) and process personal information solely on Mapsly\u2019s behalf, in accordance with Mapsly\u2019s instructions, Mapsly\u2019s Privacy Policy, and applicable data protection laws. Access to personal [&hellip;]","og_url":"https:\/\/mapsly.com\/it\/third-parties\/","og_site_name":"Mapsly","article_modified_time":"2025-12-16T10:47:19+00:00","twitter_card":"summary_large_image","twitter_misc":{"Tempo di lettura stimato":"1 minuto"},"schema":{"@context":"https:\/\/schema.org","@graph":[{"@type":"WebPage","@id":"https:\/\/mapsly.com\/pt\/third-parties\/","url":"https:\/\/mapsly.com\/pt\/third-parties\/","name":"Mapsly Domini di terze parti - Mapsly","isPartOf":{"@id":"https:\/\/mapsly.com\/#website"},"datePublished":"2025-12-16T10:05:31+00:00","dateModified":"2025-12-16T10:47:19+00:00","breadcrumb":{"@id":"https:\/\/mapsly.com\/pt\/third-parties\/#breadcrumb"},"inLanguage":"it-IT","potentialAction":[{"@type":"ReadAction","target":["https:\/\/mapsly.com\/pt\/third-parties\/"]}]},{"@type":"BreadcrumbList","@id":"https:\/\/mapsly.com\/pt\/third-parties\/#breadcrumb","itemListElement":[{"@type":"ListItem","position":1,"name":"Home","item":"https:\/\/mapsly.com\/"},{"@type":"ListItem","position":2,"name":"Mapsly Third-Party Domains"}]},{"@type":"WebSite","@id":"https:\/\/mapsly.com\/#website","url":"https:\/\/mapsly.com\/","name":"Mapsly","description":"La mappa CRM definitiva","publisher":{"@id":"https:\/\/mapsly.com\/#organization"},"potentialAction":[{"@type":"SearchAction","target":{"@type":"EntryPoint","urlTemplate":"https:\/\/mapsly.com\/?s={search_term_string}"},"query-input":{"@type":"PropertyValueSpecification","valueRequired":true,"valueName":"search_term_string"}}],"inLanguage":"it-IT"},{"@type":"Organization","@id":"https:\/\/mapsly.com\/#organization","name":"Mapsly","url":"https:\/\/mapsly.com\/","logo":{"@type":"ImageObject","inLanguage":"it-IT","@id":"https:\/\/mapsly.com\/#\/schema\/logo\/image\/","url":"https:\/\/mapsly.com\/wp-content\/uploads\/2025\/06\/Mapsly-Logo-2x-BIG.png","contentUrl":"https:\/\/mapsly.com\/wp-content\/uploads\/2025\/06\/Mapsly-Logo-2x-BIG.png","width":280,"height":85,"caption":"Mapsly"},"image":{"@id":"https:\/\/mapsly.com\/#\/schema\/logo\/image\/"}}]}},"_links":{"self":[{"href":"https:\/\/mapsly.com\/it\/wp-json\/wp\/v2\/pages\/25073","targetHints":{"allow":["GET"]}}],"collection":[{"href":"https:\/\/mapsly.com\/it\/wp-json\/wp\/v2\/pages"}],"about":[{"href":"https:\/\/mapsly.com\/it\/wp-json\/wp\/v2\/types\/page"}],"author":[{"embeddable":true,"href":"https:\/\/mapsly.com\/it\/wp-json\/wp\/v2\/users\/1"}],"replies":[{"embeddable":true,"href":"https:\/\/mapsly.com\/it\/wp-json\/wp\/v2\/comments?post=25073"}],"version-history":[{"count":10,"href":"https:\/\/mapsly.com\/it\/wp-json\/wp\/v2\/pages\/25073\/revisions"}],"predecessor-version":[{"id":25094,"href":"https:\/\/mapsly.com\/it\/wp-json\/wp\/v2\/pages\/25073\/revisions\/25094"}],"wp:attachment":[{"href":"https:\/\/mapsly.com\/it\/wp-json\/wp\/v2\/media?parent=25073"}],"curies":[{"name":"wp","href":"https:\/\/api.w.org\/{rel}","templated":true}]}}