{"id":1863,"date":"2025-07-24T15:02:11","date_gmt":"2025-07-24T12:02:11","guid":{"rendered":"https:\/\/mapsly.com?page_id=1863"},"modified":"2026-02-20T11:14:27","modified_gmt":"2026-02-20T08:14:27","slug":"smartsheet-map","status":"publish","type":"page","link":"https:\/\/mapsly.com\/it\/smartsheet-map\/","title":{"rendered":"Aggiungi la Mappa Live alla tua Dashboard di Smartsheet"},"content":{"rendered":"<div data-elementor-type=\"wp-page\" data-elementor-id=\"1863\" class=\"elementor elementor-1863\" data-elementor-post-type=\"page\">\n\t\t\t\t<div class=\"elementor-element elementor-element-145e482 e-flex e-con-boxed e-con e-parent\" data-id=\"145e482\" data-element_type=\"container\" data-e-type=\"container\">\n\t\t\t\t\t<div class=\"e-con-inner\">\n\t\t\t\t<div class=\"elementor-element elementor-element-1169e60 elementor-widget elementor-widget-heading\" data-id=\"1169e60\" data-element_type=\"widget\" data-e-type=\"widget\" data-widget_type=\"heading.default\">\n\t\t\t\t<div class=\"elementor-widget-container\">\n\t\t\t\t\t<h2 class=\"elementor-heading-title elementor-size-default\">Aggiungi la Mappa Live alla tua Dashboard di Smartsheet\n<\/h2>\t\t\t\t<\/div>\n\t\t\t\t<\/div>\n\t\t\t\t<div class=\"elementor-element elementor-element-06d7a25 elementor-widget elementor-widget-text-editor\" data-id=\"06d7a25\" data-element_type=\"widget\" data-e-type=\"widget\" data-widget_type=\"text-editor.default\">\n\t\t\t\t<div class=\"elementor-widget-container\">\n\t\t\t\t\t\t\t\t\t<p>Incorpora una mappa interattiva dal vivo con i dati SmartSheet nella tua dashboard SmartSheet.<\/p>\t\t\t\t\t\t\t\t<\/div>\n\t\t\t\t<\/div>\n\t\t\t\t\t<\/div>\n\t\t\t\t<\/div>\n\t\t\t\t<section class=\"elementor-section elementor-top-section elementor-element elementor-element-66235526 elementor-section-boxed elementor-section-height-default elementor-section-height-default\" data-id=\"66235526\" data-element_type=\"section\" data-e-type=\"section\">\n\t\t\t\t\t\t<div class=\"elementor-container elementor-column-gap-default\">\n\t\t\t\t\t<div class=\"elementor-column elementor-col-100 elementor-top-column elementor-element elementor-element-29f009ef\" data-id=\"29f009ef\" data-element_type=\"column\" data-e-type=\"column\">\n\t\t\t<div class=\"elementor-widget-wrap elementor-element-populated\">\n\t\t\t\t\t\t<div class=\"elementor-element elementor-element-33c6fbb7 gutme  elementor-widget elementor-widget-text-editor\" data-id=\"33c6fbb7\" data-element_type=\"widget\" data-e-type=\"widget\" data-widget_type=\"text-editor.default\">\n\t\t\t\t<div class=\"elementor-widget-container\">\n\t\t\t\t\t\t\t\t\t\n<p>Aggiungi mappe interattive dal vivo alla tua dashboard Smartsheet. La mappa pu\u00f2 mostrare dati da uno o pi\u00f9 fogli del tuo Smartsheet, CRM o qualsiasi altra fonte di dati, cos\u00ec come territori. Puoi anche aggiungere pulsanti, moduli e azioni personalizzate \u2014 per permettere agli utenti di inviare richieste e domande, creare e aggiornare record ed eseguire altre azioni direttamente sulla mappa incorporata.<\/p>\n\n<div class=\"wp-block-spacer\" style=\"height: 25px;\" aria-hidden=\"true\">\u00a0<\/div>\n\n<div class=\"wp-block-buttons is-content-justification-center is-layout-flex wp-block-buttons-is-layout-flex\">\n<div class=\"wp-block-button\"><a class=\"wp-block-button__link\" href=\"#demo\" rel=\"noreferrer noopener\">Visualizza la dashboard demo di Smartsheet<\/a><\/div>\n<\/div>\n\n<div class=\"wp-block-spacer\" style=\"height: 54px;\" aria-hidden=\"true\">\u00a0<\/div>\n\n<h2 class=\"has-text-align-center wp-block-heading\">Come incorporare Mapsly nella dashboard di Smartsheet<\/h2>\n\n<p>Il modo pi\u00f9 comune per aggiungere Mapsly alla tua dashboard Smartsheet \u00e8 utilizzare il widget Contenuto Web di Smartsheet \u2014 in questo modo la mappa sar\u00e0 incorporata direttamente nella tua dashboard e la dashboard si aggiorner\u00e0 automaticamente per mostrare i dati mappa pi\u00f9 recenti. \u00c8 per\u00f2 possibile aggiungere Mapsly anche usando i widget Scorciatoia o Immagine \u2014 in questo caso la tua dashboard conterr\u00e0 solo un collegamento che aprir\u00e0 la mappa di Mapsly in una nuova scheda del browser.<\/p>\n\n<div class=\"wp-block-spacer\" style=\"height: 25px;\" aria-hidden=\"true\">\u00a0<\/div>\n\n<div class=\"wp-block-buttons is-content-justification-center is-layout-flex wp-block-buttons-is-layout-flex\">\n<div class=\"wp-block-button\"><a class=\"wp-block-button__link\" href=\"https:\/\/help.mapsly.com\/articles\/5377582\">Guida passo passo per aggiungere una mappa live alla tua dashboard Smartsheet <\/a><\/div>\n<\/div>\n\n<div class=\"wp-block-spacer\" style=\"height: 57px;\" aria-hidden=\"true\">\u00a0<\/div>\n\n<h2 class=\"has-text-align-center wp-block-heading\">Frequenza degli aggiornamenti dei dati sulle mappe incorporate<\/h2>\n\n<p>Per impostazione predefinita, Mapsly estrae dati nuovi e aggiornati da una fonte dati, come il tuo Smartsheet collegato, una volta ogni 30 minuti. Questo ritardo pu\u00f2 essere ridotto a 10 minuti.<\/p>\n\n<p>Anche:<\/p>\n\n<ul class=\"wp-block-list\">\n<li>con alcune fonti di dati, come HubSpot e Zendesk, la sincronizzazione dei dati CRM in tempo reale con Mapsly pu\u00f2 essere attivata con pochi clic;<\/li>\n<li>per altre fonti di dati puoi configurare la sincronizzazione dei dati CRM-&gt;Mapsly in tempo reale utilizzando webhook o chiamate API in uscita dalla tua fonte dati, come Zoho CRM, Creatio, Quickbase e qualsiasi altra fonte di dati che supporti una di queste funzionalit\u00e0.<\/li>\n<\/ul>\n\n<h2 class=\"has-text-align-center wp-block-heading\">Le mappe incorporate sono flessibili e facilmente configurabili<\/h2>\n\n<p>Sulla tua mappa live, puoi colorare dinamicamente i tuoi dati in base a criteri personalizzati usando layer e filtri della mappa; controllare cosa vedono gli utenti con i parametri URL; mostrare dati da uno o pi\u00f9 oggetti (fogli) contemporaneamente. Per ogni oggetto puoi regolare le propriet\u00e0 del marcatore e i campi (colonne del foglio) che verranno mostrati come etichetta del marcatore, o nel popup della mappa, o nel popup della vista record che puoi anche abilitare.<\/p>\n\n<h2 class=\"has-text-align-center wp-block-heading\">Aggiungi filtro di ricerca e vista elenco<\/h2>\n\n<p>Facoltativamente, puoi usare un <a href=\"https:\/\/help.mapsly.com\/articles\/5187658\" target=\"_blank\" rel=\"noreferrer noopener\">Visualizzazione elenco configurabile<\/a> in combinazione con il <a href=\"https:\/\/help.mapsly.com\/articles\/5361147\" target=\"_blank\" rel=\"noreferrer noopener\">filtro della barra di ricerca<\/a> mostrare un elenco comprimibile di record (righe del foglio) a sinistra sulla mappa e\/o dare all'utente la possibilit\u00e0 di modificare il set di dati visualizzato sulla mappa e cercare record specifici.<\/p>\n\n<h2 class=\"has-text-align-center wp-block-heading\">Aggiungi territori<\/h2>\n\n<p>Puoi mostrare <a href=\"\/it\/territories\/\">territori<\/a>, entrambi <a href=\"\/it\/draw-and-assign-territories\/\">disegnato a mano<\/a> e <a href=\"\/it\/boundaries-of-zip-codes-counties-census-areas\/\">creato utilizzando la geo-library<\/a> (ad esempio, da aree di codice postale o contee) e loro <a href=\"\/it\/aggregate-metrics-demographics\/\">campi dati inclusi dati demografici e metriche aggregate<\/a> calcolato automaticamente in base ai dati dei record presenti in quei territori.<\/p>\n\n<h2 class=\"has-text-align-center wp-block-heading\">Aggiungi il pannello Livelli e la vista Tabella<\/h2>\n\n<p>\u00c8 anche possibile abilitare <a href=\"\/it\/map-layers-filters\/\"><em>Livelli <\/em>pannello<\/a> e <em><a href=\"\/it\/table-view-with-nearby-search\/\">Visualizzazione tabella<\/a> <\/em>su mappe condivise. Per favore, <a href=\"#openChat\">scrivici in chat<\/a> per avere queste due funzionalit\u00e0 abilitate per le mappe condivise sul tuo account.<\/p>\n\n<h2 class=\"has-text-align-center wp-block-heading\">Aggiungi pulsanti, moduli e automazione<\/h2>\n\n<p>Puoi rendere le tue mappe integrate pi\u00f9 interattive posizionando <a href=\"\/it\/automation\/\">pulsanti e moduli personalizzati<\/a> al popup della mappa di un record o ai popup della vista record \u2014 per consentire agli utenti di inviare dati, richieste, attivare flussi di lavoro e qualsiasi altro processo personalizzato.<\/p>\n\t\t\t\t\t\t\t\t<\/div>\n\t\t\t\t<\/div>\n\t\t\t\t<div class=\"elementor-element elementor-element-e7f5083 elementor-widget elementor-widget-menu-anchor\" data-id=\"e7f5083\" data-element_type=\"widget\" data-e-type=\"widget\" data-widget_type=\"menu-anchor.default\">\n\t\t\t\t<div class=\"elementor-widget-container\">\n\t\t\t\t\t\t\t<div class=\"elementor-menu-anchor\" id=\"demo\"><\/div>\n\t\t\t\t\t\t<\/div>\n\t\t\t\t<\/div>\n\t\t\t\t<div class=\"elementor-element elementor-element-6293268b elementor-widget elementor-widget-heading\" data-id=\"6293268b\" data-element_type=\"widget\" data-e-type=\"widget\" data-widget_type=\"heading.default\">\n\t\t\t\t<div class=\"elementor-widget-container\">\n\t\t\t\t\t<h2 class=\"elementor-heading-title elementor-size-default\">Demo della dashboard Smartsheet<\/h2>\t\t\t\t<\/div>\n\t\t\t\t<\/div>\n\t\t\t\t<div class=\"elementor-element elementor-element-536500c7 elementor-widget elementor-widget-html\" data-id=\"536500c7\" data-element_type=\"widget\" data-e-type=\"widget\" data-widget_type=\"html.default\">\n\t\t\t\t<div class=\"elementor-widget-container\">\n\t\t\t\t\t<iframe width=\"1000\" height=\"1100\" frameborder=\"0\" src=\"https:\/\/app.smartsheet.com\/b\/publish?EQBCT=37ebb1c3c34a4c9481c195cc86c0536a\"><\/iframe>\t\t\t\t<\/div>\n\t\t\t\t<\/div>\n\t\t\t\t<div class=\"elementor-element elementor-element-4efc9b98 gutme elementor-widget elementor-widget-text-editor\" data-id=\"4efc9b98\" data-element_type=\"widget\" data-e-type=\"widget\" data-widget_type=\"text-editor.default\">\n\t\t\t\t<div class=\"elementor-widget-container\">\n\t\t\t\t\t\t\t\t\t\n<p>\u00a0<\/p>\n\n<figure class=\"wp-block-pullquote\">\n<blockquote>\n<p>Il team di implementazione di Mapsly studier\u00e0 il tuo scenario d'uso e configurer\u00e0 mappe condivise per te, cos\u00ec potrai concentrarti sul tuo business. <br \/><a href=\"https:\/\/calendly.com\/mapsly-meeting\/quick-demo\" target=\"_blank\" rel=\"noopener\">Programma una chiamata web oggi<\/a>.<\/p>\n<cite>O chiedici qualsiasi cosa in chat, siamo sempre online<\/cite><\/blockquote>\n<\/figure>\n\n<div class=\"wp-block-spacer\" style=\"height: 100px;\" aria-hidden=\"true\">\u00a0<\/div>\n\n<div class=\"wp-block-buttons is-content-justification-center is-layout-flex wp-block-buttons-is-layout-flex\">\n<div class=\"wp-block-button\"><a class=\"wp-block-button__link\" href=\"\/it\/shared-interactive-maps\/\">Scopri di pi\u00f9 sulle mappe condivise<\/a><\/div>\n<\/div>\n\n<div class=\"wp-block-spacer\" style=\"height: 100px;\" aria-hidden=\"true\">\u00a0<\/div>\n\n<p>\u00a0<\/p>\n\t\t\t\t\t\t\t\t<\/div>\n\t\t\t\t<\/div>\n\t\t\t\t\t<\/div>\n\t\t<\/div>\n\t\t\t\t\t<\/div>\n\t\t<\/section>\n\t\t\t\t<\/div>","protected":false},"excerpt":{"rendered":"<p>Aggiungi la mappa Live alla tua dashboard Smartsheet\nIncorpora una mappa interattiva live con i dati SmartSheet nella tua dashboard Smartsheet\nAggiungi mappe interattive live alla tua dashboard Smartsheet. La mappa pu\u00f2 mostrare dati da uno o pi\u00f9 fogli del tuo Smartsheet, CRM o qualsiasi altra fonte di dati, cos\u00ec come territori. Puoi anche aggiungere pulsanti, [&hellip;]<\/p>","protected":false},"author":2,"featured_media":0,"parent":0,"menu_order":0,"comment_status":"closed","ping_status":"closed","template":"elementor_header_footer","meta":{"_acf_changed":false,"footnotes":""},"class_list":["post-1863","page","type-page","status-publish","hentry"],"acf":[],"yoast_head":"<!-- This site is optimized with the Yoast SEO plugin v26.6 - https:\/\/yoast.com\/wordpress\/plugins\/seo\/ -->\n<title>Add Live Map to Your Smartsheet Dashboard - Mapsly<\/title>\n<meta name=\"description\" content=\"Embed a live interactive map to your SmartSheet dashboard. Map data is synced in real time with your SmartSheet, CRM or any other data source.\" \/>\n<meta name=\"robots\" content=\"index, follow, max-snippet:-1, max-image-preview:large, max-video-preview:-1\" \/>\n<link rel=\"canonical\" href=\"https:\/\/mapsly.com\/it\/smartsheet-map\/\" \/>\n<meta property=\"og:locale\" content=\"it_IT\" \/>\n<meta property=\"og:type\" content=\"article\" \/>\n<meta property=\"og:title\" content=\"Add Live Map to Your Smartsheet Dashboard - Mapsly\" \/>\n<meta property=\"og:description\" content=\"Embed a live interactive map to your SmartSheet dashboard. Map data is synced in real time with your SmartSheet, CRM or any other data source.\" \/>\n<meta property=\"og:url\" content=\"https:\/\/mapsly.com\/it\/smartsheet-map\/\" \/>\n<meta property=\"og:site_name\" content=\"Mapsly\" \/>\n<meta property=\"article:modified_time\" content=\"2026-02-20T08:14:27+00:00\" \/>\n<meta name=\"twitter:card\" content=\"summary_large_image\" \/>\n<meta name=\"twitter:label1\" content=\"Tempo di lettura stimato\" \/>\n\t<meta name=\"twitter:data1\" content=\"3 minuti\" \/>\n<script type=\"application\/ld+json\" class=\"yoast-schema-graph\">{\"@context\":\"https:\/\/schema.org\",\"@graph\":[{\"@type\":\"WebPage\",\"@id\":\"https:\/\/mapsly.com\/smartsheet-map\/\",\"url\":\"https:\/\/mapsly.com\/smartsheet-map\/\",\"name\":\"Add Live Map to Your Smartsheet Dashboard - Mapsly\",\"isPartOf\":{\"@id\":\"https:\/\/mapsly.com\/#website\"},\"datePublished\":\"2025-07-24T12:02:11+00:00\",\"dateModified\":\"2026-02-20T08:14:27+00:00\",\"description\":\"Embed a live interactive map to your SmartSheet dashboard. Map data is synced in real time with your SmartSheet, CRM or any other data source.\",\"breadcrumb\":{\"@id\":\"https:\/\/mapsly.com\/smartsheet-map\/#breadcrumb\"},\"inLanguage\":\"it-IT\",\"potentialAction\":[{\"@type\":\"ReadAction\",\"target\":[\"https:\/\/mapsly.com\/smartsheet-map\/\"]}]},{\"@type\":\"BreadcrumbList\",\"@id\":\"https:\/\/mapsly.com\/smartsheet-map\/#breadcrumb\",\"itemListElement\":[{\"@type\":\"ListItem\",\"position\":1,\"name\":\"Home\",\"item\":\"https:\/\/mapsly.com\/\"},{\"@type\":\"ListItem\",\"position\":2,\"name\":\"Add Live Map to Your Smartsheet Dashboard\"}]},{\"@type\":\"WebSite\",\"@id\":\"https:\/\/mapsly.com\/#website\",\"url\":\"https:\/\/mapsly.com\/\",\"name\":\"Mapsly\",\"description\":\"The Ultimate CRM Map\",\"publisher\":{\"@id\":\"https:\/\/mapsly.com\/#organization\"},\"potentialAction\":[{\"@type\":\"SearchAction\",\"target\":{\"@type\":\"EntryPoint\",\"urlTemplate\":\"https:\/\/mapsly.com\/?s={search_term_string}\"},\"query-input\":{\"@type\":\"PropertyValueSpecification\",\"valueRequired\":true,\"valueName\":\"search_term_string\"}}],\"inLanguage\":\"it-IT\"},{\"@type\":\"Organization\",\"@id\":\"https:\/\/mapsly.com\/#organization\",\"name\":\"Mapsly\",\"url\":\"https:\/\/mapsly.com\/\",\"logo\":{\"@type\":\"ImageObject\",\"inLanguage\":\"it-IT\",\"@id\":\"https:\/\/mapsly.com\/#\/schema\/logo\/image\/\",\"url\":\"https:\/\/mapsly.com\/wp-content\/uploads\/2025\/06\/Mapsly-Logo-2x-BIG.png\",\"contentUrl\":\"https:\/\/mapsly.com\/wp-content\/uploads\/2025\/06\/Mapsly-Logo-2x-BIG.png\",\"width\":280,\"height\":85,\"caption\":\"Mapsly\"},\"image\":{\"@id\":\"https:\/\/mapsly.com\/#\/schema\/logo\/image\/\"}}]}<\/script>\n<!-- \/ Yoast SEO plugin. -->","yoast_head_json":{"title":"Aggiungi la mappa dal vivo alla tua dashboard Smartsheet - Mapsly","description":"Incorpora una mappa interattiva live nella tua dashboard SmartSheet. I dati della mappa vengono sincronizzati in tempo reale con il tuo SmartSheet, CRM o qualsiasi altra fonte di dati.","robots":{"index":"index","follow":"follow","max-snippet":"max-snippet:-1","max-image-preview":"max-image-preview:large","max-video-preview":"max-video-preview:-1"},"canonical":"https:\/\/mapsly.com\/it\/smartsheet-map\/","og_locale":"it_IT","og_type":"article","og_title":"Add Live Map to Your Smartsheet Dashboard - Mapsly","og_description":"Embed a live interactive map to your SmartSheet dashboard. Map data is synced in real time with your SmartSheet, CRM or any other data source.","og_url":"https:\/\/mapsly.com\/it\/smartsheet-map\/","og_site_name":"Mapsly","article_modified_time":"2026-02-20T08:14:27+00:00","twitter_card":"summary_large_image","twitter_misc":{"Tempo di lettura stimato":"3 minuti"},"schema":{"@context":"https:\/\/schema.org","@graph":[{"@type":"WebPage","@id":"https:\/\/mapsly.com\/smartsheet-map\/","url":"https:\/\/mapsly.com\/smartsheet-map\/","name":"Aggiungi la mappa dal vivo alla tua dashboard Smartsheet - Mapsly","isPartOf":{"@id":"https:\/\/mapsly.com\/#website"},"datePublished":"2025-07-24T12:02:11+00:00","dateModified":"2026-02-20T08:14:27+00:00","description":"Incorpora una mappa interattiva live nella tua dashboard SmartSheet. I dati della mappa vengono sincronizzati in tempo reale con il tuo SmartSheet, CRM o qualsiasi altra fonte di dati.","breadcrumb":{"@id":"https:\/\/mapsly.com\/smartsheet-map\/#breadcrumb"},"inLanguage":"it-IT","potentialAction":[{"@type":"ReadAction","target":["https:\/\/mapsly.com\/smartsheet-map\/"]}]},{"@type":"BreadcrumbList","@id":"https:\/\/mapsly.com\/smartsheet-map\/#breadcrumb","itemListElement":[{"@type":"ListItem","position":1,"name":"Home","item":"https:\/\/mapsly.com\/"},{"@type":"ListItem","position":2,"name":"Add Live Map to Your Smartsheet Dashboard"}]},{"@type":"WebSite","@id":"https:\/\/mapsly.com\/#website","url":"https:\/\/mapsly.com\/","name":"Mapsly","description":"La mappa CRM definitiva","publisher":{"@id":"https:\/\/mapsly.com\/#organization"},"potentialAction":[{"@type":"SearchAction","target":{"@type":"EntryPoint","urlTemplate":"https:\/\/mapsly.com\/?s={search_term_string}"},"query-input":{"@type":"PropertyValueSpecification","valueRequired":true,"valueName":"search_term_string"}}],"inLanguage":"it-IT"},{"@type":"Organization","@id":"https:\/\/mapsly.com\/#organization","name":"Mapsly","url":"https:\/\/mapsly.com\/","logo":{"@type":"ImageObject","inLanguage":"it-IT","@id":"https:\/\/mapsly.com\/#\/schema\/logo\/image\/","url":"https:\/\/mapsly.com\/wp-content\/uploads\/2025\/06\/Mapsly-Logo-2x-BIG.png","contentUrl":"https:\/\/mapsly.com\/wp-content\/uploads\/2025\/06\/Mapsly-Logo-2x-BIG.png","width":280,"height":85,"caption":"Mapsly"},"image":{"@id":"https:\/\/mapsly.com\/#\/schema\/logo\/image\/"}}]}},"_links":{"self":[{"href":"https:\/\/mapsly.com\/it\/wp-json\/wp\/v2\/pages\/1863","targetHints":{"allow":["GET"]}}],"collection":[{"href":"https:\/\/mapsly.com\/it\/wp-json\/wp\/v2\/pages"}],"about":[{"href":"https:\/\/mapsly.com\/it\/wp-json\/wp\/v2\/types\/page"}],"author":[{"embeddable":true,"href":"https:\/\/mapsly.com\/it\/wp-json\/wp\/v2\/users\/2"}],"replies":[{"embeddable":true,"href":"https:\/\/mapsly.com\/it\/wp-json\/wp\/v2\/comments?post=1863"}],"version-history":[{"count":40,"href":"https:\/\/mapsly.com\/it\/wp-json\/wp\/v2\/pages\/1863\/revisions"}],"predecessor-version":[{"id":25114,"href":"https:\/\/mapsly.com\/it\/wp-json\/wp\/v2\/pages\/1863\/revisions\/25114"}],"wp:attachment":[{"href":"https:\/\/mapsly.com\/it\/wp-json\/wp\/v2\/media?parent=1863"}],"curies":[{"name":"wp","href":"https:\/\/api.w.org\/{rel}","templated":true}]}}