{"id":434,"date":"2025-06-26T17:07:19","date_gmt":"2025-06-26T14:07:19","guid":{"rendered":"https:\/\/mapsly.com?page_id=434"},"modified":"2025-12-16T14:43:25","modified_gmt":"2025-12-16T11:43:25","slug":"field-routing-for-service-agents-with-check-in","status":"publish","type":"page","link":"https:\/\/mapsly.com\/fr\/field-routing-for-service-agents-with-check-in\/","title":{"rendered":"Cas d'utilisation\u00a0: Routage sur le terrain pour les agents de service"},"content":{"rendered":"<div data-elementor-type=\"wp-page\" data-elementor-id=\"434\" class=\"elementor elementor-434\" data-elementor-post-type=\"page\">\n\t\t\t\t<div class=\"elementor-element elementor-element-4e31283 e-flex e-con-boxed e-con e-parent\" data-id=\"4e31283\" data-element_type=\"container\" data-e-type=\"container\">\n\t\t\t\t\t<div class=\"e-con-inner\">\n\t\t\t\t<div class=\"elementor-element elementor-element-67f249e elementor-widget elementor-widget-heading\" data-id=\"67f249e\" data-element_type=\"widget\" data-e-type=\"widget\" data-widget_type=\"heading.default\">\n\t\t\t\t<div class=\"elementor-widget-container\">\n\t\t\t\t\t<h1 class=\"elementor-heading-title elementor-size-default\">Cas d'utilisation\u00a0: Routage sur le terrain pour les agents de service\n<\/h1>\t\t\t\t<\/div>\n\t\t\t\t<\/div>\n\t\t\t\t<div class=\"elementor-element elementor-element-44c7740 elementor-widget elementor-widget-heading\" data-id=\"44c7740\" data-element_type=\"widget\" data-e-type=\"widget\" data-widget_type=\"heading.default\">\n\t\t\t\t<div class=\"elementor-widget-container\">\n\t\t\t\t\t<p class=\"elementor-heading-title elementor-size-default\">Cette \u00e9tude de cas illustre un sc\u00e9nario dans lequel un agent de service acc\u00e8de \u00e0 ses t\u00e2ches du jour.\n<\/p>\t\t\t\t<\/div>\n\t\t\t\t<\/div>\n\t\t\t\t\t<\/div>\n\t\t\t\t<\/div>\n\t\t<div class=\"elementor-element elementor-element-4942fd63 e-flex e-con-boxed e-con e-parent\" data-id=\"4942fd63\" data-element_type=\"container\" data-e-type=\"container\">\n\t\t\t\t\t<div class=\"e-con-inner\">\n\t\t\t\t<div class=\"elementor-element elementor-element-58dfee1 elementor-widget elementor-widget-video\" data-id=\"58dfee1\" data-element_type=\"widget\" data-e-type=\"widget\" data-settings=\"{&quot;youtube_url&quot;:&quot;https:\\\/\\\/youtu.be\\\/DSWejED2d6s&quot;,&quot;video_type&quot;:&quot;youtube&quot;,&quot;controls&quot;:&quot;yes&quot;}\" data-widget_type=\"video.default\">\n\t\t\t\t<div class=\"elementor-widget-container\">\n\t\t\t\t\t\t\t<div class=\"elementor-wrapper elementor-open-inline\">\n\t\t\t<div class=\"elementor-video\"><\/div>\t\t<\/div>\n\t\t\t\t\t\t<\/div>\n\t\t\t\t<\/div>\n\t\t\t\t<div class=\"elementor-element elementor-element-5a5590b elementor-widget elementor-widget-text-editor\" data-id=\"5a5590b\" data-element_type=\"widget\" data-e-type=\"widget\" data-widget_type=\"text-editor.default\">\n\t\t\t\t<div class=\"elementor-widget-container\">\n\t\t\t\t\t\t\t\t\t<p>\u00a0<\/p>\n\n<h2 class=\"wp-block-heading\">Fonctionnalit\u00e9s d\u00e9montr\u00e9es<\/h2>\n\n<p>Cette vid\u00e9o de d\u00e9monstration pr\u00e9sente les fonctionnalit\u00e9s de Mapsly pour les agents sur le terrain (comme les repr\u00e9sentants commerciaux ou les \u00e9quipes de service) :<\/p>\n\n<ol class=\"wp-block-list\">\n<li>Application mobile.<\/li>\n<li>Calques de carte personnalis\u00e9s.<\/li>\n<li>Routage optimis\u00e9.<\/li>\n<li>Mode de d\u00e9placement.<\/li>\n<li>Enregistrement \u00e0 l'arriv\u00e9e et au d\u00e9part d'une mission.<\/li>\n<li>Navigation en un clic.<\/li>\n<li>Int\u00e9gration entre Mapsly et l'application mobile CRM (dans cet exemple, l'application mobile Zoho CRM).<\/li>\n<\/ol>\n\n<h2 class=\"wp-block-heading\">Actions de l'utilisateur dans la vid\u00e9o (\u00e9tape par \u00e9tape)<\/h2>\n\n<p>Dans ce sc\u00e9nario, un agent (qui peut ou non \u00eatre un utilisateur CRM) est assign\u00e9 <em>travaux de service<\/em>: dans Mapsly, le superviseur de l'agent a pr\u00e9configur\u00e9 plusieurs couches de carte qui incluent uniquement les t\u00e2ches assign\u00e9es \u00e0 l'agent :<\/p>\n\n<ol class=\"wp-block-list\">\n<li><strong>Les t\u00e2ches d'aujourd'hui <\/strong>(marqueurs rouges)<\/li>\n<li><strong>Les t\u00e2ches de demain <\/strong>(marqueurs orange)<\/li>\n<li>et <strong>Autres emplois <\/strong>(marqueurs verts).<\/li>\n<\/ol>\n\n<p>L'agent cache toutes les couches sauf les jobs d'aujourd'hui et utilise l'outil lasso de routage pour ajouter tous les jobs d'aujourd'hui au volet Itin\u00e9raire. Ensuite, il cr\u00e9e un itin\u00e9raire optimis\u00e9 depuis leur emplacement par d\u00e9faut (\"Domicile\") vers un emplacement pr\u00e9c\u00e9demment enregistr\u00e9 (\"Bureau\"), en tenant compte du trafic actuel, puis passe en \"mode Voyage\" pour suivre l'itin\u00e9raire.<\/p>\n\n<p>Le panneau des points de passage du mode Voyage affiche l'itin\u00e9raire jusqu'au premier arr\u00eat, et l'agent clique sur \u00ab\u00a0Naviguer\u00a0\u00bb pour se rendre \u00e0 l'emplacement en utilisant <strong>Waze<\/strong>. <em>En plus de Waze, ils peuvent \u00e9galement naviguer avec Google Maps ou Apple Maps.<\/em><\/p>\n\n<p>Lorsque l'agent arrive sur le lieu du premier travail, il s'enregistre en cliquant sur le <strong>D\u00e9marrer le travail<\/strong> bouton et remplir les notes qui sont imm\u00e9diatement enregistr\u00e9es dans l\u2019enregistrement de la t\u00e2che dans le CRM ainsi que le <em>emplacement de l'agent<\/em>, <em>distance <\/em>depuis l'emplacement de la t\u00e2che et le drapeau \u00ab V\u00e9rifi\u00e9 : Oui \u00bb confirmant que l'agent se trouve \u00e0 moins d'un quart de mile (ou km, selon les unit\u00e9s de distance de votre compte Mapsly) de l'emplacement de la t\u00e2che.<\/p>\n\n<p>Une fois que l'agent a termin\u00e9 la t\u00e2che, il quitte la t\u00e2che en cliquant sur le bouton <strong>Terminer le travail<\/strong> bouton et remplissez les notes qui sont, tout comme dans le cas de la <strong>D\u00e9marrer le travail<\/strong> processus, \u00e9galement imm\u00e9diatement enregistr\u00e9 dans l'enregistrement de la t\u00e2che dans le CRM avec la localisation actuelle de l'agent, la distance par rapport au site de la t\u00e2che, le drapeau \u00ab V\u00e9rifi\u00e9 : Oui \u00bb confirmant la pr\u00e9sence de l'agent sur le site, et la dur\u00e9e r\u00e9elle de la t\u00e2che.<\/p>\n\n<p>Ensuite, l\u2019agent clique sur le <strong>Marquer comme visit\u00e9<\/strong> sur le point d'arr\u00eat actuel de l'itin\u00e9raire pour le supprimer de l'itin\u00e9raire en cours et reconstruire l'itin\u00e9raire depuis leur position actuelle jusqu'au prochain travail, ce qui actualise \u00e9galement le temps estim\u00e9 d'arriv\u00e9e (ETA) \u00e0 tous les travaux restants.<\/p>\n\n<p>Ensuite, l\u2019agent clique sur le <strong>Ouvrir dans Zoho CRM<\/strong> bouton pour ouvrir l'enregistrement de la t\u00e2che dans l'application mobile Zoho CRM. <em>Veuillez noter que cette fonctionnalit\u00e9 est disponible uniquement si l'utilisateur est un utilisateur de Zoho CRM connect\u00e9 \u00e0 leur application mobile Zoho CRM. De la m\u00eame mani\u00e8re, Mapsly fonctionne avec les applications mobiles d'autres CRM.<\/em><\/p>\n\n<p><strong>D\u00e9marrer le travail<\/strong> et <strong>Terminer le travail<\/strong> dans ce sc\u00e9nario de d\u00e9monstration, les processus personnalis\u00e9s sont construits avec le <a href=\"\/fr\/automation\/\">Suite d'automatisation Mapsly<\/a>, chacun consistant en un bouton personnalis\u00e9 int\u00e9gr\u00e9 dans le menu de l'objet personnalis\u00e9 \u00ab waypoint \u00bb de la t\u00e2che de service, un formulaire avec un champ Notes et un <em>Mettre \u00e0 jour l\u2019enregistrement<\/em> action qui enregistre les donn\u00e9es dans le dossier CRM de la t\u00e2che en temps r\u00e9el. Le processus peut \u00eatre ajust\u00e9 pour cr\u00e9er de nouveaux enregistrements de Check-in\/Check-out, des \u00e9v\u00e9nements dans la timeline, des r\u00e9unions ; envoyer des emails ou des SMS ou inclure toute autre s\u00e9quence d\u2019actions disponible dans la suite d\u2019automatisation.<\/p>\n\n<p>Optionnellement, il est possible d'emp\u00eacher les agents d'enregistrer leur arriv\u00e9e ou leur d\u00e9part d'une t\u00e2che s'ils sont trop \u00e9loign\u00e9s du site de la t\u00e2che.<\/p>\n\n<p>De plus, vous pouvez exiger que les agents s'activent <a href=\"\/fr\/check-in-check-out-with-geofencing\/\">suivi de localisation<\/a> pour que le superviseur de l'\u00e9quipe puisse voir leur position en temps r\u00e9el sur la carte, ainsi que l'historique des d\u00e9placements.<\/p>\n\n<figure class=\"wp-block-pullquote\">\n<blockquote>\n<p>L'\u00e9quipe de mise en \u0153uvre de Mapsly configurera le processus d'enregistrement et de d\u00e9part et formera votre \u00e9quipe commerciale pour tirer le meilleur parti de Mapsly, afin que vous puissiez vous concentrer sur votre activit\u00e9. <br \/><a href=\"https:\/\/calendly.com\/mapsly-meeting\/quick-demo\" target=\"_blank\" rel=\"noopener\">Planifiez un appel web aujourd'hui<\/a>.<\/p>\n<cite>Ou demandez-nous n'importe quoi en chat, nous sommes toujours en ligne<\/cite><\/blockquote>\n<\/figure>\n\n<h2 class=\"wp-block-heading\">En savoir plus<\/h2>\n\n<ul class=\"wp-block-list\">\n<li><a href=\"\/fr\/automation\/\">Suite d'automatisation Mapsly<\/a><\/li>\n<li><a href=\"\/fr\/check-in-check-out-with-geofencing\/\">Enregistrement et d\u00e9part configurables avec v\u00e9rification de la localisation<\/a><\/li>\n<li><a href=\"\/fr\/user-location-tracking\/\">Suivi de la localisation de l'utilisateur et historique des d\u00e9placements<\/a><\/li>\n<\/ul>\n\n<div class=\"wp-block-spacer\" style=\"height: 100px;\" aria-hidden=\"true\">\u00a0<\/div>\n\t\t\t\t\t\t\t\t<\/div>\n\t\t\t\t<\/div>\n\t\t\t\t\t<\/div>\n\t\t\t\t<\/div>\n\t\t\t\t<\/div>","protected":false},"excerpt":{"rendered":"<p>Sc\u00e9nario d'utilisation : Routage terrain pour agents de service Cette \u00e9tude de cas illustre un sc\u00e9nario dans lequel un agent de service acc\u00e8de \u00e0 ses missions du jour https:\/\/youtu.be\/DSWejED2d6s \u00a0 Fonctionnalit\u00e9s d\u00e9montr\u00e9es Cette vid\u00e9o de d\u00e9monstration pr\u00e9sente les fonctionnalit\u00e9s de Mapsly pour les agents sur le terrain (comme les commerciaux ou les \u00e9quipes de service)\u00a0: Application mobile. Couches cartographiques personnalis\u00e9es. Routage optimis\u00e9. Mode voyage. Enregistrement \u00e0 et [&hellip;]<\/p>","protected":false},"author":1,"featured_media":0,"parent":0,"menu_order":0,"comment_status":"closed","ping_status":"closed","template":"elementor_header_footer","meta":{"_acf_changed":false,"footnotes":""},"class_list":["post-434","page","type-page","status-publish","hentry"],"acf":[],"yoast_head":"<!-- This site is optimized with the Yoast SEO plugin v26.6 - https:\/\/yoast.com\/wordpress\/plugins\/seo\/ -->\n<title>Use Scenario: Field Routing for Service Agents - Mapsly<\/title>\n<meta name=\"robots\" content=\"index, follow, max-snippet:-1, max-image-preview:large, max-video-preview:-1\" \/>\n<link rel=\"canonical\" href=\"https:\/\/mapsly.com\/fr\/field-routing-for-service-agents-with-check-in\/\" \/>\n<meta property=\"og:locale\" content=\"fr_FR\" \/>\n<meta property=\"og:type\" content=\"article\" \/>\n<meta property=\"og:title\" content=\"Use Scenario: Field Routing for Service Agents - Mapsly\" \/>\n<meta property=\"og:description\" content=\"Use Scenario: Field Routing for Service Agents This case study demonstrates a scenario in which a service agent navigates to their today\u2019s jobs https:\/\/youtu.be\/DSWejED2d6s \u00a0 Demonstrated features This demo video showcases Mapsly features for field agents (like sales reps or service teams): Mobile app. Custom map layers. Optimized routing. Trip mode. Checking in to and [&hellip;]\" \/>\n<meta property=\"og:url\" content=\"https:\/\/mapsly.com\/fr\/field-routing-for-service-agents-with-check-in\/\" \/>\n<meta property=\"og:site_name\" content=\"Mapsly\" \/>\n<meta property=\"article:modified_time\" content=\"2025-12-16T11:43:25+00:00\" \/>\n<meta name=\"twitter:card\" content=\"summary_large_image\" \/>\n<meta name=\"twitter:label1\" content=\"Dur\u00e9e de lecture estim\u00e9e\" \/>\n\t<meta name=\"twitter:data1\" content=\"3 minutes\" \/>\n<script type=\"application\/ld+json\" class=\"yoast-schema-graph\">{\"@context\":\"https:\/\/schema.org\",\"@graph\":[{\"@type\":\"WebPage\",\"@id\":\"https:\/\/mapsly.com\/field-routing-for-service-agents-with-check-in\/\",\"url\":\"https:\/\/mapsly.com\/field-routing-for-service-agents-with-check-in\/\",\"name\":\"Use Scenario: Field Routing for Service Agents - Mapsly\",\"isPartOf\":{\"@id\":\"https:\/\/mapsly.com\/#website\"},\"datePublished\":\"2025-06-26T14:07:19+00:00\",\"dateModified\":\"2025-12-16T11:43:25+00:00\",\"breadcrumb\":{\"@id\":\"https:\/\/mapsly.com\/field-routing-for-service-agents-with-check-in\/#breadcrumb\"},\"inLanguage\":\"fr-FR\",\"potentialAction\":[{\"@type\":\"ReadAction\",\"target\":[\"https:\/\/mapsly.com\/field-routing-for-service-agents-with-check-in\/\"]}]},{\"@type\":\"BreadcrumbList\",\"@id\":\"https:\/\/mapsly.com\/field-routing-for-service-agents-with-check-in\/#breadcrumb\",\"itemListElement\":[{\"@type\":\"ListItem\",\"position\":1,\"name\":\"Home\",\"item\":\"https:\/\/mapsly.com\/\"},{\"@type\":\"ListItem\",\"position\":2,\"name\":\"Use Scenario: Field Routing for Service Agents\"}]},{\"@type\":\"WebSite\",\"@id\":\"https:\/\/mapsly.com\/#website\",\"url\":\"https:\/\/mapsly.com\/\",\"name\":\"Mapsly\",\"description\":\"The Ultimate CRM Map\",\"publisher\":{\"@id\":\"https:\/\/mapsly.com\/#organization\"},\"potentialAction\":[{\"@type\":\"SearchAction\",\"target\":{\"@type\":\"EntryPoint\",\"urlTemplate\":\"https:\/\/mapsly.com\/?s={search_term_string}\"},\"query-input\":{\"@type\":\"PropertyValueSpecification\",\"valueRequired\":true,\"valueName\":\"search_term_string\"}}],\"inLanguage\":\"fr-FR\"},{\"@type\":\"Organization\",\"@id\":\"https:\/\/mapsly.com\/#organization\",\"name\":\"Mapsly\",\"url\":\"https:\/\/mapsly.com\/\",\"logo\":{\"@type\":\"ImageObject\",\"inLanguage\":\"fr-FR\",\"@id\":\"https:\/\/mapsly.com\/#\/schema\/logo\/image\/\",\"url\":\"https:\/\/mapsly.com\/wp-content\/uploads\/2025\/06\/Mapsly-Logo-2x-BIG.png\",\"contentUrl\":\"https:\/\/mapsly.com\/wp-content\/uploads\/2025\/06\/Mapsly-Logo-2x-BIG.png\",\"width\":280,\"height\":85,\"caption\":\"Mapsly\"},\"image\":{\"@id\":\"https:\/\/mapsly.com\/#\/schema\/logo\/image\/\"}}]}<\/script>\n<!-- \/ Yoast SEO plugin. -->","yoast_head_json":{"title":"Cas d'utilisation\u00a0: Itin\u00e9raire sur le terrain pour les agents de service - Mapsly","robots":{"index":"index","follow":"follow","max-snippet":"max-snippet:-1","max-image-preview":"max-image-preview:large","max-video-preview":"max-video-preview:-1"},"canonical":"https:\/\/mapsly.com\/fr\/field-routing-for-service-agents-with-check-in\/","og_locale":"fr_FR","og_type":"article","og_title":"Use Scenario: Field Routing for Service Agents - Mapsly","og_description":"Use Scenario: Field Routing for Service Agents This case study demonstrates a scenario in which a service agent navigates to their today\u2019s jobs https:\/\/youtu.be\/DSWejED2d6s \u00a0 Demonstrated features This demo video showcases Mapsly features for field agents (like sales reps or service teams): Mobile app. Custom map layers. Optimized routing. Trip mode. Checking in to and [&hellip;]","og_url":"https:\/\/mapsly.com\/fr\/field-routing-for-service-agents-with-check-in\/","og_site_name":"Mapsly","article_modified_time":"2025-12-16T11:43:25+00:00","twitter_card":"summary_large_image","twitter_misc":{"Dur\u00e9e de lecture estim\u00e9e":"3 minutes"},"schema":{"@context":"https:\/\/schema.org","@graph":[{"@type":"WebPage","@id":"https:\/\/mapsly.com\/field-routing-for-service-agents-with-check-in\/","url":"https:\/\/mapsly.com\/field-routing-for-service-agents-with-check-in\/","name":"Cas d'utilisation\u00a0: Itin\u00e9raire sur le terrain pour les agents de service - Mapsly","isPartOf":{"@id":"https:\/\/mapsly.com\/#website"},"datePublished":"2025-06-26T14:07:19+00:00","dateModified":"2025-12-16T11:43:25+00:00","breadcrumb":{"@id":"https:\/\/mapsly.com\/field-routing-for-service-agents-with-check-in\/#breadcrumb"},"inLanguage":"fr-FR","potentialAction":[{"@type":"ReadAction","target":["https:\/\/mapsly.com\/field-routing-for-service-agents-with-check-in\/"]}]},{"@type":"BreadcrumbList","@id":"https:\/\/mapsly.com\/field-routing-for-service-agents-with-check-in\/#breadcrumb","itemListElement":[{"@type":"ListItem","position":1,"name":"Home","item":"https:\/\/mapsly.com\/"},{"@type":"ListItem","position":2,"name":"Use Scenario: Field Routing for Service Agents"}]},{"@type":"WebSite","@id":"https:\/\/mapsly.com\/#website","url":"https:\/\/mapsly.com\/","name":"Mapsly","description":"La carte CRM ultime","publisher":{"@id":"https:\/\/mapsly.com\/#organization"},"potentialAction":[{"@type":"SearchAction","target":{"@type":"EntryPoint","urlTemplate":"https:\/\/mapsly.com\/?s={search_term_string}"},"query-input":{"@type":"PropertyValueSpecification","valueRequired":true,"valueName":"search_term_string"}}],"inLanguage":"fr-FR"},{"@type":"Organization","@id":"https:\/\/mapsly.com\/#organization","name":"Mapsly","url":"https:\/\/mapsly.com\/","logo":{"@type":"ImageObject","inLanguage":"fr-FR","@id":"https:\/\/mapsly.com\/#\/schema\/logo\/image\/","url":"https:\/\/mapsly.com\/wp-content\/uploads\/2025\/06\/Mapsly-Logo-2x-BIG.png","contentUrl":"https:\/\/mapsly.com\/wp-content\/uploads\/2025\/06\/Mapsly-Logo-2x-BIG.png","width":280,"height":85,"caption":"Mapsly"},"image":{"@id":"https:\/\/mapsly.com\/#\/schema\/logo\/image\/"}}]}},"_links":{"self":[{"href":"https:\/\/mapsly.com\/fr\/wp-json\/wp\/v2\/pages\/434","targetHints":{"allow":["GET"]}}],"collection":[{"href":"https:\/\/mapsly.com\/fr\/wp-json\/wp\/v2\/pages"}],"about":[{"href":"https:\/\/mapsly.com\/fr\/wp-json\/wp\/v2\/types\/page"}],"author":[{"embeddable":true,"href":"https:\/\/mapsly.com\/fr\/wp-json\/wp\/v2\/users\/1"}],"replies":[{"embeddable":true,"href":"https:\/\/mapsly.com\/fr\/wp-json\/wp\/v2\/comments?post=434"}],"version-history":[{"count":34,"href":"https:\/\/mapsly.com\/fr\/wp-json\/wp\/v2\/pages\/434\/revisions"}],"predecessor-version":[{"id":25135,"href":"https:\/\/mapsly.com\/fr\/wp-json\/wp\/v2\/pages\/434\/revisions\/25135"}],"wp:attachment":[{"href":"https:\/\/mapsly.com\/fr\/wp-json\/wp\/v2\/media?parent=434"}],"curies":[{"name":"wp","href":"https:\/\/api.w.org\/{rel}","templated":true}]}}