{"id":432,"date":"2025-06-26T17:07:05","date_gmt":"2025-06-26T14:07:05","guid":{"rendered":"https:\/\/mapsly.com?page_id=432"},"modified":"2025-10-19T23:57:18","modified_gmt":"2025-10-19T20:57:18","slug":"usage-limits-and-add-ons","status":"publish","type":"page","link":"https:\/\/mapsly.com\/fr\/usage-limits-and-add-ons\/","title":{"rendered":"Limites d'utilisation et modules compl\u00e9mentaires"},"content":{"rendered":"<div data-elementor-type=\"wp-page\" data-elementor-id=\"432\" class=\"elementor elementor-432\" data-elementor-post-type=\"page\">\n\t\t\t\t<div class=\"elementor-element elementor-element-7428fc4f e-flex e-con-boxed e-con e-parent\" data-id=\"7428fc4f\" data-element_type=\"container\" data-e-type=\"container\">\n\t\t\t\t\t<div class=\"e-con-inner\">\n\t\t\t\t<div class=\"elementor-element elementor-element-7e7bacb elementor-widget elementor-widget-text-editor\" data-id=\"7e7bacb\" data-element_type=\"widget\" data-e-type=\"widget\" data-widget_type=\"text-editor.default\">\n\t\t\t\t<div class=\"elementor-widget-container\">\n\t\t\t\t\t\t\t\t\t<p>D\u00e9couvrez comment votre abonnement Mapsly s'adapte pour prendre en charge l'utilisation de diff\u00e9rentes fonctionnalit\u00e9s Mapsly.<\/p>\t\t\t\t\t\t\t\t<\/div>\n\t\t\t\t<\/div>\n\t\t\t\t<div class=\"elementor-element elementor-element-5faf514d text-ed-subpr elementor-widget elementor-widget-text-editor\" data-id=\"5faf514d\" data-element_type=\"widget\" data-e-type=\"widget\" data-widget_type=\"text-editor.default\">\n\t\t\t\t<div class=\"elementor-widget-container\">\n\t\t\t\t\t\t\t\t\t\n<p>Les plans tarifaires de Mapsly imposent des limites standard sur l'utilisation du routage, de l'automatisation, de l'API et des territoires, qui peuvent \u00eatre augment\u00e9es en passant \u00e0 un plan sup\u00e9rieur ou en appliquant des modules compl\u00e9mentaires selon la limite, comme d\u00e9crit ci-dessous.<\/p>\n\n<h2 class=\"wp-block-heading\">Limites de routage (quotidiennes)<\/h2>\n\n<p>Le nombre total maximum d'itin\u00e9raires que tous vos utilisateurs peuvent cr\u00e9er combin\u00e9s en une journ\u00e9e calendaire d\u00e9butant \u00e0 00:00 UTC d\u00e9pend du plan d'abonnement\u00a0:<\/p>\n\n<ul class=\"wp-block-list\">\n<li>activ\u00e9 <strong>Essential<\/strong>100 itin\u00e9raires * nombre d'utilisateurs<\/li>\n\n<li>activ\u00e9 <strong>Pro<\/strong>500 itin\u00e9raires * nombre d\u2019utilisateurs<\/li>\n\n<li>activ\u00e9 <strong>Enterprise<\/strong>: illimit\u00e9.<\/li>\n<\/ul>\n\n<p>Pour augmenter cette limite, passez \u00e0 un forfait sup\u00e9rieur.<\/p>\n\n<h2 class=\"wp-block-heading\">Limites de territoire (Statique)<\/h2>\n\n<p>Ces limites d\u00e9finissent la valeur maximale que les m\u00e9triques indiqu\u00e9es peuvent avoir \u00e0 tout moment, et s'appliquent \u00e0 la <strong>Pro <\/strong>et <strong>Enterprise <\/strong>plans. <strong>Essential <\/strong>n'inclut pas les territoires).<\/p>\n\n<figure class=\"wp-block-table\">\n<table>\n<tbody>\n<tr>\n<td><strong>M\u00e9trique<\/strong><\/td>\n<td><strong>Inclus<\/strong><\/td>\n<td><strong><strong>Taille d'incr\u00e9ment<\/strong><\/strong><\/td>\n<td><strong>Prix par <strong>increment<\/strong><\/strong><\/td>\n<\/tr>\n<tr>\n<td>Territoires d'affectation*<\/td>\n<td>50<\/td>\n<td>50<\/td>\n<td>$25<\/td>\n<\/tr>\n<tr>\n<td>M\u00e9trique de territoire calcul\u00e9e**<\/td>\n<td>100<\/td>\n<td>50<\/td>\n<td>$25<\/td>\n<\/tr>\n<\/tbody>\n<\/table>\n<\/figure>\n\n<p>(*) Un <em>territoire d'affectation <\/em>est un territoire auquel les enregistrements sont automatiquement attribu\u00e9s. Tous les territoires d'un groupe de territoires marqu\u00e9 comme <em>Attribuer des enregistrements<\/em> <em>aux territoires de ce groupe<\/em> sont des territoires d'affectation et comptent dans cette limite. Un exemple de territoires non affect\u00e9s qui ne comptent pas dans cette limite est un groupe de territoires construit \u00e0 partir de la biblioth\u00e8que g\u00e9ographique pour consulter des m\u00e9triques d\u00e9mographiques (qui n'est pas marqu\u00e9 comme <em>Attribuer des enregistrements aux territoires de ce groupe<\/em>).<\/p>\n\n<p>(**) A <em>m\u00e9trique de territoire calcul\u00e9e<\/em> est une m\u00e9trique personnalis\u00e9e calcul\u00e9e \u00e0 partir des donn\u00e9es des enregistrements situ\u00e9s dans un territoire. Par exemple, vous pouvez avoir une telle m\u00e9trique dans un groupe de 100 territoires, ou 5 m\u00e9triques dans un groupe de 20, ou 10 m\u00e9triques dans un groupe de 10. (Les m\u00e9triques d\u00e9mographiques ne sont pas calcul\u00e9es, elles comptent donc dans cette limite.)<\/p>\n\n<p>Lorsque vous ajoutez des territoires ou des m\u00e9triques au-del\u00e0 de la limite, Mapsly vous demandera de confirmer l'application des modules compl\u00e9mentaires appropri\u00e9s pour adapter votre utilisation r\u00e9elle.<\/p>\n\n<h2 class=\"wp-block-heading\">Limites API et automatisation (quotidiennes)<\/h2>\n\n<p>Ces limites d\u00e9finissent le nombre maximal d'appels (ex\u00e9cutions) par jour calendaire commen\u00e7ant \u00e0 00:00 UTC, et s'appliquent \u00e0 la <strong>Pro <\/strong>et <strong>Enterprise <\/strong>plans. <strong>Essential <\/strong>n'inclut pas l'acc\u00e8s \u00e0 l'automatisation ni \u00e0 l'API).<\/p>\n\n<figure class=\"wp-block-table\">\n<table>\n<tbody>\n<tr>\n<td><strong>M\u00e9trique<\/strong><\/td>\n<td><strong>Inclus<\/strong><\/td>\n<td><strong>Taille d'incr\u00e9ment<\/strong><\/td>\n<td><strong>Prix par incr\u00e9ment<\/strong><\/td>\n<\/tr>\n<tr>\n<td>R\u00e8gles de flux de travail<\/td>\n<td>5,000<\/td>\n<td>5,000<\/td>\n<td>$25<\/td>\n<\/tr>\n<tr>\n<td>API Entrante<\/td>\n<td>5,000<\/td>\n<td>5,000<\/td>\n<td>$25<\/td>\n<\/tr>\n<tr>\n<td>Webhooks sortants<\/td>\n<td>5,000<\/td>\n<td>5,000<\/td>\n<td>$25<\/td>\n<\/tr>\n<tr>\n<td>Fonctions personnalis\u00e9es<\/td>\n<td>1,000<\/td>\n<td>1,000<\/td>\n<td>$25<\/td>\n<\/tr>\n<tr>\n<td>actions \u00ab\u00a0Envoyer un e-mail\u00a0\u00bb<\/td>\n<td>500<\/td>\n<td>500<\/td>\n<td>$25<\/td>\n<\/tr>\n<tr>\n<td>Ex\u00e9cutions des actions \u00ab\u00a0Match records\u00a0\u00bb qui utilisent la distance ou le temps de d\u00e9placement, et appels combin\u00e9s \u00e0 TravelingDistance\/TravelingTime<\/td>\n<td>1,000<\/td>\n<td>1,000<\/td>\n<td>$25<\/td>\n<\/tr>\n<\/tbody>\n<\/table>\n<\/figure>\n\n<p>Selon votre pr\u00e9f\u00e9rence, lorsqu'une limite est atteinte, Mapsly effectuera l'une des actions suivantes :<\/p>\n\n<ul class=\"wp-block-list\">\n<li>Les r\u00e8gles de workflow, les actions et les appels API affect\u00e9s par la limite atteinte \u00e9choueront jusqu'\u00e0 la fin de la journ\u00e9e en cours, et reprendront lorsque la limite sera r\u00e9initialis\u00e9e.<\/li>\n\n<li>Mapsly peut automatiquement appliquer les modules compl\u00e9mentaires appropri\u00e9s qui augmenteront imm\u00e9diatement cette limite pour \u00e9viter les \u00e9checs. Bien que la limite soit relev\u00e9e imm\u00e9diatement, le prix de l'abonnement mis \u00e0 jour ne sera factur\u00e9 qu'\u00e0 la prochaine date de facturation, vous offrant une p\u00e9riode de gr\u00e2ce pour d\u00e9cider si vous souhaitez conserver ce nouveau niveau d'automatisation ou le r\u00e9duire \u00e0 l'ancien niveau et demander la suppression de ces modules compl\u00e9mentaires.<\/li>\n<\/ul>\n\n<p>Veuillez noter qu'une fois appliqu\u00e9s, les modules compl\u00e9mentaires ne sont pas automatiquement supprim\u00e9s si votre utilisation diminue et que vous n'avez plus besoin des limites relev\u00e9es. Si vous souhaitez supprimer un module compl\u00e9mentaire, veuillez nous contacter via le chat pour demander sa suppression.<\/p>\n\t\t\t\t\t\t\t\t<\/div>\n\t\t\t\t<\/div>\n\t\t\t\t\t<\/div>\n\t\t\t\t<\/div>\n\t\t\t\t<\/div>","protected":false},"excerpt":{"rendered":"<p>D\u00e9couvrez comment votre abonnement Mapsly s'ajuste pour s'adapter \u00e0 votre utilisation des diff\u00e9rentes fonctionnalit\u00e9s de Mapsly. Les plans tarifaires Mapsly imposent des limites standard sur l'utilisation du routage, de l'automatisation, de l'API et des territoires, qui peuvent \u00eatre augment\u00e9es en passant \u00e0 un plan sup\u00e9rieur ou en appliquant des modules compl\u00e9mentaires selon la limite, comme d\u00e9crit ci-dessous. Limites de routage (quotidiennes) Le total maximum de nombre [&hellip;]<\/p>","protected":false},"author":1,"featured_media":0,"parent":0,"menu_order":0,"comment_status":"closed","ping_status":"closed","template":"","meta":{"_acf_changed":false,"footnotes":""},"class_list":["post-432","page","type-page","status-publish","hentry"],"acf":[],"yoast_head":"<!-- This site is optimized with the Yoast SEO plugin v26.6 - https:\/\/yoast.com\/wordpress\/plugins\/seo\/ -->\n<title>Usage Limits and Add-ons - Mapsly<\/title>\n<meta name=\"robots\" content=\"index, follow, max-snippet:-1, max-image-preview:large, max-video-preview:-1\" \/>\n<link rel=\"canonical\" href=\"https:\/\/mapsly.com\/fr\/usage-limits-and-add-ons\/\" \/>\n<meta property=\"og:locale\" content=\"fr_FR\" \/>\n<meta property=\"og:type\" content=\"article\" \/>\n<meta property=\"og:title\" content=\"Usage Limits and Add-ons - Mapsly\" \/>\n<meta property=\"og:description\" content=\"Learn how your Mapsly subscription adjusts to accommodate your usage of various Mapsly features Mapsly pricing plans impose standard limits on usage of routing, automation, API and territories that can be raised by upgrading to a higher plan or applying add-ons depending on the limit, as described below. Routing Limits (Daily) The maximum total number [&hellip;]\" \/>\n<meta property=\"og:url\" content=\"https:\/\/mapsly.com\/fr\/usage-limits-and-add-ons\/\" \/>\n<meta property=\"og:site_name\" content=\"Mapsly\" \/>\n<meta property=\"article:modified_time\" content=\"2025-10-19T20:57:18+00:00\" \/>\n<meta name=\"twitter:card\" content=\"summary_large_image\" \/>\n<meta name=\"twitter:label1\" content=\"Dur\u00e9e de lecture estim\u00e9e\" \/>\n\t<meta name=\"twitter:data1\" content=\"3 minutes\" \/>\n<script type=\"application\/ld+json\" class=\"yoast-schema-graph\">{\"@context\":\"https:\/\/schema.org\",\"@graph\":[{\"@type\":\"WebPage\",\"@id\":\"https:\/\/mapsly.com\/zh\/usage-limits-and-add-ons\/\",\"url\":\"https:\/\/mapsly.com\/zh\/usage-limits-and-add-ons\/\",\"name\":\"Usage Limits and Add-ons - Mapsly\",\"isPartOf\":{\"@id\":\"https:\/\/mapsly.com\/#website\"},\"datePublished\":\"2025-06-26T14:07:05+00:00\",\"dateModified\":\"2025-10-19T20:57:18+00:00\",\"breadcrumb\":{\"@id\":\"https:\/\/mapsly.com\/zh\/usage-limits-and-add-ons\/#breadcrumb\"},\"inLanguage\":\"fr-FR\",\"potentialAction\":[{\"@type\":\"ReadAction\",\"target\":[\"https:\/\/mapsly.com\/zh\/usage-limits-and-add-ons\/\"]}]},{\"@type\":\"BreadcrumbList\",\"@id\":\"https:\/\/mapsly.com\/zh\/usage-limits-and-add-ons\/#breadcrumb\",\"itemListElement\":[{\"@type\":\"ListItem\",\"position\":1,\"name\":\"Home\",\"item\":\"https:\/\/mapsly.com\/\"},{\"@type\":\"ListItem\",\"position\":2,\"name\":\"Usage Limits and Add-ons\"}]},{\"@type\":\"WebSite\",\"@id\":\"https:\/\/mapsly.com\/#website\",\"url\":\"https:\/\/mapsly.com\/\",\"name\":\"Mapsly\",\"description\":\"The Ultimate CRM Map\",\"publisher\":{\"@id\":\"https:\/\/mapsly.com\/#organization\"},\"potentialAction\":[{\"@type\":\"SearchAction\",\"target\":{\"@type\":\"EntryPoint\",\"urlTemplate\":\"https:\/\/mapsly.com\/?s={search_term_string}\"},\"query-input\":{\"@type\":\"PropertyValueSpecification\",\"valueRequired\":true,\"valueName\":\"search_term_string\"}}],\"inLanguage\":\"fr-FR\"},{\"@type\":\"Organization\",\"@id\":\"https:\/\/mapsly.com\/#organization\",\"name\":\"Mapsly\",\"url\":\"https:\/\/mapsly.com\/\",\"logo\":{\"@type\":\"ImageObject\",\"inLanguage\":\"fr-FR\",\"@id\":\"https:\/\/mapsly.com\/#\/schema\/logo\/image\/\",\"url\":\"https:\/\/mapsly.com\/wp-content\/uploads\/2025\/06\/Mapsly-Logo-2x-BIG.png\",\"contentUrl\":\"https:\/\/mapsly.com\/wp-content\/uploads\/2025\/06\/Mapsly-Logo-2x-BIG.png\",\"width\":280,\"height\":85,\"caption\":\"Mapsly\"},\"image\":{\"@id\":\"https:\/\/mapsly.com\/#\/schema\/logo\/image\/\"}}]}<\/script>\n<!-- \/ Yoast SEO plugin. -->","yoast_head_json":{"title":"Limites d\u2019utilisation et modules compl\u00e9mentaires - Mapsly","robots":{"index":"index","follow":"follow","max-snippet":"max-snippet:-1","max-image-preview":"max-image-preview:large","max-video-preview":"max-video-preview:-1"},"canonical":"https:\/\/mapsly.com\/fr\/usage-limits-and-add-ons\/","og_locale":"fr_FR","og_type":"article","og_title":"Usage Limits and Add-ons - Mapsly","og_description":"Learn how your Mapsly subscription adjusts to accommodate your usage of various Mapsly features Mapsly pricing plans impose standard limits on usage of routing, automation, API and territories that can be raised by upgrading to a higher plan or applying add-ons depending on the limit, as described below. Routing Limits (Daily) The maximum total number [&hellip;]","og_url":"https:\/\/mapsly.com\/fr\/usage-limits-and-add-ons\/","og_site_name":"Mapsly","article_modified_time":"2025-10-19T20:57:18+00:00","twitter_card":"summary_large_image","twitter_misc":{"Dur\u00e9e de lecture estim\u00e9e":"3 minutes"},"schema":{"@context":"https:\/\/schema.org","@graph":[{"@type":"WebPage","@id":"https:\/\/mapsly.com\/zh\/usage-limits-and-add-ons\/","url":"https:\/\/mapsly.com\/zh\/usage-limits-and-add-ons\/","name":"Limites d\u2019utilisation et modules compl\u00e9mentaires - Mapsly","isPartOf":{"@id":"https:\/\/mapsly.com\/#website"},"datePublished":"2025-06-26T14:07:05+00:00","dateModified":"2025-10-19T20:57:18+00:00","breadcrumb":{"@id":"https:\/\/mapsly.com\/zh\/usage-limits-and-add-ons\/#breadcrumb"},"inLanguage":"fr-FR","potentialAction":[{"@type":"ReadAction","target":["https:\/\/mapsly.com\/zh\/usage-limits-and-add-ons\/"]}]},{"@type":"BreadcrumbList","@id":"https:\/\/mapsly.com\/zh\/usage-limits-and-add-ons\/#breadcrumb","itemListElement":[{"@type":"ListItem","position":1,"name":"Home","item":"https:\/\/mapsly.com\/"},{"@type":"ListItem","position":2,"name":"Usage Limits and Add-ons"}]},{"@type":"WebSite","@id":"https:\/\/mapsly.com\/#website","url":"https:\/\/mapsly.com\/","name":"Mapsly","description":"La carte CRM ultime","publisher":{"@id":"https:\/\/mapsly.com\/#organization"},"potentialAction":[{"@type":"SearchAction","target":{"@type":"EntryPoint","urlTemplate":"https:\/\/mapsly.com\/?s={search_term_string}"},"query-input":{"@type":"PropertyValueSpecification","valueRequired":true,"valueName":"search_term_string"}}],"inLanguage":"fr-FR"},{"@type":"Organization","@id":"https:\/\/mapsly.com\/#organization","name":"Mapsly","url":"https:\/\/mapsly.com\/","logo":{"@type":"ImageObject","inLanguage":"fr-FR","@id":"https:\/\/mapsly.com\/#\/schema\/logo\/image\/","url":"https:\/\/mapsly.com\/wp-content\/uploads\/2025\/06\/Mapsly-Logo-2x-BIG.png","contentUrl":"https:\/\/mapsly.com\/wp-content\/uploads\/2025\/06\/Mapsly-Logo-2x-BIG.png","width":280,"height":85,"caption":"Mapsly"},"image":{"@id":"https:\/\/mapsly.com\/#\/schema\/logo\/image\/"}}]}},"_links":{"self":[{"href":"https:\/\/mapsly.com\/fr\/wp-json\/wp\/v2\/pages\/432","targetHints":{"allow":["GET"]}}],"collection":[{"href":"https:\/\/mapsly.com\/fr\/wp-json\/wp\/v2\/pages"}],"about":[{"href":"https:\/\/mapsly.com\/fr\/wp-json\/wp\/v2\/types\/page"}],"author":[{"embeddable":true,"href":"https:\/\/mapsly.com\/fr\/wp-json\/wp\/v2\/users\/1"}],"replies":[{"embeddable":true,"href":"https:\/\/mapsly.com\/fr\/wp-json\/wp\/v2\/comments?post=432"}],"version-history":[{"count":14,"href":"https:\/\/mapsly.com\/fr\/wp-json\/wp\/v2\/pages\/432\/revisions"}],"predecessor-version":[{"id":22261,"href":"https:\/\/mapsly.com\/fr\/wp-json\/wp\/v2\/pages\/432\/revisions\/22261"}],"wp:attachment":[{"href":"https:\/\/mapsly.com\/fr\/wp-json\/wp\/v2\/media?parent=432"}],"curies":[{"name":"wp","href":"https:\/\/api.w.org\/{rel}","templated":true}]}}