{"id":382,"date":"2025-06-26T16:59:24","date_gmt":"2025-06-26T13:59:24","guid":{"rendered":"https:\/\/mapsly.com?page_id=382"},"modified":"2025-12-16T14:35:50","modified_gmt":"2025-12-16T11:35:50","slug":"map-for-real-estate-agencies","status":"publish","type":"page","link":"https:\/\/mapsly.com\/fr\/map-for-real-estate-agencies\/","title":{"rendered":"Carte personnalis\u00e9e &#038; automatisation pour les agences immobili\u00e8res"},"content":{"rendered":"<div data-elementor-type=\"wp-page\" data-elementor-id=\"382\" class=\"elementor elementor-382\" data-elementor-post-type=\"page\">\n\t\t\t\t\t\t<section class=\"elementor-section elementor-top-section elementor-element elementor-element-6f82c101 elementor-section-boxed elementor-section-height-default elementor-section-height-default\" data-id=\"6f82c101\" data-element_type=\"section\" data-e-type=\"section\">\n\t\t\t\t\t\t<div class=\"elementor-container elementor-column-gap-default\">\n\t\t\t\t\t<div class=\"elementor-column elementor-col-100 elementor-top-column elementor-element elementor-element-71952e8a\" data-id=\"71952e8a\" data-element_type=\"column\" data-e-type=\"column\">\n\t\t\t<div class=\"elementor-widget-wrap elementor-element-populated\">\n\t\t\t\t\t\t<div class=\"elementor-element elementor-element-faa5760 elementor-widget elementor-widget-heading\" data-id=\"faa5760\" data-element_type=\"widget\" data-e-type=\"widget\" data-widget_type=\"heading.default\">\n\t\t\t\t<div class=\"elementor-widget-container\">\n\t\t\t\t\t<h2 class=\"elementor-heading-title elementor-size-default\">Carte personnalis\u00e9e &amp; automatisation pour les agences immobili\u00e8res\n<\/h2>\t\t\t\t<\/div>\n\t\t\t\t<\/div>\n\t\t\t\t<div class=\"elementor-element elementor-element-b24459b elementor-widget elementor-widget-heading\" data-id=\"b24459b\" data-element_type=\"widget\" data-e-type=\"widget\" data-widget_type=\"heading.default\">\n\t\t\t\t<div class=\"elementor-widget-container\">\n\t\t\t\t\t<p class=\"elementor-heading-title elementor-size-default\">Automatisez l'attribution des biens immobiliers aux clients et offrez-leur un portail avec une carte personnalis\u00e9e de leurs propri\u00e9t\u00e9s.\n<\/p>\t\t\t\t<\/div>\n\t\t\t\t<\/div>\n\t\t\t\t<div class=\"elementor-element elementor-element-4c79d2d5 elementor-widget elementor-widget-text-editor\" data-id=\"4c79d2d5\" data-element_type=\"widget\" data-e-type=\"widget\" data-widget_type=\"text-editor.default\">\n\t\t\t\t<div class=\"elementor-widget-container\">\n\t\t\t\t\t\t\t\t\t<p><span style=\"color: var( --e-global-color-text ); font-family: var( --e-global-typography-text-font-family ), Sans-serif; font-weight: var( --e-global-typography-text-font-weight ); letter-spacing: 0px;\">Les agences immobili\u00e8res qui aident les clients \u00e0 trouver des biens selon des crit\u00e8res sp\u00e9cifiques peuvent utiliser Mapsly.<\/span><\/p>\n<ul>\n<li>pour automatiser la recherche et l'affectation des propri\u00e9t\u00e9s aux clients<\/li>\n<li>et pour offrir une carte interactive personnalis\u00e9e dans un portail client qui affiche les propri\u00e9t\u00e9s attribu\u00e9es \u00e0 un client particulier et qui se met \u00e0 jour en temps r\u00e9el lorsque de nouvelles propri\u00e9t\u00e9s sont attribu\u00e9es ou que des attributions existantes sont supprim\u00e9es.<\/li>\n<\/ul>\n<h2>Attribution automatique de biens aux clients<\/h2>\n<p>En utilisant <a href=\"https:\/\/mapsly.com\/fr\/automation\/\">Mapsly suite d'automatisation<\/a> et son <a href=\"https:\/\/mapsly.com\/fr\/match-records\/\"><em>Faire correspondre les enregistrements<\/em> action<\/a>Vous pouvez mettre en \u0153uvre les processus enti\u00e8rement automatis\u00e9s suivants:<\/p>\n<ul>\n<li>lorsqu'un nouveau, <strong>client <\/strong>Une fois ajout\u00e9 au CRM, Mapsly peut automatiquement trouver toutes les propri\u00e9t\u00e9s correspondant aux pr\u00e9f\u00e9rences du client, y compris la distance maximale de conduite, les assigner au client et envoyer par e-mail la liste des propri\u00e9t\u00e9s nouvellement assign\u00e9es au client ainsi qu'\u00e0 son account executive;<\/li>\n<li>de plus, lorsqu'un nouveau, <strong>propri\u00e9t\u00e9 <\/strong>Une fois ajout\u00e9 au CRM, Mapsly peut automatiquement trouver tous les clients dont les pr\u00e9f\u00e9rences correspondent \u00e0 la propri\u00e9t\u00e9, leur affecter celle-ci et les en informer.<\/li>\n<\/ul>\n<p><span style=\"color: #222d39; font-family: inherit; font-size: 2rem; font-weight: bold; letter-spacing: 0px;\">Carte interactive personnalis\u00e9e<\/span><\/p>\n<p>Avec Mapsly, <a href=\"\/fr\/shared-interactive-maps\/\">cartes partag\u00e9es<\/a> Gr\u00e2ce aux param\u00e8tres URL, vous pouvez cr\u00e9er des cartes interactives personnalis\u00e9es avec un contenu sp\u00e9cifiquement adapt\u00e9 \u00e0 chacun de vos clients. Vous pouvez ensuite int\u00e9grer une telle carte dans un portail client, une application web ou mobile, ou l\u2019envoyer par e-mail sous forme de lien.<\/p>\n<p>Si vous n'avez pas encore de portail client, vous pouvez le configurer en 10 minutes en utilisant <a href=\"https:\/\/www.zoho.com\/creator\/online-customer-portal\/\">Zoho Creator Portal<\/a> Avec seulement quelques lignes de code fournies dans notre guide, ou une solution similaire de portail client.<\/p>\n<p>Vous pouvez \u00e9galement ajouter des boutons et des formulaires \u00e0 vos objets sur la carte pour permettre \u00e0 vos clients de demander \u00e0 visualiser une propri\u00e9t\u00e9 et d'ex\u00e9cuter tout autre processus pouvant \u00eatre impl\u00e9ment\u00e9 avec <a href=\"\/fr\/automation\/\">Mapsly suite d'automatisation<\/a>Toutes les fonctionnalit\u00e9s de Mapsly sauf routing et prospecting peuvent \u00eatre activ\u00e9es sur ce type de cartes personnalis\u00e9es.<\/p>\n<figure class=\"wp-block-pullquote\">\n<blockquote>\n<p>L'\u00e9quipe d'impl\u00e9mentation de Mapsly construira l'ensemble du processus dans Mapsly,<br \/>pour que vous puissiez vous concentrer sur votre entreprise.<br \/><a href=\"https:\/\/calendly.com\/mapsly-meeting\/quick-demo\" target=\"_blank\" rel=\"noopener\">Planifiez un appel web d\u00e8s aujourd'hui<\/a>.<\/p>\n<p><cite>Ou demandez-nous n'importe quoi dans le chat, nous sommes toujours en ligne<\/cite><\/p>\n<\/blockquote>\n<\/figure>\n<h2>D\u00e9mo\u00a0: portail client avec carte personnalis\u00e9e<\/h2>\n<p><span style=\"color: var( --e-global-color-text ); font-family: var( --e-global-typography-text-font-family ), Sans-serif; font-weight: var( --e-global-typography-text-font-weight ); letter-spacing: 0px;\">Une carte personnalis\u00e9e peut \u00eatre int\u00e9gr\u00e9e dans n'importe quelle solution de portail. Dans cet exemple, une carte est ajout\u00e9e \u00e0 un portail client. <\/span><a style=\"font-family: var( --e-global-typography-text-font-family ), Sans-serif; font-weight: var( --e-global-typography-text-font-weight ); letter-spacing: 0px; background-color: #ffffff;\" href=\"https:\/\/help.mapsly.com\/articles\/5489056?_ga=2.41460582.536852451.1632143928-264234993.1632143928\">Cr\u00e9\u00e9 en 10 minutes avec Zoho Creator Portal<\/a><span style=\"color: var( --e-global-color-text ); font-family: var( --e-global-typography-text-font-family ), Sans-serif; font-weight: var( --e-global-typography-text-font-weight ); letter-spacing: 0px;\">, qui est disponible \u00e0 la fois en tant qu'application web et en tant qu'application mobile.<\/span><\/p>\n<p><span style=\"color: var( --e-global-color-text ); font-family: var( --e-global-typography-text-font-family ), Sans-serif; font-weight: var( --e-global-typography-text-font-weight ); letter-spacing: 0px;\">When a <\/span><em style=\"color: var( --e-global-color-text ); font-family: var( --e-global-typography-text-font-family ), Sans-serif; font-weight: var( --e-global-typography-text-font-weight ); letter-spacing: 0px;\">Client<\/em><span style=\"color: var( --e-global-color-text ); font-family: var( --e-global-typography-text-font-family ), Sans-serif; font-weight: var( --e-global-typography-text-font-weight ); letter-spacing: 0px;\"> Lorsqu'un enregistrement est ajout\u00e9 \u00e0 un CRM, Mapsly g\u00e9n\u00e8re automatiquement un lien de carte personnalis\u00e9 sign\u00e9 qui affiche les enregistrements de propri\u00e9t\u00e9s attribu\u00e9s \u00e0 ce client particulier et enregistre le client dans le Portail. Lorsque le client se connecte au Portail avec son email, il voit la carte sur la page Carte. En plus de pouvoir cliquer sur les marqueurs de la carte pour consulter les donn\u00e9es des enregistrements, le client peut appuyer sur \"Programmer une visite\" dans la fen\u00eatre contextuelle de la carte pour soumettre une demande de visite d'une propri\u00e9t\u00e9 que Mapsly cr\u00e9era en tant qu'enregistrement dans le CRM.<\/span><\/p>\n<p><span style=\"color: var( --e-global-color-text ); font-family: var( --e-global-typography-text-font-family ), Sans-serif; font-weight: var( --e-global-typography-text-font-weight ); letter-spacing: 0px;\">\u00a0<\/span><\/p>\n<div class=\"wp-block-buttons is-content-justification-center\">\n<p><\/p>\n<div class=\"wp-block-button is-style-fill\"><a class=\"wp-block-button__link\" href=\"https:\/\/sampleco.zohocreatorportal.com\/\" target=\"_blank\" rel=\"noreferrer noopener\">Aller au portail client de d\u00e9monstration<\/a><\/div>\n<p><\/p>\n<\/div>\n<p><!-- \/wp:buttons --><\/p>\n<p><span style=\"color: #222d39; font-family: inherit; font-size: 2rem; font-weight: bold; letter-spacing: 0px;\">En savoir plus<\/span><\/p>\n<p><a href=\"https:\/\/help.mapsly.com\/articles\/5386021\">Guide \u00e9tape par \u00e9tape : cr\u00e9ez une carte personnalis\u00e9e accessible via un lien<\/a>.<\/p>\n<p><a href=\"https:\/\/help.mapsly.com\/articles\/5489056\">Guide \u00e9tape par \u00e9tape : configurez un portail Zoho Creator avec une carte personnalis\u00e9e en 10 minutes<\/a>.<\/p>\n<p><a href=\"https:\/\/help.mapsly.com\/articles\/5510049\">Guide \u00e9tape par \u00e9tape : configurez l'inscription automatique de vos clients sur le portail client de Zoho Creator<\/a>.<\/p>\n<h2>R\u00e9servez une d\u00e9mo en direct avec un ing\u00e9nieur solutions<\/h2>\n<p><a href=\"https:\/\/calendly.com\/mapsly-meeting\/quick-demo\" target=\"_blank\" rel=\"noopener\">Planifiez un appel web avec un ing\u00e9nieur de Mapsly<\/a> pour discuter en d\u00e9tail de votre cas d'utilisation et configurer votre compte Mapsly ainsi que les cartes partag\u00e9es.<\/p>\t\t\t\t\t\t\t\t<\/div>\n\t\t\t\t<\/div>\n\t\t\t\t\t<\/div>\n\t\t<\/div>\n\t\t\t\t\t<\/div>\n\t\t<\/section>\n\t\t\t\t<\/div>","protected":false},"excerpt":{"rendered":"<p>Personalized Map &amp; Automation for Real-Estate Agencies Automate matching of real-estate properties to customers and offer them a portal with a personalized map of their properties Real-estate agencies that help customers find properties by parameters may use Mapsly to automate the search and assignment of properties to customers, and to offer a personalized interactive map [&hellip;]<\/p>","protected":false},"author":1,"featured_media":0,"parent":0,"menu_order":0,"comment_status":"closed","ping_status":"closed","template":"elementor_header_footer","meta":{"_acf_changed":false,"footnotes":""},"class_list":["post-382","page","type-page","status-publish","hentry"],"acf":[],"yoast_head":"<!-- This site is optimized with the Yoast SEO plugin v26.6 - https:\/\/yoast.com\/wordpress\/plugins\/seo\/ -->\n<title>Personalized Map &amp; Automation for Real-Estate Agencies - Mapsly<\/title>\n<meta name=\"description\" content=\"Automate matching of real-estate properties to customers and offer them a portal with a personalized map of their properties\" \/>\n<meta name=\"robots\" content=\"index, follow, max-snippet:-1, max-image-preview:large, max-video-preview:-1\" \/>\n<link rel=\"canonical\" href=\"https:\/\/mapsly.com\/fr\/map-for-real-estate-agencies\/\" \/>\n<meta property=\"og:locale\" content=\"fr_FR\" \/>\n<meta property=\"og:type\" content=\"article\" \/>\n<meta property=\"og:title\" content=\"Personalized Map &amp; Automation for Real-Estate Agencies - Mapsly\" \/>\n<meta property=\"og:description\" content=\"Automate matching of real-estate properties to customers and offer them a portal with a personalized map of their properties\" \/>\n<meta property=\"og:url\" content=\"https:\/\/mapsly.com\/fr\/map-for-real-estate-agencies\/\" \/>\n<meta property=\"og:site_name\" content=\"Mapsly\" \/>\n<meta property=\"article:modified_time\" content=\"2025-12-16T11:35:50+00:00\" \/>\n<meta name=\"twitter:card\" content=\"summary_large_image\" \/>\n<meta name=\"twitter:label1\" content=\"Dur\u00e9e de lecture estim\u00e9e\" \/>\n\t<meta name=\"twitter:data1\" content=\"3 minutes\" \/>\n<script type=\"application\/ld+json\" class=\"yoast-schema-graph\">{\"@context\":\"https:\/\/schema.org\",\"@graph\":[{\"@type\":\"WebPage\",\"@id\":\"https:\/\/mapsly.com\/de\/map-for-real-estate-agencies\/\",\"url\":\"https:\/\/mapsly.com\/de\/map-for-real-estate-agencies\/\",\"name\":\"Personalized Map & Automation for Real-Estate Agencies - Mapsly\",\"isPartOf\":{\"@id\":\"https:\/\/mapsly.com\/#website\"},\"datePublished\":\"2025-06-26T13:59:24+00:00\",\"dateModified\":\"2025-12-16T11:35:50+00:00\",\"description\":\"Automate matching of real-estate properties to customers and offer them a portal with a personalized map of their properties\",\"breadcrumb\":{\"@id\":\"https:\/\/mapsly.com\/de\/map-for-real-estate-agencies\/#breadcrumb\"},\"inLanguage\":\"fr-FR\",\"potentialAction\":[{\"@type\":\"ReadAction\",\"target\":[\"https:\/\/mapsly.com\/de\/map-for-real-estate-agencies\/\"]}]},{\"@type\":\"BreadcrumbList\",\"@id\":\"https:\/\/mapsly.com\/de\/map-for-real-estate-agencies\/#breadcrumb\",\"itemListElement\":[{\"@type\":\"ListItem\",\"position\":1,\"name\":\"Home\",\"item\":\"https:\/\/mapsly.com\/\"},{\"@type\":\"ListItem\",\"position\":2,\"name\":\"Personalized Map &#038; Automation for Real-Estate Agencies\"}]},{\"@type\":\"WebSite\",\"@id\":\"https:\/\/mapsly.com\/#website\",\"url\":\"https:\/\/mapsly.com\/\",\"name\":\"Mapsly\",\"description\":\"The Ultimate CRM Map\",\"publisher\":{\"@id\":\"https:\/\/mapsly.com\/#organization\"},\"potentialAction\":[{\"@type\":\"SearchAction\",\"target\":{\"@type\":\"EntryPoint\",\"urlTemplate\":\"https:\/\/mapsly.com\/?s={search_term_string}\"},\"query-input\":{\"@type\":\"PropertyValueSpecification\",\"valueRequired\":true,\"valueName\":\"search_term_string\"}}],\"inLanguage\":\"fr-FR\"},{\"@type\":\"Organization\",\"@id\":\"https:\/\/mapsly.com\/#organization\",\"name\":\"Mapsly\",\"url\":\"https:\/\/mapsly.com\/\",\"logo\":{\"@type\":\"ImageObject\",\"inLanguage\":\"fr-FR\",\"@id\":\"https:\/\/mapsly.com\/#\/schema\/logo\/image\/\",\"url\":\"https:\/\/mapsly.com\/wp-content\/uploads\/2025\/06\/Mapsly-Logo-2x-BIG.png\",\"contentUrl\":\"https:\/\/mapsly.com\/wp-content\/uploads\/2025\/06\/Mapsly-Logo-2x-BIG.png\",\"width\":280,\"height\":85,\"caption\":\"Mapsly\"},\"image\":{\"@id\":\"https:\/\/mapsly.com\/#\/schema\/logo\/image\/\"}}]}<\/script>\n<!-- \/ Yoast SEO plugin. -->","yoast_head_json":{"title":"Carte Personnalis\u00e9e &amp; Automatisation pour Agences Immobili\u00e8res - Mapsly","description":"Automatisez l'attribution des biens immobiliers aux clients et offrez-leur un portail avec une carte personnalis\u00e9e de leurs propri\u00e9t\u00e9s.","robots":{"index":"index","follow":"follow","max-snippet":"max-snippet:-1","max-image-preview":"max-image-preview:large","max-video-preview":"max-video-preview:-1"},"canonical":"https:\/\/mapsly.com\/fr\/map-for-real-estate-agencies\/","og_locale":"fr_FR","og_type":"article","og_title":"Personalized Map & Automation for Real-Estate Agencies - Mapsly","og_description":"Automate matching of real-estate properties to customers and offer them a portal with a personalized map of their properties","og_url":"https:\/\/mapsly.com\/fr\/map-for-real-estate-agencies\/","og_site_name":"Mapsly","article_modified_time":"2025-12-16T11:35:50+00:00","twitter_card":"summary_large_image","twitter_misc":{"Dur\u00e9e de lecture estim\u00e9e":"3 minutes"},"schema":{"@context":"https:\/\/schema.org","@graph":[{"@type":"WebPage","@id":"https:\/\/mapsly.com\/de\/map-for-real-estate-agencies\/","url":"https:\/\/mapsly.com\/de\/map-for-real-estate-agencies\/","name":"Carte Personnalis\u00e9e &amp; Automatisation pour Agences Immobili\u00e8res - Mapsly","isPartOf":{"@id":"https:\/\/mapsly.com\/#website"},"datePublished":"2025-06-26T13:59:24+00:00","dateModified":"2025-12-16T11:35:50+00:00","description":"Automatisez l'attribution des biens immobiliers aux clients et offrez-leur un portail avec une carte personnalis\u00e9e de leurs propri\u00e9t\u00e9s.","breadcrumb":{"@id":"https:\/\/mapsly.com\/de\/map-for-real-estate-agencies\/#breadcrumb"},"inLanguage":"fr-FR","potentialAction":[{"@type":"ReadAction","target":["https:\/\/mapsly.com\/de\/map-for-real-estate-agencies\/"]}]},{"@type":"BreadcrumbList","@id":"https:\/\/mapsly.com\/de\/map-for-real-estate-agencies\/#breadcrumb","itemListElement":[{"@type":"ListItem","position":1,"name":"Home","item":"https:\/\/mapsly.com\/"},{"@type":"ListItem","position":2,"name":"Personalized Map &#038; Automation for Real-Estate Agencies"}]},{"@type":"WebSite","@id":"https:\/\/mapsly.com\/#website","url":"https:\/\/mapsly.com\/","name":"Mapsly","description":"La carte CRM ultime","publisher":{"@id":"https:\/\/mapsly.com\/#organization"},"potentialAction":[{"@type":"SearchAction","target":{"@type":"EntryPoint","urlTemplate":"https:\/\/mapsly.com\/?s={search_term_string}"},"query-input":{"@type":"PropertyValueSpecification","valueRequired":true,"valueName":"search_term_string"}}],"inLanguage":"fr-FR"},{"@type":"Organization","@id":"https:\/\/mapsly.com\/#organization","name":"Mapsly","url":"https:\/\/mapsly.com\/","logo":{"@type":"ImageObject","inLanguage":"fr-FR","@id":"https:\/\/mapsly.com\/#\/schema\/logo\/image\/","url":"https:\/\/mapsly.com\/wp-content\/uploads\/2025\/06\/Mapsly-Logo-2x-BIG.png","contentUrl":"https:\/\/mapsly.com\/wp-content\/uploads\/2025\/06\/Mapsly-Logo-2x-BIG.png","width":280,"height":85,"caption":"Mapsly"},"image":{"@id":"https:\/\/mapsly.com\/#\/schema\/logo\/image\/"}}]}},"_links":{"self":[{"href":"https:\/\/mapsly.com\/fr\/wp-json\/wp\/v2\/pages\/382","targetHints":{"allow":["GET"]}}],"collection":[{"href":"https:\/\/mapsly.com\/fr\/wp-json\/wp\/v2\/pages"}],"about":[{"href":"https:\/\/mapsly.com\/fr\/wp-json\/wp\/v2\/types\/page"}],"author":[{"embeddable":true,"href":"https:\/\/mapsly.com\/fr\/wp-json\/wp\/v2\/users\/1"}],"replies":[{"embeddable":true,"href":"https:\/\/mapsly.com\/fr\/wp-json\/wp\/v2\/comments?post=382"}],"version-history":[{"count":48,"href":"https:\/\/mapsly.com\/fr\/wp-json\/wp\/v2\/pages\/382\/revisions"}],"predecessor-version":[{"id":25126,"href":"https:\/\/mapsly.com\/fr\/wp-json\/wp\/v2\/pages\/382\/revisions\/25126"}],"wp:attachment":[{"href":"https:\/\/mapsly.com\/fr\/wp-json\/wp\/v2\/media?parent=382"}],"curies":[{"name":"wp","href":"https:\/\/api.w.org\/{rel}","templated":true}]}}