{"id":346,"date":"2025-06-26T16:38:03","date_gmt":"2025-06-26T13:38:03","guid":{"rendered":"https:\/\/mapsly.com?page_id=346"},"modified":"2025-12-09T13:16:56","modified_gmt":"2025-12-09T10:16:56","slug":"sub-processors","status":"publish","type":"page","link":"https:\/\/mapsly.com\/fr\/sub-processors\/","title":{"rendered":"Mapsly sous-traitants"},"content":{"rendered":"<div data-elementor-type=\"wp-page\" data-elementor-id=\"346\" class=\"elementor elementor-346\" data-elementor-post-type=\"page\">\n\t\t\t\t<div class=\"elementor-element elementor-element-7003a283 e-flex e-con-boxed e-con e-parent\" data-id=\"7003a283\" data-element_type=\"container\" data-e-type=\"container\">\n\t\t\t\t\t<div class=\"e-con-inner\">\n\t\t\t\t<div class=\"elementor-element elementor-element-44e21518 text-ed-subpr elementor-widget elementor-widget-text-editor\" data-id=\"44e21518\" data-element_type=\"widget\" data-e-type=\"widget\" data-widget_type=\"text-editor.default\">\n\t\t\t\t<div class=\"elementor-widget-container\">\n\t\t\t\t\t\t\t\t\t\n<p><em>Derni\u00e8re mise \u00e0 jour : 24 octobre 2023<\/em><\/p>\n\n\n\n<p>Cette page fournit des informations sur les sous-traitants avec lesquels Mapsly s'est engag\u00e9 conform\u00e9ment \u00e0 Mapsly. <a href=\"\/fr\/dpa\/\">Addendum sur le traitement des donn\u00e9es<\/a> (&#8220;Mapsly DPA&#8221;) pour fournir des activit\u00e9s de traitement des donn\u00e9es clients (telles que d\u00e9finies dans le Mapsly DPA) pour le compte des clients. Les sous-traitants applicables \u00e0 un client donn\u00e9 d\u00e9pendront des fonctionnalit\u00e9s Mapsly sp\u00e9cifiques utilis\u00e9es par ce client.<\/p>\n\n\n\n<p>Mapsly mettra \u00e0 jour cette page au moins 30 jours avant de faire appel \u00e0 un nouveau sous-traitant. Si vous souhaitez \u00eatre averti par e-mail des modifications apport\u00e9es \u00e0 cette page, veuillez nous contacter \u00e0, <strong>privacy@mapsly.com<\/strong>.<\/p>\n\n\n\n<figure class=\"wp-block-table\"><table><thead><tr><th><strong>Fournisseur de services<\/strong><\/th><th><strong>fonctionnalit\u00e9s Mapsly<\/strong><\/th><th><strong>Emplacement du fournisseur de services<\/strong><\/th><th><strong>Traitement de l'activit\u00e9<\/strong><\/th><\/tr><\/thead><tbody><tr><td>HERE North America, LLC<\/td><td>Itin\u00e9raire, Navigation<\/td><td>\u00c9tats-Unis<\/td><td>Optimisation d'itin\u00e9raire, navigation, g\u00e9ocodage<\/td><\/tr><tr><td>HubSpot, Inc.<\/td><td>\u2014<\/td><td>\u00c9tats-Unis<\/td><td>Gestion de la relation client<\/td><\/tr><tr><td>Intercom, Inc.<\/td><td>Discuter avec Mapsly<\/td><td>\u00c9tats-Unis<\/td><td>Communication par chat et par e-mail<\/td><\/tr><tr><td>Google, Inc.<\/td><td>G\u00e9ocodage<\/td><td>\u00c9tats-Unis<\/td><td>G\u00e9ocodage, communication par e-mail<\/td><\/tr><tr><td>LogRocket, Inc.<\/td><td>\u2014<\/td><td>\u00c9tats-Unis<\/td><td>Surveillance des performances de l'application et analyse des utilisateurs<\/td><\/tr><tr><td>Mailchimp, Inc.<\/td><td>\u2014<\/td><td>\u00c9tats-Unis<\/td><td>Enregistrement et transcription de la r\u00e9union<\/td><\/tr><tr><td>Mapbox, Inc.<\/td><td>G\u00e9ocodage<\/td><td>\u00c9tats-Unis<\/td><td>Optimisation d'itin\u00e9raires, g\u00e9ocodage<\/td><\/tr><tr><td>Paddle.com, Inc.<\/td><td>Facturation<\/td><td>\u00c9tats-Unis<\/td><td>traitement des cartes de cr\u00e9dit, marchand responsable<\/td><\/tr><tr><td>Rewatch, Inc.<\/td><td>\u2014<\/td><td>\u00c9tats-Unis<\/td><td>Enregistrement et transcription de la r\u00e9union<\/td><\/tr><tr><td>Twilio Inc.<\/td><td>Messagerie<\/td><td>\u00c9tats-Unis<\/td><td>Communication par SMS et e-mail<\/td><\/tr><tr><td>Slack Inc.<\/td><td>\u2014<\/td><td>\u00c9tats-Unis<\/td><td>Messagerie interne de Mapsly<\/td><\/tr><tr><td>Stripe, Inc.<\/td><td>Facturation<\/td><td>\u00c9tats-Unis<\/td><td>Traitement des cartes de cr\u00e9dit<\/td><\/tr><\/tbody><\/table><\/figure>\n\t\t\t\t\t\t\t\t<\/div>\n\t\t\t\t<\/div>\n\t\t\t\t\t<\/div>\n\t\t\t\t<\/div>\n\t\t\t\t<\/div>","protected":false},"excerpt":{"rendered":"<p>Last updated: October 24, 2023 This page provides information about the sub-processors that Mapsly has engaged in accordance with the Mapsly Data Processing Addendum (&#8220;Mapsly DPA&#8221;) to provide processing activities on Customer Data (as defined in the Mapsly DPA) on behalf of customers. Sub-processors relevant to an individual customer will depend on the particular Mapsly [&hellip;]<\/p>","protected":false},"author":1,"featured_media":0,"parent":0,"menu_order":0,"comment_status":"closed","ping_status":"closed","template":"","meta":{"_acf_changed":false,"footnotes":""},"class_list":["post-346","page","type-page","status-publish","hentry"],"acf":[],"yoast_head":"<!-- This site is optimized with the Yoast SEO plugin v26.6 - https:\/\/yoast.com\/wordpress\/plugins\/seo\/ -->\n<title>Mapsly Sub-Processors - Mapsly<\/title>\n<meta name=\"description\" content=\"This page provides information about the sub-processors that Mapsly has engaged in accordance with the Mapsly Data Processing Addendum (\u201cMapsly DPA\u201d) to provide processing activities on Customer Data (as defined in the Mapsly DPA) on behalf of customers. Sub-processors relevant to an individual customer will depend on the particular Mapsly functionality that the customer uses.\" \/>\n<meta name=\"robots\" content=\"index, follow, max-snippet:-1, max-image-preview:large, max-video-preview:-1\" \/>\n<link rel=\"canonical\" href=\"https:\/\/mapsly.com\/fr\/sub-processors\/\" \/>\n<meta property=\"og:locale\" content=\"fr_FR\" \/>\n<meta property=\"og:type\" content=\"article\" \/>\n<meta property=\"og:title\" content=\"Mapsly Sub-Processors - Mapsly\" \/>\n<meta property=\"og:description\" content=\"This page provides information about the sub-processors that Mapsly has engaged in accordance with the Mapsly Data Processing Addendum (\u201cMapsly DPA\u201d) to provide processing activities on Customer Data (as defined in the Mapsly DPA) on behalf of customers. Sub-processors relevant to an individual customer will depend on the particular Mapsly functionality that the customer uses.\" \/>\n<meta property=\"og:url\" content=\"https:\/\/mapsly.com\/fr\/sub-processors\/\" \/>\n<meta property=\"og:site_name\" content=\"Mapsly\" \/>\n<meta property=\"article:modified_time\" content=\"2025-12-09T10:16:56+00:00\" \/>\n<meta name=\"twitter:card\" content=\"summary_large_image\" \/>\n<meta name=\"twitter:label1\" content=\"Dur\u00e9e de lecture estim\u00e9e\" \/>\n\t<meta name=\"twitter:data1\" content=\"1 minute\" \/>\n<script type=\"application\/ld+json\" class=\"yoast-schema-graph\">{\"@context\":\"https:\/\/schema.org\",\"@graph\":[{\"@type\":\"WebPage\",\"@id\":\"https:\/\/mapsly.com\/fr\/sub-processors\/\",\"url\":\"https:\/\/mapsly.com\/fr\/sub-processors\/\",\"name\":\"Mapsly Sub-Processors - Mapsly\",\"isPartOf\":{\"@id\":\"https:\/\/mapsly.com\/#website\"},\"datePublished\":\"2025-06-26T13:38:03+00:00\",\"dateModified\":\"2025-12-09T10:16:56+00:00\",\"description\":\"This page provides information about the sub-processors that Mapsly has engaged in accordance with the Mapsly Data Processing Addendum (\u201cMapsly DPA\u201d) to provide processing activities on Customer Data (as defined in the Mapsly DPA) on behalf of customers. Sub-processors relevant to an individual customer will depend on the particular Mapsly functionality that the customer uses.\",\"breadcrumb\":{\"@id\":\"https:\/\/mapsly.com\/fr\/sub-processors\/#breadcrumb\"},\"inLanguage\":\"fr-FR\",\"potentialAction\":[{\"@type\":\"ReadAction\",\"target\":[\"https:\/\/mapsly.com\/fr\/sub-processors\/\"]}]},{\"@type\":\"BreadcrumbList\",\"@id\":\"https:\/\/mapsly.com\/fr\/sub-processors\/#breadcrumb\",\"itemListElement\":[{\"@type\":\"ListItem\",\"position\":1,\"name\":\"Home\",\"item\":\"https:\/\/mapsly.com\/\"},{\"@type\":\"ListItem\",\"position\":2,\"name\":\"Mapsly Sub-Processors\"}]},{\"@type\":\"WebSite\",\"@id\":\"https:\/\/mapsly.com\/#website\",\"url\":\"https:\/\/mapsly.com\/\",\"name\":\"Mapsly\",\"description\":\"The Ultimate CRM Map\",\"publisher\":{\"@id\":\"https:\/\/mapsly.com\/#organization\"},\"potentialAction\":[{\"@type\":\"SearchAction\",\"target\":{\"@type\":\"EntryPoint\",\"urlTemplate\":\"https:\/\/mapsly.com\/?s={search_term_string}\"},\"query-input\":{\"@type\":\"PropertyValueSpecification\",\"valueRequired\":true,\"valueName\":\"search_term_string\"}}],\"inLanguage\":\"fr-FR\"},{\"@type\":\"Organization\",\"@id\":\"https:\/\/mapsly.com\/#organization\",\"name\":\"Mapsly\",\"url\":\"https:\/\/mapsly.com\/\",\"logo\":{\"@type\":\"ImageObject\",\"inLanguage\":\"fr-FR\",\"@id\":\"https:\/\/mapsly.com\/#\/schema\/logo\/image\/\",\"url\":\"https:\/\/mapsly.com\/wp-content\/uploads\/2025\/06\/Mapsly-Logo-2x-BIG.png\",\"contentUrl\":\"https:\/\/mapsly.com\/wp-content\/uploads\/2025\/06\/Mapsly-Logo-2x-BIG.png\",\"width\":280,\"height\":85,\"caption\":\"Mapsly\"},\"image\":{\"@id\":\"https:\/\/mapsly.com\/#\/schema\/logo\/image\/\"}}]}<\/script>\n<!-- \/ Yoast SEO plugin. -->","yoast_head_json":{"title":"Mapsly Sous-traitants - Mapsly","description":"Cette page fournit des informations sur les sous-traitants que Mapsly a engag\u00e9s conform\u00e9ment \u00e0 l\u2019Addendum de Traitement des Donn\u00e9es de Mapsly (\u00ab Mapsly DPA \u00bb) pour effectuer des activit\u00e9s de traitement sur les Donn\u00e9es Clients (telles que d\u00e9finies dans le Mapsly DPA) pour le compte des clients.\nLes sous-traitants pertinents pour un client donn\u00e9 d\u00e9pendront des fonctionnalit\u00e9s sp\u00e9cifiques de Mapsly utilis\u00e9es par ce client.","robots":{"index":"index","follow":"follow","max-snippet":"max-snippet:-1","max-image-preview":"max-image-preview:large","max-video-preview":"max-video-preview:-1"},"canonical":"https:\/\/mapsly.com\/fr\/sub-processors\/","og_locale":"fr_FR","og_type":"article","og_title":"Mapsly Sub-Processors - Mapsly","og_description":"This page provides information about the sub-processors that Mapsly has engaged in accordance with the Mapsly Data Processing Addendum (\u201cMapsly DPA\u201d) to provide processing activities on Customer Data (as defined in the Mapsly DPA) on behalf of customers. Sub-processors relevant to an individual customer will depend on the particular Mapsly functionality that the customer uses.","og_url":"https:\/\/mapsly.com\/fr\/sub-processors\/","og_site_name":"Mapsly","article_modified_time":"2025-12-09T10:16:56+00:00","twitter_card":"summary_large_image","twitter_misc":{"Dur\u00e9e de lecture estim\u00e9e":"1 minute"},"schema":{"@context":"https:\/\/schema.org","@graph":[{"@type":"WebPage","@id":"https:\/\/mapsly.com\/fr\/sub-processors\/","url":"https:\/\/mapsly.com\/fr\/sub-processors\/","name":"Mapsly Sous-traitants - Mapsly","isPartOf":{"@id":"https:\/\/mapsly.com\/#website"},"datePublished":"2025-06-26T13:38:03+00:00","dateModified":"2025-12-09T10:16:56+00:00","description":"Cette page fournit des informations sur les sous-traitants que Mapsly a engag\u00e9s conform\u00e9ment \u00e0 l\u2019Addendum de Traitement des Donn\u00e9es de Mapsly (\u00ab Mapsly DPA \u00bb) pour effectuer des activit\u00e9s de traitement sur les Donn\u00e9es Clients (telles que d\u00e9finies dans le Mapsly DPA) pour le compte des clients.\nLes sous-traitants pertinents pour un client donn\u00e9 d\u00e9pendront des fonctionnalit\u00e9s sp\u00e9cifiques de Mapsly utilis\u00e9es par ce client.","breadcrumb":{"@id":"https:\/\/mapsly.com\/fr\/sub-processors\/#breadcrumb"},"inLanguage":"fr-FR","potentialAction":[{"@type":"ReadAction","target":["https:\/\/mapsly.com\/fr\/sub-processors\/"]}]},{"@type":"BreadcrumbList","@id":"https:\/\/mapsly.com\/fr\/sub-processors\/#breadcrumb","itemListElement":[{"@type":"ListItem","position":1,"name":"Home","item":"https:\/\/mapsly.com\/"},{"@type":"ListItem","position":2,"name":"Mapsly Sub-Processors"}]},{"@type":"WebSite","@id":"https:\/\/mapsly.com\/#website","url":"https:\/\/mapsly.com\/","name":"Mapsly","description":"La carte CRM ultime","publisher":{"@id":"https:\/\/mapsly.com\/#organization"},"potentialAction":[{"@type":"SearchAction","target":{"@type":"EntryPoint","urlTemplate":"https:\/\/mapsly.com\/?s={search_term_string}"},"query-input":{"@type":"PropertyValueSpecification","valueRequired":true,"valueName":"search_term_string"}}],"inLanguage":"fr-FR"},{"@type":"Organization","@id":"https:\/\/mapsly.com\/#organization","name":"Mapsly","url":"https:\/\/mapsly.com\/","logo":{"@type":"ImageObject","inLanguage":"fr-FR","@id":"https:\/\/mapsly.com\/#\/schema\/logo\/image\/","url":"https:\/\/mapsly.com\/wp-content\/uploads\/2025\/06\/Mapsly-Logo-2x-BIG.png","contentUrl":"https:\/\/mapsly.com\/wp-content\/uploads\/2025\/06\/Mapsly-Logo-2x-BIG.png","width":280,"height":85,"caption":"Mapsly"},"image":{"@id":"https:\/\/mapsly.com\/#\/schema\/logo\/image\/"}}]}},"_links":{"self":[{"href":"https:\/\/mapsly.com\/fr\/wp-json\/wp\/v2\/pages\/346","targetHints":{"allow":["GET"]}}],"collection":[{"href":"https:\/\/mapsly.com\/fr\/wp-json\/wp\/v2\/pages"}],"about":[{"href":"https:\/\/mapsly.com\/fr\/wp-json\/wp\/v2\/types\/page"}],"author":[{"embeddable":true,"href":"https:\/\/mapsly.com\/fr\/wp-json\/wp\/v2\/users\/1"}],"replies":[{"embeddable":true,"href":"https:\/\/mapsly.com\/fr\/wp-json\/wp\/v2\/comments?post=346"}],"version-history":[{"count":8,"href":"https:\/\/mapsly.com\/fr\/wp-json\/wp\/v2\/pages\/346\/revisions"}],"predecessor-version":[{"id":22246,"href":"https:\/\/mapsly.com\/fr\/wp-json\/wp\/v2\/pages\/346\/revisions\/22246"}],"wp:attachment":[{"href":"https:\/\/mapsly.com\/fr\/wp-json\/wp\/v2\/media?parent=346"}],"curies":[{"name":"wp","href":"https:\/\/api.w.org\/{rel}","templated":true}]}}