{"id":322,"date":"2025-06-26T16:32:52","date_gmt":"2025-06-26T13:32:52","guid":{"rendered":"https:\/\/mapsly.com?page_id=322"},"modified":"2025-12-16T14:31:35","modified_gmt":"2025-12-16T11:31:35","slug":"live-map-for-customer-portals","status":"publish","type":"page","link":"https:\/\/mapsly.com\/fr\/live-map-for-customer-portals\/","title":{"rendered":"Carte personnalis\u00e9e en direct pour les portails clients"},"content":{"rendered":"<div data-elementor-type=\"wp-page\" data-elementor-id=\"322\" class=\"elementor elementor-322\" data-elementor-post-type=\"page\">\n\t\t\t\t\t\t<section class=\"elementor-section elementor-top-section elementor-element elementor-element-696fef4f elementor-section-boxed elementor-section-height-default elementor-section-height-default\" data-id=\"696fef4f\" data-element_type=\"section\" data-e-type=\"section\">\n\t\t\t\t\t\t<div class=\"elementor-container elementor-column-gap-default\">\n\t\t\t\t\t<div class=\"elementor-column elementor-col-100 elementor-top-column elementor-element elementor-element-52a9e462\" data-id=\"52a9e462\" data-element_type=\"column\" data-e-type=\"column\">\n\t\t\t<div class=\"elementor-widget-wrap elementor-element-populated\">\n\t\t\t\t\t\t<div class=\"elementor-element elementor-element-9677554 elementor-widget elementor-widget-heading\" data-id=\"9677554\" data-element_type=\"widget\" data-e-type=\"widget\" data-widget_type=\"heading.default\">\n\t\t\t\t<div class=\"elementor-widget-container\">\n\t\t\t\t\t<h2 class=\"elementor-heading-title elementor-size-default\">Offrez \u00e0 vos clients une carte interactive en direct avec des enregistrements qui leur sont sp\u00e9cifiquement attribu\u00e9s. Envoyez-la par lien ou ajoutez-la \u00e0 un portail client.\n<\/h2>\t\t\t\t<\/div>\n\t\t\t\t<\/div>\n\t\t\t\t<div class=\"elementor-element elementor-element-29c03ef3 elementor-widget elementor-widget-text-editor\" data-id=\"29c03ef3\" data-element_type=\"widget\" data-e-type=\"widget\" data-widget_type=\"text-editor.default\">\n\t\t\t\t<div class=\"elementor-widget-container\">\n\t\t\t\t\t\t\t\t\t<p><span style=\"color: var( --e-global-color-text ); font-family: var( --e-global-typography-text-font-family ), Sans-serif; font-weight: var( --e-global-typography-text-font-weight ); letter-spacing: 0px;\">Utiliser Mapsly <\/span><a style=\"font-family: var( --e-global-typography-text-font-family ), Sans-serif; font-weight: var( --e-global-typography-text-font-weight ); background-color: #ffffff; letter-spacing: 0px;\" href=\"\/fr\/shared-interactive-maps\/\">cartes partag\u00e9es<\/a><span style=\"color: var( --e-global-color-text ); font-family: var( --e-global-typography-text-font-family ), Sans-serif; font-weight: var( --e-global-typography-text-font-weight ); letter-spacing: 0px;\"> Avec des param\u00e8tres URL, vous pouvez cr\u00e9er des cartes interactives personnalis\u00e9es avec un contenu adapt\u00e9 individuellement \u00e0 chacun de vos clients. Vous pouvez ensuite int\u00e9grer une telle carte dans un portail client, une application web ou mobile, ou leur envoyer un e-mail avec un lien.<\/span><\/p>\n<p><span style=\"color: var( --e-global-color-text ); font-family: var( --e-global-typography-text-font-family ), Sans-serif; font-weight: var( --e-global-typography-text-font-weight ); letter-spacing: 0px;\">Si vous n'avez pas encore de portail client, vous pouvez le configurer en 10 minutes en utilisant <\/span><a style=\"font-family: var( --e-global-typography-text-font-family ), Sans-serif; font-weight: var( --e-global-typography-text-font-weight ); letter-spacing: 0px; background-color: #ffffff;\" href=\"https:\/\/www.zoho.com\/creator\/online-customer-portal\/\">Portail Zoho Creator<\/a><span style=\"color: var( --e-global-color-text ); font-family: var( --e-global-typography-text-font-family ), Sans-serif; font-weight: var( --e-global-typography-text-font-weight ); letter-spacing: 0px;\"> avec seulement quelques lignes de code fournies dans notre guide, ou une solution de portail client similaire.<\/span><\/p>\n<p><span style=\"color: var( --e-global-color-text ); font-family: var( --e-global-typography-text-font-family ), Sans-serif; font-weight: var( --e-global-typography-text-font-weight ); letter-spacing: 0px;\">Vous pouvez \u00e9galement ajouter des boutons et des formulaires \u00e0 vos objets sur la carte pour permettre \u00e0 vos clients de demander \u00e0 voir une propri\u00e9t\u00e9 et d'effectuer tout autre processus pouvant \u00eatre mis en \u0153uvre avec <\/span><a style=\"font-family: var( --e-global-typography-text-font-family ), Sans-serif; font-weight: var( --e-global-typography-text-font-weight ); letter-spacing: 0px; background-color: #ffffff;\" href=\"\/fr\/automation\/\">Suite d'automatisation Mapsly<\/a><span style=\"color: var( --e-global-color-text ); font-family: var( --e-global-typography-text-font-family ), Sans-serif; font-weight: var( --e-global-typography-text-font-weight ); letter-spacing: 0px;\">. Toutes les fonctionnalit\u00e9s de Mapsly sauf le routage et la prospection peuvent \u00eatre activ\u00e9es sur de telles cartes personnalis\u00e9es.<\/span><\/p>\n<h2 class=\"has-text-align-center\">Exemple\u00a0: carte personnalis\u00e9e avec des propri\u00e9t\u00e9s attribu\u00e9es \u00e0 un client d'une agence immobili\u00e8re<\/h2>\n<p><span style=\"color: var( --e-global-color-text ); font-family: var( --e-global-typography-text-font-family ), Sans-serif; font-weight: var( --e-global-typography-text-font-weight ); letter-spacing: 0px;\">Pour mieux comprendre ce qu'est une carte personnalis\u00e9e, \u00e9tudions l'exemple d'une agence immobili\u00e8re qui conserve des informations sur ses propri\u00e9t\u00e9s et ses clients dans le <\/span><strong style=\"font-family: var( --e-global-typography-text-font-family ), Sans-serif; letter-spacing: 0px;\">Propri\u00e9t\u00e9s <\/strong><span style=\"color: var( --e-global-color-text ); font-family: var( --e-global-typography-text-font-family ), Sans-serif; font-weight: var( --e-global-typography-text-font-weight ); letter-spacing: 0px;\">et <\/span><strong style=\"font-family: var( --e-global-typography-text-font-family ), Sans-serif; letter-spacing: 0px;\">Clients<\/strong><span style=\"color: var( --e-global-color-text ); font-family: var( --e-global-typography-text-font-family ), Sans-serif; font-weight: var( --e-global-typography-text-font-weight ); letter-spacing: 0px;\"> Objets CRM (modules). Lorsqu'un nouveau client arrive et exprime son int\u00e9r\u00eat pour des propri\u00e9t\u00e9s avec des attributs sp\u00e9cifiques (type, fourchette de prix, emplacement, etc.), l'agence souhaite pouvoir attribuer des propri\u00e9t\u00e9s correspondant aux attributs au client, et offrir aux clients un acc\u00e8s \u00e0 un portail avec la carte o\u00f9 ils peuvent voir ces propri\u00e9t\u00e9s et demander des visites. \u00c0 mesure que les responsables de compte attribuent plus de propri\u00e9t\u00e9s aux clients et suppriment ces attributions, la carte du client doit se mettre \u00e0 jour automatiquement.<\/span><\/p>\n<p><span style=\"color: var( --e-global-color-text ); font-family: var( --e-global-typography-text-font-family ), Sans-serif; font-weight: var( --e-global-typography-text-font-weight ); letter-spacing: 0px;\">Veuillez noter qu'il est \u00e9galement possible d'automatiser de telles affectations avec <\/span><a style=\"font-family: var( --e-global-typography-text-font-family ), Sans-serif; font-weight: var( --e-global-typography-text-font-weight ); letter-spacing: 0px; background-color: #ffffff;\" href=\"https:\/\/mapsly.com\/fr\/automation\/\">Suite d'automatisation Mapsly<\/a><span style=\"color: var( --e-global-color-text ); font-family: var( --e-global-typography-text-font-family ), Sans-serif; font-weight: var( --e-global-typography-text-font-weight ); letter-spacing: 0px;\"> et son <\/span><a style=\"font-family: var( --e-global-typography-text-font-family ), Sans-serif; font-weight: var( --e-global-typography-text-font-weight ); letter-spacing: 0px; background-color: #ffffff;\" href=\"https:\/\/mapsly.com\/fr\/match-records\/\"><em>Faire correspondre les enregistrements<\/em> action<\/a><span style=\"color: var( --e-global-color-text ); font-family: var( --e-global-typography-text-font-family ), Sans-serif; font-weight: var( --e-global-typography-text-font-weight ); letter-spacing: 0px;\">. Par exemple,<\/span><\/p>\n<ul>\n<li>lorsqu'un nouveau <strong>client<\/strong> est ajout\u00e9 au CRM, Mapsly peut automatiquement trouver toutes les propri\u00e9t\u00e9s qui correspondent aux pr\u00e9f\u00e9rences du client, y compris la distance maximale de conduite, les attribuer au client et envoyer par e-mail la liste des propri\u00e9t\u00e9s nouvellement attribu\u00e9es au client et \u00e0 leur charg\u00e9 de compte.<\/li>\n<li>aussi, quand un nouveau <strong>propri\u00e9t\u00e9 <\/strong>est ajout\u00e9 au CRM, Mapsly peut automatiquement trouver tous les clients dont les pr\u00e9f\u00e9rences correspondent au bien, leur l'attribuer et les en informer.<\/li>\n<\/ul>\n<p>Dans cet exemple, <em>Propri\u00e9t\u00e9s <\/em>et <em>Clients <\/em>peuvent \u00eatre n'importe quels autres objets, standards ou personnalis\u00e9s, car Mapsly fonctionne de la m\u00eame mani\u00e8re avec tous les champs et tous les objets de votre source de donn\u00e9es, que ce soit un CRM, une feuille de calcul ou un syst\u00e8me informatique personnalis\u00e9 connect\u00e9 \u00e0 Mapsly via son API.<\/p>\n<figure class=\"wp-block-pullquote\">\n<blockquote>\n<p>L'\u00e9quipe d'impl\u00e9mentation de Mapsly construira l'ensemble du processus dans Mapsly, <br \/>pour que vous puissiez vous concentrer sur votre activit\u00e9. <br \/><a href=\"https:\/\/calendly.com\/mapsly-meeting\/quick-demo\" target=\"_blank\" rel=\"noopener\">Planifiez un appel web aujourd'hui<\/a>.<\/p>\n<p><cite>Ou demandez-nous n'importe quoi en chat, nous sommes toujours en ligne<\/cite><\/p>\n<\/blockquote>\n<\/figure>\n<h2 id=\"block-2c1baa7e-e262-4b46-baad-5aa9afcc4c6a\">D\u00e9mo\u00a0: portail client avec carte personnalis\u00e9e<\/h2>\n<p id=\"block-14dbae5b-e5d6-48ba-af7c-5958d28d47c8\">Une carte personnalis\u00e9e peut \u00eatre int\u00e9gr\u00e9e dans n'importe quelle solution de portail. Dans cet exemple, une carte est ajout\u00e9e \u00e0 un portail client <a href=\"http:\/\/help.mapsly.com\/articles\/5489056?_ga=2.242671814.536852451.1632143928-264234993.1632143928\">construit<\/a><a href=\"https:\/\/help.mapsly.com\/articles\/5489056?_ga=2.242671814.536852451.1632143928-264234993.1632143928\"> dans 10 minutes avec Zoho Creator Portal<\/a>, disponible \u00e0 la fois en tant qu\u2019application web et application mobile.<\/p>\n<p id=\"block-13b00ada-c55d-4c47-b9f2-c6e474068a11\">Quand un <em>Client<\/em> Lorsqu'un enregistrement est ajout\u00e9 \u00e0 un CRM, Mapsly g\u00e9n\u00e8re automatiquement un lien de carte personnalis\u00e9 sign\u00e9 qui affiche les enregistrements de propri\u00e9t\u00e9s attribu\u00e9s \u00e0 ce client particulier et enregistre le client dans le Portail. Lorsque le client se connecte au Portail avec son e-mail, il voit la carte sur la page Carte. En plus de pouvoir cliquer sur les marqueurs de la carte pour consulter les donn\u00e9es des enregistrements, le client peut appuyer sur Programmer une visite dans la fen\u00eatre contextuelle de la carte pour d\u00e9poser une demande de visite de propri\u00e9t\u00e9 que Mapsly cr\u00e9era en tant qu\u2019enregistrement dans le CRM.<\/p>\n<div class=\"wp-block-buttons is-content-justification-center\">\n<p><\/p>\n<div class=\"wp-block-button is-style-fill\"><a class=\"wp-block-button__link\" href=\"https:\/\/sampleco.zohocreatorportal.com\/\" target=\"_blank\" rel=\"noreferrer noopener\">Aller au portail client de d\u00e9monstration <\/a><\/div>\n<p>\u00a0<\/p>\n<\/div>\n<h2 id=\"block-b7db5c57-94d7-47a4-83e2-ef6785da617f\">\u00a0<\/h2>\n<h2 id=\"block-b7db5c57-94d7-47a4-83e2-ef6785da617f\">En savoir plus<\/h2>\n<p id=\"block-1616fc2d-8f84-479f-a38a-17167c194b5e\"><a href=\"https:\/\/help.mapsly.com\/articles\/5386021?_ga=2.242671814.536852451.1632143928-264234993.1632143928\">Guide \u00e9tape par \u00e9tape : cr\u00e9ez une carte personnalis\u00e9e accessible par lien<\/a>.<\/p>\n<p id=\"block-212896f6-6f5d-4f91-bf76-4ba3c525873d\"><a href=\"https:\/\/help.mapsly.com\/articles\/5489056\">Guide \u00e9tape par \u00e9tape : configurez un portail Zoho Creator avec une carte personnalis\u00e9e en 10 minutes<\/a>.<\/p>\n<p id=\"block-fe4a3f79-ae6e-4060-a68d-a1b659a4f13b\"><a href=\"https:\/\/help.mapsly.com\/articles\/5510049\">Guide \u00e9tape par \u00e9tape : configurez l'enregistrement automatique de vos clients dans votre portail client Zoho Creator<\/a>.<\/p>\n<h2 id=\"block-7d350572-49a2-446c-bb78-a5aac951bd82\">R\u00e9servez une d\u00e9mo en direct avec un ing\u00e9nieur solutions<\/h2>\n<p id=\"block-8d3a951b-e56e-4b21-bd43-06506e23e630\"><a href=\"https:\/\/calendly.com\/mapsly-meeting\/quick-demo\">Planifiez un appel web avec un ing\u00e9nieur Mapsly<\/a> pour discuter en d\u00e9tail de votre cas d'utilisation et configurer votre compte Mapsly ainsi que les cartes partag\u00e9es.<\/p>\n<p id=\"block-8d3a951b-e56e-4b21-bd43-06506e23e630\">\u00a0<\/p>\t\t\t\t\t\t\t\t<\/div>\n\t\t\t\t<\/div>\n\t\t\t\t\t<\/div>\n\t\t<\/div>\n\t\t\t\t\t<\/div>\n\t\t<\/section>\n\t\t\t\t<\/div>","protected":false},"excerpt":{"rendered":"<p>Offrez \u00e0 vos clients une carte interactive en direct avec des enregistrements qui leur sont sp\u00e9cifiquement assign\u00e9s. Envoyez-la par lien ou ajoutez-la \u00e0 un portail client. Gr\u00e2ce aux cartes partag\u00e9es Mapsly avec des param\u00e8tres URL, vous pouvez cr\u00e9er des cartes interactives personnalis\u00e9es dont le contenu est adapt\u00e9 individuellement \u00e0 chacun de vos clients. Vous pouvez ensuite int\u00e9grer une telle carte dans un [&hellip;]<\/p>","protected":false},"author":1,"featured_media":0,"parent":0,"menu_order":0,"comment_status":"closed","ping_status":"closed","template":"","meta":{"_acf_changed":false,"footnotes":""},"class_list":["post-322","page","type-page","status-publish","hentry"],"acf":[],"yoast_head":"<!-- This site is optimized with the Yoast SEO plugin v26.6 - https:\/\/yoast.com\/wordpress\/plugins\/seo\/ -->\n<title>Live Personalized Map for Customer Portals - Mapsly<\/title>\n<meta name=\"description\" content=\"Offer your clients a live interactive map with records assigned specifically to them. Send it by link or add to a customer portal.\" \/>\n<meta name=\"robots\" content=\"index, follow, max-snippet:-1, max-image-preview:large, max-video-preview:-1\" \/>\n<link rel=\"canonical\" href=\"https:\/\/mapsly.com\/fr\/live-map-for-customer-portals\/\" \/>\n<meta property=\"og:locale\" content=\"fr_FR\" \/>\n<meta property=\"og:type\" content=\"article\" \/>\n<meta property=\"og:title\" content=\"Live Personalized Map for Customer Portals - Mapsly\" \/>\n<meta property=\"og:description\" content=\"Offer your clients a live interactive map with records assigned specifically to them. Send it by link or add to a customer portal.\" \/>\n<meta property=\"og:url\" content=\"https:\/\/mapsly.com\/fr\/live-map-for-customer-portals\/\" \/>\n<meta property=\"og:site_name\" content=\"Mapsly\" \/>\n<meta property=\"article:modified_time\" content=\"2025-12-16T11:31:35+00:00\" \/>\n<meta name=\"twitter:card\" content=\"summary_large_image\" \/>\n<meta name=\"twitter:label1\" content=\"Dur\u00e9e de lecture estim\u00e9e\" \/>\n\t<meta name=\"twitter:data1\" content=\"3 minutes\" \/>\n<script type=\"application\/ld+json\" class=\"yoast-schema-graph\">{\"@context\":\"https:\/\/schema.org\",\"@graph\":[{\"@type\":\"WebPage\",\"@id\":\"https:\/\/mapsly.com\/live-map-for-customer-portals\/\",\"url\":\"https:\/\/mapsly.com\/live-map-for-customer-portals\/\",\"name\":\"Live Personalized Map for Customer Portals - Mapsly\",\"isPartOf\":{\"@id\":\"https:\/\/mapsly.com\/#website\"},\"datePublished\":\"2025-06-26T13:32:52+00:00\",\"dateModified\":\"2025-12-16T11:31:35+00:00\",\"description\":\"Offer your clients a live interactive map with records assigned specifically to them. Send it by link or add to a customer portal.\",\"breadcrumb\":{\"@id\":\"https:\/\/mapsly.com\/live-map-for-customer-portals\/#breadcrumb\"},\"inLanguage\":\"fr-FR\",\"potentialAction\":[{\"@type\":\"ReadAction\",\"target\":[\"https:\/\/mapsly.com\/live-map-for-customer-portals\/\"]}]},{\"@type\":\"BreadcrumbList\",\"@id\":\"https:\/\/mapsly.com\/live-map-for-customer-portals\/#breadcrumb\",\"itemListElement\":[{\"@type\":\"ListItem\",\"position\":1,\"name\":\"Home\",\"item\":\"https:\/\/mapsly.com\/\"},{\"@type\":\"ListItem\",\"position\":2,\"name\":\"Live Personalized Map for Customer Portals\"}]},{\"@type\":\"WebSite\",\"@id\":\"https:\/\/mapsly.com\/#website\",\"url\":\"https:\/\/mapsly.com\/\",\"name\":\"Mapsly\",\"description\":\"The Ultimate CRM Map\",\"publisher\":{\"@id\":\"https:\/\/mapsly.com\/#organization\"},\"potentialAction\":[{\"@type\":\"SearchAction\",\"target\":{\"@type\":\"EntryPoint\",\"urlTemplate\":\"https:\/\/mapsly.com\/?s={search_term_string}\"},\"query-input\":{\"@type\":\"PropertyValueSpecification\",\"valueRequired\":true,\"valueName\":\"search_term_string\"}}],\"inLanguage\":\"fr-FR\"},{\"@type\":\"Organization\",\"@id\":\"https:\/\/mapsly.com\/#organization\",\"name\":\"Mapsly\",\"url\":\"https:\/\/mapsly.com\/\",\"logo\":{\"@type\":\"ImageObject\",\"inLanguage\":\"fr-FR\",\"@id\":\"https:\/\/mapsly.com\/#\/schema\/logo\/image\/\",\"url\":\"https:\/\/mapsly.com\/wp-content\/uploads\/2025\/06\/Mapsly-Logo-2x-BIG.png\",\"contentUrl\":\"https:\/\/mapsly.com\/wp-content\/uploads\/2025\/06\/Mapsly-Logo-2x-BIG.png\",\"width\":280,\"height\":85,\"caption\":\"Mapsly\"},\"image\":{\"@id\":\"https:\/\/mapsly.com\/#\/schema\/logo\/image\/\"}}]}<\/script>\n<!-- \/ Yoast SEO plugin. -->","yoast_head_json":{"title":"Carte personnalis\u00e9e en temps r\u00e9el pour les portails clients - Mapsly","description":"Offrez \u00e0 vos clients une carte interactive en direct avec des enregistrements qui leur sont sp\u00e9cifiquement attribu\u00e9s. Envoyez-la par lien ou ajoutez-la \u00e0 un portail client.","robots":{"index":"index","follow":"follow","max-snippet":"max-snippet:-1","max-image-preview":"max-image-preview:large","max-video-preview":"max-video-preview:-1"},"canonical":"https:\/\/mapsly.com\/fr\/live-map-for-customer-portals\/","og_locale":"fr_FR","og_type":"article","og_title":"Live Personalized Map for Customer Portals - Mapsly","og_description":"Offer your clients a live interactive map with records assigned specifically to them. Send it by link or add to a customer portal.","og_url":"https:\/\/mapsly.com\/fr\/live-map-for-customer-portals\/","og_site_name":"Mapsly","article_modified_time":"2025-12-16T11:31:35+00:00","twitter_card":"summary_large_image","twitter_misc":{"Dur\u00e9e de lecture estim\u00e9e":"3 minutes"},"schema":{"@context":"https:\/\/schema.org","@graph":[{"@type":"WebPage","@id":"https:\/\/mapsly.com\/live-map-for-customer-portals\/","url":"https:\/\/mapsly.com\/live-map-for-customer-portals\/","name":"Carte personnalis\u00e9e en temps r\u00e9el pour les portails clients - Mapsly","isPartOf":{"@id":"https:\/\/mapsly.com\/#website"},"datePublished":"2025-06-26T13:32:52+00:00","dateModified":"2025-12-16T11:31:35+00:00","description":"Offrez \u00e0 vos clients une carte interactive en direct avec des enregistrements qui leur sont sp\u00e9cifiquement attribu\u00e9s. Envoyez-la par lien ou ajoutez-la \u00e0 un portail client.","breadcrumb":{"@id":"https:\/\/mapsly.com\/live-map-for-customer-portals\/#breadcrumb"},"inLanguage":"fr-FR","potentialAction":[{"@type":"ReadAction","target":["https:\/\/mapsly.com\/live-map-for-customer-portals\/"]}]},{"@type":"BreadcrumbList","@id":"https:\/\/mapsly.com\/live-map-for-customer-portals\/#breadcrumb","itemListElement":[{"@type":"ListItem","position":1,"name":"Home","item":"https:\/\/mapsly.com\/"},{"@type":"ListItem","position":2,"name":"Live Personalized Map for Customer Portals"}]},{"@type":"WebSite","@id":"https:\/\/mapsly.com\/#website","url":"https:\/\/mapsly.com\/","name":"Mapsly","description":"La carte CRM ultime","publisher":{"@id":"https:\/\/mapsly.com\/#organization"},"potentialAction":[{"@type":"SearchAction","target":{"@type":"EntryPoint","urlTemplate":"https:\/\/mapsly.com\/?s={search_term_string}"},"query-input":{"@type":"PropertyValueSpecification","valueRequired":true,"valueName":"search_term_string"}}],"inLanguage":"fr-FR"},{"@type":"Organization","@id":"https:\/\/mapsly.com\/#organization","name":"Mapsly","url":"https:\/\/mapsly.com\/","logo":{"@type":"ImageObject","inLanguage":"fr-FR","@id":"https:\/\/mapsly.com\/#\/schema\/logo\/image\/","url":"https:\/\/mapsly.com\/wp-content\/uploads\/2025\/06\/Mapsly-Logo-2x-BIG.png","contentUrl":"https:\/\/mapsly.com\/wp-content\/uploads\/2025\/06\/Mapsly-Logo-2x-BIG.png","width":280,"height":85,"caption":"Mapsly"},"image":{"@id":"https:\/\/mapsly.com\/#\/schema\/logo\/image\/"}}]}},"_links":{"self":[{"href":"https:\/\/mapsly.com\/fr\/wp-json\/wp\/v2\/pages\/322","targetHints":{"allow":["GET"]}}],"collection":[{"href":"https:\/\/mapsly.com\/fr\/wp-json\/wp\/v2\/pages"}],"about":[{"href":"https:\/\/mapsly.com\/fr\/wp-json\/wp\/v2\/types\/page"}],"author":[{"embeddable":true,"href":"https:\/\/mapsly.com\/fr\/wp-json\/wp\/v2\/users\/1"}],"replies":[{"embeddable":true,"href":"https:\/\/mapsly.com\/fr\/wp-json\/wp\/v2\/comments?post=322"}],"version-history":[{"count":18,"href":"https:\/\/mapsly.com\/fr\/wp-json\/wp\/v2\/pages\/322\/revisions"}],"predecessor-version":[{"id":25120,"href":"https:\/\/mapsly.com\/fr\/wp-json\/wp\/v2\/pages\/322\/revisions\/25120"}],"wp:attachment":[{"href":"https:\/\/mapsly.com\/fr\/wp-json\/wp\/v2\/media?parent=322"}],"curies":[{"name":"wp","href":"https:\/\/api.w.org\/{rel}","templated":true}]}}