{"id":320,"date":"2025-06-26T16:32:39","date_gmt":"2025-06-26T13:32:39","guid":{"rendered":"https:\/\/mapsly.com?page_id=320"},"modified":"2025-10-19T23:26:21","modified_gmt":"2025-10-19T20:26:21","slug":"livechat","status":"publish","type":"page","link":"https:\/\/mapsly.com\/fr\/livechat\/","title":{"rendered":"Chat en direct avec l\u2019\u00e9quipe Mapsly"},"content":{"rendered":"<div data-elementor-type=\"wp-page\" data-elementor-id=\"320\" class=\"elementor elementor-320\" data-elementor-post-type=\"page\">\n\t\t\t\t<div class=\"elementor-element elementor-element-13f32cd e-flex e-con-boxed e-con e-parent\" data-id=\"13f32cd\" data-element_type=\"container\" data-e-type=\"container\">\n\t\t\t\t\t<div class=\"e-con-inner\">\n\t\t\t\t<div class=\"elementor-element elementor-element-62971b7 elementor-widget elementor-widget-heading\" data-id=\"62971b7\" data-element_type=\"widget\" data-e-type=\"widget\" data-widget_type=\"heading.default\">\n\t\t\t\t<div class=\"elementor-widget-container\">\n\t\t\t\t\t<h1 class=\"elementor-heading-title elementor-size-default\">Chat en direct avec l\u2019\u00e9quipe Mapsly\n<\/h1>\t\t\t\t<\/div>\n\t\t\t\t<\/div>\n\t\t\t\t<div class=\"elementor-element elementor-element-931aacb elementor-widget elementor-widget-heading\" data-id=\"931aacb\" data-element_type=\"widget\" data-e-type=\"widget\" data-widget_type=\"heading.default\">\n\t\t\t\t<div class=\"elementor-widget-container\">\n\t\t\t\t\t<p class=\"elementor-heading-title elementor-size-default\">La fen\u00eatre de chat appara\u00eetra dans quelques secondes\u2026\n<\/p>\t\t\t\t<\/div>\n\t\t\t\t<\/div>\n\t\t\t\t<div class=\"elementor-element elementor-element-590afad elementor-widget elementor-widget-text-editor\" data-id=\"590afad\" data-element_type=\"widget\" data-e-type=\"widget\" data-widget_type=\"text-editor.default\">\n\t\t\t\t<div class=\"elementor-widget-container\">\n\t\t\t\t\t\t\t\t\t<p>Vous pouvez \u00e9galement d\u00e9marrer un chat en direct depuis n'importe quelle page de notre site Web ou dans l'application Mapsly<br \/>en cliquant sur l\u2019ic\u00f4ne de chat dans le coin inf\u00e9rieur droit:<\/p>\t\t\t\t\t\t\t\t<\/div>\n\t\t\t\t<\/div>\n\t\t\t\t<div class=\"elementor-element elementor-element-cffa3dd elementor-widget elementor-widget-image\" data-id=\"cffa3dd\" data-element_type=\"widget\" data-e-type=\"widget\" data-widget_type=\"image.default\">\n\t\t\t\t<div class=\"elementor-widget-container\">\n\t\t\t\t\t\t\t\t\t\t\t\t\t\t\t<img decoding=\"async\" width=\"60\" height=\"60\" src=\"https:\/\/mapsly.com\/wp-content\/uploads\/2025\/09\/imageedit_2_5651476538-1-r73s64i5mp51rmzczigj3hqavw50kehp4uyir381nc.webp\" class=\"attachment-large size-large wp-image-21606\" alt=\"\" srcset=\"https:\/\/mapsly.com\/wp-content\/uploads\/2025\/09\/imageedit_2_5651476538-1-r73s64i5mp51rmzczigj3hqavw50kehp4uyir381nc.webp 60w, https:\/\/mapsly.com\/wp-content\/uploads\/2025\/09\/imageedit_2_5651476538-1-r73s64i5mp51rmzczigj3hqavw50kehp4uyir381nc-12x12.webp 12w\" sizes=\"(max-width: 60px) 100vw, 60px\" \/>\t\t\t\t\t\t\t\t\t\t\t\t\t\t\t<\/div>\n\t\t\t\t<\/div>\n\t\t\t\t\t<\/div>\n\t\t\t\t<\/div>\n\t\t\t\t<\/div>","protected":false},"excerpt":{"rendered":"<p>Discussion en direct avec l\u2019\u00e9quipe Mapsly La fen\u00eatre de chat appara\u00eetra dans quelques secondes\u2026 Vous pouvez \u00e9galement d\u00e9marrer une discussion en direct depuis n\u2019importe quelle page de notre site Web ou dans l\u2019application Mapsly en cliquant sur l\u2019image de chat dans le coin inf\u00e9rieur droit:<\/p>","protected":false},"author":1,"featured_media":0,"parent":0,"menu_order":0,"comment_status":"closed","ping_status":"closed","template":"elementor_header_footer","meta":{"_acf_changed":false,"footnotes":""},"class_list":["post-320","page","type-page","status-publish","hentry"],"acf":[],"yoast_head":"<!-- This site is optimized with the Yoast SEO plugin v26.6 - https:\/\/yoast.com\/wordpress\/plugins\/seo\/ -->\n<title>Live chat with Mapsly team - Mapsly<\/title>\n<meta name=\"robots\" content=\"index, follow, max-snippet:-1, max-image-preview:large, max-video-preview:-1\" \/>\n<link rel=\"canonical\" href=\"https:\/\/mapsly.com\/fr\/livechat\/\" \/>\n<meta property=\"og:locale\" content=\"fr_FR\" \/>\n<meta property=\"og:type\" content=\"article\" \/>\n<meta property=\"og:title\" content=\"Live chat with Mapsly team - Mapsly\" \/>\n<meta property=\"og:description\" content=\"Live chat with Mapsly team The chat window will appear in a few seconds\u2026 You can also start a live chat from any page on our website or in the Mapsly appby clicking the chat image in the lower right corner:\" \/>\n<meta property=\"og:url\" content=\"https:\/\/mapsly.com\/fr\/livechat\/\" \/>\n<meta property=\"og:site_name\" content=\"Mapsly\" \/>\n<meta property=\"article:modified_time\" content=\"2025-10-19T20:26:21+00:00\" \/>\n<meta property=\"og:image\" content=\"https:\/\/mapsly.com\/wp-content\/uploads\/2025\/09\/imageedit_2_5651476538-1-r73s64i5mp51rmzczigj3hqavw50kehp4uyir381nc.webp\" \/>\n<meta name=\"twitter:card\" content=\"summary_large_image\" \/>\n<meta name=\"twitter:label1\" content=\"Dur\u00e9e de lecture estim\u00e9e\" \/>\n\t<meta name=\"twitter:data1\" content=\"1 minute\" \/>\n<script type=\"application\/ld+json\" class=\"yoast-schema-graph\">{\"@context\":\"https:\/\/schema.org\",\"@graph\":[{\"@type\":\"WebPage\",\"@id\":\"https:\/\/mapsly.com\/id\/livechat\/\",\"url\":\"https:\/\/mapsly.com\/id\/livechat\/\",\"name\":\"Live chat with Mapsly team - Mapsly\",\"isPartOf\":{\"@id\":\"https:\/\/mapsly.com\/#website\"},\"primaryImageOfPage\":{\"@id\":\"https:\/\/mapsly.com\/id\/livechat\/#primaryimage\"},\"image\":{\"@id\":\"https:\/\/mapsly.com\/id\/livechat\/#primaryimage\"},\"thumbnailUrl\":\"https:\/\/mapsly.com\/wp-content\/uploads\/2025\/09\/imageedit_2_5651476538-1-r73s64i5mp51rmzczigj3hqavw50kehp4uyir381nc.webp\",\"datePublished\":\"2025-06-26T13:32:39+00:00\",\"dateModified\":\"2025-10-19T20:26:21+00:00\",\"breadcrumb\":{\"@id\":\"https:\/\/mapsly.com\/id\/livechat\/#breadcrumb\"},\"inLanguage\":\"fr-FR\",\"potentialAction\":[{\"@type\":\"ReadAction\",\"target\":[\"https:\/\/mapsly.com\/id\/livechat\/\"]}]},{\"@type\":\"ImageObject\",\"inLanguage\":\"fr-FR\",\"@id\":\"https:\/\/mapsly.com\/id\/livechat\/#primaryimage\",\"url\":\"https:\/\/mapsly.com\/wp-content\/uploads\/2025\/09\/imageedit_2_5651476538-1-r73s64i5mp51rmzczigj3hqavw50kehp4uyir381nc.webp\",\"contentUrl\":\"https:\/\/mapsly.com\/wp-content\/uploads\/2025\/09\/imageedit_2_5651476538-1-r73s64i5mp51rmzczigj3hqavw50kehp4uyir381nc.webp\"},{\"@type\":\"BreadcrumbList\",\"@id\":\"https:\/\/mapsly.com\/id\/livechat\/#breadcrumb\",\"itemListElement\":[{\"@type\":\"ListItem\",\"position\":1,\"name\":\"Home\",\"item\":\"https:\/\/mapsly.com\/\"},{\"@type\":\"ListItem\",\"position\":2,\"name\":\"Live chat with Mapsly team\"}]},{\"@type\":\"WebSite\",\"@id\":\"https:\/\/mapsly.com\/#website\",\"url\":\"https:\/\/mapsly.com\/\",\"name\":\"Mapsly\",\"description\":\"The Ultimate CRM Map\",\"publisher\":{\"@id\":\"https:\/\/mapsly.com\/#organization\"},\"potentialAction\":[{\"@type\":\"SearchAction\",\"target\":{\"@type\":\"EntryPoint\",\"urlTemplate\":\"https:\/\/mapsly.com\/?s={search_term_string}\"},\"query-input\":{\"@type\":\"PropertyValueSpecification\",\"valueRequired\":true,\"valueName\":\"search_term_string\"}}],\"inLanguage\":\"fr-FR\"},{\"@type\":\"Organization\",\"@id\":\"https:\/\/mapsly.com\/#organization\",\"name\":\"Mapsly\",\"url\":\"https:\/\/mapsly.com\/\",\"logo\":{\"@type\":\"ImageObject\",\"inLanguage\":\"fr-FR\",\"@id\":\"https:\/\/mapsly.com\/#\/schema\/logo\/image\/\",\"url\":\"https:\/\/mapsly.com\/wp-content\/uploads\/2025\/06\/Mapsly-Logo-2x-BIG.png\",\"contentUrl\":\"https:\/\/mapsly.com\/wp-content\/uploads\/2025\/06\/Mapsly-Logo-2x-BIG.png\",\"width\":280,\"height\":85,\"caption\":\"Mapsly\"},\"image\":{\"@id\":\"https:\/\/mapsly.com\/#\/schema\/logo\/image\/\"}}]}<\/script>\n<!-- \/ Yoast SEO plugin. -->","yoast_head_json":{"title":"Chat en direct avec l'\u00e9quipe Mapsly - Mapsly","robots":{"index":"index","follow":"follow","max-snippet":"max-snippet:-1","max-image-preview":"max-image-preview:large","max-video-preview":"max-video-preview:-1"},"canonical":"https:\/\/mapsly.com\/fr\/livechat\/","og_locale":"fr_FR","og_type":"article","og_title":"Live chat with Mapsly team - Mapsly","og_description":"Live chat with Mapsly team The chat window will appear in a few seconds\u2026 You can also start a live chat from any page on our website or in the Mapsly appby clicking the chat image in the lower right corner:","og_url":"https:\/\/mapsly.com\/fr\/livechat\/","og_site_name":"Mapsly","article_modified_time":"2025-10-19T20:26:21+00:00","og_image":[{"url":"https:\/\/mapsly.com\/wp-content\/uploads\/2025\/09\/imageedit_2_5651476538-1-r73s64i5mp51rmzczigj3hqavw50kehp4uyir381nc.webp","type":"","width":"","height":""}],"twitter_card":"summary_large_image","twitter_misc":{"Dur\u00e9e de lecture estim\u00e9e":"1 minute"},"schema":{"@context":"https:\/\/schema.org","@graph":[{"@type":"WebPage","@id":"https:\/\/mapsly.com\/id\/livechat\/","url":"https:\/\/mapsly.com\/id\/livechat\/","name":"Chat en direct avec l'\u00e9quipe Mapsly - Mapsly","isPartOf":{"@id":"https:\/\/mapsly.com\/#website"},"primaryImageOfPage":{"@id":"https:\/\/mapsly.com\/id\/livechat\/#primaryimage"},"image":{"@id":"https:\/\/mapsly.com\/id\/livechat\/#primaryimage"},"thumbnailUrl":"https:\/\/mapsly.com\/wp-content\/uploads\/2025\/09\/imageedit_2_5651476538-1-r73s64i5mp51rmzczigj3hqavw50kehp4uyir381nc.webp","datePublished":"2025-06-26T13:32:39+00:00","dateModified":"2025-10-19T20:26:21+00:00","breadcrumb":{"@id":"https:\/\/mapsly.com\/id\/livechat\/#breadcrumb"},"inLanguage":"fr-FR","potentialAction":[{"@type":"ReadAction","target":["https:\/\/mapsly.com\/id\/livechat\/"]}]},{"@type":"ImageObject","inLanguage":"fr-FR","@id":"https:\/\/mapsly.com\/id\/livechat\/#primaryimage","url":"https:\/\/mapsly.com\/wp-content\/uploads\/2025\/09\/imageedit_2_5651476538-1-r73s64i5mp51rmzczigj3hqavw50kehp4uyir381nc.webp","contentUrl":"https:\/\/mapsly.com\/wp-content\/uploads\/2025\/09\/imageedit_2_5651476538-1-r73s64i5mp51rmzczigj3hqavw50kehp4uyir381nc.webp"},{"@type":"BreadcrumbList","@id":"https:\/\/mapsly.com\/id\/livechat\/#breadcrumb","itemListElement":[{"@type":"ListItem","position":1,"name":"Home","item":"https:\/\/mapsly.com\/"},{"@type":"ListItem","position":2,"name":"Live chat with Mapsly team"}]},{"@type":"WebSite","@id":"https:\/\/mapsly.com\/#website","url":"https:\/\/mapsly.com\/","name":"Mapsly","description":"La carte CRM ultime","publisher":{"@id":"https:\/\/mapsly.com\/#organization"},"potentialAction":[{"@type":"SearchAction","target":{"@type":"EntryPoint","urlTemplate":"https:\/\/mapsly.com\/?s={search_term_string}"},"query-input":{"@type":"PropertyValueSpecification","valueRequired":true,"valueName":"search_term_string"}}],"inLanguage":"fr-FR"},{"@type":"Organization","@id":"https:\/\/mapsly.com\/#organization","name":"Mapsly","url":"https:\/\/mapsly.com\/","logo":{"@type":"ImageObject","inLanguage":"fr-FR","@id":"https:\/\/mapsly.com\/#\/schema\/logo\/image\/","url":"https:\/\/mapsly.com\/wp-content\/uploads\/2025\/06\/Mapsly-Logo-2x-BIG.png","contentUrl":"https:\/\/mapsly.com\/wp-content\/uploads\/2025\/06\/Mapsly-Logo-2x-BIG.png","width":280,"height":85,"caption":"Mapsly"},"image":{"@id":"https:\/\/mapsly.com\/#\/schema\/logo\/image\/"}}]}},"_links":{"self":[{"href":"https:\/\/mapsly.com\/fr\/wp-json\/wp\/v2\/pages\/320","targetHints":{"allow":["GET"]}}],"collection":[{"href":"https:\/\/mapsly.com\/fr\/wp-json\/wp\/v2\/pages"}],"about":[{"href":"https:\/\/mapsly.com\/fr\/wp-json\/wp\/v2\/types\/page"}],"author":[{"embeddable":true,"href":"https:\/\/mapsly.com\/fr\/wp-json\/wp\/v2\/users\/1"}],"replies":[{"embeddable":true,"href":"https:\/\/mapsly.com\/fr\/wp-json\/wp\/v2\/comments?post=320"}],"version-history":[{"count":16,"href":"https:\/\/mapsly.com\/fr\/wp-json\/wp\/v2\/pages\/320\/revisions"}],"predecessor-version":[{"id":22188,"href":"https:\/\/mapsly.com\/fr\/wp-json\/wp\/v2\/pages\/320\/revisions\/22188"}],"wp:attachment":[{"href":"https:\/\/mapsly.com\/fr\/wp-json\/wp\/v2\/media?parent=320"}],"curies":[{"name":"wp","href":"https:\/\/api.w.org\/{rel}","templated":true}]}}