{"id":279,"date":"2025-06-26T15:55:56","date_gmt":"2025-06-26T12:55:56","guid":{"rendered":"https:\/\/mapsly.com?page_id=279"},"modified":"2025-12-16T14:29:07","modified_gmt":"2025-12-16T11:29:07","slug":"access-control-and-sharing","status":"publish","type":"page","link":"https:\/\/mapsly.com\/fr\/access-control-and-sharing\/","title":{"rendered":"Contr\u00f4lez qui voit quoi dans Mapsly"},"content":{"rendered":"<div data-elementor-type=\"wp-page\" data-elementor-id=\"279\" class=\"elementor elementor-279\" data-elementor-post-type=\"page\">\n\t\t\t\t<div class=\"elementor-element elementor-element-7d73e3c e-flex e-con-boxed e-con e-parent\" data-id=\"7d73e3c\" data-element_type=\"container\" data-e-type=\"container\">\n\t\t\t\t\t<div class=\"e-con-inner\">\n\t\t\t\t<div class=\"elementor-element elementor-element-73a13d2 elementor-widget elementor-widget-heading\" data-id=\"73a13d2\" data-element_type=\"widget\" data-e-type=\"widget\" data-widget_type=\"heading.default\">\n\t\t\t\t<div class=\"elementor-widget-container\">\n\t\t\t\t\t<h2 class=\"elementor-heading-title elementor-size-default\">Contr\u00f4lez qui voit quoi dans Mapsly\n<\/h2>\t\t\t\t<\/div>\n\t\t\t\t<\/div>\n\t\t\t\t<div class=\"elementor-element elementor-element-3f9320f elementor-widget elementor-widget-text-editor\" data-id=\"3f9320f\" data-element_type=\"widget\" data-e-type=\"widget\" data-widget_type=\"text-editor.default\">\n\t\t\t\t<div class=\"elementor-widget-container\">\n\t\t\t\t\t\t\t\t\t<p>Configurez l'acc\u00e8s aux objets, \u00e0 leurs champs, aux enregistrements individuels et aux fonctionnalit\u00e9s de Mapsly en utilisant des profils utilisateur<\/p>\t\t\t\t\t\t\t\t<\/div>\n\t\t\t\t<\/div>\n\t\t\t\t\t<\/div>\n\t\t\t\t<\/div>\n\t\t<div class=\"elementor-element elementor-element-34eda8f4 e-flex e-con-boxed e-con e-parent\" data-id=\"34eda8f4\" data-element_type=\"container\" data-e-type=\"container\">\n\t\t\t\t\t<div class=\"e-con-inner\">\n\t\t\t\t<div class=\"elementor-element elementor-element-2332bdf6 elementor-widget elementor-widget-text-editor\" data-id=\"2332bdf6\" data-element_type=\"widget\" data-e-type=\"widget\" data-widget_type=\"text-editor.default\">\n\t\t\t\t<div class=\"elementor-widget-container\">\n\t\t\t\t\t\t\t\t\t\n<p>Chaque utilisateur de Mapsly se voit attribuer un profil utilisateur qui d\u00e9finit aux objets, aux enregistrements et aux fonctionnalit\u00e9s de Mapsly auxquels il aura acc\u00e8s, et d\u00e9termine s'il pourra seulement consulter ou \u00e9galement modifier (cr\u00e9er de nouveaux et mettre \u00e0 jour les existants) les enregistrements.<\/p>\n\n<p>Veuillez noter que les profils utilisateur (r\u00f4les) ne sont pas synchronis\u00e9s automatiquement avec votre CRM, ainsi, pour ajuster l'acc\u00e8s au-del\u00e0 de la configuration par d\u00e9faut de Mapsly, vous devrez cr\u00e9er et attribuer des profils utilisateur dans Mapsly ind\u00e9pendamment de votre CRM.<\/p>\n\n<h3 class=\"has-text-align-center wp-block-heading\"><strong>Profils par d\u00e9faut &amp; leur niveau d'acc\u00e8s<\/strong><\/h3>\n\n<p>Par d\u00e9faut, votre compte Mapsly dispose de deux profils utilisateur : Administrator et Standard user. Vous pouvez ajouter d'autres profils selon vos besoins.<\/p>\n\n<p>La personne qui a cr\u00e9\u00e9 le compte Mapsly et reli\u00e9 votre source de donn\u00e9es \u00e0 ce dernier devient automatiquement le premier administrateur de Mapsly.<\/p>\n\n<p>Si votre CRM prend en charge le Single Sign-On, les utilisateurs de votre organisation CRM qui se connectent \u00e0 Mapsly seront automatiquement ajout\u00e9s \u00e0 votre compte utilisateur en tant qu\u2019utilisateurs Standard. Par d\u00e9faut, les utilisateurs Standard se verront accorder automatiquement l'acc\u00e8s aux objets ajout\u00e9s lors de l'inscription du compte Mapsly, mais ils n'auront acc\u00e8s qu'aux dossiers qu'ils poss\u00e8dent (dans votre CRM).<\/p>\n\n<h2 class=\"has-text-align-center wp-block-heading\"><strong>Acc\u00e8s aux donn\u00e9es<\/strong><\/h2>\n\n<h3 class=\"has-text-align-center wp-block-heading\"><strong>Acc\u00e8s au niveau de l'objet et du champ. Propri\u00e9t\u00e9 d'enregistrement modifiable.<\/strong><\/h3>\n\n<p>Chaque objet dans un profil utilisateur poss\u00e8de deux droits : un pour les propri\u00e9taires de l'enregistrement et un pour les non-propri\u00e9taires. La propri\u00e9t\u00e9 est d\u00e9termin\u00e9e par le fait que l'ID CRM d'un utilisateur Mapsly corresponde \u00e0 la valeur dans le champ Owner d'un enregistrement particulier. Pour les enregistrements d'un objet appartenant \u00e0 l'utilisateur concern\u00e9, Mapsly appliquera les droits du propri\u00e9taire ; pour les autres enregistrements &#8211; ceux des non-propri\u00e9taires.<\/p>\n\n<p>L'identifiant utilisateur CRM et la correspondance du champ Owner pour tous les objets sont configurables, de sorte que vous pouvez \u00e9galement utiliser le concept de Ownership pour les utilisateurs Mapsly ajout\u00e9s manuellement qui ne sont PAS vos utilisateurs CRM.<\/p>\n\n<p>Les autorisations pour le propri\u00e9taire et les non-propri\u00e9taires peuvent \u00eatre r\u00e9gl\u00e9es sur Masquer, Afficher et Modifier. Alternativement, vous pouvez sp\u00e9cifier le niveau d\u2019acc\u00e8s pour chaque champ individuellement.<\/p>\n\n<h3 class=\"has-text-align-center wp-block-heading\"><span id=\"sharing\"><strong>R\u00e8gles de partage des enregistrements<\/strong><\/span><\/h3>\n\n<p>En plus des autorisations pour les propri\u00e9taires et les non-propri\u00e9taires des enregistrements, vous pouvez d\u00e9finir jusqu'\u00e0 deux r\u00e8gles de partage d'enregistrements, chacune compos\u00e9e d'une condition et de l'autorisation cible : lorsqu'un enregistrement r\u00e9pond \u00e0 la condition d'une r\u00e8gle, le niveau d'acc\u00e8s de l'utilisateur sera relev\u00e9 en fonction de l'autorisation sp\u00e9cifi\u00e9e, qui peut \u00e9galement \u00eatre Masquer, Afficher, Modifier ou d\u00e9finie au niveau de chaque champ.<\/p>\n\n<p>Veuillez noter que &#8211; par conception &#8211; les r\u00e8gles de partage ne peuvent \u00eatre utilis\u00e9es que pour augmenter le niveau d'acc\u00e8s (accorder des autorisations suppl\u00e9mentaires) aux enregistrements et ne peuvent pas \u00eatre utilis\u00e9es pour restreindre l'acc\u00e8s.<\/p>\n\n<h3 class=\"has-text-align-center wp-block-heading\"><strong>Acc\u00e8s aux fonctionnalit\u00e9s de Mapsly<\/strong><\/h3>\n\n<p>Dans un profil utilisateur, vous pouvez \u00e9galement d\u00e9sactiver certaines fonctionnalit\u00e9s de Mapsly auxquelles les utilisateurs ne devraient pas avoir acc\u00e8s (par exemple, l'exportation de donn\u00e9es vers un fichier ou la modification de la correspondance des champs pour l'exportation de prospects) et configurer diverses fonctionnalit\u00e9s de l'interface utilisateur (comme les panneaux lat\u00e9raux, le filtre de la barre de recherche et bien d'autres).<\/p>\n\n<figure class=\"wp-block-pullquote\">\n<blockquote>\n<p>Je ne suis pas s\u00fbr(e) de la mani\u00e8re d'ajuster l'acc\u00e8s aux donn\u00e9es ou aux fonctionnalit\u00e9s dans Mapsly. <br \/>\u2014 Demandez \u00e0 notre ing\u00e9nieur solutions !<br \/><a href=\"https:\/\/calendly.com\/mapsly-meeting\/quick-demo\" target=\"_blank\" rel=\"noopener\">Planifier un appel<\/a>.<\/p>\n<cite>ou discutez avec nous, nous sommes toujours en ligne<\/cite><\/blockquote>\n<\/figure>\n\n<div class=\"wp-block-spacer\" style=\"height: 100px;\" aria-hidden=\"true\">\u00a0<\/div>\n\n<h2 class=\"has-text-align-center wp-block-heading\" style=\"font-weight: bold; color: #222d39; margin-bottom: 30px;\">En savoir plus dans Mapsly Help Center<\/h2>\n\n<ul class=\"wp-block-list\" id=\"block-7ddd40ac-6029-4249-bb66-ea2ceb32afd3\">\n<li><a href=\"https:\/\/help.mapsly.com\/articles\/4337620\">Utilisez les profils utilisateurs pour ajuster l'acc\u00e8s aux donn\u00e9es et activer\/d\u00e9sactiver les fonctionnalit\u00e9s Mapsly pour des groupes d'utilisateurs<\/a>.<\/li>\n<li><a href=\"https:\/\/help.mapsly.com\/articles\/4353717\">Accordez l'acc\u00e8s aux enregistrements, ou \u00e0 leurs champs sp\u00e9cifiques, en fonction d'une condition<\/a>.<\/li>\n<\/ul>\n\n<div class=\"wp-block-spacer\" style=\"height: 100px;\" aria-hidden=\"true\">\u00a0<\/div>\n\t\t\t\t\t\t\t\t<\/div>\n\t\t\t\t<\/div>\n\t\t\t\t\t<\/div>\n\t\t\t\t<\/div>\n\t\t\t\t<\/div>","protected":false},"excerpt":{"rendered":"<p>Contr\u00f4lez qui voit quoi dans Mapsly. Configurez l'acc\u00e8s aux objets, \u00e0 leurs champs, aux enregistrements individuels et aux fonctionnalit\u00e9s de Mapsly \u00e0 l'aide de profils utilisateur. Chaque utilisateur Mapsly se voit attribuer un profil qui d\u00e9finit aux quels objets, enregistrements et fonctionnalit\u00e9s Mapsly il aura acc\u00e8s, et s'il pourra uniquement consulter ou \u00e9galement modifier (cr\u00e9er de nouveaux et [\u2026]<\/p>","protected":false},"author":1,"featured_media":0,"parent":0,"menu_order":0,"comment_status":"closed","ping_status":"closed","template":"elementor_header_footer","meta":{"_acf_changed":false,"footnotes":""},"class_list":["post-279","page","type-page","status-publish","hentry"],"acf":[],"yoast_head":"<!-- This site is optimized with the Yoast SEO plugin v26.6 - https:\/\/yoast.com\/wordpress\/plugins\/seo\/ -->\n<title>Control Who Sees What in Mapsly - Mapsly<\/title>\n<meta name=\"description\" content=\"Configure access to objects, their fields and Mapsly features using user profiles. Share individual records with record sharing rules.\" \/>\n<meta name=\"robots\" content=\"index, follow, max-snippet:-1, max-image-preview:large, max-video-preview:-1\" \/>\n<link rel=\"canonical\" href=\"https:\/\/mapsly.com\/fr\/access-control-and-sharing\/\" \/>\n<meta property=\"og:locale\" content=\"fr_FR\" \/>\n<meta property=\"og:type\" content=\"article\" \/>\n<meta property=\"og:title\" content=\"Control Who Sees What in Mapsly - Mapsly\" \/>\n<meta property=\"og:description\" content=\"Configure access to objects, their fields and Mapsly features using user profiles. Share individual records with record sharing rules.\" \/>\n<meta property=\"og:url\" content=\"https:\/\/mapsly.com\/fr\/access-control-and-sharing\/\" \/>\n<meta property=\"og:site_name\" content=\"Mapsly\" \/>\n<meta property=\"article:modified_time\" content=\"2025-12-16T11:29:07+00:00\" \/>\n<meta name=\"twitter:card\" content=\"summary_large_image\" \/>\n<meta name=\"twitter:label1\" content=\"Dur\u00e9e de lecture estim\u00e9e\" \/>\n\t<meta name=\"twitter:data1\" content=\"3 minutes\" \/>\n<script type=\"application\/ld+json\" class=\"yoast-schema-graph\">{\"@context\":\"https:\/\/schema.org\",\"@graph\":[{\"@type\":\"WebPage\",\"@id\":\"https:\/\/mapsly.com\/pt\/access-control-and-sharing\/\",\"url\":\"https:\/\/mapsly.com\/pt\/access-control-and-sharing\/\",\"name\":\"Control Who Sees What in Mapsly - Mapsly\",\"isPartOf\":{\"@id\":\"https:\/\/mapsly.com\/#website\"},\"datePublished\":\"2025-06-26T12:55:56+00:00\",\"dateModified\":\"2025-12-16T11:29:07+00:00\",\"description\":\"Configure access to objects, their fields and Mapsly features using user profiles. Share individual records with record sharing rules.\",\"breadcrumb\":{\"@id\":\"https:\/\/mapsly.com\/pt\/access-control-and-sharing\/#breadcrumb\"},\"inLanguage\":\"fr-FR\",\"potentialAction\":[{\"@type\":\"ReadAction\",\"target\":[\"https:\/\/mapsly.com\/pt\/access-control-and-sharing\/\"]}]},{\"@type\":\"BreadcrumbList\",\"@id\":\"https:\/\/mapsly.com\/pt\/access-control-and-sharing\/#breadcrumb\",\"itemListElement\":[{\"@type\":\"ListItem\",\"position\":1,\"name\":\"Home\",\"item\":\"https:\/\/mapsly.com\/\"},{\"@type\":\"ListItem\",\"position\":2,\"name\":\"Control Who Sees What in Mapsly\"}]},{\"@type\":\"WebSite\",\"@id\":\"https:\/\/mapsly.com\/#website\",\"url\":\"https:\/\/mapsly.com\/\",\"name\":\"Mapsly\",\"description\":\"The Ultimate CRM Map\",\"publisher\":{\"@id\":\"https:\/\/mapsly.com\/#organization\"},\"potentialAction\":[{\"@type\":\"SearchAction\",\"target\":{\"@type\":\"EntryPoint\",\"urlTemplate\":\"https:\/\/mapsly.com\/?s={search_term_string}\"},\"query-input\":{\"@type\":\"PropertyValueSpecification\",\"valueRequired\":true,\"valueName\":\"search_term_string\"}}],\"inLanguage\":\"fr-FR\"},{\"@type\":\"Organization\",\"@id\":\"https:\/\/mapsly.com\/#organization\",\"name\":\"Mapsly\",\"url\":\"https:\/\/mapsly.com\/\",\"logo\":{\"@type\":\"ImageObject\",\"inLanguage\":\"fr-FR\",\"@id\":\"https:\/\/mapsly.com\/#\/schema\/logo\/image\/\",\"url\":\"https:\/\/mapsly.com\/wp-content\/uploads\/2025\/06\/Mapsly-Logo-2x-BIG.png\",\"contentUrl\":\"https:\/\/mapsly.com\/wp-content\/uploads\/2025\/06\/Mapsly-Logo-2x-BIG.png\",\"width\":280,\"height\":85,\"caption\":\"Mapsly\"},\"image\":{\"@id\":\"https:\/\/mapsly.com\/#\/schema\/logo\/image\/\"}}]}<\/script>\n<!-- \/ Yoast SEO plugin. -->","yoast_head_json":{"title":"Contr\u00f4lez qui voit quoi dans Mapsly - Mapsly","description":"Configurez l'acc\u00e8s aux objets, \u00e0 leurs champs et aux fonctionnalit\u00e9s Mapsly \u00e0 l'aide des profils utilisateur. Partagez les enregistrements individuels avec des r\u00e8gles de partage d'enregistrements.","robots":{"index":"index","follow":"follow","max-snippet":"max-snippet:-1","max-image-preview":"max-image-preview:large","max-video-preview":"max-video-preview:-1"},"canonical":"https:\/\/mapsly.com\/fr\/access-control-and-sharing\/","og_locale":"fr_FR","og_type":"article","og_title":"Control Who Sees What in Mapsly - Mapsly","og_description":"Configure access to objects, their fields and Mapsly features using user profiles. Share individual records with record sharing rules.","og_url":"https:\/\/mapsly.com\/fr\/access-control-and-sharing\/","og_site_name":"Mapsly","article_modified_time":"2025-12-16T11:29:07+00:00","twitter_card":"summary_large_image","twitter_misc":{"Dur\u00e9e de lecture estim\u00e9e":"3 minutes"},"schema":{"@context":"https:\/\/schema.org","@graph":[{"@type":"WebPage","@id":"https:\/\/mapsly.com\/pt\/access-control-and-sharing\/","url":"https:\/\/mapsly.com\/pt\/access-control-and-sharing\/","name":"Contr\u00f4lez qui voit quoi dans Mapsly - Mapsly","isPartOf":{"@id":"https:\/\/mapsly.com\/#website"},"datePublished":"2025-06-26T12:55:56+00:00","dateModified":"2025-12-16T11:29:07+00:00","description":"Configurez l'acc\u00e8s aux objets, \u00e0 leurs champs et aux fonctionnalit\u00e9s Mapsly \u00e0 l'aide des profils utilisateur. Partagez les enregistrements individuels avec des r\u00e8gles de partage d'enregistrements.","breadcrumb":{"@id":"https:\/\/mapsly.com\/pt\/access-control-and-sharing\/#breadcrumb"},"inLanguage":"fr-FR","potentialAction":[{"@type":"ReadAction","target":["https:\/\/mapsly.com\/pt\/access-control-and-sharing\/"]}]},{"@type":"BreadcrumbList","@id":"https:\/\/mapsly.com\/pt\/access-control-and-sharing\/#breadcrumb","itemListElement":[{"@type":"ListItem","position":1,"name":"Home","item":"https:\/\/mapsly.com\/"},{"@type":"ListItem","position":2,"name":"Control Who Sees What in Mapsly"}]},{"@type":"WebSite","@id":"https:\/\/mapsly.com\/#website","url":"https:\/\/mapsly.com\/","name":"Mapsly","description":"La carte CRM ultime","publisher":{"@id":"https:\/\/mapsly.com\/#organization"},"potentialAction":[{"@type":"SearchAction","target":{"@type":"EntryPoint","urlTemplate":"https:\/\/mapsly.com\/?s={search_term_string}"},"query-input":{"@type":"PropertyValueSpecification","valueRequired":true,"valueName":"search_term_string"}}],"inLanguage":"fr-FR"},{"@type":"Organization","@id":"https:\/\/mapsly.com\/#organization","name":"Mapsly","url":"https:\/\/mapsly.com\/","logo":{"@type":"ImageObject","inLanguage":"fr-FR","@id":"https:\/\/mapsly.com\/#\/schema\/logo\/image\/","url":"https:\/\/mapsly.com\/wp-content\/uploads\/2025\/06\/Mapsly-Logo-2x-BIG.png","contentUrl":"https:\/\/mapsly.com\/wp-content\/uploads\/2025\/06\/Mapsly-Logo-2x-BIG.png","width":280,"height":85,"caption":"Mapsly"},"image":{"@id":"https:\/\/mapsly.com\/#\/schema\/logo\/image\/"}}]}},"_links":{"self":[{"href":"https:\/\/mapsly.com\/fr\/wp-json\/wp\/v2\/pages\/279","targetHints":{"allow":["GET"]}}],"collection":[{"href":"https:\/\/mapsly.com\/fr\/wp-json\/wp\/v2\/pages"}],"about":[{"href":"https:\/\/mapsly.com\/fr\/wp-json\/wp\/v2\/types\/page"}],"author":[{"embeddable":true,"href":"https:\/\/mapsly.com\/fr\/wp-json\/wp\/v2\/users\/1"}],"replies":[{"embeddable":true,"href":"https:\/\/mapsly.com\/fr\/wp-json\/wp\/v2\/comments?post=279"}],"version-history":[{"count":38,"href":"https:\/\/mapsly.com\/fr\/wp-json\/wp\/v2\/pages\/279\/revisions"}],"predecessor-version":[{"id":25117,"href":"https:\/\/mapsly.com\/fr\/wp-json\/wp\/v2\/pages\/279\/revisions\/25117"}],"wp:attachment":[{"href":"https:\/\/mapsly.com\/fr\/wp-json\/wp\/v2\/media?parent=279"}],"curies":[{"name":"wp","href":"https:\/\/api.w.org\/{rel}","templated":true}]}}