{"id":1863,"date":"2025-07-24T15:02:11","date_gmt":"2025-07-24T12:02:11","guid":{"rendered":"https:\/\/mapsly.com?page_id=1863"},"modified":"2026-02-20T11:14:27","modified_gmt":"2026-02-20T08:14:27","slug":"smartsheet-map","status":"publish","type":"page","link":"https:\/\/mapsly.com\/fr\/smartsheet-map\/","title":{"rendered":"Ajouter une carte en direct \u00e0 votre tableau de bord Smartsheet"},"content":{"rendered":"<div data-elementor-type=\"wp-page\" data-elementor-id=\"1863\" class=\"elementor elementor-1863\" data-elementor-post-type=\"page\">\n\t\t\t\t<div class=\"elementor-element elementor-element-145e482 e-flex e-con-boxed e-con e-parent\" data-id=\"145e482\" data-element_type=\"container\" data-e-type=\"container\">\n\t\t\t\t\t<div class=\"e-con-inner\">\n\t\t\t\t<div class=\"elementor-element elementor-element-1169e60 elementor-widget elementor-widget-heading\" data-id=\"1169e60\" data-element_type=\"widget\" data-e-type=\"widget\" data-widget_type=\"heading.default\">\n\t\t\t\t<div class=\"elementor-widget-container\">\n\t\t\t\t\t<h2 class=\"elementor-heading-title elementor-size-default\">Ajouter une carte en direct \u00e0 votre tableau de bord Smartsheet\n<\/h2>\t\t\t\t<\/div>\n\t\t\t\t<\/div>\n\t\t\t\t<div class=\"elementor-element elementor-element-06d7a25 elementor-widget elementor-widget-text-editor\" data-id=\"06d7a25\" data-element_type=\"widget\" data-e-type=\"widget\" data-widget_type=\"text-editor.default\">\n\t\t\t\t<div class=\"elementor-widget-container\">\n\t\t\t\t\t\t\t\t\t<p>Int\u00e9grez une carte interactive en direct avec les donn\u00e9es SmartSheet dans votre tableau de bord SmartSheet.<\/p>\t\t\t\t\t\t\t\t<\/div>\n\t\t\t\t<\/div>\n\t\t\t\t\t<\/div>\n\t\t\t\t<\/div>\n\t\t\t\t<section class=\"elementor-section elementor-top-section elementor-element elementor-element-66235526 elementor-section-boxed elementor-section-height-default elementor-section-height-default\" data-id=\"66235526\" data-element_type=\"section\" data-e-type=\"section\">\n\t\t\t\t\t\t<div class=\"elementor-container elementor-column-gap-default\">\n\t\t\t\t\t<div class=\"elementor-column elementor-col-100 elementor-top-column elementor-element elementor-element-29f009ef\" data-id=\"29f009ef\" data-element_type=\"column\" data-e-type=\"column\">\n\t\t\t<div class=\"elementor-widget-wrap elementor-element-populated\">\n\t\t\t\t\t\t<div class=\"elementor-element elementor-element-33c6fbb7 gutme  elementor-widget elementor-widget-text-editor\" data-id=\"33c6fbb7\" data-element_type=\"widget\" data-e-type=\"widget\" data-widget_type=\"text-editor.default\">\n\t\t\t\t<div class=\"elementor-widget-container\">\n\t\t\t\t\t\t\t\t\t\n<p>Ajoutez des cartes interactives en direct \u00e0 votre tableau de bord Smartsheet. La carte peut afficher les donn\u00e9es provenant d'une ou plusieurs feuilles de votre Smartsheet, CRM ou toute autre source de donn\u00e9es, ainsi que des territoires. Vous pouvez \u00e9galement ajouter des boutons, des formulaires et des actions personnalis\u00e9es \u2014 pour permettre aux utilisateurs de d\u00e9poser des demandes et des candidatures, de cr\u00e9er et de mettre \u00e0 jour des enregistrements et d'ex\u00e9cuter d'autres actions directement sur la carte int\u00e9gr\u00e9e.<\/p>\n\n<div class=\"wp-block-spacer\" style=\"height: 25px;\" aria-hidden=\"true\">\u00a0<\/div>\n\n<div class=\"wp-block-buttons is-content-justification-center is-layout-flex wp-block-buttons-is-layout-flex\">\n<div class=\"wp-block-button\"><a class=\"wp-block-button__link\" href=\"#demo\" rel=\"noreferrer noopener\">Afficher le tableau de bord Smartsheet de d\u00e9monstration<\/a><\/div>\n<\/div>\n\n<div class=\"wp-block-spacer\" style=\"height: 54px;\" aria-hidden=\"true\">\u00a0<\/div>\n\n<h2 class=\"has-text-align-center wp-block-heading\">Comment int\u00e9grer Mapsly dans le tableau de bord Smartsheet<\/h2>\n\n<p>La m\u00e9thode la plus courante pour int\u00e9grer Mapsly dans votre tableau de bord Smartsheet est d'utiliser le widget Contenu Web Smartsheet \u2014 ainsi, la carte sera int\u00e9gr\u00e9e directement dans votre tableau de bord et ce dernier se mettra automatiquement \u00e0 jour pour afficher les donn\u00e9es cartographiques les plus r\u00e9centes. Mais il est \u00e9galement possible d'ajouter Mapsly en utilisant un widget Raccourci ou Image \u2014 dans ce cas, votre tableau de bord ne contiendra qu'un lien qui ouvrira la carte Mapsly dans un nouvel onglet de navigateur.<\/p>\n\n<div class=\"wp-block-spacer\" style=\"height: 25px;\" aria-hidden=\"true\">\u00a0<\/div>\n\n<div class=\"wp-block-buttons is-content-justification-center is-layout-flex wp-block-buttons-is-layout-flex\">\n<div class=\"wp-block-button\"><a class=\"wp-block-button__link\" href=\"https:\/\/help.mapsly.com\/articles\/5377582\">Guide \u00e9tape par \u00e9tape pour ajouter une carte en direct \u00e0 votre tableau de bord Smartsheet <\/a><\/div>\n<\/div>\n\n<div class=\"wp-block-spacer\" style=\"height: 57px;\" aria-hidden=\"true\">\u00a0<\/div>\n\n<h2 class=\"has-text-align-center wp-block-heading\">Fr\u00e9quence des mises \u00e0 jour des donn\u00e9es sur les cartes int\u00e9gr\u00e9es<\/h2>\n\n<p>Par d\u00e9faut, Mapsly r\u00e9cup\u00e8re les donn\u00e9es nouvelles et mises \u00e0 jour d'une source de donn\u00e9es, comme votre Smartsheet connect\u00e9, toutes les 30 minutes. Ce d\u00e9lai peut \u00eatre r\u00e9duit \u00e0 10 minutes.<\/p>\n\n<p>Aussi\u00a0:<\/p>\n\n<ul class=\"wp-block-list\">\n<li>avec certaines sources de donn\u00e9es, comme HubSpot et Zendesk, la synchronisation des donn\u00e9es CRM en temps r\u00e9el vers Mapsly peut \u00eatre activ\u00e9e en quelques clics;<\/li>\n<li>pour d'autres sources de donn\u00e9es, vous pouvez configurer une synchronisation des donn\u00e9es CRM-&gt;Mapsly en temps r\u00e9el en utilisant des webhooks ou des appels API sortants depuis votre source de donn\u00e9es, comme Zoho CRM, Creatio, Quickbase et toute autre source de donn\u00e9es qui prend en charge l'une de ces fonctionnalit\u00e9s.<\/li>\n<\/ul>\n\n<h2 class=\"has-text-align-center wp-block-heading\">Les cartes int\u00e9gr\u00e9es sont flexibles et facilement configurables<\/h2>\n\n<p>Sur votre carte en direct, vous pouvez coloriser dynamiquement vos donn\u00e9es en fonction de crit\u00e8res personnalis\u00e9s \u00e0 l'aide des couches de carte et des filtres ; contr\u00f4ler ce que les utilisateurs voient avec des param\u00e8tres URL ; afficher les donn\u00e9es d'un ou plusieurs objets (feuilles) en m\u00eame temps. Pour chaque objet, vous pouvez ajuster ses propri\u00e9t\u00e9s de marqueur et les champs (colonnes de feuille) qui seront affich\u00e9s comme \u00e9tiquette du marqueur, dans la fen\u00eatre contextuelle de la carte, ou dans la fen\u00eatre contextuelle d'affichage de l'enregistrement que vous pouvez \u00e9galement activer.<\/p>\n\n<h2 class=\"has-text-align-center wp-block-heading\">Ajouter un filtre de recherche et une vue en liste<\/h2>\n\n<p>Vous pouvez \u00e9ventuellement utiliser un <a href=\"https:\/\/help.mapsly.com\/articles\/5187658\" target=\"_blank\" rel=\"noreferrer noopener\">Vue liste configurable<\/a> en combinaison avec le <a href=\"https:\/\/help.mapsly.com\/articles\/5361147\" target=\"_blank\" rel=\"noreferrer noopener\">filtre de la barre de recherche<\/a> afficher une liste r\u00e9tractable d'enregistrements (lignes de feuille) \u00e0 gauche sur la carte et\/ou offrir \u00e0 l'utilisateur la possibilit\u00e9 d'ajuster l'ensemble de donn\u00e9es affich\u00e9 sur la carte et de rechercher des enregistrements particuliers.<\/p>\n\n<h2 class=\"has-text-align-center wp-block-heading\">Ajouter des territoires<\/h2>\n\n<p>Vous pouvez afficher <a href=\"\/fr\/territories\/\">territoires<\/a>, les deux <a href=\"\/fr\/draw-and-assign-territories\/\">dessin\u00e9 \u00e0 la main<\/a> et <a href=\"\/fr\/boundaries-of-zip-codes-counties-census-areas\/\">cr\u00e9\u00e9 en utilisant la g\u00e9o-biblioth\u00e8que<\/a> (par exemple, des zones de code postal ou des comt\u00e9s) et leur <a href=\"\/fr\/aggregate-metrics-demographics\/\">champs de donn\u00e9es comprenant les donn\u00e9es d\u00e9mographiques et les m\u00e9triques agr\u00e9g\u00e9es<\/a> calcul\u00e9 automatiquement en fonction des donn\u00e9es provenant des enregistrements situ\u00e9s dans ces territoires.<\/p>\n\n<h2 class=\"has-text-align-center wp-block-heading\">Ajouter le panneau Couches et la vue Tableau<\/h2>\n\n<p>Il est \u00e9galement possible d\u2019activer <a href=\"\/fr\/map-layers-filters\/\"><em>Couches <\/em>volet<\/a> et <em><a href=\"\/fr\/table-view-with-nearby-search\/\">Vue tableau<\/a> <\/em>sur les cartes partag\u00e9es. S'il vous pla\u00eet, <a href=\"#openChat\">\u00e9crivez-nous dans le chat<\/a> pour avoir ces deux fonctionnalit\u00e9s activ\u00e9es pour les cartes partag\u00e9es sur votre compte.<\/p>\n\n<h2 class=\"has-text-align-center wp-block-heading\">Ajouter des boutons, des formulaires et de l'automatisation<\/h2>\n\n<p>Vous pouvez rendre vos cartes int\u00e9gr\u00e9es plus interactives en les pla\u00e7ant <a href=\"\/fr\/automation\/\">boutons et formulaires personnalis\u00e9s<\/a> au popup de carte d'un enregistrement ou aux popups de vue d'enregistrement \u2014 pour permettre aux utilisateurs de soumettre des donn\u00e9es, des demandes, d\u00e9clencher des workflows et tout autre processus personnalis\u00e9.<\/p>\n\t\t\t\t\t\t\t\t<\/div>\n\t\t\t\t<\/div>\n\t\t\t\t<div class=\"elementor-element elementor-element-e7f5083 elementor-widget elementor-widget-menu-anchor\" data-id=\"e7f5083\" data-element_type=\"widget\" data-e-type=\"widget\" data-widget_type=\"menu-anchor.default\">\n\t\t\t\t<div class=\"elementor-widget-container\">\n\t\t\t\t\t\t\t<div class=\"elementor-menu-anchor\" id=\"demo\"><\/div>\n\t\t\t\t\t\t<\/div>\n\t\t\t\t<\/div>\n\t\t\t\t<div class=\"elementor-element elementor-element-6293268b elementor-widget elementor-widget-heading\" data-id=\"6293268b\" data-element_type=\"widget\" data-e-type=\"widget\" data-widget_type=\"heading.default\">\n\t\t\t\t<div class=\"elementor-widget-container\">\n\t\t\t\t\t<h2 class=\"elementor-heading-title elementor-size-default\">D\u00e9mo du tableau de bord Smartsheet<\/h2>\t\t\t\t<\/div>\n\t\t\t\t<\/div>\n\t\t\t\t<div class=\"elementor-element elementor-element-536500c7 elementor-widget elementor-widget-html\" data-id=\"536500c7\" data-element_type=\"widget\" data-e-type=\"widget\" data-widget_type=\"html.default\">\n\t\t\t\t<div class=\"elementor-widget-container\">\n\t\t\t\t\t<iframe width=\"1000\" height=\"1100\" frameborder=\"0\" src=\"https:\/\/app.smartsheet.com\/b\/publish?EQBCT=37ebb1c3c34a4c9481c195cc86c0536a\"><\/iframe>\t\t\t\t<\/div>\n\t\t\t\t<\/div>\n\t\t\t\t<div class=\"elementor-element elementor-element-4efc9b98 gutme elementor-widget elementor-widget-text-editor\" data-id=\"4efc9b98\" data-element_type=\"widget\" data-e-type=\"widget\" data-widget_type=\"text-editor.default\">\n\t\t\t\t<div class=\"elementor-widget-container\">\n\t\t\t\t\t\t\t\t\t\n<p>\u00a0<\/p>\n\n<figure class=\"wp-block-pullquote\">\n<blockquote>\n<p>L'\u00e9quipe de mise en \u0153uvre de Mapsly \u00e9tudiera votre sc\u00e9nario d'utilisation et configurera des cartes partag\u00e9es pour vous, afin que vous puissiez vous concentrer sur votre activit\u00e9. <br \/><a href=\"https:\/\/calendly.com\/mapsly-meeting\/quick-demo\" target=\"_blank\" rel=\"noopener\">Planifiez un appel web aujourd'hui<\/a>.<\/p>\n<cite>Ou demandez-nous n'importe quoi en chat, nous sommes toujours en ligne<\/cite><\/blockquote>\n<\/figure>\n\n<div class=\"wp-block-spacer\" style=\"height: 100px;\" aria-hidden=\"true\">\u00a0<\/div>\n\n<div class=\"wp-block-buttons is-content-justification-center is-layout-flex wp-block-buttons-is-layout-flex\">\n<div class=\"wp-block-button\"><a class=\"wp-block-button__link\" href=\"\/fr\/shared-interactive-maps\/\">En savoir plus sur les cartes partag\u00e9es<\/a><\/div>\n<\/div>\n\n<div class=\"wp-block-spacer\" style=\"height: 100px;\" aria-hidden=\"true\">\u00a0<\/div>\n\n<p>\u00a0<\/p>\n\t\t\t\t\t\t\t\t<\/div>\n\t\t\t\t<\/div>\n\t\t\t\t\t<\/div>\n\t\t<\/div>\n\t\t\t\t\t<\/div>\n\t\t<\/section>\n\t\t\t\t<\/div>","protected":false},"excerpt":{"rendered":"<p>Ajoutez une carte en direct \u00e0 votre tableau de bord Smartsheet\nInt\u00e9grez une carte interactive en direct avec les donn\u00e9es Smartsheet dans votre tableau de bord Smartsheet\nAjoutez des cartes interactives en direct \u00e0 votre tableau de bord Smartsheet. La carte peut afficher les donn\u00e9es d'une ou plusieurs feuilles de votre Smartsheet, CRM ou toute autre source de donn\u00e9es, ainsi que des territoires. Vous pouvez \u00e9galement ajouter des boutons, [&hellip;]<\/p>","protected":false},"author":2,"featured_media":0,"parent":0,"menu_order":0,"comment_status":"closed","ping_status":"closed","template":"elementor_header_footer","meta":{"_acf_changed":false,"footnotes":""},"class_list":["post-1863","page","type-page","status-publish","hentry"],"acf":[],"yoast_head":"<!-- This site is optimized with the Yoast SEO plugin v26.6 - https:\/\/yoast.com\/wordpress\/plugins\/seo\/ -->\n<title>Add Live Map to Your Smartsheet Dashboard - Mapsly<\/title>\n<meta name=\"description\" content=\"Embed a live interactive map to your SmartSheet dashboard. Map data is synced in real time with your SmartSheet, CRM or any other data source.\" \/>\n<meta name=\"robots\" content=\"index, follow, max-snippet:-1, max-image-preview:large, max-video-preview:-1\" \/>\n<link rel=\"canonical\" href=\"https:\/\/mapsly.com\/fr\/smartsheet-map\/\" \/>\n<meta property=\"og:locale\" content=\"fr_FR\" \/>\n<meta property=\"og:type\" content=\"article\" \/>\n<meta property=\"og:title\" content=\"Add Live Map to Your Smartsheet Dashboard - Mapsly\" \/>\n<meta property=\"og:description\" content=\"Embed a live interactive map to your SmartSheet dashboard. Map data is synced in real time with your SmartSheet, CRM or any other data source.\" \/>\n<meta property=\"og:url\" content=\"https:\/\/mapsly.com\/fr\/smartsheet-map\/\" \/>\n<meta property=\"og:site_name\" content=\"Mapsly\" \/>\n<meta property=\"article:modified_time\" content=\"2026-02-20T08:14:27+00:00\" \/>\n<meta name=\"twitter:card\" content=\"summary_large_image\" \/>\n<meta name=\"twitter:label1\" content=\"Dur\u00e9e de lecture estim\u00e9e\" \/>\n\t<meta name=\"twitter:data1\" content=\"3 minutes\" \/>\n<script type=\"application\/ld+json\" class=\"yoast-schema-graph\">{\"@context\":\"https:\/\/schema.org\",\"@graph\":[{\"@type\":\"WebPage\",\"@id\":\"https:\/\/mapsly.com\/smartsheet-map\/\",\"url\":\"https:\/\/mapsly.com\/smartsheet-map\/\",\"name\":\"Add Live Map to Your Smartsheet Dashboard - Mapsly\",\"isPartOf\":{\"@id\":\"https:\/\/mapsly.com\/#website\"},\"datePublished\":\"2025-07-24T12:02:11+00:00\",\"dateModified\":\"2026-02-20T08:14:27+00:00\",\"description\":\"Embed a live interactive map to your SmartSheet dashboard. Map data is synced in real time with your SmartSheet, CRM or any other data source.\",\"breadcrumb\":{\"@id\":\"https:\/\/mapsly.com\/smartsheet-map\/#breadcrumb\"},\"inLanguage\":\"fr-FR\",\"potentialAction\":[{\"@type\":\"ReadAction\",\"target\":[\"https:\/\/mapsly.com\/smartsheet-map\/\"]}]},{\"@type\":\"BreadcrumbList\",\"@id\":\"https:\/\/mapsly.com\/smartsheet-map\/#breadcrumb\",\"itemListElement\":[{\"@type\":\"ListItem\",\"position\":1,\"name\":\"Home\",\"item\":\"https:\/\/mapsly.com\/\"},{\"@type\":\"ListItem\",\"position\":2,\"name\":\"Add Live Map to Your Smartsheet Dashboard\"}]},{\"@type\":\"WebSite\",\"@id\":\"https:\/\/mapsly.com\/#website\",\"url\":\"https:\/\/mapsly.com\/\",\"name\":\"Mapsly\",\"description\":\"The Ultimate CRM Map\",\"publisher\":{\"@id\":\"https:\/\/mapsly.com\/#organization\"},\"potentialAction\":[{\"@type\":\"SearchAction\",\"target\":{\"@type\":\"EntryPoint\",\"urlTemplate\":\"https:\/\/mapsly.com\/?s={search_term_string}\"},\"query-input\":{\"@type\":\"PropertyValueSpecification\",\"valueRequired\":true,\"valueName\":\"search_term_string\"}}],\"inLanguage\":\"fr-FR\"},{\"@type\":\"Organization\",\"@id\":\"https:\/\/mapsly.com\/#organization\",\"name\":\"Mapsly\",\"url\":\"https:\/\/mapsly.com\/\",\"logo\":{\"@type\":\"ImageObject\",\"inLanguage\":\"fr-FR\",\"@id\":\"https:\/\/mapsly.com\/#\/schema\/logo\/image\/\",\"url\":\"https:\/\/mapsly.com\/wp-content\/uploads\/2025\/06\/Mapsly-Logo-2x-BIG.png\",\"contentUrl\":\"https:\/\/mapsly.com\/wp-content\/uploads\/2025\/06\/Mapsly-Logo-2x-BIG.png\",\"width\":280,\"height\":85,\"caption\":\"Mapsly\"},\"image\":{\"@id\":\"https:\/\/mapsly.com\/#\/schema\/logo\/image\/\"}}]}<\/script>\n<!-- \/ Yoast SEO plugin. -->","yoast_head_json":{"title":"Ajouter une carte en direct \u00e0 votre tableau de bord Smartsheet - Mapsly","description":"Int\u00e9grez une carte interactive en direct \u00e0 votre tableau de bord SmartSheet. Les donn\u00e9es cartographiques sont synchronis\u00e9es en temps r\u00e9el avec votre SmartSheet, CRM ou toute autre source de donn\u00e9es.","robots":{"index":"index","follow":"follow","max-snippet":"max-snippet:-1","max-image-preview":"max-image-preview:large","max-video-preview":"max-video-preview:-1"},"canonical":"https:\/\/mapsly.com\/fr\/smartsheet-map\/","og_locale":"fr_FR","og_type":"article","og_title":"Add Live Map to Your Smartsheet Dashboard - Mapsly","og_description":"Embed a live interactive map to your SmartSheet dashboard. Map data is synced in real time with your SmartSheet, CRM or any other data source.","og_url":"https:\/\/mapsly.com\/fr\/smartsheet-map\/","og_site_name":"Mapsly","article_modified_time":"2026-02-20T08:14:27+00:00","twitter_card":"summary_large_image","twitter_misc":{"Dur\u00e9e de lecture estim\u00e9e":"3 minutes"},"schema":{"@context":"https:\/\/schema.org","@graph":[{"@type":"WebPage","@id":"https:\/\/mapsly.com\/smartsheet-map\/","url":"https:\/\/mapsly.com\/smartsheet-map\/","name":"Ajouter une carte en direct \u00e0 votre tableau de bord Smartsheet - Mapsly","isPartOf":{"@id":"https:\/\/mapsly.com\/#website"},"datePublished":"2025-07-24T12:02:11+00:00","dateModified":"2026-02-20T08:14:27+00:00","description":"Int\u00e9grez une carte interactive en direct \u00e0 votre tableau de bord SmartSheet. Les donn\u00e9es cartographiques sont synchronis\u00e9es en temps r\u00e9el avec votre SmartSheet, CRM ou toute autre source de donn\u00e9es.","breadcrumb":{"@id":"https:\/\/mapsly.com\/smartsheet-map\/#breadcrumb"},"inLanguage":"fr-FR","potentialAction":[{"@type":"ReadAction","target":["https:\/\/mapsly.com\/smartsheet-map\/"]}]},{"@type":"BreadcrumbList","@id":"https:\/\/mapsly.com\/smartsheet-map\/#breadcrumb","itemListElement":[{"@type":"ListItem","position":1,"name":"Home","item":"https:\/\/mapsly.com\/"},{"@type":"ListItem","position":2,"name":"Add Live Map to Your Smartsheet Dashboard"}]},{"@type":"WebSite","@id":"https:\/\/mapsly.com\/#website","url":"https:\/\/mapsly.com\/","name":"Mapsly","description":"La carte CRM ultime","publisher":{"@id":"https:\/\/mapsly.com\/#organization"},"potentialAction":[{"@type":"SearchAction","target":{"@type":"EntryPoint","urlTemplate":"https:\/\/mapsly.com\/?s={search_term_string}"},"query-input":{"@type":"PropertyValueSpecification","valueRequired":true,"valueName":"search_term_string"}}],"inLanguage":"fr-FR"},{"@type":"Organization","@id":"https:\/\/mapsly.com\/#organization","name":"Mapsly","url":"https:\/\/mapsly.com\/","logo":{"@type":"ImageObject","inLanguage":"fr-FR","@id":"https:\/\/mapsly.com\/#\/schema\/logo\/image\/","url":"https:\/\/mapsly.com\/wp-content\/uploads\/2025\/06\/Mapsly-Logo-2x-BIG.png","contentUrl":"https:\/\/mapsly.com\/wp-content\/uploads\/2025\/06\/Mapsly-Logo-2x-BIG.png","width":280,"height":85,"caption":"Mapsly"},"image":{"@id":"https:\/\/mapsly.com\/#\/schema\/logo\/image\/"}}]}},"_links":{"self":[{"href":"https:\/\/mapsly.com\/fr\/wp-json\/wp\/v2\/pages\/1863","targetHints":{"allow":["GET"]}}],"collection":[{"href":"https:\/\/mapsly.com\/fr\/wp-json\/wp\/v2\/pages"}],"about":[{"href":"https:\/\/mapsly.com\/fr\/wp-json\/wp\/v2\/types\/page"}],"author":[{"embeddable":true,"href":"https:\/\/mapsly.com\/fr\/wp-json\/wp\/v2\/users\/2"}],"replies":[{"embeddable":true,"href":"https:\/\/mapsly.com\/fr\/wp-json\/wp\/v2\/comments?post=1863"}],"version-history":[{"count":40,"href":"https:\/\/mapsly.com\/fr\/wp-json\/wp\/v2\/pages\/1863\/revisions"}],"predecessor-version":[{"id":25114,"href":"https:\/\/mapsly.com\/fr\/wp-json\/wp\/v2\/pages\/1863\/revisions\/25114"}],"wp:attachment":[{"href":"https:\/\/mapsly.com\/fr\/wp-json\/wp\/v2\/media?parent=1863"}],"curies":[{"name":"wp","href":"https:\/\/api.w.org\/{rel}","templated":true}]}}