{"id":432,"date":"2025-06-26T17:07:05","date_gmt":"2025-06-26T14:07:05","guid":{"rendered":"https:\/\/mapsly.com?page_id=432"},"modified":"2025-10-19T23:57:18","modified_gmt":"2025-10-19T20:57:18","slug":"usage-limits-and-add-ons","status":"publish","type":"page","link":"https:\/\/mapsly.com\/es\/usage-limits-and-add-ons\/","title":{"rendered":"L\u00edmites de Uso y Complementos"},"content":{"rendered":"<div data-elementor-type=\"wp-page\" data-elementor-id=\"432\" class=\"elementor elementor-432\" data-elementor-post-type=\"page\">\n\t\t\t\t<div class=\"elementor-element elementor-element-7428fc4f e-flex e-con-boxed e-con e-parent\" data-id=\"7428fc4f\" data-element_type=\"container\" data-e-type=\"container\">\n\t\t\t\t\t<div class=\"e-con-inner\">\n\t\t\t\t<div class=\"elementor-element elementor-element-7e7bacb elementor-widget elementor-widget-text-editor\" data-id=\"7e7bacb\" data-element_type=\"widget\" data-e-type=\"widget\" data-widget_type=\"text-editor.default\">\n\t\t\t\t<div class=\"elementor-widget-container\">\n\t\t\t\t\t\t\t\t\t<p>Aprenda c\u00f3mo su suscripci\u00f3n de Mapsly se ajusta para adaptarse al uso de varias funciones de Mapsly.<\/p>\t\t\t\t\t\t\t\t<\/div>\n\t\t\t\t<\/div>\n\t\t\t\t<div class=\"elementor-element elementor-element-5faf514d text-ed-subpr elementor-widget elementor-widget-text-editor\" data-id=\"5faf514d\" data-element_type=\"widget\" data-e-type=\"widget\" data-widget_type=\"text-editor.default\">\n\t\t\t\t<div class=\"elementor-widget-container\">\n\t\t\t\t\t\t\t\t\t\n<p>Los planes de precios de Mapsly imponen l\u00edmites est\u00e1ndar en el uso de enrutamiento, automatizaci\u00f3n, API y territorios que pueden aumentarse al actualizar a un plan superior o aplicar complementos seg\u00fan el l\u00edmite, como se describe a continuaci\u00f3n.<\/p>\n\n<h2 class=\"wp-block-heading\">L\u00edmites de enrutamiento (diarios)<\/h2>\n\n<p>El n\u00famero total m\u00e1ximo de rutas que todos sus usuarios combinados pueden crear en un d\u00eda calendario que comienza a las 00:00 UTC depende del plan de suscripci\u00f3n:<\/p>\n\n<ul class=\"wp-block-list\">\n<li>activado <strong>Essential<\/strong>100 rutas * n\u00famero de usuarios<\/li>\n\n<li>activado <strong>Pro<\/strong>500 rutas * n\u00famero de usuarios<\/li>\n\n<li>activado <strong>Enterprise<\/strong>: ilimitado.<\/li>\n<\/ul>\n\n<p>Para aumentar este l\u00edmite, actualice a un plan superior.<\/p>\n\n<h2 class=\"wp-block-heading\">L\u00edmites del Territorio (Est\u00e1tico)<\/h2>\n\n<p>Estos l\u00edmites establecen el valor m\u00e1ximo que las m\u00e9tricas indicadas pueden tener en cualquier momento y se aplican a <strong>Pro <\/strong>y <strong>Enterprise <\/strong>planes. <strong>Essential <\/strong>no incluye territorios).<\/p>\n\n<figure class=\"wp-block-table\">\n<table>\n<tbody>\n<tr>\n<td><strong>M\u00e9trica<\/strong><\/td>\n<td><strong>Incluido<\/strong><\/td>\n<td><strong><strong>Tama\u00f1o del incremento<\/strong><\/strong><\/td>\n<td><strong>Precio por <strong>incremento<\/strong><\/strong><\/td>\n<\/tr>\n<tr>\n<td>Territorios de asignaci\u00f3n*<\/td>\n<td>50<\/td>\n<td>50<\/td>\n<td>$25<\/td>\n<\/tr>\n<tr>\n<td>M\u00e9trica de territorio calculada**<\/td>\n<td>100<\/td>\n<td>50<\/td>\n<td>$25<\/td>\n<\/tr>\n<\/tbody>\n<\/table>\n<\/figure>\n\n<p>(*) Un <em>territorio de asignaci\u00f3n <\/em>es un territorio al que se asignan autom\u00e1ticamente los registros. Todos los territorios en un grupo de territorios marcado como <em>Asignar registros<\/em> <em>a los territorios en este grupo<\/em> son territorios de asignaci\u00f3n y cuentan para este l\u00edmite. Un ejemplo de territorios no asignados que no cuentan para este l\u00edmite es un grupo de territorios construido a partir de la biblioteca geogr\u00e1fica para ver m\u00e9tricas demogr\u00e1ficas (que no est\u00e1 marcado como <em>Asigne registros a los territorios en este grupo<\/em>).<\/p>\n\n<p>(**) A <em>m\u00e9trica de territorio calculada<\/em> es una m\u00e9trica personalizada calculada en base a datos de registros ubicados en un territorio. Por ejemplo, puede tener una m\u00e9trica as\u00ed en un grupo de 100 territorios, o 5 m\u00e9tricas en un grupo de 20, o 10 m\u00e9tricas en un grupo de 10. (Las m\u00e9tricas demogr\u00e1ficas no se calculan, por lo que cuentan para este l\u00edmite.)<\/p>\n\n<p>Cuando agregas territorios o m\u00e9tricas por encima del l\u00edmite, Mapsly te pedir\u00e1 que confirmes la aplicaci\u00f3n de los complementos apropiados para adaptarse a tu uso real.<\/p>\n\n<h2 class=\"wp-block-heading\">L\u00edmites de API y Automatizaci\u00f3n (Diarios)<\/h2>\n\n<p>Estos l\u00edmites establecen el n\u00famero m\u00e1ximo de llamadas (ejecuciones) por d\u00eda calendario que comienza a las 00:00 UTC y se aplican a <strong>Pro <\/strong>y <strong>Enterprise <\/strong>planes. <strong>Essential <\/strong>no incluye acceso a la automatizaci\u00f3n ni a la API).<\/p>\n\n<figure class=\"wp-block-table\">\n<table>\n<tbody>\n<tr>\n<td><strong>M\u00e9trica<\/strong><\/td>\n<td><strong>Incluido<\/strong><\/td>\n<td><strong>Tama\u00f1o del incremento<\/strong><\/td>\n<td><strong>Precio por incremento<\/strong><\/td>\n<\/tr>\n<tr>\n<td>Reglas de flujo de trabajo<\/td>\n<td>5,000<\/td>\n<td>5,000<\/td>\n<td>$25<\/td>\n<\/tr>\n<tr>\n<td>API Entrante<\/td>\n<td>5,000<\/td>\n<td>5,000<\/td>\n<td>$25<\/td>\n<\/tr>\n<tr>\n<td>Webhooks salientes<\/td>\n<td>5,000<\/td>\n<td>5,000<\/td>\n<td>$25<\/td>\n<\/tr>\n<tr>\n<td>Funciones personalizadas<\/td>\n<td>1,000<\/td>\n<td>1,000<\/td>\n<td>$25<\/td>\n<\/tr>\n<tr>\n<td>acciones \"Enviar correo electr\u00f3nico\"<\/td>\n<td>500<\/td>\n<td>500<\/td>\n<td>$25<\/td>\n<\/tr>\n<tr>\n<td>Ejecuciones de las acciones \u201cMatch records\u201d que utilizan distancia o tiempo de viaje, y llamadas combinadas a TravelingDistance\/TravelingTime<\/td>\n<td>1,000<\/td>\n<td>1,000<\/td>\n<td>$25<\/td>\n<\/tr>\n<\/tbody>\n<\/table>\n<\/figure>\n\n<p>Seg\u00fan su preferencia, cuando se alcance un l\u00edmite, Mapsly realizar\u00e1 una de las siguientes acciones:<\/p>\n\n<ul class=\"wp-block-list\">\n<li>Las reglas de flujo de trabajo, acciones y llamadas API afectadas por el l\u00edmite alcanzado fallar\u00e1n hasta el final del d\u00eda actual y se reanudar\u00e1n cuando se restablezca el l\u00edmite.<\/li>\n\n<li>Mapsly puede aplicar autom\u00e1ticamente los complementos adecuados que elevar\u00e1n inmediatamente este l\u00edmite para evitar fallos. A pesar de que el l\u00edmite se aumentar\u00e1 inmediatamente, el precio actualizado de la suscripci\u00f3n s\u00f3lo se cobrar\u00e1 en la pr\u00f3xima fecha de facturaci\u00f3n, ofreci\u00e9ndole un per\u00edodo de gracia para decidir si desea mantener el nuevo nivel de automatizaci\u00f3n o reducirlo al nivel anterior y solicitar que se quiten estos complementos.<\/li>\n<\/ul>\n\n<p>Tenga en cuenta que una vez aplicados, los complementos no se eliminan autom\u00e1ticamente si su uso disminuye y ya no necesita los l\u00edmites aumentados. Si desea eliminar un complemento, p\u00f3ngase en contacto con nosotros a trav\u00e9s del chat para solicitar su eliminaci\u00f3n.<\/p>\n\t\t\t\t\t\t\t\t<\/div>\n\t\t\t\t<\/div>\n\t\t\t\t\t<\/div>\n\t\t\t\t<\/div>\n\t\t\t\t<\/div>","protected":false},"excerpt":{"rendered":"<p>Aprenda c\u00f3mo su suscripci\u00f3n a Mapsly se ajusta para adaptarse al uso de varias funciones de Mapsly. Los planes de precios de Mapsly imponen l\u00edmites est\u00e1ndar en el uso de enrutamiento, automatizaci\u00f3n, API y territorios que pueden aumentarse al actualizar a un plan superior o aplicar complementos seg\u00fan el l\u00edmite, como se describe a continuaci\u00f3n. L\u00edmites de enrutamiento (diarios) El n\u00famero total m\u00e1ximo de [&hellip;]<\/p>","protected":false},"author":1,"featured_media":0,"parent":0,"menu_order":0,"comment_status":"closed","ping_status":"closed","template":"","meta":{"_acf_changed":false,"footnotes":""},"class_list":["post-432","page","type-page","status-publish","hentry"],"acf":[],"yoast_head":"<!-- This site is optimized with the Yoast SEO plugin v26.6 - https:\/\/yoast.com\/wordpress\/plugins\/seo\/ -->\n<title>Usage Limits and Add-ons - Mapsly<\/title>\n<meta name=\"robots\" content=\"index, follow, max-snippet:-1, max-image-preview:large, max-video-preview:-1\" \/>\n<link rel=\"canonical\" href=\"https:\/\/mapsly.com\/es\/usage-limits-and-add-ons\/\" \/>\n<meta property=\"og:locale\" content=\"es_ES\" \/>\n<meta property=\"og:type\" content=\"article\" \/>\n<meta property=\"og:title\" content=\"Usage Limits and Add-ons - Mapsly\" \/>\n<meta property=\"og:description\" content=\"Learn how your Mapsly subscription adjusts to accommodate your usage of various Mapsly features Mapsly pricing plans impose standard limits on usage of routing, automation, API and territories that can be raised by upgrading to a higher plan or applying add-ons depending on the limit, as described below. Routing Limits (Daily) The maximum total number [&hellip;]\" \/>\n<meta property=\"og:url\" content=\"https:\/\/mapsly.com\/es\/usage-limits-and-add-ons\/\" \/>\n<meta property=\"og:site_name\" content=\"Mapsly\" \/>\n<meta property=\"article:modified_time\" content=\"2025-10-19T20:57:18+00:00\" \/>\n<meta name=\"twitter:card\" content=\"summary_large_image\" \/>\n<meta name=\"twitter:label1\" content=\"Tiempo de lectura\" \/>\n\t<meta name=\"twitter:data1\" content=\"3 minutos\" \/>\n<script type=\"application\/ld+json\" class=\"yoast-schema-graph\">{\"@context\":\"https:\/\/schema.org\",\"@graph\":[{\"@type\":\"WebPage\",\"@id\":\"https:\/\/mapsly.com\/zh\/usage-limits-and-add-ons\/\",\"url\":\"https:\/\/mapsly.com\/zh\/usage-limits-and-add-ons\/\",\"name\":\"Usage Limits and Add-ons - Mapsly\",\"isPartOf\":{\"@id\":\"https:\/\/mapsly.com\/#website\"},\"datePublished\":\"2025-06-26T14:07:05+00:00\",\"dateModified\":\"2025-10-19T20:57:18+00:00\",\"breadcrumb\":{\"@id\":\"https:\/\/mapsly.com\/zh\/usage-limits-and-add-ons\/#breadcrumb\"},\"inLanguage\":\"es\",\"potentialAction\":[{\"@type\":\"ReadAction\",\"target\":[\"https:\/\/mapsly.com\/zh\/usage-limits-and-add-ons\/\"]}]},{\"@type\":\"BreadcrumbList\",\"@id\":\"https:\/\/mapsly.com\/zh\/usage-limits-and-add-ons\/#breadcrumb\",\"itemListElement\":[{\"@type\":\"ListItem\",\"position\":1,\"name\":\"Home\",\"item\":\"https:\/\/mapsly.com\/\"},{\"@type\":\"ListItem\",\"position\":2,\"name\":\"Usage Limits and Add-ons\"}]},{\"@type\":\"WebSite\",\"@id\":\"https:\/\/mapsly.com\/#website\",\"url\":\"https:\/\/mapsly.com\/\",\"name\":\"Mapsly\",\"description\":\"The Ultimate CRM Map\",\"publisher\":{\"@id\":\"https:\/\/mapsly.com\/#organization\"},\"potentialAction\":[{\"@type\":\"SearchAction\",\"target\":{\"@type\":\"EntryPoint\",\"urlTemplate\":\"https:\/\/mapsly.com\/?s={search_term_string}\"},\"query-input\":{\"@type\":\"PropertyValueSpecification\",\"valueRequired\":true,\"valueName\":\"search_term_string\"}}],\"inLanguage\":\"es\"},{\"@type\":\"Organization\",\"@id\":\"https:\/\/mapsly.com\/#organization\",\"name\":\"Mapsly\",\"url\":\"https:\/\/mapsly.com\/\",\"logo\":{\"@type\":\"ImageObject\",\"inLanguage\":\"es\",\"@id\":\"https:\/\/mapsly.com\/#\/schema\/logo\/image\/\",\"url\":\"https:\/\/mapsly.com\/wp-content\/uploads\/2025\/06\/Mapsly-Logo-2x-BIG.png\",\"contentUrl\":\"https:\/\/mapsly.com\/wp-content\/uploads\/2025\/06\/Mapsly-Logo-2x-BIG.png\",\"width\":280,\"height\":85,\"caption\":\"Mapsly\"},\"image\":{\"@id\":\"https:\/\/mapsly.com\/#\/schema\/logo\/image\/\"}}]}<\/script>\n<!-- \/ Yoast SEO plugin. -->","yoast_head_json":{"title":"L\u00edmites de uso y complementos - Mapsly","robots":{"index":"index","follow":"follow","max-snippet":"max-snippet:-1","max-image-preview":"max-image-preview:large","max-video-preview":"max-video-preview:-1"},"canonical":"https:\/\/mapsly.com\/es\/usage-limits-and-add-ons\/","og_locale":"es_ES","og_type":"article","og_title":"Usage Limits and Add-ons - Mapsly","og_description":"Learn how your Mapsly subscription adjusts to accommodate your usage of various Mapsly features Mapsly pricing plans impose standard limits on usage of routing, automation, API and territories that can be raised by upgrading to a higher plan or applying add-ons depending on the limit, as described below. Routing Limits (Daily) The maximum total number [&hellip;]","og_url":"https:\/\/mapsly.com\/es\/usage-limits-and-add-ons\/","og_site_name":"Mapsly","article_modified_time":"2025-10-19T20:57:18+00:00","twitter_card":"summary_large_image","twitter_misc":{"Tiempo de lectura":"3 minutos"},"schema":{"@context":"https:\/\/schema.org","@graph":[{"@type":"WebPage","@id":"https:\/\/mapsly.com\/zh\/usage-limits-and-add-ons\/","url":"https:\/\/mapsly.com\/zh\/usage-limits-and-add-ons\/","name":"L\u00edmites de uso y complementos - Mapsly","isPartOf":{"@id":"https:\/\/mapsly.com\/#website"},"datePublished":"2025-06-26T14:07:05+00:00","dateModified":"2025-10-19T20:57:18+00:00","breadcrumb":{"@id":"https:\/\/mapsly.com\/zh\/usage-limits-and-add-ons\/#breadcrumb"},"inLanguage":"es","potentialAction":[{"@type":"ReadAction","target":["https:\/\/mapsly.com\/zh\/usage-limits-and-add-ons\/"]}]},{"@type":"BreadcrumbList","@id":"https:\/\/mapsly.com\/zh\/usage-limits-and-add-ons\/#breadcrumb","itemListElement":[{"@type":"ListItem","position":1,"name":"Home","item":"https:\/\/mapsly.com\/"},{"@type":"ListItem","position":2,"name":"Usage Limits and Add-ons"}]},{"@type":"WebSite","@id":"https:\/\/mapsly.com\/#website","url":"https:\/\/mapsly.com\/","name":"Mapsly","description":"El mapa CRM definitivo","publisher":{"@id":"https:\/\/mapsly.com\/#organization"},"potentialAction":[{"@type":"SearchAction","target":{"@type":"EntryPoint","urlTemplate":"https:\/\/mapsly.com\/?s={search_term_string}"},"query-input":{"@type":"PropertyValueSpecification","valueRequired":true,"valueName":"search_term_string"}}],"inLanguage":"es"},{"@type":"Organization","@id":"https:\/\/mapsly.com\/#organization","name":"Mapsly","url":"https:\/\/mapsly.com\/","logo":{"@type":"ImageObject","inLanguage":"es","@id":"https:\/\/mapsly.com\/#\/schema\/logo\/image\/","url":"https:\/\/mapsly.com\/wp-content\/uploads\/2025\/06\/Mapsly-Logo-2x-BIG.png","contentUrl":"https:\/\/mapsly.com\/wp-content\/uploads\/2025\/06\/Mapsly-Logo-2x-BIG.png","width":280,"height":85,"caption":"Mapsly"},"image":{"@id":"https:\/\/mapsly.com\/#\/schema\/logo\/image\/"}}]}},"_links":{"self":[{"href":"https:\/\/mapsly.com\/es\/wp-json\/wp\/v2\/pages\/432","targetHints":{"allow":["GET"]}}],"collection":[{"href":"https:\/\/mapsly.com\/es\/wp-json\/wp\/v2\/pages"}],"about":[{"href":"https:\/\/mapsly.com\/es\/wp-json\/wp\/v2\/types\/page"}],"author":[{"embeddable":true,"href":"https:\/\/mapsly.com\/es\/wp-json\/wp\/v2\/users\/1"}],"replies":[{"embeddable":true,"href":"https:\/\/mapsly.com\/es\/wp-json\/wp\/v2\/comments?post=432"}],"version-history":[{"count":14,"href":"https:\/\/mapsly.com\/es\/wp-json\/wp\/v2\/pages\/432\/revisions"}],"predecessor-version":[{"id":22261,"href":"https:\/\/mapsly.com\/es\/wp-json\/wp\/v2\/pages\/432\/revisions\/22261"}],"wp:attachment":[{"href":"https:\/\/mapsly.com\/es\/wp-json\/wp\/v2\/media?parent=432"}],"curies":[{"name":"wp","href":"https:\/\/api.w.org\/{rel}","templated":true}]}}