{"id":346,"date":"2025-06-26T16:38:03","date_gmt":"2025-06-26T13:38:03","guid":{"rendered":"https:\/\/mapsly.com?page_id=346"},"modified":"2025-12-09T13:16:56","modified_gmt":"2025-12-09T10:16:56","slug":"sub-processors","status":"publish","type":"page","link":"https:\/\/mapsly.com\/es\/sub-processors\/","title":{"rendered":"Subprocesadores de Mapsly"},"content":{"rendered":"<div data-elementor-type=\"wp-page\" data-elementor-id=\"346\" class=\"elementor elementor-346\" data-elementor-post-type=\"page\">\n\t\t\t\t<div class=\"elementor-element elementor-element-7003a283 e-flex e-con-boxed e-con e-parent\" data-id=\"7003a283\" data-element_type=\"container\" data-e-type=\"container\">\n\t\t\t\t\t<div class=\"e-con-inner\">\n\t\t\t\t<div class=\"elementor-element elementor-element-44e21518 text-ed-subpr elementor-widget elementor-widget-text-editor\" data-id=\"44e21518\" data-element_type=\"widget\" data-e-type=\"widget\" data-widget_type=\"text-editor.default\">\n\t\t\t\t<div class=\"elementor-widget-container\">\n\t\t\t\t\t\t\t\t\t\n<p><em>\u00daltima actualizaci\u00f3n: 24 de octubre de 2023<\/em><\/p>\n\n\n\n<p>Esta p\u00e1gina proporciona informaci\u00f3n sobre los subprocesadores que Mapsly ha contratado de acuerdo con Mapsly <a href=\"\/es\/dpa\/\">Anexo de Procesamiento de Datos<\/a> (\"Mapsly DPA\") para realizar actividades de procesamiento sobre Datos de Clientes (seg\u00fan se definen en el Mapsly DPA) en nombre de los clientes. Los subprocesadores relevantes para un cliente individual depender\u00e1n de la funcionalidad particular de Mapsly que use el cliente.<\/p>\n\n\n\n<p>Mapsly actualizar\u00e1 esta p\u00e1gina al menos 30 d\u00edas antes de involucrar a un nuevo subprocesador. Si desea ser notificado por correo electr\u00f3nico sobre los cambios en esta p\u00e1gina, comun\u00edquese con nosotros en <strong>privacy@mapsly.com<\/strong>.<\/p>\n\n\n\n<figure class=\"wp-block-table\"><table><thead><tr><th><strong>Proveedor de servicios<\/strong><\/th><th><strong>Funcionalidad de Mapsly<\/strong><\/th><th><strong>Ubicaci\u00f3n del proveedor de servicios<\/strong><\/th><th><strong>Actividad de procesamiento<\/strong><\/th><\/tr><\/thead><tbody><tr><td>HERE North America, LLC<\/td><td>Enrutamiento, Navegaci\u00f3n<\/td><td>EE. UU.<\/td><td>Optimizaci\u00f3n de rutas, navegaci\u00f3n, geocodificaci\u00f3n<\/td><\/tr><tr><td>HubSpot, Inc.<\/td><td>\u2014<\/td><td>EE. UU.<\/td><td>Gesti\u00f3n de relaciones con clientes<\/td><\/tr><tr><td>Intercom, Inc.<\/td><td>Chatear con Mapsly<\/td><td>EE. UU.<\/td><td>Comunicaci\u00f3n mediante chat y correo electr\u00f3nico<\/td><\/tr><tr><td>Google, Inc.<\/td><td>Geocodificaci\u00f3n<\/td><td>EE. UU.<\/td><td>Geocodificaci\u00f3n, comunicaci\u00f3n por correo electr\u00f3nico, idiomas<\/td><\/tr><tr><td>LogRocket, Inc.<\/td><td>\u2014<\/td><td>EE. UU.<\/td><td>Monitoreo del rendimiento de la aplicaci\u00f3n y an\u00e1lisis de usuarios<\/td><\/tr><tr><td>Mailchimp, Inc.<\/td><td>\u2014<\/td><td>EE. UU.<\/td><td>Grabaci\u00f3n y transcripci\u00f3n de la reuni\u00f3n<\/td><\/tr><tr><td>Mapbox, Inc.<\/td><td>Geocodificaci\u00f3n<\/td><td>EE. UU.<\/td><td>Optimizaci\u00f3n de rutas, geocodificaci\u00f3n<\/td><\/tr><tr><td>Paddle.com, Inc.<\/td><td>Facturaci\u00f3n<\/td><td>EE. UU.<\/td><td>Procesamiento de tarjetas de cr\u00e9dito, Comerciante registrado<\/td><\/tr><tr><td>Rewatch, Inc.<\/td><td>\u2014<\/td><td>EE. UU.<\/td><td>Grabaci\u00f3n y transcripci\u00f3n de la reuni\u00f3n<\/td><\/tr><tr><td>Twilio Inc.<\/td><td>Mensajer\u00eda<\/td><td>EE. UU.<\/td><td>Comunicaci\u00f3n por SMS y correo electr\u00f3nico<\/td><\/tr><tr><td>Slack Inc.<\/td><td>\u2014<\/td><td>EE. UU.<\/td><td>Mensajer\u00eda interna de Mapsly<\/td><\/tr><tr><td>Stripe, Inc.<\/td><td>Facturaci\u00f3n<\/td><td>EE. UU.<\/td><td>Procesamiento de tarjetas de cr\u00e9dito<\/td><\/tr><\/tbody><\/table><\/figure>\n\t\t\t\t\t\t\t\t<\/div>\n\t\t\t\t<\/div>\n\t\t\t\t\t<\/div>\n\t\t\t\t<\/div>\n\t\t\t\t<\/div>","protected":false},"excerpt":{"rendered":"<p>\u00daltima actualizaci\u00f3n: 24 de octubre de 2023 Esta p\u00e1gina proporciona informaci\u00f3n sobre los subprocesadores que Mapsly ha contratado de acuerdo con el Anexo de Procesamiento de Datos de Mapsly (\"Mapsly DPA\") para realizar actividades de procesamiento sobre los Datos del Cliente (seg\u00fan se definen en el Mapsly DPA) en nombre de los clientes. Los subprocesadores relevantes para un cliente individual depender\u00e1n del Mapsly [...]<\/p>","protected":false},"author":1,"featured_media":0,"parent":0,"menu_order":0,"comment_status":"closed","ping_status":"closed","template":"","meta":{"_acf_changed":false,"footnotes":""},"class_list":["post-346","page","type-page","status-publish","hentry"],"acf":[],"yoast_head":"<!-- This site is optimized with the Yoast SEO plugin v26.6 - https:\/\/yoast.com\/wordpress\/plugins\/seo\/ -->\n<title>Mapsly Sub-Processors - Mapsly<\/title>\n<meta name=\"description\" content=\"This page provides information about the sub-processors that Mapsly has engaged in accordance with the Mapsly Data Processing Addendum (\u201cMapsly DPA\u201d) to provide processing activities on Customer Data (as defined in the Mapsly DPA) on behalf of customers. Sub-processors relevant to an individual customer will depend on the particular Mapsly functionality that the customer uses.\" \/>\n<meta name=\"robots\" content=\"index, follow, max-snippet:-1, max-image-preview:large, max-video-preview:-1\" \/>\n<link rel=\"canonical\" href=\"https:\/\/mapsly.com\/es\/sub-processors\/\" \/>\n<meta property=\"og:locale\" content=\"es_ES\" \/>\n<meta property=\"og:type\" content=\"article\" \/>\n<meta property=\"og:title\" content=\"Mapsly Sub-Processors - Mapsly\" \/>\n<meta property=\"og:description\" content=\"This page provides information about the sub-processors that Mapsly has engaged in accordance with the Mapsly Data Processing Addendum (\u201cMapsly DPA\u201d) to provide processing activities on Customer Data (as defined in the Mapsly DPA) on behalf of customers. Sub-processors relevant to an individual customer will depend on the particular Mapsly functionality that the customer uses.\" \/>\n<meta property=\"og:url\" content=\"https:\/\/mapsly.com\/es\/sub-processors\/\" \/>\n<meta property=\"og:site_name\" content=\"Mapsly\" \/>\n<meta property=\"article:modified_time\" content=\"2025-12-09T10:16:56+00:00\" \/>\n<meta name=\"twitter:card\" content=\"summary_large_image\" \/>\n<meta name=\"twitter:label1\" content=\"Tiempo de lectura\" \/>\n\t<meta name=\"twitter:data1\" content=\"1 minuto\" \/>\n<script type=\"application\/ld+json\" class=\"yoast-schema-graph\">{\"@context\":\"https:\/\/schema.org\",\"@graph\":[{\"@type\":\"WebPage\",\"@id\":\"https:\/\/mapsly.com\/fr\/sub-processors\/\",\"url\":\"https:\/\/mapsly.com\/fr\/sub-processors\/\",\"name\":\"Mapsly Sub-Processors - Mapsly\",\"isPartOf\":{\"@id\":\"https:\/\/mapsly.com\/#website\"},\"datePublished\":\"2025-06-26T13:38:03+00:00\",\"dateModified\":\"2025-12-09T10:16:56+00:00\",\"description\":\"This page provides information about the sub-processors that Mapsly has engaged in accordance with the Mapsly Data Processing Addendum (\u201cMapsly DPA\u201d) to provide processing activities on Customer Data (as defined in the Mapsly DPA) on behalf of customers. Sub-processors relevant to an individual customer will depend on the particular Mapsly functionality that the customer uses.\",\"breadcrumb\":{\"@id\":\"https:\/\/mapsly.com\/fr\/sub-processors\/#breadcrumb\"},\"inLanguage\":\"es\",\"potentialAction\":[{\"@type\":\"ReadAction\",\"target\":[\"https:\/\/mapsly.com\/fr\/sub-processors\/\"]}]},{\"@type\":\"BreadcrumbList\",\"@id\":\"https:\/\/mapsly.com\/fr\/sub-processors\/#breadcrumb\",\"itemListElement\":[{\"@type\":\"ListItem\",\"position\":1,\"name\":\"Home\",\"item\":\"https:\/\/mapsly.com\/\"},{\"@type\":\"ListItem\",\"position\":2,\"name\":\"Mapsly Sub-Processors\"}]},{\"@type\":\"WebSite\",\"@id\":\"https:\/\/mapsly.com\/#website\",\"url\":\"https:\/\/mapsly.com\/\",\"name\":\"Mapsly\",\"description\":\"The Ultimate CRM Map\",\"publisher\":{\"@id\":\"https:\/\/mapsly.com\/#organization\"},\"potentialAction\":[{\"@type\":\"SearchAction\",\"target\":{\"@type\":\"EntryPoint\",\"urlTemplate\":\"https:\/\/mapsly.com\/?s={search_term_string}\"},\"query-input\":{\"@type\":\"PropertyValueSpecification\",\"valueRequired\":true,\"valueName\":\"search_term_string\"}}],\"inLanguage\":\"es\"},{\"@type\":\"Organization\",\"@id\":\"https:\/\/mapsly.com\/#organization\",\"name\":\"Mapsly\",\"url\":\"https:\/\/mapsly.com\/\",\"logo\":{\"@type\":\"ImageObject\",\"inLanguage\":\"es\",\"@id\":\"https:\/\/mapsly.com\/#\/schema\/logo\/image\/\",\"url\":\"https:\/\/mapsly.com\/wp-content\/uploads\/2025\/06\/Mapsly-Logo-2x-BIG.png\",\"contentUrl\":\"https:\/\/mapsly.com\/wp-content\/uploads\/2025\/06\/Mapsly-Logo-2x-BIG.png\",\"width\":280,\"height\":85,\"caption\":\"Mapsly\"},\"image\":{\"@id\":\"https:\/\/mapsly.com\/#\/schema\/logo\/image\/\"}}]}<\/script>\n<!-- \/ Yoast SEO plugin. -->","yoast_head_json":{"title":"Subprocesadores de Mapsly - Mapsly","description":"Esta p\u00e1gina proporciona informaci\u00f3n sobre los subprocesadores que Mapsly ha contratado de acuerdo con el Anexo de Procesamiento de Datos de Mapsly (\u201cMapsly DPA\u201d) para realizar actividades de procesamiento de los Datos de Clientes (seg\u00fan se definen en el Mapsly DPA) en nombre de los clientes. Los subprocesadores relevantes para un cliente individual depender\u00e1n de la funcionalidad espec\u00edfica de Mapsly que el cliente utiliza.","robots":{"index":"index","follow":"follow","max-snippet":"max-snippet:-1","max-image-preview":"max-image-preview:large","max-video-preview":"max-video-preview:-1"},"canonical":"https:\/\/mapsly.com\/es\/sub-processors\/","og_locale":"es_ES","og_type":"article","og_title":"Mapsly Sub-Processors - Mapsly","og_description":"This page provides information about the sub-processors that Mapsly has engaged in accordance with the Mapsly Data Processing Addendum (\u201cMapsly DPA\u201d) to provide processing activities on Customer Data (as defined in the Mapsly DPA) on behalf of customers. Sub-processors relevant to an individual customer will depend on the particular Mapsly functionality that the customer uses.","og_url":"https:\/\/mapsly.com\/es\/sub-processors\/","og_site_name":"Mapsly","article_modified_time":"2025-12-09T10:16:56+00:00","twitter_card":"summary_large_image","twitter_misc":{"Tiempo de lectura":"1 minuto"},"schema":{"@context":"https:\/\/schema.org","@graph":[{"@type":"WebPage","@id":"https:\/\/mapsly.com\/fr\/sub-processors\/","url":"https:\/\/mapsly.com\/fr\/sub-processors\/","name":"Subprocesadores de Mapsly - Mapsly","isPartOf":{"@id":"https:\/\/mapsly.com\/#website"},"datePublished":"2025-06-26T13:38:03+00:00","dateModified":"2025-12-09T10:16:56+00:00","description":"Esta p\u00e1gina proporciona informaci\u00f3n sobre los subprocesadores que Mapsly ha contratado de acuerdo con el Anexo de Procesamiento de Datos de Mapsly (\u201cMapsly DPA\u201d) para realizar actividades de procesamiento de los Datos de Clientes (seg\u00fan se definen en el Mapsly DPA) en nombre de los clientes. Los subprocesadores relevantes para un cliente individual depender\u00e1n de la funcionalidad espec\u00edfica de Mapsly que el cliente utiliza.","breadcrumb":{"@id":"https:\/\/mapsly.com\/fr\/sub-processors\/#breadcrumb"},"inLanguage":"es","potentialAction":[{"@type":"ReadAction","target":["https:\/\/mapsly.com\/fr\/sub-processors\/"]}]},{"@type":"BreadcrumbList","@id":"https:\/\/mapsly.com\/fr\/sub-processors\/#breadcrumb","itemListElement":[{"@type":"ListItem","position":1,"name":"Home","item":"https:\/\/mapsly.com\/"},{"@type":"ListItem","position":2,"name":"Mapsly Sub-Processors"}]},{"@type":"WebSite","@id":"https:\/\/mapsly.com\/#website","url":"https:\/\/mapsly.com\/","name":"Mapsly","description":"El mapa CRM definitivo","publisher":{"@id":"https:\/\/mapsly.com\/#organization"},"potentialAction":[{"@type":"SearchAction","target":{"@type":"EntryPoint","urlTemplate":"https:\/\/mapsly.com\/?s={search_term_string}"},"query-input":{"@type":"PropertyValueSpecification","valueRequired":true,"valueName":"search_term_string"}}],"inLanguage":"es"},{"@type":"Organization","@id":"https:\/\/mapsly.com\/#organization","name":"Mapsly","url":"https:\/\/mapsly.com\/","logo":{"@type":"ImageObject","inLanguage":"es","@id":"https:\/\/mapsly.com\/#\/schema\/logo\/image\/","url":"https:\/\/mapsly.com\/wp-content\/uploads\/2025\/06\/Mapsly-Logo-2x-BIG.png","contentUrl":"https:\/\/mapsly.com\/wp-content\/uploads\/2025\/06\/Mapsly-Logo-2x-BIG.png","width":280,"height":85,"caption":"Mapsly"},"image":{"@id":"https:\/\/mapsly.com\/#\/schema\/logo\/image\/"}}]}},"_links":{"self":[{"href":"https:\/\/mapsly.com\/es\/wp-json\/wp\/v2\/pages\/346","targetHints":{"allow":["GET"]}}],"collection":[{"href":"https:\/\/mapsly.com\/es\/wp-json\/wp\/v2\/pages"}],"about":[{"href":"https:\/\/mapsly.com\/es\/wp-json\/wp\/v2\/types\/page"}],"author":[{"embeddable":true,"href":"https:\/\/mapsly.com\/es\/wp-json\/wp\/v2\/users\/1"}],"replies":[{"embeddable":true,"href":"https:\/\/mapsly.com\/es\/wp-json\/wp\/v2\/comments?post=346"}],"version-history":[{"count":8,"href":"https:\/\/mapsly.com\/es\/wp-json\/wp\/v2\/pages\/346\/revisions"}],"predecessor-version":[{"id":22246,"href":"https:\/\/mapsly.com\/es\/wp-json\/wp\/v2\/pages\/346\/revisions\/22246"}],"wp:attachment":[{"href":"https:\/\/mapsly.com\/es\/wp-json\/wp\/v2\/media?parent=346"}],"curies":[{"name":"wp","href":"https:\/\/api.w.org\/{rel}","templated":true}]}}