{"id":322,"date":"2025-06-26T16:32:52","date_gmt":"2025-06-26T13:32:52","guid":{"rendered":"https:\/\/mapsly.com?page_id=322"},"modified":"2025-12-16T14:31:35","modified_gmt":"2025-12-16T11:31:35","slug":"live-map-for-customer-portals","status":"publish","type":"page","link":"https:\/\/mapsly.com\/es\/live-map-for-customer-portals\/","title":{"rendered":"Mapa personalizado en vivo para portales de clientes"},"content":{"rendered":"<div data-elementor-type=\"wp-page\" data-elementor-id=\"322\" class=\"elementor elementor-322\" data-elementor-post-type=\"page\">\n\t\t\t\t\t\t<section class=\"elementor-section elementor-top-section elementor-element elementor-element-696fef4f elementor-section-boxed elementor-section-height-default elementor-section-height-default\" data-id=\"696fef4f\" data-element_type=\"section\" data-e-type=\"section\">\n\t\t\t\t\t\t<div class=\"elementor-container elementor-column-gap-default\">\n\t\t\t\t\t<div class=\"elementor-column elementor-col-100 elementor-top-column elementor-element elementor-element-52a9e462\" data-id=\"52a9e462\" data-element_type=\"column\" data-e-type=\"column\">\n\t\t\t<div class=\"elementor-widget-wrap elementor-element-populated\">\n\t\t\t\t\t\t<div class=\"elementor-element elementor-element-9677554 elementor-widget elementor-widget-heading\" data-id=\"9677554\" data-element_type=\"widget\" data-e-type=\"widget\" data-widget_type=\"heading.default\">\n\t\t\t\t<div class=\"elementor-widget-container\">\n\t\t\t\t\t<h2 class=\"elementor-heading-title elementor-size-default\">Ofrezca a sus clientes un mapa interactivo en vivo con registros asignados espec\u00edficamente a ellos. Env\u00edelo por enlace o agr\u00e9guelo a un portal de clientes.\n<\/h2>\t\t\t\t<\/div>\n\t\t\t\t<\/div>\n\t\t\t\t<div class=\"elementor-element elementor-element-29c03ef3 elementor-widget elementor-widget-text-editor\" data-id=\"29c03ef3\" data-element_type=\"widget\" data-e-type=\"widget\" data-widget_type=\"text-editor.default\">\n\t\t\t\t<div class=\"elementor-widget-container\">\n\t\t\t\t\t\t\t\t\t<p><span style=\"color: var( --e-global-color-text ); font-family: var( --e-global-typography-text-font-family ), Sans-serif; font-weight: var( --e-global-typography-text-font-weight ); letter-spacing: 0px;\">Usando Mapsly <\/span><a style=\"font-family: var( --e-global-typography-text-font-family ), Sans-serif; font-weight: var( --e-global-typography-text-font-weight ); background-color: #ffffff; letter-spacing: 0px;\" href=\"\/es\/shared-interactive-maps\/\">mapas compartidos<\/a><span style=\"color: var( --e-global-color-text ); font-family: var( --e-global-typography-text-font-family ), Sans-serif; font-weight: var( --e-global-typography-text-font-weight ); letter-spacing: 0px;\"> Con par\u00e1metros de URL, puede crear mapas interactivos personalizados con contenido adaptado individualmente para cada uno de sus clientes. Luego puede incrustar ese mapa en un portal de clientes, aplicaci\u00f3n web o m\u00f3vil, o enviarlo por correo electr\u00f3nico como un enlace.<\/span><\/p>\n<p><span style=\"color: var( --e-global-color-text ); font-family: var( --e-global-typography-text-font-family ), Sans-serif; font-weight: var( --e-global-typography-text-font-weight ); letter-spacing: 0px;\">Si a\u00fan no tienes un portal para clientes, puedes configurarlo en 10 minutos usando <\/span><a style=\"font-family: var( --e-global-typography-text-font-family ), Sans-serif; font-weight: var( --e-global-typography-text-font-weight ); letter-spacing: 0px; background-color: #ffffff;\" href=\"https:\/\/www.zoho.com\/creator\/online-customer-portal\/\">Portal de Zoho Creator<\/a><span style=\"color: var( --e-global-color-text ); font-family: var( --e-global-typography-text-font-family ), Sans-serif; font-weight: var( --e-global-typography-text-font-weight ); letter-spacing: 0px;\"> con solo unas pocas l\u00edneas de c\u00f3digo proporcionadas en nuestra gu\u00eda, o una soluci\u00f3n similar de portal para clientes.<\/span><\/p>\n<p><span style=\"color: var( --e-global-color-text ); font-family: var( --e-global-typography-text-font-family ), Sans-serif; font-weight: var( --e-global-typography-text-font-weight ); letter-spacing: 0px;\">Tambi\u00e9n puede a\u00f1adir botones y formularios a sus objetos en el mapa para permitir que sus clientes soliciten ver una propiedad y realicen cualquier otro proceso que se pueda implementar con <\/span><a style=\"font-family: var( --e-global-typography-text-font-family ), Sans-serif; font-weight: var( --e-global-typography-text-font-weight ); letter-spacing: 0px; background-color: #ffffff;\" href=\"\/es\/automation\/\">Suite de automatizaci\u00f3n Mapsly<\/a><span style=\"color: var( --e-global-color-text ); font-family: var( --e-global-typography-text-font-family ), Sans-serif; font-weight: var( --e-global-typography-text-font-weight ); letter-spacing: 0px;\">. Todas las funciones de Mapsly, excepto el enrutamiento y la prospecci\u00f3n, se pueden habilitar en estos mapas personalizados.<\/span><\/p>\n<h2 class=\"has-text-align-center\">Ejemplo: mapa personalizado con propiedades asignadas a un cliente de una agencia inmobiliaria<\/h2>\n<p><span style=\"color: var( --e-global-color-text ); font-family: var( --e-global-typography-text-font-family ), Sans-serif; font-weight: var( --e-global-typography-text-font-weight ); letter-spacing: 0px;\">Para entender mejor qu\u00e9 es un mapa personalizado, estudiemos un ejemplo de una agencia inmobiliaria que guarda informaci\u00f3n sobre sus propiedades y clientes en el <\/span><strong style=\"font-family: var( --e-global-typography-text-font-family ), Sans-serif; letter-spacing: 0px;\">Propiedades <\/strong><span style=\"color: var( --e-global-color-text ); font-family: var( --e-global-typography-text-font-family ), Sans-serif; font-weight: var( --e-global-typography-text-font-weight ); letter-spacing: 0px;\">y <\/span><strong style=\"font-family: var( --e-global-typography-text-font-family ), Sans-serif; letter-spacing: 0px;\">Clientes<\/strong><span style=\"color: var( --e-global-color-text ); font-family: var( --e-global-typography-text-font-family ), Sans-serif; font-weight: var( --e-global-typography-text-font-weight ); letter-spacing: 0px;\"> Objetos CRM (m\u00f3dulos). Cuando un nuevo cliente llega y expresa su inter\u00e9s en propiedades con atributos espec\u00edficos (tipo, rango de precio, ubicaci\u00f3n, etc.), la agencia quiere poder asignar propiedades que coincidan con esos atributos al cliente, y ofrecer a los clientes acceso a un portal con el mapa donde puedan ver estas propiedades y solicitar visitas. A medida que los ejecutivos de cuenta asignan m\u00e1s propiedades a los clientes y eliminan dichas asignaciones, el mapa del cliente deber\u00eda actualizarse autom\u00e1ticamente.<\/span><\/p>\n<p><span style=\"color: var( --e-global-color-text ); font-family: var( --e-global-typography-text-font-family ), Sans-serif; font-weight: var( --e-global-typography-text-font-weight ); letter-spacing: 0px;\">Tenga en cuenta que tambi\u00e9n es posible automatizar tales asignaciones con <\/span><a style=\"font-family: var( --e-global-typography-text-font-family ), Sans-serif; font-weight: var( --e-global-typography-text-font-weight ); letter-spacing: 0px; background-color: #ffffff;\" href=\"https:\/\/mapsly.com\/es\/automation\/\">Suite de automatizaci\u00f3n Mapsly<\/a><span style=\"color: var( --e-global-color-text ); font-family: var( --e-global-typography-text-font-family ), Sans-serif; font-weight: var( --e-global-typography-text-font-weight ); letter-spacing: 0px;\"> y su <\/span><a style=\"font-family: var( --e-global-typography-text-font-family ), Sans-serif; font-weight: var( --e-global-typography-text-font-weight ); letter-spacing: 0px; background-color: #ffffff;\" href=\"https:\/\/mapsly.com\/es\/match-records\/\"><em>Coincidir registros<\/em> acci\u00f3n<\/a><span style=\"color: var( --e-global-color-text ); font-family: var( --e-global-typography-text-font-family ), Sans-serif; font-weight: var( --e-global-typography-text-font-weight ); letter-spacing: 0px;\">. Por ejemplo,<\/span><\/p>\n<ul>\n<li>cuando un nuevo <strong>cliente<\/strong> se agrega al CRM, Mapsly puede encontrar autom\u00e1ticamente todas las propiedades que coinciden con las preferencias del cliente, incluyendo la distancia m\u00e1xima de conducci\u00f3n, asignarlas al cliente y enviar por correo electr\u00f3nico la lista de las propiedades reci\u00e9n asignadas al cliente y a su ejecutivo de cuenta.<\/li>\n<li>tambi\u00e9n, cuando un nuevo <strong>propiedad <\/strong>se a\u00f1ade al CRM, Mapsly puede encontrar autom\u00e1ticamente a todos los clientes cuyas preferencias coinciden con la propiedad, asign\u00e1rsela y notificarles al respecto.<\/li>\n<\/ul>\n<p>En este ejemplo, <em>Propiedades <\/em>y <em>Clientes <\/em>pueden ser cualquier otro objeto, est\u00e1ndar o personalizado, ya que Mapsly funciona de la misma manera con todos los campos y todos los objetos de su fuente de datos, sin importar si es un CRM, una hoja de c\u00e1lculo o un sistema de TI personalizado conectado a Mapsly con su API.<\/p>\n<figure class=\"wp-block-pullquote\">\n<blockquote>\n<p>El equipo de implementaci\u00f3n de Mapsly construir\u00e1 todo el proceso en Mapsly, <br \/>para que puedas centrarte en tu negocio. <br \/><a href=\"https:\/\/calendly.com\/mapsly-meeting\/quick-demo\" target=\"_blank\" rel=\"noopener\">Programa una llamada web hoy<\/a>.<\/p>\n<p><cite>O preg\u00fantanos cualquier cosa en el chat, siempre estamos en l\u00ednea<\/cite><\/p>\n<\/blockquote>\n<\/figure>\n<h2 id=\"block-2c1baa7e-e262-4b46-baad-5aa9afcc4c6a\">Demostraci\u00f3n: portal del cliente con mapa personalizado<\/h2>\n<p id=\"block-14dbae5b-e5d6-48ba-af7c-5958d28d47c8\">Un mapa personalizado se puede incrustar en cualquier soluci\u00f3n de portal. En este ejemplo, se agrega un mapa a un portal de clientes <a href=\"http:\/\/help.mapsly.com\/articles\/5489056?_ga=2.242671814.536852451.1632143928-264234993.1632143928\">construido<\/a><a href=\"https:\/\/help.mapsly.com\/articles\/5489056?_ga=2.242671814.536852451.1632143928-264234993.1632143928\"> en 10 minutos con Zoho Creator Portal<\/a>, disponible tanto como aplicaci\u00f3n web como aplicaci\u00f3n m\u00f3vil.<\/p>\n<p id=\"block-13b00ada-c55d-4c47-b9f2-c6e474068a11\">Cuando un <em>Cliente<\/em> Cuando se a\u00f1ade un registro a un CRM, Mapsly genera autom\u00e1ticamente un enlace de mapa personalizado firmado que muestra los registros de Propiedades asignados a ese cliente en particular y registra al cliente en el Portal. Cuando el cliente inicia sesi\u00f3n en el Portal con su correo electr\u00f3nico, ve el mapa en la p\u00e1gina de Mapa. Adem\u00e1s de poder hacer clic en los marcadores del mapa para ver los datos de los registros, el cliente puede presionar Programar visita en el popup del mapa para realizar una solicitud de visita a la propiedad que Mapsly crear\u00e1 como un registro en el CRM.<\/p>\n<div class=\"wp-block-buttons is-content-justification-center\">\n<p><\/p>\n<div class=\"wp-block-button is-style-fill\"><a class=\"wp-block-button__link\" href=\"https:\/\/sampleco.zohocreatorportal.com\/\" target=\"_blank\" rel=\"noreferrer noopener\">Ir al portal de cliente de demostraci\u00f3n <\/a><\/div>\n<p>\u00a0<\/p>\n<\/div>\n<h2 id=\"block-b7db5c57-94d7-47a4-83e2-ef6785da617f\">\u00a0<\/h2>\n<h2 id=\"block-b7db5c57-94d7-47a4-83e2-ef6785da617f\">Aprender m\u00e1s<\/h2>\n<p id=\"block-1616fc2d-8f84-479f-a38a-17167c194b5e\"><a href=\"https:\/\/help.mapsly.com\/articles\/5386021?_ga=2.242671814.536852451.1632143928-264234993.1632143928\">Gu\u00eda paso a paso: crea un mapa personalizado accesible mediante enlace<\/a>.<\/p>\n<p id=\"block-212896f6-6f5d-4f91-bf76-4ba3c525873d\"><a href=\"https:\/\/help.mapsly.com\/articles\/5489056\">Gu\u00eda paso a paso: configura un portal de Zoho Creator con un mapa personalizado en 10 minutos<\/a>.<\/p>\n<p id=\"block-fe4a3f79-ae6e-4060-a68d-a1b659a4f13b\"><a href=\"https:\/\/help.mapsly.com\/articles\/5510049\">Gu\u00eda paso a paso: configure el registro autom\u00e1tico de sus clientes en su portal de clientes Zoho Creator<\/a>.<\/p>\n<h2 id=\"block-7d350572-49a2-446c-bb78-a5aac951bd82\">Reserva una demo en vivo con un ingeniero de soluciones<\/h2>\n<p id=\"block-8d3a951b-e56e-4b21-bd43-06506e23e630\"><a href=\"https:\/\/calendly.com\/mapsly-meeting\/quick-demo\">Programa una llamada web con un ingeniero de Mapsly<\/a> para discutir su caso de uso en detalle y configurar su cuenta de Mapsly y mapas compartidos.<\/p>\n<p id=\"block-8d3a951b-e56e-4b21-bd43-06506e23e630\">\u00a0<\/p>\t\t\t\t\t\t\t\t<\/div>\n\t\t\t\t<\/div>\n\t\t\t\t\t<\/div>\n\t\t<\/div>\n\t\t\t\t\t<\/div>\n\t\t<\/section>\n\t\t\t\t<\/div>","protected":false},"excerpt":{"rendered":"<p>Ofrezca a sus clientes un mapa interactivo en vivo con registros asignados espec\u00edficamente para ellos. Env\u00edelo por enlace o agr\u00e9guelo a un portal de clientes. Usando los mapas compartidos de Mapsly con par\u00e1metros de URL, puede crear mapas interactivos personalizados con contenido adaptado individualmente para cada uno de sus clientes. Luego puede incrustar dicho mapa en un [&hellip;]<\/p>","protected":false},"author":1,"featured_media":0,"parent":0,"menu_order":0,"comment_status":"closed","ping_status":"closed","template":"","meta":{"_acf_changed":false,"footnotes":""},"class_list":["post-322","page","type-page","status-publish","hentry"],"acf":[],"yoast_head":"<!-- This site is optimized with the Yoast SEO plugin v26.6 - https:\/\/yoast.com\/wordpress\/plugins\/seo\/ -->\n<title>Live Personalized Map for Customer Portals - Mapsly<\/title>\n<meta name=\"description\" content=\"Offer your clients a live interactive map with records assigned specifically to them. Send it by link or add to a customer portal.\" \/>\n<meta name=\"robots\" content=\"index, follow, max-snippet:-1, max-image-preview:large, max-video-preview:-1\" \/>\n<link rel=\"canonical\" href=\"https:\/\/mapsly.com\/es\/live-map-for-customer-portals\/\" \/>\n<meta property=\"og:locale\" content=\"es_ES\" \/>\n<meta property=\"og:type\" content=\"article\" \/>\n<meta property=\"og:title\" content=\"Live Personalized Map for Customer Portals - Mapsly\" \/>\n<meta property=\"og:description\" content=\"Offer your clients a live interactive map with records assigned specifically to them. Send it by link or add to a customer portal.\" \/>\n<meta property=\"og:url\" content=\"https:\/\/mapsly.com\/es\/live-map-for-customer-portals\/\" \/>\n<meta property=\"og:site_name\" content=\"Mapsly\" \/>\n<meta property=\"article:modified_time\" content=\"2025-12-16T11:31:35+00:00\" \/>\n<meta name=\"twitter:card\" content=\"summary_large_image\" \/>\n<meta name=\"twitter:label1\" content=\"Tiempo de lectura\" \/>\n\t<meta name=\"twitter:data1\" content=\"3 minutos\" \/>\n<script type=\"application\/ld+json\" class=\"yoast-schema-graph\">{\"@context\":\"https:\/\/schema.org\",\"@graph\":[{\"@type\":\"WebPage\",\"@id\":\"https:\/\/mapsly.com\/live-map-for-customer-portals\/\",\"url\":\"https:\/\/mapsly.com\/live-map-for-customer-portals\/\",\"name\":\"Live Personalized Map for Customer Portals - Mapsly\",\"isPartOf\":{\"@id\":\"https:\/\/mapsly.com\/#website\"},\"datePublished\":\"2025-06-26T13:32:52+00:00\",\"dateModified\":\"2025-12-16T11:31:35+00:00\",\"description\":\"Offer your clients a live interactive map with records assigned specifically to them. Send it by link or add to a customer portal.\",\"breadcrumb\":{\"@id\":\"https:\/\/mapsly.com\/live-map-for-customer-portals\/#breadcrumb\"},\"inLanguage\":\"es\",\"potentialAction\":[{\"@type\":\"ReadAction\",\"target\":[\"https:\/\/mapsly.com\/live-map-for-customer-portals\/\"]}]},{\"@type\":\"BreadcrumbList\",\"@id\":\"https:\/\/mapsly.com\/live-map-for-customer-portals\/#breadcrumb\",\"itemListElement\":[{\"@type\":\"ListItem\",\"position\":1,\"name\":\"Home\",\"item\":\"https:\/\/mapsly.com\/\"},{\"@type\":\"ListItem\",\"position\":2,\"name\":\"Live Personalized Map for Customer Portals\"}]},{\"@type\":\"WebSite\",\"@id\":\"https:\/\/mapsly.com\/#website\",\"url\":\"https:\/\/mapsly.com\/\",\"name\":\"Mapsly\",\"description\":\"The Ultimate CRM Map\",\"publisher\":{\"@id\":\"https:\/\/mapsly.com\/#organization\"},\"potentialAction\":[{\"@type\":\"SearchAction\",\"target\":{\"@type\":\"EntryPoint\",\"urlTemplate\":\"https:\/\/mapsly.com\/?s={search_term_string}\"},\"query-input\":{\"@type\":\"PropertyValueSpecification\",\"valueRequired\":true,\"valueName\":\"search_term_string\"}}],\"inLanguage\":\"es\"},{\"@type\":\"Organization\",\"@id\":\"https:\/\/mapsly.com\/#organization\",\"name\":\"Mapsly\",\"url\":\"https:\/\/mapsly.com\/\",\"logo\":{\"@type\":\"ImageObject\",\"inLanguage\":\"es\",\"@id\":\"https:\/\/mapsly.com\/#\/schema\/logo\/image\/\",\"url\":\"https:\/\/mapsly.com\/wp-content\/uploads\/2025\/06\/Mapsly-Logo-2x-BIG.png\",\"contentUrl\":\"https:\/\/mapsly.com\/wp-content\/uploads\/2025\/06\/Mapsly-Logo-2x-BIG.png\",\"width\":280,\"height\":85,\"caption\":\"Mapsly\"},\"image\":{\"@id\":\"https:\/\/mapsly.com\/#\/schema\/logo\/image\/\"}}]}<\/script>\n<!-- \/ Yoast SEO plugin. -->","yoast_head_json":{"title":"Mapa Personalizado en Vivo para Portales de Clientes - Mapsly","description":"Ofrezca a sus clientes un mapa interactivo en vivo con registros asignados espec\u00edficamente a ellos. Env\u00edelo por enlace o agr\u00e9guelo a un portal de clientes.","robots":{"index":"index","follow":"follow","max-snippet":"max-snippet:-1","max-image-preview":"max-image-preview:large","max-video-preview":"max-video-preview:-1"},"canonical":"https:\/\/mapsly.com\/es\/live-map-for-customer-portals\/","og_locale":"es_ES","og_type":"article","og_title":"Live Personalized Map for Customer Portals - Mapsly","og_description":"Offer your clients a live interactive map with records assigned specifically to them. Send it by link or add to a customer portal.","og_url":"https:\/\/mapsly.com\/es\/live-map-for-customer-portals\/","og_site_name":"Mapsly","article_modified_time":"2025-12-16T11:31:35+00:00","twitter_card":"summary_large_image","twitter_misc":{"Tiempo de lectura":"3 minutos"},"schema":{"@context":"https:\/\/schema.org","@graph":[{"@type":"WebPage","@id":"https:\/\/mapsly.com\/live-map-for-customer-portals\/","url":"https:\/\/mapsly.com\/live-map-for-customer-portals\/","name":"Mapa Personalizado en Vivo para Portales de Clientes - Mapsly","isPartOf":{"@id":"https:\/\/mapsly.com\/#website"},"datePublished":"2025-06-26T13:32:52+00:00","dateModified":"2025-12-16T11:31:35+00:00","description":"Ofrezca a sus clientes un mapa interactivo en vivo con registros asignados espec\u00edficamente a ellos. Env\u00edelo por enlace o agr\u00e9guelo a un portal de clientes.","breadcrumb":{"@id":"https:\/\/mapsly.com\/live-map-for-customer-portals\/#breadcrumb"},"inLanguage":"es","potentialAction":[{"@type":"ReadAction","target":["https:\/\/mapsly.com\/live-map-for-customer-portals\/"]}]},{"@type":"BreadcrumbList","@id":"https:\/\/mapsly.com\/live-map-for-customer-portals\/#breadcrumb","itemListElement":[{"@type":"ListItem","position":1,"name":"Home","item":"https:\/\/mapsly.com\/"},{"@type":"ListItem","position":2,"name":"Live Personalized Map for Customer Portals"}]},{"@type":"WebSite","@id":"https:\/\/mapsly.com\/#website","url":"https:\/\/mapsly.com\/","name":"Mapsly","description":"El mapa CRM definitivo","publisher":{"@id":"https:\/\/mapsly.com\/#organization"},"potentialAction":[{"@type":"SearchAction","target":{"@type":"EntryPoint","urlTemplate":"https:\/\/mapsly.com\/?s={search_term_string}"},"query-input":{"@type":"PropertyValueSpecification","valueRequired":true,"valueName":"search_term_string"}}],"inLanguage":"es"},{"@type":"Organization","@id":"https:\/\/mapsly.com\/#organization","name":"Mapsly","url":"https:\/\/mapsly.com\/","logo":{"@type":"ImageObject","inLanguage":"es","@id":"https:\/\/mapsly.com\/#\/schema\/logo\/image\/","url":"https:\/\/mapsly.com\/wp-content\/uploads\/2025\/06\/Mapsly-Logo-2x-BIG.png","contentUrl":"https:\/\/mapsly.com\/wp-content\/uploads\/2025\/06\/Mapsly-Logo-2x-BIG.png","width":280,"height":85,"caption":"Mapsly"},"image":{"@id":"https:\/\/mapsly.com\/#\/schema\/logo\/image\/"}}]}},"_links":{"self":[{"href":"https:\/\/mapsly.com\/es\/wp-json\/wp\/v2\/pages\/322","targetHints":{"allow":["GET"]}}],"collection":[{"href":"https:\/\/mapsly.com\/es\/wp-json\/wp\/v2\/pages"}],"about":[{"href":"https:\/\/mapsly.com\/es\/wp-json\/wp\/v2\/types\/page"}],"author":[{"embeddable":true,"href":"https:\/\/mapsly.com\/es\/wp-json\/wp\/v2\/users\/1"}],"replies":[{"embeddable":true,"href":"https:\/\/mapsly.com\/es\/wp-json\/wp\/v2\/comments?post=322"}],"version-history":[{"count":18,"href":"https:\/\/mapsly.com\/es\/wp-json\/wp\/v2\/pages\/322\/revisions"}],"predecessor-version":[{"id":25120,"href":"https:\/\/mapsly.com\/es\/wp-json\/wp\/v2\/pages\/322\/revisions\/25120"}],"wp:attachment":[{"href":"https:\/\/mapsly.com\/es\/wp-json\/wp\/v2\/media?parent=322"}],"curies":[{"name":"wp","href":"https:\/\/api.w.org\/{rel}","templated":true}]}}